{"id":36990,"date":"2024-10-18T11:27:02","date_gmt":"2024-10-21T12:51:03","guid":{"rendered":"https:\/\/naturalpoland.com\/produkty\/neza\u0159azen\u00e9\/citronelovy-olej\/"},"modified":"2024-10-21T14:51:03","modified_gmt":"2024-10-21T12:51:03","slug":"citronelovy-olej","status":"publish","type":"product","link":"https:\/\/naturalpoland.com\/cs\/produkty\/produkty-pro-kosmeticky-prumysl\/esencialni-oleje\/citronelovy-olej\/","title":{"rendered":"Citronelov\u00fd olej"},"content":{"rendered":"<h2>Vlastnosti<\/h2>\n<p>Citronelov\u00fd olej m\u00e1 sv\u011b\u017e\u00ed citrusovou v\u016fni s jemn\u00fdmi d\u0159evit\u00fdmi t\u00f3ny, kter\u00e1 p\u016fsob\u00ed nejen jako p\u0159\u00edrodn\u00ed repelent, ale tak\u00e9 jako \u00fa\u010dinn\u00fd terapeutick\u00fd prost\u0159edek ve zdravotnictv\u00ed a kosmetice. Nejd\u016fle\u017eit\u011bj\u0161\u00ed \u00fa\u010dinn\u00e9 l\u00e1tky obsa\u017een\u00e9 v citronelov\u00e9m oleji<\/p>\n<ul>\n<li><strong>Citronellal<\/strong><\/li>\n<li><strong>Citronellol<\/strong><\/li>\n<li><strong>Geraniol<\/strong><\/li>\n<\/ul>\n<p>Tyto slo\u017eky jsou zodpov\u011bdn\u00e9 za jeho antibakteri\u00e1ln\u00ed a protipl\u00eds\u0148ov\u00e9 vlastnosti, odpuzuj\u00ed hmyz a dod\u00e1vaj\u00ed mu sv\u011b\u017e\u00ed, energizuj\u00edc\u00ed v\u016fni.<\/p>\n<h2>Pou\u017eit\u00ed:<\/h2>\n<p>Citronelov\u00fd olej je jedn\u00edm z nejobl\u00edben\u011bj\u0161\u00edch p\u0159\u00edrodn\u00edch repelent\u016f<strong>,<\/strong> zejm\u00e9na proti kom\u00e1r\u016fm. D\u00edky sv\u00fdm siln\u00fdm repelentn\u00edm vlastnostem se pou\u017e\u00edv\u00e1 v r\u016fzn\u00fdch v\u00fdrobc\u00edch, jako jsou sv\u00ed\u010dky, spreje, ple\u0165ov\u00e9 vody nebo t\u011blov\u00e9 oleje, kter\u00e9 \u00fa\u010dinn\u011b odpuzuj\u00ed hmyz v interi\u00e9ru i exteri\u00e9ru. D\u00edky sv\u00fdm antiseptick\u00fdm vlastnostem je \u00fa\u010dinn\u00fd tak\u00e9 proti bakteri\u00edm a pl\u00edsn\u00edm. Lze jej pou\u017e\u00edt k <strong>dezinfekci ran<\/strong> a jako slo\u017eku v p\u0159\u00edpravc\u00edch pro<strong> p\u00e9\u010di o poko\u017eku<\/strong> n\u00e1chylnou k bakteri\u00e1ln\u00edm nebo pl\u00eds\u0148ov\u00fdm infekc\u00edm. Pou\u017e\u00edv\u00e1 se tak\u00e9 v p\u0159\u00edpravc\u00edch pro \u00fastn\u00ed hygienu na podporu zdrav\u00ed d\u00e1sn\u00ed a osv\u011b\u017een\u00ed dechu. Citronelov\u00fd olej lze po spr\u00e1vn\u00e9m na\u0159ed\u011bn\u00ed v nosn\u00e9m oleji pou\u017e\u00edt tak\u00e9 k <strong>mas\u00e1\u017e\u00edm<\/strong>, kter\u00e9 uvol\u0148uj\u00ed svalov\u00e9 nap\u011bt\u00ed a zlep\u0161uj\u00ed krevn\u00ed ob\u011bh. <strong>Inhalace<\/strong> s n\u00edm zase pom\u00e1haj\u00ed pro\u010distit d\u00fdchac\u00ed cesty a zm\u00edr\u0148uj\u00ed p\u0159\u00edznaky nachlazen\u00ed, ka\u0161le nebo infekc\u00ed horn\u00edch cest d\u00fdchac\u00edch. Citronelov\u00fd olej, stejn\u011b jako ka\u017ed\u00fd vysoce koncentrovan\u00fd esenci\u00e1ln\u00ed olej, je t\u0159eba pou\u017e\u00edvat opatrn\u011b. Doporu\u010duje se vyhnout se kontaktu s o\u010dima a sliznicemi. \u010cist\u00fd olej neaplikujte p\u0159\u00edmo na poko\u017eku &#8211; v\u017edy by m\u011bl b\u00fdt z\u0159ed\u011bn v nosn\u00e9m oleji. <\/p>\n","protected":false},"excerpt":{"rendered":"<p><strong>Esenci\u00e1ln\u00ed olej z citronely<\/strong><em>(Cymbopogon winterianus<\/em>) je zn\u00e1m\u00fd tak\u00e9 jako citronelov\u00fd olej z tr\u00e1vy. Je to jeden z nejuniverz\u00e1ln\u011bj\u0161\u00edch a nejuzn\u00e1van\u011bj\u0161\u00edch \u00e9terick\u00fdch olej\u016f, zejm\u00e9na pro sv\u00e9 siln\u00e9 odpuzuj\u00edc\u00ed vlastnosti v\u016f\u010di hmyzu. Z\u00edsk\u00e1v\u00e1 se parn\u00ed destilac\u00ed \u010derstv\u00fdch list\u016f citronelov\u00e9 tr\u00e1vy.  <\/p>\n","protected":false},"featured_media":36851,"template":"","meta":[],"product_brand":[],"product_cat":[6262],"product_tag":[],"class_list":{"0":"post-36990","1":"product","2":"type-product","3":"status-publish","4":"has-post-thumbnail","6":"product_cat-esencialni-oleje","8":"first","9":"instock","10":"shipping-taxable","11":"product-type-simple"},"yoast_head":"<!-- This site is optimized with the Yoast SEO plugin v27.4 - https:\/\/yoast.com\/product\/yoast-seo-wordpress\/ -->\n<title>Citronelov\u00fd olej - NATURAL POLAND - Velkoobchodn\u00ed distributor surovin<\/title>\n<meta name=\"description\" content=\"Citronelov\u00fd olej m\u00e1 sv\u011b\u017e\u00ed citrusovou v\u016fni s jemn\u00fdmi d\u0159evit\u00fdmi t\u00f3ny, kter\u00e1 p\u016fsob\u00ed jako l\u00e9\u010debn\u00fd prost\u0159edek p\u0159i zdravotn\u00edch aplikac\u00edch.\" \/>\n<meta name=\"robots\" content=\"index, follow, max-snippet:-1, max-image-preview:large, max-video-preview:-1\" \/>\n<link rel=\"canonical\" href=\"https:\/\/naturalpoland.com\/cs\/produkty\/produkty-pro-kosmeticky-prumysl\/esencialni-oleje\/citronelovy-olej\/\" \/>\n<meta property=\"og:locale\" content=\"cs_CZ\" \/>\n<meta property=\"og:type\" content=\"article\" \/>\n<meta property=\"og:title\" content=\"Citronelov\u00fd olej - NATURAL POLAND - Velkoobchodn\u00ed distributor surovin\" \/>\n<meta property=\"og:description\" content=\"Citronelov\u00fd olej m\u00e1 sv\u011b\u017e\u00ed citrusovou v\u016fni s jemn\u00fdmi d\u0159evit\u00fdmi t\u00f3ny, kter\u00e1 p\u016fsob\u00ed jako l\u00e9\u010debn\u00fd prost\u0159edek p\u0159i zdravotn\u00edch aplikac\u00edch.\" \/>\n<meta property=\"og:url\" content=\"https:\/\/naturalpoland.com\/cs\/produkty\/produkty-pro-kosmeticky-prumysl\/esencialni-oleje\/citronelovy-olej\/\" \/>\n<meta property=\"og:site_name\" content=\"NATURAL POLAND - Velkoobchodn\u00ed distributor surovin\" \/>\n<meta property=\"article:publisher\" content=\"https:\/\/www.facebook.com\/naturalpoland.b2b\" \/>\n<meta property=\"og:image\" content=\"https:\/\/naturalpoland.com\/wp-content\/uploads\/olejek-eteryczny-citronella.webp\" \/>\n\t<meta property=\"og:image:width\" content=\"619\" \/>\n\t<meta property=\"og:image:height\" content=\"619\" \/>\n\t<meta property=\"og:image:type\" content=\"image\/webp\" \/>\n<script type=\"application\/ld+json\" class=\"yoast-schema-graph\">{\"@context\":\"https:\\\/\\\/schema.org\",\"@graph\":[{\"@type\":\"WebPage\",\"@id\":\"https:\\\/\\\/naturalpoland.com\\\/cs\\\/produkty\\\/produkty-pro-kosmeticky-prumysl\\\/esencialni-oleje\\\/citronelovy-olej\\\/\",\"url\":\"https:\\\/\\\/naturalpoland.com\\\/cs\\\/produkty\\\/produkty-pro-kosmeticky-prumysl\\\/esencialni-oleje\\\/citronelovy-olej\\\/\",\"name\":\"Citronelov\u00fd olej - NATURAL POLAND - Velkoobchodn\u00ed distributor surovin\",\"isPartOf\":{\"@id\":\"https:\\\/\\\/naturalpoland.com\\\/cs\\\/#website\"},\"primaryImageOfPage\":{\"@id\":\"https:\\\/\\\/naturalpoland.com\\\/cs\\\/produkty\\\/produkty-pro-kosmeticky-prumysl\\\/esencialni-oleje\\\/citronelovy-olej\\\/#primaryimage\"},\"image\":{\"@id\":\"https:\\\/\\\/naturalpoland.com\\\/cs\\\/produkty\\\/produkty-pro-kosmeticky-prumysl\\\/esencialni-oleje\\\/citronelovy-olej\\\/#primaryimage\"},\"thumbnailUrl\":\"https:\\\/\\\/naturalpoland.com\\\/wp-content\\\/uploads\\\/olejek-eteryczny-citronella.webp\",\"datePublished\":\"2024-10-21T12:51:03+00:00\",\"description\":\"Citronelov\u00fd olej m\u00e1 sv\u011b\u017e\u00ed citrusovou v\u016fni s jemn\u00fdmi d\u0159evit\u00fdmi t\u00f3ny, kter\u00e1 p\u016fsob\u00ed jako l\u00e9\u010debn\u00fd prost\u0159edek p\u0159i zdravotn\u00edch aplikac\u00edch.\",\"breadcrumb\":{\"@id\":\"https:\\\/\\\/naturalpoland.com\\\/cs\\\/produkty\\\/produkty-pro-kosmeticky-prumysl\\\/esencialni-oleje\\\/citronelovy-olej\\\/#breadcrumb\"},\"inLanguage\":\"cs\",\"potentialAction\":[{\"@type\":\"ReadAction\",\"target\":[\"https:\\\/\\\/naturalpoland.com\\\/cs\\\/produkty\\\/produkty-pro-kosmeticky-prumysl\\\/esencialni-oleje\\\/citronelovy-olej\\\/\"]}]},{\"@type\":\"ImageObject\",\"inLanguage\":\"cs\",\"@id\":\"https:\\\/\\\/naturalpoland.com\\\/cs\\\/produkty\\\/produkty-pro-kosmeticky-prumysl\\\/esencialni-oleje\\\/citronelovy-olej\\\/#primaryimage\",\"url\":\"https:\\\/\\\/naturalpoland.com\\\/wp-content\\\/uploads\\\/olejek-eteryczny-citronella.webp\",\"contentUrl\":\"https:\\\/\\\/naturalpoland.com\\\/wp-content\\\/uploads\\\/olejek-eteryczny-citronella.webp\",\"width\":619,\"height\":619,\"caption\":\"olejek eteryczny cytronelowy\"},{\"@type\":\"BreadcrumbList\",\"@id\":\"https:\\\/\\\/naturalpoland.com\\\/cs\\\/produkty\\\/produkty-pro-kosmeticky-prumysl\\\/esencialni-oleje\\\/citronelovy-olej\\\/#breadcrumb\",\"itemListElement\":[{\"@type\":\"ListItem\",\"position\":1,\"name\":\"Dom\u016f\",\"item\":\"https:\\\/\\\/naturalpoland.com\\\/cs\\\/\"},{\"@type\":\"ListItem\",\"position\":2,\"name\":\"Produkty\",\"item\":\"https:\\\/\\\/naturalpoland.com\\\/cs\\\/produkty\\\/\"},{\"@type\":\"ListItem\",\"position\":3,\"name\":\"Citronelov\u00fd olej\"}]},{\"@type\":\"WebSite\",\"@id\":\"https:\\\/\\\/naturalpoland.com\\\/cs\\\/#website\",\"url\":\"https:\\\/\\\/naturalpoland.com\\\/cs\\\/\",\"name\":\"NATURAL POLAND - Velkoobchodn\u00ed distributor surovin\",\"description\":\"Surowce dla przemys\u0142u spo\u017cywczego, kosmetycznego i farmaceutycznego\",\"publisher\":{\"@id\":\"https:\\\/\\\/naturalpoland.com\\\/cs\\\/#organization\"},\"potentialAction\":[{\"@type\":\"SearchAction\",\"target\":{\"@type\":\"EntryPoint\",\"urlTemplate\":\"https:\\\/\\\/naturalpoland.com\\\/cs\\\/?s={search_term_string}\"},\"query-input\":{\"@type\":\"PropertyValueSpecification\",\"valueRequired\":true,\"valueName\":\"search_term_string\"}}],\"inLanguage\":\"cs\"},{\"@type\":\"Organization\",\"@id\":\"https:\\\/\\\/naturalpoland.com\\\/cs\\\/#organization\",\"name\":\"Natural Poland\",\"url\":\"https:\\\/\\\/naturalpoland.com\\\/cs\\\/\",\"logo\":{\"@type\":\"ImageObject\",\"inLanguage\":\"cs\",\"@id\":\"https:\\\/\\\/naturalpoland.com\\\/cs\\\/#\\\/schema\\\/logo\\\/image\\\/\",\"url\":\"https:\\\/\\\/naturalpoland.com\\\/wp-content\\\/uploads\\\/2021\\\/05\\\/natural-poland-icon.png\",\"contentUrl\":\"https:\\\/\\\/naturalpoland.com\\\/wp-content\\\/uploads\\\/2021\\\/05\\\/natural-poland-icon.png\",\"width\":512,\"height\":512,\"caption\":\"Natural Poland\"},\"image\":{\"@id\":\"https:\\\/\\\/naturalpoland.com\\\/cs\\\/#\\\/schema\\\/logo\\\/image\\\/\"},\"sameAs\":[\"https:\\\/\\\/www.facebook.com\\\/naturalpoland.b2b\",\"https:\\\/\\\/pl.linkedin.com\\\/company\\\/natural-poland\",\"https:\\\/\\\/www.youtube.com\\\/channel\\\/UCgeGGkvOMahZo-xu_MSEWxg\"]}]}<\/script>\n<!-- \/ Yoast SEO plugin. -->","yoast_head_json":{"title":"Citronelov\u00fd olej - NATURAL POLAND - Velkoobchodn\u00ed distributor surovin","description":"Citronelov\u00fd olej m\u00e1 sv\u011b\u017e\u00ed citrusovou v\u016fni s jemn\u00fdmi d\u0159evit\u00fdmi t\u00f3ny, kter\u00e1 p\u016fsob\u00ed jako l\u00e9\u010debn\u00fd prost\u0159edek p\u0159i zdravotn\u00edch aplikac\u00edch.","robots":{"index":"index","follow":"follow","max-snippet":"max-snippet:-1","max-image-preview":"max-image-preview:large","max-video-preview":"max-video-preview:-1"},"canonical":"https:\/\/naturalpoland.com\/cs\/produkty\/produkty-pro-kosmeticky-prumysl\/esencialni-oleje\/citronelovy-olej\/","og_locale":"cs_CZ","og_type":"article","og_title":"Citronelov\u00fd olej - NATURAL POLAND - Velkoobchodn\u00ed distributor surovin","og_description":"Citronelov\u00fd olej m\u00e1 sv\u011b\u017e\u00ed citrusovou v\u016fni s jemn\u00fdmi d\u0159evit\u00fdmi t\u00f3ny, kter\u00e1 p\u016fsob\u00ed jako l\u00e9\u010debn\u00fd prost\u0159edek p\u0159i zdravotn\u00edch aplikac\u00edch.","og_url":"https:\/\/naturalpoland.com\/cs\/produkty\/produkty-pro-kosmeticky-prumysl\/esencialni-oleje\/citronelovy-olej\/","og_site_name":"NATURAL POLAND - Velkoobchodn\u00ed distributor surovin","article_publisher":"https:\/\/www.facebook.com\/naturalpoland.b2b","og_image":[{"width":619,"height":619,"url":"https:\/\/naturalpoland.com\/wp-content\/uploads\/olejek-eteryczny-citronella.webp","type":"image\/webp"}],"schema":{"@context":"https:\/\/schema.org","@graph":[{"@type":"WebPage","@id":"https:\/\/naturalpoland.com\/cs\/produkty\/produkty-pro-kosmeticky-prumysl\/esencialni-oleje\/citronelovy-olej\/","url":"https:\/\/naturalpoland.com\/cs\/produkty\/produkty-pro-kosmeticky-prumysl\/esencialni-oleje\/citronelovy-olej\/","name":"Citronelov\u00fd olej - NATURAL POLAND - Velkoobchodn\u00ed distributor surovin","isPartOf":{"@id":"https:\/\/naturalpoland.com\/cs\/#website"},"primaryImageOfPage":{"@id":"https:\/\/naturalpoland.com\/cs\/produkty\/produkty-pro-kosmeticky-prumysl\/esencialni-oleje\/citronelovy-olej\/#primaryimage"},"image":{"@id":"https:\/\/naturalpoland.com\/cs\/produkty\/produkty-pro-kosmeticky-prumysl\/esencialni-oleje\/citronelovy-olej\/#primaryimage"},"thumbnailUrl":"https:\/\/naturalpoland.com\/wp-content\/uploads\/olejek-eteryczny-citronella.webp","datePublished":"2024-10-21T12:51:03+00:00","description":"Citronelov\u00fd olej m\u00e1 sv\u011b\u017e\u00ed citrusovou v\u016fni s jemn\u00fdmi d\u0159evit\u00fdmi t\u00f3ny, kter\u00e1 p\u016fsob\u00ed jako l\u00e9\u010debn\u00fd prost\u0159edek p\u0159i zdravotn\u00edch aplikac\u00edch.","breadcrumb":{"@id":"https:\/\/naturalpoland.com\/cs\/produkty\/produkty-pro-kosmeticky-prumysl\/esencialni-oleje\/citronelovy-olej\/#breadcrumb"},"inLanguage":"cs","potentialAction":[{"@type":"ReadAction","target":["https:\/\/naturalpoland.com\/cs\/produkty\/produkty-pro-kosmeticky-prumysl\/esencialni-oleje\/citronelovy-olej\/"]}]},{"@type":"ImageObject","inLanguage":"cs","@id":"https:\/\/naturalpoland.com\/cs\/produkty\/produkty-pro-kosmeticky-prumysl\/esencialni-oleje\/citronelovy-olej\/#primaryimage","url":"https:\/\/naturalpoland.com\/wp-content\/uploads\/olejek-eteryczny-citronella.webp","contentUrl":"https:\/\/naturalpoland.com\/wp-content\/uploads\/olejek-eteryczny-citronella.webp","width":619,"height":619,"caption":"olejek eteryczny cytronelowy"},{"@type":"BreadcrumbList","@id":"https:\/\/naturalpoland.com\/cs\/produkty\/produkty-pro-kosmeticky-prumysl\/esencialni-oleje\/citronelovy-olej\/#breadcrumb","itemListElement":[{"@type":"ListItem","position":1,"name":"Dom\u016f","item":"https:\/\/naturalpoland.com\/cs\/"},{"@type":"ListItem","position":2,"name":"Produkty","item":"https:\/\/naturalpoland.com\/cs\/produkty\/"},{"@type":"ListItem","position":3,"name":"Citronelov\u00fd olej"}]},{"@type":"WebSite","@id":"https:\/\/naturalpoland.com\/cs\/#website","url":"https:\/\/naturalpoland.com\/cs\/","name":"NATURAL POLAND - Velkoobchodn\u00ed distributor surovin","description":"Surowce dla przemys\u0142u spo\u017cywczego, kosmetycznego i farmaceutycznego","publisher":{"@id":"https:\/\/naturalpoland.com\/cs\/#organization"},"potentialAction":[{"@type":"SearchAction","target":{"@type":"EntryPoint","urlTemplate":"https:\/\/naturalpoland.com\/cs\/?s={search_term_string}"},"query-input":{"@type":"PropertyValueSpecification","valueRequired":true,"valueName":"search_term_string"}}],"inLanguage":"cs"},{"@type":"Organization","@id":"https:\/\/naturalpoland.com\/cs\/#organization","name":"Natural Poland","url":"https:\/\/naturalpoland.com\/cs\/","logo":{"@type":"ImageObject","inLanguage":"cs","@id":"https:\/\/naturalpoland.com\/cs\/#\/schema\/logo\/image\/","url":"https:\/\/naturalpoland.com\/wp-content\/uploads\/2021\/05\/natural-poland-icon.png","contentUrl":"https:\/\/naturalpoland.com\/wp-content\/uploads\/2021\/05\/natural-poland-icon.png","width":512,"height":512,"caption":"Natural Poland"},"image":{"@id":"https:\/\/naturalpoland.com\/cs\/#\/schema\/logo\/image\/"},"sameAs":["https:\/\/www.facebook.com\/naturalpoland.b2b","https:\/\/pl.linkedin.com\/company\/natural-poland","https:\/\/www.youtube.com\/channel\/UCgeGGkvOMahZo-xu_MSEWxg"]}]}},"_links":{"self":[{"href":"https:\/\/naturalpoland.com\/cs\/wp-json\/wp\/v2\/product\/36990","targetHints":{"allow":["GET"]}}],"collection":[{"href":"https:\/\/naturalpoland.com\/cs\/wp-json\/wp\/v2\/product"}],"about":[{"href":"https:\/\/naturalpoland.com\/cs\/wp-json\/wp\/v2\/types\/product"}],"wp:featuredmedia":[{"embeddable":true,"href":"https:\/\/naturalpoland.com\/cs\/wp-json\/wp\/v2\/media\/36851"}],"wp:attachment":[{"href":"https:\/\/naturalpoland.com\/cs\/wp-json\/wp\/v2\/media?parent=36990"}],"wp:term":[{"taxonomy":"product_brand","embeddable":true,"href":"https:\/\/naturalpoland.com\/cs\/wp-json\/wp\/v2\/product_brand?post=36990"},{"taxonomy":"product_cat","embeddable":true,"href":"https:\/\/naturalpoland.com\/cs\/wp-json\/wp\/v2\/product_cat?post=36990"},{"taxonomy":"product_tag","embeddable":true,"href":"https:\/\/naturalpoland.com\/cs\/wp-json\/wp\/v2\/product_tag?post=36990"}],"curies":[{"name":"wp","href":"https:\/\/api.w.org\/{rel}","templated":true}]}}