{"id":37027,"date":"2024-10-18T10:45:33","date_gmt":"2024-10-21T12:53:10","guid":{"rendered":"https:\/\/naturalpoland.com\/produkty\/neza\u0159azen\u00e9\/oil-neroli\/"},"modified":"2024-10-21T14:53:10","modified_gmt":"2024-10-21T12:53:10","slug":"oil-neroli","status":"publish","type":"product","link":"https:\/\/naturalpoland.com\/cs\/produkty\/produkty-pro-kosmeticky-prumysl\/esencialni-oleje\/oil-neroli\/","title":{"rendered":"Neroliov\u00fd olej"},"content":{"rendered":"<h2>Vlastnosti oleje z kv\u011bt\u016f ho\u0159k\u00e9ho pomeran\u010de<\/h2>\n<p>Neroliov\u00fd olej se pou\u017e\u00edv\u00e1 p\u0159i <strong>relaxaci a sni\u017eov\u00e1n\u00ed stresu<\/strong>. Jeho intenzivn\u00ed sladk\u00e1 v\u016fn\u011b pom\u00e1h\u00e1 zklidnit mysl, uvolnit nervov\u00e9 nap\u011bt\u00ed a obnovit emocion\u00e1ln\u00ed rovnov\u00e1hu. V kombinaci se z\u00e1kladn\u00edm olejem lze olej pou\u017e\u00edt k relaxa\u010dn\u00ed mas\u00e1\u017ei, kter\u00e1 uvol\u0148uje a regeneruje svaly a zlep\u0161uje krevn\u00ed ob\u011bh. Inhalace oleje m\u016f\u017ee podpo\u0159it tvorbu serotoninu, hormonu \u0161t\u011bst\u00ed, a usnad\u0148uje us\u00edn\u00e1n\u00ed. V\u00fdrobek je zn\u00e1m\u00fd tak\u00e9 pro sv\u00e9 afrodiziak\u00e1ln\u00ed vlastnosti. Pom\u00e1h\u00e1 zm\u00edr\u0148ovat p\u0159\u00edznaky menopauzy a podporuje hormon\u00e1ln\u00ed rovnov\u00e1hu. <strong>V kosmetice<\/strong> se olej z kv\u011bt\u016f ho\u0159k\u00e9ho pomeran\u010de pou\u017e\u00edv\u00e1 v ple\u0165ov\u00e9 a t\u011blov\u00e9 kosmetice pro suchou, citlivou a zralou ple\u0165. Pom\u00e1h\u00e1 redukovat vr\u00e1sky a zlep\u0161ovat elasticitu. M\u00e1 tak\u00e9 protiz\u00e1n\u011btliv\u00e9 a antibakteri\u00e1ln\u00ed \u00fa\u010dinky, podporuje boj proti akn\u00e9 a zklid\u0148uje podr\u00e1\u017ed\u011bn\u00ed. Neroliov\u00fd olej m\u00e1 tak\u00e9 <strong>zdrav\u00ed prosp\u011b\u0161n\u00e9 \u00fa\u010dinky<\/strong>. Podporuje fungov\u00e1n\u00ed imunitn\u00edho syst\u00e9mu a m\u016f\u017ee b\u00fdt u\u017eite\u010dn\u00fd v boji proti bakteri\u00e1ln\u00edm a virov\u00fdm infekc\u00edm. M\u00e1 tak\u00e9 zklid\u0148uj\u00edc\u00ed \u00fa\u010dinek na tr\u00e1vic\u00ed syst\u00e9m, proto\u017ee zm\u00edr\u0148uje za\u017e\u00edvac\u00ed pot\u00ed\u017ee zp\u016fsoben\u00e9 stresem. D\u00edky sv\u00fdm analgetick\u00fdm vlastnostem \u00fa\u010dinn\u011b zm\u00edr\u0148uje bolesti hlavy z nap\u011bt\u00ed, svalov\u00e9 bolesti a p\u0159edmenstrua\u010dn\u00ed p\u0159\u00edznaky. Neroli je tak\u00e9 cennou slo\u017ekou exkluzivn\u00edch <strong>parf\u00e9m\u016f<\/strong>, kter\u00fdm dod\u00e1v\u00e1 jedine\u010dnou, kv\u011btinovou a dlouhotrvaj\u00edc\u00ed v\u016fni. Olej z kv\u011bt\u016f ho\u0159k\u00e9ho pomeran\u010dovn\u00edku se dokonale kombinuje s dal\u0161\u00edmi esenci\u00e1ln\u00edmi oleji, jako je levandule, santalov\u00e9 d\u0159evo, jasm\u00edn, pa\u010duli nebo citrusy.  <\/p>\n","protected":false},"excerpt":{"rendered":"<p><strong>Esenci\u00e1ln\u00ed olej Neroli<\/strong> se z\u00edsk\u00e1v\u00e1 z jemn\u00fdch kv\u011bt\u016f ho\u0159k\u00e9ho pomeran\u010dovn\u00edku<em>(Citrus aurantium)<\/em>. Vyzna\u010duje se kv\u011btinov\u011b-citrusovou v\u016fn\u00ed, kter\u00e1 je cen\u011bna v aromaterapii, kosmetice a parfumerii. <\/p>\n<h3><\/h3>\n","protected":false},"featured_media":36825,"template":"","meta":[],"product_brand":[],"product_cat":[6262],"product_tag":[],"class_list":{"0":"post-37027","1":"product","2":"type-product","3":"status-publish","4":"has-post-thumbnail","6":"product_cat-esencialni-oleje","8":"first","9":"instock","10":"shipping-taxable","11":"product-type-simple"},"yoast_head":"<!-- This site is optimized with the Yoast SEO plugin v27.4 - https:\/\/yoast.com\/product\/yoast-seo-wordpress\/ -->\n<title>Neroliov\u00fd olej - NATURAL POLAND - Velkoobchodn\u00ed distributor surovin<\/title>\n<meta name=\"description\" content=\"Esenci\u00e1ln\u00ed olej Neroli, z\u00edskan\u00fd z jemn\u00fdch kv\u011bt\u016f ho\u0159k\u00e9ho pomeran\u010dovn\u00edku, je produkt s jedine\u010dnou kv\u011btinov\u011b-citrusovou v\u016fn\u00ed.\" \/>\n<meta name=\"robots\" content=\"index, follow, max-snippet:-1, max-image-preview:large, max-video-preview:-1\" \/>\n<link rel=\"canonical\" href=\"https:\/\/naturalpoland.com\/cs\/produkty\/produkty-pro-kosmeticky-prumysl\/esencialni-oleje\/oil-neroli\/\" \/>\n<meta property=\"og:locale\" content=\"cs_CZ\" \/>\n<meta property=\"og:type\" content=\"article\" \/>\n<meta property=\"og:title\" content=\"Neroliov\u00fd olej - NATURAL POLAND - Velkoobchodn\u00ed distributor surovin\" \/>\n<meta property=\"og:description\" content=\"Esenci\u00e1ln\u00ed olej Neroli, z\u00edskan\u00fd z jemn\u00fdch kv\u011bt\u016f ho\u0159k\u00e9ho pomeran\u010dovn\u00edku, je produkt s jedine\u010dnou kv\u011btinov\u011b-citrusovou v\u016fn\u00ed.\" \/>\n<meta property=\"og:url\" content=\"https:\/\/naturalpoland.com\/cs\/produkty\/produkty-pro-kosmeticky-prumysl\/esencialni-oleje\/oil-neroli\/\" \/>\n<meta property=\"og:site_name\" content=\"NATURAL POLAND - Velkoobchodn\u00ed distributor surovin\" \/>\n<meta property=\"article:publisher\" content=\"https:\/\/www.facebook.com\/naturalpoland.b2b\" \/>\n<meta property=\"og:image\" content=\"https:\/\/naturalpoland.com\/wp-content\/uploads\/olejek-eteryczny-neroli.webp\" \/>\n\t<meta property=\"og:image:width\" content=\"619\" \/>\n\t<meta property=\"og:image:height\" content=\"619\" \/>\n\t<meta property=\"og:image:type\" content=\"image\/webp\" \/>\n<script type=\"application\/ld+json\" class=\"yoast-schema-graph\">{\"@context\":\"https:\\\/\\\/schema.org\",\"@graph\":[{\"@type\":\"WebPage\",\"@id\":\"https:\\\/\\\/naturalpoland.com\\\/cs\\\/produkty\\\/produkty-pro-kosmeticky-prumysl\\\/esencialni-oleje\\\/oil-neroli\\\/\",\"url\":\"https:\\\/\\\/naturalpoland.com\\\/cs\\\/produkty\\\/produkty-pro-kosmeticky-prumysl\\\/esencialni-oleje\\\/oil-neroli\\\/\",\"name\":\"Neroliov\u00fd olej - NATURAL POLAND - Velkoobchodn\u00ed distributor surovin\",\"isPartOf\":{\"@id\":\"https:\\\/\\\/naturalpoland.com\\\/cs\\\/#website\"},\"primaryImageOfPage\":{\"@id\":\"https:\\\/\\\/naturalpoland.com\\\/cs\\\/produkty\\\/produkty-pro-kosmeticky-prumysl\\\/esencialni-oleje\\\/oil-neroli\\\/#primaryimage\"},\"image\":{\"@id\":\"https:\\\/\\\/naturalpoland.com\\\/cs\\\/produkty\\\/produkty-pro-kosmeticky-prumysl\\\/esencialni-oleje\\\/oil-neroli\\\/#primaryimage\"},\"thumbnailUrl\":\"https:\\\/\\\/naturalpoland.com\\\/wp-content\\\/uploads\\\/olejek-eteryczny-neroli.webp\",\"datePublished\":\"2024-10-21T12:53:10+00:00\",\"description\":\"Esenci\u00e1ln\u00ed olej Neroli, z\u00edskan\u00fd z jemn\u00fdch kv\u011bt\u016f ho\u0159k\u00e9ho pomeran\u010dovn\u00edku, je produkt s jedine\u010dnou kv\u011btinov\u011b-citrusovou v\u016fn\u00ed.\",\"breadcrumb\":{\"@id\":\"https:\\\/\\\/naturalpoland.com\\\/cs\\\/produkty\\\/produkty-pro-kosmeticky-prumysl\\\/esencialni-oleje\\\/oil-neroli\\\/#breadcrumb\"},\"inLanguage\":\"cs\",\"potentialAction\":[{\"@type\":\"ReadAction\",\"target\":[\"https:\\\/\\\/naturalpoland.com\\\/cs\\\/produkty\\\/produkty-pro-kosmeticky-prumysl\\\/esencialni-oleje\\\/oil-neroli\\\/\"]}]},{\"@type\":\"ImageObject\",\"inLanguage\":\"cs\",\"@id\":\"https:\\\/\\\/naturalpoland.com\\\/cs\\\/produkty\\\/produkty-pro-kosmeticky-prumysl\\\/esencialni-oleje\\\/oil-neroli\\\/#primaryimage\",\"url\":\"https:\\\/\\\/naturalpoland.com\\\/wp-content\\\/uploads\\\/olejek-eteryczny-neroli.webp\",\"contentUrl\":\"https:\\\/\\\/naturalpoland.com\\\/wp-content\\\/uploads\\\/olejek-eteryczny-neroli.webp\",\"width\":619,\"height\":619,\"caption\":\"olejek Neroli, z kwiat\u00f3w gorzkiej pomara\u0144czy\"},{\"@type\":\"BreadcrumbList\",\"@id\":\"https:\\\/\\\/naturalpoland.com\\\/cs\\\/produkty\\\/produkty-pro-kosmeticky-prumysl\\\/esencialni-oleje\\\/oil-neroli\\\/#breadcrumb\",\"itemListElement\":[{\"@type\":\"ListItem\",\"position\":1,\"name\":\"Dom\u016f\",\"item\":\"https:\\\/\\\/naturalpoland.com\\\/cs\\\/\"},{\"@type\":\"ListItem\",\"position\":2,\"name\":\"Produkty\",\"item\":\"https:\\\/\\\/naturalpoland.com\\\/cs\\\/produkty\\\/\"},{\"@type\":\"ListItem\",\"position\":3,\"name\":\"Neroliov\u00fd olej\"}]},{\"@type\":\"WebSite\",\"@id\":\"https:\\\/\\\/naturalpoland.com\\\/cs\\\/#website\",\"url\":\"https:\\\/\\\/naturalpoland.com\\\/cs\\\/\",\"name\":\"NATURAL POLAND - Velkoobchodn\u00ed distributor surovin\",\"description\":\"Surowce dla przemys\u0142u spo\u017cywczego, kosmetycznego i farmaceutycznego\",\"publisher\":{\"@id\":\"https:\\\/\\\/naturalpoland.com\\\/cs\\\/#organization\"},\"potentialAction\":[{\"@type\":\"SearchAction\",\"target\":{\"@type\":\"EntryPoint\",\"urlTemplate\":\"https:\\\/\\\/naturalpoland.com\\\/cs\\\/?s={search_term_string}\"},\"query-input\":{\"@type\":\"PropertyValueSpecification\",\"valueRequired\":true,\"valueName\":\"search_term_string\"}}],\"inLanguage\":\"cs\"},{\"@type\":\"Organization\",\"@id\":\"https:\\\/\\\/naturalpoland.com\\\/cs\\\/#organization\",\"name\":\"Natural Poland\",\"url\":\"https:\\\/\\\/naturalpoland.com\\\/cs\\\/\",\"logo\":{\"@type\":\"ImageObject\",\"inLanguage\":\"cs\",\"@id\":\"https:\\\/\\\/naturalpoland.com\\\/cs\\\/#\\\/schema\\\/logo\\\/image\\\/\",\"url\":\"https:\\\/\\\/naturalpoland.com\\\/wp-content\\\/uploads\\\/2021\\\/05\\\/natural-poland-icon.png\",\"contentUrl\":\"https:\\\/\\\/naturalpoland.com\\\/wp-content\\\/uploads\\\/2021\\\/05\\\/natural-poland-icon.png\",\"width\":512,\"height\":512,\"caption\":\"Natural Poland\"},\"image\":{\"@id\":\"https:\\\/\\\/naturalpoland.com\\\/cs\\\/#\\\/schema\\\/logo\\\/image\\\/\"},\"sameAs\":[\"https:\\\/\\\/www.facebook.com\\\/naturalpoland.b2b\",\"https:\\\/\\\/pl.linkedin.com\\\/company\\\/natural-poland\",\"https:\\\/\\\/www.youtube.com\\\/channel\\\/UCgeGGkvOMahZo-xu_MSEWxg\"]}]}<\/script>\n<!-- \/ Yoast SEO plugin. -->","yoast_head_json":{"title":"Neroliov\u00fd olej - NATURAL POLAND - Velkoobchodn\u00ed distributor surovin","description":"Esenci\u00e1ln\u00ed olej Neroli, z\u00edskan\u00fd z jemn\u00fdch kv\u011bt\u016f ho\u0159k\u00e9ho pomeran\u010dovn\u00edku, je produkt s jedine\u010dnou kv\u011btinov\u011b-citrusovou v\u016fn\u00ed.","robots":{"index":"index","follow":"follow","max-snippet":"max-snippet:-1","max-image-preview":"max-image-preview:large","max-video-preview":"max-video-preview:-1"},"canonical":"https:\/\/naturalpoland.com\/cs\/produkty\/produkty-pro-kosmeticky-prumysl\/esencialni-oleje\/oil-neroli\/","og_locale":"cs_CZ","og_type":"article","og_title":"Neroliov\u00fd olej - NATURAL POLAND - Velkoobchodn\u00ed distributor surovin","og_description":"Esenci\u00e1ln\u00ed olej Neroli, z\u00edskan\u00fd z jemn\u00fdch kv\u011bt\u016f ho\u0159k\u00e9ho pomeran\u010dovn\u00edku, je produkt s jedine\u010dnou kv\u011btinov\u011b-citrusovou v\u016fn\u00ed.","og_url":"https:\/\/naturalpoland.com\/cs\/produkty\/produkty-pro-kosmeticky-prumysl\/esencialni-oleje\/oil-neroli\/","og_site_name":"NATURAL POLAND - Velkoobchodn\u00ed distributor surovin","article_publisher":"https:\/\/www.facebook.com\/naturalpoland.b2b","og_image":[{"width":619,"height":619,"url":"https:\/\/naturalpoland.com\/wp-content\/uploads\/olejek-eteryczny-neroli.webp","type":"image\/webp"}],"schema":{"@context":"https:\/\/schema.org","@graph":[{"@type":"WebPage","@id":"https:\/\/naturalpoland.com\/cs\/produkty\/produkty-pro-kosmeticky-prumysl\/esencialni-oleje\/oil-neroli\/","url":"https:\/\/naturalpoland.com\/cs\/produkty\/produkty-pro-kosmeticky-prumysl\/esencialni-oleje\/oil-neroli\/","name":"Neroliov\u00fd olej - NATURAL POLAND - Velkoobchodn\u00ed distributor surovin","isPartOf":{"@id":"https:\/\/naturalpoland.com\/cs\/#website"},"primaryImageOfPage":{"@id":"https:\/\/naturalpoland.com\/cs\/produkty\/produkty-pro-kosmeticky-prumysl\/esencialni-oleje\/oil-neroli\/#primaryimage"},"image":{"@id":"https:\/\/naturalpoland.com\/cs\/produkty\/produkty-pro-kosmeticky-prumysl\/esencialni-oleje\/oil-neroli\/#primaryimage"},"thumbnailUrl":"https:\/\/naturalpoland.com\/wp-content\/uploads\/olejek-eteryczny-neroli.webp","datePublished":"2024-10-21T12:53:10+00:00","description":"Esenci\u00e1ln\u00ed olej Neroli, z\u00edskan\u00fd z jemn\u00fdch kv\u011bt\u016f ho\u0159k\u00e9ho pomeran\u010dovn\u00edku, je produkt s jedine\u010dnou kv\u011btinov\u011b-citrusovou v\u016fn\u00ed.","breadcrumb":{"@id":"https:\/\/naturalpoland.com\/cs\/produkty\/produkty-pro-kosmeticky-prumysl\/esencialni-oleje\/oil-neroli\/#breadcrumb"},"inLanguage":"cs","potentialAction":[{"@type":"ReadAction","target":["https:\/\/naturalpoland.com\/cs\/produkty\/produkty-pro-kosmeticky-prumysl\/esencialni-oleje\/oil-neroli\/"]}]},{"@type":"ImageObject","inLanguage":"cs","@id":"https:\/\/naturalpoland.com\/cs\/produkty\/produkty-pro-kosmeticky-prumysl\/esencialni-oleje\/oil-neroli\/#primaryimage","url":"https:\/\/naturalpoland.com\/wp-content\/uploads\/olejek-eteryczny-neroli.webp","contentUrl":"https:\/\/naturalpoland.com\/wp-content\/uploads\/olejek-eteryczny-neroli.webp","width":619,"height":619,"caption":"olejek Neroli, z kwiat\u00f3w gorzkiej pomara\u0144czy"},{"@type":"BreadcrumbList","@id":"https:\/\/naturalpoland.com\/cs\/produkty\/produkty-pro-kosmeticky-prumysl\/esencialni-oleje\/oil-neroli\/#breadcrumb","itemListElement":[{"@type":"ListItem","position":1,"name":"Dom\u016f","item":"https:\/\/naturalpoland.com\/cs\/"},{"@type":"ListItem","position":2,"name":"Produkty","item":"https:\/\/naturalpoland.com\/cs\/produkty\/"},{"@type":"ListItem","position":3,"name":"Neroliov\u00fd olej"}]},{"@type":"WebSite","@id":"https:\/\/naturalpoland.com\/cs\/#website","url":"https:\/\/naturalpoland.com\/cs\/","name":"NATURAL POLAND - Velkoobchodn\u00ed distributor surovin","description":"Surowce dla przemys\u0142u spo\u017cywczego, kosmetycznego i farmaceutycznego","publisher":{"@id":"https:\/\/naturalpoland.com\/cs\/#organization"},"potentialAction":[{"@type":"SearchAction","target":{"@type":"EntryPoint","urlTemplate":"https:\/\/naturalpoland.com\/cs\/?s={search_term_string}"},"query-input":{"@type":"PropertyValueSpecification","valueRequired":true,"valueName":"search_term_string"}}],"inLanguage":"cs"},{"@type":"Organization","@id":"https:\/\/naturalpoland.com\/cs\/#organization","name":"Natural Poland","url":"https:\/\/naturalpoland.com\/cs\/","logo":{"@type":"ImageObject","inLanguage":"cs","@id":"https:\/\/naturalpoland.com\/cs\/#\/schema\/logo\/image\/","url":"https:\/\/naturalpoland.com\/wp-content\/uploads\/2021\/05\/natural-poland-icon.png","contentUrl":"https:\/\/naturalpoland.com\/wp-content\/uploads\/2021\/05\/natural-poland-icon.png","width":512,"height":512,"caption":"Natural Poland"},"image":{"@id":"https:\/\/naturalpoland.com\/cs\/#\/schema\/logo\/image\/"},"sameAs":["https:\/\/www.facebook.com\/naturalpoland.b2b","https:\/\/pl.linkedin.com\/company\/natural-poland","https:\/\/www.youtube.com\/channel\/UCgeGGkvOMahZo-xu_MSEWxg"]}]}},"_links":{"self":[{"href":"https:\/\/naturalpoland.com\/cs\/wp-json\/wp\/v2\/product\/37027","targetHints":{"allow":["GET"]}}],"collection":[{"href":"https:\/\/naturalpoland.com\/cs\/wp-json\/wp\/v2\/product"}],"about":[{"href":"https:\/\/naturalpoland.com\/cs\/wp-json\/wp\/v2\/types\/product"}],"wp:featuredmedia":[{"embeddable":true,"href":"https:\/\/naturalpoland.com\/cs\/wp-json\/wp\/v2\/media\/36825"}],"wp:attachment":[{"href":"https:\/\/naturalpoland.com\/cs\/wp-json\/wp\/v2\/media?parent=37027"}],"wp:term":[{"taxonomy":"product_brand","embeddable":true,"href":"https:\/\/naturalpoland.com\/cs\/wp-json\/wp\/v2\/product_brand?post=37027"},{"taxonomy":"product_cat","embeddable":true,"href":"https:\/\/naturalpoland.com\/cs\/wp-json\/wp\/v2\/product_cat?post=37027"},{"taxonomy":"product_tag","embeddable":true,"href":"https:\/\/naturalpoland.com\/cs\/wp-json\/wp\/v2\/product_tag?post=37027"}],"curies":[{"name":"wp","href":"https:\/\/api.w.org\/{rel}","templated":true}]}}