{"id":37038,"date":"2024-10-17T14:56:25","date_gmt":"2024-10-21T12:53:59","guid":{"rendered":"https:\/\/naturalpoland.com\/produkty\/neza\u0159azen\u00e9\/olej-z-pepermintu\/"},"modified":"2024-10-21T14:53:59","modified_gmt":"2024-10-21T12:53:59","slug":"olej-z-pepermintu","status":"publish","type":"product","link":"https:\/\/naturalpoland.com\/cs\/produkty\/produkty-pro-kosmeticky-prumysl\/esencialni-oleje\/olej-z-pepermintu\/","title":{"rendered":"M\u00e1tov\u00fd olej"},"content":{"rendered":"<h2>Vlastnosti a aplikace<\/h2>\n<p>M\u00e1tov\u00fd olej se pou\u017e\u00edv\u00e1 p\u0159i <strong>p\u00e9\u010di o mastnou a akn\u00f3zn\u00ed ple\u0165<\/strong>, m\u00e1 osv\u011b\u017euj\u00edc\u00ed a \u010distic\u00ed \u00fa\u010dinky. Pom\u00e1h\u00e1 redukovat p\u0159ebyte\u010dn\u00fd maz a l\u00e9\u010dit akn\u00e9 a \u010dern\u00e9 te\u010dky. Lze jej pou\u017e\u00edt jako p\u0159\u00edsadu do kr\u00e9m\u016f, tonik a ple\u0165ov\u00fdch gel\u016f. P\u0159i aplikaci <strong>na vlasy<\/strong> m\u00e1 zase olej vlastnosti, kter\u00e9 podporuj\u00ed r\u016fst vlas\u016f t\u00edm, \u017ee stimuluje vlasov\u00e9 ko\u0159\u00ednky. T\u00edm, \u017ee reguluje vylu\u010dov\u00e1n\u00ed ko\u017en\u00edho mazu, je vhodnou slo\u017ekou \u0161ampon\u016f proti lup\u016fm. M\u00e1tov\u00fd olej se tak\u00e9 skv\u011ble hod\u00ed <strong>do kosmetiky po opalov\u00e1n\u00ed a po depilaci<\/strong>, proto\u017ee chlad\u00ed poko\u017eku. \u010casto se tak\u00e9 pou\u017e\u00edv\u00e1 do mas\u00e1\u017en\u00edch kr\u00e9m\u016f a gel\u016f, kter\u00e9 p\u0159in\u00e1\u0161ej\u00ed \u00falevu unaven\u00fdm sval\u016fm. <strong>V aromaterapii<\/strong> m\u00e1 olej d\u00edky sv\u00e9 intenzivn\u00ed v\u016fni povzbuzuj\u00edc\u00ed a energizuj\u00edc\u00ed \u00fa\u010dinky. Dob\u0159e se m\u00eds\u00ed s oleji, jako je pomeran\u010dov\u00fd nebo rozmar\u00fdnov\u00fd. P\u0159i <strong>inhalaci<\/strong> olej \u010dist\u00ed d\u00fdchac\u00ed cesty a pom\u00e1h\u00e1 tak\u00e9 p\u0159i nachlazen\u00ed, katarech a bolestech hlavy. P\u0159i migr\u00e9n\u00e1ch a bolestech hlavy z nap\u011bt\u00ed m\u016f\u017ee m\u00edt olej aplikovan\u00fd na sp\u00e1nky chladiv\u00fd a uvol\u0148uj\u00edc\u00ed \u00fa\u010dinek. M\u00e1tov\u00fd olej je tak\u00e9 p\u0159\u00edrodn\u00ed repelent, kter\u00fd <strong>odpuzuje kom\u00e1ry,<\/strong> mravence a pavouky. Jako odpuzova\u010d hmyzu ho lze pou\u017e\u00edt p\u0159id\u00e1n\u00edm n\u011bkolika kapek do difuz\u00e9ru nebo do vody a rozpra\u0161ov\u00e1n\u00edm po dom\u011b.  <\/p>\n<p>&nbsp;<\/p>\n","protected":false},"excerpt":{"rendered":"<p>Esenci\u00e1ln\u00ed olej z m\u00e1ty peprn\u00e9 se z\u00edsk\u00e1v\u00e1 destilac\u00ed list\u016f Mentha piperita s vodn\u00ed parou. Hlavn\u00edmi slo\u017ekami oleje jsou mentol, menton a 1,8-cyneol. Olej m\u00e1 intenzivn\u00ed osv\u011b\u017euj\u00edc\u00ed v\u016fni a chladiv\u00e9, antiseptick\u00e9 a zklid\u0148uj\u00edc\u00ed vlastnosti.  <\/p>\n","protected":false},"featured_media":36784,"template":"","meta":{"_acf_changed":false},"product_brand":[],"product_cat":[6262],"product_tag":[],"class_list":{"0":"post-37038","1":"product","2":"type-product","3":"status-publish","4":"has-post-thumbnail","6":"product_cat-esencialni-oleje","8":"first","9":"instock","10":"shipping-taxable","11":"product-type-simple"},"acf":[],"yoast_head":"<!-- This site is optimized with the Yoast SEO plugin v27.4 - https:\/\/yoast.com\/product\/yoast-seo-wordpress\/ -->\n<title>M\u00e1tov\u00fd olej - NATURAL POLAND - Velkoobchodn\u00ed distributor surovin<\/title>\n<meta name=\"description\" content=\"Esenci\u00e1ln\u00ed olej z m\u00e1ty peprn\u00e9, z\u00edsk\u00e1van\u00fd destilac\u00ed vodn\u00ed parou z list\u016f Mentha piperita, je surovinou pou\u017e\u00edvanou v p\u00e9\u010di o poko\u017eku a aromaterapii.\" \/>\n<meta name=\"robots\" content=\"index, follow, max-snippet:-1, max-image-preview:large, max-video-preview:-1\" \/>\n<link rel=\"canonical\" href=\"https:\/\/naturalpoland.com\/cs\/produkty\/produkty-pro-kosmeticky-prumysl\/esencialni-oleje\/olej-z-pepermintu\/\" \/>\n<meta property=\"og:locale\" content=\"cs_CZ\" \/>\n<meta property=\"og:type\" content=\"article\" \/>\n<meta property=\"og:title\" content=\"M\u00e1tov\u00fd olej - NATURAL POLAND - Velkoobchodn\u00ed distributor surovin\" \/>\n<meta property=\"og:description\" content=\"Esenci\u00e1ln\u00ed olej z m\u00e1ty peprn\u00e9, z\u00edsk\u00e1van\u00fd destilac\u00ed vodn\u00ed parou z list\u016f Mentha piperita, je surovinou pou\u017e\u00edvanou v p\u00e9\u010di o poko\u017eku a aromaterapii.\" \/>\n<meta property=\"og:url\" content=\"https:\/\/naturalpoland.com\/cs\/produkty\/produkty-pro-kosmeticky-prumysl\/esencialni-oleje\/olej-z-pepermintu\/\" \/>\n<meta property=\"og:site_name\" content=\"NATURAL POLAND - Velkoobchodn\u00ed distributor surovin\" \/>\n<meta property=\"article:publisher\" content=\"https:\/\/www.facebook.com\/naturalpoland.b2b\" \/>\n<meta property=\"og:image\" content=\"https:\/\/naturalpoland.com\/wp-content\/uploads\/olejek-eteryczny-z-miety-pieprzowej.webp\" \/>\n\t<meta property=\"og:image:width\" content=\"619\" \/>\n\t<meta property=\"og:image:height\" content=\"619\" \/>\n\t<meta property=\"og:image:type\" content=\"image\/webp\" \/>\n<script type=\"application\/ld+json\" class=\"yoast-schema-graph\">{\"@context\":\"https:\\\/\\\/schema.org\",\"@graph\":[{\"@type\":\"WebPage\",\"@id\":\"https:\\\/\\\/naturalpoland.com\\\/cs\\\/produkty\\\/produkty-pro-kosmeticky-prumysl\\\/esencialni-oleje\\\/olej-z-pepermintu\\\/\",\"url\":\"https:\\\/\\\/naturalpoland.com\\\/cs\\\/produkty\\\/produkty-pro-kosmeticky-prumysl\\\/esencialni-oleje\\\/olej-z-pepermintu\\\/\",\"name\":\"M\u00e1tov\u00fd olej - NATURAL POLAND - Velkoobchodn\u00ed distributor surovin\",\"isPartOf\":{\"@id\":\"https:\\\/\\\/naturalpoland.com\\\/cs\\\/#website\"},\"primaryImageOfPage\":{\"@id\":\"https:\\\/\\\/naturalpoland.com\\\/cs\\\/produkty\\\/produkty-pro-kosmeticky-prumysl\\\/esencialni-oleje\\\/olej-z-pepermintu\\\/#primaryimage\"},\"image\":{\"@id\":\"https:\\\/\\\/naturalpoland.com\\\/cs\\\/produkty\\\/produkty-pro-kosmeticky-prumysl\\\/esencialni-oleje\\\/olej-z-pepermintu\\\/#primaryimage\"},\"thumbnailUrl\":\"https:\\\/\\\/naturalpoland.com\\\/wp-content\\\/uploads\\\/olejek-eteryczny-z-miety-pieprzowej.webp\",\"datePublished\":\"2024-10-21T12:53:59+00:00\",\"description\":\"Esenci\u00e1ln\u00ed olej z m\u00e1ty peprn\u00e9, z\u00edsk\u00e1van\u00fd destilac\u00ed vodn\u00ed parou z list\u016f Mentha piperita, je surovinou pou\u017e\u00edvanou v p\u00e9\u010di o poko\u017eku a aromaterapii.\",\"breadcrumb\":{\"@id\":\"https:\\\/\\\/naturalpoland.com\\\/cs\\\/produkty\\\/produkty-pro-kosmeticky-prumysl\\\/esencialni-oleje\\\/olej-z-pepermintu\\\/#breadcrumb\"},\"inLanguage\":\"cs\",\"potentialAction\":[{\"@type\":\"ReadAction\",\"target\":[\"https:\\\/\\\/naturalpoland.com\\\/cs\\\/produkty\\\/produkty-pro-kosmeticky-prumysl\\\/esencialni-oleje\\\/olej-z-pepermintu\\\/\"]}]},{\"@type\":\"ImageObject\",\"inLanguage\":\"cs\",\"@id\":\"https:\\\/\\\/naturalpoland.com\\\/cs\\\/produkty\\\/produkty-pro-kosmeticky-prumysl\\\/esencialni-oleje\\\/olej-z-pepermintu\\\/#primaryimage\",\"url\":\"https:\\\/\\\/naturalpoland.com\\\/wp-content\\\/uploads\\\/olejek-eteryczny-z-miety-pieprzowej.webp\",\"contentUrl\":\"https:\\\/\\\/naturalpoland.com\\\/wp-content\\\/uploads\\\/olejek-eteryczny-z-miety-pieprzowej.webp\",\"width\":619,\"height\":619,\"caption\":\"Olejek eteryczny z mi\u0119ty pieprzowej\"},{\"@type\":\"BreadcrumbList\",\"@id\":\"https:\\\/\\\/naturalpoland.com\\\/cs\\\/produkty\\\/produkty-pro-kosmeticky-prumysl\\\/esencialni-oleje\\\/olej-z-pepermintu\\\/#breadcrumb\",\"itemListElement\":[{\"@type\":\"ListItem\",\"position\":1,\"name\":\"Dom\u016f\",\"item\":\"https:\\\/\\\/naturalpoland.com\\\/cs\\\/\"},{\"@type\":\"ListItem\",\"position\":2,\"name\":\"Produkty\",\"item\":\"https:\\\/\\\/naturalpoland.com\\\/cs\\\/produkty\\\/\"},{\"@type\":\"ListItem\",\"position\":3,\"name\":\"M\u00e1tov\u00fd olej\"}]},{\"@type\":\"WebSite\",\"@id\":\"https:\\\/\\\/naturalpoland.com\\\/cs\\\/#website\",\"url\":\"https:\\\/\\\/naturalpoland.com\\\/cs\\\/\",\"name\":\"NATURAL POLAND - Velkoobchodn\u00ed distributor surovin\",\"description\":\"Surowce dla przemys\u0142u spo\u017cywczego, kosmetycznego i farmaceutycznego\",\"publisher\":{\"@id\":\"https:\\\/\\\/naturalpoland.com\\\/cs\\\/#organization\"},\"potentialAction\":[{\"@type\":\"SearchAction\",\"target\":{\"@type\":\"EntryPoint\",\"urlTemplate\":\"https:\\\/\\\/naturalpoland.com\\\/cs\\\/?s={search_term_string}\"},\"query-input\":{\"@type\":\"PropertyValueSpecification\",\"valueRequired\":true,\"valueName\":\"search_term_string\"}}],\"inLanguage\":\"cs\"},{\"@type\":\"Organization\",\"@id\":\"https:\\\/\\\/naturalpoland.com\\\/cs\\\/#organization\",\"name\":\"Natural Poland\",\"url\":\"https:\\\/\\\/naturalpoland.com\\\/cs\\\/\",\"logo\":{\"@type\":\"ImageObject\",\"inLanguage\":\"cs\",\"@id\":\"https:\\\/\\\/naturalpoland.com\\\/cs\\\/#\\\/schema\\\/logo\\\/image\\\/\",\"url\":\"https:\\\/\\\/naturalpoland.com\\\/wp-content\\\/uploads\\\/2021\\\/05\\\/natural-poland-icon.png\",\"contentUrl\":\"https:\\\/\\\/naturalpoland.com\\\/wp-content\\\/uploads\\\/2021\\\/05\\\/natural-poland-icon.png\",\"width\":512,\"height\":512,\"caption\":\"Natural Poland\"},\"image\":{\"@id\":\"https:\\\/\\\/naturalpoland.com\\\/cs\\\/#\\\/schema\\\/logo\\\/image\\\/\"},\"sameAs\":[\"https:\\\/\\\/www.facebook.com\\\/naturalpoland.b2b\",\"https:\\\/\\\/pl.linkedin.com\\\/company\\\/natural-poland\",\"https:\\\/\\\/www.youtube.com\\\/channel\\\/UCgeGGkvOMahZo-xu_MSEWxg\"]}]}<\/script>\n<!-- \/ Yoast SEO plugin. -->","yoast_head_json":{"title":"M\u00e1tov\u00fd olej - NATURAL POLAND - Velkoobchodn\u00ed distributor surovin","description":"Esenci\u00e1ln\u00ed olej z m\u00e1ty peprn\u00e9, z\u00edsk\u00e1van\u00fd destilac\u00ed vodn\u00ed parou z list\u016f Mentha piperita, je surovinou pou\u017e\u00edvanou v p\u00e9\u010di o poko\u017eku a aromaterapii.","robots":{"index":"index","follow":"follow","max-snippet":"max-snippet:-1","max-image-preview":"max-image-preview:large","max-video-preview":"max-video-preview:-1"},"canonical":"https:\/\/naturalpoland.com\/cs\/produkty\/produkty-pro-kosmeticky-prumysl\/esencialni-oleje\/olej-z-pepermintu\/","og_locale":"cs_CZ","og_type":"article","og_title":"M\u00e1tov\u00fd olej - NATURAL POLAND - Velkoobchodn\u00ed distributor surovin","og_description":"Esenci\u00e1ln\u00ed olej z m\u00e1ty peprn\u00e9, z\u00edsk\u00e1van\u00fd destilac\u00ed vodn\u00ed parou z list\u016f Mentha piperita, je surovinou pou\u017e\u00edvanou v p\u00e9\u010di o poko\u017eku a aromaterapii.","og_url":"https:\/\/naturalpoland.com\/cs\/produkty\/produkty-pro-kosmeticky-prumysl\/esencialni-oleje\/olej-z-pepermintu\/","og_site_name":"NATURAL POLAND - Velkoobchodn\u00ed distributor surovin","article_publisher":"https:\/\/www.facebook.com\/naturalpoland.b2b","og_image":[{"width":619,"height":619,"url":"https:\/\/naturalpoland.com\/wp-content\/uploads\/olejek-eteryczny-z-miety-pieprzowej.webp","type":"image\/webp"}],"schema":{"@context":"https:\/\/schema.org","@graph":[{"@type":"WebPage","@id":"https:\/\/naturalpoland.com\/cs\/produkty\/produkty-pro-kosmeticky-prumysl\/esencialni-oleje\/olej-z-pepermintu\/","url":"https:\/\/naturalpoland.com\/cs\/produkty\/produkty-pro-kosmeticky-prumysl\/esencialni-oleje\/olej-z-pepermintu\/","name":"M\u00e1tov\u00fd olej - NATURAL POLAND - Velkoobchodn\u00ed distributor surovin","isPartOf":{"@id":"https:\/\/naturalpoland.com\/cs\/#website"},"primaryImageOfPage":{"@id":"https:\/\/naturalpoland.com\/cs\/produkty\/produkty-pro-kosmeticky-prumysl\/esencialni-oleje\/olej-z-pepermintu\/#primaryimage"},"image":{"@id":"https:\/\/naturalpoland.com\/cs\/produkty\/produkty-pro-kosmeticky-prumysl\/esencialni-oleje\/olej-z-pepermintu\/#primaryimage"},"thumbnailUrl":"https:\/\/naturalpoland.com\/wp-content\/uploads\/olejek-eteryczny-z-miety-pieprzowej.webp","datePublished":"2024-10-21T12:53:59+00:00","description":"Esenci\u00e1ln\u00ed olej z m\u00e1ty peprn\u00e9, z\u00edsk\u00e1van\u00fd destilac\u00ed vodn\u00ed parou z list\u016f Mentha piperita, je surovinou pou\u017e\u00edvanou v p\u00e9\u010di o poko\u017eku a aromaterapii.","breadcrumb":{"@id":"https:\/\/naturalpoland.com\/cs\/produkty\/produkty-pro-kosmeticky-prumysl\/esencialni-oleje\/olej-z-pepermintu\/#breadcrumb"},"inLanguage":"cs","potentialAction":[{"@type":"ReadAction","target":["https:\/\/naturalpoland.com\/cs\/produkty\/produkty-pro-kosmeticky-prumysl\/esencialni-oleje\/olej-z-pepermintu\/"]}]},{"@type":"ImageObject","inLanguage":"cs","@id":"https:\/\/naturalpoland.com\/cs\/produkty\/produkty-pro-kosmeticky-prumysl\/esencialni-oleje\/olej-z-pepermintu\/#primaryimage","url":"https:\/\/naturalpoland.com\/wp-content\/uploads\/olejek-eteryczny-z-miety-pieprzowej.webp","contentUrl":"https:\/\/naturalpoland.com\/wp-content\/uploads\/olejek-eteryczny-z-miety-pieprzowej.webp","width":619,"height":619,"caption":"Olejek eteryczny z mi\u0119ty pieprzowej"},{"@type":"BreadcrumbList","@id":"https:\/\/naturalpoland.com\/cs\/produkty\/produkty-pro-kosmeticky-prumysl\/esencialni-oleje\/olej-z-pepermintu\/#breadcrumb","itemListElement":[{"@type":"ListItem","position":1,"name":"Dom\u016f","item":"https:\/\/naturalpoland.com\/cs\/"},{"@type":"ListItem","position":2,"name":"Produkty","item":"https:\/\/naturalpoland.com\/cs\/produkty\/"},{"@type":"ListItem","position":3,"name":"M\u00e1tov\u00fd olej"}]},{"@type":"WebSite","@id":"https:\/\/naturalpoland.com\/cs\/#website","url":"https:\/\/naturalpoland.com\/cs\/","name":"NATURAL POLAND - Velkoobchodn\u00ed distributor surovin","description":"Surowce dla przemys\u0142u spo\u017cywczego, kosmetycznego i farmaceutycznego","publisher":{"@id":"https:\/\/naturalpoland.com\/cs\/#organization"},"potentialAction":[{"@type":"SearchAction","target":{"@type":"EntryPoint","urlTemplate":"https:\/\/naturalpoland.com\/cs\/?s={search_term_string}"},"query-input":{"@type":"PropertyValueSpecification","valueRequired":true,"valueName":"search_term_string"}}],"inLanguage":"cs"},{"@type":"Organization","@id":"https:\/\/naturalpoland.com\/cs\/#organization","name":"Natural Poland","url":"https:\/\/naturalpoland.com\/cs\/","logo":{"@type":"ImageObject","inLanguage":"cs","@id":"https:\/\/naturalpoland.com\/cs\/#\/schema\/logo\/image\/","url":"https:\/\/naturalpoland.com\/wp-content\/uploads\/2021\/05\/natural-poland-icon.png","contentUrl":"https:\/\/naturalpoland.com\/wp-content\/uploads\/2021\/05\/natural-poland-icon.png","width":512,"height":512,"caption":"Natural Poland"},"image":{"@id":"https:\/\/naturalpoland.com\/cs\/#\/schema\/logo\/image\/"},"sameAs":["https:\/\/www.facebook.com\/naturalpoland.b2b","https:\/\/pl.linkedin.com\/company\/natural-poland","https:\/\/www.youtube.com\/channel\/UCgeGGkvOMahZo-xu_MSEWxg"]}]}},"_links":{"self":[{"href":"https:\/\/naturalpoland.com\/cs\/wp-json\/wp\/v2\/product\/37038","targetHints":{"allow":["GET"]}}],"collection":[{"href":"https:\/\/naturalpoland.com\/cs\/wp-json\/wp\/v2\/product"}],"about":[{"href":"https:\/\/naturalpoland.com\/cs\/wp-json\/wp\/v2\/types\/product"}],"wp:featuredmedia":[{"embeddable":true,"href":"https:\/\/naturalpoland.com\/cs\/wp-json\/wp\/v2\/media\/36784"}],"wp:attachment":[{"href":"https:\/\/naturalpoland.com\/cs\/wp-json\/wp\/v2\/media?parent=37038"}],"wp:term":[{"taxonomy":"product_brand","embeddable":true,"href":"https:\/\/naturalpoland.com\/cs\/wp-json\/wp\/v2\/product_brand?post=37038"},{"taxonomy":"product_cat","embeddable":true,"href":"https:\/\/naturalpoland.com\/cs\/wp-json\/wp\/v2\/product_cat?post=37038"},{"taxonomy":"product_tag","embeddable":true,"href":"https:\/\/naturalpoland.com\/cs\/wp-json\/wp\/v2\/product_tag?post=37038"}],"curies":[{"name":"wp","href":"https:\/\/api.w.org\/{rel}","templated":true}]}}