{"id":37049,"date":"2024-10-17T15:10:33","date_gmt":"2024-10-21T12:54:12","guid":{"rendered":"https:\/\/naturalpoland.com\/produkty\/neza\u0159azen\u00e9\/cedrovy-olej-2\/"},"modified":"2024-10-21T14:54:12","modified_gmt":"2024-10-21T12:54:12","slug":"cedrovy-olej-2","status":"publish","type":"product","link":"https:\/\/naturalpoland.com\/cs\/produkty\/produkty-pro-kosmeticky-prumysl\/esencialni-oleje\/cedrovy-olej-2\/","title":{"rendered":"Cedrov\u00fd olej"},"content":{"rendered":"<h2>Kosmetick\u00e9 pou\u017eit\u00ed:<\/h2>\n<p>Cedrov\u00fd olej se pou\u017e\u00edv\u00e1 v kosmetice na mastnou a akn\u00f3zn\u00ed ple\u0165 se stahuj\u00edc\u00edm \u00fa\u010dinkem. Pom\u00e1h\u00e1 regulovat vylu\u010dov\u00e1n\u00ed ko\u017en\u00edho mazu a p\u0159edch\u00e1zet mastn\u00e9 pleti. Ve vlasov\u00e9 kosmetice m\u00e1 posiluj\u00edc\u00ed \u00fa\u010dinek, kter\u00fd zabra\u0148uje vypad\u00e1v\u00e1n\u00ed vlas\u016f. M\u016f\u017ee se p\u0159id\u00e1vat do \u0161ampon\u016f a vt\u00edrat do poko\u017eky hlavy jako vlasov\u00fd olej na b\u00e1zi jojobov\u00e9ho oleje. <\/p>\n<h2>Pou\u017eit\u00ed v aromaterapii:<\/h2>\n<p>Olej z cedrov\u00e9ho d\u0159eva m\u00e1 uklid\u0148uj\u00edc\u00ed \u00fa\u010dinky, sni\u017euje stres a nervov\u00e9 nap\u011bt\u00ed a zlep\u0161uje koncentraci. Dob\u0159e se kombinuje s citrusov\u00fdmi oleji. Olej je tak\u00e9 \u00fa\u010dinn\u00fdm p\u0159\u00edrodn\u00edm repelentem proti kom\u00e1r\u016fm, kl\u00ed\u0161\u0165at\u016fm a dal\u0161\u00edmu hmyzu. Lze jej aplikovat na exponovan\u00e9 \u010d\u00e1sti t\u011bla, pokud je z\u0159ed\u011bn\u00fd v z\u00e1kladn\u00edm oleji nebo sm\u00edchan\u00fd s <a href=\"https:\/\/naturalpoland.com\/produkty\/produkty-dla-przemyslu-kosmetycznego\/olejki-eteryczne\/olejek-eukaliptusowy\/\">eukalyptov\u00fdm<\/a> a <a href=\"https:\/\/naturalpoland.com\/produkty\/produkty-dla-przemyslu-kosmetycznego\/olejki-eteryczne\/olejek-cytrynowy\/\">citronov\u00fdm<\/a> <a href=\"https:\/\/naturalpoland.com\/produkty\/produkty-dla-przemyslu-kosmetycznego\/olejki-eteryczne\/olejek-eukaliptusowy\/\">olejem<\/a>. <\/p>\n","protected":false},"excerpt":{"rendered":"<p><strong>Atlask\u00fd cedrov\u00fd olej<\/strong> se z\u00edsk\u00e1v\u00e1 ze d\u0159eva cedru, kter\u00fd roste v poho\u0159\u00ed Atlas v Maroku. Jeho hlubok\u00e1 d\u0159evit\u011b balzamick\u00e1 v\u016fn\u011b m\u00e1 l\u00e9\u010div\u00e9 \u00fa\u010dinky, kter\u00e9 byly cen\u011bny ji\u017e ve starov\u011bku. Pou\u017e\u00edval se k v\u00fdrob\u011b parf\u00e9m\u016f, ple\u0165ov\u00fdch vod a jako ochrana proti hmyzu.  <\/p>\n","protected":false},"featured_media":36797,"template":"","meta":[],"product_brand":[],"product_cat":[6262],"product_tag":[],"class_list":{"0":"post-37049","1":"product","2":"type-product","3":"status-publish","4":"has-post-thumbnail","6":"product_cat-esencialni-oleje","8":"first","9":"instock","10":"shipping-taxable","11":"product-type-simple"},"yoast_head":"<!-- This site is optimized with the Yoast SEO plugin v27.3 - https:\/\/yoast.com\/product\/yoast-seo-wordpress\/ -->\n<title>Cedrov\u00fd olej - NATURAL POLAND - Velkoobchodn\u00ed distributor surovin<\/title>\n<meta name=\"description\" content=\"Atlask\u00fd cedrov\u00fd olej se z\u00edsk\u00e1v\u00e1 ze d\u0159eva cedru, kter\u00fd roste v poho\u0159\u00ed Atlas v Maroku. Je zn\u00e1m\u00fd svou hlubokou d\u0159evit\u011b balzamickou v\u016fn\u00ed.\" \/>\n<meta name=\"robots\" content=\"index, follow, max-snippet:-1, max-image-preview:large, max-video-preview:-1\" \/>\n<link rel=\"canonical\" href=\"https:\/\/naturalpoland.com\/cs\/produkty\/produkty-pro-kosmeticky-prumysl\/esencialni-oleje\/cedrovy-olej-2\/\" \/>\n<meta property=\"og:locale\" content=\"cs_CZ\" \/>\n<meta property=\"og:type\" content=\"article\" \/>\n<meta property=\"og:title\" content=\"Cedrov\u00fd olej - NATURAL POLAND - Velkoobchodn\u00ed distributor surovin\" \/>\n<meta property=\"og:description\" content=\"Atlask\u00fd cedrov\u00fd olej se z\u00edsk\u00e1v\u00e1 ze d\u0159eva cedru, kter\u00fd roste v poho\u0159\u00ed Atlas v Maroku. Je zn\u00e1m\u00fd svou hlubokou d\u0159evit\u011b balzamickou v\u016fn\u00ed.\" \/>\n<meta property=\"og:url\" content=\"https:\/\/naturalpoland.com\/cs\/produkty\/produkty-pro-kosmeticky-prumysl\/esencialni-oleje\/cedrovy-olej-2\/\" \/>\n<meta property=\"og:site_name\" content=\"NATURAL POLAND - Velkoobchodn\u00ed distributor surovin\" \/>\n<meta property=\"article:publisher\" content=\"https:\/\/www.facebook.com\/naturalpoland.b2b\" \/>\n<meta property=\"og:image\" content=\"https:\/\/naturalpoland.com\/wp-content\/uploads\/olejek-cedrowy.webp\" \/>\n\t<meta property=\"og:image:width\" content=\"619\" \/>\n\t<meta property=\"og:image:height\" content=\"619\" \/>\n\t<meta property=\"og:image:type\" content=\"image\/webp\" \/>\n<script type=\"application\/ld+json\" class=\"yoast-schema-graph\">{\"@context\":\"https:\\\/\\\/schema.org\",\"@graph\":[{\"@type\":\"WebPage\",\"@id\":\"https:\\\/\\\/naturalpoland.com\\\/cs\\\/produkty\\\/produkty-pro-kosmeticky-prumysl\\\/esencialni-oleje\\\/cedrovy-olej-2\\\/\",\"url\":\"https:\\\/\\\/naturalpoland.com\\\/cs\\\/produkty\\\/produkty-pro-kosmeticky-prumysl\\\/esencialni-oleje\\\/cedrovy-olej-2\\\/\",\"name\":\"Cedrov\u00fd olej - NATURAL POLAND - Velkoobchodn\u00ed distributor surovin\",\"isPartOf\":{\"@id\":\"https:\\\/\\\/naturalpoland.com\\\/cs\\\/#website\"},\"primaryImageOfPage\":{\"@id\":\"https:\\\/\\\/naturalpoland.com\\\/cs\\\/produkty\\\/produkty-pro-kosmeticky-prumysl\\\/esencialni-oleje\\\/cedrovy-olej-2\\\/#primaryimage\"},\"image\":{\"@id\":\"https:\\\/\\\/naturalpoland.com\\\/cs\\\/produkty\\\/produkty-pro-kosmeticky-prumysl\\\/esencialni-oleje\\\/cedrovy-olej-2\\\/#primaryimage\"},\"thumbnailUrl\":\"https:\\\/\\\/naturalpoland.com\\\/wp-content\\\/uploads\\\/olejek-cedrowy.webp\",\"datePublished\":\"2024-10-21T12:54:12+00:00\",\"description\":\"Atlask\u00fd cedrov\u00fd olej se z\u00edsk\u00e1v\u00e1 ze d\u0159eva cedru, kter\u00fd roste v poho\u0159\u00ed Atlas v Maroku. Je zn\u00e1m\u00fd svou hlubokou d\u0159evit\u011b balzamickou v\u016fn\u00ed.\",\"breadcrumb\":{\"@id\":\"https:\\\/\\\/naturalpoland.com\\\/cs\\\/produkty\\\/produkty-pro-kosmeticky-prumysl\\\/esencialni-oleje\\\/cedrovy-olej-2\\\/#breadcrumb\"},\"inLanguage\":\"cs\",\"potentialAction\":[{\"@type\":\"ReadAction\",\"target\":[\"https:\\\/\\\/naturalpoland.com\\\/cs\\\/produkty\\\/produkty-pro-kosmeticky-prumysl\\\/esencialni-oleje\\\/cedrovy-olej-2\\\/\"]}]},{\"@type\":\"ImageObject\",\"inLanguage\":\"cs\",\"@id\":\"https:\\\/\\\/naturalpoland.com\\\/cs\\\/produkty\\\/produkty-pro-kosmeticky-prumysl\\\/esencialni-oleje\\\/cedrovy-olej-2\\\/#primaryimage\",\"url\":\"https:\\\/\\\/naturalpoland.com\\\/wp-content\\\/uploads\\\/olejek-cedrowy.webp\",\"contentUrl\":\"https:\\\/\\\/naturalpoland.com\\\/wp-content\\\/uploads\\\/olejek-cedrowy.webp\",\"width\":619,\"height\":619,\"caption\":\"Olejek Eteryczny z Cedru Atlaskiego\"},{\"@type\":\"BreadcrumbList\",\"@id\":\"https:\\\/\\\/naturalpoland.com\\\/cs\\\/produkty\\\/produkty-pro-kosmeticky-prumysl\\\/esencialni-oleje\\\/cedrovy-olej-2\\\/#breadcrumb\",\"itemListElement\":[{\"@type\":\"ListItem\",\"position\":1,\"name\":\"Dom\u016f\",\"item\":\"https:\\\/\\\/naturalpoland.com\\\/cs\\\/\"},{\"@type\":\"ListItem\",\"position\":2,\"name\":\"Produkty\",\"item\":\"https:\\\/\\\/naturalpoland.com\\\/cs\\\/produkty\\\/\"},{\"@type\":\"ListItem\",\"position\":3,\"name\":\"Cedrov\u00fd olej\"}]},{\"@type\":\"WebSite\",\"@id\":\"https:\\\/\\\/naturalpoland.com\\\/cs\\\/#website\",\"url\":\"https:\\\/\\\/naturalpoland.com\\\/cs\\\/\",\"name\":\"NATURAL POLAND - Velkoobchodn\u00ed distributor surovin\",\"description\":\"Surowce dla przemys\u0142u spo\u017cywczego, kosmetycznego i farmaceutycznego\",\"publisher\":{\"@id\":\"https:\\\/\\\/naturalpoland.com\\\/cs\\\/#organization\"},\"potentialAction\":[{\"@type\":\"SearchAction\",\"target\":{\"@type\":\"EntryPoint\",\"urlTemplate\":\"https:\\\/\\\/naturalpoland.com\\\/cs\\\/?s={search_term_string}\"},\"query-input\":{\"@type\":\"PropertyValueSpecification\",\"valueRequired\":true,\"valueName\":\"search_term_string\"}}],\"inLanguage\":\"cs\"},{\"@type\":\"Organization\",\"@id\":\"https:\\\/\\\/naturalpoland.com\\\/cs\\\/#organization\",\"name\":\"Natural Poland\",\"url\":\"https:\\\/\\\/naturalpoland.com\\\/cs\\\/\",\"logo\":{\"@type\":\"ImageObject\",\"inLanguage\":\"cs\",\"@id\":\"https:\\\/\\\/naturalpoland.com\\\/cs\\\/#\\\/schema\\\/logo\\\/image\\\/\",\"url\":\"https:\\\/\\\/naturalpoland.com\\\/wp-content\\\/uploads\\\/2021\\\/05\\\/natural-poland-icon.png\",\"contentUrl\":\"https:\\\/\\\/naturalpoland.com\\\/wp-content\\\/uploads\\\/2021\\\/05\\\/natural-poland-icon.png\",\"width\":512,\"height\":512,\"caption\":\"Natural Poland\"},\"image\":{\"@id\":\"https:\\\/\\\/naturalpoland.com\\\/cs\\\/#\\\/schema\\\/logo\\\/image\\\/\"},\"sameAs\":[\"https:\\\/\\\/www.facebook.com\\\/naturalpoland.b2b\",\"https:\\\/\\\/pl.linkedin.com\\\/company\\\/natural-poland\",\"https:\\\/\\\/www.youtube.com\\\/channel\\\/UCgeGGkvOMahZo-xu_MSEWxg\"]}]}<\/script>\n<!-- \/ Yoast SEO plugin. -->","yoast_head_json":{"title":"Cedrov\u00fd olej - NATURAL POLAND - Velkoobchodn\u00ed distributor surovin","description":"Atlask\u00fd cedrov\u00fd olej se z\u00edsk\u00e1v\u00e1 ze d\u0159eva cedru, kter\u00fd roste v poho\u0159\u00ed Atlas v Maroku. Je zn\u00e1m\u00fd svou hlubokou d\u0159evit\u011b balzamickou v\u016fn\u00ed.","robots":{"index":"index","follow":"follow","max-snippet":"max-snippet:-1","max-image-preview":"max-image-preview:large","max-video-preview":"max-video-preview:-1"},"canonical":"https:\/\/naturalpoland.com\/cs\/produkty\/produkty-pro-kosmeticky-prumysl\/esencialni-oleje\/cedrovy-olej-2\/","og_locale":"cs_CZ","og_type":"article","og_title":"Cedrov\u00fd olej - NATURAL POLAND - Velkoobchodn\u00ed distributor surovin","og_description":"Atlask\u00fd cedrov\u00fd olej se z\u00edsk\u00e1v\u00e1 ze d\u0159eva cedru, kter\u00fd roste v poho\u0159\u00ed Atlas v Maroku. Je zn\u00e1m\u00fd svou hlubokou d\u0159evit\u011b balzamickou v\u016fn\u00ed.","og_url":"https:\/\/naturalpoland.com\/cs\/produkty\/produkty-pro-kosmeticky-prumysl\/esencialni-oleje\/cedrovy-olej-2\/","og_site_name":"NATURAL POLAND - Velkoobchodn\u00ed distributor surovin","article_publisher":"https:\/\/www.facebook.com\/naturalpoland.b2b","og_image":[{"width":619,"height":619,"url":"https:\/\/naturalpoland.com\/wp-content\/uploads\/olejek-cedrowy.webp","type":"image\/webp"}],"schema":{"@context":"https:\/\/schema.org","@graph":[{"@type":"WebPage","@id":"https:\/\/naturalpoland.com\/cs\/produkty\/produkty-pro-kosmeticky-prumysl\/esencialni-oleje\/cedrovy-olej-2\/","url":"https:\/\/naturalpoland.com\/cs\/produkty\/produkty-pro-kosmeticky-prumysl\/esencialni-oleje\/cedrovy-olej-2\/","name":"Cedrov\u00fd olej - NATURAL POLAND - Velkoobchodn\u00ed distributor surovin","isPartOf":{"@id":"https:\/\/naturalpoland.com\/cs\/#website"},"primaryImageOfPage":{"@id":"https:\/\/naturalpoland.com\/cs\/produkty\/produkty-pro-kosmeticky-prumysl\/esencialni-oleje\/cedrovy-olej-2\/#primaryimage"},"image":{"@id":"https:\/\/naturalpoland.com\/cs\/produkty\/produkty-pro-kosmeticky-prumysl\/esencialni-oleje\/cedrovy-olej-2\/#primaryimage"},"thumbnailUrl":"https:\/\/naturalpoland.com\/wp-content\/uploads\/olejek-cedrowy.webp","datePublished":"2024-10-21T12:54:12+00:00","description":"Atlask\u00fd cedrov\u00fd olej se z\u00edsk\u00e1v\u00e1 ze d\u0159eva cedru, kter\u00fd roste v poho\u0159\u00ed Atlas v Maroku. Je zn\u00e1m\u00fd svou hlubokou d\u0159evit\u011b balzamickou v\u016fn\u00ed.","breadcrumb":{"@id":"https:\/\/naturalpoland.com\/cs\/produkty\/produkty-pro-kosmeticky-prumysl\/esencialni-oleje\/cedrovy-olej-2\/#breadcrumb"},"inLanguage":"cs","potentialAction":[{"@type":"ReadAction","target":["https:\/\/naturalpoland.com\/cs\/produkty\/produkty-pro-kosmeticky-prumysl\/esencialni-oleje\/cedrovy-olej-2\/"]}]},{"@type":"ImageObject","inLanguage":"cs","@id":"https:\/\/naturalpoland.com\/cs\/produkty\/produkty-pro-kosmeticky-prumysl\/esencialni-oleje\/cedrovy-olej-2\/#primaryimage","url":"https:\/\/naturalpoland.com\/wp-content\/uploads\/olejek-cedrowy.webp","contentUrl":"https:\/\/naturalpoland.com\/wp-content\/uploads\/olejek-cedrowy.webp","width":619,"height":619,"caption":"Olejek Eteryczny z Cedru Atlaskiego"},{"@type":"BreadcrumbList","@id":"https:\/\/naturalpoland.com\/cs\/produkty\/produkty-pro-kosmeticky-prumysl\/esencialni-oleje\/cedrovy-olej-2\/#breadcrumb","itemListElement":[{"@type":"ListItem","position":1,"name":"Dom\u016f","item":"https:\/\/naturalpoland.com\/cs\/"},{"@type":"ListItem","position":2,"name":"Produkty","item":"https:\/\/naturalpoland.com\/cs\/produkty\/"},{"@type":"ListItem","position":3,"name":"Cedrov\u00fd olej"}]},{"@type":"WebSite","@id":"https:\/\/naturalpoland.com\/cs\/#website","url":"https:\/\/naturalpoland.com\/cs\/","name":"NATURAL POLAND - Velkoobchodn\u00ed distributor surovin","description":"Surowce dla przemys\u0142u spo\u017cywczego, kosmetycznego i farmaceutycznego","publisher":{"@id":"https:\/\/naturalpoland.com\/cs\/#organization"},"potentialAction":[{"@type":"SearchAction","target":{"@type":"EntryPoint","urlTemplate":"https:\/\/naturalpoland.com\/cs\/?s={search_term_string}"},"query-input":{"@type":"PropertyValueSpecification","valueRequired":true,"valueName":"search_term_string"}}],"inLanguage":"cs"},{"@type":"Organization","@id":"https:\/\/naturalpoland.com\/cs\/#organization","name":"Natural Poland","url":"https:\/\/naturalpoland.com\/cs\/","logo":{"@type":"ImageObject","inLanguage":"cs","@id":"https:\/\/naturalpoland.com\/cs\/#\/schema\/logo\/image\/","url":"https:\/\/naturalpoland.com\/wp-content\/uploads\/2021\/05\/natural-poland-icon.png","contentUrl":"https:\/\/naturalpoland.com\/wp-content\/uploads\/2021\/05\/natural-poland-icon.png","width":512,"height":512,"caption":"Natural Poland"},"image":{"@id":"https:\/\/naturalpoland.com\/cs\/#\/schema\/logo\/image\/"},"sameAs":["https:\/\/www.facebook.com\/naturalpoland.b2b","https:\/\/pl.linkedin.com\/company\/natural-poland","https:\/\/www.youtube.com\/channel\/UCgeGGkvOMahZo-xu_MSEWxg"]}]}},"_links":{"self":[{"href":"https:\/\/naturalpoland.com\/cs\/wp-json\/wp\/v2\/product\/37049","targetHints":{"allow":["GET"]}}],"collection":[{"href":"https:\/\/naturalpoland.com\/cs\/wp-json\/wp\/v2\/product"}],"about":[{"href":"https:\/\/naturalpoland.com\/cs\/wp-json\/wp\/v2\/types\/product"}],"wp:featuredmedia":[{"embeddable":true,"href":"https:\/\/naturalpoland.com\/cs\/wp-json\/wp\/v2\/media\/36797"}],"wp:attachment":[{"href":"https:\/\/naturalpoland.com\/cs\/wp-json\/wp\/v2\/media?parent=37049"}],"wp:term":[{"taxonomy":"product_brand","embeddable":true,"href":"https:\/\/naturalpoland.com\/cs\/wp-json\/wp\/v2\/product_brand?post=37049"},{"taxonomy":"product_cat","embeddable":true,"href":"https:\/\/naturalpoland.com\/cs\/wp-json\/wp\/v2\/product_cat?post=37049"},{"taxonomy":"product_tag","embeddable":true,"href":"https:\/\/naturalpoland.com\/cs\/wp-json\/wp\/v2\/product_tag?post=37049"}],"curies":[{"name":"wp","href":"https:\/\/api.w.org\/{rel}","templated":true}]}}