{"id":37126,"date":"2024-10-23T14:01:26","date_gmt":"2024-10-24T07:59:13","guid":{"rendered":"https:\/\/naturalpoland.com\/produkty\/neza\u0159azen\u00e9\/kaprylo-kapric-triglycerid\/"},"modified":"2024-10-24T09:59:13","modified_gmt":"2024-10-24T07:59:13","slug":"kaprylo-kapric-triglycerid","status":"publish","type":"product","link":"https:\/\/naturalpoland.com\/cs\/produkty\/produkty-pro-kosmeticky-prumysl\/kosmeticke-suroviny\/kaprylo-kapric-triglycerid\/","title":{"rendered":"Triglyceridy kaprylov\u00e9\/kaprilov\u00e9"},"content":{"rendered":"<h2>Vlastnosti:<\/h2>\n<p>Triglycerid kaprylov\u00fd\/kaprilov\u00fd je kosmetick\u00e1 slo\u017eka, kter\u00e1 p\u016fsob\u00ed jako modifik\u00e1tor reologie, co\u017e znamen\u00e1, \u017ee zlep\u0161uje konzistenci v\u00fdrobku zv\u00fd\u0161en\u00edm jeho viskozity. D\u00edky sv\u00e9 olejovit\u00e9 struktu\u0159e tato l\u00e1tka usnad\u0148uje nan\u00e1\u0161en\u00ed kosmetick\u00fdch p\u0159\u00edpravk\u016f a zaji\u0161\u0165uje jejich lep\u0161\u00ed skluz. Kaprylo-kapricov\u00e9 triglyceridy p\u016fsob\u00ed jako mastn\u00fd <strong>zvl\u00e1\u010d\u0148uj\u00edc\u00ed prost\u0159edek,<\/strong> kter\u00fd na povrchu poko\u017eky a vlas\u016f vytv\u00e1\u0159\u00ed ochrannou okluzivn\u00ed vrstvu (film). Tato vrstva zabra\u0148uje nadm\u011brn\u00e9mu odpa\u0159ov\u00e1n\u00ed vody. L\u00e1tka o\u0161et\u0159uje poko\u017eku, zjem\u0148uje ji a vyhlazuje, a zlep\u0161uje strukturu vlas\u016f, tak\u017ee jsou jemn\u00e9 a hladk\u00e9. V \u010dist\u00e9 form\u011b m\u016f\u017ee p\u0159\u00edpravek podporovat tvorbu \u010dern\u00fdch te\u010dek (komedogenita), proto se nejl\u00e9pe pou\u017e\u00edv\u00e1 v kosmetick\u00fdch p\u0159\u00edpravc\u00edch. <\/p>\n<h2>Pou\u017eit\u00ed:<\/h2>\n<ul>\n<li>P\u0159\u00edpravky pro p\u00e9\u010di o ple\u0165: kr\u00e9my, ple\u0165ov\u00e9 vody, s\u00e9ra<\/li>\n<li>Vlasov\u00e1 kosmetika: kondicion\u00e9ry, masky, oleje<\/li>\n<li>Koupac\u00ed a myc\u00ed prost\u0159edky<\/li>\n<li>P\u0159\u00edpravky na citlivou a suchou poko\u017eku<\/li>\n<\/ul>\n<p>&nbsp;<\/p>\n","protected":false},"excerpt":{"rendered":"<p><strong>Kaprylo-kapricov\u00e9 triglyceridy (MCT)<\/strong> jsou sm\u011bs\u00ed mastn\u00fdch kyselin se st\u0159edn\u011b dlouh\u00fdm \u0159et\u011bzcem, p\u0159edev\u0161\u00edm kyseliny kaprylov\u00e9 (C8) a kaprinov\u00e9 (C10). Poch\u00e1zej\u00ed z rostlinn\u00fdch olej\u016f, jako jsou nap\u0159. <a href=\"https:\/\/naturalpoland.com\/produkty\/oleje-spozywcze-i-kosmetyczne\/olej-kokosowy\/\"><strong>kokosov\u00fd olej<\/strong><\/a>. Maj\u00ed podobu bezbarv\u00e9, \u010dir\u00e9 kapaliny s velmi n\u00edzkou viskozitou, tak\u017ee se snadno rozt\u00edraj\u00ed na k\u016f\u017ei a rychle vst\u0159eb\u00e1vaj\u00ed.  <\/p>\n","protected":false},"featured_media":37081,"template":"","meta":{"_acf_changed":false},"product_brand":[],"product_cat":[638],"product_tag":[],"class_list":{"0":"post-37126","1":"product","2":"type-product","3":"status-publish","4":"has-post-thumbnail","6":"product_cat-kosmeticke-suroviny","7":"pa_grupa-substancji-emoliencia","9":"first","10":"instock","11":"shipping-taxable","12":"product-type-simple"},"acf":[],"yoast_head":"<!-- This site is optimized with the Yoast SEO plugin v27.5 - https:\/\/yoast.com\/product\/yoast-seo-wordpress\/ -->\n<title>Triglyceridy kaprylov\u00e9\/kaprilov\u00e9 - NATURAL POLAND - Velkoobchodn\u00ed distributor surovin<\/title>\n<meta name=\"description\" content=\"Triglycerid kaprylov\u00fd\/kaprilov\u00fd je kosmetick\u00e1 slo\u017eka, kter\u00e1 zlep\u0161uje aplikaci p\u0159\u00edpravk\u016f a stav poko\u017eky a vlas\u016f.\" \/>\n<meta name=\"robots\" content=\"index, follow, max-snippet:-1, max-image-preview:large, max-video-preview:-1\" \/>\n<link rel=\"canonical\" href=\"https:\/\/naturalpoland.com\/cs\/produkty\/produkty-pro-kosmeticky-prumysl\/kosmeticke-suroviny\/kaprylo-kapric-triglycerid\/\" \/>\n<meta property=\"og:locale\" content=\"cs_CZ\" \/>\n<meta property=\"og:type\" content=\"article\" \/>\n<meta property=\"og:title\" content=\"Triglyceridy kaprylov\u00e9\/kaprilov\u00e9 - NATURAL POLAND - Velkoobchodn\u00ed distributor surovin\" \/>\n<meta property=\"og:description\" content=\"Triglycerid kaprylov\u00fd\/kaprilov\u00fd je kosmetick\u00e1 slo\u017eka, kter\u00e1 zlep\u0161uje aplikaci p\u0159\u00edpravk\u016f a stav poko\u017eky a vlas\u016f.\" \/>\n<meta property=\"og:url\" content=\"https:\/\/naturalpoland.com\/cs\/produkty\/produkty-pro-kosmeticky-prumysl\/kosmeticke-suroviny\/kaprylo-kapric-triglycerid\/\" \/>\n<meta property=\"og:site_name\" content=\"NATURAL POLAND - Velkoobchodn\u00ed distributor surovin\" \/>\n<meta property=\"article:publisher\" content=\"https:\/\/www.facebook.com\/naturalpoland.b2b\" \/>\n<meta property=\"og:image\" content=\"https:\/\/naturalpoland.com\/wp-content\/uploads\/caprylic-capric-triglyceride-.webp\" \/>\n\t<meta property=\"og:image:width\" content=\"426\" \/>\n\t<meta property=\"og:image:height\" content=\"426\" \/>\n\t<meta property=\"og:image:type\" content=\"image\/webp\" \/>\n<script type=\"application\/ld+json\" class=\"yoast-schema-graph\">{\"@context\":\"https:\\\/\\\/schema.org\",\"@graph\":[{\"@type\":\"WebPage\",\"@id\":\"https:\\\/\\\/naturalpoland.com\\\/cs\\\/produkty\\\/produkty-pro-kosmeticky-prumysl\\\/kosmeticke-suroviny\\\/kaprylo-kapric-triglycerid\\\/\",\"url\":\"https:\\\/\\\/naturalpoland.com\\\/cs\\\/produkty\\\/produkty-pro-kosmeticky-prumysl\\\/kosmeticke-suroviny\\\/kaprylo-kapric-triglycerid\\\/\",\"name\":\"Triglyceridy kaprylov\u00e9\\\/kaprilov\u00e9 - NATURAL POLAND - Velkoobchodn\u00ed distributor surovin\",\"isPartOf\":{\"@id\":\"https:\\\/\\\/naturalpoland.com\\\/cs\\\/#website\"},\"primaryImageOfPage\":{\"@id\":\"https:\\\/\\\/naturalpoland.com\\\/cs\\\/produkty\\\/produkty-pro-kosmeticky-prumysl\\\/kosmeticke-suroviny\\\/kaprylo-kapric-triglycerid\\\/#primaryimage\"},\"image\":{\"@id\":\"https:\\\/\\\/naturalpoland.com\\\/cs\\\/produkty\\\/produkty-pro-kosmeticky-prumysl\\\/kosmeticke-suroviny\\\/kaprylo-kapric-triglycerid\\\/#primaryimage\"},\"thumbnailUrl\":\"https:\\\/\\\/naturalpoland.com\\\/wp-content\\\/uploads\\\/caprylic-capric-triglyceride-.webp\",\"datePublished\":\"2024-10-24T07:59:13+00:00\",\"description\":\"Triglycerid kaprylov\u00fd\\\/kaprilov\u00fd je kosmetick\u00e1 slo\u017eka, kter\u00e1 zlep\u0161uje aplikaci p\u0159\u00edpravk\u016f a stav poko\u017eky a vlas\u016f.\",\"breadcrumb\":{\"@id\":\"https:\\\/\\\/naturalpoland.com\\\/cs\\\/produkty\\\/produkty-pro-kosmeticky-prumysl\\\/kosmeticke-suroviny\\\/kaprylo-kapric-triglycerid\\\/#breadcrumb\"},\"inLanguage\":\"cs\",\"potentialAction\":[{\"@type\":\"ReadAction\",\"target\":[\"https:\\\/\\\/naturalpoland.com\\\/cs\\\/produkty\\\/produkty-pro-kosmeticky-prumysl\\\/kosmeticke-suroviny\\\/kaprylo-kapric-triglycerid\\\/\"]}]},{\"@type\":\"ImageObject\",\"inLanguage\":\"cs\",\"@id\":\"https:\\\/\\\/naturalpoland.com\\\/cs\\\/produkty\\\/produkty-pro-kosmeticky-prumysl\\\/kosmeticke-suroviny\\\/kaprylo-kapric-triglycerid\\\/#primaryimage\",\"url\":\"https:\\\/\\\/naturalpoland.com\\\/wp-content\\\/uploads\\\/caprylic-capric-triglyceride-.webp\",\"contentUrl\":\"https:\\\/\\\/naturalpoland.com\\\/wp-content\\\/uploads\\\/caprylic-capric-triglyceride-.webp\",\"width\":426,\"height\":426,\"caption\":\"Caprylic\\\/Capric Triglyceride\"},{\"@type\":\"BreadcrumbList\",\"@id\":\"https:\\\/\\\/naturalpoland.com\\\/cs\\\/produkty\\\/produkty-pro-kosmeticky-prumysl\\\/kosmeticke-suroviny\\\/kaprylo-kapric-triglycerid\\\/#breadcrumb\",\"itemListElement\":[{\"@type\":\"ListItem\",\"position\":1,\"name\":\"Dom\u016f\",\"item\":\"https:\\\/\\\/naturalpoland.com\\\/cs\\\/\"},{\"@type\":\"ListItem\",\"position\":2,\"name\":\"Produkty\",\"item\":\"https:\\\/\\\/naturalpoland.com\\\/cs\\\/produkty\\\/\"},{\"@type\":\"ListItem\",\"position\":3,\"name\":\"Triglyceridy kaprylov\u00e9\\\/kaprilov\u00e9\"}]},{\"@type\":\"WebSite\",\"@id\":\"https:\\\/\\\/naturalpoland.com\\\/cs\\\/#website\",\"url\":\"https:\\\/\\\/naturalpoland.com\\\/cs\\\/\",\"name\":\"NATURAL POLAND - Velkoobchodn\u00ed distributor surovin\",\"description\":\"Surowce dla przemys\u0142u spo\u017cywczego, kosmetycznego i farmaceutycznego\",\"publisher\":{\"@id\":\"https:\\\/\\\/naturalpoland.com\\\/cs\\\/#organization\"},\"potentialAction\":[{\"@type\":\"SearchAction\",\"target\":{\"@type\":\"EntryPoint\",\"urlTemplate\":\"https:\\\/\\\/naturalpoland.com\\\/cs\\\/?s={search_term_string}\"},\"query-input\":{\"@type\":\"PropertyValueSpecification\",\"valueRequired\":true,\"valueName\":\"search_term_string\"}}],\"inLanguage\":\"cs\"},{\"@type\":\"Organization\",\"@id\":\"https:\\\/\\\/naturalpoland.com\\\/cs\\\/#organization\",\"name\":\"Natural Poland\",\"url\":\"https:\\\/\\\/naturalpoland.com\\\/cs\\\/\",\"logo\":{\"@type\":\"ImageObject\",\"inLanguage\":\"cs\",\"@id\":\"https:\\\/\\\/naturalpoland.com\\\/cs\\\/#\\\/schema\\\/logo\\\/image\\\/\",\"url\":\"https:\\\/\\\/naturalpoland.com\\\/wp-content\\\/uploads\\\/2021\\\/05\\\/natural-poland-icon.png\",\"contentUrl\":\"https:\\\/\\\/naturalpoland.com\\\/wp-content\\\/uploads\\\/2021\\\/05\\\/natural-poland-icon.png\",\"width\":512,\"height\":512,\"caption\":\"Natural Poland\"},\"image\":{\"@id\":\"https:\\\/\\\/naturalpoland.com\\\/cs\\\/#\\\/schema\\\/logo\\\/image\\\/\"},\"sameAs\":[\"https:\\\/\\\/www.facebook.com\\\/naturalpoland.b2b\",\"https:\\\/\\\/pl.linkedin.com\\\/company\\\/natural-poland\",\"https:\\\/\\\/www.youtube.com\\\/channel\\\/UCgeGGkvOMahZo-xu_MSEWxg\"]}]}<\/script>\n<!-- \/ Yoast SEO plugin. -->","yoast_head_json":{"title":"Triglyceridy kaprylov\u00e9\/kaprilov\u00e9 - NATURAL POLAND - Velkoobchodn\u00ed distributor surovin","description":"Triglycerid kaprylov\u00fd\/kaprilov\u00fd je kosmetick\u00e1 slo\u017eka, kter\u00e1 zlep\u0161uje aplikaci p\u0159\u00edpravk\u016f a stav poko\u017eky a vlas\u016f.","robots":{"index":"index","follow":"follow","max-snippet":"max-snippet:-1","max-image-preview":"max-image-preview:large","max-video-preview":"max-video-preview:-1"},"canonical":"https:\/\/naturalpoland.com\/cs\/produkty\/produkty-pro-kosmeticky-prumysl\/kosmeticke-suroviny\/kaprylo-kapric-triglycerid\/","og_locale":"cs_CZ","og_type":"article","og_title":"Triglyceridy kaprylov\u00e9\/kaprilov\u00e9 - NATURAL POLAND - Velkoobchodn\u00ed distributor surovin","og_description":"Triglycerid kaprylov\u00fd\/kaprilov\u00fd je kosmetick\u00e1 slo\u017eka, kter\u00e1 zlep\u0161uje aplikaci p\u0159\u00edpravk\u016f a stav poko\u017eky a vlas\u016f.","og_url":"https:\/\/naturalpoland.com\/cs\/produkty\/produkty-pro-kosmeticky-prumysl\/kosmeticke-suroviny\/kaprylo-kapric-triglycerid\/","og_site_name":"NATURAL POLAND - Velkoobchodn\u00ed distributor surovin","article_publisher":"https:\/\/www.facebook.com\/naturalpoland.b2b","og_image":[{"width":426,"height":426,"url":"https:\/\/naturalpoland.com\/wp-content\/uploads\/caprylic-capric-triglyceride-.webp","type":"image\/webp"}],"schema":{"@context":"https:\/\/schema.org","@graph":[{"@type":"WebPage","@id":"https:\/\/naturalpoland.com\/cs\/produkty\/produkty-pro-kosmeticky-prumysl\/kosmeticke-suroviny\/kaprylo-kapric-triglycerid\/","url":"https:\/\/naturalpoland.com\/cs\/produkty\/produkty-pro-kosmeticky-prumysl\/kosmeticke-suroviny\/kaprylo-kapric-triglycerid\/","name":"Triglyceridy kaprylov\u00e9\/kaprilov\u00e9 - NATURAL POLAND - Velkoobchodn\u00ed distributor surovin","isPartOf":{"@id":"https:\/\/naturalpoland.com\/cs\/#website"},"primaryImageOfPage":{"@id":"https:\/\/naturalpoland.com\/cs\/produkty\/produkty-pro-kosmeticky-prumysl\/kosmeticke-suroviny\/kaprylo-kapric-triglycerid\/#primaryimage"},"image":{"@id":"https:\/\/naturalpoland.com\/cs\/produkty\/produkty-pro-kosmeticky-prumysl\/kosmeticke-suroviny\/kaprylo-kapric-triglycerid\/#primaryimage"},"thumbnailUrl":"https:\/\/naturalpoland.com\/wp-content\/uploads\/caprylic-capric-triglyceride-.webp","datePublished":"2024-10-24T07:59:13+00:00","description":"Triglycerid kaprylov\u00fd\/kaprilov\u00fd je kosmetick\u00e1 slo\u017eka, kter\u00e1 zlep\u0161uje aplikaci p\u0159\u00edpravk\u016f a stav poko\u017eky a vlas\u016f.","breadcrumb":{"@id":"https:\/\/naturalpoland.com\/cs\/produkty\/produkty-pro-kosmeticky-prumysl\/kosmeticke-suroviny\/kaprylo-kapric-triglycerid\/#breadcrumb"},"inLanguage":"cs","potentialAction":[{"@type":"ReadAction","target":["https:\/\/naturalpoland.com\/cs\/produkty\/produkty-pro-kosmeticky-prumysl\/kosmeticke-suroviny\/kaprylo-kapric-triglycerid\/"]}]},{"@type":"ImageObject","inLanguage":"cs","@id":"https:\/\/naturalpoland.com\/cs\/produkty\/produkty-pro-kosmeticky-prumysl\/kosmeticke-suroviny\/kaprylo-kapric-triglycerid\/#primaryimage","url":"https:\/\/naturalpoland.com\/wp-content\/uploads\/caprylic-capric-triglyceride-.webp","contentUrl":"https:\/\/naturalpoland.com\/wp-content\/uploads\/caprylic-capric-triglyceride-.webp","width":426,"height":426,"caption":"Caprylic\/Capric Triglyceride"},{"@type":"BreadcrumbList","@id":"https:\/\/naturalpoland.com\/cs\/produkty\/produkty-pro-kosmeticky-prumysl\/kosmeticke-suroviny\/kaprylo-kapric-triglycerid\/#breadcrumb","itemListElement":[{"@type":"ListItem","position":1,"name":"Dom\u016f","item":"https:\/\/naturalpoland.com\/cs\/"},{"@type":"ListItem","position":2,"name":"Produkty","item":"https:\/\/naturalpoland.com\/cs\/produkty\/"},{"@type":"ListItem","position":3,"name":"Triglyceridy kaprylov\u00e9\/kaprilov\u00e9"}]},{"@type":"WebSite","@id":"https:\/\/naturalpoland.com\/cs\/#website","url":"https:\/\/naturalpoland.com\/cs\/","name":"NATURAL POLAND - Velkoobchodn\u00ed distributor surovin","description":"Surowce dla przemys\u0142u spo\u017cywczego, kosmetycznego i farmaceutycznego","publisher":{"@id":"https:\/\/naturalpoland.com\/cs\/#organization"},"potentialAction":[{"@type":"SearchAction","target":{"@type":"EntryPoint","urlTemplate":"https:\/\/naturalpoland.com\/cs\/?s={search_term_string}"},"query-input":{"@type":"PropertyValueSpecification","valueRequired":true,"valueName":"search_term_string"}}],"inLanguage":"cs"},{"@type":"Organization","@id":"https:\/\/naturalpoland.com\/cs\/#organization","name":"Natural Poland","url":"https:\/\/naturalpoland.com\/cs\/","logo":{"@type":"ImageObject","inLanguage":"cs","@id":"https:\/\/naturalpoland.com\/cs\/#\/schema\/logo\/image\/","url":"https:\/\/naturalpoland.com\/wp-content\/uploads\/2021\/05\/natural-poland-icon.png","contentUrl":"https:\/\/naturalpoland.com\/wp-content\/uploads\/2021\/05\/natural-poland-icon.png","width":512,"height":512,"caption":"Natural Poland"},"image":{"@id":"https:\/\/naturalpoland.com\/cs\/#\/schema\/logo\/image\/"},"sameAs":["https:\/\/www.facebook.com\/naturalpoland.b2b","https:\/\/pl.linkedin.com\/company\/natural-poland","https:\/\/www.youtube.com\/channel\/UCgeGGkvOMahZo-xu_MSEWxg"]}]}},"_links":{"self":[{"href":"https:\/\/naturalpoland.com\/cs\/wp-json\/wp\/v2\/product\/37126","targetHints":{"allow":["GET"]}}],"collection":[{"href":"https:\/\/naturalpoland.com\/cs\/wp-json\/wp\/v2\/product"}],"about":[{"href":"https:\/\/naturalpoland.com\/cs\/wp-json\/wp\/v2\/types\/product"}],"wp:featuredmedia":[{"embeddable":true,"href":"https:\/\/naturalpoland.com\/cs\/wp-json\/wp\/v2\/media\/37081"}],"wp:attachment":[{"href":"https:\/\/naturalpoland.com\/cs\/wp-json\/wp\/v2\/media?parent=37126"}],"wp:term":[{"taxonomy":"product_brand","embeddable":true,"href":"https:\/\/naturalpoland.com\/cs\/wp-json\/wp\/v2\/product_brand?post=37126"},{"taxonomy":"product_cat","embeddable":true,"href":"https:\/\/naturalpoland.com\/cs\/wp-json\/wp\/v2\/product_cat?post=37126"},{"taxonomy":"product_tag","embeddable":true,"href":"https:\/\/naturalpoland.com\/cs\/wp-json\/wp\/v2\/product_tag?post=37126"}],"curies":[{"name":"wp","href":"https:\/\/api.w.org\/{rel}","templated":true}]}}