{"id":37130,"date":"2024-10-23T14:43:12","date_gmt":"2024-10-24T07:59:26","guid":{"rendered":"https:\/\/naturalpoland.com\/produkty\/neza\u0159azen\u00e9\/cetearylalkohol\/"},"modified":"2024-10-24T09:59:26","modified_gmt":"2024-10-24T07:59:26","slug":"cetearylalkohol","status":"publish","type":"product","link":"https:\/\/naturalpoland.com\/cs\/produkty\/produkty-pro-kosmeticky-prumysl\/kosmeticke-suroviny\/cetearylalkohol\/","title":{"rendered":"Cetearylalkohol"},"content":{"rendered":"<h2>Funkce a akce:<\/h2>\n<p>Hlavn\u00ed funkc\u00ed cetearylalkoholu je stabilizovat emulze a zabr\u00e1nit rozd\u011blov\u00e1n\u00ed olejov\u00fdch a vodn\u00fdch slo\u017eek. P\u016fsob\u00ed tak\u00e9 jako zahu\u0161\u0165ovadlo, proto\u017ee dod\u00e1v\u00e1 v\u00fdrobk\u016fm spr\u00e1vnou kr\u00e9movou strukturu, \u010d\u00edm\u017e zlep\u0161uje komfort jejich aplikace. Cetearylalkohol je <strong>mastn\u00fd zvl\u00e1\u010d\u0148uj\u00edc\u00ed prost\u0159edek,<\/strong> kter\u00fd na povrchu poko\u017eky a vlas\u016f vytv\u00e1\u0159\u00ed ochrann\u00fd film, zadr\u017euje vlhkost a zabra\u0148uje nadm\u011brn\u00e9mu odpa\u0159ov\u00e1n\u00ed vody (TEWL &#8211; transepiderm\u00e1ln\u00ed ztr\u00e1ta vody). D\u00edky tomu m\u00e1 hydrata\u010dn\u00ed, zjem\u0148uj\u00edc\u00ed a vyhlazuj\u00edc\u00ed \u00fa\u010dinek. Je obl\u00edbenou surovinou v p\u0159\u00edpravc\u00edch pro suchou, citlivou poko\u017eku a vlasy, kter\u00e9 pot\u0159ebuj\u00ed intenzivn\u00ed regeneraci. V \u010distic\u00edch p\u0159\u00edpravc\u00edch, jako jsou odli\u010dovac\u00ed ml\u00e9ka a oleje, usnad\u0148uje odstra\u0148ov\u00e1n\u00ed ne\u010distot a ko\u017en\u00edho mazu a z\u00e1rove\u0148 nedr\u00e1\u017ed\u00ed poko\u017eku. <\/p>\n<h2>Pou\u017eit\u00ed:<\/h2>\n<ul>\n<li>T\u011blov\u00e9 kr\u00e9my a ml\u00e9ka<\/li>\n<li>Kondicion\u00e9ry a masky na vlasy<\/li>\n<li>Odli\u010dovac\u00ed ml\u00e9ka a oleje<\/li>\n<li>Opalovac\u00ed kr\u00e9my<\/li>\n<li>T\u011blov\u00e9 m\u00e1slo<\/li>\n<li>\u0158asenky a barvy na vlasy<\/li>\n<\/ul>\n","protected":false},"excerpt":{"rendered":"<p><strong>Cetearylalkohol<\/strong> je obl\u00edben\u00e1 kosmetick\u00e1 slo\u017eka s texturovac\u00edmi vlastnostmi, kter\u00e1 se pou\u017e\u00edv\u00e1 v r\u016fzn\u00fdch p\u0159\u00edpravc\u00edch pro p\u00e9\u010di o ple\u0165 a vlasy.<\/p>\n","protected":false},"featured_media":37094,"template":"","meta":{"_acf_changed":false},"product_brand":[],"product_cat":[638],"product_tag":[],"class_list":{"0":"post-37130","1":"product","2":"type-product","3":"status-publish","4":"has-post-thumbnail","6":"product_cat-kosmeticke-suroviny","7":"pa_grupa-substancji-emoliencia","9":"first","10":"instock","11":"shipping-taxable","12":"product-type-simple"},"acf":[],"yoast_head":"<!-- This site is optimized with the Yoast SEO plugin v27.4 - https:\/\/yoast.com\/product\/yoast-seo-wordpress\/ -->\n<title>Cetearylalkohol - NATURAL POLAND - Velkoobchodn\u00ed distributor surovin<\/title>\n<meta name=\"description\" content=\"Cetearylalkohol hraje v kosmetice kl\u00ed\u010dovou roli jako zm\u011bk\u010dovadlo, zahu\u0161\u0165ovadlo a stabiliz\u00e1tor emulze. Je uzn\u00e1v\u00e1n jako bezpe\u010dn\u00e1 kosmetick\u00e1 slo\u017eka.\" \/>\n<meta name=\"robots\" content=\"index, follow, max-snippet:-1, max-image-preview:large, max-video-preview:-1\" \/>\n<link rel=\"canonical\" href=\"https:\/\/naturalpoland.com\/cs\/produkty\/produkty-pro-kosmeticky-prumysl\/kosmeticke-suroviny\/cetearylalkohol\/\" \/>\n<meta property=\"og:locale\" content=\"cs_CZ\" \/>\n<meta property=\"og:type\" content=\"article\" \/>\n<meta property=\"og:title\" content=\"Cetearylalkohol - NATURAL POLAND - Velkoobchodn\u00ed distributor surovin\" \/>\n<meta property=\"og:description\" content=\"Cetearylalkohol hraje v kosmetice kl\u00ed\u010dovou roli jako zm\u011bk\u010dovadlo, zahu\u0161\u0165ovadlo a stabiliz\u00e1tor emulze. Je uzn\u00e1v\u00e1n jako bezpe\u010dn\u00e1 kosmetick\u00e1 slo\u017eka.\" \/>\n<meta property=\"og:url\" content=\"https:\/\/naturalpoland.com\/cs\/produkty\/produkty-pro-kosmeticky-prumysl\/kosmeticke-suroviny\/cetearylalkohol\/\" \/>\n<meta property=\"og:site_name\" content=\"NATURAL POLAND - Velkoobchodn\u00ed distributor surovin\" \/>\n<meta property=\"article:publisher\" content=\"https:\/\/www.facebook.com\/naturalpoland.b2b\" \/>\n<meta property=\"og:image\" content=\"https:\/\/naturalpoland.com\/wp-content\/uploads\/alkohol-cetearylowy-e1729687487322.webp\" \/>\n\t<meta property=\"og:image:width\" content=\"426\" \/>\n\t<meta property=\"og:image:height\" content=\"426\" \/>\n\t<meta property=\"og:image:type\" content=\"image\/webp\" \/>\n<script type=\"application\/ld+json\" class=\"yoast-schema-graph\">{\"@context\":\"https:\\\/\\\/schema.org\",\"@graph\":[{\"@type\":\"WebPage\",\"@id\":\"https:\\\/\\\/naturalpoland.com\\\/cs\\\/produkty\\\/produkty-pro-kosmeticky-prumysl\\\/kosmeticke-suroviny\\\/cetearylalkohol\\\/\",\"url\":\"https:\\\/\\\/naturalpoland.com\\\/cs\\\/produkty\\\/produkty-pro-kosmeticky-prumysl\\\/kosmeticke-suroviny\\\/cetearylalkohol\\\/\",\"name\":\"Cetearylalkohol - NATURAL POLAND - Velkoobchodn\u00ed distributor surovin\",\"isPartOf\":{\"@id\":\"https:\\\/\\\/naturalpoland.com\\\/cs\\\/#website\"},\"primaryImageOfPage\":{\"@id\":\"https:\\\/\\\/naturalpoland.com\\\/cs\\\/produkty\\\/produkty-pro-kosmeticky-prumysl\\\/kosmeticke-suroviny\\\/cetearylalkohol\\\/#primaryimage\"},\"image\":{\"@id\":\"https:\\\/\\\/naturalpoland.com\\\/cs\\\/produkty\\\/produkty-pro-kosmeticky-prumysl\\\/kosmeticke-suroviny\\\/cetearylalkohol\\\/#primaryimage\"},\"thumbnailUrl\":\"https:\\\/\\\/naturalpoland.com\\\/wp-content\\\/uploads\\\/alkohol-cetearylowy-e1729687487322.webp\",\"datePublished\":\"2024-10-24T07:59:26+00:00\",\"description\":\"Cetearylalkohol hraje v kosmetice kl\u00ed\u010dovou roli jako zm\u011bk\u010dovadlo, zahu\u0161\u0165ovadlo a stabiliz\u00e1tor emulze. Je uzn\u00e1v\u00e1n jako bezpe\u010dn\u00e1 kosmetick\u00e1 slo\u017eka.\",\"breadcrumb\":{\"@id\":\"https:\\\/\\\/naturalpoland.com\\\/cs\\\/produkty\\\/produkty-pro-kosmeticky-prumysl\\\/kosmeticke-suroviny\\\/cetearylalkohol\\\/#breadcrumb\"},\"inLanguage\":\"cs\",\"potentialAction\":[{\"@type\":\"ReadAction\",\"target\":[\"https:\\\/\\\/naturalpoland.com\\\/cs\\\/produkty\\\/produkty-pro-kosmeticky-prumysl\\\/kosmeticke-suroviny\\\/cetearylalkohol\\\/\"]}]},{\"@type\":\"ImageObject\",\"inLanguage\":\"cs\",\"@id\":\"https:\\\/\\\/naturalpoland.com\\\/cs\\\/produkty\\\/produkty-pro-kosmeticky-prumysl\\\/kosmeticke-suroviny\\\/cetearylalkohol\\\/#primaryimage\",\"url\":\"https:\\\/\\\/naturalpoland.com\\\/wp-content\\\/uploads\\\/alkohol-cetearylowy-e1729687487322.webp\",\"contentUrl\":\"https:\\\/\\\/naturalpoland.com\\\/wp-content\\\/uploads\\\/alkohol-cetearylowy-e1729687487322.webp\",\"width\":426,\"height\":426,\"caption\":\"Alkohol cetearylowy\"},{\"@type\":\"BreadcrumbList\",\"@id\":\"https:\\\/\\\/naturalpoland.com\\\/cs\\\/produkty\\\/produkty-pro-kosmeticky-prumysl\\\/kosmeticke-suroviny\\\/cetearylalkohol\\\/#breadcrumb\",\"itemListElement\":[{\"@type\":\"ListItem\",\"position\":1,\"name\":\"Dom\u016f\",\"item\":\"https:\\\/\\\/naturalpoland.com\\\/cs\\\/\"},{\"@type\":\"ListItem\",\"position\":2,\"name\":\"Produkty\",\"item\":\"https:\\\/\\\/naturalpoland.com\\\/cs\\\/produkty\\\/\"},{\"@type\":\"ListItem\",\"position\":3,\"name\":\"Cetearylalkohol\"}]},{\"@type\":\"WebSite\",\"@id\":\"https:\\\/\\\/naturalpoland.com\\\/cs\\\/#website\",\"url\":\"https:\\\/\\\/naturalpoland.com\\\/cs\\\/\",\"name\":\"NATURAL POLAND - Velkoobchodn\u00ed distributor surovin\",\"description\":\"Surowce dla przemys\u0142u spo\u017cywczego, kosmetycznego i farmaceutycznego\",\"publisher\":{\"@id\":\"https:\\\/\\\/naturalpoland.com\\\/cs\\\/#organization\"},\"potentialAction\":[{\"@type\":\"SearchAction\",\"target\":{\"@type\":\"EntryPoint\",\"urlTemplate\":\"https:\\\/\\\/naturalpoland.com\\\/cs\\\/?s={search_term_string}\"},\"query-input\":{\"@type\":\"PropertyValueSpecification\",\"valueRequired\":true,\"valueName\":\"search_term_string\"}}],\"inLanguage\":\"cs\"},{\"@type\":\"Organization\",\"@id\":\"https:\\\/\\\/naturalpoland.com\\\/cs\\\/#organization\",\"name\":\"Natural Poland\",\"url\":\"https:\\\/\\\/naturalpoland.com\\\/cs\\\/\",\"logo\":{\"@type\":\"ImageObject\",\"inLanguage\":\"cs\",\"@id\":\"https:\\\/\\\/naturalpoland.com\\\/cs\\\/#\\\/schema\\\/logo\\\/image\\\/\",\"url\":\"https:\\\/\\\/naturalpoland.com\\\/wp-content\\\/uploads\\\/2021\\\/05\\\/natural-poland-icon.png\",\"contentUrl\":\"https:\\\/\\\/naturalpoland.com\\\/wp-content\\\/uploads\\\/2021\\\/05\\\/natural-poland-icon.png\",\"width\":512,\"height\":512,\"caption\":\"Natural Poland\"},\"image\":{\"@id\":\"https:\\\/\\\/naturalpoland.com\\\/cs\\\/#\\\/schema\\\/logo\\\/image\\\/\"},\"sameAs\":[\"https:\\\/\\\/www.facebook.com\\\/naturalpoland.b2b\",\"https:\\\/\\\/pl.linkedin.com\\\/company\\\/natural-poland\",\"https:\\\/\\\/www.youtube.com\\\/channel\\\/UCgeGGkvOMahZo-xu_MSEWxg\"]}]}<\/script>\n<!-- \/ Yoast SEO plugin. -->","yoast_head_json":{"title":"Cetearylalkohol - NATURAL POLAND - Velkoobchodn\u00ed distributor surovin","description":"Cetearylalkohol hraje v kosmetice kl\u00ed\u010dovou roli jako zm\u011bk\u010dovadlo, zahu\u0161\u0165ovadlo a stabiliz\u00e1tor emulze. Je uzn\u00e1v\u00e1n jako bezpe\u010dn\u00e1 kosmetick\u00e1 slo\u017eka.","robots":{"index":"index","follow":"follow","max-snippet":"max-snippet:-1","max-image-preview":"max-image-preview:large","max-video-preview":"max-video-preview:-1"},"canonical":"https:\/\/naturalpoland.com\/cs\/produkty\/produkty-pro-kosmeticky-prumysl\/kosmeticke-suroviny\/cetearylalkohol\/","og_locale":"cs_CZ","og_type":"article","og_title":"Cetearylalkohol - NATURAL POLAND - Velkoobchodn\u00ed distributor surovin","og_description":"Cetearylalkohol hraje v kosmetice kl\u00ed\u010dovou roli jako zm\u011bk\u010dovadlo, zahu\u0161\u0165ovadlo a stabiliz\u00e1tor emulze. Je uzn\u00e1v\u00e1n jako bezpe\u010dn\u00e1 kosmetick\u00e1 slo\u017eka.","og_url":"https:\/\/naturalpoland.com\/cs\/produkty\/produkty-pro-kosmeticky-prumysl\/kosmeticke-suroviny\/cetearylalkohol\/","og_site_name":"NATURAL POLAND - Velkoobchodn\u00ed distributor surovin","article_publisher":"https:\/\/www.facebook.com\/naturalpoland.b2b","og_image":[{"width":426,"height":426,"url":"https:\/\/naturalpoland.com\/wp-content\/uploads\/alkohol-cetearylowy-e1729687487322.webp","type":"image\/webp"}],"schema":{"@context":"https:\/\/schema.org","@graph":[{"@type":"WebPage","@id":"https:\/\/naturalpoland.com\/cs\/produkty\/produkty-pro-kosmeticky-prumysl\/kosmeticke-suroviny\/cetearylalkohol\/","url":"https:\/\/naturalpoland.com\/cs\/produkty\/produkty-pro-kosmeticky-prumysl\/kosmeticke-suroviny\/cetearylalkohol\/","name":"Cetearylalkohol - NATURAL POLAND - Velkoobchodn\u00ed distributor surovin","isPartOf":{"@id":"https:\/\/naturalpoland.com\/cs\/#website"},"primaryImageOfPage":{"@id":"https:\/\/naturalpoland.com\/cs\/produkty\/produkty-pro-kosmeticky-prumysl\/kosmeticke-suroviny\/cetearylalkohol\/#primaryimage"},"image":{"@id":"https:\/\/naturalpoland.com\/cs\/produkty\/produkty-pro-kosmeticky-prumysl\/kosmeticke-suroviny\/cetearylalkohol\/#primaryimage"},"thumbnailUrl":"https:\/\/naturalpoland.com\/wp-content\/uploads\/alkohol-cetearylowy-e1729687487322.webp","datePublished":"2024-10-24T07:59:26+00:00","description":"Cetearylalkohol hraje v kosmetice kl\u00ed\u010dovou roli jako zm\u011bk\u010dovadlo, zahu\u0161\u0165ovadlo a stabiliz\u00e1tor emulze. Je uzn\u00e1v\u00e1n jako bezpe\u010dn\u00e1 kosmetick\u00e1 slo\u017eka.","breadcrumb":{"@id":"https:\/\/naturalpoland.com\/cs\/produkty\/produkty-pro-kosmeticky-prumysl\/kosmeticke-suroviny\/cetearylalkohol\/#breadcrumb"},"inLanguage":"cs","potentialAction":[{"@type":"ReadAction","target":["https:\/\/naturalpoland.com\/cs\/produkty\/produkty-pro-kosmeticky-prumysl\/kosmeticke-suroviny\/cetearylalkohol\/"]}]},{"@type":"ImageObject","inLanguage":"cs","@id":"https:\/\/naturalpoland.com\/cs\/produkty\/produkty-pro-kosmeticky-prumysl\/kosmeticke-suroviny\/cetearylalkohol\/#primaryimage","url":"https:\/\/naturalpoland.com\/wp-content\/uploads\/alkohol-cetearylowy-e1729687487322.webp","contentUrl":"https:\/\/naturalpoland.com\/wp-content\/uploads\/alkohol-cetearylowy-e1729687487322.webp","width":426,"height":426,"caption":"Alkohol cetearylowy"},{"@type":"BreadcrumbList","@id":"https:\/\/naturalpoland.com\/cs\/produkty\/produkty-pro-kosmeticky-prumysl\/kosmeticke-suroviny\/cetearylalkohol\/#breadcrumb","itemListElement":[{"@type":"ListItem","position":1,"name":"Dom\u016f","item":"https:\/\/naturalpoland.com\/cs\/"},{"@type":"ListItem","position":2,"name":"Produkty","item":"https:\/\/naturalpoland.com\/cs\/produkty\/"},{"@type":"ListItem","position":3,"name":"Cetearylalkohol"}]},{"@type":"WebSite","@id":"https:\/\/naturalpoland.com\/cs\/#website","url":"https:\/\/naturalpoland.com\/cs\/","name":"NATURAL POLAND - Velkoobchodn\u00ed distributor surovin","description":"Surowce dla przemys\u0142u spo\u017cywczego, kosmetycznego i farmaceutycznego","publisher":{"@id":"https:\/\/naturalpoland.com\/cs\/#organization"},"potentialAction":[{"@type":"SearchAction","target":{"@type":"EntryPoint","urlTemplate":"https:\/\/naturalpoland.com\/cs\/?s={search_term_string}"},"query-input":{"@type":"PropertyValueSpecification","valueRequired":true,"valueName":"search_term_string"}}],"inLanguage":"cs"},{"@type":"Organization","@id":"https:\/\/naturalpoland.com\/cs\/#organization","name":"Natural Poland","url":"https:\/\/naturalpoland.com\/cs\/","logo":{"@type":"ImageObject","inLanguage":"cs","@id":"https:\/\/naturalpoland.com\/cs\/#\/schema\/logo\/image\/","url":"https:\/\/naturalpoland.com\/wp-content\/uploads\/2021\/05\/natural-poland-icon.png","contentUrl":"https:\/\/naturalpoland.com\/wp-content\/uploads\/2021\/05\/natural-poland-icon.png","width":512,"height":512,"caption":"Natural Poland"},"image":{"@id":"https:\/\/naturalpoland.com\/cs\/#\/schema\/logo\/image\/"},"sameAs":["https:\/\/www.facebook.com\/naturalpoland.b2b","https:\/\/pl.linkedin.com\/company\/natural-poland","https:\/\/www.youtube.com\/channel\/UCgeGGkvOMahZo-xu_MSEWxg"]}]}},"_links":{"self":[{"href":"https:\/\/naturalpoland.com\/cs\/wp-json\/wp\/v2\/product\/37130","targetHints":{"allow":["GET"]}}],"collection":[{"href":"https:\/\/naturalpoland.com\/cs\/wp-json\/wp\/v2\/product"}],"about":[{"href":"https:\/\/naturalpoland.com\/cs\/wp-json\/wp\/v2\/types\/product"}],"wp:featuredmedia":[{"embeddable":true,"href":"https:\/\/naturalpoland.com\/cs\/wp-json\/wp\/v2\/media\/37094"}],"wp:attachment":[{"href":"https:\/\/naturalpoland.com\/cs\/wp-json\/wp\/v2\/media?parent=37130"}],"wp:term":[{"taxonomy":"product_brand","embeddable":true,"href":"https:\/\/naturalpoland.com\/cs\/wp-json\/wp\/v2\/product_brand?post=37130"},{"taxonomy":"product_cat","embeddable":true,"href":"https:\/\/naturalpoland.com\/cs\/wp-json\/wp\/v2\/product_cat?post=37130"},{"taxonomy":"product_tag","embeddable":true,"href":"https:\/\/naturalpoland.com\/cs\/wp-json\/wp\/v2\/product_tag?post=37130"}],"curies":[{"name":"wp","href":"https:\/\/api.w.org\/{rel}","templated":true}]}}