{"id":37715,"date":"2024-11-07T15:54:01","date_gmt":"2024-11-12T16:32:04","guid":{"rendered":"https:\/\/naturalpoland.com\/produkty\/neza\u0159azen\u00e9\/kyselina-dehydrooctova\/"},"modified":"2024-11-12T17:32:04","modified_gmt":"2024-11-12T16:32:04","slug":"kyselina-dehydrooctova","status":"publish","type":"product","link":"https:\/\/naturalpoland.com\/cs\/produkty\/produkty-pro-kosmeticky-prumysl\/kosmeticke-suroviny\/kyselina-dehydrooctova\/","title":{"rendered":"Kyselina dehydrooctov\u00e1"},"content":{"rendered":"<h2>Akce:<\/h2>\n<p>Kyselina dehydrooctov\u00e1 je mimo\u0159\u00e1dn\u011b \u00fa\u010dinn\u00e1 konzerva\u010dn\u00ed l\u00e1tka se siln\u00fdmi <strong>protipl\u00eds\u0148ov\u00fdmi<\/strong> vlastnostmi a m\u00edrnou <strong>antimikrobi\u00e1ln\u00ed<\/strong> aktivitou. Pou\u017e\u00edv\u00e1 se jako ochrana proti pl\u00edsn\u00edm a bakteri\u00edm a slou\u017e\u00ed k prodlou\u017een\u00ed trvanlivosti kosmetick\u00fdch v\u00fdrobk\u016f a jejich bezpe\u010dn\u00e9mu pou\u017e\u00edv\u00e1n\u00ed spot\u0159ebiteli. Jeho \u00fa\u010dinek spo\u010d\u00edv\u00e1 v inhibici r\u016fstu jemn\u00fdch.  <\/p>\n<h2>Pou\u017eit\u00ed:<\/h2>\n<p>Kyselinu dehydroctovou lze pou\u017e\u00edt v mnoha <strong>kosmetick\u00fdch p\u0159\u00edpravc\u00edch<\/strong>, jako jsou kr\u00e9my na obli\u010dej, t\u011blov\u00e1 ml\u00e9ka, \u0161ampony, kondicion\u00e9ry a odli\u010dovac\u00ed p\u0159\u00edpravky. D\u00edky sv\u00fdm m\u00edrn\u00fdm \u00fa\u010dink\u016fm se pou\u017e\u00edv\u00e1 tak\u00e9 v p\u0159\u00edpravc\u00edch na citlivou ple\u0165, akn\u00e9 a ple\u0165 se sklonem k alergi\u00edm a v kosmetice pro d\u011bti. V <strong>potravin\u00e1\u0159sk\u00e9m pr\u016fmyslu<\/strong> se kyselina dehydrooctov\u00e1 pou\u017e\u00edv\u00e1 pod n\u00e1zvem E265, kde p\u016fsob\u00ed jako konzervant ve vybran\u00fdch v\u00fdrobc\u00edch, \u00fa\u010dinn\u011b br\u00e1n\u00ed r\u016fstu pl\u00edsn\u00ed a prodlu\u017euje jejich trvanlivost. <\/p>\n","protected":false},"excerpt":{"rendered":"<p><strong>Kyselina<\/strong> dehydroctov\u00e1 je konzerva\u010dn\u00ed l\u00e1tka pou\u017e\u00edvan\u00e1 zejm\u00e9na v kosmetick\u00e9m, farmaceutick\u00e9m a potravin\u00e1\u0159sk\u00e9m pr\u016fmyslu.<\/p>\n","protected":false},"featured_media":37565,"template":"","meta":{"_acf_changed":false},"product_brand":[],"product_cat":[638],"product_tag":[],"class_list":{"0":"post-37715","1":"product","2":"type-product","3":"status-publish","4":"has-post-thumbnail","6":"product_cat-kosmeticke-suroviny","7":"pa_grupa-substancji-konzervacni-latky","9":"first","10":"instock","11":"shipping-taxable","12":"product-type-simple"},"acf":[],"yoast_head":"<!-- This site is optimized with the Yoast SEO plugin v27.4 - https:\/\/yoast.com\/product\/yoast-seo-wordpress\/ -->\n<title>Kyselina dehydrooctov\u00e1 - NATURAL POLAND - Velkoobchodn\u00ed distributor surovin<\/title>\n<meta name=\"description\" content=\"Kyselina dehydrooctov\u00e1 je cen\u011bnou slo\u017ekou pro sv\u00e9 v\u00fdjime\u010dn\u00e9 ochrann\u00e9 vlastnosti, kter\u00e9 jsou v kosmetick\u00fdch p\u0159\u00edpravc\u00edch nezbytn\u00e9.\" \/>\n<meta name=\"robots\" content=\"index, follow, max-snippet:-1, max-image-preview:large, max-video-preview:-1\" \/>\n<link rel=\"canonical\" href=\"https:\/\/naturalpoland.com\/cs\/produkty\/produkty-pro-kosmeticky-prumysl\/kosmeticke-suroviny\/kyselina-dehydrooctova\/\" \/>\n<meta property=\"og:locale\" content=\"cs_CZ\" \/>\n<meta property=\"og:type\" content=\"article\" \/>\n<meta property=\"og:title\" content=\"Kyselina dehydrooctov\u00e1 - NATURAL POLAND - Velkoobchodn\u00ed distributor surovin\" \/>\n<meta property=\"og:description\" content=\"Kyselina dehydrooctov\u00e1 je cen\u011bnou slo\u017ekou pro sv\u00e9 v\u00fdjime\u010dn\u00e9 ochrann\u00e9 vlastnosti, kter\u00e9 jsou v kosmetick\u00fdch p\u0159\u00edpravc\u00edch nezbytn\u00e9.\" \/>\n<meta property=\"og:url\" content=\"https:\/\/naturalpoland.com\/cs\/produkty\/produkty-pro-kosmeticky-prumysl\/kosmeticke-suroviny\/kyselina-dehydrooctova\/\" \/>\n<meta property=\"og:site_name\" content=\"NATURAL POLAND - Velkoobchodn\u00ed distributor surovin\" \/>\n<meta property=\"article:publisher\" content=\"https:\/\/www.facebook.com\/naturalpoland.b2b\" \/>\n<meta property=\"og:image\" content=\"https:\/\/naturalpoland.com\/wp-content\/uploads\/kwas-dehydrooctowy.webp\" \/>\n\t<meta property=\"og:image:width\" content=\"614\" \/>\n\t<meta property=\"og:image:height\" content=\"614\" \/>\n\t<meta property=\"og:image:type\" content=\"image\/webp\" \/>\n<script type=\"application\/ld+json\" class=\"yoast-schema-graph\">{\"@context\":\"https:\\\/\\\/schema.org\",\"@graph\":[{\"@type\":\"WebPage\",\"@id\":\"https:\\\/\\\/naturalpoland.com\\\/cs\\\/produkty\\\/produkty-pro-kosmeticky-prumysl\\\/kosmeticke-suroviny\\\/kyselina-dehydrooctova\\\/\",\"url\":\"https:\\\/\\\/naturalpoland.com\\\/cs\\\/produkty\\\/produkty-pro-kosmeticky-prumysl\\\/kosmeticke-suroviny\\\/kyselina-dehydrooctova\\\/\",\"name\":\"Kyselina dehydrooctov\u00e1 - NATURAL POLAND - Velkoobchodn\u00ed distributor surovin\",\"isPartOf\":{\"@id\":\"https:\\\/\\\/naturalpoland.com\\\/cs\\\/#website\"},\"primaryImageOfPage\":{\"@id\":\"https:\\\/\\\/naturalpoland.com\\\/cs\\\/produkty\\\/produkty-pro-kosmeticky-prumysl\\\/kosmeticke-suroviny\\\/kyselina-dehydrooctova\\\/#primaryimage\"},\"image\":{\"@id\":\"https:\\\/\\\/naturalpoland.com\\\/cs\\\/produkty\\\/produkty-pro-kosmeticky-prumysl\\\/kosmeticke-suroviny\\\/kyselina-dehydrooctova\\\/#primaryimage\"},\"thumbnailUrl\":\"https:\\\/\\\/naturalpoland.com\\\/wp-content\\\/uploads\\\/kwas-dehydrooctowy.webp\",\"datePublished\":\"2024-11-12T16:32:04+00:00\",\"description\":\"Kyselina dehydrooctov\u00e1 je cen\u011bnou slo\u017ekou pro sv\u00e9 v\u00fdjime\u010dn\u00e9 ochrann\u00e9 vlastnosti, kter\u00e9 jsou v kosmetick\u00fdch p\u0159\u00edpravc\u00edch nezbytn\u00e9.\",\"breadcrumb\":{\"@id\":\"https:\\\/\\\/naturalpoland.com\\\/cs\\\/produkty\\\/produkty-pro-kosmeticky-prumysl\\\/kosmeticke-suroviny\\\/kyselina-dehydrooctova\\\/#breadcrumb\"},\"inLanguage\":\"cs\",\"potentialAction\":[{\"@type\":\"ReadAction\",\"target\":[\"https:\\\/\\\/naturalpoland.com\\\/cs\\\/produkty\\\/produkty-pro-kosmeticky-prumysl\\\/kosmeticke-suroviny\\\/kyselina-dehydrooctova\\\/\"]}]},{\"@type\":\"ImageObject\",\"inLanguage\":\"cs\",\"@id\":\"https:\\\/\\\/naturalpoland.com\\\/cs\\\/produkty\\\/produkty-pro-kosmeticky-prumysl\\\/kosmeticke-suroviny\\\/kyselina-dehydrooctova\\\/#primaryimage\",\"url\":\"https:\\\/\\\/naturalpoland.com\\\/wp-content\\\/uploads\\\/kwas-dehydrooctowy.webp\",\"contentUrl\":\"https:\\\/\\\/naturalpoland.com\\\/wp-content\\\/uploads\\\/kwas-dehydrooctowy.webp\",\"width\":614,\"height\":614,\"caption\":\"kwas dehydrooctowy\"},{\"@type\":\"BreadcrumbList\",\"@id\":\"https:\\\/\\\/naturalpoland.com\\\/cs\\\/produkty\\\/produkty-pro-kosmeticky-prumysl\\\/kosmeticke-suroviny\\\/kyselina-dehydrooctova\\\/#breadcrumb\",\"itemListElement\":[{\"@type\":\"ListItem\",\"position\":1,\"name\":\"Dom\u016f\",\"item\":\"https:\\\/\\\/naturalpoland.com\\\/cs\\\/\"},{\"@type\":\"ListItem\",\"position\":2,\"name\":\"Produkty\",\"item\":\"https:\\\/\\\/naturalpoland.com\\\/cs\\\/produkty\\\/\"},{\"@type\":\"ListItem\",\"position\":3,\"name\":\"Kyselina dehydrooctov\u00e1\"}]},{\"@type\":\"WebSite\",\"@id\":\"https:\\\/\\\/naturalpoland.com\\\/cs\\\/#website\",\"url\":\"https:\\\/\\\/naturalpoland.com\\\/cs\\\/\",\"name\":\"NATURAL POLAND - Velkoobchodn\u00ed distributor surovin\",\"description\":\"Surowce dla przemys\u0142u spo\u017cywczego, kosmetycznego i farmaceutycznego\",\"publisher\":{\"@id\":\"https:\\\/\\\/naturalpoland.com\\\/cs\\\/#organization\"},\"potentialAction\":[{\"@type\":\"SearchAction\",\"target\":{\"@type\":\"EntryPoint\",\"urlTemplate\":\"https:\\\/\\\/naturalpoland.com\\\/cs\\\/?s={search_term_string}\"},\"query-input\":{\"@type\":\"PropertyValueSpecification\",\"valueRequired\":true,\"valueName\":\"search_term_string\"}}],\"inLanguage\":\"cs\"},{\"@type\":\"Organization\",\"@id\":\"https:\\\/\\\/naturalpoland.com\\\/cs\\\/#organization\",\"name\":\"Natural Poland\",\"url\":\"https:\\\/\\\/naturalpoland.com\\\/cs\\\/\",\"logo\":{\"@type\":\"ImageObject\",\"inLanguage\":\"cs\",\"@id\":\"https:\\\/\\\/naturalpoland.com\\\/cs\\\/#\\\/schema\\\/logo\\\/image\\\/\",\"url\":\"https:\\\/\\\/naturalpoland.com\\\/wp-content\\\/uploads\\\/2021\\\/05\\\/natural-poland-icon.png\",\"contentUrl\":\"https:\\\/\\\/naturalpoland.com\\\/wp-content\\\/uploads\\\/2021\\\/05\\\/natural-poland-icon.png\",\"width\":512,\"height\":512,\"caption\":\"Natural Poland\"},\"image\":{\"@id\":\"https:\\\/\\\/naturalpoland.com\\\/cs\\\/#\\\/schema\\\/logo\\\/image\\\/\"},\"sameAs\":[\"https:\\\/\\\/www.facebook.com\\\/naturalpoland.b2b\",\"https:\\\/\\\/pl.linkedin.com\\\/company\\\/natural-poland\",\"https:\\\/\\\/www.youtube.com\\\/channel\\\/UCgeGGkvOMahZo-xu_MSEWxg\"]}]}<\/script>\n<!-- \/ Yoast SEO plugin. -->","yoast_head_json":{"title":"Kyselina dehydrooctov\u00e1 - NATURAL POLAND - Velkoobchodn\u00ed distributor surovin","description":"Kyselina dehydrooctov\u00e1 je cen\u011bnou slo\u017ekou pro sv\u00e9 v\u00fdjime\u010dn\u00e9 ochrann\u00e9 vlastnosti, kter\u00e9 jsou v kosmetick\u00fdch p\u0159\u00edpravc\u00edch nezbytn\u00e9.","robots":{"index":"index","follow":"follow","max-snippet":"max-snippet:-1","max-image-preview":"max-image-preview:large","max-video-preview":"max-video-preview:-1"},"canonical":"https:\/\/naturalpoland.com\/cs\/produkty\/produkty-pro-kosmeticky-prumysl\/kosmeticke-suroviny\/kyselina-dehydrooctova\/","og_locale":"cs_CZ","og_type":"article","og_title":"Kyselina dehydrooctov\u00e1 - NATURAL POLAND - Velkoobchodn\u00ed distributor surovin","og_description":"Kyselina dehydrooctov\u00e1 je cen\u011bnou slo\u017ekou pro sv\u00e9 v\u00fdjime\u010dn\u00e9 ochrann\u00e9 vlastnosti, kter\u00e9 jsou v kosmetick\u00fdch p\u0159\u00edpravc\u00edch nezbytn\u00e9.","og_url":"https:\/\/naturalpoland.com\/cs\/produkty\/produkty-pro-kosmeticky-prumysl\/kosmeticke-suroviny\/kyselina-dehydrooctova\/","og_site_name":"NATURAL POLAND - Velkoobchodn\u00ed distributor surovin","article_publisher":"https:\/\/www.facebook.com\/naturalpoland.b2b","og_image":[{"width":614,"height":614,"url":"https:\/\/naturalpoland.com\/wp-content\/uploads\/kwas-dehydrooctowy.webp","type":"image\/webp"}],"schema":{"@context":"https:\/\/schema.org","@graph":[{"@type":"WebPage","@id":"https:\/\/naturalpoland.com\/cs\/produkty\/produkty-pro-kosmeticky-prumysl\/kosmeticke-suroviny\/kyselina-dehydrooctova\/","url":"https:\/\/naturalpoland.com\/cs\/produkty\/produkty-pro-kosmeticky-prumysl\/kosmeticke-suroviny\/kyselina-dehydrooctova\/","name":"Kyselina dehydrooctov\u00e1 - NATURAL POLAND - Velkoobchodn\u00ed distributor surovin","isPartOf":{"@id":"https:\/\/naturalpoland.com\/cs\/#website"},"primaryImageOfPage":{"@id":"https:\/\/naturalpoland.com\/cs\/produkty\/produkty-pro-kosmeticky-prumysl\/kosmeticke-suroviny\/kyselina-dehydrooctova\/#primaryimage"},"image":{"@id":"https:\/\/naturalpoland.com\/cs\/produkty\/produkty-pro-kosmeticky-prumysl\/kosmeticke-suroviny\/kyselina-dehydrooctova\/#primaryimage"},"thumbnailUrl":"https:\/\/naturalpoland.com\/wp-content\/uploads\/kwas-dehydrooctowy.webp","datePublished":"2024-11-12T16:32:04+00:00","description":"Kyselina dehydrooctov\u00e1 je cen\u011bnou slo\u017ekou pro sv\u00e9 v\u00fdjime\u010dn\u00e9 ochrann\u00e9 vlastnosti, kter\u00e9 jsou v kosmetick\u00fdch p\u0159\u00edpravc\u00edch nezbytn\u00e9.","breadcrumb":{"@id":"https:\/\/naturalpoland.com\/cs\/produkty\/produkty-pro-kosmeticky-prumysl\/kosmeticke-suroviny\/kyselina-dehydrooctova\/#breadcrumb"},"inLanguage":"cs","potentialAction":[{"@type":"ReadAction","target":["https:\/\/naturalpoland.com\/cs\/produkty\/produkty-pro-kosmeticky-prumysl\/kosmeticke-suroviny\/kyselina-dehydrooctova\/"]}]},{"@type":"ImageObject","inLanguage":"cs","@id":"https:\/\/naturalpoland.com\/cs\/produkty\/produkty-pro-kosmeticky-prumysl\/kosmeticke-suroviny\/kyselina-dehydrooctova\/#primaryimage","url":"https:\/\/naturalpoland.com\/wp-content\/uploads\/kwas-dehydrooctowy.webp","contentUrl":"https:\/\/naturalpoland.com\/wp-content\/uploads\/kwas-dehydrooctowy.webp","width":614,"height":614,"caption":"kwas dehydrooctowy"},{"@type":"BreadcrumbList","@id":"https:\/\/naturalpoland.com\/cs\/produkty\/produkty-pro-kosmeticky-prumysl\/kosmeticke-suroviny\/kyselina-dehydrooctova\/#breadcrumb","itemListElement":[{"@type":"ListItem","position":1,"name":"Dom\u016f","item":"https:\/\/naturalpoland.com\/cs\/"},{"@type":"ListItem","position":2,"name":"Produkty","item":"https:\/\/naturalpoland.com\/cs\/produkty\/"},{"@type":"ListItem","position":3,"name":"Kyselina dehydrooctov\u00e1"}]},{"@type":"WebSite","@id":"https:\/\/naturalpoland.com\/cs\/#website","url":"https:\/\/naturalpoland.com\/cs\/","name":"NATURAL POLAND - Velkoobchodn\u00ed distributor surovin","description":"Surowce dla przemys\u0142u spo\u017cywczego, kosmetycznego i farmaceutycznego","publisher":{"@id":"https:\/\/naturalpoland.com\/cs\/#organization"},"potentialAction":[{"@type":"SearchAction","target":{"@type":"EntryPoint","urlTemplate":"https:\/\/naturalpoland.com\/cs\/?s={search_term_string}"},"query-input":{"@type":"PropertyValueSpecification","valueRequired":true,"valueName":"search_term_string"}}],"inLanguage":"cs"},{"@type":"Organization","@id":"https:\/\/naturalpoland.com\/cs\/#organization","name":"Natural Poland","url":"https:\/\/naturalpoland.com\/cs\/","logo":{"@type":"ImageObject","inLanguage":"cs","@id":"https:\/\/naturalpoland.com\/cs\/#\/schema\/logo\/image\/","url":"https:\/\/naturalpoland.com\/wp-content\/uploads\/2021\/05\/natural-poland-icon.png","contentUrl":"https:\/\/naturalpoland.com\/wp-content\/uploads\/2021\/05\/natural-poland-icon.png","width":512,"height":512,"caption":"Natural Poland"},"image":{"@id":"https:\/\/naturalpoland.com\/cs\/#\/schema\/logo\/image\/"},"sameAs":["https:\/\/www.facebook.com\/naturalpoland.b2b","https:\/\/pl.linkedin.com\/company\/natural-poland","https:\/\/www.youtube.com\/channel\/UCgeGGkvOMahZo-xu_MSEWxg"]}]}},"_links":{"self":[{"href":"https:\/\/naturalpoland.com\/cs\/wp-json\/wp\/v2\/product\/37715","targetHints":{"allow":["GET"]}}],"collection":[{"href":"https:\/\/naturalpoland.com\/cs\/wp-json\/wp\/v2\/product"}],"about":[{"href":"https:\/\/naturalpoland.com\/cs\/wp-json\/wp\/v2\/types\/product"}],"wp:featuredmedia":[{"embeddable":true,"href":"https:\/\/naturalpoland.com\/cs\/wp-json\/wp\/v2\/media\/37565"}],"wp:attachment":[{"href":"https:\/\/naturalpoland.com\/cs\/wp-json\/wp\/v2\/media?parent=37715"}],"wp:term":[{"taxonomy":"product_brand","embeddable":true,"href":"https:\/\/naturalpoland.com\/cs\/wp-json\/wp\/v2\/product_brand?post=37715"},{"taxonomy":"product_cat","embeddable":true,"href":"https:\/\/naturalpoland.com\/cs\/wp-json\/wp\/v2\/product_cat?post=37715"},{"taxonomy":"product_tag","embeddable":true,"href":"https:\/\/naturalpoland.com\/cs\/wp-json\/wp\/v2\/product_tag?post=37715"}],"curies":[{"name":"wp","href":"https:\/\/api.w.org\/{rel}","templated":true}]}}