{"id":38186,"date":"2024-12-05T14:54:45","date_gmt":"2024-12-10T09:13:19","guid":{"rendered":"https:\/\/naturalpoland.com\/produkty\/neza\u0159azen\u00e9\/tokotrienole\/"},"modified":"2024-12-10T10:13:19","modified_gmt":"2024-12-10T09:13:19","slug":"tokotrienole","status":"publish","type":"product","link":"https:\/\/naturalpoland.com\/cs\/produkty\/produkty-pro-farmaceuticky-a-zdravotnicky-prumysl\/vitaminy\/tokotrienole\/","title":{"rendered":"Tocotrienoly"},"content":{"rendered":"<p>Toktrienoly pat\u0159\u00ed mezi nejsiln\u011bj\u0161\u00ed antioxidanty, kter\u00e9 neutralizuj\u00ed voln\u00e9 radik\u00e1ly a chr\u00e1n\u00ed bu\u0148ky p\u0159ed oxida\u010dn\u00edm stresem. Jejich pravideln\u00e1 konzumace m\u016f\u017ee podpo\u0159it norm\u00e1ln\u00ed hladinu cholesterolu a zlep\u0161it pru\u017enost c\u00e9v. Tocotrienoly tak\u00e9 vykazuj\u00ed schopnost chr\u00e1nit nervov\u00e9 bu\u0148ky p\u0159ed po\u0161kozen\u00edm. V kosmetice tato l\u00e1tka podporuje regeneraci poko\u017eky, sni\u017euje v\u00fdskyt vr\u00e1sek a m\u00e1 ochrann\u00fd \u00fa\u010dinek proti UV z\u00e1\u0159en\u00ed.  <\/p>\n<p>&nbsp;<\/p>\n","protected":false},"excerpt":{"rendered":"<p><strong>Tocotrienoly<\/strong> jsou p\u0159irozen\u011b se vyskytuj\u00edc\u00ed slou\u010deniny ze skupiny <a href=\"https:\/\/naturalpoland.com\/produkty\/produkty-dla-przemyslu-farmaceutycznego-i-medycznego\/witaminy\/witamina-e\/\"><strong>vitaminu E<\/strong><\/a>s antioxida\u010dn\u00edmi vlastnostmi. P\u0159\u00edpravek se dod\u00e1v\u00e1 jako \u017elut\u00e1 a\u017e \u010dervenohn\u011bd\u00e1, pr\u016fhledn\u00e1, olejovit\u00e1 kapalina s charakteristick\u00fdm m\u00edrn\u00fdm z\u00e1pachem. V\u00fdrobek lze pou\u017e\u00edt jako slo\u017eku pro aplikace v dopl\u0148c\u00edch stravy, kosmetice a farmaceutick\u00fdch v\u00fdrobc\u00edch.  <\/p>\n","protected":false},"featured_media":38131,"template":"","meta":{"_acf_changed":false},"product_brand":[],"product_cat":[631],"product_tag":[],"class_list":{"0":"post-38186","1":"product","2":"type-product","3":"status-publish","4":"has-post-thumbnail","6":"product_cat-vitaminy","8":"first","9":"instock","10":"shipping-taxable","11":"product-type-simple"},"acf":[],"yoast_head":"<!-- This site is optimized with the Yoast SEO plugin v27.4 - https:\/\/yoast.com\/product\/yoast-seo-wordpress\/ -->\n<title>Tocotrienoly - Velkoobchodn\u00ed distributor surovin NATURAL POLAND - Velkoobchodn\u00ed distributor surovin<\/title>\n<meta name=\"description\" content=\"Tocotrienoly pro v\u00fdrobce dopl\u0148k\u016f stravy, kosmetiky a l\u00e9\u010div, kte\u0159\u00ed hledaj\u00ed slo\u017eku s vysokou biologickou aktivitou.\" \/>\n<meta name=\"robots\" content=\"index, follow, max-snippet:-1, max-image-preview:large, max-video-preview:-1\" \/>\n<link rel=\"canonical\" href=\"https:\/\/naturalpoland.com\/cs\/produkty\/produkty-pro-farmaceuticky-a-zdravotnicky-prumysl\/vitaminy\/tokotrienole\/\" \/>\n<meta property=\"og:locale\" content=\"cs_CZ\" \/>\n<meta property=\"og:type\" content=\"article\" \/>\n<meta property=\"og:title\" content=\"Tocotrienoly - Velkoobchodn\u00ed distributor surovin NATURAL POLAND - Velkoobchodn\u00ed distributor surovin\" \/>\n<meta property=\"og:description\" content=\"Tocotrienoly pro v\u00fdrobce dopl\u0148k\u016f stravy, kosmetiky a l\u00e9\u010div, kte\u0159\u00ed hledaj\u00ed slo\u017eku s vysokou biologickou aktivitou.\" \/>\n<meta property=\"og:url\" content=\"https:\/\/naturalpoland.com\/cs\/produkty\/produkty-pro-farmaceuticky-a-zdravotnicky-prumysl\/vitaminy\/tokotrienole\/\" \/>\n<meta property=\"og:site_name\" content=\"NATURAL POLAND - Velkoobchodn\u00ed distributor surovin\" \/>\n<meta property=\"article:publisher\" content=\"https:\/\/www.facebook.com\/naturalpoland.b2b\" \/>\n<meta property=\"og:image\" content=\"https:\/\/naturalpoland.com\/wp-content\/uploads\/tokotrienole.webp\" \/>\n\t<meta property=\"og:image:width\" content=\"614\" \/>\n\t<meta property=\"og:image:height\" content=\"614\" \/>\n\t<meta property=\"og:image:type\" content=\"image\/webp\" \/>\n<script type=\"application\/ld+json\" class=\"yoast-schema-graph\">{\"@context\":\"https:\\\/\\\/schema.org\",\"@graph\":[{\"@type\":\"WebPage\",\"@id\":\"https:\\\/\\\/naturalpoland.com\\\/cs\\\/produkty\\\/produkty-pro-farmaceuticky-a-zdravotnicky-prumysl\\\/vitaminy\\\/tokotrienole\\\/\",\"url\":\"https:\\\/\\\/naturalpoland.com\\\/cs\\\/produkty\\\/produkty-pro-farmaceuticky-a-zdravotnicky-prumysl\\\/vitaminy\\\/tokotrienole\\\/\",\"name\":\"Tocotrienoly - Velkoobchodn\u00ed distributor surovin NATURAL POLAND - Velkoobchodn\u00ed distributor surovin\",\"isPartOf\":{\"@id\":\"https:\\\/\\\/naturalpoland.com\\\/cs\\\/#website\"},\"primaryImageOfPage\":{\"@id\":\"https:\\\/\\\/naturalpoland.com\\\/cs\\\/produkty\\\/produkty-pro-farmaceuticky-a-zdravotnicky-prumysl\\\/vitaminy\\\/tokotrienole\\\/#primaryimage\"},\"image\":{\"@id\":\"https:\\\/\\\/naturalpoland.com\\\/cs\\\/produkty\\\/produkty-pro-farmaceuticky-a-zdravotnicky-prumysl\\\/vitaminy\\\/tokotrienole\\\/#primaryimage\"},\"thumbnailUrl\":\"https:\\\/\\\/naturalpoland.com\\\/wp-content\\\/uploads\\\/tokotrienole.webp\",\"datePublished\":\"2024-12-10T09:13:19+00:00\",\"description\":\"Tocotrienoly pro v\u00fdrobce dopl\u0148k\u016f stravy, kosmetiky a l\u00e9\u010div, kte\u0159\u00ed hledaj\u00ed slo\u017eku s vysokou biologickou aktivitou.\",\"breadcrumb\":{\"@id\":\"https:\\\/\\\/naturalpoland.com\\\/cs\\\/produkty\\\/produkty-pro-farmaceuticky-a-zdravotnicky-prumysl\\\/vitaminy\\\/tokotrienole\\\/#breadcrumb\"},\"inLanguage\":\"cs\",\"potentialAction\":[{\"@type\":\"ReadAction\",\"target\":[\"https:\\\/\\\/naturalpoland.com\\\/cs\\\/produkty\\\/produkty-pro-farmaceuticky-a-zdravotnicky-prumysl\\\/vitaminy\\\/tokotrienole\\\/\"]}]},{\"@type\":\"ImageObject\",\"inLanguage\":\"cs\",\"@id\":\"https:\\\/\\\/naturalpoland.com\\\/cs\\\/produkty\\\/produkty-pro-farmaceuticky-a-zdravotnicky-prumysl\\\/vitaminy\\\/tokotrienole\\\/#primaryimage\",\"url\":\"https:\\\/\\\/naturalpoland.com\\\/wp-content\\\/uploads\\\/tokotrienole.webp\",\"contentUrl\":\"https:\\\/\\\/naturalpoland.com\\\/wp-content\\\/uploads\\\/tokotrienole.webp\",\"width\":614,\"height\":614,\"caption\":\"Tokotrienole\"},{\"@type\":\"BreadcrumbList\",\"@id\":\"https:\\\/\\\/naturalpoland.com\\\/cs\\\/produkty\\\/produkty-pro-farmaceuticky-a-zdravotnicky-prumysl\\\/vitaminy\\\/tokotrienole\\\/#breadcrumb\",\"itemListElement\":[{\"@type\":\"ListItem\",\"position\":1,\"name\":\"Dom\u016f\",\"item\":\"https:\\\/\\\/naturalpoland.com\\\/cs\\\/\"},{\"@type\":\"ListItem\",\"position\":2,\"name\":\"Produkty\",\"item\":\"https:\\\/\\\/naturalpoland.com\\\/cs\\\/produkty\\\/\"},{\"@type\":\"ListItem\",\"position\":3,\"name\":\"Tocotrienoly\"}]},{\"@type\":\"WebSite\",\"@id\":\"https:\\\/\\\/naturalpoland.com\\\/cs\\\/#website\",\"url\":\"https:\\\/\\\/naturalpoland.com\\\/cs\\\/\",\"name\":\"NATURAL POLAND - Velkoobchodn\u00ed distributor surovin\",\"description\":\"Surowce dla przemys\u0142u spo\u017cywczego, kosmetycznego i farmaceutycznego\",\"publisher\":{\"@id\":\"https:\\\/\\\/naturalpoland.com\\\/cs\\\/#organization\"},\"potentialAction\":[{\"@type\":\"SearchAction\",\"target\":{\"@type\":\"EntryPoint\",\"urlTemplate\":\"https:\\\/\\\/naturalpoland.com\\\/cs\\\/?s={search_term_string}\"},\"query-input\":{\"@type\":\"PropertyValueSpecification\",\"valueRequired\":true,\"valueName\":\"search_term_string\"}}],\"inLanguage\":\"cs\"},{\"@type\":\"Organization\",\"@id\":\"https:\\\/\\\/naturalpoland.com\\\/cs\\\/#organization\",\"name\":\"Natural Poland\",\"url\":\"https:\\\/\\\/naturalpoland.com\\\/cs\\\/\",\"logo\":{\"@type\":\"ImageObject\",\"inLanguage\":\"cs\",\"@id\":\"https:\\\/\\\/naturalpoland.com\\\/cs\\\/#\\\/schema\\\/logo\\\/image\\\/\",\"url\":\"https:\\\/\\\/naturalpoland.com\\\/wp-content\\\/uploads\\\/2021\\\/05\\\/natural-poland-icon.png\",\"contentUrl\":\"https:\\\/\\\/naturalpoland.com\\\/wp-content\\\/uploads\\\/2021\\\/05\\\/natural-poland-icon.png\",\"width\":512,\"height\":512,\"caption\":\"Natural Poland\"},\"image\":{\"@id\":\"https:\\\/\\\/naturalpoland.com\\\/cs\\\/#\\\/schema\\\/logo\\\/image\\\/\"},\"sameAs\":[\"https:\\\/\\\/www.facebook.com\\\/naturalpoland.b2b\",\"https:\\\/\\\/pl.linkedin.com\\\/company\\\/natural-poland\",\"https:\\\/\\\/www.youtube.com\\\/channel\\\/UCgeGGkvOMahZo-xu_MSEWxg\"]}]}<\/script>\n<!-- \/ Yoast SEO plugin. -->","yoast_head_json":{"title":"Tocotrienoly - Velkoobchodn\u00ed distributor surovin NATURAL POLAND - Velkoobchodn\u00ed distributor surovin","description":"Tocotrienoly pro v\u00fdrobce dopl\u0148k\u016f stravy, kosmetiky a l\u00e9\u010div, kte\u0159\u00ed hledaj\u00ed slo\u017eku s vysokou biologickou aktivitou.","robots":{"index":"index","follow":"follow","max-snippet":"max-snippet:-1","max-image-preview":"max-image-preview:large","max-video-preview":"max-video-preview:-1"},"canonical":"https:\/\/naturalpoland.com\/cs\/produkty\/produkty-pro-farmaceuticky-a-zdravotnicky-prumysl\/vitaminy\/tokotrienole\/","og_locale":"cs_CZ","og_type":"article","og_title":"Tocotrienoly - Velkoobchodn\u00ed distributor surovin NATURAL POLAND - Velkoobchodn\u00ed distributor surovin","og_description":"Tocotrienoly pro v\u00fdrobce dopl\u0148k\u016f stravy, kosmetiky a l\u00e9\u010div, kte\u0159\u00ed hledaj\u00ed slo\u017eku s vysokou biologickou aktivitou.","og_url":"https:\/\/naturalpoland.com\/cs\/produkty\/produkty-pro-farmaceuticky-a-zdravotnicky-prumysl\/vitaminy\/tokotrienole\/","og_site_name":"NATURAL POLAND - Velkoobchodn\u00ed distributor surovin","article_publisher":"https:\/\/www.facebook.com\/naturalpoland.b2b","og_image":[{"width":614,"height":614,"url":"https:\/\/naturalpoland.com\/wp-content\/uploads\/tokotrienole.webp","type":"image\/webp"}],"schema":{"@context":"https:\/\/schema.org","@graph":[{"@type":"WebPage","@id":"https:\/\/naturalpoland.com\/cs\/produkty\/produkty-pro-farmaceuticky-a-zdravotnicky-prumysl\/vitaminy\/tokotrienole\/","url":"https:\/\/naturalpoland.com\/cs\/produkty\/produkty-pro-farmaceuticky-a-zdravotnicky-prumysl\/vitaminy\/tokotrienole\/","name":"Tocotrienoly - Velkoobchodn\u00ed distributor surovin NATURAL POLAND - Velkoobchodn\u00ed distributor surovin","isPartOf":{"@id":"https:\/\/naturalpoland.com\/cs\/#website"},"primaryImageOfPage":{"@id":"https:\/\/naturalpoland.com\/cs\/produkty\/produkty-pro-farmaceuticky-a-zdravotnicky-prumysl\/vitaminy\/tokotrienole\/#primaryimage"},"image":{"@id":"https:\/\/naturalpoland.com\/cs\/produkty\/produkty-pro-farmaceuticky-a-zdravotnicky-prumysl\/vitaminy\/tokotrienole\/#primaryimage"},"thumbnailUrl":"https:\/\/naturalpoland.com\/wp-content\/uploads\/tokotrienole.webp","datePublished":"2024-12-10T09:13:19+00:00","description":"Tocotrienoly pro v\u00fdrobce dopl\u0148k\u016f stravy, kosmetiky a l\u00e9\u010div, kte\u0159\u00ed hledaj\u00ed slo\u017eku s vysokou biologickou aktivitou.","breadcrumb":{"@id":"https:\/\/naturalpoland.com\/cs\/produkty\/produkty-pro-farmaceuticky-a-zdravotnicky-prumysl\/vitaminy\/tokotrienole\/#breadcrumb"},"inLanguage":"cs","potentialAction":[{"@type":"ReadAction","target":["https:\/\/naturalpoland.com\/cs\/produkty\/produkty-pro-farmaceuticky-a-zdravotnicky-prumysl\/vitaminy\/tokotrienole\/"]}]},{"@type":"ImageObject","inLanguage":"cs","@id":"https:\/\/naturalpoland.com\/cs\/produkty\/produkty-pro-farmaceuticky-a-zdravotnicky-prumysl\/vitaminy\/tokotrienole\/#primaryimage","url":"https:\/\/naturalpoland.com\/wp-content\/uploads\/tokotrienole.webp","contentUrl":"https:\/\/naturalpoland.com\/wp-content\/uploads\/tokotrienole.webp","width":614,"height":614,"caption":"Tokotrienole"},{"@type":"BreadcrumbList","@id":"https:\/\/naturalpoland.com\/cs\/produkty\/produkty-pro-farmaceuticky-a-zdravotnicky-prumysl\/vitaminy\/tokotrienole\/#breadcrumb","itemListElement":[{"@type":"ListItem","position":1,"name":"Dom\u016f","item":"https:\/\/naturalpoland.com\/cs\/"},{"@type":"ListItem","position":2,"name":"Produkty","item":"https:\/\/naturalpoland.com\/cs\/produkty\/"},{"@type":"ListItem","position":3,"name":"Tocotrienoly"}]},{"@type":"WebSite","@id":"https:\/\/naturalpoland.com\/cs\/#website","url":"https:\/\/naturalpoland.com\/cs\/","name":"NATURAL POLAND - Velkoobchodn\u00ed distributor surovin","description":"Surowce dla przemys\u0142u spo\u017cywczego, kosmetycznego i farmaceutycznego","publisher":{"@id":"https:\/\/naturalpoland.com\/cs\/#organization"},"potentialAction":[{"@type":"SearchAction","target":{"@type":"EntryPoint","urlTemplate":"https:\/\/naturalpoland.com\/cs\/?s={search_term_string}"},"query-input":{"@type":"PropertyValueSpecification","valueRequired":true,"valueName":"search_term_string"}}],"inLanguage":"cs"},{"@type":"Organization","@id":"https:\/\/naturalpoland.com\/cs\/#organization","name":"Natural Poland","url":"https:\/\/naturalpoland.com\/cs\/","logo":{"@type":"ImageObject","inLanguage":"cs","@id":"https:\/\/naturalpoland.com\/cs\/#\/schema\/logo\/image\/","url":"https:\/\/naturalpoland.com\/wp-content\/uploads\/2021\/05\/natural-poland-icon.png","contentUrl":"https:\/\/naturalpoland.com\/wp-content\/uploads\/2021\/05\/natural-poland-icon.png","width":512,"height":512,"caption":"Natural Poland"},"image":{"@id":"https:\/\/naturalpoland.com\/cs\/#\/schema\/logo\/image\/"},"sameAs":["https:\/\/www.facebook.com\/naturalpoland.b2b","https:\/\/pl.linkedin.com\/company\/natural-poland","https:\/\/www.youtube.com\/channel\/UCgeGGkvOMahZo-xu_MSEWxg"]}]}},"_links":{"self":[{"href":"https:\/\/naturalpoland.com\/cs\/wp-json\/wp\/v2\/product\/38186","targetHints":{"allow":["GET"]}}],"collection":[{"href":"https:\/\/naturalpoland.com\/cs\/wp-json\/wp\/v2\/product"}],"about":[{"href":"https:\/\/naturalpoland.com\/cs\/wp-json\/wp\/v2\/types\/product"}],"wp:featuredmedia":[{"embeddable":true,"href":"https:\/\/naturalpoland.com\/cs\/wp-json\/wp\/v2\/media\/38131"}],"wp:attachment":[{"href":"https:\/\/naturalpoland.com\/cs\/wp-json\/wp\/v2\/media?parent=38186"}],"wp:term":[{"taxonomy":"product_brand","embeddable":true,"href":"https:\/\/naturalpoland.com\/cs\/wp-json\/wp\/v2\/product_brand?post=38186"},{"taxonomy":"product_cat","embeddable":true,"href":"https:\/\/naturalpoland.com\/cs\/wp-json\/wp\/v2\/product_cat?post=38186"},{"taxonomy":"product_tag","embeddable":true,"href":"https:\/\/naturalpoland.com\/cs\/wp-json\/wp\/v2\/product_tag?post=38186"}],"curies":[{"name":"wp","href":"https:\/\/api.w.org\/{rel}","templated":true}]}}