{"id":38414,"date":"2024-12-13T13:54:46","date_gmt":"2024-12-23T11:45:52","guid":{"rendered":"https:\/\/naturalpoland.com\/produkty\/neza\u0159azen\u00e9\/ekstrakt-z-cynamonu-cejlonskiego\/"},"modified":"2024-12-23T12:45:52","modified_gmt":"2024-12-23T11:45:52","slug":"ekstrakt-z-cynamonu-cejlonskiego","status":"publish","type":"product","link":"https:\/\/naturalpoland.com\/cs\/produkty\/rostlinne-vytazky\/ekstrakt-z-cynamonu-cejlonskiego\/","title":{"rendered":"Extrakt z cejlonsk\u00e9 sko\u0159ice"},"content":{"rendered":"<h3 data-pm-slice=\"1 3 []\">Zdravotn\u00ed \u00fa\u010dinky extraktu z cejlonsk\u00e9 sko\u0159ice<\/h3>\n<p>Extrakt z cejlonsk\u00e9 sko\u0159ice je zn\u00e1m\u00fd sv\u00fdmi pozitivn\u00edmi \u00fa\u010dinky na <strong>tr\u00e1vic\u00ed syst\u00e9m<\/strong>. Pom\u00e1h\u00e1 zm\u00edr\u0148ovat p\u0159\u00edznaky za\u017e\u00edvac\u00edch pot\u00ed\u017e\u00ed, podporuje zdravou st\u0159evn\u00ed peristaltiku a p\u016fsob\u00ed proti nad\u00fdm\u00e1n\u00ed. Polyfenoly a flavonoidy obsa\u017een\u00e9 v extraktu \u00fa\u010dinn\u011b <strong>neutralizuj\u00ed voln\u00e9 radik\u00e1ly<\/strong>, \u010d\u00edm\u017e pom\u00e1haj\u00ed chr\u00e1nit bu\u0148ky p\u0159ed oxida\u010dn\u00edm stresem a sni\u017euj\u00ed z\u00e1n\u011bty v t\u011ble. V\u00fdzkum nazna\u010duje, \u017ee sko\u0159ice m\u016f\u017ee podporovat <strong>udr\u017een\u00ed norm\u00e1ln\u00ed hladiny gluk\u00f3zy v krvi<\/strong> t\u00edm, \u017ee zlep\u0161uje citlivost na inzul\u00edn. Pravideln\u00e9 u\u017e\u00edv\u00e1n\u00ed extraktu m\u016f\u017ee p\u0159isp\u00edvat ke sni\u017eov\u00e1n\u00ed LDL cholesterolu a triglycerid\u016f a z\u00e1rove\u0148 zlep\u0161ovat kardiovaskul\u00e1rn\u00ed funkce. Sko\u0159ice je p\u0159\u00edrodn\u00ed antiinfek\u010dn\u00ed prost\u0159edek, kter\u00fd likviduje bakterie a pl\u00edsn\u011b, jako je nap\u0159\u00edklad Candida. <\/p>\n<h3>Aplikace<\/h3>\n<ul data-spread=\"false\">\n<li><strong>Dopl\u0148ky stravy na<\/strong> podporu zdrav\u00ed metabolismu, tr\u00e1ven\u00ed a kontroly hladiny cukru v krvi.<\/li>\n<li><strong>Kosmetika <\/strong>s protiz\u00e1n\u011btliv\u00fdmi a antioxida\u010dn\u00edmi \u00fa\u010dinky.<\/li>\n<li>Jako p\u0159\u00eddavek do \u010daj\u016f, funk\u010dn\u00edch n\u00e1poj\u016f a dal\u0161\u00edch v\u00fd\u017eivov\u00fdch produkt\u016f.<\/li>\n<\/ul>\n","protected":false},"excerpt":{"rendered":"<p data-pm-slice=\"1 1 []\"><strong>Extrakt z k\u016fry sko\u0159icovn\u00edku cejlonsk\u00e9ho<\/strong> se vyr\u00e1b\u00ed z k\u016fry stromu Cinnamomum Zeylanicum.<\/p>\n","protected":false},"featured_media":38295,"template":"","meta":{"_acf_changed":false},"product_brand":[],"product_cat":[622],"product_tag":[],"class_list":{"0":"post-38414","1":"product","2":"type-product","3":"status-publish","4":"has-post-thumbnail","6":"product_cat-rostlinne-vytazky","7":"pa_czesc-rosliny-kura","9":"first","10":"instock","11":"shipping-taxable","12":"product-type-simple"},"acf":[],"yoast_head":"<!-- This site is optimized with the Yoast SEO plugin v27.5 - https:\/\/yoast.com\/product\/yoast-seo-wordpress\/ -->\n<title>Extrakt z cejlonsk\u00e9 sko\u0159ice - Velkoobchodn\u00ed distributor<\/title>\n<meta name=\"description\" content=\"Extrakt z k\u016fry cejlonsk\u00e9 sko\u0159ice je rostlinn\u00e1 surovina pou\u017e\u00edvan\u00e1 zejm\u00e9na ve farmaceutick\u00e9m, kosmetick\u00e9m a potravin\u00e1\u0159sk\u00e9m pr\u016fmyslu.\" \/>\n<meta name=\"robots\" content=\"index, follow, max-snippet:-1, max-image-preview:large, max-video-preview:-1\" \/>\n<link rel=\"canonical\" href=\"https:\/\/naturalpoland.com\/cs\/produkty\/rostlinne-vytazky\/ekstrakt-z-cynamonu-cejlonskiego\/\" \/>\n<meta property=\"og:locale\" content=\"cs_CZ\" \/>\n<meta property=\"og:type\" content=\"article\" \/>\n<meta property=\"og:title\" content=\"Extrakt z cejlonsk\u00e9 sko\u0159ice - Velkoobchodn\u00ed distributor\" \/>\n<meta property=\"og:description\" content=\"Extrakt z k\u016fry cejlonsk\u00e9 sko\u0159ice je rostlinn\u00e1 surovina pou\u017e\u00edvan\u00e1 zejm\u00e9na ve farmaceutick\u00e9m, kosmetick\u00e9m a potravin\u00e1\u0159sk\u00e9m pr\u016fmyslu.\" \/>\n<meta property=\"og:url\" content=\"https:\/\/naturalpoland.com\/cs\/produkty\/rostlinne-vytazky\/ekstrakt-z-cynamonu-cejlonskiego\/\" \/>\n<meta property=\"og:site_name\" content=\"NATURAL POLAND - Velkoobchodn\u00ed distributor surovin\" \/>\n<meta property=\"article:publisher\" content=\"https:\/\/www.facebook.com\/naturalpoland.b2b\" \/>\n<meta property=\"og:image\" content=\"https:\/\/naturalpoland.com\/wp-content\/uploads\/ekstrakt-z-cynamonu-cejlonskiego.webp\" \/>\n\t<meta property=\"og:image:width\" content=\"619\" \/>\n\t<meta property=\"og:image:height\" content=\"619\" \/>\n\t<meta property=\"og:image:type\" content=\"image\/webp\" \/>\n<script type=\"application\/ld+json\" class=\"yoast-schema-graph\">{\"@context\":\"https:\\\/\\\/schema.org\",\"@graph\":[{\"@type\":\"WebPage\",\"@id\":\"https:\\\/\\\/naturalpoland.com\\\/cs\\\/produkty\\\/rostlinne-vytazky\\\/ekstrakt-z-cynamonu-cejlonskiego\\\/\",\"url\":\"https:\\\/\\\/naturalpoland.com\\\/cs\\\/produkty\\\/rostlinne-vytazky\\\/ekstrakt-z-cynamonu-cejlonskiego\\\/\",\"name\":\"Extrakt z cejlonsk\u00e9 sko\u0159ice - Velkoobchodn\u00ed distributor\",\"isPartOf\":{\"@id\":\"https:\\\/\\\/naturalpoland.com\\\/cs\\\/#website\"},\"primaryImageOfPage\":{\"@id\":\"https:\\\/\\\/naturalpoland.com\\\/cs\\\/produkty\\\/rostlinne-vytazky\\\/ekstrakt-z-cynamonu-cejlonskiego\\\/#primaryimage\"},\"image\":{\"@id\":\"https:\\\/\\\/naturalpoland.com\\\/cs\\\/produkty\\\/rostlinne-vytazky\\\/ekstrakt-z-cynamonu-cejlonskiego\\\/#primaryimage\"},\"thumbnailUrl\":\"https:\\\/\\\/naturalpoland.com\\\/wp-content\\\/uploads\\\/ekstrakt-z-cynamonu-cejlonskiego.webp\",\"datePublished\":\"2024-12-23T11:45:52+00:00\",\"description\":\"Extrakt z k\u016fry cejlonsk\u00e9 sko\u0159ice je rostlinn\u00e1 surovina pou\u017e\u00edvan\u00e1 zejm\u00e9na ve farmaceutick\u00e9m, kosmetick\u00e9m a potravin\u00e1\u0159sk\u00e9m pr\u016fmyslu.\",\"breadcrumb\":{\"@id\":\"https:\\\/\\\/naturalpoland.com\\\/cs\\\/produkty\\\/rostlinne-vytazky\\\/ekstrakt-z-cynamonu-cejlonskiego\\\/#breadcrumb\"},\"inLanguage\":\"cs\",\"potentialAction\":[{\"@type\":\"ReadAction\",\"target\":[\"https:\\\/\\\/naturalpoland.com\\\/cs\\\/produkty\\\/rostlinne-vytazky\\\/ekstrakt-z-cynamonu-cejlonskiego\\\/\"]}]},{\"@type\":\"ImageObject\",\"inLanguage\":\"cs\",\"@id\":\"https:\\\/\\\/naturalpoland.com\\\/cs\\\/produkty\\\/rostlinne-vytazky\\\/ekstrakt-z-cynamonu-cejlonskiego\\\/#primaryimage\",\"url\":\"https:\\\/\\\/naturalpoland.com\\\/wp-content\\\/uploads\\\/ekstrakt-z-cynamonu-cejlonskiego.webp\",\"contentUrl\":\"https:\\\/\\\/naturalpoland.com\\\/wp-content\\\/uploads\\\/ekstrakt-z-cynamonu-cejlonskiego.webp\",\"width\":619,\"height\":619,\"caption\":\"Ekstrakt z cynamonu cejlo\u0144skiego\"},{\"@type\":\"BreadcrumbList\",\"@id\":\"https:\\\/\\\/naturalpoland.com\\\/cs\\\/produkty\\\/rostlinne-vytazky\\\/ekstrakt-z-cynamonu-cejlonskiego\\\/#breadcrumb\",\"itemListElement\":[{\"@type\":\"ListItem\",\"position\":1,\"name\":\"Dom\u016f\",\"item\":\"https:\\\/\\\/naturalpoland.com\\\/cs\\\/\"},{\"@type\":\"ListItem\",\"position\":2,\"name\":\"Produkty\",\"item\":\"https:\\\/\\\/naturalpoland.com\\\/cs\\\/produkty\\\/\"},{\"@type\":\"ListItem\",\"position\":3,\"name\":\"Extrakt z cejlonsk\u00e9 sko\u0159ice\"}]},{\"@type\":\"WebSite\",\"@id\":\"https:\\\/\\\/naturalpoland.com\\\/cs\\\/#website\",\"url\":\"https:\\\/\\\/naturalpoland.com\\\/cs\\\/\",\"name\":\"NATURAL POLAND - Velkoobchodn\u00ed distributor surovin\",\"description\":\"Surowce dla przemys\u0142u spo\u017cywczego, kosmetycznego i farmaceutycznego\",\"publisher\":{\"@id\":\"https:\\\/\\\/naturalpoland.com\\\/cs\\\/#organization\"},\"potentialAction\":[{\"@type\":\"SearchAction\",\"target\":{\"@type\":\"EntryPoint\",\"urlTemplate\":\"https:\\\/\\\/naturalpoland.com\\\/cs\\\/?s={search_term_string}\"},\"query-input\":{\"@type\":\"PropertyValueSpecification\",\"valueRequired\":true,\"valueName\":\"search_term_string\"}}],\"inLanguage\":\"cs\"},{\"@type\":\"Organization\",\"@id\":\"https:\\\/\\\/naturalpoland.com\\\/cs\\\/#organization\",\"name\":\"Natural Poland\",\"url\":\"https:\\\/\\\/naturalpoland.com\\\/cs\\\/\",\"logo\":{\"@type\":\"ImageObject\",\"inLanguage\":\"cs\",\"@id\":\"https:\\\/\\\/naturalpoland.com\\\/cs\\\/#\\\/schema\\\/logo\\\/image\\\/\",\"url\":\"https:\\\/\\\/naturalpoland.com\\\/wp-content\\\/uploads\\\/2021\\\/05\\\/natural-poland-icon.png\",\"contentUrl\":\"https:\\\/\\\/naturalpoland.com\\\/wp-content\\\/uploads\\\/2021\\\/05\\\/natural-poland-icon.png\",\"width\":512,\"height\":512,\"caption\":\"Natural Poland\"},\"image\":{\"@id\":\"https:\\\/\\\/naturalpoland.com\\\/cs\\\/#\\\/schema\\\/logo\\\/image\\\/\"},\"sameAs\":[\"https:\\\/\\\/www.facebook.com\\\/naturalpoland.b2b\",\"https:\\\/\\\/pl.linkedin.com\\\/company\\\/natural-poland\",\"https:\\\/\\\/www.youtube.com\\\/channel\\\/UCgeGGkvOMahZo-xu_MSEWxg\"]}]}<\/script>\n<!-- \/ Yoast SEO plugin. -->","yoast_head_json":{"title":"Extrakt z cejlonsk\u00e9 sko\u0159ice - Velkoobchodn\u00ed distributor","description":"Extrakt z k\u016fry cejlonsk\u00e9 sko\u0159ice je rostlinn\u00e1 surovina pou\u017e\u00edvan\u00e1 zejm\u00e9na ve farmaceutick\u00e9m, kosmetick\u00e9m a potravin\u00e1\u0159sk\u00e9m pr\u016fmyslu.","robots":{"index":"index","follow":"follow","max-snippet":"max-snippet:-1","max-image-preview":"max-image-preview:large","max-video-preview":"max-video-preview:-1"},"canonical":"https:\/\/naturalpoland.com\/cs\/produkty\/rostlinne-vytazky\/ekstrakt-z-cynamonu-cejlonskiego\/","og_locale":"cs_CZ","og_type":"article","og_title":"Extrakt z cejlonsk\u00e9 sko\u0159ice - Velkoobchodn\u00ed distributor","og_description":"Extrakt z k\u016fry cejlonsk\u00e9 sko\u0159ice je rostlinn\u00e1 surovina pou\u017e\u00edvan\u00e1 zejm\u00e9na ve farmaceutick\u00e9m, kosmetick\u00e9m a potravin\u00e1\u0159sk\u00e9m pr\u016fmyslu.","og_url":"https:\/\/naturalpoland.com\/cs\/produkty\/rostlinne-vytazky\/ekstrakt-z-cynamonu-cejlonskiego\/","og_site_name":"NATURAL POLAND - Velkoobchodn\u00ed distributor surovin","article_publisher":"https:\/\/www.facebook.com\/naturalpoland.b2b","og_image":[{"width":619,"height":619,"url":"https:\/\/naturalpoland.com\/wp-content\/uploads\/ekstrakt-z-cynamonu-cejlonskiego.webp","type":"image\/webp"}],"schema":{"@context":"https:\/\/schema.org","@graph":[{"@type":"WebPage","@id":"https:\/\/naturalpoland.com\/cs\/produkty\/rostlinne-vytazky\/ekstrakt-z-cynamonu-cejlonskiego\/","url":"https:\/\/naturalpoland.com\/cs\/produkty\/rostlinne-vytazky\/ekstrakt-z-cynamonu-cejlonskiego\/","name":"Extrakt z cejlonsk\u00e9 sko\u0159ice - Velkoobchodn\u00ed distributor","isPartOf":{"@id":"https:\/\/naturalpoland.com\/cs\/#website"},"primaryImageOfPage":{"@id":"https:\/\/naturalpoland.com\/cs\/produkty\/rostlinne-vytazky\/ekstrakt-z-cynamonu-cejlonskiego\/#primaryimage"},"image":{"@id":"https:\/\/naturalpoland.com\/cs\/produkty\/rostlinne-vytazky\/ekstrakt-z-cynamonu-cejlonskiego\/#primaryimage"},"thumbnailUrl":"https:\/\/naturalpoland.com\/wp-content\/uploads\/ekstrakt-z-cynamonu-cejlonskiego.webp","datePublished":"2024-12-23T11:45:52+00:00","description":"Extrakt z k\u016fry cejlonsk\u00e9 sko\u0159ice je rostlinn\u00e1 surovina pou\u017e\u00edvan\u00e1 zejm\u00e9na ve farmaceutick\u00e9m, kosmetick\u00e9m a potravin\u00e1\u0159sk\u00e9m pr\u016fmyslu.","breadcrumb":{"@id":"https:\/\/naturalpoland.com\/cs\/produkty\/rostlinne-vytazky\/ekstrakt-z-cynamonu-cejlonskiego\/#breadcrumb"},"inLanguage":"cs","potentialAction":[{"@type":"ReadAction","target":["https:\/\/naturalpoland.com\/cs\/produkty\/rostlinne-vytazky\/ekstrakt-z-cynamonu-cejlonskiego\/"]}]},{"@type":"ImageObject","inLanguage":"cs","@id":"https:\/\/naturalpoland.com\/cs\/produkty\/rostlinne-vytazky\/ekstrakt-z-cynamonu-cejlonskiego\/#primaryimage","url":"https:\/\/naturalpoland.com\/wp-content\/uploads\/ekstrakt-z-cynamonu-cejlonskiego.webp","contentUrl":"https:\/\/naturalpoland.com\/wp-content\/uploads\/ekstrakt-z-cynamonu-cejlonskiego.webp","width":619,"height":619,"caption":"Ekstrakt z cynamonu cejlo\u0144skiego"},{"@type":"BreadcrumbList","@id":"https:\/\/naturalpoland.com\/cs\/produkty\/rostlinne-vytazky\/ekstrakt-z-cynamonu-cejlonskiego\/#breadcrumb","itemListElement":[{"@type":"ListItem","position":1,"name":"Dom\u016f","item":"https:\/\/naturalpoland.com\/cs\/"},{"@type":"ListItem","position":2,"name":"Produkty","item":"https:\/\/naturalpoland.com\/cs\/produkty\/"},{"@type":"ListItem","position":3,"name":"Extrakt z cejlonsk\u00e9 sko\u0159ice"}]},{"@type":"WebSite","@id":"https:\/\/naturalpoland.com\/cs\/#website","url":"https:\/\/naturalpoland.com\/cs\/","name":"NATURAL POLAND - Velkoobchodn\u00ed distributor surovin","description":"Surowce dla przemys\u0142u spo\u017cywczego, kosmetycznego i farmaceutycznego","publisher":{"@id":"https:\/\/naturalpoland.com\/cs\/#organization"},"potentialAction":[{"@type":"SearchAction","target":{"@type":"EntryPoint","urlTemplate":"https:\/\/naturalpoland.com\/cs\/?s={search_term_string}"},"query-input":{"@type":"PropertyValueSpecification","valueRequired":true,"valueName":"search_term_string"}}],"inLanguage":"cs"},{"@type":"Organization","@id":"https:\/\/naturalpoland.com\/cs\/#organization","name":"Natural Poland","url":"https:\/\/naturalpoland.com\/cs\/","logo":{"@type":"ImageObject","inLanguage":"cs","@id":"https:\/\/naturalpoland.com\/cs\/#\/schema\/logo\/image\/","url":"https:\/\/naturalpoland.com\/wp-content\/uploads\/2021\/05\/natural-poland-icon.png","contentUrl":"https:\/\/naturalpoland.com\/wp-content\/uploads\/2021\/05\/natural-poland-icon.png","width":512,"height":512,"caption":"Natural Poland"},"image":{"@id":"https:\/\/naturalpoland.com\/cs\/#\/schema\/logo\/image\/"},"sameAs":["https:\/\/www.facebook.com\/naturalpoland.b2b","https:\/\/pl.linkedin.com\/company\/natural-poland","https:\/\/www.youtube.com\/channel\/UCgeGGkvOMahZo-xu_MSEWxg"]}]}},"_links":{"self":[{"href":"https:\/\/naturalpoland.com\/cs\/wp-json\/wp\/v2\/product\/38414","targetHints":{"allow":["GET"]}}],"collection":[{"href":"https:\/\/naturalpoland.com\/cs\/wp-json\/wp\/v2\/product"}],"about":[{"href":"https:\/\/naturalpoland.com\/cs\/wp-json\/wp\/v2\/types\/product"}],"wp:featuredmedia":[{"embeddable":true,"href":"https:\/\/naturalpoland.com\/cs\/wp-json\/wp\/v2\/media\/38295"}],"wp:attachment":[{"href":"https:\/\/naturalpoland.com\/cs\/wp-json\/wp\/v2\/media?parent=38414"}],"wp:term":[{"taxonomy":"product_brand","embeddable":true,"href":"https:\/\/naturalpoland.com\/cs\/wp-json\/wp\/v2\/product_brand?post=38414"},{"taxonomy":"product_cat","embeddable":true,"href":"https:\/\/naturalpoland.com\/cs\/wp-json\/wp\/v2\/product_cat?post=38414"},{"taxonomy":"product_tag","embeddable":true,"href":"https:\/\/naturalpoland.com\/cs\/wp-json\/wp\/v2\/product_tag?post=38414"}],"curies":[{"name":"wp","href":"https:\/\/api.w.org\/{rel}","templated":true}]}}