{"id":38438,"date":"2024-12-19T15:37:27","date_gmt":"2024-12-19T14:37:27","guid":{"rendered":"https:\/\/naturalpoland.com\/produkty\/neza\u0159azen\u00e9\/myristoyl-pentapeptide-17\/"},"modified":"2024-12-23T12:50:02","modified_gmt":"2024-12-23T11:50:02","slug":"myristoyl-pentapeptide-17","status":"publish","type":"product","link":"https:\/\/naturalpoland.com\/cs\/produkty\/produkty-pro-kosmeticky-prumysl\/peptidy\/myristoyl-pentapeptide-17\/","title":{"rendered":"Myristoyl pentapeptid-17"},"content":{"rendered":"<p data-pm-slice=\"1 1 []\">Myristoyl pentapeptid-17 podporuje regenera\u010dn\u00ed procesy vlasov\u00fdch folikul\u016f, \u010d\u00edm\u017e zv\u011bt\u0161uje objem a d\u00e9lku \u0159as. Podporuje regenera\u010dn\u00ed procesy v poko\u017ece a zlep\u0161uje jej\u00ed pru\u017enost a hydrataci. Nav\u00edc chr\u00e1n\u00ed vlasy p\u0159ed po\u0161kozen\u00edm.  <\/p>\n<p data-pm-slice=\"1 1 []\">Myristoyl pentapeptid-17 se \u0161iroce pou\u017e\u00edv\u00e1 v kosmetick\u00e9m pr\u016fmyslu, zejm\u00e9na v s\u00e9rech a kondicion\u00e9rech na \u0159asy a obo\u010d\u00ed, v p\u0159\u00edpravc\u00edch proti st\u00e1rnut\u00ed a v p\u0159\u00edpravc\u00edch pro p\u00e9\u010di o vlasy.<\/p>\n","protected":false},"excerpt":{"rendered":"<p data-pm-slice=\"1 1 []\"><strong>Myristoyl pentapeptid-17<\/strong> je pokro\u010dil\u00e1 bioaktivn\u00ed slo\u017eka s posiluj\u00edc\u00edmi a regenera\u010dn\u00edmi \u00fa\u010dinky. Jeho jedine\u010dn\u00e1 chemick\u00e1 struktura umo\u017e\u0148uje \u00fa\u010dinn\u011b podporovat stav poko\u017eky a vlas\u016f a p\u0159isp\u00edv\u00e1 k jejich zdrav\u00e9mu a estetick\u00e9mu vzhledu. D\u00edky p\u0159\u00edtomnosti myristoyl lipidov\u00e9 skupiny se peptid vyzna\u010duje zv\u00fd\u0161enou biologickou dostupnost\u00ed a \u00fa\u010dinnost\u00ed p\u0159i p\u016fsoben\u00ed na bun\u011b\u010dn\u00e9 \u00farovni.  <\/p>\n","protected":false},"featured_media":38373,"template":"","meta":{"_acf_changed":false},"product_brand":[],"product_cat":[2488],"product_tag":[],"class_list":{"0":"post-38438","1":"product","2":"type-product","3":"status-publish","4":"has-post-thumbnail","6":"product_cat-peptidy","8":"first","9":"instock","10":"shipping-taxable","11":"product-type-simple"},"acf":[],"yoast_head":"<!-- This site is optimized with the Yoast SEO plugin v27.4 - https:\/\/yoast.com\/product\/yoast-seo-wordpress\/ -->\n<title>Myristoyl pentapeptid-17 - Velkoobchodn\u00ed distributor surovin NATURAL POLAND - Velkoobchodn\u00ed distributor surovin<\/title>\n<meta name=\"description\" content=\"Myristoyl pentapeptid-17 je inovativn\u00ed slo\u017eka, kter\u00e1 si na\u0161la cestu do modern\u00edch kosmetick\u00fdch produkt\u016f, v\u010detn\u011b pr\u00e9miov\u00fdch v\u00fdrobk\u016f.\" \/>\n<meta name=\"robots\" content=\"index, follow, max-snippet:-1, max-image-preview:large, max-video-preview:-1\" \/>\n<link rel=\"canonical\" href=\"https:\/\/naturalpoland.com\/cs\/produkty\/produkty-pro-kosmeticky-prumysl\/peptidy\/myristoyl-pentapeptide-17\/\" \/>\n<meta property=\"og:locale\" content=\"cs_CZ\" \/>\n<meta property=\"og:type\" content=\"article\" \/>\n<meta property=\"og:title\" content=\"Myristoyl pentapeptid-17 - Velkoobchodn\u00ed distributor surovin NATURAL POLAND - Velkoobchodn\u00ed distributor surovin\" \/>\n<meta property=\"og:description\" content=\"Myristoyl pentapeptid-17 je inovativn\u00ed slo\u017eka, kter\u00e1 si na\u0161la cestu do modern\u00edch kosmetick\u00fdch produkt\u016f, v\u010detn\u011b pr\u00e9miov\u00fdch v\u00fdrobk\u016f.\" \/>\n<meta property=\"og:url\" content=\"https:\/\/naturalpoland.com\/cs\/produkty\/produkty-pro-kosmeticky-prumysl\/peptidy\/myristoyl-pentapeptide-17\/\" \/>\n<meta property=\"og:site_name\" content=\"NATURAL POLAND - Velkoobchodn\u00ed distributor surovin\" \/>\n<meta property=\"article:publisher\" content=\"https:\/\/www.facebook.com\/naturalpoland.b2b\" \/>\n<meta property=\"article:modified_time\" content=\"2024-12-23T11:50:02+00:00\" \/>\n<meta property=\"og:image\" content=\"https:\/\/naturalpoland.com\/wp-content\/uploads\/myristoyl-pentapeptide-17.webp\" \/>\n\t<meta property=\"og:image:width\" content=\"592\" \/>\n\t<meta property=\"og:image:height\" content=\"592\" \/>\n\t<meta property=\"og:image:type\" content=\"image\/webp\" \/>\n<script type=\"application\/ld+json\" class=\"yoast-schema-graph\">{\"@context\":\"https:\\\/\\\/schema.org\",\"@graph\":[{\"@type\":\"WebPage\",\"@id\":\"https:\\\/\\\/naturalpoland.com\\\/cs\\\/produkty\\\/produkty-pro-kosmeticky-prumysl\\\/peptidy\\\/myristoyl-pentapeptide-17\\\/\",\"url\":\"https:\\\/\\\/naturalpoland.com\\\/cs\\\/produkty\\\/produkty-pro-kosmeticky-prumysl\\\/peptidy\\\/myristoyl-pentapeptide-17\\\/\",\"name\":\"Myristoyl pentapeptid-17 - Velkoobchodn\u00ed distributor surovin NATURAL POLAND - Velkoobchodn\u00ed distributor surovin\",\"isPartOf\":{\"@id\":\"https:\\\/\\\/naturalpoland.com\\\/cs\\\/#website\"},\"primaryImageOfPage\":{\"@id\":\"https:\\\/\\\/naturalpoland.com\\\/cs\\\/produkty\\\/produkty-pro-kosmeticky-prumysl\\\/peptidy\\\/myristoyl-pentapeptide-17\\\/#primaryimage\"},\"image\":{\"@id\":\"https:\\\/\\\/naturalpoland.com\\\/cs\\\/produkty\\\/produkty-pro-kosmeticky-prumysl\\\/peptidy\\\/myristoyl-pentapeptide-17\\\/#primaryimage\"},\"thumbnailUrl\":\"https:\\\/\\\/naturalpoland.com\\\/wp-content\\\/uploads\\\/myristoyl-pentapeptide-17.webp\",\"datePublished\":\"2024-12-19T14:37:27+00:00\",\"dateModified\":\"2024-12-23T11:50:02+00:00\",\"description\":\"Myristoyl pentapeptid-17 je inovativn\u00ed slo\u017eka, kter\u00e1 si na\u0161la cestu do modern\u00edch kosmetick\u00fdch produkt\u016f, v\u010detn\u011b pr\u00e9miov\u00fdch v\u00fdrobk\u016f.\",\"breadcrumb\":{\"@id\":\"https:\\\/\\\/naturalpoland.com\\\/cs\\\/produkty\\\/produkty-pro-kosmeticky-prumysl\\\/peptidy\\\/myristoyl-pentapeptide-17\\\/#breadcrumb\"},\"inLanguage\":\"cs\",\"potentialAction\":[{\"@type\":\"ReadAction\",\"target\":[\"https:\\\/\\\/naturalpoland.com\\\/cs\\\/produkty\\\/produkty-pro-kosmeticky-prumysl\\\/peptidy\\\/myristoyl-pentapeptide-17\\\/\"]}]},{\"@type\":\"ImageObject\",\"inLanguage\":\"cs\",\"@id\":\"https:\\\/\\\/naturalpoland.com\\\/cs\\\/produkty\\\/produkty-pro-kosmeticky-prumysl\\\/peptidy\\\/myristoyl-pentapeptide-17\\\/#primaryimage\",\"url\":\"https:\\\/\\\/naturalpoland.com\\\/wp-content\\\/uploads\\\/myristoyl-pentapeptide-17.webp\",\"contentUrl\":\"https:\\\/\\\/naturalpoland.com\\\/wp-content\\\/uploads\\\/myristoyl-pentapeptide-17.webp\",\"width\":592,\"height\":592,\"caption\":\"Myristoyl Pentapeptide-17\"},{\"@type\":\"BreadcrumbList\",\"@id\":\"https:\\\/\\\/naturalpoland.com\\\/cs\\\/produkty\\\/produkty-pro-kosmeticky-prumysl\\\/peptidy\\\/myristoyl-pentapeptide-17\\\/#breadcrumb\",\"itemListElement\":[{\"@type\":\"ListItem\",\"position\":1,\"name\":\"Dom\u016f\",\"item\":\"https:\\\/\\\/naturalpoland.com\\\/cs\\\/\"},{\"@type\":\"ListItem\",\"position\":2,\"name\":\"Produkty\",\"item\":\"https:\\\/\\\/naturalpoland.com\\\/cs\\\/produkty\\\/\"},{\"@type\":\"ListItem\",\"position\":3,\"name\":\"Myristoyl pentapeptid-17\"}]},{\"@type\":\"WebSite\",\"@id\":\"https:\\\/\\\/naturalpoland.com\\\/cs\\\/#website\",\"url\":\"https:\\\/\\\/naturalpoland.com\\\/cs\\\/\",\"name\":\"NATURAL POLAND - Velkoobchodn\u00ed distributor surovin\",\"description\":\"Surowce dla przemys\u0142u spo\u017cywczego, kosmetycznego i farmaceutycznego\",\"publisher\":{\"@id\":\"https:\\\/\\\/naturalpoland.com\\\/cs\\\/#organization\"},\"potentialAction\":[{\"@type\":\"SearchAction\",\"target\":{\"@type\":\"EntryPoint\",\"urlTemplate\":\"https:\\\/\\\/naturalpoland.com\\\/cs\\\/?s={search_term_string}\"},\"query-input\":{\"@type\":\"PropertyValueSpecification\",\"valueRequired\":true,\"valueName\":\"search_term_string\"}}],\"inLanguage\":\"cs\"},{\"@type\":\"Organization\",\"@id\":\"https:\\\/\\\/naturalpoland.com\\\/cs\\\/#organization\",\"name\":\"Natural Poland\",\"url\":\"https:\\\/\\\/naturalpoland.com\\\/cs\\\/\",\"logo\":{\"@type\":\"ImageObject\",\"inLanguage\":\"cs\",\"@id\":\"https:\\\/\\\/naturalpoland.com\\\/cs\\\/#\\\/schema\\\/logo\\\/image\\\/\",\"url\":\"https:\\\/\\\/naturalpoland.com\\\/wp-content\\\/uploads\\\/2021\\\/05\\\/natural-poland-icon.png\",\"contentUrl\":\"https:\\\/\\\/naturalpoland.com\\\/wp-content\\\/uploads\\\/2021\\\/05\\\/natural-poland-icon.png\",\"width\":512,\"height\":512,\"caption\":\"Natural Poland\"},\"image\":{\"@id\":\"https:\\\/\\\/naturalpoland.com\\\/cs\\\/#\\\/schema\\\/logo\\\/image\\\/\"},\"sameAs\":[\"https:\\\/\\\/www.facebook.com\\\/naturalpoland.b2b\",\"https:\\\/\\\/pl.linkedin.com\\\/company\\\/natural-poland\",\"https:\\\/\\\/www.youtube.com\\\/channel\\\/UCgeGGkvOMahZo-xu_MSEWxg\"]}]}<\/script>\n<!-- \/ Yoast SEO plugin. -->","yoast_head_json":{"title":"Myristoyl pentapeptid-17 - Velkoobchodn\u00ed distributor surovin NATURAL POLAND - Velkoobchodn\u00ed distributor surovin","description":"Myristoyl pentapeptid-17 je inovativn\u00ed slo\u017eka, kter\u00e1 si na\u0161la cestu do modern\u00edch kosmetick\u00fdch produkt\u016f, v\u010detn\u011b pr\u00e9miov\u00fdch v\u00fdrobk\u016f.","robots":{"index":"index","follow":"follow","max-snippet":"max-snippet:-1","max-image-preview":"max-image-preview:large","max-video-preview":"max-video-preview:-1"},"canonical":"https:\/\/naturalpoland.com\/cs\/produkty\/produkty-pro-kosmeticky-prumysl\/peptidy\/myristoyl-pentapeptide-17\/","og_locale":"cs_CZ","og_type":"article","og_title":"Myristoyl pentapeptid-17 - Velkoobchodn\u00ed distributor surovin NATURAL POLAND - Velkoobchodn\u00ed distributor surovin","og_description":"Myristoyl pentapeptid-17 je inovativn\u00ed slo\u017eka, kter\u00e1 si na\u0161la cestu do modern\u00edch kosmetick\u00fdch produkt\u016f, v\u010detn\u011b pr\u00e9miov\u00fdch v\u00fdrobk\u016f.","og_url":"https:\/\/naturalpoland.com\/cs\/produkty\/produkty-pro-kosmeticky-prumysl\/peptidy\/myristoyl-pentapeptide-17\/","og_site_name":"NATURAL POLAND - Velkoobchodn\u00ed distributor surovin","article_publisher":"https:\/\/www.facebook.com\/naturalpoland.b2b","article_modified_time":"2024-12-23T11:50:02+00:00","og_image":[{"width":592,"height":592,"url":"https:\/\/naturalpoland.com\/wp-content\/uploads\/myristoyl-pentapeptide-17.webp","type":"image\/webp"}],"schema":{"@context":"https:\/\/schema.org","@graph":[{"@type":"WebPage","@id":"https:\/\/naturalpoland.com\/cs\/produkty\/produkty-pro-kosmeticky-prumysl\/peptidy\/myristoyl-pentapeptide-17\/","url":"https:\/\/naturalpoland.com\/cs\/produkty\/produkty-pro-kosmeticky-prumysl\/peptidy\/myristoyl-pentapeptide-17\/","name":"Myristoyl pentapeptid-17 - Velkoobchodn\u00ed distributor surovin NATURAL POLAND - Velkoobchodn\u00ed distributor surovin","isPartOf":{"@id":"https:\/\/naturalpoland.com\/cs\/#website"},"primaryImageOfPage":{"@id":"https:\/\/naturalpoland.com\/cs\/produkty\/produkty-pro-kosmeticky-prumysl\/peptidy\/myristoyl-pentapeptide-17\/#primaryimage"},"image":{"@id":"https:\/\/naturalpoland.com\/cs\/produkty\/produkty-pro-kosmeticky-prumysl\/peptidy\/myristoyl-pentapeptide-17\/#primaryimage"},"thumbnailUrl":"https:\/\/naturalpoland.com\/wp-content\/uploads\/myristoyl-pentapeptide-17.webp","datePublished":"2024-12-19T14:37:27+00:00","dateModified":"2024-12-23T11:50:02+00:00","description":"Myristoyl pentapeptid-17 je inovativn\u00ed slo\u017eka, kter\u00e1 si na\u0161la cestu do modern\u00edch kosmetick\u00fdch produkt\u016f, v\u010detn\u011b pr\u00e9miov\u00fdch v\u00fdrobk\u016f.","breadcrumb":{"@id":"https:\/\/naturalpoland.com\/cs\/produkty\/produkty-pro-kosmeticky-prumysl\/peptidy\/myristoyl-pentapeptide-17\/#breadcrumb"},"inLanguage":"cs","potentialAction":[{"@type":"ReadAction","target":["https:\/\/naturalpoland.com\/cs\/produkty\/produkty-pro-kosmeticky-prumysl\/peptidy\/myristoyl-pentapeptide-17\/"]}]},{"@type":"ImageObject","inLanguage":"cs","@id":"https:\/\/naturalpoland.com\/cs\/produkty\/produkty-pro-kosmeticky-prumysl\/peptidy\/myristoyl-pentapeptide-17\/#primaryimage","url":"https:\/\/naturalpoland.com\/wp-content\/uploads\/myristoyl-pentapeptide-17.webp","contentUrl":"https:\/\/naturalpoland.com\/wp-content\/uploads\/myristoyl-pentapeptide-17.webp","width":592,"height":592,"caption":"Myristoyl Pentapeptide-17"},{"@type":"BreadcrumbList","@id":"https:\/\/naturalpoland.com\/cs\/produkty\/produkty-pro-kosmeticky-prumysl\/peptidy\/myristoyl-pentapeptide-17\/#breadcrumb","itemListElement":[{"@type":"ListItem","position":1,"name":"Dom\u016f","item":"https:\/\/naturalpoland.com\/cs\/"},{"@type":"ListItem","position":2,"name":"Produkty","item":"https:\/\/naturalpoland.com\/cs\/produkty\/"},{"@type":"ListItem","position":3,"name":"Myristoyl pentapeptid-17"}]},{"@type":"WebSite","@id":"https:\/\/naturalpoland.com\/cs\/#website","url":"https:\/\/naturalpoland.com\/cs\/","name":"NATURAL POLAND - Velkoobchodn\u00ed distributor surovin","description":"Surowce dla przemys\u0142u spo\u017cywczego, kosmetycznego i farmaceutycznego","publisher":{"@id":"https:\/\/naturalpoland.com\/cs\/#organization"},"potentialAction":[{"@type":"SearchAction","target":{"@type":"EntryPoint","urlTemplate":"https:\/\/naturalpoland.com\/cs\/?s={search_term_string}"},"query-input":{"@type":"PropertyValueSpecification","valueRequired":true,"valueName":"search_term_string"}}],"inLanguage":"cs"},{"@type":"Organization","@id":"https:\/\/naturalpoland.com\/cs\/#organization","name":"Natural Poland","url":"https:\/\/naturalpoland.com\/cs\/","logo":{"@type":"ImageObject","inLanguage":"cs","@id":"https:\/\/naturalpoland.com\/cs\/#\/schema\/logo\/image\/","url":"https:\/\/naturalpoland.com\/wp-content\/uploads\/2021\/05\/natural-poland-icon.png","contentUrl":"https:\/\/naturalpoland.com\/wp-content\/uploads\/2021\/05\/natural-poland-icon.png","width":512,"height":512,"caption":"Natural Poland"},"image":{"@id":"https:\/\/naturalpoland.com\/cs\/#\/schema\/logo\/image\/"},"sameAs":["https:\/\/www.facebook.com\/naturalpoland.b2b","https:\/\/pl.linkedin.com\/company\/natural-poland","https:\/\/www.youtube.com\/channel\/UCgeGGkvOMahZo-xu_MSEWxg"]}]}},"_links":{"self":[{"href":"https:\/\/naturalpoland.com\/cs\/wp-json\/wp\/v2\/product\/38438","targetHints":{"allow":["GET"]}}],"collection":[{"href":"https:\/\/naturalpoland.com\/cs\/wp-json\/wp\/v2\/product"}],"about":[{"href":"https:\/\/naturalpoland.com\/cs\/wp-json\/wp\/v2\/types\/product"}],"wp:featuredmedia":[{"embeddable":true,"href":"https:\/\/naturalpoland.com\/cs\/wp-json\/wp\/v2\/media\/38373"}],"wp:attachment":[{"href":"https:\/\/naturalpoland.com\/cs\/wp-json\/wp\/v2\/media?parent=38438"}],"wp:term":[{"taxonomy":"product_brand","embeddable":true,"href":"https:\/\/naturalpoland.com\/cs\/wp-json\/wp\/v2\/product_brand?post=38438"},{"taxonomy":"product_cat","embeddable":true,"href":"https:\/\/naturalpoland.com\/cs\/wp-json\/wp\/v2\/product_cat?post=38438"},{"taxonomy":"product_tag","embeddable":true,"href":"https:\/\/naturalpoland.com\/cs\/wp-json\/wp\/v2\/product_tag?post=38438"}],"curies":[{"name":"wp","href":"https:\/\/api.w.org\/{rel}","templated":true}]}}