{"id":38462,"date":"2024-09-23T10:50:07","date_gmt":"2024-12-23T11:51:39","guid":{"rendered":"https:\/\/naturalpoland.com\/produkty\/neza\u0159azen\u00e9\/witamina-b3\/"},"modified":"2024-12-23T12:51:39","modified_gmt":"2024-12-23T11:51:39","slug":"witamina-b3","status":"publish","type":"product","link":"https:\/\/naturalpoland.com\/cs\/produkty\/produkty-pro-farmaceuticky-a-zdravotnicky-prumysl\/vitaminy\/witamina-b3\/","title":{"rendered":"Vitamin B3"},"content":{"rendered":"<h2>Pou\u017eit\u00ed vitaminu B3 v kosmetice<\/h2>\n<p>  Niacinamid je vitam\u00edn rozpustn\u00fd ve vod\u011b s mal\u00fdmi molekulami. D\u00edky sv\u00e9 stabilit\u011b se snadno pou\u017e\u00edv\u00e1 v kosmetice &#8211; zachov\u00e1v\u00e1 si sv\u00e9 vlastnosti v \u0161irok\u00e9m rozsahu pH a je odoln\u00fd v\u016f\u010di sv\u011btlu a teplu. Je to tak\u00e9 multifunk\u010dn\u00ed slo\u017eka, kter\u00e1 pom\u00e1h\u00e1 zlep\u0161ovat t\u00f3n pleti a jej\u00ed stav. Niacinamid p\u016fsob\u00ed jako hydrata\u010dn\u00ed l\u00e1tka, zvy\u0161uje pru\u017enost poko\u017eky a vykazuje protiz\u00e1n\u011btliv\u00e9 vlastnosti, d\u00edky \u010demu\u017e je cenn\u00fd p\u0159i p\u00e9\u010di o r\u016fzn\u00e9 typy pleti. Niacinamid m\u00e1 <strong>antioxida\u010dn\u00ed vlastnosti,<\/strong> kter\u00e9 byly potvrzeny \u0159adou v\u011bdeck\u00fdch studi\u00ed. Pravideln\u00e9 pou\u017e\u00edv\u00e1n\u00ed p\u0159\u00edpravk\u016f s koncentrac\u00ed niacinamidu 4-5 % redukuje jemn\u00e9 linky a vr\u00e1sky. Ve studii <a href=\"\/produkty\/produkty-dla-przemyslu-farmaceutycznego-i-medycznego\/witaminy\/witamina-b3\/#bibl-wit3\">Kawadova t\u00fdmu (2008)<\/a> osmit\u00fddenn\u00ed aplikace 4% kr\u00e9mu s niacinamidem v\u00fdrazn\u011b zlep\u0161ila vzhled pleti a redukovala vr\u00e1sky kolem o\u010d\u00ed. Niacinamid m\u00e1 nejen protivr\u00e1skov\u00fd \u00fa\u010dinek d\u00edky sv\u00fdm antioxida\u010dn\u00edm vlastnostem, ale tak\u00e9 stimuluje tvorbu elastick\u00fdch vl\u00e1ken. Zlep\u0161uje elasticitu poko\u017eky t\u00edm, \u017ee <strong>podporuje synt\u00e9zu kolagenu<\/strong> v derm\u00e1ln\u00edch fibroblastech a stimuluje diferencia\u010dn\u00ed markery v norm\u00e1ln\u00edch epiderm\u00e1ln\u00edch bu\u0148k\u00e1ch. P\u0159edpokl\u00e1d\u00e1 se, \u017ee urychlen\u00ed epiderm\u00e1ln\u00edho bun\u011b\u010dn\u00e9ho cyklu p\u016fsob\u00ed jako m\u00edrn\u00fd exfoliant, d\u00edky \u010demu\u017e je poko\u017eka pevn\u011bj\u0161\u00ed a vr\u00e1sky m\u00e9n\u011b viditeln\u00e9.           <strong><a href=\"https:\/\/naturalpoland.com\/produkty\/produkty-dla-przemyslu-kosmetycznego\/surowce-kosmetyczne\/trehaloza\/\">Trehal\u00f3za<\/a><\/strong>, disacharid \u010dasto pou\u017e\u00edvan\u00fd v kosmetice, p\u016fsob\u00ed synergicky s nikotinamidem na podporu hydratace a ochranu poko\u017eky p\u0159ed vn\u011bj\u0161\u00edmi vlivy.  <\/p>\n<h3>L\u00e9\u010dba akn\u00e9 niacinamidem<\/h3>\n<p>  D\u00edky sv\u00fdm <strong>protiz\u00e1n\u011btliv\u00fdm vlastnostem<\/strong> je vitamin B3 \u00fa\u010dinnou slo\u017ekou p\u0159i l\u00e9\u010db\u011b akn\u00e9. V reakci na probl\u00e9my s vedlej\u0161\u00edmi \u00fa\u010dinky a rostouc\u00ed rezistenc\u00ed v\u016f\u010di antibiotik\u016fm se hledaj\u00ed bezpe\u010dn\u00e9 a \u00fa\u010dinn\u00e9 alternativy. Niacinamid vykazuje siln\u00e9 \u00fa\u010dinky, kter\u00e9 mohou podpo\u0159it l\u00e9\u010dbu akn\u00e9. Jak se lze do\u010d\u00edst v <a href=\"\/produkty\/produkty-dla-przemyslu-farmaceutycznego-i-medycznego\/witaminy\/witamina-b3\/#bibl-wit3\">p\u0159ehledov\u00e9m \u010dl\u00e1nku Franciszky M. Walocko a jej\u00edch koleg\u016f z roku 2017<\/a>, \u0161est z osmi studi\u00ed, v nich\u017e byl lok\u00e1ln\u011b aplikov\u00e1n vitamin B3, vedlo k v\u00fdznamn\u00e9mu sn\u00ed\u017een\u00ed v\u00fdskytu akn\u00e9 ve srovn\u00e1n\u00ed se z\u00e1kladn\u00ed nebo standardn\u00ed l\u00e9\u010dbou akn\u00e9. Krom\u011b toho studie, kter\u00e9 pou\u017e\u00edvaly peror\u00e1ln\u00ed dopln\u011bk stravy obsahuj\u00edc\u00ed nikotinamid, rovn\u011b\u017e prok\u00e1zaly v\u00fdznamn\u00e9 sn\u00ed\u017een\u00ed v\u00fdskytu akn\u00e9. Vitamin B3 pom\u00e1h\u00e1 <strong>sni\u017eovat z\u00e1n\u011bt a sni\u017eovat po\u010det ko\u017en\u00edch l\u00e9z\u00ed<\/strong>, co\u017e z n\u011bj \u010din\u00ed cennou sou\u010d\u00e1st p\u00e9\u010de o akn\u00f3zn\u00ed ple\u0165. Pom\u00e1h\u00e1 zm\u00edr\u0148ovat p\u0159\u00edznaky, jako je zarudnut\u00ed a otok, co\u017e je zvl\u00e1\u0161t\u011b prosp\u011b\u0161n\u00e9 pro osoby se z\u00e1n\u011btliv\u00fdm akn\u00e9. Krom\u011b protiz\u00e1n\u011btliv\u00e9ho \u00fa\u010dinku podporuje lok\u00e1ln\u00ed aplikace niacinamidu funkci epiderm\u00e1ln\u00ed bari\u00e9ry. Stabilizace t\u00e9to bari\u00e9ry je kl\u00ed\u010dov\u00e1, proto\u017ee sni\u017euje transepiderm\u00e1ln\u00ed ztr\u00e1ty vody a zlep\u0161uje hydrataci rohov\u00e9 vrstvy. To n\u00e1sledn\u011b pom\u00e1h\u00e1 p\u0159edch\u00e1zet opakovan\u00e9mu v\u00fdskytu eflorescenc\u00ed a udr\u017eovat zdrav\u00fd vzhled poko\u017eky, co\u017e je d\u016fle\u017eit\u00e9 p\u0159i dlouhodob\u00e9 l\u00e9\u010db\u011b akn\u00e9.           <\/p>\n<h3>Rozjasn\u011bn\u00ed pleti a redukce barevn\u00fdch zm\u011bn<\/h3>\n<p>  Vitamin B3 je cen\u011bn\u00fd pro sv\u00e9 <strong>rozjas\u0148uj\u00edc\u00ed vlastnosti,<\/strong> kter\u00e9 pom\u00e1haj\u00ed redukovat hyperpigmentaci a sta\u0159eck\u00e9 skvrny, \u010d\u00edm\u017e pom\u00e1haj\u00ed vyrovnat t\u00f3n pleti. Nerovnom\u011brn\u00e1 pigmentace pleti je jedn\u00edm z hlavn\u00edch p\u0159\u00edznak\u016f vn\u011bj\u0161\u00edho st\u00e1rnut\u00ed, co\u017e zvy\u0161uje pot\u0159ebu kosmetiky s rozjas\u0148uj\u00edc\u00edmi \u00fa\u010dinky. Studie <a href=\"\/produkty\/produkty-dla-przemyslu-farmaceutycznego-i-medycznego\/witaminy\/witamina-b3\/#bibl-wit3\">Bissetta a jeho koleg\u016f (2006)<\/a> uk\u00e1zala, \u017ee pravideln\u00e9 pou\u017e\u00edv\u00e1n\u00ed niacinamidu m\u016f\u017ee v\u00fdznamn\u011b sn\u00ed\u017eit v\u00fdskyt hyperpigmentace a dodat pleti jednotn\u00fd a zdrav\u00fd vzhled. Niacinamid d\u00edky sv\u00fdm antioxida\u010dn\u00edm vlastnostem \u00fa\u010dinn\u011b potla\u010duje oxida\u010dn\u00ed procesy, jako je oxidace b\u00edlkovin a glykace. Produkty pokro\u010dil\u00e9 glykace (AGE), mohou ovliv\u0148ovat proces st\u00e1rnut\u00ed pleti, co\u017e vede mimo jin\u00e9 ke vzniku \u017elut\u00e9ho zabarven\u00ed. T\u00edm, \u017ee p\u016fsob\u00ed jako antioxidant, m\u016f\u017ee tento vitamin chr\u00e1nit poko\u017eku p\u0159ed \u017eloutnut\u00edm a dal\u0161\u00edmi nep\u0159\u00edzniv\u00fdmi \u00fa\u010dinky st\u00e1rnut\u00ed poko\u017eky.        <\/p>\n<h3>Pos\u00edlen\u00ed ko\u017en\u00ed bari\u00e9ry<\/h3>\n<p>  Produkty s vitaminem B3 pom\u00e1haj\u00ed posilovat ko\u017en\u00ed bari\u00e9ru, kter\u00e1 zvy\u0161uje hydrataci poko\u017eky a chr\u00e1n\u00ed ji p\u0159ed \u0161kodliv\u00fdmi vn\u011bj\u0161\u00edmi vlivy. Niacinamid <strong>sni\u017euje transepiderm\u00e1ln\u00ed ztr\u00e1tu vody<\/strong> (TEWL), kter\u00e1 je nezbytn\u00e1 pro udr\u017een\u00ed hydratace poko\u017eky. Studie ukazuj\u00ed, \u017ee pravideln\u00e9 pou\u017e\u00edv\u00e1n\u00ed kosmetiky s niacinamidem m\u016f\u017ee zlep\u0161it funkci ko\u017en\u00ed bari\u00e9ry a zv\u00fd\u0161it odolnost poko\u017eky v\u016f\u010di vn\u011bj\u0161\u00edm faktor\u016fm<a href=\"\/produkty\/produkty-dla-przemyslu-farmaceutycznego-i-medycznego\/witaminy\/witamina-b3\/#bibl-wit3\">(Mohammed et al., 2013)<\/a>.    <\/p>\n<h3>Sn\u00ed\u017een\u00ed produkce ko\u017en\u00edho mazu<\/h3>\n<p>  Niacinamid tak\u00e9 <strong>\u00fa\u010dinn\u011b reguluje tvorbu ko\u017en\u00edho mazu<\/strong>, co\u017e je zvl\u00e1\u0161t\u011b prosp\u011b\u0161n\u00e9 pro osoby s mastnou plet\u00ed a sklonem k akn\u00e9. Studie prok\u00e1zaly, \u017ee pou\u017e\u00edv\u00e1n\u00ed niacinamidu v koncentraci 2 % m\u016f\u017ee v\u00fdrazn\u011b sn\u00ed\u017eit sekreci ko\u017en\u00edho mazu, co\u017e pom\u00e1h\u00e1 zlep\u0161it stav pleti<a href=\"\/produkty\/produkty-dla-przemyslu-farmaceutycznego-i-medycznego\/witaminy\/witamina-b3\/#bibl-wit3\">(Draelos et al., 2006)<\/a>.   &nbsp;<\/p>\n<h2>Vitamin B3 v dopl\u0148c\u00edch stravy<\/h2>\n<p>  Niacinamid se \u010dasto pou\u017e\u00edv\u00e1 v dopl\u0148c\u00edch stravy, kter\u00e9 jsou k dispozici ve form\u011b tablet nebo kapsl\u00ed. \u010casto se vyskytuje ve slo\u017een\u00ed vitaminov\u00fdch komplex\u016f, jejich\u017e c\u00edlem je pos\u00edlit kr\u00e1su<strong> podporou zdrav\u00ed poko\u017eky, vlas\u016f a neht\u016f<\/strong>. Jako slo\u017eka t\u011bchto p\u0159\u00edpravk\u016f niacinamid pom\u00e1h\u00e1 hydratovat poko\u017eku, posilovat ochrannou bari\u00e9ru a sni\u017eovat z\u00e1n\u011bty a nadm\u011brnou tvorbu ko\u017en\u00edho mazu. Tento vitamin hraje d\u016fle\u017eitou roli p\u0159i <strong>norm\u00e1ln\u00edm fungov\u00e1n\u00ed nervov\u00e9ho syst\u00e9mu<\/strong> a metabolick\u00fdch proces\u016f. Jako prekurzor NAD+ m\u00e1 z\u00e1sadn\u00ed v\u00fdznam pro redoxn\u00ed reakce a produkci energie v bu\u0148k\u00e1ch, co\u017e je nezbytn\u00e9 pro metabolismus. M\u00e1 tak\u00e9 neuroprotektivn\u00ed \u00fa\u010dinek, podporuje v\u00fdvoj a p\u0159e\u017e\u00edv\u00e1n\u00ed neuron\u016f a chr\u00e1n\u00ed je p\u0159ed po\u0161kozen\u00edm souvisej\u00edc\u00edm s ischemi\u00ed a jin\u00fdmi po\u0161kozen\u00edmi. V\u00fdzkum nazna\u010duje jeho potenci\u00e1l v ochran\u011b p\u0159ed neurodegenerativn\u00edmi onemocn\u011bn\u00edmi, jako je Alzheimerova, Parkinsonova a Huntingtonova choroba. Dopl\u0148ov\u00e1n\u00ed vitaminu B3 se doporu\u010duje zejm\u00e9na lidem s jeho nedostatkem, kter\u00fd se m\u016f\u017ee projevovat r\u016fzn\u00fdmi ko\u017en\u00edmi probl\u00e9my, t\u011blesnou slabost\u00ed a dal\u0161\u00edmi p\u0159\u00edznaky pelagie. Pravideln\u00e9 u\u017e\u00edv\u00e1n\u00ed niacinamidu m\u016f\u017ee zabr\u00e1nit nedostatku vitaminu a podpo\u0159it celkov\u00e9 zdrav\u00ed a kr\u00e1su.         <\/p>\n<hr>\n<p><small>AUTOR \u010cL\u00c1NKU:<\/small><\/p>\n<h5 class=\"author-name uppercase pt-half\">Katarzyna Kopyci\u0144ska<\/h5>\n<p class=\"author-desc small\">Farmaceutick\u00e1 techni\u010dka se zku\u0161enostmi s prac\u00ed v l\u00e9k\u00e1rn\u011b, kde poskytuje poradenstv\u00ed v oblasti zdrav\u00ed a p\u00e9\u010de. Vystudovala biotechnologii na Univerzit\u011b Mikul\u00e1\u0161e Kopern\u00edka v Toruni. Jako copywriterka se specializuje na t\u00e9mata t\u00fdkaj\u00edc\u00ed se zdrav\u00ed, bylin a p\u00e9\u010de. S nad\u0161en\u00edm zkoum\u00e1 bylink\u00e1\u0159stv\u00ed a p\u0159\u00edrodn\u00ed metody p\u00e9\u010de a r\u00e1da p\u0159ed\u00e1v\u00e1 sv\u00e9 znalosti jednoduch\u00fdm a p\u0159\u00edstupn\u00fdm zp\u016fsobem.   <\/p>\n<p>&nbsp;<\/p>\n","protected":false},"excerpt":{"rendered":"<p><strong>Vitamin B3<\/strong> je zn\u00e1m\u00fd tak\u00e9 jako <strong>niacinamid <\/strong>nebo <strong>nikotinamid<\/strong> a je cen\u011bnou slo\u017ekou kosmetiky a dopl\u0148k\u016f stravy. Jeho popularita je d\u00e1na \u0161irokou \u0161k\u00e1lou p\u0159\u00ednos\u016f pro ple\u0165 i celkov\u00e9 zdrav\u00ed. B\u011b\u017en\u011b se pou\u017e\u00edv\u00e1 v p\u0159\u00edpravc\u00edch pro p\u00e9\u010di o ple\u0165, kde pom\u00e1h\u00e1 zlep\u0161ovat jej\u00ed stav a vzhled. Krom\u011b toho se niacinamid pou\u017e\u00edv\u00e1 v dopl\u0148c\u00edch stravy na podporu metabolismu a zdrav\u00ed nervov\u00e9ho syst\u00e9mu.   <\/p>\n","protected":false},"featured_media":35801,"template":"","meta":{"_acf_changed":false},"product_brand":[],"product_cat":[631],"product_tag":[],"class_list":{"0":"post-38462","1":"product","2":"type-product","3":"status-publish","4":"has-post-thumbnail","6":"product_cat-vitaminy","8":"first","9":"instock","10":"shipping-taxable","11":"product-type-simple"},"acf":[],"yoast_head":"<!-- This site is optimized with the Yoast SEO plugin v27.4 - https:\/\/yoast.com\/product\/yoast-seo-wordpress\/ -->\n<title>Vitamin B3 - NATURAL POLAND - Velkoobchodn\u00ed distributor surovin<\/title>\n<meta name=\"description\" content=\"Niacinamid neboli vitamin B3 m\u00e1 sv\u00e9 m\u00edsto jak v kosmetick\u00fdch p\u0159\u00edpravc\u00edch, tak v dopl\u0148c\u00edch stravy. Baleno v 25 kg pytl\u00edch.\" \/>\n<meta name=\"robots\" content=\"index, follow, max-snippet:-1, max-image-preview:large, max-video-preview:-1\" \/>\n<link rel=\"canonical\" href=\"https:\/\/naturalpoland.com\/cs\/produkty\/produkty-pro-farmaceuticky-a-zdravotnicky-prumysl\/vitaminy\/witamina-b3\/\" \/>\n<meta property=\"og:locale\" content=\"cs_CZ\" \/>\n<meta property=\"og:type\" content=\"article\" \/>\n<meta property=\"og:title\" content=\"Vitamin B3 - NATURAL POLAND - Velkoobchodn\u00ed distributor surovin\" \/>\n<meta property=\"og:description\" content=\"Niacinamid neboli vitamin B3 m\u00e1 sv\u00e9 m\u00edsto jak v kosmetick\u00fdch p\u0159\u00edpravc\u00edch, tak v dopl\u0148c\u00edch stravy. Baleno v 25 kg pytl\u00edch.\" \/>\n<meta property=\"og:url\" content=\"https:\/\/naturalpoland.com\/cs\/produkty\/produkty-pro-farmaceuticky-a-zdravotnicky-prumysl\/vitaminy\/witamina-b3\/\" \/>\n<meta property=\"og:site_name\" content=\"NATURAL POLAND - Velkoobchodn\u00ed distributor surovin\" \/>\n<meta property=\"article:publisher\" content=\"https:\/\/www.facebook.com\/naturalpoland.b2b\" \/>\n<meta property=\"og:image\" content=\"https:\/\/naturalpoland.com\/wp-content\/uploads\/niacynamid.webp\" \/>\n\t<meta property=\"og:image:width\" content=\"619\" \/>\n\t<meta property=\"og:image:height\" content=\"619\" \/>\n\t<meta property=\"og:image:type\" content=\"image\/webp\" \/>\n<script type=\"application\/ld+json\" class=\"yoast-schema-graph\">{\"@context\":\"https:\\\/\\\/schema.org\",\"@graph\":[{\"@type\":\"WebPage\",\"@id\":\"https:\\\/\\\/naturalpoland.com\\\/cs\\\/produkty\\\/produkty-pro-farmaceuticky-a-zdravotnicky-prumysl\\\/vitaminy\\\/witamina-b3\\\/\",\"url\":\"https:\\\/\\\/naturalpoland.com\\\/cs\\\/produkty\\\/produkty-pro-farmaceuticky-a-zdravotnicky-prumysl\\\/vitaminy\\\/witamina-b3\\\/\",\"name\":\"Vitamin B3 - NATURAL POLAND - Velkoobchodn\u00ed distributor surovin\",\"isPartOf\":{\"@id\":\"https:\\\/\\\/naturalpoland.com\\\/cs\\\/#website\"},\"primaryImageOfPage\":{\"@id\":\"https:\\\/\\\/naturalpoland.com\\\/cs\\\/produkty\\\/produkty-pro-farmaceuticky-a-zdravotnicky-prumysl\\\/vitaminy\\\/witamina-b3\\\/#primaryimage\"},\"image\":{\"@id\":\"https:\\\/\\\/naturalpoland.com\\\/cs\\\/produkty\\\/produkty-pro-farmaceuticky-a-zdravotnicky-prumysl\\\/vitaminy\\\/witamina-b3\\\/#primaryimage\"},\"thumbnailUrl\":\"https:\\\/\\\/naturalpoland.com\\\/wp-content\\\/uploads\\\/niacynamid.webp\",\"datePublished\":\"2024-12-23T11:51:39+00:00\",\"description\":\"Niacinamid neboli vitamin B3 m\u00e1 sv\u00e9 m\u00edsto jak v kosmetick\u00fdch p\u0159\u00edpravc\u00edch, tak v dopl\u0148c\u00edch stravy. Baleno v 25 kg pytl\u00edch.\",\"breadcrumb\":{\"@id\":\"https:\\\/\\\/naturalpoland.com\\\/cs\\\/produkty\\\/produkty-pro-farmaceuticky-a-zdravotnicky-prumysl\\\/vitaminy\\\/witamina-b3\\\/#breadcrumb\"},\"inLanguage\":\"cs\",\"potentialAction\":[{\"@type\":\"ReadAction\",\"target\":[\"https:\\\/\\\/naturalpoland.com\\\/cs\\\/produkty\\\/produkty-pro-farmaceuticky-a-zdravotnicky-prumysl\\\/vitaminy\\\/witamina-b3\\\/\"]}]},{\"@type\":\"ImageObject\",\"inLanguage\":\"cs\",\"@id\":\"https:\\\/\\\/naturalpoland.com\\\/cs\\\/produkty\\\/produkty-pro-farmaceuticky-a-zdravotnicky-prumysl\\\/vitaminy\\\/witamina-b3\\\/#primaryimage\",\"url\":\"https:\\\/\\\/naturalpoland.com\\\/wp-content\\\/uploads\\\/niacynamid.webp\",\"contentUrl\":\"https:\\\/\\\/naturalpoland.com\\\/wp-content\\\/uploads\\\/niacynamid.webp\",\"width\":619,\"height\":619,\"caption\":\"niacynamid w postaci bia\u0142ego krystalicznego proszku\"},{\"@type\":\"BreadcrumbList\",\"@id\":\"https:\\\/\\\/naturalpoland.com\\\/cs\\\/produkty\\\/produkty-pro-farmaceuticky-a-zdravotnicky-prumysl\\\/vitaminy\\\/witamina-b3\\\/#breadcrumb\",\"itemListElement\":[{\"@type\":\"ListItem\",\"position\":1,\"name\":\"Dom\u016f\",\"item\":\"https:\\\/\\\/naturalpoland.com\\\/cs\\\/\"},{\"@type\":\"ListItem\",\"position\":2,\"name\":\"Produkty\",\"item\":\"https:\\\/\\\/naturalpoland.com\\\/cs\\\/produkty\\\/\"},{\"@type\":\"ListItem\",\"position\":3,\"name\":\"Vitamin B3\"}]},{\"@type\":\"WebSite\",\"@id\":\"https:\\\/\\\/naturalpoland.com\\\/cs\\\/#website\",\"url\":\"https:\\\/\\\/naturalpoland.com\\\/cs\\\/\",\"name\":\"NATURAL POLAND - Velkoobchodn\u00ed distributor surovin\",\"description\":\"Surowce dla przemys\u0142u spo\u017cywczego, kosmetycznego i farmaceutycznego\",\"publisher\":{\"@id\":\"https:\\\/\\\/naturalpoland.com\\\/cs\\\/#organization\"},\"potentialAction\":[{\"@type\":\"SearchAction\",\"target\":{\"@type\":\"EntryPoint\",\"urlTemplate\":\"https:\\\/\\\/naturalpoland.com\\\/cs\\\/?s={search_term_string}\"},\"query-input\":{\"@type\":\"PropertyValueSpecification\",\"valueRequired\":true,\"valueName\":\"search_term_string\"}}],\"inLanguage\":\"cs\"},{\"@type\":\"Organization\",\"@id\":\"https:\\\/\\\/naturalpoland.com\\\/cs\\\/#organization\",\"name\":\"Natural Poland\",\"url\":\"https:\\\/\\\/naturalpoland.com\\\/cs\\\/\",\"logo\":{\"@type\":\"ImageObject\",\"inLanguage\":\"cs\",\"@id\":\"https:\\\/\\\/naturalpoland.com\\\/cs\\\/#\\\/schema\\\/logo\\\/image\\\/\",\"url\":\"https:\\\/\\\/naturalpoland.com\\\/wp-content\\\/uploads\\\/2021\\\/05\\\/natural-poland-icon.png\",\"contentUrl\":\"https:\\\/\\\/naturalpoland.com\\\/wp-content\\\/uploads\\\/2021\\\/05\\\/natural-poland-icon.png\",\"width\":512,\"height\":512,\"caption\":\"Natural Poland\"},\"image\":{\"@id\":\"https:\\\/\\\/naturalpoland.com\\\/cs\\\/#\\\/schema\\\/logo\\\/image\\\/\"},\"sameAs\":[\"https:\\\/\\\/www.facebook.com\\\/naturalpoland.b2b\",\"https:\\\/\\\/pl.linkedin.com\\\/company\\\/natural-poland\",\"https:\\\/\\\/www.youtube.com\\\/channel\\\/UCgeGGkvOMahZo-xu_MSEWxg\"]}]}<\/script>\n<!-- \/ Yoast SEO plugin. -->","yoast_head_json":{"title":"Vitamin B3 - NATURAL POLAND - Velkoobchodn\u00ed distributor surovin","description":"Niacinamid neboli vitamin B3 m\u00e1 sv\u00e9 m\u00edsto jak v kosmetick\u00fdch p\u0159\u00edpravc\u00edch, tak v dopl\u0148c\u00edch stravy. Baleno v 25 kg pytl\u00edch.","robots":{"index":"index","follow":"follow","max-snippet":"max-snippet:-1","max-image-preview":"max-image-preview:large","max-video-preview":"max-video-preview:-1"},"canonical":"https:\/\/naturalpoland.com\/cs\/produkty\/produkty-pro-farmaceuticky-a-zdravotnicky-prumysl\/vitaminy\/witamina-b3\/","og_locale":"cs_CZ","og_type":"article","og_title":"Vitamin B3 - NATURAL POLAND - Velkoobchodn\u00ed distributor surovin","og_description":"Niacinamid neboli vitamin B3 m\u00e1 sv\u00e9 m\u00edsto jak v kosmetick\u00fdch p\u0159\u00edpravc\u00edch, tak v dopl\u0148c\u00edch stravy. Baleno v 25 kg pytl\u00edch.","og_url":"https:\/\/naturalpoland.com\/cs\/produkty\/produkty-pro-farmaceuticky-a-zdravotnicky-prumysl\/vitaminy\/witamina-b3\/","og_site_name":"NATURAL POLAND - Velkoobchodn\u00ed distributor surovin","article_publisher":"https:\/\/www.facebook.com\/naturalpoland.b2b","og_image":[{"width":619,"height":619,"url":"https:\/\/naturalpoland.com\/wp-content\/uploads\/niacynamid.webp","type":"image\/webp"}],"schema":{"@context":"https:\/\/schema.org","@graph":[{"@type":"WebPage","@id":"https:\/\/naturalpoland.com\/cs\/produkty\/produkty-pro-farmaceuticky-a-zdravotnicky-prumysl\/vitaminy\/witamina-b3\/","url":"https:\/\/naturalpoland.com\/cs\/produkty\/produkty-pro-farmaceuticky-a-zdravotnicky-prumysl\/vitaminy\/witamina-b3\/","name":"Vitamin B3 - NATURAL POLAND - Velkoobchodn\u00ed distributor surovin","isPartOf":{"@id":"https:\/\/naturalpoland.com\/cs\/#website"},"primaryImageOfPage":{"@id":"https:\/\/naturalpoland.com\/cs\/produkty\/produkty-pro-farmaceuticky-a-zdravotnicky-prumysl\/vitaminy\/witamina-b3\/#primaryimage"},"image":{"@id":"https:\/\/naturalpoland.com\/cs\/produkty\/produkty-pro-farmaceuticky-a-zdravotnicky-prumysl\/vitaminy\/witamina-b3\/#primaryimage"},"thumbnailUrl":"https:\/\/naturalpoland.com\/wp-content\/uploads\/niacynamid.webp","datePublished":"2024-12-23T11:51:39+00:00","description":"Niacinamid neboli vitamin B3 m\u00e1 sv\u00e9 m\u00edsto jak v kosmetick\u00fdch p\u0159\u00edpravc\u00edch, tak v dopl\u0148c\u00edch stravy. Baleno v 25 kg pytl\u00edch.","breadcrumb":{"@id":"https:\/\/naturalpoland.com\/cs\/produkty\/produkty-pro-farmaceuticky-a-zdravotnicky-prumysl\/vitaminy\/witamina-b3\/#breadcrumb"},"inLanguage":"cs","potentialAction":[{"@type":"ReadAction","target":["https:\/\/naturalpoland.com\/cs\/produkty\/produkty-pro-farmaceuticky-a-zdravotnicky-prumysl\/vitaminy\/witamina-b3\/"]}]},{"@type":"ImageObject","inLanguage":"cs","@id":"https:\/\/naturalpoland.com\/cs\/produkty\/produkty-pro-farmaceuticky-a-zdravotnicky-prumysl\/vitaminy\/witamina-b3\/#primaryimage","url":"https:\/\/naturalpoland.com\/wp-content\/uploads\/niacynamid.webp","contentUrl":"https:\/\/naturalpoland.com\/wp-content\/uploads\/niacynamid.webp","width":619,"height":619,"caption":"niacynamid w postaci bia\u0142ego krystalicznego proszku"},{"@type":"BreadcrumbList","@id":"https:\/\/naturalpoland.com\/cs\/produkty\/produkty-pro-farmaceuticky-a-zdravotnicky-prumysl\/vitaminy\/witamina-b3\/#breadcrumb","itemListElement":[{"@type":"ListItem","position":1,"name":"Dom\u016f","item":"https:\/\/naturalpoland.com\/cs\/"},{"@type":"ListItem","position":2,"name":"Produkty","item":"https:\/\/naturalpoland.com\/cs\/produkty\/"},{"@type":"ListItem","position":3,"name":"Vitamin B3"}]},{"@type":"WebSite","@id":"https:\/\/naturalpoland.com\/cs\/#website","url":"https:\/\/naturalpoland.com\/cs\/","name":"NATURAL POLAND - Velkoobchodn\u00ed distributor surovin","description":"Surowce dla przemys\u0142u spo\u017cywczego, kosmetycznego i farmaceutycznego","publisher":{"@id":"https:\/\/naturalpoland.com\/cs\/#organization"},"potentialAction":[{"@type":"SearchAction","target":{"@type":"EntryPoint","urlTemplate":"https:\/\/naturalpoland.com\/cs\/?s={search_term_string}"},"query-input":{"@type":"PropertyValueSpecification","valueRequired":true,"valueName":"search_term_string"}}],"inLanguage":"cs"},{"@type":"Organization","@id":"https:\/\/naturalpoland.com\/cs\/#organization","name":"Natural Poland","url":"https:\/\/naturalpoland.com\/cs\/","logo":{"@type":"ImageObject","inLanguage":"cs","@id":"https:\/\/naturalpoland.com\/cs\/#\/schema\/logo\/image\/","url":"https:\/\/naturalpoland.com\/wp-content\/uploads\/2021\/05\/natural-poland-icon.png","contentUrl":"https:\/\/naturalpoland.com\/wp-content\/uploads\/2021\/05\/natural-poland-icon.png","width":512,"height":512,"caption":"Natural Poland"},"image":{"@id":"https:\/\/naturalpoland.com\/cs\/#\/schema\/logo\/image\/"},"sameAs":["https:\/\/www.facebook.com\/naturalpoland.b2b","https:\/\/pl.linkedin.com\/company\/natural-poland","https:\/\/www.youtube.com\/channel\/UCgeGGkvOMahZo-xu_MSEWxg"]}]}},"_links":{"self":[{"href":"https:\/\/naturalpoland.com\/cs\/wp-json\/wp\/v2\/product\/38462","targetHints":{"allow":["GET"]}}],"collection":[{"href":"https:\/\/naturalpoland.com\/cs\/wp-json\/wp\/v2\/product"}],"about":[{"href":"https:\/\/naturalpoland.com\/cs\/wp-json\/wp\/v2\/types\/product"}],"wp:featuredmedia":[{"embeddable":true,"href":"https:\/\/naturalpoland.com\/cs\/wp-json\/wp\/v2\/media\/35801"}],"wp:attachment":[{"href":"https:\/\/naturalpoland.com\/cs\/wp-json\/wp\/v2\/media?parent=38462"}],"wp:term":[{"taxonomy":"product_brand","embeddable":true,"href":"https:\/\/naturalpoland.com\/cs\/wp-json\/wp\/v2\/product_brand?post=38462"},{"taxonomy":"product_cat","embeddable":true,"href":"https:\/\/naturalpoland.com\/cs\/wp-json\/wp\/v2\/product_cat?post=38462"},{"taxonomy":"product_tag","embeddable":true,"href":"https:\/\/naturalpoland.com\/cs\/wp-json\/wp\/v2\/product_tag?post=38462"}],"curies":[{"name":"wp","href":"https:\/\/api.w.org\/{rel}","templated":true}]}}