{"id":38716,"date":"2025-01-14T13:08:30","date_gmt":"2025-01-15T14:56:55","guid":{"rendered":"https:\/\/naturalpoland.com\/produkty\/neza\u0159azen\u00e9\/ekstrakt-z-convolvulus-pluricaulis-shankhpushpi\/"},"modified":"2025-01-15T15:56:55","modified_gmt":"2025-01-15T14:56:55","slug":"ekstrakt-z-convolvulus-pluricaulis-shankhpushpi","status":"publish","type":"product","link":"https:\/\/naturalpoland.com\/cs\/produkty\/rostlinne-vytazky\/ekstrakt-z-convolvulus-pluricaulis-shankhpushpi\/","title":{"rendered":"Extrakt z Convolvulus pluricaulis (Shankhpushpi)"},"content":{"rendered":"<h2>Vlastnosti Shankhpushpi<\/h2>\n<p>Extrakt z Convolvulus pluricaulis se v \u00e1jurv\u00e9dsk\u00e9 medic\u00edn\u011b pou\u017e\u00edv\u00e1 ji\u017e po stalet\u00ed, p\u0159edev\u0161\u00edm pro sv\u00e9 vlastnosti podporuj\u00edc\u00ed zdrav\u00ed nervov\u00e9ho syst\u00e9mu a du\u0161evn\u00ed pohodu. Je pova\u017eov\u00e1n za <strong>nootropikum podporuj\u00edc\u00ed koncentraci<\/strong>, pam\u011b\u0165 a my\u0161lenkov\u00e9 procesy. Vykazuje <strong>adaptogenn\u00ed vlastnosti<\/strong> a pom\u00e1h\u00e1 t\u011blu bojovat se stresem a emo\u010dn\u00edm nap\u011bt\u00edm. <strong>M\u00e1 uklid\u0148uj\u00edc\u00ed \u00fa\u010dinky<\/strong> a m\u016f\u017ee podpo\u0159it l\u00e9\u010dbu \u00fazkostn\u00fdch poruch a nespavosti, proto se v \u00e1jurv\u00e9d\u011b tradi\u010dn\u011b pou\u017e\u00edv\u00e1 jako relaxa\u010dn\u00ed prost\u0159edek. Bioaktivn\u00ed l\u00e1tky v rostlin\u011b pom\u00e1haj\u00ed <strong>neutralizovat voln\u00e9 radik\u00e1ly<\/strong>, \u010d\u00edm\u017e podporuj\u00ed zdrav\u00ed bun\u011bk, a jej\u00ed potenci\u00e1ln\u00ed <strong>protiz\u00e1n\u011btliv\u00e9 \u00fa\u010dinky<\/strong> mohou b\u00fdt prosp\u011b\u0161n\u00e9 p\u0159i l\u00e9\u010db\u011b chronick\u00fdch onemocn\u011bn\u00ed. Extrakt z Convolvulus pluricaulis se v p\u0159\u00edrodn\u00ed medic\u00edn\u011b pou\u017e\u00edv\u00e1 tak\u00e9 k podpo\u0159e <strong>endokrinn\u00edho zdrav\u00ed<\/strong>, zejm\u00e9na v souvislosti se sni\u017eov\u00e1n\u00edm hladiny kortizolu. Extrakt z Convolvulus pluricaulis lze pou\u017e\u00edvat v r\u016fzn\u00fdch form\u00e1ch dopl\u0148k\u016f stravy, jako jsou kapsle, tablety a bylinn\u00e9 \u010daje. Extrakt se nedoporu\u010duje t\u011bhotn\u00fdm a koj\u00edc\u00edm \u017een\u00e1m a osoby u\u017e\u00edvaj\u00edc\u00ed psychotropn\u00ed nebo sedativn\u00ed l\u00e9ky by se m\u011bly p\u0159ed zah\u00e1jen\u00edm u\u017e\u00edv\u00e1n\u00ed dopl\u0148k\u016f poradit s l\u00e9ka\u0159em.  <\/p>\n","protected":false},"excerpt":{"rendered":"<p><strong>Extrakt z Convolvulus pluricaulis<\/strong>, zn\u00e1m\u00fd tak\u00e9 jako <strong>Shankhpushpi<\/strong>, se z\u00edsk\u00e1v\u00e1 z kv\u011bt\u016f t\u00e9to ajurv\u00e9dsk\u00e9 rostliny poch\u00e1zej\u00edc\u00ed z \u010c\u00edny. V\u00fdrobek je nab\u00edzen ve form\u011b jemn\u011b mlet\u00e9ho pr\u00e1\u0161ku s charakteristickou v\u016fn\u00ed a chut\u00ed. <\/p>\n","protected":false},"featured_media":38689,"template":"","meta":{"_acf_changed":false},"product_brand":[],"product_cat":[622],"product_tag":[],"class_list":{"0":"post-38716","1":"product","2":"type-product","3":"status-publish","4":"has-post-thumbnail","6":"product_cat-rostlinne-vytazky","7":"pa_czesc-rosliny-kvetiny","9":"first","10":"instock","11":"shipping-taxable","12":"product-type-simple"},"acf":[],"yoast_head":"<!-- This site is optimized with the Yoast SEO plugin v27.4 - https:\/\/yoast.com\/product\/yoast-seo-wordpress\/ -->\n<title>Extrakt z Convolvulus pluricaulis (Shankhpushpi)<\/title>\n<meta name=\"description\" content=\"Extrakt z Convolvulus pluricaulis, zn\u00e1m\u00fd tak\u00e9 jako Shankhpushpi, je vysoce kvalitn\u00ed rostlinn\u00fd materi\u00e1l z\u00edskan\u00fd z kv\u011bt\u016f t\u00e9to ajurv\u00e9dsk\u00e9 rostliny.\" \/>\n<meta name=\"robots\" content=\"index, follow, max-snippet:-1, max-image-preview:large, max-video-preview:-1\" \/>\n<link rel=\"canonical\" href=\"https:\/\/naturalpoland.com\/cs\/produkty\/rostlinne-vytazky\/ekstrakt-z-convolvulus-pluricaulis-shankhpushpi\/\" \/>\n<meta property=\"og:locale\" content=\"cs_CZ\" \/>\n<meta property=\"og:type\" content=\"article\" \/>\n<meta property=\"og:title\" content=\"Extrakt z Convolvulus pluricaulis (Shankhpushpi)\" \/>\n<meta property=\"og:description\" content=\"Extrakt z Convolvulus pluricaulis, zn\u00e1m\u00fd tak\u00e9 jako Shankhpushpi, je vysoce kvalitn\u00ed rostlinn\u00fd materi\u00e1l z\u00edskan\u00fd z kv\u011bt\u016f t\u00e9to ajurv\u00e9dsk\u00e9 rostliny.\" \/>\n<meta property=\"og:url\" content=\"https:\/\/naturalpoland.com\/cs\/produkty\/rostlinne-vytazky\/ekstrakt-z-convolvulus-pluricaulis-shankhpushpi\/\" \/>\n<meta property=\"og:site_name\" content=\"NATURAL POLAND - Velkoobchodn\u00ed distributor surovin\" \/>\n<meta property=\"article:publisher\" content=\"https:\/\/www.facebook.com\/naturalpoland.b2b\" \/>\n<meta property=\"og:image\" content=\"https:\/\/naturalpoland.com\/wp-content\/uploads\/shankhpushpi.webp\" \/>\n\t<meta property=\"og:image:width\" content=\"592\" \/>\n\t<meta property=\"og:image:height\" content=\"592\" \/>\n\t<meta property=\"og:image:type\" content=\"image\/webp\" \/>\n<script type=\"application\/ld+json\" class=\"yoast-schema-graph\">{\"@context\":\"https:\\\/\\\/schema.org\",\"@graph\":[{\"@type\":\"WebPage\",\"@id\":\"https:\\\/\\\/naturalpoland.com\\\/cs\\\/produkty\\\/rostlinne-vytazky\\\/ekstrakt-z-convolvulus-pluricaulis-shankhpushpi\\\/\",\"url\":\"https:\\\/\\\/naturalpoland.com\\\/cs\\\/produkty\\\/rostlinne-vytazky\\\/ekstrakt-z-convolvulus-pluricaulis-shankhpushpi\\\/\",\"name\":\"Extrakt z Convolvulus pluricaulis (Shankhpushpi)\",\"isPartOf\":{\"@id\":\"https:\\\/\\\/naturalpoland.com\\\/cs\\\/#website\"},\"primaryImageOfPage\":{\"@id\":\"https:\\\/\\\/naturalpoland.com\\\/cs\\\/produkty\\\/rostlinne-vytazky\\\/ekstrakt-z-convolvulus-pluricaulis-shankhpushpi\\\/#primaryimage\"},\"image\":{\"@id\":\"https:\\\/\\\/naturalpoland.com\\\/cs\\\/produkty\\\/rostlinne-vytazky\\\/ekstrakt-z-convolvulus-pluricaulis-shankhpushpi\\\/#primaryimage\"},\"thumbnailUrl\":\"https:\\\/\\\/naturalpoland.com\\\/wp-content\\\/uploads\\\/shankhpushpi.webp\",\"datePublished\":\"2025-01-15T14:56:55+00:00\",\"description\":\"Extrakt z Convolvulus pluricaulis, zn\u00e1m\u00fd tak\u00e9 jako Shankhpushpi, je vysoce kvalitn\u00ed rostlinn\u00fd materi\u00e1l z\u00edskan\u00fd z kv\u011bt\u016f t\u00e9to ajurv\u00e9dsk\u00e9 rostliny.\",\"breadcrumb\":{\"@id\":\"https:\\\/\\\/naturalpoland.com\\\/cs\\\/produkty\\\/rostlinne-vytazky\\\/ekstrakt-z-convolvulus-pluricaulis-shankhpushpi\\\/#breadcrumb\"},\"inLanguage\":\"cs\",\"potentialAction\":[{\"@type\":\"ReadAction\",\"target\":[\"https:\\\/\\\/naturalpoland.com\\\/cs\\\/produkty\\\/rostlinne-vytazky\\\/ekstrakt-z-convolvulus-pluricaulis-shankhpushpi\\\/\"]}]},{\"@type\":\"ImageObject\",\"inLanguage\":\"cs\",\"@id\":\"https:\\\/\\\/naturalpoland.com\\\/cs\\\/produkty\\\/rostlinne-vytazky\\\/ekstrakt-z-convolvulus-pluricaulis-shankhpushpi\\\/#primaryimage\",\"url\":\"https:\\\/\\\/naturalpoland.com\\\/wp-content\\\/uploads\\\/shankhpushpi.webp\",\"contentUrl\":\"https:\\\/\\\/naturalpoland.com\\\/wp-content\\\/uploads\\\/shankhpushpi.webp\",\"width\":592,\"height\":592,\"caption\":\"Shankhpushpi\"},{\"@type\":\"BreadcrumbList\",\"@id\":\"https:\\\/\\\/naturalpoland.com\\\/cs\\\/produkty\\\/rostlinne-vytazky\\\/ekstrakt-z-convolvulus-pluricaulis-shankhpushpi\\\/#breadcrumb\",\"itemListElement\":[{\"@type\":\"ListItem\",\"position\":1,\"name\":\"Dom\u016f\",\"item\":\"https:\\\/\\\/naturalpoland.com\\\/cs\\\/\"},{\"@type\":\"ListItem\",\"position\":2,\"name\":\"Produkty\",\"item\":\"https:\\\/\\\/naturalpoland.com\\\/cs\\\/produkty\\\/\"},{\"@type\":\"ListItem\",\"position\":3,\"name\":\"Extrakt z Convolvulus pluricaulis (Shankhpushpi)\"}]},{\"@type\":\"WebSite\",\"@id\":\"https:\\\/\\\/naturalpoland.com\\\/cs\\\/#website\",\"url\":\"https:\\\/\\\/naturalpoland.com\\\/cs\\\/\",\"name\":\"NATURAL POLAND - Velkoobchodn\u00ed distributor surovin\",\"description\":\"Surowce dla przemys\u0142u spo\u017cywczego, kosmetycznego i farmaceutycznego\",\"publisher\":{\"@id\":\"https:\\\/\\\/naturalpoland.com\\\/cs\\\/#organization\"},\"potentialAction\":[{\"@type\":\"SearchAction\",\"target\":{\"@type\":\"EntryPoint\",\"urlTemplate\":\"https:\\\/\\\/naturalpoland.com\\\/cs\\\/?s={search_term_string}\"},\"query-input\":{\"@type\":\"PropertyValueSpecification\",\"valueRequired\":true,\"valueName\":\"search_term_string\"}}],\"inLanguage\":\"cs\"},{\"@type\":\"Organization\",\"@id\":\"https:\\\/\\\/naturalpoland.com\\\/cs\\\/#organization\",\"name\":\"Natural Poland\",\"url\":\"https:\\\/\\\/naturalpoland.com\\\/cs\\\/\",\"logo\":{\"@type\":\"ImageObject\",\"inLanguage\":\"cs\",\"@id\":\"https:\\\/\\\/naturalpoland.com\\\/cs\\\/#\\\/schema\\\/logo\\\/image\\\/\",\"url\":\"https:\\\/\\\/naturalpoland.com\\\/wp-content\\\/uploads\\\/2021\\\/05\\\/natural-poland-icon.png\",\"contentUrl\":\"https:\\\/\\\/naturalpoland.com\\\/wp-content\\\/uploads\\\/2021\\\/05\\\/natural-poland-icon.png\",\"width\":512,\"height\":512,\"caption\":\"Natural Poland\"},\"image\":{\"@id\":\"https:\\\/\\\/naturalpoland.com\\\/cs\\\/#\\\/schema\\\/logo\\\/image\\\/\"},\"sameAs\":[\"https:\\\/\\\/www.facebook.com\\\/naturalpoland.b2b\",\"https:\\\/\\\/pl.linkedin.com\\\/company\\\/natural-poland\",\"https:\\\/\\\/www.youtube.com\\\/channel\\\/UCgeGGkvOMahZo-xu_MSEWxg\"]}]}<\/script>\n<!-- \/ Yoast SEO plugin. -->","yoast_head_json":{"title":"Extrakt z Convolvulus pluricaulis (Shankhpushpi)","description":"Extrakt z Convolvulus pluricaulis, zn\u00e1m\u00fd tak\u00e9 jako Shankhpushpi, je vysoce kvalitn\u00ed rostlinn\u00fd materi\u00e1l z\u00edskan\u00fd z kv\u011bt\u016f t\u00e9to ajurv\u00e9dsk\u00e9 rostliny.","robots":{"index":"index","follow":"follow","max-snippet":"max-snippet:-1","max-image-preview":"max-image-preview:large","max-video-preview":"max-video-preview:-1"},"canonical":"https:\/\/naturalpoland.com\/cs\/produkty\/rostlinne-vytazky\/ekstrakt-z-convolvulus-pluricaulis-shankhpushpi\/","og_locale":"cs_CZ","og_type":"article","og_title":"Extrakt z Convolvulus pluricaulis (Shankhpushpi)","og_description":"Extrakt z Convolvulus pluricaulis, zn\u00e1m\u00fd tak\u00e9 jako Shankhpushpi, je vysoce kvalitn\u00ed rostlinn\u00fd materi\u00e1l z\u00edskan\u00fd z kv\u011bt\u016f t\u00e9to ajurv\u00e9dsk\u00e9 rostliny.","og_url":"https:\/\/naturalpoland.com\/cs\/produkty\/rostlinne-vytazky\/ekstrakt-z-convolvulus-pluricaulis-shankhpushpi\/","og_site_name":"NATURAL POLAND - Velkoobchodn\u00ed distributor surovin","article_publisher":"https:\/\/www.facebook.com\/naturalpoland.b2b","og_image":[{"width":592,"height":592,"url":"https:\/\/naturalpoland.com\/wp-content\/uploads\/shankhpushpi.webp","type":"image\/webp"}],"schema":{"@context":"https:\/\/schema.org","@graph":[{"@type":"WebPage","@id":"https:\/\/naturalpoland.com\/cs\/produkty\/rostlinne-vytazky\/ekstrakt-z-convolvulus-pluricaulis-shankhpushpi\/","url":"https:\/\/naturalpoland.com\/cs\/produkty\/rostlinne-vytazky\/ekstrakt-z-convolvulus-pluricaulis-shankhpushpi\/","name":"Extrakt z Convolvulus pluricaulis (Shankhpushpi)","isPartOf":{"@id":"https:\/\/naturalpoland.com\/cs\/#website"},"primaryImageOfPage":{"@id":"https:\/\/naturalpoland.com\/cs\/produkty\/rostlinne-vytazky\/ekstrakt-z-convolvulus-pluricaulis-shankhpushpi\/#primaryimage"},"image":{"@id":"https:\/\/naturalpoland.com\/cs\/produkty\/rostlinne-vytazky\/ekstrakt-z-convolvulus-pluricaulis-shankhpushpi\/#primaryimage"},"thumbnailUrl":"https:\/\/naturalpoland.com\/wp-content\/uploads\/shankhpushpi.webp","datePublished":"2025-01-15T14:56:55+00:00","description":"Extrakt z Convolvulus pluricaulis, zn\u00e1m\u00fd tak\u00e9 jako Shankhpushpi, je vysoce kvalitn\u00ed rostlinn\u00fd materi\u00e1l z\u00edskan\u00fd z kv\u011bt\u016f t\u00e9to ajurv\u00e9dsk\u00e9 rostliny.","breadcrumb":{"@id":"https:\/\/naturalpoland.com\/cs\/produkty\/rostlinne-vytazky\/ekstrakt-z-convolvulus-pluricaulis-shankhpushpi\/#breadcrumb"},"inLanguage":"cs","potentialAction":[{"@type":"ReadAction","target":["https:\/\/naturalpoland.com\/cs\/produkty\/rostlinne-vytazky\/ekstrakt-z-convolvulus-pluricaulis-shankhpushpi\/"]}]},{"@type":"ImageObject","inLanguage":"cs","@id":"https:\/\/naturalpoland.com\/cs\/produkty\/rostlinne-vytazky\/ekstrakt-z-convolvulus-pluricaulis-shankhpushpi\/#primaryimage","url":"https:\/\/naturalpoland.com\/wp-content\/uploads\/shankhpushpi.webp","contentUrl":"https:\/\/naturalpoland.com\/wp-content\/uploads\/shankhpushpi.webp","width":592,"height":592,"caption":"Shankhpushpi"},{"@type":"BreadcrumbList","@id":"https:\/\/naturalpoland.com\/cs\/produkty\/rostlinne-vytazky\/ekstrakt-z-convolvulus-pluricaulis-shankhpushpi\/#breadcrumb","itemListElement":[{"@type":"ListItem","position":1,"name":"Dom\u016f","item":"https:\/\/naturalpoland.com\/cs\/"},{"@type":"ListItem","position":2,"name":"Produkty","item":"https:\/\/naturalpoland.com\/cs\/produkty\/"},{"@type":"ListItem","position":3,"name":"Extrakt z Convolvulus pluricaulis (Shankhpushpi)"}]},{"@type":"WebSite","@id":"https:\/\/naturalpoland.com\/cs\/#website","url":"https:\/\/naturalpoland.com\/cs\/","name":"NATURAL POLAND - Velkoobchodn\u00ed distributor surovin","description":"Surowce dla przemys\u0142u spo\u017cywczego, kosmetycznego i farmaceutycznego","publisher":{"@id":"https:\/\/naturalpoland.com\/cs\/#organization"},"potentialAction":[{"@type":"SearchAction","target":{"@type":"EntryPoint","urlTemplate":"https:\/\/naturalpoland.com\/cs\/?s={search_term_string}"},"query-input":{"@type":"PropertyValueSpecification","valueRequired":true,"valueName":"search_term_string"}}],"inLanguage":"cs"},{"@type":"Organization","@id":"https:\/\/naturalpoland.com\/cs\/#organization","name":"Natural Poland","url":"https:\/\/naturalpoland.com\/cs\/","logo":{"@type":"ImageObject","inLanguage":"cs","@id":"https:\/\/naturalpoland.com\/cs\/#\/schema\/logo\/image\/","url":"https:\/\/naturalpoland.com\/wp-content\/uploads\/2021\/05\/natural-poland-icon.png","contentUrl":"https:\/\/naturalpoland.com\/wp-content\/uploads\/2021\/05\/natural-poland-icon.png","width":512,"height":512,"caption":"Natural Poland"},"image":{"@id":"https:\/\/naturalpoland.com\/cs\/#\/schema\/logo\/image\/"},"sameAs":["https:\/\/www.facebook.com\/naturalpoland.b2b","https:\/\/pl.linkedin.com\/company\/natural-poland","https:\/\/www.youtube.com\/channel\/UCgeGGkvOMahZo-xu_MSEWxg"]}]}},"_links":{"self":[{"href":"https:\/\/naturalpoland.com\/cs\/wp-json\/wp\/v2\/product\/38716","targetHints":{"allow":["GET"]}}],"collection":[{"href":"https:\/\/naturalpoland.com\/cs\/wp-json\/wp\/v2\/product"}],"about":[{"href":"https:\/\/naturalpoland.com\/cs\/wp-json\/wp\/v2\/types\/product"}],"wp:featuredmedia":[{"embeddable":true,"href":"https:\/\/naturalpoland.com\/cs\/wp-json\/wp\/v2\/media\/38689"}],"wp:attachment":[{"href":"https:\/\/naturalpoland.com\/cs\/wp-json\/wp\/v2\/media?parent=38716"}],"wp:term":[{"taxonomy":"product_brand","embeddable":true,"href":"https:\/\/naturalpoland.com\/cs\/wp-json\/wp\/v2\/product_brand?post=38716"},{"taxonomy":"product_cat","embeddable":true,"href":"https:\/\/naturalpoland.com\/cs\/wp-json\/wp\/v2\/product_cat?post=38716"},{"taxonomy":"product_tag","embeddable":true,"href":"https:\/\/naturalpoland.com\/cs\/wp-json\/wp\/v2\/product_tag?post=38716"}],"curies":[{"name":"wp","href":"https:\/\/api.w.org\/{rel}","templated":true}]}}