{"id":38965,"date":"2025-01-27T14:14:32","date_gmt":"2025-01-28T14:39:47","guid":{"rendered":"https:\/\/naturalpoland.com\/produkty\/neza\u0159azen\u00e9\/benfotiamin\/"},"modified":"2025-01-28T15:39:47","modified_gmt":"2025-01-28T14:39:47","slug":"benfotiamin","status":"publish","type":"product","link":"https:\/\/naturalpoland.com\/cs\/produkty\/produkty-pro-farmaceuticky-a-zdravotnicky-prumysl\/vitaminy\/benfotiamin\/","title":{"rendered":"Benfotiamin"},"content":{"rendered":"<h2>Zdravotn\u00ed vlastnosti benfotiaminu<\/h2>\n<p>Benfotiamin podporuje metabolismus nervov\u00fdch bun\u011bk a pom\u00e1h\u00e1 chr\u00e1nit nervov\u00fd syst\u00e9m p\u0159ed po\u0161kozen\u00edm. Aktivuje enzymy zapojen\u00e9 do energetick\u00e9ho metabolismu (v\u010detn\u011b pyruv\u00e1tdehydrogen\u00e1zy), \u010d\u00edm\u017e pom\u00e1h\u00e1 \u0161t\u011bpit gluk\u00f3zu a vytv\u00e1\u0159et energii v bu\u0148k\u00e1ch. Tento p\u0159\u00edpravek je mimo\u0159\u00e1dn\u011b \u00fa\u010dinn\u00fd p\u0159i sni\u017eov\u00e1n\u00ed \u00fa\u010dink\u016f nadbyte\u010dn\u00e9 gluk\u00f3zy v t\u011ble, \u010d\u00edm\u017e pom\u00e1h\u00e1 l\u00e9\u010dit a p\u0159edch\u00e1zet cukrovce. Benfotiamin sv\u00fdmi antioxida\u010dn\u00edmi vlastnostmi chr\u00e1n\u00ed organismus p\u0159ed oxida\u010dn\u00edm stresem, \u010d\u00edm\u017e sni\u017euje riziko po\u0161kozen\u00ed bun\u011bk voln\u00fdmi radik\u00e1ly. Vykazuje tak\u00e9 protiz\u00e1n\u011btliv\u00e9 \u00fa\u010dinky, co\u017e je d\u016fle\u017eit\u00e9 p\u0159i l\u00e9\u010db\u011b chronick\u00fdch onemocn\u011bn\u00ed, jako je diabetick\u00e1 retinopatie, nefropatie a neuropatie. Studie nazna\u010duj\u00ed, \u017ee suplementace benfotiaminem podporuje zdrav\u00ed srdce, sni\u017euje riziko ateroskler\u00f3zy a zlep\u0161uje kognitivn\u00ed funkce.  <\/p>\n<h2>Pou\u017eit\u00ed benfotiaminu<\/h2>\n<p>Benfotiamin je doporu\u010dov\u00e1n jako dopln\u011bk stravy u osob s diabetickou neuropati\u00ed, metabolick\u00fdm syndromem a onemocn\u011bn\u00edmi nervov\u00e9ho syst\u00e9mu. Je tak\u00e9 \u00fa\u010dinn\u00fd p\u0159i dopl\u0148ov\u00e1n\u00ed nedostatku thiaminu u lid\u00ed na dial\u00fdze, \u017eij\u00edc\u00edch ve stresu a dodr\u017euj\u00edc\u00edch n\u00edzkokalorick\u00e9 diety. Pou\u017e\u00edv\u00e1 se tak\u00e9 v prevenci ateroskler\u00f3zy a k ochran\u011b ledvin p\u0159ed \u0161kodliv\u00fdmi \u00fa\u010dinky nadbytku gluk\u00f3zy.  <\/p>\n","protected":false},"excerpt":{"rendered":"<p>Benfotiamin je syntetick\u00fd deriv\u00e1t thiaminu (<a href=\"https:\/\/naturalpoland.com\/produkty\/produkty-dla-przemyslu-farmaceutycznego-i-medycznego\/witaminy\/witamina-b1\/\"><strong>vitaminu B1<\/strong><\/a>). Je vysoce biologicky dostupn\u00fd a rozpustn\u00fd v tuc\u00edch. Vyzna\u010duje se p\u0159\u00edzniv\u00fdmi \u00fa\u010dinky na nervov\u00fd a ob\u011bhov\u00fd syst\u00e9m.  <\/p>\n","protected":false},"featured_media":38913,"template":"","meta":{"_acf_changed":false},"product_brand":[],"product_cat":[631],"product_tag":[],"class_list":{"0":"post-38965","1":"product","2":"type-product","3":"status-publish","4":"has-post-thumbnail","6":"product_cat-vitaminy","7":"pa_skladnik-aktywny-benfotiamin","9":"first","10":"instock","11":"shipping-taxable","12":"product-type-simple"},"acf":[],"yoast_head":"<!-- This site is optimized with the Yoast SEO plugin v27.4 - https:\/\/yoast.com\/product\/yoast-seo-wordpress\/ -->\n<title>Benfotiamin - Velkoobchodn\u00ed distributor surovin<\/title>\n<meta name=\"description\" content=\"Benfotiamin je modern\u00ed dopln\u011bk stravy, kter\u00fd podporuje metabolick\u00e9, neurologick\u00e9 a ob\u011bhov\u00e9 zdrav\u00ed. Jedn\u00e1 se o syntetick\u00fd deriv\u00e1t thiaminu (vitaminu B1).\" \/>\n<meta name=\"robots\" content=\"index, follow, max-snippet:-1, max-image-preview:large, max-video-preview:-1\" \/>\n<link rel=\"canonical\" href=\"https:\/\/naturalpoland.com\/cs\/produkty\/produkty-pro-farmaceuticky-a-zdravotnicky-prumysl\/vitaminy\/benfotiamin\/\" \/>\n<meta property=\"og:locale\" content=\"cs_CZ\" \/>\n<meta property=\"og:type\" content=\"article\" \/>\n<meta property=\"og:title\" content=\"Benfotiamin - Velkoobchodn\u00ed distributor surovin\" \/>\n<meta property=\"og:description\" content=\"Benfotiamin je modern\u00ed dopln\u011bk stravy, kter\u00fd podporuje metabolick\u00e9, neurologick\u00e9 a ob\u011bhov\u00e9 zdrav\u00ed. Jedn\u00e1 se o syntetick\u00fd deriv\u00e1t thiaminu (vitaminu B1).\" \/>\n<meta property=\"og:url\" content=\"https:\/\/naturalpoland.com\/cs\/produkty\/produkty-pro-farmaceuticky-a-zdravotnicky-prumysl\/vitaminy\/benfotiamin\/\" \/>\n<meta property=\"og:site_name\" content=\"NATURAL POLAND - Velkoobchodn\u00ed distributor surovin\" \/>\n<meta property=\"article:publisher\" content=\"https:\/\/www.facebook.com\/naturalpoland.b2b\" \/>\n<meta property=\"og:image\" content=\"https:\/\/naturalpoland.com\/wp-content\/uploads\/benfotiamina.webp\" \/>\n\t<meta property=\"og:image:width\" content=\"590\" \/>\n\t<meta property=\"og:image:height\" content=\"590\" \/>\n\t<meta property=\"og:image:type\" content=\"image\/webp\" \/>\n<script type=\"application\/ld+json\" class=\"yoast-schema-graph\">{\"@context\":\"https:\\\/\\\/schema.org\",\"@graph\":[{\"@type\":\"WebPage\",\"@id\":\"https:\\\/\\\/naturalpoland.com\\\/cs\\\/produkty\\\/produkty-pro-farmaceuticky-a-zdravotnicky-prumysl\\\/vitaminy\\\/benfotiamin\\\/\",\"url\":\"https:\\\/\\\/naturalpoland.com\\\/cs\\\/produkty\\\/produkty-pro-farmaceuticky-a-zdravotnicky-prumysl\\\/vitaminy\\\/benfotiamin\\\/\",\"name\":\"Benfotiamin - Velkoobchodn\u00ed distributor surovin\",\"isPartOf\":{\"@id\":\"https:\\\/\\\/naturalpoland.com\\\/cs\\\/#website\"},\"primaryImageOfPage\":{\"@id\":\"https:\\\/\\\/naturalpoland.com\\\/cs\\\/produkty\\\/produkty-pro-farmaceuticky-a-zdravotnicky-prumysl\\\/vitaminy\\\/benfotiamin\\\/#primaryimage\"},\"image\":{\"@id\":\"https:\\\/\\\/naturalpoland.com\\\/cs\\\/produkty\\\/produkty-pro-farmaceuticky-a-zdravotnicky-prumysl\\\/vitaminy\\\/benfotiamin\\\/#primaryimage\"},\"thumbnailUrl\":\"https:\\\/\\\/naturalpoland.com\\\/wp-content\\\/uploads\\\/benfotiamina.webp\",\"datePublished\":\"2025-01-28T14:39:47+00:00\",\"description\":\"Benfotiamin je modern\u00ed dopln\u011bk stravy, kter\u00fd podporuje metabolick\u00e9, neurologick\u00e9 a ob\u011bhov\u00e9 zdrav\u00ed. Jedn\u00e1 se o syntetick\u00fd deriv\u00e1t thiaminu (vitaminu B1).\",\"breadcrumb\":{\"@id\":\"https:\\\/\\\/naturalpoland.com\\\/cs\\\/produkty\\\/produkty-pro-farmaceuticky-a-zdravotnicky-prumysl\\\/vitaminy\\\/benfotiamin\\\/#breadcrumb\"},\"inLanguage\":\"cs\",\"potentialAction\":[{\"@type\":\"ReadAction\",\"target\":[\"https:\\\/\\\/naturalpoland.com\\\/cs\\\/produkty\\\/produkty-pro-farmaceuticky-a-zdravotnicky-prumysl\\\/vitaminy\\\/benfotiamin\\\/\"]}]},{\"@type\":\"ImageObject\",\"inLanguage\":\"cs\",\"@id\":\"https:\\\/\\\/naturalpoland.com\\\/cs\\\/produkty\\\/produkty-pro-farmaceuticky-a-zdravotnicky-prumysl\\\/vitaminy\\\/benfotiamin\\\/#primaryimage\",\"url\":\"https:\\\/\\\/naturalpoland.com\\\/wp-content\\\/uploads\\\/benfotiamina.webp\",\"contentUrl\":\"https:\\\/\\\/naturalpoland.com\\\/wp-content\\\/uploads\\\/benfotiamina.webp\",\"width\":590,\"height\":590,\"caption\":\"Benfotiamina\"},{\"@type\":\"BreadcrumbList\",\"@id\":\"https:\\\/\\\/naturalpoland.com\\\/cs\\\/produkty\\\/produkty-pro-farmaceuticky-a-zdravotnicky-prumysl\\\/vitaminy\\\/benfotiamin\\\/#breadcrumb\",\"itemListElement\":[{\"@type\":\"ListItem\",\"position\":1,\"name\":\"Dom\u016f\",\"item\":\"https:\\\/\\\/naturalpoland.com\\\/cs\\\/\"},{\"@type\":\"ListItem\",\"position\":2,\"name\":\"Produkty\",\"item\":\"https:\\\/\\\/naturalpoland.com\\\/cs\\\/produkty\\\/\"},{\"@type\":\"ListItem\",\"position\":3,\"name\":\"Benfotiamin\"}]},{\"@type\":\"WebSite\",\"@id\":\"https:\\\/\\\/naturalpoland.com\\\/cs\\\/#website\",\"url\":\"https:\\\/\\\/naturalpoland.com\\\/cs\\\/\",\"name\":\"NATURAL POLAND - Velkoobchodn\u00ed distributor surovin\",\"description\":\"Surowce dla przemys\u0142u spo\u017cywczego, kosmetycznego i farmaceutycznego\",\"publisher\":{\"@id\":\"https:\\\/\\\/naturalpoland.com\\\/cs\\\/#organization\"},\"potentialAction\":[{\"@type\":\"SearchAction\",\"target\":{\"@type\":\"EntryPoint\",\"urlTemplate\":\"https:\\\/\\\/naturalpoland.com\\\/cs\\\/?s={search_term_string}\"},\"query-input\":{\"@type\":\"PropertyValueSpecification\",\"valueRequired\":true,\"valueName\":\"search_term_string\"}}],\"inLanguage\":\"cs\"},{\"@type\":\"Organization\",\"@id\":\"https:\\\/\\\/naturalpoland.com\\\/cs\\\/#organization\",\"name\":\"Natural Poland\",\"url\":\"https:\\\/\\\/naturalpoland.com\\\/cs\\\/\",\"logo\":{\"@type\":\"ImageObject\",\"inLanguage\":\"cs\",\"@id\":\"https:\\\/\\\/naturalpoland.com\\\/cs\\\/#\\\/schema\\\/logo\\\/image\\\/\",\"url\":\"https:\\\/\\\/naturalpoland.com\\\/wp-content\\\/uploads\\\/2021\\\/05\\\/natural-poland-icon.png\",\"contentUrl\":\"https:\\\/\\\/naturalpoland.com\\\/wp-content\\\/uploads\\\/2021\\\/05\\\/natural-poland-icon.png\",\"width\":512,\"height\":512,\"caption\":\"Natural Poland\"},\"image\":{\"@id\":\"https:\\\/\\\/naturalpoland.com\\\/cs\\\/#\\\/schema\\\/logo\\\/image\\\/\"},\"sameAs\":[\"https:\\\/\\\/www.facebook.com\\\/naturalpoland.b2b\",\"https:\\\/\\\/pl.linkedin.com\\\/company\\\/natural-poland\",\"https:\\\/\\\/www.youtube.com\\\/channel\\\/UCgeGGkvOMahZo-xu_MSEWxg\"]}]}<\/script>\n<!-- \/ Yoast SEO plugin. -->","yoast_head_json":{"title":"Benfotiamin - Velkoobchodn\u00ed distributor surovin","description":"Benfotiamin je modern\u00ed dopln\u011bk stravy, kter\u00fd podporuje metabolick\u00e9, neurologick\u00e9 a ob\u011bhov\u00e9 zdrav\u00ed. Jedn\u00e1 se o syntetick\u00fd deriv\u00e1t thiaminu (vitaminu B1).","robots":{"index":"index","follow":"follow","max-snippet":"max-snippet:-1","max-image-preview":"max-image-preview:large","max-video-preview":"max-video-preview:-1"},"canonical":"https:\/\/naturalpoland.com\/cs\/produkty\/produkty-pro-farmaceuticky-a-zdravotnicky-prumysl\/vitaminy\/benfotiamin\/","og_locale":"cs_CZ","og_type":"article","og_title":"Benfotiamin - Velkoobchodn\u00ed distributor surovin","og_description":"Benfotiamin je modern\u00ed dopln\u011bk stravy, kter\u00fd podporuje metabolick\u00e9, neurologick\u00e9 a ob\u011bhov\u00e9 zdrav\u00ed. Jedn\u00e1 se o syntetick\u00fd deriv\u00e1t thiaminu (vitaminu B1).","og_url":"https:\/\/naturalpoland.com\/cs\/produkty\/produkty-pro-farmaceuticky-a-zdravotnicky-prumysl\/vitaminy\/benfotiamin\/","og_site_name":"NATURAL POLAND - Velkoobchodn\u00ed distributor surovin","article_publisher":"https:\/\/www.facebook.com\/naturalpoland.b2b","og_image":[{"width":590,"height":590,"url":"https:\/\/naturalpoland.com\/wp-content\/uploads\/benfotiamina.webp","type":"image\/webp"}],"schema":{"@context":"https:\/\/schema.org","@graph":[{"@type":"WebPage","@id":"https:\/\/naturalpoland.com\/cs\/produkty\/produkty-pro-farmaceuticky-a-zdravotnicky-prumysl\/vitaminy\/benfotiamin\/","url":"https:\/\/naturalpoland.com\/cs\/produkty\/produkty-pro-farmaceuticky-a-zdravotnicky-prumysl\/vitaminy\/benfotiamin\/","name":"Benfotiamin - Velkoobchodn\u00ed distributor surovin","isPartOf":{"@id":"https:\/\/naturalpoland.com\/cs\/#website"},"primaryImageOfPage":{"@id":"https:\/\/naturalpoland.com\/cs\/produkty\/produkty-pro-farmaceuticky-a-zdravotnicky-prumysl\/vitaminy\/benfotiamin\/#primaryimage"},"image":{"@id":"https:\/\/naturalpoland.com\/cs\/produkty\/produkty-pro-farmaceuticky-a-zdravotnicky-prumysl\/vitaminy\/benfotiamin\/#primaryimage"},"thumbnailUrl":"https:\/\/naturalpoland.com\/wp-content\/uploads\/benfotiamina.webp","datePublished":"2025-01-28T14:39:47+00:00","description":"Benfotiamin je modern\u00ed dopln\u011bk stravy, kter\u00fd podporuje metabolick\u00e9, neurologick\u00e9 a ob\u011bhov\u00e9 zdrav\u00ed. Jedn\u00e1 se o syntetick\u00fd deriv\u00e1t thiaminu (vitaminu B1).","breadcrumb":{"@id":"https:\/\/naturalpoland.com\/cs\/produkty\/produkty-pro-farmaceuticky-a-zdravotnicky-prumysl\/vitaminy\/benfotiamin\/#breadcrumb"},"inLanguage":"cs","potentialAction":[{"@type":"ReadAction","target":["https:\/\/naturalpoland.com\/cs\/produkty\/produkty-pro-farmaceuticky-a-zdravotnicky-prumysl\/vitaminy\/benfotiamin\/"]}]},{"@type":"ImageObject","inLanguage":"cs","@id":"https:\/\/naturalpoland.com\/cs\/produkty\/produkty-pro-farmaceuticky-a-zdravotnicky-prumysl\/vitaminy\/benfotiamin\/#primaryimage","url":"https:\/\/naturalpoland.com\/wp-content\/uploads\/benfotiamina.webp","contentUrl":"https:\/\/naturalpoland.com\/wp-content\/uploads\/benfotiamina.webp","width":590,"height":590,"caption":"Benfotiamina"},{"@type":"BreadcrumbList","@id":"https:\/\/naturalpoland.com\/cs\/produkty\/produkty-pro-farmaceuticky-a-zdravotnicky-prumysl\/vitaminy\/benfotiamin\/#breadcrumb","itemListElement":[{"@type":"ListItem","position":1,"name":"Dom\u016f","item":"https:\/\/naturalpoland.com\/cs\/"},{"@type":"ListItem","position":2,"name":"Produkty","item":"https:\/\/naturalpoland.com\/cs\/produkty\/"},{"@type":"ListItem","position":3,"name":"Benfotiamin"}]},{"@type":"WebSite","@id":"https:\/\/naturalpoland.com\/cs\/#website","url":"https:\/\/naturalpoland.com\/cs\/","name":"NATURAL POLAND - Velkoobchodn\u00ed distributor surovin","description":"Surowce dla przemys\u0142u spo\u017cywczego, kosmetycznego i farmaceutycznego","publisher":{"@id":"https:\/\/naturalpoland.com\/cs\/#organization"},"potentialAction":[{"@type":"SearchAction","target":{"@type":"EntryPoint","urlTemplate":"https:\/\/naturalpoland.com\/cs\/?s={search_term_string}"},"query-input":{"@type":"PropertyValueSpecification","valueRequired":true,"valueName":"search_term_string"}}],"inLanguage":"cs"},{"@type":"Organization","@id":"https:\/\/naturalpoland.com\/cs\/#organization","name":"Natural Poland","url":"https:\/\/naturalpoland.com\/cs\/","logo":{"@type":"ImageObject","inLanguage":"cs","@id":"https:\/\/naturalpoland.com\/cs\/#\/schema\/logo\/image\/","url":"https:\/\/naturalpoland.com\/wp-content\/uploads\/2021\/05\/natural-poland-icon.png","contentUrl":"https:\/\/naturalpoland.com\/wp-content\/uploads\/2021\/05\/natural-poland-icon.png","width":512,"height":512,"caption":"Natural Poland"},"image":{"@id":"https:\/\/naturalpoland.com\/cs\/#\/schema\/logo\/image\/"},"sameAs":["https:\/\/www.facebook.com\/naturalpoland.b2b","https:\/\/pl.linkedin.com\/company\/natural-poland","https:\/\/www.youtube.com\/channel\/UCgeGGkvOMahZo-xu_MSEWxg"]}]}},"_links":{"self":[{"href":"https:\/\/naturalpoland.com\/cs\/wp-json\/wp\/v2\/product\/38965","targetHints":{"allow":["GET"]}}],"collection":[{"href":"https:\/\/naturalpoland.com\/cs\/wp-json\/wp\/v2\/product"}],"about":[{"href":"https:\/\/naturalpoland.com\/cs\/wp-json\/wp\/v2\/types\/product"}],"wp:featuredmedia":[{"embeddable":true,"href":"https:\/\/naturalpoland.com\/cs\/wp-json\/wp\/v2\/media\/38913"}],"wp:attachment":[{"href":"https:\/\/naturalpoland.com\/cs\/wp-json\/wp\/v2\/media?parent=38965"}],"wp:term":[{"taxonomy":"product_brand","embeddable":true,"href":"https:\/\/naturalpoland.com\/cs\/wp-json\/wp\/v2\/product_brand?post=38965"},{"taxonomy":"product_cat","embeddable":true,"href":"https:\/\/naturalpoland.com\/cs\/wp-json\/wp\/v2\/product_cat?post=38965"},{"taxonomy":"product_tag","embeddable":true,"href":"https:\/\/naturalpoland.com\/cs\/wp-json\/wp\/v2\/product_tag?post=38965"}],"curies":[{"name":"wp","href":"https:\/\/api.w.org\/{rel}","templated":true}]}}