{"id":38993,"date":"2025-01-30T12:06:58","date_gmt":"2025-01-30T13:15:00","guid":{"rendered":"https:\/\/naturalpoland.com\/produkty\/neza\u0159azen\u00e9\/arasidovy-olej\/"},"modified":"2025-01-30T14:15:00","modified_gmt":"2025-01-30T13:15:00","slug":"arasidovy-olej","status":"publish","type":"product","link":"https:\/\/naturalpoland.com\/cs\/produkty\/jedle-a-kosmeticke-oleje\/arasidovy-olej\/","title":{"rendered":"Ara\u0161\u00eddov\u00fd olej"},"content":{"rendered":"<h2>Charakteristika ara\u0161\u00eddov\u00e9ho oleje<\/h2>\n<p>Ara\u0161\u00eddov\u00fd olej se vyzna\u010duje sv\u011btle \u017elutozlatou barvou, kter\u00e1 z\u00e1vis\u00ed na zp\u016fsobu lisov\u00e1n\u00ed a stupni \u010di\u0161t\u011bn\u00ed oleje. Olej m\u00e1 jemn\u00e9, lehce o\u0159\u00ed\u0161kov\u00e9 aroma, kter\u00e9 dod\u00e1v\u00e1 kosmetick\u00fdm p\u0159\u00edpravk\u016fm p\u0159\u00edjemnou, p\u0159\u00edrodn\u00ed chu\u0165. V p\u0159\u00edpad\u011b nerafinovan\u00e9ho oleje je v\u016fn\u011b v\u00fdrazn\u011bj\u0161\u00ed, charakteristick\u00e1 pro ara\u0161\u00eddy, zat\u00edmco rafinovan\u00fd olej je t\u00e9m\u011b\u0159 bez z\u00e1pachu, co\u017e z n\u011bj \u010din\u00ed vhodn\u00fd z\u00e1klad pro parf\u00e9movanou kosmetiku. Ara\u0161\u00eddov\u00fd olej je bohat\u00fd na mnoho mastn\u00fdch kyselin s p\u0159\u00edzniv\u00fdmi \u00fa\u010dinky na poko\u017eku a vlasy, mj:  <\/p>\n<ul>\n<li>kyselina linolov\u00e1 (Omega-6) &#8211; s regenera\u010dn\u00edmi a hydrata\u010dn\u00edmi \u00fa\u010dinky,<\/li>\n<li>Kyselina olejov\u00e1 (omega-9) &#8211; m\u00e1 vy\u017eivuj\u00edc\u00ed a zvl\u00e1\u010d\u0148uj\u00edc\u00ed \u00fa\u010dinky na poko\u017eku,<\/li>\n<li>Kyselina palmitoolejov\u00e1 &#8211; vytv\u00e1\u0159\u00ed ochrannou vrstvu na povrchu poko\u017eky a zabra\u0148uje ztr\u00e1t\u011b vody,<\/li>\n<li>Kyselina stearov\u00e1 &#8211; m\u00e1 zklid\u0148uj\u00edc\u00ed a uklid\u0148uj\u00edc\u00ed \u00fa\u010dinky.<\/li>\n<\/ul>\n<p>Krom\u011b toho je ara\u0161\u00eddov\u00fd olej bohat\u00fd na <a href=\"https:\/\/naturalpoland.com\/produkty\/produkty-dla-przemyslu-farmaceutycznego-i-medycznego\/witaminy\/witamina-e\/\"><strong>vitaminu E<\/strong><\/a>, siln\u00e9ho antioxidantu, kter\u00fd chr\u00e1n\u00ed bu\u0148ky p\u0159ed voln\u00fdmi radik\u00e1ly a zpomaluje proces st\u00e1rnut\u00ed.<\/p>\n<h2>Vlastnosti ara\u0161\u00eddov\u00e9ho oleje<\/h2>\n<p>Olej vykazuje v\u00fdjime\u010dn\u00e9 pe\u010duj\u00edc\u00ed vlastnosti pro <strong>suchou a zralou ple\u0165<\/strong>. D\u00edky vysok\u00e9mu obsahu mastn\u00fdch kyselin olej podporuje regeneraci poko\u017eky, zlep\u0161uje jej\u00ed pru\u017enost a sni\u017euje zn\u00e1mky st\u00e1rnut\u00ed. D\u00edky sv\u00fdm protiz\u00e1n\u011btliv\u00fdm a zklid\u0148uj\u00edc\u00edm vlastnostem je vhodn\u00fd pro pou\u017eit\u00ed v p\u0159\u00edpravc\u00edch pro <strong>citlivou<\/strong>, podr\u00e1\u017ed\u011bnou a problematickou ple\u0165, v\u010detn\u011b p\u00e9\u010de o akn\u00e9 a ekz\u00e9my. Ara\u0161\u00eddov\u00fd olej je tak\u00e9 cen\u011bnou slo\u017ekou <strong>vlasov\u00e9 kosmetiky<\/strong>. Tento p\u0159\u00edpravek \u00fa\u010dinn\u011b posiluje strukturu vlas\u016f, zlep\u0161uje jejich pru\u017enost a zabra\u0148uje l\u00e1mavosti a vysu\u0161ov\u00e1n\u00ed. V p\u0159\u00edpravc\u00edch pro <strong>p\u00e9\u010di o poko\u017eku hlavy<\/strong> vykazuje zklid\u0148uj\u00edc\u00ed vlastnosti, zm\u00edr\u0148uje podr\u00e1\u017ed\u011bn\u00ed a podporuje zdrav\u00ed vlasov\u00fdch folikul\u016f. S oblibou se pou\u017e\u00edv\u00e1 tak\u00e9 v <strong>mas\u00e1\u017en\u00edch olej\u00edch<\/strong>, proto\u017ee dod\u00e1v\u00e1 poko\u017ece jemnost a pru\u017enost a z\u00e1rove\u0148 ji pom\u00e1h\u00e1 regenerovat. <\/p>\n<h2>Aplikace<\/h2>\n<p>Ara\u0161\u00eddov\u00fd olej se dob\u0159e m\u00eds\u00ed s dal\u0161\u00edmi \u00fa\u010dinn\u00fdmi l\u00e1tkami, a proto je obl\u00edben\u00fdm dopl\u0148kem r\u016fzn\u00fdch kosmetick\u00fdch p\u0159\u00edpravk\u016f. Najdete ho ve slo\u017een\u00ed: <\/p>\n<ul>\n<li>kr\u00e9my,<\/li>\n<li>ple\u0165ov\u00e9 vody,<\/li>\n<li>\u010distic\u00ed emulze,<\/li>\n<li>kondicion\u00e9ry na vlasy,<\/li>\n<li>t\u011blov\u00e9 oleje,<\/li>\n<li>kosmetika pro citlivou a podr\u00e1\u017ed\u011bnou poko\u017eku,<\/li>\n<li>produkty na ochranu poko\u017eky p\u0159ed negativn\u00edmi \u00fa\u010dinky vn\u011bj\u0161\u00edch faktor\u016f, jako je UV z\u00e1\u0159en\u00ed nebo zne\u010di\u0161\u0165uj\u00edc\u00ed l\u00e1tky z \u017eivotn\u00edho prost\u0159ed\u00ed.<\/li>\n<\/ul>\n<h2>Zabezpe\u010den\u00ed<\/h2>\n<p>A\u010dkoli je ara\u0161\u00eddov\u00fd olej bezpe\u010dn\u00fd pro kosmetick\u00e9 pou\u017eit\u00ed, v Evropsk\u00e9 unii plat\u00ed p\u0159\u00edsn\u00e9 p\u0159edpisy t\u00fdkaj\u00edc\u00ed se jeho obsahu ve v\u00fdrobc\u00edch. Vzhledem k mo\u017en\u00e9mu riziku alergie spojen\u00e9mu s ara\u0161\u00eddov\u00fdmi proteiny<strong> byla<\/strong> jeho<strong> maxim\u00e1ln\u00ed koncentrace v kosmetice omezena na 0,5 ppm<\/strong>. V\u00fdrobky obsahuj\u00edc\u00ed ara\u0161\u00eddov\u00fd olej mus\u00ed tyto p\u0159\u00edsn\u00e9 po\u017eadavky spl\u0148ovat.  <\/p>\n","protected":false},"excerpt":{"rendered":"<p><strong>Ara\u0161\u00eddov\u00fd olej<\/strong> (<em><strong>Arachis Hypogaea Oil<\/strong><\/em>) se z\u00edsk\u00e1v\u00e1 lisov\u00e1n\u00edm ara\u0161\u00edd\u016f za studena. Pou\u017e\u00edv\u00e1 se v kosmetick\u00fdch p\u0159\u00edpravc\u00edch s hydrata\u010dn\u00edmi, ochrann\u00fdmi a regenera\u010dn\u00edmi \u00fa\u010dinky. <\/p>\n","protected":false},"featured_media":38978,"template":"","meta":{"_acf_changed":false},"product_brand":[],"product_cat":[625],"product_tag":[7528],"class_list":{"0":"post-38993","1":"product","2":"type-product","3":"status-publish","4":"has-post-thumbnail","6":"product_cat-jedle-a-kosmeticke-oleje","7":"product_tag-olej-z-vlasskych-orechu","9":"first","10":"instock","11":"shipping-taxable","12":"product-type-simple"},"acf":[],"yoast_head":"<!-- This site is optimized with the Yoast SEO plugin v27.4 - https:\/\/yoast.com\/product\/yoast-seo-wordpress\/ -->\n<title>Ara\u0161\u00eddov\u00fd olej - Velkoobchodn\u00ed distributor<\/title>\n<meta name=\"description\" content=\"Ara\u0161\u00eddov\u00fd olej, zn\u00e1m\u00fd tak\u00e9 jako Arachis Hypogaea Oil, je kosmetick\u00e1 surovina z\u00edsk\u00e1van\u00e1 lisov\u00e1n\u00edm ara\u0161\u00edd\u016f za studena.\" \/>\n<meta name=\"robots\" content=\"index, follow, max-snippet:-1, max-image-preview:large, max-video-preview:-1\" \/>\n<link rel=\"canonical\" href=\"https:\/\/naturalpoland.com\/cs\/produkty\/jedle-a-kosmeticke-oleje\/arasidovy-olej\/\" \/>\n<meta property=\"og:locale\" content=\"cs_CZ\" \/>\n<meta property=\"og:type\" content=\"article\" \/>\n<meta property=\"og:title\" content=\"Ara\u0161\u00eddov\u00fd olej - Velkoobchodn\u00ed distributor\" \/>\n<meta property=\"og:description\" content=\"Ara\u0161\u00eddov\u00fd olej, zn\u00e1m\u00fd tak\u00e9 jako Arachis Hypogaea Oil, je kosmetick\u00e1 surovina z\u00edsk\u00e1van\u00e1 lisov\u00e1n\u00edm ara\u0161\u00edd\u016f za studena.\" \/>\n<meta property=\"og:url\" content=\"https:\/\/naturalpoland.com\/cs\/produkty\/jedle-a-kosmeticke-oleje\/arasidovy-olej\/\" \/>\n<meta property=\"og:site_name\" content=\"NATURAL POLAND - Velkoobchodn\u00ed distributor surovin\" \/>\n<meta property=\"article:publisher\" content=\"https:\/\/www.facebook.com\/naturalpoland.b2b\" \/>\n<meta property=\"og:image\" content=\"https:\/\/naturalpoland.com\/wp-content\/uploads\/olej-arachidowy.webp\" \/>\n\t<meta property=\"og:image:width\" content=\"597\" \/>\n\t<meta property=\"og:image:height\" content=\"597\" \/>\n\t<meta property=\"og:image:type\" content=\"image\/webp\" \/>\n<script type=\"application\/ld+json\" class=\"yoast-schema-graph\">{\"@context\":\"https:\\\/\\\/schema.org\",\"@graph\":[{\"@type\":\"WebPage\",\"@id\":\"https:\\\/\\\/naturalpoland.com\\\/cs\\\/produkty\\\/jedle-a-kosmeticke-oleje\\\/arasidovy-olej\\\/\",\"url\":\"https:\\\/\\\/naturalpoland.com\\\/cs\\\/produkty\\\/jedle-a-kosmeticke-oleje\\\/arasidovy-olej\\\/\",\"name\":\"Ara\u0161\u00eddov\u00fd olej - Velkoobchodn\u00ed distributor\",\"isPartOf\":{\"@id\":\"https:\\\/\\\/naturalpoland.com\\\/cs\\\/#website\"},\"primaryImageOfPage\":{\"@id\":\"https:\\\/\\\/naturalpoland.com\\\/cs\\\/produkty\\\/jedle-a-kosmeticke-oleje\\\/arasidovy-olej\\\/#primaryimage\"},\"image\":{\"@id\":\"https:\\\/\\\/naturalpoland.com\\\/cs\\\/produkty\\\/jedle-a-kosmeticke-oleje\\\/arasidovy-olej\\\/#primaryimage\"},\"thumbnailUrl\":\"https:\\\/\\\/naturalpoland.com\\\/wp-content\\\/uploads\\\/olej-arachidowy.webp\",\"datePublished\":\"2025-01-30T13:15:00+00:00\",\"description\":\"Ara\u0161\u00eddov\u00fd olej, zn\u00e1m\u00fd tak\u00e9 jako Arachis Hypogaea Oil, je kosmetick\u00e1 surovina z\u00edsk\u00e1van\u00e1 lisov\u00e1n\u00edm ara\u0161\u00edd\u016f za studena.\",\"breadcrumb\":{\"@id\":\"https:\\\/\\\/naturalpoland.com\\\/cs\\\/produkty\\\/jedle-a-kosmeticke-oleje\\\/arasidovy-olej\\\/#breadcrumb\"},\"inLanguage\":\"cs\",\"potentialAction\":[{\"@type\":\"ReadAction\",\"target\":[\"https:\\\/\\\/naturalpoland.com\\\/cs\\\/produkty\\\/jedle-a-kosmeticke-oleje\\\/arasidovy-olej\\\/\"]}]},{\"@type\":\"ImageObject\",\"inLanguage\":\"cs\",\"@id\":\"https:\\\/\\\/naturalpoland.com\\\/cs\\\/produkty\\\/jedle-a-kosmeticke-oleje\\\/arasidovy-olej\\\/#primaryimage\",\"url\":\"https:\\\/\\\/naturalpoland.com\\\/wp-content\\\/uploads\\\/olej-arachidowy.webp\",\"contentUrl\":\"https:\\\/\\\/naturalpoland.com\\\/wp-content\\\/uploads\\\/olej-arachidowy.webp\",\"width\":597,\"height\":597,\"caption\":\"Olej arachidowy\"},{\"@type\":\"BreadcrumbList\",\"@id\":\"https:\\\/\\\/naturalpoland.com\\\/cs\\\/produkty\\\/jedle-a-kosmeticke-oleje\\\/arasidovy-olej\\\/#breadcrumb\",\"itemListElement\":[{\"@type\":\"ListItem\",\"position\":1,\"name\":\"Dom\u016f\",\"item\":\"https:\\\/\\\/naturalpoland.com\\\/cs\\\/\"},{\"@type\":\"ListItem\",\"position\":2,\"name\":\"Produkty\",\"item\":\"https:\\\/\\\/naturalpoland.com\\\/cs\\\/produkty\\\/\"},{\"@type\":\"ListItem\",\"position\":3,\"name\":\"Ara\u0161\u00eddov\u00fd olej\"}]},{\"@type\":\"WebSite\",\"@id\":\"https:\\\/\\\/naturalpoland.com\\\/cs\\\/#website\",\"url\":\"https:\\\/\\\/naturalpoland.com\\\/cs\\\/\",\"name\":\"NATURAL POLAND - Velkoobchodn\u00ed distributor surovin\",\"description\":\"Surowce dla przemys\u0142u spo\u017cywczego, kosmetycznego i farmaceutycznego\",\"publisher\":{\"@id\":\"https:\\\/\\\/naturalpoland.com\\\/cs\\\/#organization\"},\"potentialAction\":[{\"@type\":\"SearchAction\",\"target\":{\"@type\":\"EntryPoint\",\"urlTemplate\":\"https:\\\/\\\/naturalpoland.com\\\/cs\\\/?s={search_term_string}\"},\"query-input\":{\"@type\":\"PropertyValueSpecification\",\"valueRequired\":true,\"valueName\":\"search_term_string\"}}],\"inLanguage\":\"cs\"},{\"@type\":\"Organization\",\"@id\":\"https:\\\/\\\/naturalpoland.com\\\/cs\\\/#organization\",\"name\":\"Natural Poland\",\"url\":\"https:\\\/\\\/naturalpoland.com\\\/cs\\\/\",\"logo\":{\"@type\":\"ImageObject\",\"inLanguage\":\"cs\",\"@id\":\"https:\\\/\\\/naturalpoland.com\\\/cs\\\/#\\\/schema\\\/logo\\\/image\\\/\",\"url\":\"https:\\\/\\\/naturalpoland.com\\\/wp-content\\\/uploads\\\/2021\\\/05\\\/natural-poland-icon.png\",\"contentUrl\":\"https:\\\/\\\/naturalpoland.com\\\/wp-content\\\/uploads\\\/2021\\\/05\\\/natural-poland-icon.png\",\"width\":512,\"height\":512,\"caption\":\"Natural Poland\"},\"image\":{\"@id\":\"https:\\\/\\\/naturalpoland.com\\\/cs\\\/#\\\/schema\\\/logo\\\/image\\\/\"},\"sameAs\":[\"https:\\\/\\\/www.facebook.com\\\/naturalpoland.b2b\",\"https:\\\/\\\/pl.linkedin.com\\\/company\\\/natural-poland\",\"https:\\\/\\\/www.youtube.com\\\/channel\\\/UCgeGGkvOMahZo-xu_MSEWxg\"]}]}<\/script>\n<!-- \/ Yoast SEO plugin. -->","yoast_head_json":{"title":"Ara\u0161\u00eddov\u00fd olej - Velkoobchodn\u00ed distributor","description":"Ara\u0161\u00eddov\u00fd olej, zn\u00e1m\u00fd tak\u00e9 jako Arachis Hypogaea Oil, je kosmetick\u00e1 surovina z\u00edsk\u00e1van\u00e1 lisov\u00e1n\u00edm ara\u0161\u00edd\u016f za studena.","robots":{"index":"index","follow":"follow","max-snippet":"max-snippet:-1","max-image-preview":"max-image-preview:large","max-video-preview":"max-video-preview:-1"},"canonical":"https:\/\/naturalpoland.com\/cs\/produkty\/jedle-a-kosmeticke-oleje\/arasidovy-olej\/","og_locale":"cs_CZ","og_type":"article","og_title":"Ara\u0161\u00eddov\u00fd olej - Velkoobchodn\u00ed distributor","og_description":"Ara\u0161\u00eddov\u00fd olej, zn\u00e1m\u00fd tak\u00e9 jako Arachis Hypogaea Oil, je kosmetick\u00e1 surovina z\u00edsk\u00e1van\u00e1 lisov\u00e1n\u00edm ara\u0161\u00edd\u016f za studena.","og_url":"https:\/\/naturalpoland.com\/cs\/produkty\/jedle-a-kosmeticke-oleje\/arasidovy-olej\/","og_site_name":"NATURAL POLAND - Velkoobchodn\u00ed distributor surovin","article_publisher":"https:\/\/www.facebook.com\/naturalpoland.b2b","og_image":[{"width":597,"height":597,"url":"https:\/\/naturalpoland.com\/wp-content\/uploads\/olej-arachidowy.webp","type":"image\/webp"}],"schema":{"@context":"https:\/\/schema.org","@graph":[{"@type":"WebPage","@id":"https:\/\/naturalpoland.com\/cs\/produkty\/jedle-a-kosmeticke-oleje\/arasidovy-olej\/","url":"https:\/\/naturalpoland.com\/cs\/produkty\/jedle-a-kosmeticke-oleje\/arasidovy-olej\/","name":"Ara\u0161\u00eddov\u00fd olej - Velkoobchodn\u00ed distributor","isPartOf":{"@id":"https:\/\/naturalpoland.com\/cs\/#website"},"primaryImageOfPage":{"@id":"https:\/\/naturalpoland.com\/cs\/produkty\/jedle-a-kosmeticke-oleje\/arasidovy-olej\/#primaryimage"},"image":{"@id":"https:\/\/naturalpoland.com\/cs\/produkty\/jedle-a-kosmeticke-oleje\/arasidovy-olej\/#primaryimage"},"thumbnailUrl":"https:\/\/naturalpoland.com\/wp-content\/uploads\/olej-arachidowy.webp","datePublished":"2025-01-30T13:15:00+00:00","description":"Ara\u0161\u00eddov\u00fd olej, zn\u00e1m\u00fd tak\u00e9 jako Arachis Hypogaea Oil, je kosmetick\u00e1 surovina z\u00edsk\u00e1van\u00e1 lisov\u00e1n\u00edm ara\u0161\u00edd\u016f za studena.","breadcrumb":{"@id":"https:\/\/naturalpoland.com\/cs\/produkty\/jedle-a-kosmeticke-oleje\/arasidovy-olej\/#breadcrumb"},"inLanguage":"cs","potentialAction":[{"@type":"ReadAction","target":["https:\/\/naturalpoland.com\/cs\/produkty\/jedle-a-kosmeticke-oleje\/arasidovy-olej\/"]}]},{"@type":"ImageObject","inLanguage":"cs","@id":"https:\/\/naturalpoland.com\/cs\/produkty\/jedle-a-kosmeticke-oleje\/arasidovy-olej\/#primaryimage","url":"https:\/\/naturalpoland.com\/wp-content\/uploads\/olej-arachidowy.webp","contentUrl":"https:\/\/naturalpoland.com\/wp-content\/uploads\/olej-arachidowy.webp","width":597,"height":597,"caption":"Olej arachidowy"},{"@type":"BreadcrumbList","@id":"https:\/\/naturalpoland.com\/cs\/produkty\/jedle-a-kosmeticke-oleje\/arasidovy-olej\/#breadcrumb","itemListElement":[{"@type":"ListItem","position":1,"name":"Dom\u016f","item":"https:\/\/naturalpoland.com\/cs\/"},{"@type":"ListItem","position":2,"name":"Produkty","item":"https:\/\/naturalpoland.com\/cs\/produkty\/"},{"@type":"ListItem","position":3,"name":"Ara\u0161\u00eddov\u00fd olej"}]},{"@type":"WebSite","@id":"https:\/\/naturalpoland.com\/cs\/#website","url":"https:\/\/naturalpoland.com\/cs\/","name":"NATURAL POLAND - Velkoobchodn\u00ed distributor surovin","description":"Surowce dla przemys\u0142u spo\u017cywczego, kosmetycznego i farmaceutycznego","publisher":{"@id":"https:\/\/naturalpoland.com\/cs\/#organization"},"potentialAction":[{"@type":"SearchAction","target":{"@type":"EntryPoint","urlTemplate":"https:\/\/naturalpoland.com\/cs\/?s={search_term_string}"},"query-input":{"@type":"PropertyValueSpecification","valueRequired":true,"valueName":"search_term_string"}}],"inLanguage":"cs"},{"@type":"Organization","@id":"https:\/\/naturalpoland.com\/cs\/#organization","name":"Natural Poland","url":"https:\/\/naturalpoland.com\/cs\/","logo":{"@type":"ImageObject","inLanguage":"cs","@id":"https:\/\/naturalpoland.com\/cs\/#\/schema\/logo\/image\/","url":"https:\/\/naturalpoland.com\/wp-content\/uploads\/2021\/05\/natural-poland-icon.png","contentUrl":"https:\/\/naturalpoland.com\/wp-content\/uploads\/2021\/05\/natural-poland-icon.png","width":512,"height":512,"caption":"Natural Poland"},"image":{"@id":"https:\/\/naturalpoland.com\/cs\/#\/schema\/logo\/image\/"},"sameAs":["https:\/\/www.facebook.com\/naturalpoland.b2b","https:\/\/pl.linkedin.com\/company\/natural-poland","https:\/\/www.youtube.com\/channel\/UCgeGGkvOMahZo-xu_MSEWxg"]}]}},"_links":{"self":[{"href":"https:\/\/naturalpoland.com\/cs\/wp-json\/wp\/v2\/product\/38993","targetHints":{"allow":["GET"]}}],"collection":[{"href":"https:\/\/naturalpoland.com\/cs\/wp-json\/wp\/v2\/product"}],"about":[{"href":"https:\/\/naturalpoland.com\/cs\/wp-json\/wp\/v2\/types\/product"}],"wp:featuredmedia":[{"embeddable":true,"href":"https:\/\/naturalpoland.com\/cs\/wp-json\/wp\/v2\/media\/38978"}],"wp:attachment":[{"href":"https:\/\/naturalpoland.com\/cs\/wp-json\/wp\/v2\/media?parent=38993"}],"wp:term":[{"taxonomy":"product_brand","embeddable":true,"href":"https:\/\/naturalpoland.com\/cs\/wp-json\/wp\/v2\/product_brand?post=38993"},{"taxonomy":"product_cat","embeddable":true,"href":"https:\/\/naturalpoland.com\/cs\/wp-json\/wp\/v2\/product_cat?post=38993"},{"taxonomy":"product_tag","embeddable":true,"href":"https:\/\/naturalpoland.com\/cs\/wp-json\/wp\/v2\/product_tag?post=38993"}],"curies":[{"name":"wp","href":"https:\/\/api.w.org\/{rel}","templated":true}]}}