{"id":39032,"date":"2025-02-04T12:08:24","date_gmt":"2025-02-04T11:36:05","guid":{"rendered":"https:\/\/naturalpoland.com\/produkty\/neza\u0159azen\u00e9\/olej-z-prazenych-kavovych-zrn\/"},"modified":"2025-02-04T12:36:05","modified_gmt":"2025-02-04T11:36:05","slug":"olej-z-prazenych-kavovych-zrn","status":"publish","type":"product","link":"https:\/\/naturalpoland.com\/cs\/produkty\/jedle-a-kosmeticke-oleje\/olej-z-prazenych-kavovych-zrn\/","title":{"rendered":"Olej z pra\u017een\u00fdch k\u00e1vov\u00fdch zrn"},"content":{"rendered":"<h2>Vlastnosti a pou\u017eit\u00ed oleje z pra\u017een\u00e9 k\u00e1vy<\/h2>\n<p>Olej z pra\u017een\u00fdch k\u00e1vov\u00fdch zrn m\u00e1 p\u0159i aplikaci na poko\u017eku <strong>regenera\u010dn\u00ed a protivr\u00e1skov\u00e9 \u00fa\u010dinky<\/strong>. K\u00e1va m\u00e1 p\u0159esn\u011b stejn\u00e9 pH jako lidsk\u00e1 poko\u017eka, tak\u017ee pom\u00e1h\u00e1 udr\u017eovat poko\u017eku spr\u00e1vn\u011b hydratovanou. Tento produkt se \u010dasto pou\u017e\u00edv\u00e1 ve slo\u017een\u00ed kvalitn\u00edch p\u0159\u00edpravk\u016f proti st\u00e1rnut\u00ed.  <\/p>\n<p>Mezi dal\u0161\u00ed vlastnosti tohoto oleje pat\u0159\u00ed <strong>podpora synt\u00e9zy kolagenu a stimulace hygroskopick\u00fdch vlastnost\u00ed poko\u017eky<\/strong>.<\/p>\n<p>D\u00edky <strong>p\u0159\u00edjemn\u00e9<\/strong> v\u016fni <strong>pra\u017een\u00e9 k\u00e1vy<\/strong> se olej pou\u017e\u00edv\u00e1 tak\u00e9 v aromaterapii, p\u0159i mas\u00e1\u017e\u00edch a jako p\u0159\u00edsada do l\u00e1ze\u0148sk\u00fdch produkt\u016f.<\/p>\n<p>Olej z pra\u017een\u00fdch k\u00e1vov\u00fdch zrn se d\u00edky sv\u00e9 bohat\u00e9 chuti a v\u016fni m\u016f\u017ee pou\u017e\u00edvat i <strong>v potravin\u00e1\u0159sk\u00e9m pr\u016fmyslu jako p\u0159\u00edsada do dezert\u016f a zmrzliny<\/strong>.<\/p>\n","protected":false},"excerpt":{"rendered":"<p><strong>Olej z pra\u017een\u00fdch k\u00e1vov\u00fdch zrn<\/strong> se lisuje za studena z pra\u017een\u00fdch zrn rostliny <em>Coffea arabica<\/em>. Vyzna\u010duje se intenzivn\u00ed k\u00e1vovou v\u016fn\u00ed. <\/p>\n","protected":false},"featured_media":39016,"template":"","meta":{"_acf_changed":false},"product_brand":[],"product_cat":[625],"product_tag":[],"class_list":{"0":"post-39032","1":"product","2":"type-product","3":"status-publish","4":"has-post-thumbnail","6":"product_cat-jedle-a-kosmeticke-oleje","8":"first","9":"instock","10":"shipping-taxable","11":"product-type-simple"},"acf":[],"yoast_head":"<!-- This site is optimized with the Yoast SEO plugin v27.4 - https:\/\/yoast.com\/product\/yoast-seo-wordpress\/ -->\n<title>Olej z pra\u017een\u00fdch k\u00e1vov\u00fdch zrn - Velkoobchodn\u00ed distributor<\/title>\n<meta name=\"description\" content=\"Olej z pra\u017een\u00fdch k\u00e1vov\u00fdch zrn se lisuje za studena z pra\u017een\u00fdch zrn rostliny Coffea arabica. Vyzna\u010duje se intenzivn\u00ed k\u00e1vovou v\u016fn\u00ed.\" \/>\n<meta name=\"robots\" content=\"index, follow, max-snippet:-1, max-image-preview:large, max-video-preview:-1\" \/>\n<link rel=\"canonical\" href=\"https:\/\/naturalpoland.com\/cs\/produkty\/jedle-a-kosmeticke-oleje\/olej-z-prazenych-kavovych-zrn\/\" \/>\n<meta property=\"og:locale\" content=\"cs_CZ\" \/>\n<meta property=\"og:type\" content=\"article\" \/>\n<meta property=\"og:title\" content=\"Olej z pra\u017een\u00fdch k\u00e1vov\u00fdch zrn - Velkoobchodn\u00ed distributor\" \/>\n<meta property=\"og:description\" content=\"Olej z pra\u017een\u00fdch k\u00e1vov\u00fdch zrn se lisuje za studena z pra\u017een\u00fdch zrn rostliny Coffea arabica. Vyzna\u010duje se intenzivn\u00ed k\u00e1vovou v\u016fn\u00ed.\" \/>\n<meta property=\"og:url\" content=\"https:\/\/naturalpoland.com\/cs\/produkty\/jedle-a-kosmeticke-oleje\/olej-z-prazenych-kavovych-zrn\/\" \/>\n<meta property=\"og:site_name\" content=\"NATURAL POLAND - Velkoobchodn\u00ed distributor surovin\" \/>\n<meta property=\"article:publisher\" content=\"https:\/\/www.facebook.com\/naturalpoland.b2b\" \/>\n<meta property=\"og:image\" content=\"https:\/\/naturalpoland.com\/wp-content\/uploads\/olej-z-ziaren-palonej-kawy.webp\" \/>\n\t<meta property=\"og:image:width\" content=\"597\" \/>\n\t<meta property=\"og:image:height\" content=\"597\" \/>\n\t<meta property=\"og:image:type\" content=\"image\/webp\" \/>\n<script type=\"application\/ld+json\" class=\"yoast-schema-graph\">{\"@context\":\"https:\\\/\\\/schema.org\",\"@graph\":[{\"@type\":\"WebPage\",\"@id\":\"https:\\\/\\\/naturalpoland.com\\\/cs\\\/produkty\\\/jedle-a-kosmeticke-oleje\\\/olej-z-prazenych-kavovych-zrn\\\/\",\"url\":\"https:\\\/\\\/naturalpoland.com\\\/cs\\\/produkty\\\/jedle-a-kosmeticke-oleje\\\/olej-z-prazenych-kavovych-zrn\\\/\",\"name\":\"Olej z pra\u017een\u00fdch k\u00e1vov\u00fdch zrn - Velkoobchodn\u00ed distributor\",\"isPartOf\":{\"@id\":\"https:\\\/\\\/naturalpoland.com\\\/cs\\\/#website\"},\"primaryImageOfPage\":{\"@id\":\"https:\\\/\\\/naturalpoland.com\\\/cs\\\/produkty\\\/jedle-a-kosmeticke-oleje\\\/olej-z-prazenych-kavovych-zrn\\\/#primaryimage\"},\"image\":{\"@id\":\"https:\\\/\\\/naturalpoland.com\\\/cs\\\/produkty\\\/jedle-a-kosmeticke-oleje\\\/olej-z-prazenych-kavovych-zrn\\\/#primaryimage\"},\"thumbnailUrl\":\"https:\\\/\\\/naturalpoland.com\\\/wp-content\\\/uploads\\\/olej-z-ziaren-palonej-kawy.webp\",\"datePublished\":\"2025-02-04T11:36:05+00:00\",\"description\":\"Olej z pra\u017een\u00fdch k\u00e1vov\u00fdch zrn se lisuje za studena z pra\u017een\u00fdch zrn rostliny Coffea arabica. Vyzna\u010duje se intenzivn\u00ed k\u00e1vovou v\u016fn\u00ed.\",\"breadcrumb\":{\"@id\":\"https:\\\/\\\/naturalpoland.com\\\/cs\\\/produkty\\\/jedle-a-kosmeticke-oleje\\\/olej-z-prazenych-kavovych-zrn\\\/#breadcrumb\"},\"inLanguage\":\"cs\",\"potentialAction\":[{\"@type\":\"ReadAction\",\"target\":[\"https:\\\/\\\/naturalpoland.com\\\/cs\\\/produkty\\\/jedle-a-kosmeticke-oleje\\\/olej-z-prazenych-kavovych-zrn\\\/\"]}]},{\"@type\":\"ImageObject\",\"inLanguage\":\"cs\",\"@id\":\"https:\\\/\\\/naturalpoland.com\\\/cs\\\/produkty\\\/jedle-a-kosmeticke-oleje\\\/olej-z-prazenych-kavovych-zrn\\\/#primaryimage\",\"url\":\"https:\\\/\\\/naturalpoland.com\\\/wp-content\\\/uploads\\\/olej-z-ziaren-palonej-kawy.webp\",\"contentUrl\":\"https:\\\/\\\/naturalpoland.com\\\/wp-content\\\/uploads\\\/olej-z-ziaren-palonej-kawy.webp\",\"width\":597,\"height\":597,\"caption\":\"olej z ziaren palonej kawy\"},{\"@type\":\"BreadcrumbList\",\"@id\":\"https:\\\/\\\/naturalpoland.com\\\/cs\\\/produkty\\\/jedle-a-kosmeticke-oleje\\\/olej-z-prazenych-kavovych-zrn\\\/#breadcrumb\",\"itemListElement\":[{\"@type\":\"ListItem\",\"position\":1,\"name\":\"Dom\u016f\",\"item\":\"https:\\\/\\\/naturalpoland.com\\\/cs\\\/\"},{\"@type\":\"ListItem\",\"position\":2,\"name\":\"Produkty\",\"item\":\"https:\\\/\\\/naturalpoland.com\\\/cs\\\/produkty\\\/\"},{\"@type\":\"ListItem\",\"position\":3,\"name\":\"Olej z pra\u017een\u00fdch k\u00e1vov\u00fdch zrn\"}]},{\"@type\":\"WebSite\",\"@id\":\"https:\\\/\\\/naturalpoland.com\\\/cs\\\/#website\",\"url\":\"https:\\\/\\\/naturalpoland.com\\\/cs\\\/\",\"name\":\"NATURAL POLAND - Velkoobchodn\u00ed distributor surovin\",\"description\":\"Surowce dla przemys\u0142u spo\u017cywczego, kosmetycznego i farmaceutycznego\",\"publisher\":{\"@id\":\"https:\\\/\\\/naturalpoland.com\\\/cs\\\/#organization\"},\"potentialAction\":[{\"@type\":\"SearchAction\",\"target\":{\"@type\":\"EntryPoint\",\"urlTemplate\":\"https:\\\/\\\/naturalpoland.com\\\/cs\\\/?s={search_term_string}\"},\"query-input\":{\"@type\":\"PropertyValueSpecification\",\"valueRequired\":true,\"valueName\":\"search_term_string\"}}],\"inLanguage\":\"cs\"},{\"@type\":\"Organization\",\"@id\":\"https:\\\/\\\/naturalpoland.com\\\/cs\\\/#organization\",\"name\":\"Natural Poland\",\"url\":\"https:\\\/\\\/naturalpoland.com\\\/cs\\\/\",\"logo\":{\"@type\":\"ImageObject\",\"inLanguage\":\"cs\",\"@id\":\"https:\\\/\\\/naturalpoland.com\\\/cs\\\/#\\\/schema\\\/logo\\\/image\\\/\",\"url\":\"https:\\\/\\\/naturalpoland.com\\\/wp-content\\\/uploads\\\/2021\\\/05\\\/natural-poland-icon.png\",\"contentUrl\":\"https:\\\/\\\/naturalpoland.com\\\/wp-content\\\/uploads\\\/2021\\\/05\\\/natural-poland-icon.png\",\"width\":512,\"height\":512,\"caption\":\"Natural Poland\"},\"image\":{\"@id\":\"https:\\\/\\\/naturalpoland.com\\\/cs\\\/#\\\/schema\\\/logo\\\/image\\\/\"},\"sameAs\":[\"https:\\\/\\\/www.facebook.com\\\/naturalpoland.b2b\",\"https:\\\/\\\/pl.linkedin.com\\\/company\\\/natural-poland\",\"https:\\\/\\\/www.youtube.com\\\/channel\\\/UCgeGGkvOMahZo-xu_MSEWxg\"]}]}<\/script>\n<!-- \/ Yoast SEO plugin. -->","yoast_head_json":{"title":"Olej z pra\u017een\u00fdch k\u00e1vov\u00fdch zrn - Velkoobchodn\u00ed distributor","description":"Olej z pra\u017een\u00fdch k\u00e1vov\u00fdch zrn se lisuje za studena z pra\u017een\u00fdch zrn rostliny Coffea arabica. Vyzna\u010duje se intenzivn\u00ed k\u00e1vovou v\u016fn\u00ed.","robots":{"index":"index","follow":"follow","max-snippet":"max-snippet:-1","max-image-preview":"max-image-preview:large","max-video-preview":"max-video-preview:-1"},"canonical":"https:\/\/naturalpoland.com\/cs\/produkty\/jedle-a-kosmeticke-oleje\/olej-z-prazenych-kavovych-zrn\/","og_locale":"cs_CZ","og_type":"article","og_title":"Olej z pra\u017een\u00fdch k\u00e1vov\u00fdch zrn - Velkoobchodn\u00ed distributor","og_description":"Olej z pra\u017een\u00fdch k\u00e1vov\u00fdch zrn se lisuje za studena z pra\u017een\u00fdch zrn rostliny Coffea arabica. Vyzna\u010duje se intenzivn\u00ed k\u00e1vovou v\u016fn\u00ed.","og_url":"https:\/\/naturalpoland.com\/cs\/produkty\/jedle-a-kosmeticke-oleje\/olej-z-prazenych-kavovych-zrn\/","og_site_name":"NATURAL POLAND - Velkoobchodn\u00ed distributor surovin","article_publisher":"https:\/\/www.facebook.com\/naturalpoland.b2b","og_image":[{"width":597,"height":597,"url":"https:\/\/naturalpoland.com\/wp-content\/uploads\/olej-z-ziaren-palonej-kawy.webp","type":"image\/webp"}],"schema":{"@context":"https:\/\/schema.org","@graph":[{"@type":"WebPage","@id":"https:\/\/naturalpoland.com\/cs\/produkty\/jedle-a-kosmeticke-oleje\/olej-z-prazenych-kavovych-zrn\/","url":"https:\/\/naturalpoland.com\/cs\/produkty\/jedle-a-kosmeticke-oleje\/olej-z-prazenych-kavovych-zrn\/","name":"Olej z pra\u017een\u00fdch k\u00e1vov\u00fdch zrn - Velkoobchodn\u00ed distributor","isPartOf":{"@id":"https:\/\/naturalpoland.com\/cs\/#website"},"primaryImageOfPage":{"@id":"https:\/\/naturalpoland.com\/cs\/produkty\/jedle-a-kosmeticke-oleje\/olej-z-prazenych-kavovych-zrn\/#primaryimage"},"image":{"@id":"https:\/\/naturalpoland.com\/cs\/produkty\/jedle-a-kosmeticke-oleje\/olej-z-prazenych-kavovych-zrn\/#primaryimage"},"thumbnailUrl":"https:\/\/naturalpoland.com\/wp-content\/uploads\/olej-z-ziaren-palonej-kawy.webp","datePublished":"2025-02-04T11:36:05+00:00","description":"Olej z pra\u017een\u00fdch k\u00e1vov\u00fdch zrn se lisuje za studena z pra\u017een\u00fdch zrn rostliny Coffea arabica. Vyzna\u010duje se intenzivn\u00ed k\u00e1vovou v\u016fn\u00ed.","breadcrumb":{"@id":"https:\/\/naturalpoland.com\/cs\/produkty\/jedle-a-kosmeticke-oleje\/olej-z-prazenych-kavovych-zrn\/#breadcrumb"},"inLanguage":"cs","potentialAction":[{"@type":"ReadAction","target":["https:\/\/naturalpoland.com\/cs\/produkty\/jedle-a-kosmeticke-oleje\/olej-z-prazenych-kavovych-zrn\/"]}]},{"@type":"ImageObject","inLanguage":"cs","@id":"https:\/\/naturalpoland.com\/cs\/produkty\/jedle-a-kosmeticke-oleje\/olej-z-prazenych-kavovych-zrn\/#primaryimage","url":"https:\/\/naturalpoland.com\/wp-content\/uploads\/olej-z-ziaren-palonej-kawy.webp","contentUrl":"https:\/\/naturalpoland.com\/wp-content\/uploads\/olej-z-ziaren-palonej-kawy.webp","width":597,"height":597,"caption":"olej z ziaren palonej kawy"},{"@type":"BreadcrumbList","@id":"https:\/\/naturalpoland.com\/cs\/produkty\/jedle-a-kosmeticke-oleje\/olej-z-prazenych-kavovych-zrn\/#breadcrumb","itemListElement":[{"@type":"ListItem","position":1,"name":"Dom\u016f","item":"https:\/\/naturalpoland.com\/cs\/"},{"@type":"ListItem","position":2,"name":"Produkty","item":"https:\/\/naturalpoland.com\/cs\/produkty\/"},{"@type":"ListItem","position":3,"name":"Olej z pra\u017een\u00fdch k\u00e1vov\u00fdch zrn"}]},{"@type":"WebSite","@id":"https:\/\/naturalpoland.com\/cs\/#website","url":"https:\/\/naturalpoland.com\/cs\/","name":"NATURAL POLAND - Velkoobchodn\u00ed distributor surovin","description":"Surowce dla przemys\u0142u spo\u017cywczego, kosmetycznego i farmaceutycznego","publisher":{"@id":"https:\/\/naturalpoland.com\/cs\/#organization"},"potentialAction":[{"@type":"SearchAction","target":{"@type":"EntryPoint","urlTemplate":"https:\/\/naturalpoland.com\/cs\/?s={search_term_string}"},"query-input":{"@type":"PropertyValueSpecification","valueRequired":true,"valueName":"search_term_string"}}],"inLanguage":"cs"},{"@type":"Organization","@id":"https:\/\/naturalpoland.com\/cs\/#organization","name":"Natural Poland","url":"https:\/\/naturalpoland.com\/cs\/","logo":{"@type":"ImageObject","inLanguage":"cs","@id":"https:\/\/naturalpoland.com\/cs\/#\/schema\/logo\/image\/","url":"https:\/\/naturalpoland.com\/wp-content\/uploads\/2021\/05\/natural-poland-icon.png","contentUrl":"https:\/\/naturalpoland.com\/wp-content\/uploads\/2021\/05\/natural-poland-icon.png","width":512,"height":512,"caption":"Natural Poland"},"image":{"@id":"https:\/\/naturalpoland.com\/cs\/#\/schema\/logo\/image\/"},"sameAs":["https:\/\/www.facebook.com\/naturalpoland.b2b","https:\/\/pl.linkedin.com\/company\/natural-poland","https:\/\/www.youtube.com\/channel\/UCgeGGkvOMahZo-xu_MSEWxg"]}]}},"_links":{"self":[{"href":"https:\/\/naturalpoland.com\/cs\/wp-json\/wp\/v2\/product\/39032","targetHints":{"allow":["GET"]}}],"collection":[{"href":"https:\/\/naturalpoland.com\/cs\/wp-json\/wp\/v2\/product"}],"about":[{"href":"https:\/\/naturalpoland.com\/cs\/wp-json\/wp\/v2\/types\/product"}],"wp:featuredmedia":[{"embeddable":true,"href":"https:\/\/naturalpoland.com\/cs\/wp-json\/wp\/v2\/media\/39016"}],"wp:attachment":[{"href":"https:\/\/naturalpoland.com\/cs\/wp-json\/wp\/v2\/media?parent=39032"}],"wp:term":[{"taxonomy":"product_brand","embeddable":true,"href":"https:\/\/naturalpoland.com\/cs\/wp-json\/wp\/v2\/product_brand?post=39032"},{"taxonomy":"product_cat","embeddable":true,"href":"https:\/\/naturalpoland.com\/cs\/wp-json\/wp\/v2\/product_cat?post=39032"},{"taxonomy":"product_tag","embeddable":true,"href":"https:\/\/naturalpoland.com\/cs\/wp-json\/wp\/v2\/product_tag?post=39032"}],"curies":[{"name":"wp","href":"https:\/\/api.w.org\/{rel}","templated":true}]}}