{"id":39330,"date":"2025-02-06T17:15:56","date_gmt":"2025-02-06T16:15:56","guid":{"rendered":"https:\/\/naturalpoland.com\/produkty\/neza\u0159azen\u00e9\/anyzove-aroma\/"},"modified":"2025-02-07T14:51:40","modified_gmt":"2025-02-07T13:51:40","slug":"anyzove-aroma","status":"publish","type":"product","link":"https:\/\/naturalpoland.com\/cs\/produkty\/produkty-pro-potravinarsky-prumysl\/aroma\/korenena-aroma\/anyzove-aroma\/","title":{"rendered":"An\u00fdzov\u00e9 aroma"},"content":{"rendered":"<p>Dv\u011b varianty an\u00fdzov\u00e9ho aroma:<\/p>\n<p>Nab\u00edz\u00edme dv\u011b varianty: p\u0159\u00edrodn\u00ed aroma WONF na b\u00e1zi triacetinu, kter\u00e9 kombinuje sladkost an\u00fdzu s jemn\u00fdm n\u00e1dechem bylinek, a klasick\u00e9 tekut\u00e9 an\u00fdzov\u00e9 aroma, jeho\u017e chu\u0165ov\u00fd profil p\u0159ipom\u00edn\u00e1 an\u00fdzov\u00e9 bonbony.<\/p>\n<h2>P\u0159\u00edrodn\u00ed an\u00fdzov\u00e9 aroma<\/h2>\n<p><strong>P\u0159\u00edrodn\u00ed<\/strong> aroma <strong>WONF<\/strong> je tepeln\u011b odoln\u00e9 a lze jej pou\u017e\u00edt ve v\u00fdrobc\u00edch, kter\u00e9 vy\u017eaduj\u00ed tepelnou \u00fapravu, jako je pe\u010divo, cukrovinky a alkoholick\u00e9 n\u00e1poje. Jeho nosi\u010dem je <strong>triacetin <\/strong>, kter\u00fd zvy\u0161uje stabilitu a trvanlivost slo\u017een\u00ed. <\/p>\n<p>Dob\u0159e se snoub\u00ed s \u010dokol\u00e1dou, vanilkou a ko\u0159en\u00edm. Dod\u00e1v\u00e1 v\u00fdrobk\u016fm v\u00fdrazn\u00fd, ale jemn\u011b komplexn\u00ed charakter. <\/p>\n<h2>an\u00fdzov\u00e9 aroma na b\u00e1zi glykolu<\/h2>\n<p>Tato varianta se vyzna\u010duje intenzivn\u00edm sladk\u00fdm t\u00f3nem p\u0159ipom\u00ednaj\u00edc\u00edm an\u00fdzov\u00e9 bonbony. Doporu\u010dujeme ji do n\u00e1poj\u016f, sirup\u016f, cukrovinek a farmaceutick\u00fdch v\u00fdrobk\u016f, jako jsou pastilky a \u00fastn\u00ed vody. <\/p>\n<p>An\u00fdzovou v\u016fni lze pou\u017e\u00edt tak\u00e9 v kosmetick\u00fdch p\u0159\u00edpravc\u00edch (parf\u00e9my, ple\u0165ov\u00e9 vody, m\u00fddla), kter\u00fdm dod\u00e1 h\u0159ejivou, lehce ko\u0159en\u011bnou hloubku.<\/p>\n","protected":false},"excerpt":{"rendered":"<p>An\u00fdzov\u00e9 aroma dod\u00e1v\u00e1 v\u00fdrobk\u016fm sladk\u00fd a ko\u0159en\u011bn\u00fd aromatick\u00fd profil.<\/p>\n","protected":false},"featured_media":39142,"template":"","meta":{"_acf_changed":false},"product_brand":[],"product_cat":[7584],"product_tag":[],"class_list":{"0":"post-39330","1":"product","2":"type-product","3":"status-publish","4":"has-post-thumbnail","6":"product_cat-korenena-aroma","8":"first","9":"instock","10":"shipping-taxable","11":"product-type-simple"},"acf":[],"yoast_head":"<!-- This site is optimized with the Yoast SEO plugin v27.4 - https:\/\/yoast.com\/product\/yoast-seo-wordpress\/ -->\n<title>An\u00fdzov\u00e9 aroma - Velkoobchodn\u00ed distributor<\/title>\n<meta name=\"description\" content=\"An\u00fdzov\u00e9 aroma je intenzivn\u00ed, v\u00fdrazn\u00e1 slo\u017eka, kter\u00e1 dod\u00e1v\u00e1 v\u00fdrobk\u016fm jedine\u010dnou, sladce ko\u0159en\u011bnou chu\u0165 a v\u016fni.\" \/>\n<meta name=\"robots\" content=\"index, follow, max-snippet:-1, max-image-preview:large, max-video-preview:-1\" \/>\n<link rel=\"canonical\" href=\"https:\/\/naturalpoland.com\/cs\/produkty\/produkty-pro-potravinarsky-prumysl\/aroma\/korenena-aroma\/anyzove-aroma\/\" \/>\n<meta property=\"og:locale\" content=\"cs_CZ\" \/>\n<meta property=\"og:type\" content=\"article\" \/>\n<meta property=\"og:title\" content=\"An\u00fdzov\u00e9 aroma - Velkoobchodn\u00ed distributor\" \/>\n<meta property=\"og:description\" content=\"An\u00fdzov\u00e9 aroma je intenzivn\u00ed, v\u00fdrazn\u00e1 slo\u017eka, kter\u00e1 dod\u00e1v\u00e1 v\u00fdrobk\u016fm jedine\u010dnou, sladce ko\u0159en\u011bnou chu\u0165 a v\u016fni.\" \/>\n<meta property=\"og:url\" content=\"https:\/\/naturalpoland.com\/cs\/produkty\/produkty-pro-potravinarsky-prumysl\/aroma\/korenena-aroma\/anyzove-aroma\/\" \/>\n<meta property=\"og:site_name\" content=\"NATURAL POLAND - Velkoobchodn\u00ed distributor surovin\" \/>\n<meta property=\"article:publisher\" content=\"https:\/\/www.facebook.com\/naturalpoland.b2b\" \/>\n<meta property=\"article:modified_time\" content=\"2025-02-07T13:51:40+00:00\" \/>\n<meta property=\"og:image\" content=\"https:\/\/naturalpoland.com\/wp-content\/uploads\/aromat-anyzowy.webp\" \/>\n\t<meta property=\"og:image:width\" content=\"595\" \/>\n\t<meta property=\"og:image:height\" content=\"595\" \/>\n\t<meta property=\"og:image:type\" content=\"image\/webp\" \/>\n<script type=\"application\/ld+json\" class=\"yoast-schema-graph\">{\"@context\":\"https:\\\/\\\/schema.org\",\"@graph\":[{\"@type\":\"WebPage\",\"@id\":\"https:\\\/\\\/naturalpoland.com\\\/cs\\\/produkty\\\/produkty-pro-potravinarsky-prumysl\\\/aroma\\\/korenena-aroma\\\/anyzove-aroma\\\/\",\"url\":\"https:\\\/\\\/naturalpoland.com\\\/cs\\\/produkty\\\/produkty-pro-potravinarsky-prumysl\\\/aroma\\\/korenena-aroma\\\/anyzove-aroma\\\/\",\"name\":\"An\u00fdzov\u00e9 aroma - Velkoobchodn\u00ed distributor\",\"isPartOf\":{\"@id\":\"https:\\\/\\\/naturalpoland.com\\\/cs\\\/#website\"},\"primaryImageOfPage\":{\"@id\":\"https:\\\/\\\/naturalpoland.com\\\/cs\\\/produkty\\\/produkty-pro-potravinarsky-prumysl\\\/aroma\\\/korenena-aroma\\\/anyzove-aroma\\\/#primaryimage\"},\"image\":{\"@id\":\"https:\\\/\\\/naturalpoland.com\\\/cs\\\/produkty\\\/produkty-pro-potravinarsky-prumysl\\\/aroma\\\/korenena-aroma\\\/anyzove-aroma\\\/#primaryimage\"},\"thumbnailUrl\":\"https:\\\/\\\/naturalpoland.com\\\/wp-content\\\/uploads\\\/aromat-anyzowy.webp\",\"datePublished\":\"2025-02-06T16:15:56+00:00\",\"dateModified\":\"2025-02-07T13:51:40+00:00\",\"description\":\"An\u00fdzov\u00e9 aroma je intenzivn\u00ed, v\u00fdrazn\u00e1 slo\u017eka, kter\u00e1 dod\u00e1v\u00e1 v\u00fdrobk\u016fm jedine\u010dnou, sladce ko\u0159en\u011bnou chu\u0165 a v\u016fni.\",\"breadcrumb\":{\"@id\":\"https:\\\/\\\/naturalpoland.com\\\/cs\\\/produkty\\\/produkty-pro-potravinarsky-prumysl\\\/aroma\\\/korenena-aroma\\\/anyzove-aroma\\\/#breadcrumb\"},\"inLanguage\":\"cs\",\"potentialAction\":[{\"@type\":\"ReadAction\",\"target\":[\"https:\\\/\\\/naturalpoland.com\\\/cs\\\/produkty\\\/produkty-pro-potravinarsky-prumysl\\\/aroma\\\/korenena-aroma\\\/anyzove-aroma\\\/\"]}]},{\"@type\":\"ImageObject\",\"inLanguage\":\"cs\",\"@id\":\"https:\\\/\\\/naturalpoland.com\\\/cs\\\/produkty\\\/produkty-pro-potravinarsky-prumysl\\\/aroma\\\/korenena-aroma\\\/anyzove-aroma\\\/#primaryimage\",\"url\":\"https:\\\/\\\/naturalpoland.com\\\/wp-content\\\/uploads\\\/aromat-anyzowy.webp\",\"contentUrl\":\"https:\\\/\\\/naturalpoland.com\\\/wp-content\\\/uploads\\\/aromat-anyzowy.webp\",\"width\":595,\"height\":595,\"caption\":\"aromat any\u017cowy\"},{\"@type\":\"BreadcrumbList\",\"@id\":\"https:\\\/\\\/naturalpoland.com\\\/cs\\\/produkty\\\/produkty-pro-potravinarsky-prumysl\\\/aroma\\\/korenena-aroma\\\/anyzove-aroma\\\/#breadcrumb\",\"itemListElement\":[{\"@type\":\"ListItem\",\"position\":1,\"name\":\"Dom\u016f\",\"item\":\"https:\\\/\\\/naturalpoland.com\\\/cs\\\/\"},{\"@type\":\"ListItem\",\"position\":2,\"name\":\"Produkty\",\"item\":\"https:\\\/\\\/naturalpoland.com\\\/cs\\\/produkty\\\/\"},{\"@type\":\"ListItem\",\"position\":3,\"name\":\"An\u00fdzov\u00e9 aroma\"}]},{\"@type\":\"WebSite\",\"@id\":\"https:\\\/\\\/naturalpoland.com\\\/cs\\\/#website\",\"url\":\"https:\\\/\\\/naturalpoland.com\\\/cs\\\/\",\"name\":\"NATURAL POLAND - Velkoobchodn\u00ed distributor surovin\",\"description\":\"Surowce dla przemys\u0142u spo\u017cywczego, kosmetycznego i farmaceutycznego\",\"publisher\":{\"@id\":\"https:\\\/\\\/naturalpoland.com\\\/cs\\\/#organization\"},\"potentialAction\":[{\"@type\":\"SearchAction\",\"target\":{\"@type\":\"EntryPoint\",\"urlTemplate\":\"https:\\\/\\\/naturalpoland.com\\\/cs\\\/?s={search_term_string}\"},\"query-input\":{\"@type\":\"PropertyValueSpecification\",\"valueRequired\":true,\"valueName\":\"search_term_string\"}}],\"inLanguage\":\"cs\"},{\"@type\":\"Organization\",\"@id\":\"https:\\\/\\\/naturalpoland.com\\\/cs\\\/#organization\",\"name\":\"Natural Poland\",\"url\":\"https:\\\/\\\/naturalpoland.com\\\/cs\\\/\",\"logo\":{\"@type\":\"ImageObject\",\"inLanguage\":\"cs\",\"@id\":\"https:\\\/\\\/naturalpoland.com\\\/cs\\\/#\\\/schema\\\/logo\\\/image\\\/\",\"url\":\"https:\\\/\\\/naturalpoland.com\\\/wp-content\\\/uploads\\\/2021\\\/05\\\/natural-poland-icon.png\",\"contentUrl\":\"https:\\\/\\\/naturalpoland.com\\\/wp-content\\\/uploads\\\/2021\\\/05\\\/natural-poland-icon.png\",\"width\":512,\"height\":512,\"caption\":\"Natural Poland\"},\"image\":{\"@id\":\"https:\\\/\\\/naturalpoland.com\\\/cs\\\/#\\\/schema\\\/logo\\\/image\\\/\"},\"sameAs\":[\"https:\\\/\\\/www.facebook.com\\\/naturalpoland.b2b\",\"https:\\\/\\\/pl.linkedin.com\\\/company\\\/natural-poland\",\"https:\\\/\\\/www.youtube.com\\\/channel\\\/UCgeGGkvOMahZo-xu_MSEWxg\"]}]}<\/script>\n<!-- \/ Yoast SEO plugin. -->","yoast_head_json":{"title":"An\u00fdzov\u00e9 aroma - Velkoobchodn\u00ed distributor","description":"An\u00fdzov\u00e9 aroma je intenzivn\u00ed, v\u00fdrazn\u00e1 slo\u017eka, kter\u00e1 dod\u00e1v\u00e1 v\u00fdrobk\u016fm jedine\u010dnou, sladce ko\u0159en\u011bnou chu\u0165 a v\u016fni.","robots":{"index":"index","follow":"follow","max-snippet":"max-snippet:-1","max-image-preview":"max-image-preview:large","max-video-preview":"max-video-preview:-1"},"canonical":"https:\/\/naturalpoland.com\/cs\/produkty\/produkty-pro-potravinarsky-prumysl\/aroma\/korenena-aroma\/anyzove-aroma\/","og_locale":"cs_CZ","og_type":"article","og_title":"An\u00fdzov\u00e9 aroma - Velkoobchodn\u00ed distributor","og_description":"An\u00fdzov\u00e9 aroma je intenzivn\u00ed, v\u00fdrazn\u00e1 slo\u017eka, kter\u00e1 dod\u00e1v\u00e1 v\u00fdrobk\u016fm jedine\u010dnou, sladce ko\u0159en\u011bnou chu\u0165 a v\u016fni.","og_url":"https:\/\/naturalpoland.com\/cs\/produkty\/produkty-pro-potravinarsky-prumysl\/aroma\/korenena-aroma\/anyzove-aroma\/","og_site_name":"NATURAL POLAND - Velkoobchodn\u00ed distributor surovin","article_publisher":"https:\/\/www.facebook.com\/naturalpoland.b2b","article_modified_time":"2025-02-07T13:51:40+00:00","og_image":[{"width":595,"height":595,"url":"https:\/\/naturalpoland.com\/wp-content\/uploads\/aromat-anyzowy.webp","type":"image\/webp"}],"schema":{"@context":"https:\/\/schema.org","@graph":[{"@type":"WebPage","@id":"https:\/\/naturalpoland.com\/cs\/produkty\/produkty-pro-potravinarsky-prumysl\/aroma\/korenena-aroma\/anyzove-aroma\/","url":"https:\/\/naturalpoland.com\/cs\/produkty\/produkty-pro-potravinarsky-prumysl\/aroma\/korenena-aroma\/anyzove-aroma\/","name":"An\u00fdzov\u00e9 aroma - Velkoobchodn\u00ed distributor","isPartOf":{"@id":"https:\/\/naturalpoland.com\/cs\/#website"},"primaryImageOfPage":{"@id":"https:\/\/naturalpoland.com\/cs\/produkty\/produkty-pro-potravinarsky-prumysl\/aroma\/korenena-aroma\/anyzove-aroma\/#primaryimage"},"image":{"@id":"https:\/\/naturalpoland.com\/cs\/produkty\/produkty-pro-potravinarsky-prumysl\/aroma\/korenena-aroma\/anyzove-aroma\/#primaryimage"},"thumbnailUrl":"https:\/\/naturalpoland.com\/wp-content\/uploads\/aromat-anyzowy.webp","datePublished":"2025-02-06T16:15:56+00:00","dateModified":"2025-02-07T13:51:40+00:00","description":"An\u00fdzov\u00e9 aroma je intenzivn\u00ed, v\u00fdrazn\u00e1 slo\u017eka, kter\u00e1 dod\u00e1v\u00e1 v\u00fdrobk\u016fm jedine\u010dnou, sladce ko\u0159en\u011bnou chu\u0165 a v\u016fni.","breadcrumb":{"@id":"https:\/\/naturalpoland.com\/cs\/produkty\/produkty-pro-potravinarsky-prumysl\/aroma\/korenena-aroma\/anyzove-aroma\/#breadcrumb"},"inLanguage":"cs","potentialAction":[{"@type":"ReadAction","target":["https:\/\/naturalpoland.com\/cs\/produkty\/produkty-pro-potravinarsky-prumysl\/aroma\/korenena-aroma\/anyzove-aroma\/"]}]},{"@type":"ImageObject","inLanguage":"cs","@id":"https:\/\/naturalpoland.com\/cs\/produkty\/produkty-pro-potravinarsky-prumysl\/aroma\/korenena-aroma\/anyzove-aroma\/#primaryimage","url":"https:\/\/naturalpoland.com\/wp-content\/uploads\/aromat-anyzowy.webp","contentUrl":"https:\/\/naturalpoland.com\/wp-content\/uploads\/aromat-anyzowy.webp","width":595,"height":595,"caption":"aromat any\u017cowy"},{"@type":"BreadcrumbList","@id":"https:\/\/naturalpoland.com\/cs\/produkty\/produkty-pro-potravinarsky-prumysl\/aroma\/korenena-aroma\/anyzove-aroma\/#breadcrumb","itemListElement":[{"@type":"ListItem","position":1,"name":"Dom\u016f","item":"https:\/\/naturalpoland.com\/cs\/"},{"@type":"ListItem","position":2,"name":"Produkty","item":"https:\/\/naturalpoland.com\/cs\/produkty\/"},{"@type":"ListItem","position":3,"name":"An\u00fdzov\u00e9 aroma"}]},{"@type":"WebSite","@id":"https:\/\/naturalpoland.com\/cs\/#website","url":"https:\/\/naturalpoland.com\/cs\/","name":"NATURAL POLAND - Velkoobchodn\u00ed distributor surovin","description":"Surowce dla przemys\u0142u spo\u017cywczego, kosmetycznego i farmaceutycznego","publisher":{"@id":"https:\/\/naturalpoland.com\/cs\/#organization"},"potentialAction":[{"@type":"SearchAction","target":{"@type":"EntryPoint","urlTemplate":"https:\/\/naturalpoland.com\/cs\/?s={search_term_string}"},"query-input":{"@type":"PropertyValueSpecification","valueRequired":true,"valueName":"search_term_string"}}],"inLanguage":"cs"},{"@type":"Organization","@id":"https:\/\/naturalpoland.com\/cs\/#organization","name":"Natural Poland","url":"https:\/\/naturalpoland.com\/cs\/","logo":{"@type":"ImageObject","inLanguage":"cs","@id":"https:\/\/naturalpoland.com\/cs\/#\/schema\/logo\/image\/","url":"https:\/\/naturalpoland.com\/wp-content\/uploads\/2021\/05\/natural-poland-icon.png","contentUrl":"https:\/\/naturalpoland.com\/wp-content\/uploads\/2021\/05\/natural-poland-icon.png","width":512,"height":512,"caption":"Natural Poland"},"image":{"@id":"https:\/\/naturalpoland.com\/cs\/#\/schema\/logo\/image\/"},"sameAs":["https:\/\/www.facebook.com\/naturalpoland.b2b","https:\/\/pl.linkedin.com\/company\/natural-poland","https:\/\/www.youtube.com\/channel\/UCgeGGkvOMahZo-xu_MSEWxg"]}]}},"_links":{"self":[{"href":"https:\/\/naturalpoland.com\/cs\/wp-json\/wp\/v2\/product\/39330","targetHints":{"allow":["GET"]}}],"collection":[{"href":"https:\/\/naturalpoland.com\/cs\/wp-json\/wp\/v2\/product"}],"about":[{"href":"https:\/\/naturalpoland.com\/cs\/wp-json\/wp\/v2\/types\/product"}],"wp:featuredmedia":[{"embeddable":true,"href":"https:\/\/naturalpoland.com\/cs\/wp-json\/wp\/v2\/media\/39142"}],"wp:attachment":[{"href":"https:\/\/naturalpoland.com\/cs\/wp-json\/wp\/v2\/media?parent=39330"}],"wp:term":[{"taxonomy":"product_brand","embeddable":true,"href":"https:\/\/naturalpoland.com\/cs\/wp-json\/wp\/v2\/product_brand?post=39330"},{"taxonomy":"product_cat","embeddable":true,"href":"https:\/\/naturalpoland.com\/cs\/wp-json\/wp\/v2\/product_cat?post=39330"},{"taxonomy":"product_tag","embeddable":true,"href":"https:\/\/naturalpoland.com\/cs\/wp-json\/wp\/v2\/product_tag?post=39330"}],"curies":[{"name":"wp","href":"https:\/\/api.w.org\/{rel}","templated":true}]}}