{"id":39332,"date":"2025-02-06T17:37:21","date_gmt":"2025-02-06T16:37:21","guid":{"rendered":"https:\/\/naturalpoland.com\/produkty\/neza\u0159azen\u00e9\/arasidove-aroma\/"},"modified":"2025-02-07T14:51:45","modified_gmt":"2025-02-07T13:51:45","slug":"arasidove-aroma","status":"publish","type":"product","link":"https:\/\/naturalpoland.com\/cs\/produkty\/produkty-pro-potravinarsky-prumysl\/aroma\/orechova-aroma\/arasidove-aroma\/","title":{"rendered":"Ara\u0161\u00eddov\u00e9 aroma"},"content":{"rendered":"<h2>Varianty s ara\u0161\u00eddovou p\u0159\u00edchut\u00ed:<\/h2>\n<p><strong>1. sladk\u00e9 ara\u0161\u00eddov\u00e9 aroma<\/strong><\/p>\n<p>Dal\u0161\u00ed varianta tekut\u00e9ho ara\u0161\u00eddov\u00e9ho aroma m\u00e1 <strong>sladk\u00fd, jemn\u00fd profil<\/strong> s v\u00fdrazn\u00fdm n\u00e1dechem ara\u0161\u00edd\u016f. Doporu\u010dujeme ji na\u0161im z\u00e1kazn\u00edk\u016fm do <strong>tu\u010dn\u00fdch hmot,<\/strong> proto\u017ee se dob\u0159e m\u00eds\u00ed s kr\u00e9my, cukr\u00e1\u0159sk\u00fdmi n\u00e1pln\u011bmi a dezerty na b\u00e1zi tuku. Jeho jemn\u00fd, harmonick\u00fd charakter obohacuje chu\u0165, ani\u017e by ve slo\u017een\u00ed dominoval. Nosi\u010dem t\u00e9to p\u0159\u00edchuti je <strong>glykol<\/strong>.   <\/p>\n<p><strong>2. such\u00e9 ara\u0161\u00eddov\u00e9 aroma<\/strong><\/p>\n<p>T\u0159et\u00ed variantou je <strong>ara\u0161\u00eddov\u00e1 p\u0159\u00edchu\u0165 s profilem pra\u017een\u00fdch ara\u0161\u00edd\u016f s m\u00edrn\u011b slan\u00fdm n\u00e1dechem<\/strong>, kter\u00e1 je intenzivn\u011bj\u0161\u00ed a v\u00fdrazn\u011bj\u0161\u00ed. Lze ji pou\u017e\u00edt do snack\u016f, pe\u010diva a v\u00fdrobk\u016f such\u00e9ho charakteru. Zv\u00fdraz\u0148uje chu\u0165 ara\u0161\u00eddov\u00e9ho m\u00e1sla, proteinov\u00fdch ty\u010dinek, slan\u00fdch su\u0161enek a sendvi\u010dov\u00fdch pomaz\u00e1nek. Nositelem p\u0159\u00edchuti je <strong>glykol<\/strong>.    <\/p>\n<h2>Kosmetick\u00e9 pou\u017eit\u00ed<\/h2>\n<p>Ara\u0161\u00eddov\u00e1 aromata se dob\u0159e uplat\u0148uj\u00ed tak\u00e9 p\u0159i <strong>v\u00fdrob\u011b kosmetick\u00fdch p\u0159\u00edpravk\u016f,<\/strong> jako jsou balz\u00e1my na rty a t\u011blov\u00e1 m\u00e1sla pro p\u00e9\u010di o ple\u0165, kde sladk\u00fd kr\u00e9mov\u00fd n\u00e1dech m\u016f\u017ee zv\u00fd\u0161it smyslovou p\u0159ita\u017elivost.<\/p>\n","protected":false},"excerpt":{"rendered":"<p><strong>P\u0159\u00edchu\u0165 ara\u0161\u00edd\u016f<\/strong> je kompozice inspirovan\u00e1 charakteristickou v\u016fn\u00ed ara\u0161\u00edd\u016f. Je k dispozici v r\u016fzn\u00fdch variant\u00e1ch, od sladk\u00e9ho ara\u0161\u00eddov\u00e9ho m\u00e1sla a\u017e po pra\u017een\u00e9, lehce slan\u00e9 t\u00f3ny. <\/p>\n","protected":false},"featured_media":39167,"template":"","meta":{"_acf_changed":false},"product_brand":[],"product_cat":[7585],"product_tag":[],"class_list":{"0":"post-39332","1":"product","2":"type-product","3":"status-publish","4":"has-post-thumbnail","6":"product_cat-orechova-aroma","8":"first","9":"instock","10":"shipping-taxable","11":"product-type-simple"},"acf":[],"yoast_head":"<!-- This site is optimized with the Yoast SEO plugin v27.4 - https:\/\/yoast.com\/product\/yoast-seo-wordpress\/ -->\n<title>Ara\u0161\u00eddov\u00e9 aroma - Velkoobchodn\u00ed distributor<\/title>\n<meta name=\"description\" content=\"Ara\u0161\u00eddov\u00e9 aroma je jedine\u010dn\u00e1 aromatick\u00e1 kompozice inspirovan\u00e1 bohat\u00fdm a v\u00fdrazn\u00fdm chu\u0165ov\u00fdm profilem ara\u0161\u00edd\u016f.\" \/>\n<meta name=\"robots\" content=\"index, follow, max-snippet:-1, max-image-preview:large, max-video-preview:-1\" \/>\n<link rel=\"canonical\" href=\"https:\/\/naturalpoland.com\/cs\/produkty\/produkty-pro-potravinarsky-prumysl\/aroma\/orechova-aroma\/arasidove-aroma\/\" \/>\n<meta property=\"og:locale\" content=\"cs_CZ\" \/>\n<meta property=\"og:type\" content=\"article\" \/>\n<meta property=\"og:title\" content=\"Ara\u0161\u00eddov\u00e9 aroma - Velkoobchodn\u00ed distributor\" \/>\n<meta property=\"og:description\" content=\"Ara\u0161\u00eddov\u00e9 aroma je jedine\u010dn\u00e1 aromatick\u00e1 kompozice inspirovan\u00e1 bohat\u00fdm a v\u00fdrazn\u00fdm chu\u0165ov\u00fdm profilem ara\u0161\u00edd\u016f.\" \/>\n<meta property=\"og:url\" content=\"https:\/\/naturalpoland.com\/cs\/produkty\/produkty-pro-potravinarsky-prumysl\/aroma\/orechova-aroma\/arasidove-aroma\/\" \/>\n<meta property=\"og:site_name\" content=\"NATURAL POLAND - Velkoobchodn\u00ed distributor surovin\" \/>\n<meta property=\"article:publisher\" content=\"https:\/\/www.facebook.com\/naturalpoland.b2b\" \/>\n<meta property=\"article:modified_time\" content=\"2025-02-07T13:51:45+00:00\" \/>\n<meta property=\"og:image\" content=\"https:\/\/naturalpoland.com\/wp-content\/uploads\/aromat-arachidowy.webp\" \/>\n\t<meta property=\"og:image:width\" content=\"595\" \/>\n\t<meta property=\"og:image:height\" content=\"595\" \/>\n\t<meta property=\"og:image:type\" content=\"image\/webp\" \/>\n<script type=\"application\/ld+json\" class=\"yoast-schema-graph\">{\"@context\":\"https:\\\/\\\/schema.org\",\"@graph\":[{\"@type\":\"WebPage\",\"@id\":\"https:\\\/\\\/naturalpoland.com\\\/cs\\\/produkty\\\/produkty-pro-potravinarsky-prumysl\\\/aroma\\\/orechova-aroma\\\/arasidove-aroma\\\/\",\"url\":\"https:\\\/\\\/naturalpoland.com\\\/cs\\\/produkty\\\/produkty-pro-potravinarsky-prumysl\\\/aroma\\\/orechova-aroma\\\/arasidove-aroma\\\/\",\"name\":\"Ara\u0161\u00eddov\u00e9 aroma - Velkoobchodn\u00ed distributor\",\"isPartOf\":{\"@id\":\"https:\\\/\\\/naturalpoland.com\\\/cs\\\/#website\"},\"primaryImageOfPage\":{\"@id\":\"https:\\\/\\\/naturalpoland.com\\\/cs\\\/produkty\\\/produkty-pro-potravinarsky-prumysl\\\/aroma\\\/orechova-aroma\\\/arasidove-aroma\\\/#primaryimage\"},\"image\":{\"@id\":\"https:\\\/\\\/naturalpoland.com\\\/cs\\\/produkty\\\/produkty-pro-potravinarsky-prumysl\\\/aroma\\\/orechova-aroma\\\/arasidove-aroma\\\/#primaryimage\"},\"thumbnailUrl\":\"https:\\\/\\\/naturalpoland.com\\\/wp-content\\\/uploads\\\/aromat-arachidowy.webp\",\"datePublished\":\"2025-02-06T16:37:21+00:00\",\"dateModified\":\"2025-02-07T13:51:45+00:00\",\"description\":\"Ara\u0161\u00eddov\u00e9 aroma je jedine\u010dn\u00e1 aromatick\u00e1 kompozice inspirovan\u00e1 bohat\u00fdm a v\u00fdrazn\u00fdm chu\u0165ov\u00fdm profilem ara\u0161\u00edd\u016f.\",\"breadcrumb\":{\"@id\":\"https:\\\/\\\/naturalpoland.com\\\/cs\\\/produkty\\\/produkty-pro-potravinarsky-prumysl\\\/aroma\\\/orechova-aroma\\\/arasidove-aroma\\\/#breadcrumb\"},\"inLanguage\":\"cs\",\"potentialAction\":[{\"@type\":\"ReadAction\",\"target\":[\"https:\\\/\\\/naturalpoland.com\\\/cs\\\/produkty\\\/produkty-pro-potravinarsky-prumysl\\\/aroma\\\/orechova-aroma\\\/arasidove-aroma\\\/\"]}]},{\"@type\":\"ImageObject\",\"inLanguage\":\"cs\",\"@id\":\"https:\\\/\\\/naturalpoland.com\\\/cs\\\/produkty\\\/produkty-pro-potravinarsky-prumysl\\\/aroma\\\/orechova-aroma\\\/arasidove-aroma\\\/#primaryimage\",\"url\":\"https:\\\/\\\/naturalpoland.com\\\/wp-content\\\/uploads\\\/aromat-arachidowy.webp\",\"contentUrl\":\"https:\\\/\\\/naturalpoland.com\\\/wp-content\\\/uploads\\\/aromat-arachidowy.webp\",\"width\":595,\"height\":595,\"caption\":\"aromat arachidowy\"},{\"@type\":\"BreadcrumbList\",\"@id\":\"https:\\\/\\\/naturalpoland.com\\\/cs\\\/produkty\\\/produkty-pro-potravinarsky-prumysl\\\/aroma\\\/orechova-aroma\\\/arasidove-aroma\\\/#breadcrumb\",\"itemListElement\":[{\"@type\":\"ListItem\",\"position\":1,\"name\":\"Dom\u016f\",\"item\":\"https:\\\/\\\/naturalpoland.com\\\/cs\\\/\"},{\"@type\":\"ListItem\",\"position\":2,\"name\":\"Produkty\",\"item\":\"https:\\\/\\\/naturalpoland.com\\\/cs\\\/produkty\\\/\"},{\"@type\":\"ListItem\",\"position\":3,\"name\":\"Ara\u0161\u00eddov\u00e9 aroma\"}]},{\"@type\":\"WebSite\",\"@id\":\"https:\\\/\\\/naturalpoland.com\\\/cs\\\/#website\",\"url\":\"https:\\\/\\\/naturalpoland.com\\\/cs\\\/\",\"name\":\"NATURAL POLAND - Velkoobchodn\u00ed distributor surovin\",\"description\":\"Surowce dla przemys\u0142u spo\u017cywczego, kosmetycznego i farmaceutycznego\",\"publisher\":{\"@id\":\"https:\\\/\\\/naturalpoland.com\\\/cs\\\/#organization\"},\"potentialAction\":[{\"@type\":\"SearchAction\",\"target\":{\"@type\":\"EntryPoint\",\"urlTemplate\":\"https:\\\/\\\/naturalpoland.com\\\/cs\\\/?s={search_term_string}\"},\"query-input\":{\"@type\":\"PropertyValueSpecification\",\"valueRequired\":true,\"valueName\":\"search_term_string\"}}],\"inLanguage\":\"cs\"},{\"@type\":\"Organization\",\"@id\":\"https:\\\/\\\/naturalpoland.com\\\/cs\\\/#organization\",\"name\":\"Natural Poland\",\"url\":\"https:\\\/\\\/naturalpoland.com\\\/cs\\\/\",\"logo\":{\"@type\":\"ImageObject\",\"inLanguage\":\"cs\",\"@id\":\"https:\\\/\\\/naturalpoland.com\\\/cs\\\/#\\\/schema\\\/logo\\\/image\\\/\",\"url\":\"https:\\\/\\\/naturalpoland.com\\\/wp-content\\\/uploads\\\/2021\\\/05\\\/natural-poland-icon.png\",\"contentUrl\":\"https:\\\/\\\/naturalpoland.com\\\/wp-content\\\/uploads\\\/2021\\\/05\\\/natural-poland-icon.png\",\"width\":512,\"height\":512,\"caption\":\"Natural Poland\"},\"image\":{\"@id\":\"https:\\\/\\\/naturalpoland.com\\\/cs\\\/#\\\/schema\\\/logo\\\/image\\\/\"},\"sameAs\":[\"https:\\\/\\\/www.facebook.com\\\/naturalpoland.b2b\",\"https:\\\/\\\/pl.linkedin.com\\\/company\\\/natural-poland\",\"https:\\\/\\\/www.youtube.com\\\/channel\\\/UCgeGGkvOMahZo-xu_MSEWxg\"]}]}<\/script>\n<!-- \/ Yoast SEO plugin. -->","yoast_head_json":{"title":"Ara\u0161\u00eddov\u00e9 aroma - Velkoobchodn\u00ed distributor","description":"Ara\u0161\u00eddov\u00e9 aroma je jedine\u010dn\u00e1 aromatick\u00e1 kompozice inspirovan\u00e1 bohat\u00fdm a v\u00fdrazn\u00fdm chu\u0165ov\u00fdm profilem ara\u0161\u00edd\u016f.","robots":{"index":"index","follow":"follow","max-snippet":"max-snippet:-1","max-image-preview":"max-image-preview:large","max-video-preview":"max-video-preview:-1"},"canonical":"https:\/\/naturalpoland.com\/cs\/produkty\/produkty-pro-potravinarsky-prumysl\/aroma\/orechova-aroma\/arasidove-aroma\/","og_locale":"cs_CZ","og_type":"article","og_title":"Ara\u0161\u00eddov\u00e9 aroma - Velkoobchodn\u00ed distributor","og_description":"Ara\u0161\u00eddov\u00e9 aroma je jedine\u010dn\u00e1 aromatick\u00e1 kompozice inspirovan\u00e1 bohat\u00fdm a v\u00fdrazn\u00fdm chu\u0165ov\u00fdm profilem ara\u0161\u00edd\u016f.","og_url":"https:\/\/naturalpoland.com\/cs\/produkty\/produkty-pro-potravinarsky-prumysl\/aroma\/orechova-aroma\/arasidove-aroma\/","og_site_name":"NATURAL POLAND - Velkoobchodn\u00ed distributor surovin","article_publisher":"https:\/\/www.facebook.com\/naturalpoland.b2b","article_modified_time":"2025-02-07T13:51:45+00:00","og_image":[{"width":595,"height":595,"url":"https:\/\/naturalpoland.com\/wp-content\/uploads\/aromat-arachidowy.webp","type":"image\/webp"}],"schema":{"@context":"https:\/\/schema.org","@graph":[{"@type":"WebPage","@id":"https:\/\/naturalpoland.com\/cs\/produkty\/produkty-pro-potravinarsky-prumysl\/aroma\/orechova-aroma\/arasidove-aroma\/","url":"https:\/\/naturalpoland.com\/cs\/produkty\/produkty-pro-potravinarsky-prumysl\/aroma\/orechova-aroma\/arasidove-aroma\/","name":"Ara\u0161\u00eddov\u00e9 aroma - Velkoobchodn\u00ed distributor","isPartOf":{"@id":"https:\/\/naturalpoland.com\/cs\/#website"},"primaryImageOfPage":{"@id":"https:\/\/naturalpoland.com\/cs\/produkty\/produkty-pro-potravinarsky-prumysl\/aroma\/orechova-aroma\/arasidove-aroma\/#primaryimage"},"image":{"@id":"https:\/\/naturalpoland.com\/cs\/produkty\/produkty-pro-potravinarsky-prumysl\/aroma\/orechova-aroma\/arasidove-aroma\/#primaryimage"},"thumbnailUrl":"https:\/\/naturalpoland.com\/wp-content\/uploads\/aromat-arachidowy.webp","datePublished":"2025-02-06T16:37:21+00:00","dateModified":"2025-02-07T13:51:45+00:00","description":"Ara\u0161\u00eddov\u00e9 aroma je jedine\u010dn\u00e1 aromatick\u00e1 kompozice inspirovan\u00e1 bohat\u00fdm a v\u00fdrazn\u00fdm chu\u0165ov\u00fdm profilem ara\u0161\u00edd\u016f.","breadcrumb":{"@id":"https:\/\/naturalpoland.com\/cs\/produkty\/produkty-pro-potravinarsky-prumysl\/aroma\/orechova-aroma\/arasidove-aroma\/#breadcrumb"},"inLanguage":"cs","potentialAction":[{"@type":"ReadAction","target":["https:\/\/naturalpoland.com\/cs\/produkty\/produkty-pro-potravinarsky-prumysl\/aroma\/orechova-aroma\/arasidove-aroma\/"]}]},{"@type":"ImageObject","inLanguage":"cs","@id":"https:\/\/naturalpoland.com\/cs\/produkty\/produkty-pro-potravinarsky-prumysl\/aroma\/orechova-aroma\/arasidove-aroma\/#primaryimage","url":"https:\/\/naturalpoland.com\/wp-content\/uploads\/aromat-arachidowy.webp","contentUrl":"https:\/\/naturalpoland.com\/wp-content\/uploads\/aromat-arachidowy.webp","width":595,"height":595,"caption":"aromat arachidowy"},{"@type":"BreadcrumbList","@id":"https:\/\/naturalpoland.com\/cs\/produkty\/produkty-pro-potravinarsky-prumysl\/aroma\/orechova-aroma\/arasidove-aroma\/#breadcrumb","itemListElement":[{"@type":"ListItem","position":1,"name":"Dom\u016f","item":"https:\/\/naturalpoland.com\/cs\/"},{"@type":"ListItem","position":2,"name":"Produkty","item":"https:\/\/naturalpoland.com\/cs\/produkty\/"},{"@type":"ListItem","position":3,"name":"Ara\u0161\u00eddov\u00e9 aroma"}]},{"@type":"WebSite","@id":"https:\/\/naturalpoland.com\/cs\/#website","url":"https:\/\/naturalpoland.com\/cs\/","name":"NATURAL POLAND - Velkoobchodn\u00ed distributor surovin","description":"Surowce dla przemys\u0142u spo\u017cywczego, kosmetycznego i farmaceutycznego","publisher":{"@id":"https:\/\/naturalpoland.com\/cs\/#organization"},"potentialAction":[{"@type":"SearchAction","target":{"@type":"EntryPoint","urlTemplate":"https:\/\/naturalpoland.com\/cs\/?s={search_term_string}"},"query-input":{"@type":"PropertyValueSpecification","valueRequired":true,"valueName":"search_term_string"}}],"inLanguage":"cs"},{"@type":"Organization","@id":"https:\/\/naturalpoland.com\/cs\/#organization","name":"Natural Poland","url":"https:\/\/naturalpoland.com\/cs\/","logo":{"@type":"ImageObject","inLanguage":"cs","@id":"https:\/\/naturalpoland.com\/cs\/#\/schema\/logo\/image\/","url":"https:\/\/naturalpoland.com\/wp-content\/uploads\/2021\/05\/natural-poland-icon.png","contentUrl":"https:\/\/naturalpoland.com\/wp-content\/uploads\/2021\/05\/natural-poland-icon.png","width":512,"height":512,"caption":"Natural Poland"},"image":{"@id":"https:\/\/naturalpoland.com\/cs\/#\/schema\/logo\/image\/"},"sameAs":["https:\/\/www.facebook.com\/naturalpoland.b2b","https:\/\/pl.linkedin.com\/company\/natural-poland","https:\/\/www.youtube.com\/channel\/UCgeGGkvOMahZo-xu_MSEWxg"]}]}},"_links":{"self":[{"href":"https:\/\/naturalpoland.com\/cs\/wp-json\/wp\/v2\/product\/39332","targetHints":{"allow":["GET"]}}],"collection":[{"href":"https:\/\/naturalpoland.com\/cs\/wp-json\/wp\/v2\/product"}],"about":[{"href":"https:\/\/naturalpoland.com\/cs\/wp-json\/wp\/v2\/types\/product"}],"wp:featuredmedia":[{"embeddable":true,"href":"https:\/\/naturalpoland.com\/cs\/wp-json\/wp\/v2\/media\/39167"}],"wp:attachment":[{"href":"https:\/\/naturalpoland.com\/cs\/wp-json\/wp\/v2\/media?parent=39332"}],"wp:term":[{"taxonomy":"product_brand","embeddable":true,"href":"https:\/\/naturalpoland.com\/cs\/wp-json\/wp\/v2\/product_brand?post=39332"},{"taxonomy":"product_cat","embeddable":true,"href":"https:\/\/naturalpoland.com\/cs\/wp-json\/wp\/v2\/product_cat?post=39332"},{"taxonomy":"product_tag","embeddable":true,"href":"https:\/\/naturalpoland.com\/cs\/wp-json\/wp\/v2\/product_tag?post=39332"}],"curies":[{"name":"wp","href":"https:\/\/api.w.org\/{rel}","templated":true}]}}