{"id":39339,"date":"2025-02-07T11:58:25","date_gmt":"2025-02-07T10:58:25","guid":{"rendered":"https:\/\/naturalpoland.com\/produkty\/neza\u0159azen\u00e9\/chut-creme-brulee\/"},"modified":"2025-02-07T14:52:41","modified_gmt":"2025-02-07T13:52:41","slug":"chut-creme-brulee","status":"publish","type":"product","link":"https:\/\/naturalpoland.com\/cs\/produkty\/produkty-pro-potravinarsky-prumysl\/aroma\/dezertni-aroma\/chut-creme-brulee\/","title":{"rendered":"Chu\u0165 cr\u00e8me br\u00fbl\u00e9e"},"content":{"rendered":"<p><strong style=\"color: #555555; font-size: 14.4px;\">Aroma Cr\u00e8me br\u00fbl\u00e9e (v pr\u00e1\u0161ku)<\/strong><span style=\"color: #555555; font-size: 14.4px;\"> je ur\u010dena k pou\u017eit\u00ed v <\/span><strong style=\"color: #555555; font-size: 14.4px;\">such\u00e9 v\u00fdrobky<\/strong><span style=\"color: #555555; font-size: 14.4px;\">jako jsou dortov\u00e9 sm\u011bsi, pudinky, instantn\u00ed n\u00e1poje a dezerty v pr\u00e1\u0161ku. Ve v\u00fdrobku m\u016f\u017eete c\u00edtit   <\/span>kr\u00e9mov\u00e1 vanilka<span style=\"color: #555555; font-size: 14.4px;\">, karamel<\/span> a karamel. Slo\u017een\u00ed dod\u00e1v\u00e1 v\u00fdrobk\u016fm sladkou, obklopuj\u00edc\u00ed v\u016fni. <\/p>\n<p>P\u0159\u00edchu\u0165 cr\u00e8me br\u00fbl\u00e9e se \u010dasto pou\u017e\u00edv\u00e1 v n\u00e1sleduj\u00edc\u00edch v\u00fdrobc\u00edch:<\/p>\n<ul>\n<li>zmrzlina,<\/li>\n<li>tvarohov\u00e9 kol\u00e1\u010de,<\/li>\n<li>kr\u00e9my,<\/li>\n<li>ochucen\u00e9 k\u00e1vy,<\/li>\n<li>dezerty.<\/li>\n<\/ul>\n","protected":false},"excerpt":{"rendered":"<p><strong>P\u0159\u00edchu\u0165 Cr\u00e8me br\u00fbl\u00e9e<\/strong> v pr\u00e1\u0161ku je kompozice zachycuj\u00edc\u00ed podstatu tohoto klasick\u00e9ho francouzsk\u00e9ho dezertu. Aroma se vyzna\u010duje <strong>hlubokou vanilkovou sladkost\u00ed<\/strong>, kter\u00e1 se prol\u00edn\u00e1 s <strong>t\u00f3ny karamelizovan\u00e9ho cukru<\/strong>, spojen\u00fdmi s karamelem. Dob\u0159e se kombinuje s ml\u00e9\u010dn\u00fdmi a cukr\u00e1\u0159sk\u00fdmi v\u00fdrobky, u nich\u017e zd\u016fraz\u0148uje jejich kr\u00e9mov\u00fd charakter.  <\/p>\n","protected":false},"featured_media":39237,"template":"","meta":{"_acf_changed":false},"product_brand":[],"product_cat":[7583],"product_tag":[],"class_list":{"0":"post-39339","1":"product","2":"type-product","3":"status-publish","4":"has-post-thumbnail","6":"product_cat-dezertni-aroma","8":"first","9":"instock","10":"shipping-taxable","11":"product-type-simple"},"acf":[],"yoast_head":"<!-- This site is optimized with the Yoast SEO plugin v27.5 - https:\/\/yoast.com\/product\/yoast-seo-wordpress\/ -->\n<title>Chu\u0165 cr\u00e8me br\u00fbl\u00e9e - Velkoobchodn\u00ed distributor<\/title>\n<meta name=\"description\" content=\"P\u0159\u00edchu\u0165 cr\u00e8me br\u00fbl\u00e9e je vynikaj\u00edc\u00ed volbou pro v\u00fdrobce, kte\u0159\u00ed cht\u011bj\u00ed obohatit sv\u00e9 recepty o rafinovanou sladkost s lehce pra\u017een\u00fdm, karamelov\u00fdm z\u00e1v\u011brem.\" \/>\n<meta name=\"robots\" content=\"index, follow, max-snippet:-1, max-image-preview:large, max-video-preview:-1\" \/>\n<link rel=\"canonical\" href=\"https:\/\/naturalpoland.com\/cs\/produkty\/produkty-pro-potravinarsky-prumysl\/aroma\/dezertni-aroma\/chut-creme-brulee\/\" \/>\n<meta property=\"og:locale\" content=\"cs_CZ\" \/>\n<meta property=\"og:type\" content=\"article\" \/>\n<meta property=\"og:title\" content=\"Chu\u0165 cr\u00e8me br\u00fbl\u00e9e - Velkoobchodn\u00ed distributor\" \/>\n<meta property=\"og:description\" content=\"P\u0159\u00edchu\u0165 cr\u00e8me br\u00fbl\u00e9e je vynikaj\u00edc\u00ed volbou pro v\u00fdrobce, kte\u0159\u00ed cht\u011bj\u00ed obohatit sv\u00e9 recepty o rafinovanou sladkost s lehce pra\u017een\u00fdm, karamelov\u00fdm z\u00e1v\u011brem.\" \/>\n<meta property=\"og:url\" content=\"https:\/\/naturalpoland.com\/cs\/produkty\/produkty-pro-potravinarsky-prumysl\/aroma\/dezertni-aroma\/chut-creme-brulee\/\" \/>\n<meta property=\"og:site_name\" content=\"NATURAL POLAND - Velkoobchodn\u00ed distributor surovin\" \/>\n<meta property=\"article:publisher\" content=\"https:\/\/www.facebook.com\/naturalpoland.b2b\" \/>\n<meta property=\"article:modified_time\" content=\"2025-02-07T13:52:41+00:00\" \/>\n<meta property=\"og:image\" content=\"https:\/\/naturalpoland.com\/wp-content\/uploads\/aromat-creme-brulee.webp\" \/>\n\t<meta property=\"og:image:width\" content=\"597\" \/>\n\t<meta property=\"og:image:height\" content=\"597\" \/>\n\t<meta property=\"og:image:type\" content=\"image\/webp\" \/>\n<script type=\"application\/ld+json\" class=\"yoast-schema-graph\">{\"@context\":\"https:\\\/\\\/schema.org\",\"@graph\":[{\"@type\":\"WebPage\",\"@id\":\"https:\\\/\\\/naturalpoland.com\\\/cs\\\/produkty\\\/produkty-pro-potravinarsky-prumysl\\\/aroma\\\/dezertni-aroma\\\/chut-creme-brulee\\\/\",\"url\":\"https:\\\/\\\/naturalpoland.com\\\/cs\\\/produkty\\\/produkty-pro-potravinarsky-prumysl\\\/aroma\\\/dezertni-aroma\\\/chut-creme-brulee\\\/\",\"name\":\"Chu\u0165 cr\u00e8me br\u00fbl\u00e9e - Velkoobchodn\u00ed distributor\",\"isPartOf\":{\"@id\":\"https:\\\/\\\/naturalpoland.com\\\/cs\\\/#website\"},\"primaryImageOfPage\":{\"@id\":\"https:\\\/\\\/naturalpoland.com\\\/cs\\\/produkty\\\/produkty-pro-potravinarsky-prumysl\\\/aroma\\\/dezertni-aroma\\\/chut-creme-brulee\\\/#primaryimage\"},\"image\":{\"@id\":\"https:\\\/\\\/naturalpoland.com\\\/cs\\\/produkty\\\/produkty-pro-potravinarsky-prumysl\\\/aroma\\\/dezertni-aroma\\\/chut-creme-brulee\\\/#primaryimage\"},\"thumbnailUrl\":\"https:\\\/\\\/naturalpoland.com\\\/wp-content\\\/uploads\\\/aromat-creme-brulee.webp\",\"datePublished\":\"2025-02-07T10:58:25+00:00\",\"dateModified\":\"2025-02-07T13:52:41+00:00\",\"description\":\"P\u0159\u00edchu\u0165 cr\u00e8me br\u00fbl\u00e9e je vynikaj\u00edc\u00ed volbou pro v\u00fdrobce, kte\u0159\u00ed cht\u011bj\u00ed obohatit sv\u00e9 recepty o rafinovanou sladkost s lehce pra\u017een\u00fdm, karamelov\u00fdm z\u00e1v\u011brem.\",\"breadcrumb\":{\"@id\":\"https:\\\/\\\/naturalpoland.com\\\/cs\\\/produkty\\\/produkty-pro-potravinarsky-prumysl\\\/aroma\\\/dezertni-aroma\\\/chut-creme-brulee\\\/#breadcrumb\"},\"inLanguage\":\"cs\",\"potentialAction\":[{\"@type\":\"ReadAction\",\"target\":[\"https:\\\/\\\/naturalpoland.com\\\/cs\\\/produkty\\\/produkty-pro-potravinarsky-prumysl\\\/aroma\\\/dezertni-aroma\\\/chut-creme-brulee\\\/\"]}]},{\"@type\":\"ImageObject\",\"inLanguage\":\"cs\",\"@id\":\"https:\\\/\\\/naturalpoland.com\\\/cs\\\/produkty\\\/produkty-pro-potravinarsky-prumysl\\\/aroma\\\/dezertni-aroma\\\/chut-creme-brulee\\\/#primaryimage\",\"url\":\"https:\\\/\\\/naturalpoland.com\\\/wp-content\\\/uploads\\\/aromat-creme-brulee.webp\",\"contentUrl\":\"https:\\\/\\\/naturalpoland.com\\\/wp-content\\\/uploads\\\/aromat-creme-brulee.webp\",\"width\":597,\"height\":597,\"caption\":\"aromat creme brulee w proszku\"},{\"@type\":\"BreadcrumbList\",\"@id\":\"https:\\\/\\\/naturalpoland.com\\\/cs\\\/produkty\\\/produkty-pro-potravinarsky-prumysl\\\/aroma\\\/dezertni-aroma\\\/chut-creme-brulee\\\/#breadcrumb\",\"itemListElement\":[{\"@type\":\"ListItem\",\"position\":1,\"name\":\"Dom\u016f\",\"item\":\"https:\\\/\\\/naturalpoland.com\\\/cs\\\/\"},{\"@type\":\"ListItem\",\"position\":2,\"name\":\"Produkty\",\"item\":\"https:\\\/\\\/naturalpoland.com\\\/cs\\\/produkty\\\/\"},{\"@type\":\"ListItem\",\"position\":3,\"name\":\"Chu\u0165 cr\u00e8me br\u00fbl\u00e9e\"}]},{\"@type\":\"WebSite\",\"@id\":\"https:\\\/\\\/naturalpoland.com\\\/cs\\\/#website\",\"url\":\"https:\\\/\\\/naturalpoland.com\\\/cs\\\/\",\"name\":\"NATURAL POLAND - Velkoobchodn\u00ed distributor surovin\",\"description\":\"Surowce dla przemys\u0142u spo\u017cywczego, kosmetycznego i farmaceutycznego\",\"publisher\":{\"@id\":\"https:\\\/\\\/naturalpoland.com\\\/cs\\\/#organization\"},\"potentialAction\":[{\"@type\":\"SearchAction\",\"target\":{\"@type\":\"EntryPoint\",\"urlTemplate\":\"https:\\\/\\\/naturalpoland.com\\\/cs\\\/?s={search_term_string}\"},\"query-input\":{\"@type\":\"PropertyValueSpecification\",\"valueRequired\":true,\"valueName\":\"search_term_string\"}}],\"inLanguage\":\"cs\"},{\"@type\":\"Organization\",\"@id\":\"https:\\\/\\\/naturalpoland.com\\\/cs\\\/#organization\",\"name\":\"Natural Poland\",\"url\":\"https:\\\/\\\/naturalpoland.com\\\/cs\\\/\",\"logo\":{\"@type\":\"ImageObject\",\"inLanguage\":\"cs\",\"@id\":\"https:\\\/\\\/naturalpoland.com\\\/cs\\\/#\\\/schema\\\/logo\\\/image\\\/\",\"url\":\"https:\\\/\\\/naturalpoland.com\\\/wp-content\\\/uploads\\\/2021\\\/05\\\/natural-poland-icon.png\",\"contentUrl\":\"https:\\\/\\\/naturalpoland.com\\\/wp-content\\\/uploads\\\/2021\\\/05\\\/natural-poland-icon.png\",\"width\":512,\"height\":512,\"caption\":\"Natural Poland\"},\"image\":{\"@id\":\"https:\\\/\\\/naturalpoland.com\\\/cs\\\/#\\\/schema\\\/logo\\\/image\\\/\"},\"sameAs\":[\"https:\\\/\\\/www.facebook.com\\\/naturalpoland.b2b\",\"https:\\\/\\\/pl.linkedin.com\\\/company\\\/natural-poland\",\"https:\\\/\\\/www.youtube.com\\\/channel\\\/UCgeGGkvOMahZo-xu_MSEWxg\"]}]}<\/script>\n<!-- \/ Yoast SEO plugin. -->","yoast_head_json":{"title":"Chu\u0165 cr\u00e8me br\u00fbl\u00e9e - Velkoobchodn\u00ed distributor","description":"P\u0159\u00edchu\u0165 cr\u00e8me br\u00fbl\u00e9e je vynikaj\u00edc\u00ed volbou pro v\u00fdrobce, kte\u0159\u00ed cht\u011bj\u00ed obohatit sv\u00e9 recepty o rafinovanou sladkost s lehce pra\u017een\u00fdm, karamelov\u00fdm z\u00e1v\u011brem.","robots":{"index":"index","follow":"follow","max-snippet":"max-snippet:-1","max-image-preview":"max-image-preview:large","max-video-preview":"max-video-preview:-1"},"canonical":"https:\/\/naturalpoland.com\/cs\/produkty\/produkty-pro-potravinarsky-prumysl\/aroma\/dezertni-aroma\/chut-creme-brulee\/","og_locale":"cs_CZ","og_type":"article","og_title":"Chu\u0165 cr\u00e8me br\u00fbl\u00e9e - Velkoobchodn\u00ed distributor","og_description":"P\u0159\u00edchu\u0165 cr\u00e8me br\u00fbl\u00e9e je vynikaj\u00edc\u00ed volbou pro v\u00fdrobce, kte\u0159\u00ed cht\u011bj\u00ed obohatit sv\u00e9 recepty o rafinovanou sladkost s lehce pra\u017een\u00fdm, karamelov\u00fdm z\u00e1v\u011brem.","og_url":"https:\/\/naturalpoland.com\/cs\/produkty\/produkty-pro-potravinarsky-prumysl\/aroma\/dezertni-aroma\/chut-creme-brulee\/","og_site_name":"NATURAL POLAND - Velkoobchodn\u00ed distributor surovin","article_publisher":"https:\/\/www.facebook.com\/naturalpoland.b2b","article_modified_time":"2025-02-07T13:52:41+00:00","og_image":[{"width":597,"height":597,"url":"https:\/\/naturalpoland.com\/wp-content\/uploads\/aromat-creme-brulee.webp","type":"image\/webp"}],"schema":{"@context":"https:\/\/schema.org","@graph":[{"@type":"WebPage","@id":"https:\/\/naturalpoland.com\/cs\/produkty\/produkty-pro-potravinarsky-prumysl\/aroma\/dezertni-aroma\/chut-creme-brulee\/","url":"https:\/\/naturalpoland.com\/cs\/produkty\/produkty-pro-potravinarsky-prumysl\/aroma\/dezertni-aroma\/chut-creme-brulee\/","name":"Chu\u0165 cr\u00e8me br\u00fbl\u00e9e - Velkoobchodn\u00ed distributor","isPartOf":{"@id":"https:\/\/naturalpoland.com\/cs\/#website"},"primaryImageOfPage":{"@id":"https:\/\/naturalpoland.com\/cs\/produkty\/produkty-pro-potravinarsky-prumysl\/aroma\/dezertni-aroma\/chut-creme-brulee\/#primaryimage"},"image":{"@id":"https:\/\/naturalpoland.com\/cs\/produkty\/produkty-pro-potravinarsky-prumysl\/aroma\/dezertni-aroma\/chut-creme-brulee\/#primaryimage"},"thumbnailUrl":"https:\/\/naturalpoland.com\/wp-content\/uploads\/aromat-creme-brulee.webp","datePublished":"2025-02-07T10:58:25+00:00","dateModified":"2025-02-07T13:52:41+00:00","description":"P\u0159\u00edchu\u0165 cr\u00e8me br\u00fbl\u00e9e je vynikaj\u00edc\u00ed volbou pro v\u00fdrobce, kte\u0159\u00ed cht\u011bj\u00ed obohatit sv\u00e9 recepty o rafinovanou sladkost s lehce pra\u017een\u00fdm, karamelov\u00fdm z\u00e1v\u011brem.","breadcrumb":{"@id":"https:\/\/naturalpoland.com\/cs\/produkty\/produkty-pro-potravinarsky-prumysl\/aroma\/dezertni-aroma\/chut-creme-brulee\/#breadcrumb"},"inLanguage":"cs","potentialAction":[{"@type":"ReadAction","target":["https:\/\/naturalpoland.com\/cs\/produkty\/produkty-pro-potravinarsky-prumysl\/aroma\/dezertni-aroma\/chut-creme-brulee\/"]}]},{"@type":"ImageObject","inLanguage":"cs","@id":"https:\/\/naturalpoland.com\/cs\/produkty\/produkty-pro-potravinarsky-prumysl\/aroma\/dezertni-aroma\/chut-creme-brulee\/#primaryimage","url":"https:\/\/naturalpoland.com\/wp-content\/uploads\/aromat-creme-brulee.webp","contentUrl":"https:\/\/naturalpoland.com\/wp-content\/uploads\/aromat-creme-brulee.webp","width":597,"height":597,"caption":"aromat creme brulee w proszku"},{"@type":"BreadcrumbList","@id":"https:\/\/naturalpoland.com\/cs\/produkty\/produkty-pro-potravinarsky-prumysl\/aroma\/dezertni-aroma\/chut-creme-brulee\/#breadcrumb","itemListElement":[{"@type":"ListItem","position":1,"name":"Dom\u016f","item":"https:\/\/naturalpoland.com\/cs\/"},{"@type":"ListItem","position":2,"name":"Produkty","item":"https:\/\/naturalpoland.com\/cs\/produkty\/"},{"@type":"ListItem","position":3,"name":"Chu\u0165 cr\u00e8me br\u00fbl\u00e9e"}]},{"@type":"WebSite","@id":"https:\/\/naturalpoland.com\/cs\/#website","url":"https:\/\/naturalpoland.com\/cs\/","name":"NATURAL POLAND - Velkoobchodn\u00ed distributor surovin","description":"Surowce dla przemys\u0142u spo\u017cywczego, kosmetycznego i farmaceutycznego","publisher":{"@id":"https:\/\/naturalpoland.com\/cs\/#organization"},"potentialAction":[{"@type":"SearchAction","target":{"@type":"EntryPoint","urlTemplate":"https:\/\/naturalpoland.com\/cs\/?s={search_term_string}"},"query-input":{"@type":"PropertyValueSpecification","valueRequired":true,"valueName":"search_term_string"}}],"inLanguage":"cs"},{"@type":"Organization","@id":"https:\/\/naturalpoland.com\/cs\/#organization","name":"Natural Poland","url":"https:\/\/naturalpoland.com\/cs\/","logo":{"@type":"ImageObject","inLanguage":"cs","@id":"https:\/\/naturalpoland.com\/cs\/#\/schema\/logo\/image\/","url":"https:\/\/naturalpoland.com\/wp-content\/uploads\/2021\/05\/natural-poland-icon.png","contentUrl":"https:\/\/naturalpoland.com\/wp-content\/uploads\/2021\/05\/natural-poland-icon.png","width":512,"height":512,"caption":"Natural Poland"},"image":{"@id":"https:\/\/naturalpoland.com\/cs\/#\/schema\/logo\/image\/"},"sameAs":["https:\/\/www.facebook.com\/naturalpoland.b2b","https:\/\/pl.linkedin.com\/company\/natural-poland","https:\/\/www.youtube.com\/channel\/UCgeGGkvOMahZo-xu_MSEWxg"]}]}},"_links":{"self":[{"href":"https:\/\/naturalpoland.com\/cs\/wp-json\/wp\/v2\/product\/39339","targetHints":{"allow":["GET"]}}],"collection":[{"href":"https:\/\/naturalpoland.com\/cs\/wp-json\/wp\/v2\/product"}],"about":[{"href":"https:\/\/naturalpoland.com\/cs\/wp-json\/wp\/v2\/types\/product"}],"wp:featuredmedia":[{"embeddable":true,"href":"https:\/\/naturalpoland.com\/cs\/wp-json\/wp\/v2\/media\/39237"}],"wp:attachment":[{"href":"https:\/\/naturalpoland.com\/cs\/wp-json\/wp\/v2\/media?parent=39339"}],"wp:term":[{"taxonomy":"product_brand","embeddable":true,"href":"https:\/\/naturalpoland.com\/cs\/wp-json\/wp\/v2\/product_brand?post=39339"},{"taxonomy":"product_cat","embeddable":true,"href":"https:\/\/naturalpoland.com\/cs\/wp-json\/wp\/v2\/product_cat?post=39339"},{"taxonomy":"product_tag","embeddable":true,"href":"https:\/\/naturalpoland.com\/cs\/wp-json\/wp\/v2\/product_tag?post=39339"}],"curies":[{"name":"wp","href":"https:\/\/api.w.org\/{rel}","templated":true}]}}