{"id":39344,"date":"2025-02-06T18:11:05","date_gmt":"2025-02-07T13:52:58","guid":{"rendered":"https:\/\/naturalpoland.com\/produkty\/neza\u0159azen\u00e9\/prichut-coly\/"},"modified":"2025-02-07T14:52:58","modified_gmt":"2025-02-07T13:52:58","slug":"prichut-coly","status":"publish","type":"product","link":"https:\/\/naturalpoland.com\/cs\/produkty\/produkty-pro-potravinarsky-prumysl\/aroma\/jina-aroma\/prichut-coly\/","title":{"rendered":"P\u0159\u00edchu\u0165 coly"},"content":{"rendered":"<h2>Varianty p\u0159\u00edchut\u00ed coly:<\/h2>\n<ol>\n<li><strong>P\u0159\u00edchu\u0165 NATURAL COLI (v pr\u00e1\u0161ku<\/strong> ) ur\u010den\u00e1 v\u00fdrobc\u016fm, kte\u0159\u00ed hledaj\u00ed <strong>p\u0159\u00edrodn\u00ed p\u0159\u00edchu\u0165 v sypk\u00e9m proveden\u00ed<\/strong>. Vyzna\u010duje se <strong>sv\u011b\u017e\u00edm limetkov\u00fdm t\u00f3nem<\/strong>, jemn\u011b zabalen\u00fdm do <strong>ko\u0159en\u011bn\u00fdch akcent\u016f<\/strong>. Doporu\u010duje se pro n\u00e1poje, dopl\u0148ky stravy, ochucen\u00e9 cukry a instantn\u00ed v\u00fdrobky.  <\/li>\n<li><strong>P\u0159\u00edchu\u0165 COLI CANDY (tekut\u00e1<\/strong> ) s vyv\u00e1\u017een\u00fdm obsahem citrusov\u00fdch a sko\u0159icov\u00fdch t\u00f3n\u016f, p\u0159izp\u016fsoben\u00e1 pro pou\u017eit\u00ed p\u0159i v\u00fdrob\u011b bonbon\u016f, \u017ev\u00fdka\u010dek a dal\u0161\u00edch cukrovinek. M\u00e1 <strong>nosi\u010d na b\u00e1zi triacetinu<\/strong> a velmi dob\u0159e se m\u00eds\u00ed s tuky a cukr\u00e1\u0159sk\u00fdmi pastami. <\/li>\n<li><strong>P\u0159\u00edchu\u0165 COLI (v pr\u00e1\u0161ku<\/strong> ) je sypk\u00e1 verze p\u0159\u00edchuti s <strong>vyv\u00e1\u017een\u00fdm slo\u017een\u00edm citrus\u016f a ko\u0159en\u00ed<\/strong>, ur\u010den\u00e1 k ochucov\u00e1n\u00ed instantn\u00edch n\u00e1poj\u016f, \u010daj\u016f, \u017eel\u00e9 nebo farmaceutick\u00fdch p\u0159\u00edpravk\u016f, u nich\u017e je d\u016fle\u017eit\u00e1 stabilita a snadn\u00e1 aplikace.<\/li>\n<\/ol>\n","protected":false},"excerpt":{"rendered":"<p><strong>Cola Aroma<\/strong> je vonn\u00e1 kompozice inspirovan\u00e1 ikonick\u00fdm \u0161umiv\u00fdm n\u00e1pojem. Jej\u00ed aromatick\u00fd profil kombinuje <strong>citrusovou sv\u011b\u017eest s hlubok\u00fdmi ko\u0159en\u011bn\u00fdmi t\u00f3ny<\/strong>. Surovinu lze v z\u00e1vislosti na variant\u011b pou\u017e\u00edt ve v\u00fdrobc\u00edch vy\u017eaduj\u00edc\u00edch tepelnou odolnost nebo v jemn\u011bj\u0161\u00edch formulac\u00edch.  <\/p>\n","protected":false},"featured_media":39193,"template":"","meta":{"_acf_changed":false},"product_brand":[],"product_cat":[7588],"product_tag":[],"class_list":{"0":"post-39344","1":"product","2":"type-product","3":"status-publish","4":"has-post-thumbnail","6":"product_cat-jina-aroma","8":"first","9":"instock","10":"shipping-taxable","11":"product-type-simple"},"acf":[],"yoast_head":"<!-- This site is optimized with the Yoast SEO plugin v27.6 - https:\/\/yoast.com\/product\/yoast-seo-wordpress\/ -->\n<title>P\u0159\u00edchu\u0165 coly - Velkoobchodn\u00ed distributor<\/title>\n<meta name=\"description\" content=\"Cola Aroma je jedine\u010dn\u00e1 vonn\u00e1 kompozice inspirovan\u00e1 ikonick\u00fdm \u0161umiv\u00fdm n\u00e1pojem, kter\u00e1 kombinuje citrusovou sv\u011b\u017eest s hlubok\u00fdmi ko\u0159en\u011bn\u00fdmi t\u00f3ny.\" \/>\n<meta name=\"robots\" content=\"index, follow, max-snippet:-1, max-image-preview:large, max-video-preview:-1\" \/>\n<link rel=\"canonical\" href=\"https:\/\/naturalpoland.com\/cs\/produkty\/produkty-pro-potravinarsky-prumysl\/aroma\/jina-aroma\/prichut-coly\/\" \/>\n<meta property=\"og:locale\" content=\"cs_CZ\" \/>\n<meta property=\"og:type\" content=\"article\" \/>\n<meta property=\"og:title\" content=\"P\u0159\u00edchu\u0165 coly - Velkoobchodn\u00ed distributor\" \/>\n<meta property=\"og:description\" content=\"Cola Aroma je jedine\u010dn\u00e1 vonn\u00e1 kompozice inspirovan\u00e1 ikonick\u00fdm \u0161umiv\u00fdm n\u00e1pojem, kter\u00e1 kombinuje citrusovou sv\u011b\u017eest s hlubok\u00fdmi ko\u0159en\u011bn\u00fdmi t\u00f3ny.\" \/>\n<meta property=\"og:url\" content=\"https:\/\/naturalpoland.com\/cs\/produkty\/produkty-pro-potravinarsky-prumysl\/aroma\/jina-aroma\/prichut-coly\/\" \/>\n<meta property=\"og:site_name\" content=\"NATURAL POLAND - Velkoobchodn\u00ed distributor surovin\" \/>\n<meta property=\"article:publisher\" content=\"https:\/\/www.facebook.com\/naturalpoland.b2b\" \/>\n<meta property=\"og:image\" content=\"https:\/\/naturalpoland.com\/wp-content\/uploads\/aromat-coli.webp\" \/>\n\t<meta property=\"og:image:width\" content=\"595\" \/>\n\t<meta property=\"og:image:height\" content=\"595\" \/>\n\t<meta property=\"og:image:type\" content=\"image\/webp\" \/>\n<script type=\"application\/ld+json\" class=\"yoast-schema-graph\">{\"@context\":\"https:\\\/\\\/schema.org\",\"@graph\":[{\"@type\":\"WebPage\",\"@id\":\"https:\\\/\\\/naturalpoland.com\\\/cs\\\/produkty\\\/produkty-pro-potravinarsky-prumysl\\\/aroma\\\/jina-aroma\\\/prichut-coly\\\/\",\"url\":\"https:\\\/\\\/naturalpoland.com\\\/cs\\\/produkty\\\/produkty-pro-potravinarsky-prumysl\\\/aroma\\\/jina-aroma\\\/prichut-coly\\\/\",\"name\":\"P\u0159\u00edchu\u0165 coly - Velkoobchodn\u00ed distributor\",\"isPartOf\":{\"@id\":\"https:\\\/\\\/naturalpoland.com\\\/cs\\\/#website\"},\"primaryImageOfPage\":{\"@id\":\"https:\\\/\\\/naturalpoland.com\\\/cs\\\/produkty\\\/produkty-pro-potravinarsky-prumysl\\\/aroma\\\/jina-aroma\\\/prichut-coly\\\/#primaryimage\"},\"image\":{\"@id\":\"https:\\\/\\\/naturalpoland.com\\\/cs\\\/produkty\\\/produkty-pro-potravinarsky-prumysl\\\/aroma\\\/jina-aroma\\\/prichut-coly\\\/#primaryimage\"},\"thumbnailUrl\":\"https:\\\/\\\/naturalpoland.com\\\/wp-content\\\/uploads\\\/aromat-coli.webp\",\"datePublished\":\"2025-02-07T13:52:58+00:00\",\"description\":\"Cola Aroma je jedine\u010dn\u00e1 vonn\u00e1 kompozice inspirovan\u00e1 ikonick\u00fdm \u0161umiv\u00fdm n\u00e1pojem, kter\u00e1 kombinuje citrusovou sv\u011b\u017eest s hlubok\u00fdmi ko\u0159en\u011bn\u00fdmi t\u00f3ny.\",\"breadcrumb\":{\"@id\":\"https:\\\/\\\/naturalpoland.com\\\/cs\\\/produkty\\\/produkty-pro-potravinarsky-prumysl\\\/aroma\\\/jina-aroma\\\/prichut-coly\\\/#breadcrumb\"},\"inLanguage\":\"cs\",\"potentialAction\":[{\"@type\":\"ReadAction\",\"target\":[\"https:\\\/\\\/naturalpoland.com\\\/cs\\\/produkty\\\/produkty-pro-potravinarsky-prumysl\\\/aroma\\\/jina-aroma\\\/prichut-coly\\\/\"]}]},{\"@type\":\"ImageObject\",\"inLanguage\":\"cs\",\"@id\":\"https:\\\/\\\/naturalpoland.com\\\/cs\\\/produkty\\\/produkty-pro-potravinarsky-prumysl\\\/aroma\\\/jina-aroma\\\/prichut-coly\\\/#primaryimage\",\"url\":\"https:\\\/\\\/naturalpoland.com\\\/wp-content\\\/uploads\\\/aromat-coli.webp\",\"contentUrl\":\"https:\\\/\\\/naturalpoland.com\\\/wp-content\\\/uploads\\\/aromat-coli.webp\",\"width\":595,\"height\":595,\"caption\":\"aromat coli\"},{\"@type\":\"BreadcrumbList\",\"@id\":\"https:\\\/\\\/naturalpoland.com\\\/cs\\\/produkty\\\/produkty-pro-potravinarsky-prumysl\\\/aroma\\\/jina-aroma\\\/prichut-coly\\\/#breadcrumb\",\"itemListElement\":[{\"@type\":\"ListItem\",\"position\":1,\"name\":\"Dom\u016f\",\"item\":\"https:\\\/\\\/naturalpoland.com\\\/cs\\\/\"},{\"@type\":\"ListItem\",\"position\":2,\"name\":\"Produkty\",\"item\":\"https:\\\/\\\/naturalpoland.com\\\/cs\\\/produkty\\\/\"},{\"@type\":\"ListItem\",\"position\":3,\"name\":\"P\u0159\u00edchu\u0165 coly\"}]},{\"@type\":\"WebSite\",\"@id\":\"https:\\\/\\\/naturalpoland.com\\\/cs\\\/#website\",\"url\":\"https:\\\/\\\/naturalpoland.com\\\/cs\\\/\",\"name\":\"NATURAL POLAND - Velkoobchodn\u00ed distributor surovin\",\"description\":\"Surowce dla przemys\u0142u spo\u017cywczego, kosmetycznego i farmaceutycznego\",\"publisher\":{\"@id\":\"https:\\\/\\\/naturalpoland.com\\\/cs\\\/#organization\"},\"potentialAction\":[{\"@type\":\"SearchAction\",\"target\":{\"@type\":\"EntryPoint\",\"urlTemplate\":\"https:\\\/\\\/naturalpoland.com\\\/cs\\\/?s={search_term_string}\"},\"query-input\":{\"@type\":\"PropertyValueSpecification\",\"valueRequired\":true,\"valueName\":\"search_term_string\"}}],\"inLanguage\":\"cs\"},{\"@type\":\"Organization\",\"@id\":\"https:\\\/\\\/naturalpoland.com\\\/cs\\\/#organization\",\"name\":\"Natural Poland\",\"url\":\"https:\\\/\\\/naturalpoland.com\\\/cs\\\/\",\"logo\":{\"@type\":\"ImageObject\",\"inLanguage\":\"cs\",\"@id\":\"https:\\\/\\\/naturalpoland.com\\\/cs\\\/#\\\/schema\\\/logo\\\/image\\\/\",\"url\":\"https:\\\/\\\/naturalpoland.com\\\/wp-content\\\/uploads\\\/2021\\\/05\\\/natural-poland-icon.png\",\"contentUrl\":\"https:\\\/\\\/naturalpoland.com\\\/wp-content\\\/uploads\\\/2021\\\/05\\\/natural-poland-icon.png\",\"width\":512,\"height\":512,\"caption\":\"Natural Poland\"},\"image\":{\"@id\":\"https:\\\/\\\/naturalpoland.com\\\/cs\\\/#\\\/schema\\\/logo\\\/image\\\/\"},\"sameAs\":[\"https:\\\/\\\/www.facebook.com\\\/naturalpoland.b2b\",\"https:\\\/\\\/pl.linkedin.com\\\/company\\\/natural-poland\",\"https:\\\/\\\/www.youtube.com\\\/channel\\\/UCgeGGkvOMahZo-xu_MSEWxg\"]}]}<\/script>\n<!-- \/ Yoast SEO plugin. -->","yoast_head_json":{"title":"P\u0159\u00edchu\u0165 coly - Velkoobchodn\u00ed distributor","description":"Cola Aroma je jedine\u010dn\u00e1 vonn\u00e1 kompozice inspirovan\u00e1 ikonick\u00fdm \u0161umiv\u00fdm n\u00e1pojem, kter\u00e1 kombinuje citrusovou sv\u011b\u017eest s hlubok\u00fdmi ko\u0159en\u011bn\u00fdmi t\u00f3ny.","robots":{"index":"index","follow":"follow","max-snippet":"max-snippet:-1","max-image-preview":"max-image-preview:large","max-video-preview":"max-video-preview:-1"},"canonical":"https:\/\/naturalpoland.com\/cs\/produkty\/produkty-pro-potravinarsky-prumysl\/aroma\/jina-aroma\/prichut-coly\/","og_locale":"cs_CZ","og_type":"article","og_title":"P\u0159\u00edchu\u0165 coly - Velkoobchodn\u00ed distributor","og_description":"Cola Aroma je jedine\u010dn\u00e1 vonn\u00e1 kompozice inspirovan\u00e1 ikonick\u00fdm \u0161umiv\u00fdm n\u00e1pojem, kter\u00e1 kombinuje citrusovou sv\u011b\u017eest s hlubok\u00fdmi ko\u0159en\u011bn\u00fdmi t\u00f3ny.","og_url":"https:\/\/naturalpoland.com\/cs\/produkty\/produkty-pro-potravinarsky-prumysl\/aroma\/jina-aroma\/prichut-coly\/","og_site_name":"NATURAL POLAND - Velkoobchodn\u00ed distributor surovin","article_publisher":"https:\/\/www.facebook.com\/naturalpoland.b2b","og_image":[{"width":595,"height":595,"url":"https:\/\/naturalpoland.com\/wp-content\/uploads\/aromat-coli.webp","type":"image\/webp"}],"schema":{"@context":"https:\/\/schema.org","@graph":[{"@type":"WebPage","@id":"https:\/\/naturalpoland.com\/cs\/produkty\/produkty-pro-potravinarsky-prumysl\/aroma\/jina-aroma\/prichut-coly\/","url":"https:\/\/naturalpoland.com\/cs\/produkty\/produkty-pro-potravinarsky-prumysl\/aroma\/jina-aroma\/prichut-coly\/","name":"P\u0159\u00edchu\u0165 coly - Velkoobchodn\u00ed distributor","isPartOf":{"@id":"https:\/\/naturalpoland.com\/cs\/#website"},"primaryImageOfPage":{"@id":"https:\/\/naturalpoland.com\/cs\/produkty\/produkty-pro-potravinarsky-prumysl\/aroma\/jina-aroma\/prichut-coly\/#primaryimage"},"image":{"@id":"https:\/\/naturalpoland.com\/cs\/produkty\/produkty-pro-potravinarsky-prumysl\/aroma\/jina-aroma\/prichut-coly\/#primaryimage"},"thumbnailUrl":"https:\/\/naturalpoland.com\/wp-content\/uploads\/aromat-coli.webp","datePublished":"2025-02-07T13:52:58+00:00","description":"Cola Aroma je jedine\u010dn\u00e1 vonn\u00e1 kompozice inspirovan\u00e1 ikonick\u00fdm \u0161umiv\u00fdm n\u00e1pojem, kter\u00e1 kombinuje citrusovou sv\u011b\u017eest s hlubok\u00fdmi ko\u0159en\u011bn\u00fdmi t\u00f3ny.","breadcrumb":{"@id":"https:\/\/naturalpoland.com\/cs\/produkty\/produkty-pro-potravinarsky-prumysl\/aroma\/jina-aroma\/prichut-coly\/#breadcrumb"},"inLanguage":"cs","potentialAction":[{"@type":"ReadAction","target":["https:\/\/naturalpoland.com\/cs\/produkty\/produkty-pro-potravinarsky-prumysl\/aroma\/jina-aroma\/prichut-coly\/"]}]},{"@type":"ImageObject","inLanguage":"cs","@id":"https:\/\/naturalpoland.com\/cs\/produkty\/produkty-pro-potravinarsky-prumysl\/aroma\/jina-aroma\/prichut-coly\/#primaryimage","url":"https:\/\/naturalpoland.com\/wp-content\/uploads\/aromat-coli.webp","contentUrl":"https:\/\/naturalpoland.com\/wp-content\/uploads\/aromat-coli.webp","width":595,"height":595,"caption":"aromat coli"},{"@type":"BreadcrumbList","@id":"https:\/\/naturalpoland.com\/cs\/produkty\/produkty-pro-potravinarsky-prumysl\/aroma\/jina-aroma\/prichut-coly\/#breadcrumb","itemListElement":[{"@type":"ListItem","position":1,"name":"Dom\u016f","item":"https:\/\/naturalpoland.com\/cs\/"},{"@type":"ListItem","position":2,"name":"Produkty","item":"https:\/\/naturalpoland.com\/cs\/produkty\/"},{"@type":"ListItem","position":3,"name":"P\u0159\u00edchu\u0165 coly"}]},{"@type":"WebSite","@id":"https:\/\/naturalpoland.com\/cs\/#website","url":"https:\/\/naturalpoland.com\/cs\/","name":"NATURAL POLAND - Velkoobchodn\u00ed distributor surovin","description":"Surowce dla przemys\u0142u spo\u017cywczego, kosmetycznego i farmaceutycznego","publisher":{"@id":"https:\/\/naturalpoland.com\/cs\/#organization"},"potentialAction":[{"@type":"SearchAction","target":{"@type":"EntryPoint","urlTemplate":"https:\/\/naturalpoland.com\/cs\/?s={search_term_string}"},"query-input":{"@type":"PropertyValueSpecification","valueRequired":true,"valueName":"search_term_string"}}],"inLanguage":"cs"},{"@type":"Organization","@id":"https:\/\/naturalpoland.com\/cs\/#organization","name":"Natural Poland","url":"https:\/\/naturalpoland.com\/cs\/","logo":{"@type":"ImageObject","inLanguage":"cs","@id":"https:\/\/naturalpoland.com\/cs\/#\/schema\/logo\/image\/","url":"https:\/\/naturalpoland.com\/wp-content\/uploads\/2021\/05\/natural-poland-icon.png","contentUrl":"https:\/\/naturalpoland.com\/wp-content\/uploads\/2021\/05\/natural-poland-icon.png","width":512,"height":512,"caption":"Natural Poland"},"image":{"@id":"https:\/\/naturalpoland.com\/cs\/#\/schema\/logo\/image\/"},"sameAs":["https:\/\/www.facebook.com\/naturalpoland.b2b","https:\/\/pl.linkedin.com\/company\/natural-poland","https:\/\/www.youtube.com\/channel\/UCgeGGkvOMahZo-xu_MSEWxg"]}]}},"_links":{"self":[{"href":"https:\/\/naturalpoland.com\/cs\/wp-json\/wp\/v2\/product\/39344","targetHints":{"allow":["GET"]}}],"collection":[{"href":"https:\/\/naturalpoland.com\/cs\/wp-json\/wp\/v2\/product"}],"about":[{"href":"https:\/\/naturalpoland.com\/cs\/wp-json\/wp\/v2\/types\/product"}],"wp:featuredmedia":[{"embeddable":true,"href":"https:\/\/naturalpoland.com\/cs\/wp-json\/wp\/v2\/media\/39193"}],"wp:attachment":[{"href":"https:\/\/naturalpoland.com\/cs\/wp-json\/wp\/v2\/media?parent=39344"}],"wp:term":[{"taxonomy":"product_brand","embeddable":true,"href":"https:\/\/naturalpoland.com\/cs\/wp-json\/wp\/v2\/product_brand?post=39344"},{"taxonomy":"product_cat","embeddable":true,"href":"https:\/\/naturalpoland.com\/cs\/wp-json\/wp\/v2\/product_cat?post=39344"},{"taxonomy":"product_tag","embeddable":true,"href":"https:\/\/naturalpoland.com\/cs\/wp-json\/wp\/v2\/product_tag?post=39344"}],"curies":[{"name":"wp","href":"https:\/\/api.w.org\/{rel}","templated":true}]}}