{"id":39361,"date":"2025-02-07T12:14:36","date_gmt":"2025-02-07T11:14:36","guid":{"rendered":"https:\/\/naturalpoland.com\/produkty\/neza\u0159azen\u00e9\/matova-prichut\/"},"modified":"2025-02-07T14:58:37","modified_gmt":"2025-02-07T13:58:37","slug":"matova-prichut","status":"publish","type":"product","link":"https:\/\/naturalpoland.com\/cs\/produkty\/produkty-pro-potravinarsky-prumysl\/aroma\/bylinna-aroma\/matova-prichut\/","title":{"rendered":"M\u00e1tov\u00e1 p\u0159\u00edchu\u0165"},"content":{"rendered":"<h2>Varianty s m\u00e1tovou p\u0159\u00edchut\u00ed:<\/h2>\n<ol>\n<li><strong>M\u00e1tov\u00e9 aroma (p\u0159\u00edrodn\u00ed, pr\u00e1\u0161ek, FTNF<\/strong> ) s intenzivn\u00edm <strong>m\u00e1tovo-mentolov\u00fdm profilem<\/strong>. Ur\u010deno pro pou\u017eit\u00ed v cukrovink\u00e1ch, farmaceutick\u00fdch v\u00fdrobc\u00edch a dopl\u0148c\u00edch stravy, kde se o\u010dek\u00e1v\u00e1 v\u00fdrazn\u00fd osv\u011b\u017euj\u00edc\u00ed \u00fa\u010dinek. <\/li>\n<li><strong style=\"color: #555555; font-size: 14.4px;\">V\u016fn\u011b m\u00e1ty zahradn\u00ed (pudrov\u00e1)<\/strong><span style=\"color: #555555; font-size: 14.4px;\"> je jemn\u011bj\u0161\u00ed a slad\u0161\u00ed,<\/span><span style=\"color: #555555; font-size: 14.4px;\"> zprost\u0159edkov\u00e1v\u00e1 sv\u011b\u017eest nasb\u00edran\u00e9 m\u00e1ty. <\/span><strong style=\"color: #555555; font-size: 14.4px;\">p\u0159\u00edmo ze zahrady<\/strong><span style=\"color: #555555; font-size: 14.4px;\">. Ur\u010deno pro pou\u017eit\u00ed v instantn\u00edch \u010daj\u00edch, sm\u011bs\u00edch ko\u0159en\u00ed a cukr\u00e1\u0159sk\u00fdch v\u00fdrobc\u00edch. Dod\u00e1v\u00e1 v\u00fdrobk\u016fm    <\/span><strong style=\"color: #555555; font-size: 14.4px;\">jemn\u00e1 rostlinn\u00e1 v\u016fn\u011b s n\u00e1dechem sladkosti<\/strong><span style=\"color: #555555; font-size: 14.4px;\">.<\/span><\/li>\n<li><strong style=\"color: #555555; font-size: 14.4px;\">M\u00e1tov\u00e9 aroma (tekut\u00e9, koncentrovan\u00e9)<\/strong><span style=\"color: #555555; font-size: 14.4px;\"> &#8211; <\/span><strong style=\"color: #555555; font-size: 14.4px;\">Sladk\u00e1, pr\u00e1\u0161kov\u00e1 v\u016fn\u011b m\u00e1ty<\/strong><span style=\"color: #555555; font-size: 14.4px;\"> s intenzivn\u00ed, <\/span><strong style=\"color: #555555; font-size: 14.4px;\">osv\u011b\u017euj\u00edc\u00edm mentolov\u00fdm t\u00f3nem<\/strong><span style=\"color: #555555; font-size: 14.4px;\">charakteristick\u00e9 pro m\u00e1tov\u00e9 pastilky a \u017ev\u00fdka\u010dky. Ide\u00e1ln\u00ed pro n\u00e1poje, lik\u00e9ry, zmrzliny a cukrovinky, kde je kl\u00ed\u010dov\u00fd siln\u00fd osv\u011b\u017euj\u00edc\u00ed a povzbuzuj\u00edc\u00ed \u00fa\u010dinek. <\/span><\/li>\n<li><strong style=\"color: #555555; font-size: 14.4px;\">Aroma m\u00e1ty zahradn\u00ed (tekut\u00e9, koncentrovan\u00e9)<\/strong><span style=\"color: #555555; font-size: 14.4px;\"> zprost\u0159edkov\u00e1v\u00e1 <\/span><strong style=\"color: #555555; font-size: 14.4px;\">plnou p\u0159\u00edrodn\u00ed, sv\u011b\u017e\u00ed v\u016fni zahradn\u00ed m\u00e1ty.<\/strong><span style=\"color: #555555; font-size: 14.4px;\">s jej\u00ed <\/span><strong style=\"color: #555555; font-size: 14.4px;\">zelenou, lehce nasl\u00e1dlou a aromatickou v\u016fn\u00ed<\/strong><span style=\"color: #555555; font-size: 14.4px;\">. <strong>G<\/strong><\/span><strong style=\"color: #555555; font-size: 14.4px;\">lykol jako nosi\u010d v\u016fn\u011b <\/strong><span style=\"color: #555555; font-size: 14.4px;\">je ide\u00e1ln\u00ed pro pou\u017eit\u00ed v ochucen\u00fdch n\u00e1poj\u00edch, cukrovink\u00e1ch, ale i v kosmetice a v\u00fdrobc\u00edch \u00fastn\u00ed hygieny.<\/span><\/li>\n<\/ol>\n","protected":false},"excerpt":{"rendered":"<p><strong>V\u016fn\u011b m\u00e1ty peprn\u00e9<\/strong> m\u016f\u017ee v z\u00e1vislosti na variant\u011b p\u0159ipom\u00ednat <strong>\u010derstv\u011b natrhan\u00e9 l\u00edstky m\u00e1ty<\/strong>, sladk\u00e9 m\u00e1tov\u00e9 bonbony nebo hluboce osv\u011b\u017euj\u00edc\u00ed \u00fa\u010dinek mentolu.<\/p>\n","protected":false},"featured_media":39250,"template":"","meta":{"_acf_changed":false},"product_brand":[],"product_cat":[7587],"product_tag":[],"class_list":{"0":"post-39361","1":"product","2":"type-product","3":"status-publish","4":"has-post-thumbnail","6":"product_cat-bylinna-aroma","8":"first","9":"instock","10":"shipping-taxable","11":"product-type-simple"},"acf":[],"yoast_head":"<!-- This site is optimized with the Yoast SEO plugin v27.5 - https:\/\/yoast.com\/product\/yoast-seo-wordpress\/ -->\n<title>M\u00e1tov\u00e1 p\u0159\u00edchu\u0165 - Velkoobchodn\u00ed distributor<\/title>\n<meta name=\"description\" content=\"Tekut\u00e9 nebo pr\u00e1\u0161kov\u00e9 m\u00e1tov\u00e9 aroma je nepostradateln\u00e9 ve v\u00fdrobc\u00edch, kter\u00e9 maj\u00ed poskytnout chladiv\u00fd, osv\u011b\u017euj\u00edc\u00ed pocit.\" \/>\n<meta name=\"robots\" content=\"index, follow, max-snippet:-1, max-image-preview:large, max-video-preview:-1\" \/>\n<link rel=\"canonical\" href=\"https:\/\/naturalpoland.com\/cs\/produkty\/produkty-pro-potravinarsky-prumysl\/aroma\/bylinna-aroma\/matova-prichut\/\" \/>\n<meta property=\"og:locale\" content=\"cs_CZ\" \/>\n<meta property=\"og:type\" content=\"article\" \/>\n<meta property=\"og:title\" content=\"M\u00e1tov\u00e1 p\u0159\u00edchu\u0165 - Velkoobchodn\u00ed distributor\" \/>\n<meta property=\"og:description\" content=\"Tekut\u00e9 nebo pr\u00e1\u0161kov\u00e9 m\u00e1tov\u00e9 aroma je nepostradateln\u00e9 ve v\u00fdrobc\u00edch, kter\u00e9 maj\u00ed poskytnout chladiv\u00fd, osv\u011b\u017euj\u00edc\u00ed pocit.\" \/>\n<meta property=\"og:url\" content=\"https:\/\/naturalpoland.com\/cs\/produkty\/produkty-pro-potravinarsky-prumysl\/aroma\/bylinna-aroma\/matova-prichut\/\" \/>\n<meta property=\"og:site_name\" content=\"NATURAL POLAND - Velkoobchodn\u00ed distributor surovin\" \/>\n<meta property=\"article:publisher\" content=\"https:\/\/www.facebook.com\/naturalpoland.b2b\" \/>\n<meta property=\"article:modified_time\" content=\"2025-02-07T13:58:37+00:00\" \/>\n<meta property=\"og:image\" content=\"https:\/\/naturalpoland.com\/wp-content\/uploads\/aromat-mietowy.webp\" \/>\n\t<meta property=\"og:image:width\" content=\"597\" \/>\n\t<meta property=\"og:image:height\" content=\"597\" \/>\n\t<meta property=\"og:image:type\" content=\"image\/webp\" \/>\n<script type=\"application\/ld+json\" class=\"yoast-schema-graph\">{\"@context\":\"https:\\\/\\\/schema.org\",\"@graph\":[{\"@type\":\"WebPage\",\"@id\":\"https:\\\/\\\/naturalpoland.com\\\/cs\\\/produkty\\\/produkty-pro-potravinarsky-prumysl\\\/aroma\\\/bylinna-aroma\\\/matova-prichut\\\/\",\"url\":\"https:\\\/\\\/naturalpoland.com\\\/cs\\\/produkty\\\/produkty-pro-potravinarsky-prumysl\\\/aroma\\\/bylinna-aroma\\\/matova-prichut\\\/\",\"name\":\"M\u00e1tov\u00e1 p\u0159\u00edchu\u0165 - Velkoobchodn\u00ed distributor\",\"isPartOf\":{\"@id\":\"https:\\\/\\\/naturalpoland.com\\\/cs\\\/#website\"},\"primaryImageOfPage\":{\"@id\":\"https:\\\/\\\/naturalpoland.com\\\/cs\\\/produkty\\\/produkty-pro-potravinarsky-prumysl\\\/aroma\\\/bylinna-aroma\\\/matova-prichut\\\/#primaryimage\"},\"image\":{\"@id\":\"https:\\\/\\\/naturalpoland.com\\\/cs\\\/produkty\\\/produkty-pro-potravinarsky-prumysl\\\/aroma\\\/bylinna-aroma\\\/matova-prichut\\\/#primaryimage\"},\"thumbnailUrl\":\"https:\\\/\\\/naturalpoland.com\\\/wp-content\\\/uploads\\\/aromat-mietowy.webp\",\"datePublished\":\"2025-02-07T11:14:36+00:00\",\"dateModified\":\"2025-02-07T13:58:37+00:00\",\"description\":\"Tekut\u00e9 nebo pr\u00e1\u0161kov\u00e9 m\u00e1tov\u00e9 aroma je nepostradateln\u00e9 ve v\u00fdrobc\u00edch, kter\u00e9 maj\u00ed poskytnout chladiv\u00fd, osv\u011b\u017euj\u00edc\u00ed pocit.\",\"breadcrumb\":{\"@id\":\"https:\\\/\\\/naturalpoland.com\\\/cs\\\/produkty\\\/produkty-pro-potravinarsky-prumysl\\\/aroma\\\/bylinna-aroma\\\/matova-prichut\\\/#breadcrumb\"},\"inLanguage\":\"cs\",\"potentialAction\":[{\"@type\":\"ReadAction\",\"target\":[\"https:\\\/\\\/naturalpoland.com\\\/cs\\\/produkty\\\/produkty-pro-potravinarsky-prumysl\\\/aroma\\\/bylinna-aroma\\\/matova-prichut\\\/\"]}]},{\"@type\":\"ImageObject\",\"inLanguage\":\"cs\",\"@id\":\"https:\\\/\\\/naturalpoland.com\\\/cs\\\/produkty\\\/produkty-pro-potravinarsky-prumysl\\\/aroma\\\/bylinna-aroma\\\/matova-prichut\\\/#primaryimage\",\"url\":\"https:\\\/\\\/naturalpoland.com\\\/wp-content\\\/uploads\\\/aromat-mietowy.webp\",\"contentUrl\":\"https:\\\/\\\/naturalpoland.com\\\/wp-content\\\/uploads\\\/aromat-mietowy.webp\",\"width\":597,\"height\":597,\"caption\":\"aromat mi\u0119towy w p\u0142ynie i w proszku\"},{\"@type\":\"BreadcrumbList\",\"@id\":\"https:\\\/\\\/naturalpoland.com\\\/cs\\\/produkty\\\/produkty-pro-potravinarsky-prumysl\\\/aroma\\\/bylinna-aroma\\\/matova-prichut\\\/#breadcrumb\",\"itemListElement\":[{\"@type\":\"ListItem\",\"position\":1,\"name\":\"Dom\u016f\",\"item\":\"https:\\\/\\\/naturalpoland.com\\\/cs\\\/\"},{\"@type\":\"ListItem\",\"position\":2,\"name\":\"Produkty\",\"item\":\"https:\\\/\\\/naturalpoland.com\\\/cs\\\/produkty\\\/\"},{\"@type\":\"ListItem\",\"position\":3,\"name\":\"M\u00e1tov\u00e1 p\u0159\u00edchu\u0165\"}]},{\"@type\":\"WebSite\",\"@id\":\"https:\\\/\\\/naturalpoland.com\\\/cs\\\/#website\",\"url\":\"https:\\\/\\\/naturalpoland.com\\\/cs\\\/\",\"name\":\"NATURAL POLAND - Velkoobchodn\u00ed distributor surovin\",\"description\":\"Surowce dla przemys\u0142u spo\u017cywczego, kosmetycznego i farmaceutycznego\",\"publisher\":{\"@id\":\"https:\\\/\\\/naturalpoland.com\\\/cs\\\/#organization\"},\"potentialAction\":[{\"@type\":\"SearchAction\",\"target\":{\"@type\":\"EntryPoint\",\"urlTemplate\":\"https:\\\/\\\/naturalpoland.com\\\/cs\\\/?s={search_term_string}\"},\"query-input\":{\"@type\":\"PropertyValueSpecification\",\"valueRequired\":true,\"valueName\":\"search_term_string\"}}],\"inLanguage\":\"cs\"},{\"@type\":\"Organization\",\"@id\":\"https:\\\/\\\/naturalpoland.com\\\/cs\\\/#organization\",\"name\":\"Natural Poland\",\"url\":\"https:\\\/\\\/naturalpoland.com\\\/cs\\\/\",\"logo\":{\"@type\":\"ImageObject\",\"inLanguage\":\"cs\",\"@id\":\"https:\\\/\\\/naturalpoland.com\\\/cs\\\/#\\\/schema\\\/logo\\\/image\\\/\",\"url\":\"https:\\\/\\\/naturalpoland.com\\\/wp-content\\\/uploads\\\/2021\\\/05\\\/natural-poland-icon.png\",\"contentUrl\":\"https:\\\/\\\/naturalpoland.com\\\/wp-content\\\/uploads\\\/2021\\\/05\\\/natural-poland-icon.png\",\"width\":512,\"height\":512,\"caption\":\"Natural Poland\"},\"image\":{\"@id\":\"https:\\\/\\\/naturalpoland.com\\\/cs\\\/#\\\/schema\\\/logo\\\/image\\\/\"},\"sameAs\":[\"https:\\\/\\\/www.facebook.com\\\/naturalpoland.b2b\",\"https:\\\/\\\/pl.linkedin.com\\\/company\\\/natural-poland\",\"https:\\\/\\\/www.youtube.com\\\/channel\\\/UCgeGGkvOMahZo-xu_MSEWxg\"]}]}<\/script>\n<!-- \/ Yoast SEO plugin. -->","yoast_head_json":{"title":"M\u00e1tov\u00e1 p\u0159\u00edchu\u0165 - Velkoobchodn\u00ed distributor","description":"Tekut\u00e9 nebo pr\u00e1\u0161kov\u00e9 m\u00e1tov\u00e9 aroma je nepostradateln\u00e9 ve v\u00fdrobc\u00edch, kter\u00e9 maj\u00ed poskytnout chladiv\u00fd, osv\u011b\u017euj\u00edc\u00ed pocit.","robots":{"index":"index","follow":"follow","max-snippet":"max-snippet:-1","max-image-preview":"max-image-preview:large","max-video-preview":"max-video-preview:-1"},"canonical":"https:\/\/naturalpoland.com\/cs\/produkty\/produkty-pro-potravinarsky-prumysl\/aroma\/bylinna-aroma\/matova-prichut\/","og_locale":"cs_CZ","og_type":"article","og_title":"M\u00e1tov\u00e1 p\u0159\u00edchu\u0165 - Velkoobchodn\u00ed distributor","og_description":"Tekut\u00e9 nebo pr\u00e1\u0161kov\u00e9 m\u00e1tov\u00e9 aroma je nepostradateln\u00e9 ve v\u00fdrobc\u00edch, kter\u00e9 maj\u00ed poskytnout chladiv\u00fd, osv\u011b\u017euj\u00edc\u00ed pocit.","og_url":"https:\/\/naturalpoland.com\/cs\/produkty\/produkty-pro-potravinarsky-prumysl\/aroma\/bylinna-aroma\/matova-prichut\/","og_site_name":"NATURAL POLAND - Velkoobchodn\u00ed distributor surovin","article_publisher":"https:\/\/www.facebook.com\/naturalpoland.b2b","article_modified_time":"2025-02-07T13:58:37+00:00","og_image":[{"width":597,"height":597,"url":"https:\/\/naturalpoland.com\/wp-content\/uploads\/aromat-mietowy.webp","type":"image\/webp"}],"schema":{"@context":"https:\/\/schema.org","@graph":[{"@type":"WebPage","@id":"https:\/\/naturalpoland.com\/cs\/produkty\/produkty-pro-potravinarsky-prumysl\/aroma\/bylinna-aroma\/matova-prichut\/","url":"https:\/\/naturalpoland.com\/cs\/produkty\/produkty-pro-potravinarsky-prumysl\/aroma\/bylinna-aroma\/matova-prichut\/","name":"M\u00e1tov\u00e1 p\u0159\u00edchu\u0165 - Velkoobchodn\u00ed distributor","isPartOf":{"@id":"https:\/\/naturalpoland.com\/cs\/#website"},"primaryImageOfPage":{"@id":"https:\/\/naturalpoland.com\/cs\/produkty\/produkty-pro-potravinarsky-prumysl\/aroma\/bylinna-aroma\/matova-prichut\/#primaryimage"},"image":{"@id":"https:\/\/naturalpoland.com\/cs\/produkty\/produkty-pro-potravinarsky-prumysl\/aroma\/bylinna-aroma\/matova-prichut\/#primaryimage"},"thumbnailUrl":"https:\/\/naturalpoland.com\/wp-content\/uploads\/aromat-mietowy.webp","datePublished":"2025-02-07T11:14:36+00:00","dateModified":"2025-02-07T13:58:37+00:00","description":"Tekut\u00e9 nebo pr\u00e1\u0161kov\u00e9 m\u00e1tov\u00e9 aroma je nepostradateln\u00e9 ve v\u00fdrobc\u00edch, kter\u00e9 maj\u00ed poskytnout chladiv\u00fd, osv\u011b\u017euj\u00edc\u00ed pocit.","breadcrumb":{"@id":"https:\/\/naturalpoland.com\/cs\/produkty\/produkty-pro-potravinarsky-prumysl\/aroma\/bylinna-aroma\/matova-prichut\/#breadcrumb"},"inLanguage":"cs","potentialAction":[{"@type":"ReadAction","target":["https:\/\/naturalpoland.com\/cs\/produkty\/produkty-pro-potravinarsky-prumysl\/aroma\/bylinna-aroma\/matova-prichut\/"]}]},{"@type":"ImageObject","inLanguage":"cs","@id":"https:\/\/naturalpoland.com\/cs\/produkty\/produkty-pro-potravinarsky-prumysl\/aroma\/bylinna-aroma\/matova-prichut\/#primaryimage","url":"https:\/\/naturalpoland.com\/wp-content\/uploads\/aromat-mietowy.webp","contentUrl":"https:\/\/naturalpoland.com\/wp-content\/uploads\/aromat-mietowy.webp","width":597,"height":597,"caption":"aromat mi\u0119towy w p\u0142ynie i w proszku"},{"@type":"BreadcrumbList","@id":"https:\/\/naturalpoland.com\/cs\/produkty\/produkty-pro-potravinarsky-prumysl\/aroma\/bylinna-aroma\/matova-prichut\/#breadcrumb","itemListElement":[{"@type":"ListItem","position":1,"name":"Dom\u016f","item":"https:\/\/naturalpoland.com\/cs\/"},{"@type":"ListItem","position":2,"name":"Produkty","item":"https:\/\/naturalpoland.com\/cs\/produkty\/"},{"@type":"ListItem","position":3,"name":"M\u00e1tov\u00e1 p\u0159\u00edchu\u0165"}]},{"@type":"WebSite","@id":"https:\/\/naturalpoland.com\/cs\/#website","url":"https:\/\/naturalpoland.com\/cs\/","name":"NATURAL POLAND - Velkoobchodn\u00ed distributor surovin","description":"Surowce dla przemys\u0142u spo\u017cywczego, kosmetycznego i farmaceutycznego","publisher":{"@id":"https:\/\/naturalpoland.com\/cs\/#organization"},"potentialAction":[{"@type":"SearchAction","target":{"@type":"EntryPoint","urlTemplate":"https:\/\/naturalpoland.com\/cs\/?s={search_term_string}"},"query-input":{"@type":"PropertyValueSpecification","valueRequired":true,"valueName":"search_term_string"}}],"inLanguage":"cs"},{"@type":"Organization","@id":"https:\/\/naturalpoland.com\/cs\/#organization","name":"Natural Poland","url":"https:\/\/naturalpoland.com\/cs\/","logo":{"@type":"ImageObject","inLanguage":"cs","@id":"https:\/\/naturalpoland.com\/cs\/#\/schema\/logo\/image\/","url":"https:\/\/naturalpoland.com\/wp-content\/uploads\/2021\/05\/natural-poland-icon.png","contentUrl":"https:\/\/naturalpoland.com\/wp-content\/uploads\/2021\/05\/natural-poland-icon.png","width":512,"height":512,"caption":"Natural Poland"},"image":{"@id":"https:\/\/naturalpoland.com\/cs\/#\/schema\/logo\/image\/"},"sameAs":["https:\/\/www.facebook.com\/naturalpoland.b2b","https:\/\/pl.linkedin.com\/company\/natural-poland","https:\/\/www.youtube.com\/channel\/UCgeGGkvOMahZo-xu_MSEWxg"]}]}},"_links":{"self":[{"href":"https:\/\/naturalpoland.com\/cs\/wp-json\/wp\/v2\/product\/39361","targetHints":{"allow":["GET"]}}],"collection":[{"href":"https:\/\/naturalpoland.com\/cs\/wp-json\/wp\/v2\/product"}],"about":[{"href":"https:\/\/naturalpoland.com\/cs\/wp-json\/wp\/v2\/types\/product"}],"wp:featuredmedia":[{"embeddable":true,"href":"https:\/\/naturalpoland.com\/cs\/wp-json\/wp\/v2\/media\/39250"}],"wp:attachment":[{"href":"https:\/\/naturalpoland.com\/cs\/wp-json\/wp\/v2\/media?parent=39361"}],"wp:term":[{"taxonomy":"product_brand","embeddable":true,"href":"https:\/\/naturalpoland.com\/cs\/wp-json\/wp\/v2\/product_brand?post=39361"},{"taxonomy":"product_cat","embeddable":true,"href":"https:\/\/naturalpoland.com\/cs\/wp-json\/wp\/v2\/product_cat?post=39361"},{"taxonomy":"product_tag","embeddable":true,"href":"https:\/\/naturalpoland.com\/cs\/wp-json\/wp\/v2\/product_tag?post=39361"}],"curies":[{"name":"wp","href":"https:\/\/api.w.org\/{rel}","templated":true}]}}