{"id":39373,"date":"2025-02-07T12:46:15","date_gmt":"2025-02-07T11:46:15","guid":{"rendered":"https:\/\/naturalpoland.com\/produkty\/neza\u0159azen\u00e9\/vanilkove-aroma\/"},"modified":"2025-02-07T14:58:58","modified_gmt":"2025-02-07T13:58:58","slug":"vanilkove-aroma","status":"publish","type":"product","link":"https:\/\/naturalpoland.com\/cs\/produkty\/produkty-pro-potravinarsky-prumysl\/aroma\/dezertni-aroma\/vanilkove-aroma\/","title":{"rendered":"Vanilkov\u00e9 aroma"},"content":{"rendered":"<p>Vanilkov\u00e9 aroma je obl\u00edbenou surovinou v cukrovink\u00e1ch, n\u00e1poj\u00edch, zmrzlin\u011b, pe\u010divu a dezertech, ale tak\u00e9 v parf\u00e9mov\u00fdch kompozic\u00edch a kosmetice se smyslnou, omamnou v\u016fn\u00ed.<\/p>\n<h2>Tekut\u00e9 vanilkov\u00e9 p\u0159\u00edchut\u011b<\/h2>\n<p><strong>Kvalitn\u00ed p\u0159\u00edrodn\u00ed tekut\u00e9 vanilkov\u00e9 aroma FTNF<\/strong> (From the Name Fruit) se vyr\u00e1b\u00ed z nejm\u00e9n\u011b 95 % z autentick\u00fdch surovin. Je bohat\u00e1 na tepl\u00e9, balzamick\u00e9 t\u00f3ny, p\u0159ipom\u00ednaj\u00edc\u00ed p\u0159\u00edrodn\u00ed vanilkovou ty\u010dinku, s v\u00fdrazn\u00fdmi hn\u011bd\u00fdmi t\u00f3ny. Je odoln\u00e1 v\u016f\u010di vysok\u00fdm teplot\u00e1m a dob\u0159e se uplatn\u00ed p\u0159i n\u00e1ro\u010dn\u00fdch aplikac\u00edch, jako je pe\u010den\u00ed nebo v\u00fdroba kr\u00e9m\u016f a zmrzlin.  <\/p>\n<p><strong>Kvalitn\u00ed vanilkov\u00e9 aroma WONF (With Other Natural Flavors <\/strong>) si zachov\u00e1v\u00e1 p\u0159irozen\u00fd charakter vanilky, ale je obohaceno o dal\u0161\u00ed t\u00f3ny. <strong>Aroma s<\/strong> kr\u00e9mov\u00fdm, ledov\u00fdm profilem kombinuje jemnou sladkost vanilky s lehk\u00fdm, such\u00fdm n\u00e1dechem p\u0159\u00edrodn\u00ed vanilkov\u00e9 ty\u010dinky a doporu\u010duje se pro pou\u017eit\u00ed v ml\u00e9\u010dn\u00fdch dezertech a kr\u00e9mech.<strong> Koncentrovan\u00e1<\/strong> varianta t\u00e9to p\u0159\u00edchuti se naopak vyzna\u010duje siln\u011b vanilkov\u00fdm charakterem s an\u00fdzov\u00fdmi a mandlov\u00fdmi t\u00f3ny, kter\u00e9 j\u00ed dod\u00e1vaj\u00ed intenzivn\u00ed, hlubok\u00fd chu\u0165ov\u00fd profil. <\/p>\n<p><strong>Kvalitn\u00ed such\u00e9 vanilkov\u00e9 aroma WONF <\/strong>zachycuje charakter vanilkov\u00e9ho extraktu s intenzivn\u00edm n\u00e1dechem p\u0159\u00edrodn\u00ed vanilkov\u00e9 ty\u010dinky. Pou\u017e\u00edv\u00e1 se do luxusn\u00edch dezert\u016f, \u010dokol\u00e1d a rafinovan\u00e9ho pe\u010diva. <\/p>\n<h2>Vanilkov\u00e9 aroma v pr\u00e1\u0161ku<\/h2>\n<p>Pr\u00e1\u0161kov\u00e9 varianty p\u0159\u00edchut\u00ed usnad\u0148uj\u00ed d\u00e1vkov\u00e1n\u00ed v aplikac\u00edch vy\u017eaduj\u00edc\u00edch suchou formu. <strong>Kvalitn\u00ed vanilkov\u00e1 p\u0159\u00edchu\u0165 v pr\u00e1\u0161ku WONF<\/strong> si zachov\u00e1v\u00e1 kr\u00e9mov\u00fd, ledov\u00fd charakter s jemnou suchost\u00ed vanilkov\u00e9 ty\u010dinky. Ostatn\u00ed varianty se naopak vyzna\u010duj\u00ed intenzivn\u00edmi ml\u00e9\u010dn\u00fdmi a smetanov\u00fdmi t\u00f3ny, kter\u00e9 p\u0159ipom\u00ednaj\u00ed b\u00edlou \u010dokol\u00e1du.  <\/p>\n<p>Pr\u00e1\u0161kov\u00e9 <strong>vanilkov\u00e9 cukr\u00e1\u0159sk\u00e9<\/strong> <strong>aroma<\/strong> zase p\u0159ipom\u00edn\u00e1 klasick\u00e9 vanilkov\u00e9 cukrov\u00e9 aroma a doporu\u010duje se do kol\u00e1\u010d\u016f a kynut\u00fdch t\u011bst.<\/p>\n<p><strong>Vanilkov\u00e9 aroma do pe\u010diva<\/strong> m\u00e1 sladk\u00fd pudinkov\u00fd charakter s h\u0159ejiv\u00fdmi ko\u0159en\u011bn\u00fdmi t\u00f3ny, tak\u017ee se skv\u011ble hod\u00ed do pi\u0161kotov\u00fdch dort\u016f, muffin\u016f a cupcakes.<\/p>\n<p>Pro aplikace vy\u017eaduj\u00edc\u00ed intenzivn\u00ed, koncentrovanou v\u016fni doporu\u010dujeme <strong>koncentrovanou vanilkovou<\/strong> <strong>p\u0159\u00edchu\u0165<\/strong> a <strong>p\u0159\u00edrodn\u00ed vanilkovou p\u0159\u00edchu\u0165<\/strong>, kter\u00e9 p\u0159in\u00e1\u0161ej\u00ed hlubok\u00fd, siln\u00fd vanilkov\u00fd profil s v\u00fdrazn\u00fdmi an\u00fdzov\u00fdmi a mandlov\u00fdmi t\u00f3ny. Dob\u0159e se hod\u00ed do luxusn\u00edch cukr\u00e1\u0159sk\u00fdch v\u00fdrobk\u016f a vysoce kvalitn\u00edch zmrzlin a kr\u00e9m\u016f. <\/p>\n<h2>Maskov\u00e1n\u00ed v\u016fn\u00ed<\/h2>\n<p>Vanilkov\u00e1 aromata se pou\u017e\u00edvaj\u00ed tak\u00e9 jako p\u0159\u00edsady k maskov\u00e1n\u00ed ne\u017e\u00e1douc\u00edch t\u00f3n\u016f v potravin\u00e1\u0159sk\u00fdch v\u00fdrobc\u00edch a dopl\u0148c\u00edch stravy. <strong>Vanilkov\u00e9 maskovac\u00ed<\/strong> aroma je sladk\u00e1 pudinkov\u00e1 kompozice s jemn\u00fdm n\u00e1dechem kokosov\u00e9ho ml\u00e9ka, kter\u00e1 dokonale harmonizuje chu\u0165 a v\u016fni funk\u010dn\u00edch v\u00fdrobk\u016f. <\/p>\n<p>&nbsp;<\/p>\n","protected":false},"excerpt":{"rendered":"<p>Vanilkov\u00e9 aroma je nejklasi\u010dt\u011bj\u0161\u00ed potravin\u00e1\u0159sk\u00e9 aroma. V z\u00e1vislosti na variant\u011b m\u016f\u017ee odr\u00e1\u017eet charakter prav\u00e9 vanilkov\u00e9 ty\u010dinky, b\u00fdt kr\u00e9mov\u011bj\u0161\u00ed, pudinkov\u00e9 nebo dokonce obohacen\u00e9 o t\u00f3ny mandl\u00ed, an\u00fdzu \u010di karamelu. <\/p>\n","protected":false},"featured_media":39263,"template":"","meta":{"_acf_changed":false},"product_brand":[],"product_cat":[7583],"product_tag":[],"class_list":{"0":"post-39373","1":"product","2":"type-product","3":"status-publish","4":"has-post-thumbnail","6":"product_cat-dezertni-aroma","8":"first","9":"instock","10":"shipping-taxable","11":"product-type-simple"},"acf":[],"yoast_head":"<!-- This site is optimized with the Yoast SEO plugin v27.4 - https:\/\/yoast.com\/product\/yoast-seo-wordpress\/ -->\n<title>Vanilkov\u00e9 aroma - Velkoobchodn\u00ed distributor<\/title>\n<meta name=\"description\" content=\"Vanilkov\u00e9 aroma je jednou z nejklasi\u010dt\u011bj\u0161\u00edch a nejuniverz\u00e1ln\u011bj\u0161\u00edch p\u0159\u00edchut\u00ed pou\u017e\u00edvan\u00fdch v potravin\u00e1\u0159sk\u00e9m a kosmetick\u00e9m pr\u016fmyslu.\" \/>\n<meta name=\"robots\" content=\"index, follow, max-snippet:-1, max-image-preview:large, max-video-preview:-1\" \/>\n<link rel=\"canonical\" href=\"https:\/\/naturalpoland.com\/cs\/produkty\/produkty-pro-potravinarsky-prumysl\/aroma\/dezertni-aroma\/vanilkove-aroma\/\" \/>\n<meta property=\"og:locale\" content=\"cs_CZ\" \/>\n<meta property=\"og:type\" content=\"article\" \/>\n<meta property=\"og:title\" content=\"Vanilkov\u00e9 aroma - Velkoobchodn\u00ed distributor\" \/>\n<meta property=\"og:description\" content=\"Vanilkov\u00e9 aroma je jednou z nejklasi\u010dt\u011bj\u0161\u00edch a nejuniverz\u00e1ln\u011bj\u0161\u00edch p\u0159\u00edchut\u00ed pou\u017e\u00edvan\u00fdch v potravin\u00e1\u0159sk\u00e9m a kosmetick\u00e9m pr\u016fmyslu.\" \/>\n<meta property=\"og:url\" content=\"https:\/\/naturalpoland.com\/cs\/produkty\/produkty-pro-potravinarsky-prumysl\/aroma\/dezertni-aroma\/vanilkove-aroma\/\" \/>\n<meta property=\"og:site_name\" content=\"NATURAL POLAND - Velkoobchodn\u00ed distributor surovin\" \/>\n<meta property=\"article:publisher\" content=\"https:\/\/www.facebook.com\/naturalpoland.b2b\" \/>\n<meta property=\"article:modified_time\" content=\"2025-02-07T13:58:58+00:00\" \/>\n<meta property=\"og:image\" content=\"https:\/\/naturalpoland.com\/wp-content\/uploads\/aromat-waniliowy.webp\" \/>\n\t<meta property=\"og:image:width\" content=\"596\" \/>\n\t<meta property=\"og:image:height\" content=\"596\" \/>\n\t<meta property=\"og:image:type\" content=\"image\/webp\" \/>\n<script type=\"application\/ld+json\" class=\"yoast-schema-graph\">{\"@context\":\"https:\\\/\\\/schema.org\",\"@graph\":[{\"@type\":\"WebPage\",\"@id\":\"https:\\\/\\\/naturalpoland.com\\\/cs\\\/produkty\\\/produkty-pro-potravinarsky-prumysl\\\/aroma\\\/dezertni-aroma\\\/vanilkove-aroma\\\/\",\"url\":\"https:\\\/\\\/naturalpoland.com\\\/cs\\\/produkty\\\/produkty-pro-potravinarsky-prumysl\\\/aroma\\\/dezertni-aroma\\\/vanilkove-aroma\\\/\",\"name\":\"Vanilkov\u00e9 aroma - Velkoobchodn\u00ed distributor\",\"isPartOf\":{\"@id\":\"https:\\\/\\\/naturalpoland.com\\\/cs\\\/#website\"},\"primaryImageOfPage\":{\"@id\":\"https:\\\/\\\/naturalpoland.com\\\/cs\\\/produkty\\\/produkty-pro-potravinarsky-prumysl\\\/aroma\\\/dezertni-aroma\\\/vanilkove-aroma\\\/#primaryimage\"},\"image\":{\"@id\":\"https:\\\/\\\/naturalpoland.com\\\/cs\\\/produkty\\\/produkty-pro-potravinarsky-prumysl\\\/aroma\\\/dezertni-aroma\\\/vanilkove-aroma\\\/#primaryimage\"},\"thumbnailUrl\":\"https:\\\/\\\/naturalpoland.com\\\/wp-content\\\/uploads\\\/aromat-waniliowy.webp\",\"datePublished\":\"2025-02-07T11:46:15+00:00\",\"dateModified\":\"2025-02-07T13:58:58+00:00\",\"description\":\"Vanilkov\u00e9 aroma je jednou z nejklasi\u010dt\u011bj\u0161\u00edch a nejuniverz\u00e1ln\u011bj\u0161\u00edch p\u0159\u00edchut\u00ed pou\u017e\u00edvan\u00fdch v potravin\u00e1\u0159sk\u00e9m a kosmetick\u00e9m pr\u016fmyslu.\",\"breadcrumb\":{\"@id\":\"https:\\\/\\\/naturalpoland.com\\\/cs\\\/produkty\\\/produkty-pro-potravinarsky-prumysl\\\/aroma\\\/dezertni-aroma\\\/vanilkove-aroma\\\/#breadcrumb\"},\"inLanguage\":\"cs\",\"potentialAction\":[{\"@type\":\"ReadAction\",\"target\":[\"https:\\\/\\\/naturalpoland.com\\\/cs\\\/produkty\\\/produkty-pro-potravinarsky-prumysl\\\/aroma\\\/dezertni-aroma\\\/vanilkove-aroma\\\/\"]}]},{\"@type\":\"ImageObject\",\"inLanguage\":\"cs\",\"@id\":\"https:\\\/\\\/naturalpoland.com\\\/cs\\\/produkty\\\/produkty-pro-potravinarsky-prumysl\\\/aroma\\\/dezertni-aroma\\\/vanilkove-aroma\\\/#primaryimage\",\"url\":\"https:\\\/\\\/naturalpoland.com\\\/wp-content\\\/uploads\\\/aromat-waniliowy.webp\",\"contentUrl\":\"https:\\\/\\\/naturalpoland.com\\\/wp-content\\\/uploads\\\/aromat-waniliowy.webp\",\"width\":596,\"height\":596,\"caption\":\"aromat waniliowy p\u0142ynny i proszkowy\"},{\"@type\":\"BreadcrumbList\",\"@id\":\"https:\\\/\\\/naturalpoland.com\\\/cs\\\/produkty\\\/produkty-pro-potravinarsky-prumysl\\\/aroma\\\/dezertni-aroma\\\/vanilkove-aroma\\\/#breadcrumb\",\"itemListElement\":[{\"@type\":\"ListItem\",\"position\":1,\"name\":\"Dom\u016f\",\"item\":\"https:\\\/\\\/naturalpoland.com\\\/cs\\\/\"},{\"@type\":\"ListItem\",\"position\":2,\"name\":\"Produkty\",\"item\":\"https:\\\/\\\/naturalpoland.com\\\/cs\\\/produkty\\\/\"},{\"@type\":\"ListItem\",\"position\":3,\"name\":\"Vanilkov\u00e9 aroma\"}]},{\"@type\":\"WebSite\",\"@id\":\"https:\\\/\\\/naturalpoland.com\\\/cs\\\/#website\",\"url\":\"https:\\\/\\\/naturalpoland.com\\\/cs\\\/\",\"name\":\"NATURAL POLAND - Velkoobchodn\u00ed distributor surovin\",\"description\":\"Surowce dla przemys\u0142u spo\u017cywczego, kosmetycznego i farmaceutycznego\",\"publisher\":{\"@id\":\"https:\\\/\\\/naturalpoland.com\\\/cs\\\/#organization\"},\"potentialAction\":[{\"@type\":\"SearchAction\",\"target\":{\"@type\":\"EntryPoint\",\"urlTemplate\":\"https:\\\/\\\/naturalpoland.com\\\/cs\\\/?s={search_term_string}\"},\"query-input\":{\"@type\":\"PropertyValueSpecification\",\"valueRequired\":true,\"valueName\":\"search_term_string\"}}],\"inLanguage\":\"cs\"},{\"@type\":\"Organization\",\"@id\":\"https:\\\/\\\/naturalpoland.com\\\/cs\\\/#organization\",\"name\":\"Natural Poland\",\"url\":\"https:\\\/\\\/naturalpoland.com\\\/cs\\\/\",\"logo\":{\"@type\":\"ImageObject\",\"inLanguage\":\"cs\",\"@id\":\"https:\\\/\\\/naturalpoland.com\\\/cs\\\/#\\\/schema\\\/logo\\\/image\\\/\",\"url\":\"https:\\\/\\\/naturalpoland.com\\\/wp-content\\\/uploads\\\/2021\\\/05\\\/natural-poland-icon.png\",\"contentUrl\":\"https:\\\/\\\/naturalpoland.com\\\/wp-content\\\/uploads\\\/2021\\\/05\\\/natural-poland-icon.png\",\"width\":512,\"height\":512,\"caption\":\"Natural Poland\"},\"image\":{\"@id\":\"https:\\\/\\\/naturalpoland.com\\\/cs\\\/#\\\/schema\\\/logo\\\/image\\\/\"},\"sameAs\":[\"https:\\\/\\\/www.facebook.com\\\/naturalpoland.b2b\",\"https:\\\/\\\/pl.linkedin.com\\\/company\\\/natural-poland\",\"https:\\\/\\\/www.youtube.com\\\/channel\\\/UCgeGGkvOMahZo-xu_MSEWxg\"]}]}<\/script>\n<!-- \/ Yoast SEO plugin. -->","yoast_head_json":{"title":"Vanilkov\u00e9 aroma - Velkoobchodn\u00ed distributor","description":"Vanilkov\u00e9 aroma je jednou z nejklasi\u010dt\u011bj\u0161\u00edch a nejuniverz\u00e1ln\u011bj\u0161\u00edch p\u0159\u00edchut\u00ed pou\u017e\u00edvan\u00fdch v potravin\u00e1\u0159sk\u00e9m a kosmetick\u00e9m pr\u016fmyslu.","robots":{"index":"index","follow":"follow","max-snippet":"max-snippet:-1","max-image-preview":"max-image-preview:large","max-video-preview":"max-video-preview:-1"},"canonical":"https:\/\/naturalpoland.com\/cs\/produkty\/produkty-pro-potravinarsky-prumysl\/aroma\/dezertni-aroma\/vanilkove-aroma\/","og_locale":"cs_CZ","og_type":"article","og_title":"Vanilkov\u00e9 aroma - Velkoobchodn\u00ed distributor","og_description":"Vanilkov\u00e9 aroma je jednou z nejklasi\u010dt\u011bj\u0161\u00edch a nejuniverz\u00e1ln\u011bj\u0161\u00edch p\u0159\u00edchut\u00ed pou\u017e\u00edvan\u00fdch v potravin\u00e1\u0159sk\u00e9m a kosmetick\u00e9m pr\u016fmyslu.","og_url":"https:\/\/naturalpoland.com\/cs\/produkty\/produkty-pro-potravinarsky-prumysl\/aroma\/dezertni-aroma\/vanilkove-aroma\/","og_site_name":"NATURAL POLAND - Velkoobchodn\u00ed distributor surovin","article_publisher":"https:\/\/www.facebook.com\/naturalpoland.b2b","article_modified_time":"2025-02-07T13:58:58+00:00","og_image":[{"width":596,"height":596,"url":"https:\/\/naturalpoland.com\/wp-content\/uploads\/aromat-waniliowy.webp","type":"image\/webp"}],"schema":{"@context":"https:\/\/schema.org","@graph":[{"@type":"WebPage","@id":"https:\/\/naturalpoland.com\/cs\/produkty\/produkty-pro-potravinarsky-prumysl\/aroma\/dezertni-aroma\/vanilkove-aroma\/","url":"https:\/\/naturalpoland.com\/cs\/produkty\/produkty-pro-potravinarsky-prumysl\/aroma\/dezertni-aroma\/vanilkove-aroma\/","name":"Vanilkov\u00e9 aroma - Velkoobchodn\u00ed distributor","isPartOf":{"@id":"https:\/\/naturalpoland.com\/cs\/#website"},"primaryImageOfPage":{"@id":"https:\/\/naturalpoland.com\/cs\/produkty\/produkty-pro-potravinarsky-prumysl\/aroma\/dezertni-aroma\/vanilkove-aroma\/#primaryimage"},"image":{"@id":"https:\/\/naturalpoland.com\/cs\/produkty\/produkty-pro-potravinarsky-prumysl\/aroma\/dezertni-aroma\/vanilkove-aroma\/#primaryimage"},"thumbnailUrl":"https:\/\/naturalpoland.com\/wp-content\/uploads\/aromat-waniliowy.webp","datePublished":"2025-02-07T11:46:15+00:00","dateModified":"2025-02-07T13:58:58+00:00","description":"Vanilkov\u00e9 aroma je jednou z nejklasi\u010dt\u011bj\u0161\u00edch a nejuniverz\u00e1ln\u011bj\u0161\u00edch p\u0159\u00edchut\u00ed pou\u017e\u00edvan\u00fdch v potravin\u00e1\u0159sk\u00e9m a kosmetick\u00e9m pr\u016fmyslu.","breadcrumb":{"@id":"https:\/\/naturalpoland.com\/cs\/produkty\/produkty-pro-potravinarsky-prumysl\/aroma\/dezertni-aroma\/vanilkove-aroma\/#breadcrumb"},"inLanguage":"cs","potentialAction":[{"@type":"ReadAction","target":["https:\/\/naturalpoland.com\/cs\/produkty\/produkty-pro-potravinarsky-prumysl\/aroma\/dezertni-aroma\/vanilkove-aroma\/"]}]},{"@type":"ImageObject","inLanguage":"cs","@id":"https:\/\/naturalpoland.com\/cs\/produkty\/produkty-pro-potravinarsky-prumysl\/aroma\/dezertni-aroma\/vanilkove-aroma\/#primaryimage","url":"https:\/\/naturalpoland.com\/wp-content\/uploads\/aromat-waniliowy.webp","contentUrl":"https:\/\/naturalpoland.com\/wp-content\/uploads\/aromat-waniliowy.webp","width":596,"height":596,"caption":"aromat waniliowy p\u0142ynny i proszkowy"},{"@type":"BreadcrumbList","@id":"https:\/\/naturalpoland.com\/cs\/produkty\/produkty-pro-potravinarsky-prumysl\/aroma\/dezertni-aroma\/vanilkove-aroma\/#breadcrumb","itemListElement":[{"@type":"ListItem","position":1,"name":"Dom\u016f","item":"https:\/\/naturalpoland.com\/cs\/"},{"@type":"ListItem","position":2,"name":"Produkty","item":"https:\/\/naturalpoland.com\/cs\/produkty\/"},{"@type":"ListItem","position":3,"name":"Vanilkov\u00e9 aroma"}]},{"@type":"WebSite","@id":"https:\/\/naturalpoland.com\/cs\/#website","url":"https:\/\/naturalpoland.com\/cs\/","name":"NATURAL POLAND - Velkoobchodn\u00ed distributor surovin","description":"Surowce dla przemys\u0142u spo\u017cywczego, kosmetycznego i farmaceutycznego","publisher":{"@id":"https:\/\/naturalpoland.com\/cs\/#organization"},"potentialAction":[{"@type":"SearchAction","target":{"@type":"EntryPoint","urlTemplate":"https:\/\/naturalpoland.com\/cs\/?s={search_term_string}"},"query-input":{"@type":"PropertyValueSpecification","valueRequired":true,"valueName":"search_term_string"}}],"inLanguage":"cs"},{"@type":"Organization","@id":"https:\/\/naturalpoland.com\/cs\/#organization","name":"Natural Poland","url":"https:\/\/naturalpoland.com\/cs\/","logo":{"@type":"ImageObject","inLanguage":"cs","@id":"https:\/\/naturalpoland.com\/cs\/#\/schema\/logo\/image\/","url":"https:\/\/naturalpoland.com\/wp-content\/uploads\/2021\/05\/natural-poland-icon.png","contentUrl":"https:\/\/naturalpoland.com\/wp-content\/uploads\/2021\/05\/natural-poland-icon.png","width":512,"height":512,"caption":"Natural Poland"},"image":{"@id":"https:\/\/naturalpoland.com\/cs\/#\/schema\/logo\/image\/"},"sameAs":["https:\/\/www.facebook.com\/naturalpoland.b2b","https:\/\/pl.linkedin.com\/company\/natural-poland","https:\/\/www.youtube.com\/channel\/UCgeGGkvOMahZo-xu_MSEWxg"]}]}},"_links":{"self":[{"href":"https:\/\/naturalpoland.com\/cs\/wp-json\/wp\/v2\/product\/39373","targetHints":{"allow":["GET"]}}],"collection":[{"href":"https:\/\/naturalpoland.com\/cs\/wp-json\/wp\/v2\/product"}],"about":[{"href":"https:\/\/naturalpoland.com\/cs\/wp-json\/wp\/v2\/types\/product"}],"wp:featuredmedia":[{"embeddable":true,"href":"https:\/\/naturalpoland.com\/cs\/wp-json\/wp\/v2\/media\/39263"}],"wp:attachment":[{"href":"https:\/\/naturalpoland.com\/cs\/wp-json\/wp\/v2\/media?parent=39373"}],"wp:term":[{"taxonomy":"product_brand","embeddable":true,"href":"https:\/\/naturalpoland.com\/cs\/wp-json\/wp\/v2\/product_brand?post=39373"},{"taxonomy":"product_cat","embeddable":true,"href":"https:\/\/naturalpoland.com\/cs\/wp-json\/wp\/v2\/product_cat?post=39373"},{"taxonomy":"product_tag","embeddable":true,"href":"https:\/\/naturalpoland.com\/cs\/wp-json\/wp\/v2\/product_tag?post=39373"}],"curies":[{"name":"wp","href":"https:\/\/api.w.org\/{rel}","templated":true}]}}