{"id":39389,"date":"2025-02-07T13:34:05","date_gmt":"2025-02-07T12:34:05","guid":{"rendered":"https:\/\/naturalpoland.com\/produkty\/neza\u0159azen\u00e9\/jahodove-aroma\/"},"modified":"2025-02-07T15:15:13","modified_gmt":"2025-02-07T14:15:13","slug":"jahodove-aroma","status":"publish","type":"product","link":"https:\/\/naturalpoland.com\/cs\/produkty\/produkty-pro-potravinarsky-prumysl\/aroma\/ovocna-aroma\/jahodove-aroma\/","title":{"rendered":"Jahodov\u00e9 aroma"},"content":{"rendered":"<h2>P\u0159\u00edrodn\u00ed jahodov\u00e9 aroma<\/h2>\n<h3>Tekut\u00e9 p\u0159\u00edrodn\u00ed jahodov\u00e9 aroma<\/h3>\n<p>P\u0159\u00edrodn\u00ed v\u016fn\u011b jsou vysoce kvalitn\u00ed kompozice, kter\u00e9 v\u011brn\u011b reprodukuj\u00ed v\u016fni skute\u010dn\u00e9ho ovoce. <strong> WONF QUANTITATIVE TRUSCUMBER FLAVOR<\/strong> s hlubok\u00fdm v\u00ednov\u00fdm charakterem dokonale reprodukuje zral\u00e9, \u0161\u0165avnat\u00e9 jahody a je odoln\u00fd v\u016f\u010di vysok\u00fdm teplot\u00e1m. Doporu\u010duje se pro peka\u0159sk\u00e9 v\u00fdrobky a aplikace vy\u017eaduj\u00edc\u00ed tepelnou stabilitu. Druh\u00e1 varianta t\u00e9to p\u0159\u00edchuti kombinuje rovnov\u00e1hu mezi zralou du\u017einou a jemn\u00fdmi zelen\u00fdmi t\u00f3ny, kter\u00e9 j\u00ed dod\u00e1vaj\u00ed sv\u011b\u017e\u00ed a p\u0159irozen\u00fd charakter.   <\/p>\n<p>Naproti tomu <strong>NATURAL TRUSCUMBER AROMATE<\/strong> je klasick\u00e1, \u010derstv\u00e1, zral\u00e1 jahoda, jej\u00ed\u017e intenzita a autenti\u010dnost se dob\u0159e uplatn\u00ed v pr\u00e9miov\u00fdch aplikac\u00edch.<\/p>\n<h3>P\u0159\u00edrodn\u00ed jahodov\u00e9 aroma v pr\u00e1\u0161ku<\/h3>\n<p>Pr\u00e1\u0161kov\u00e9 p\u0159\u00edchut\u011b jsou ur\u010deny pro pou\u017eit\u00ed v such\u00fdch sm\u011bs\u00edch. Pr\u00e1\u0161kov\u00e9 aroma <strong>WONF QUALITY TRUSKberry<\/strong> je esenc\u00ed v\u00ednov\u011b zral\u00fdch jahod a zachycuje hloubku a plnost chuti tohoto ovoce. <\/p>\n<p>&nbsp;<\/p>\n<h2>Tekut\u00e9 jahodov\u00e9 p\u0159\u00edchut\u011b:<\/h2>\n<p>Na\u0161e nab\u00eddka zahrnuje tak\u00e9 <strong>tekut\u00e9 jahodov\u00e9 p\u0159\u00edchut\u011b s r\u016fzn\u00fdm charakterem<\/strong>, kter\u00e9 jsou p\u0159izp\u016fsobeny specifick\u00fdm pot\u0159eb\u00e1m v\u00fdrobc\u016f potravin: <\/p>\n<ul>\n<li><strong>TRUCK LANDRINE<\/strong> se vyzna\u010duje sladk\u00fdm, bonb\u00f3nov\u00fdm charakterem s t\u00f3ny t\u0159e\u0161n\u00ed a malin,<\/li>\n<li><strong>CONCENTRATED TRUCK<\/strong> je intenzivn\u00ed v\u016fn\u011b \u010derstv\u00fdch, sladk\u00fdch jahod utr\u017een\u00fdch p\u0159\u00edmo z ke\u0159e,<\/li>\n<li><strong>V\u016eN\u011a VELMI ZRAL\u00ddCH A SLADK\u00ddCH TRUSKBERRY <\/strong>podtrhuje hloubku chuti zral\u00e9ho ovoce,<\/li>\n<li><strong>EXOTIC TRUSCRAVY AROMATIC<\/strong> kombinuje \u0161\u0165avnat\u00e9 jahody s exotick\u00fdmi akcenty,<\/li>\n<li><strong>B\u00cdL\u00dd JAHODOV\u00dd AROMATH <\/strong>je kombinac\u00ed \u010derstv\u00fdch jahod a \u0161\u0165\u00e1vy ze zral\u00e9ho ananasu,<\/li>\n<li><strong>DESSERT TRUSCUMBER AROMATE<\/strong> je varianta s kr\u00e9mov\u00fdm, ml\u00e9\u010dn\u00fdm n\u00e1dechem, kter\u00e1 se dokonale m\u00eds\u00ed se zmrzlinami, kr\u00e9my a cukr\u00e1\u0159sk\u00fdmi n\u00e1pln\u011bmi,<\/li>\n<li><strong>V\u016fn\u011b zral\u00fdch<\/strong> jahod &#8211; pln\u00e1, \u0161\u0165avnat\u00e1 jahoda,<\/li>\n<li><strong>KASHUBA TRUSKAWKA AROMATIC <\/strong>m\u00e1 v\u00edce zpracovan\u00e9 jahodov\u00e9 aroma,<\/li>\n<li><strong>TRUSKAWAWAK PREMIUM AROMATE<\/strong> je aromatick\u00e1, sladk\u00e1 jahoda s jahodov\u00fdm p\u0159\u00edzvukem,<\/li>\n<li><strong>TRUSKAWA CAKE AROMATE<\/strong> nab\u00edz\u00ed jemn\u00fd n\u00e1dech kr\u00e9mu, kter\u00fd p\u0159ipom\u00edn\u00e1 tradi\u010dn\u00ed pe\u010divo a kr\u00e9my.<\/li>\n<\/ul>\n<p>&nbsp;<\/p>\n","protected":false},"excerpt":{"rendered":"<p>Jahodov\u00e9 aroma je jednou z nejobl\u00edben\u011bj\u0161\u00edch a nejuniverz\u00e1ln\u011bj\u0161\u00edch v\u016fn\u00ed pou\u017e\u00edvan\u00fdch v potravin\u00e1\u0159sk\u00e9m pr\u016fmyslu. D\u00edky \u0161irok\u00e9 \u0161k\u00e1le variant lze jahodov\u00e1 aromata p\u0159izp\u016fsobit r\u016fzn\u00fdm aplikac\u00edm &#8211; od intenzivn\u00edch zemit\u00fdch t\u00f3n\u016f a\u017e po p\u0159\u00edrodn\u00ed kompozice, kter\u00e9 napodobuj\u00ed \u010derstv\u00e9 ovoce. <\/p>\n","protected":false},"featured_media":39290,"template":"","meta":{"_acf_changed":false},"product_brand":[],"product_cat":[7586],"product_tag":[],"class_list":{"0":"post-39389","1":"product","2":"type-product","3":"status-publish","4":"has-post-thumbnail","6":"product_cat-ovocna-aroma","8":"first","9":"instock","10":"shipping-taxable","11":"product-type-simple"},"acf":[],"yoast_head":"<!-- This site is optimized with the Yoast SEO plugin v27.5 - https:\/\/yoast.com\/product\/yoast-seo-wordpress\/ -->\n<title>Jahodov\u00e9 aroma - Velkoobchodn\u00ed distributor<\/title>\n<meta name=\"description\" content=\"Jahodov\u00e9 aroma je jednou z nejobl\u00edben\u011bj\u0161\u00edch a nejuniverz\u00e1ln\u011bj\u0161\u00edch v\u016fn\u00ed pou\u017e\u00edvan\u00fdch v potravin\u00e1\u0159sk\u00e9m a kosmetick\u00e9m pr\u016fmyslu.\" \/>\n<meta name=\"robots\" content=\"index, follow, max-snippet:-1, max-image-preview:large, max-video-preview:-1\" \/>\n<link rel=\"canonical\" href=\"https:\/\/naturalpoland.com\/cs\/produkty\/produkty-pro-potravinarsky-prumysl\/aroma\/ovocna-aroma\/jahodove-aroma\/\" \/>\n<meta property=\"og:locale\" content=\"cs_CZ\" \/>\n<meta property=\"og:type\" content=\"article\" \/>\n<meta property=\"og:title\" content=\"Jahodov\u00e9 aroma - Velkoobchodn\u00ed distributor\" \/>\n<meta property=\"og:description\" content=\"Jahodov\u00e9 aroma je jednou z nejobl\u00edben\u011bj\u0161\u00edch a nejuniverz\u00e1ln\u011bj\u0161\u00edch v\u016fn\u00ed pou\u017e\u00edvan\u00fdch v potravin\u00e1\u0159sk\u00e9m a kosmetick\u00e9m pr\u016fmyslu.\" \/>\n<meta property=\"og:url\" content=\"https:\/\/naturalpoland.com\/cs\/produkty\/produkty-pro-potravinarsky-prumysl\/aroma\/ovocna-aroma\/jahodove-aroma\/\" \/>\n<meta property=\"og:site_name\" content=\"NATURAL POLAND - Velkoobchodn\u00ed distributor surovin\" \/>\n<meta property=\"article:publisher\" content=\"https:\/\/www.facebook.com\/naturalpoland.b2b\" \/>\n<meta property=\"article:modified_time\" content=\"2025-02-07T14:15:13+00:00\" \/>\n<meta property=\"og:image\" content=\"https:\/\/naturalpoland.com\/wp-content\/uploads\/aromat-truskawkowy.webp\" \/>\n\t<meta property=\"og:image:width\" content=\"596\" \/>\n\t<meta property=\"og:image:height\" content=\"596\" \/>\n\t<meta property=\"og:image:type\" content=\"image\/webp\" \/>\n<script type=\"application\/ld+json\" class=\"yoast-schema-graph\">{\"@context\":\"https:\\\/\\\/schema.org\",\"@graph\":[{\"@type\":\"WebPage\",\"@id\":\"https:\\\/\\\/naturalpoland.com\\\/cs\\\/produkty\\\/produkty-pro-potravinarsky-prumysl\\\/aroma\\\/ovocna-aroma\\\/jahodove-aroma\\\/\",\"url\":\"https:\\\/\\\/naturalpoland.com\\\/cs\\\/produkty\\\/produkty-pro-potravinarsky-prumysl\\\/aroma\\\/ovocna-aroma\\\/jahodove-aroma\\\/\",\"name\":\"Jahodov\u00e9 aroma - Velkoobchodn\u00ed distributor\",\"isPartOf\":{\"@id\":\"https:\\\/\\\/naturalpoland.com\\\/cs\\\/#website\"},\"primaryImageOfPage\":{\"@id\":\"https:\\\/\\\/naturalpoland.com\\\/cs\\\/produkty\\\/produkty-pro-potravinarsky-prumysl\\\/aroma\\\/ovocna-aroma\\\/jahodove-aroma\\\/#primaryimage\"},\"image\":{\"@id\":\"https:\\\/\\\/naturalpoland.com\\\/cs\\\/produkty\\\/produkty-pro-potravinarsky-prumysl\\\/aroma\\\/ovocna-aroma\\\/jahodove-aroma\\\/#primaryimage\"},\"thumbnailUrl\":\"https:\\\/\\\/naturalpoland.com\\\/wp-content\\\/uploads\\\/aromat-truskawkowy.webp\",\"datePublished\":\"2025-02-07T12:34:05+00:00\",\"dateModified\":\"2025-02-07T14:15:13+00:00\",\"description\":\"Jahodov\u00e9 aroma je jednou z nejobl\u00edben\u011bj\u0161\u00edch a nejuniverz\u00e1ln\u011bj\u0161\u00edch v\u016fn\u00ed pou\u017e\u00edvan\u00fdch v potravin\u00e1\u0159sk\u00e9m a kosmetick\u00e9m pr\u016fmyslu.\",\"breadcrumb\":{\"@id\":\"https:\\\/\\\/naturalpoland.com\\\/cs\\\/produkty\\\/produkty-pro-potravinarsky-prumysl\\\/aroma\\\/ovocna-aroma\\\/jahodove-aroma\\\/#breadcrumb\"},\"inLanguage\":\"cs\",\"potentialAction\":[{\"@type\":\"ReadAction\",\"target\":[\"https:\\\/\\\/naturalpoland.com\\\/cs\\\/produkty\\\/produkty-pro-potravinarsky-prumysl\\\/aroma\\\/ovocna-aroma\\\/jahodove-aroma\\\/\"]}]},{\"@type\":\"ImageObject\",\"inLanguage\":\"cs\",\"@id\":\"https:\\\/\\\/naturalpoland.com\\\/cs\\\/produkty\\\/produkty-pro-potravinarsky-prumysl\\\/aroma\\\/ovocna-aroma\\\/jahodove-aroma\\\/#primaryimage\",\"url\":\"https:\\\/\\\/naturalpoland.com\\\/wp-content\\\/uploads\\\/aromat-truskawkowy.webp\",\"contentUrl\":\"https:\\\/\\\/naturalpoland.com\\\/wp-content\\\/uploads\\\/aromat-truskawkowy.webp\",\"width\":596,\"height\":596,\"caption\":\"aromat truskawkowy\"},{\"@type\":\"BreadcrumbList\",\"@id\":\"https:\\\/\\\/naturalpoland.com\\\/cs\\\/produkty\\\/produkty-pro-potravinarsky-prumysl\\\/aroma\\\/ovocna-aroma\\\/jahodove-aroma\\\/#breadcrumb\",\"itemListElement\":[{\"@type\":\"ListItem\",\"position\":1,\"name\":\"Dom\u016f\",\"item\":\"https:\\\/\\\/naturalpoland.com\\\/cs\\\/\"},{\"@type\":\"ListItem\",\"position\":2,\"name\":\"Produkty\",\"item\":\"https:\\\/\\\/naturalpoland.com\\\/cs\\\/produkty\\\/\"},{\"@type\":\"ListItem\",\"position\":3,\"name\":\"Jahodov\u00e9 aroma\"}]},{\"@type\":\"WebSite\",\"@id\":\"https:\\\/\\\/naturalpoland.com\\\/cs\\\/#website\",\"url\":\"https:\\\/\\\/naturalpoland.com\\\/cs\\\/\",\"name\":\"NATURAL POLAND - Velkoobchodn\u00ed distributor surovin\",\"description\":\"Surowce dla przemys\u0142u spo\u017cywczego, kosmetycznego i farmaceutycznego\",\"publisher\":{\"@id\":\"https:\\\/\\\/naturalpoland.com\\\/cs\\\/#organization\"},\"potentialAction\":[{\"@type\":\"SearchAction\",\"target\":{\"@type\":\"EntryPoint\",\"urlTemplate\":\"https:\\\/\\\/naturalpoland.com\\\/cs\\\/?s={search_term_string}\"},\"query-input\":{\"@type\":\"PropertyValueSpecification\",\"valueRequired\":true,\"valueName\":\"search_term_string\"}}],\"inLanguage\":\"cs\"},{\"@type\":\"Organization\",\"@id\":\"https:\\\/\\\/naturalpoland.com\\\/cs\\\/#organization\",\"name\":\"Natural Poland\",\"url\":\"https:\\\/\\\/naturalpoland.com\\\/cs\\\/\",\"logo\":{\"@type\":\"ImageObject\",\"inLanguage\":\"cs\",\"@id\":\"https:\\\/\\\/naturalpoland.com\\\/cs\\\/#\\\/schema\\\/logo\\\/image\\\/\",\"url\":\"https:\\\/\\\/naturalpoland.com\\\/wp-content\\\/uploads\\\/2021\\\/05\\\/natural-poland-icon.png\",\"contentUrl\":\"https:\\\/\\\/naturalpoland.com\\\/wp-content\\\/uploads\\\/2021\\\/05\\\/natural-poland-icon.png\",\"width\":512,\"height\":512,\"caption\":\"Natural Poland\"},\"image\":{\"@id\":\"https:\\\/\\\/naturalpoland.com\\\/cs\\\/#\\\/schema\\\/logo\\\/image\\\/\"},\"sameAs\":[\"https:\\\/\\\/www.facebook.com\\\/naturalpoland.b2b\",\"https:\\\/\\\/pl.linkedin.com\\\/company\\\/natural-poland\",\"https:\\\/\\\/www.youtube.com\\\/channel\\\/UCgeGGkvOMahZo-xu_MSEWxg\"]}]}<\/script>\n<!-- \/ Yoast SEO plugin. -->","yoast_head_json":{"title":"Jahodov\u00e9 aroma - Velkoobchodn\u00ed distributor","description":"Jahodov\u00e9 aroma je jednou z nejobl\u00edben\u011bj\u0161\u00edch a nejuniverz\u00e1ln\u011bj\u0161\u00edch v\u016fn\u00ed pou\u017e\u00edvan\u00fdch v potravin\u00e1\u0159sk\u00e9m a kosmetick\u00e9m pr\u016fmyslu.","robots":{"index":"index","follow":"follow","max-snippet":"max-snippet:-1","max-image-preview":"max-image-preview:large","max-video-preview":"max-video-preview:-1"},"canonical":"https:\/\/naturalpoland.com\/cs\/produkty\/produkty-pro-potravinarsky-prumysl\/aroma\/ovocna-aroma\/jahodove-aroma\/","og_locale":"cs_CZ","og_type":"article","og_title":"Jahodov\u00e9 aroma - Velkoobchodn\u00ed distributor","og_description":"Jahodov\u00e9 aroma je jednou z nejobl\u00edben\u011bj\u0161\u00edch a nejuniverz\u00e1ln\u011bj\u0161\u00edch v\u016fn\u00ed pou\u017e\u00edvan\u00fdch v potravin\u00e1\u0159sk\u00e9m a kosmetick\u00e9m pr\u016fmyslu.","og_url":"https:\/\/naturalpoland.com\/cs\/produkty\/produkty-pro-potravinarsky-prumysl\/aroma\/ovocna-aroma\/jahodove-aroma\/","og_site_name":"NATURAL POLAND - Velkoobchodn\u00ed distributor surovin","article_publisher":"https:\/\/www.facebook.com\/naturalpoland.b2b","article_modified_time":"2025-02-07T14:15:13+00:00","og_image":[{"width":596,"height":596,"url":"https:\/\/naturalpoland.com\/wp-content\/uploads\/aromat-truskawkowy.webp","type":"image\/webp"}],"schema":{"@context":"https:\/\/schema.org","@graph":[{"@type":"WebPage","@id":"https:\/\/naturalpoland.com\/cs\/produkty\/produkty-pro-potravinarsky-prumysl\/aroma\/ovocna-aroma\/jahodove-aroma\/","url":"https:\/\/naturalpoland.com\/cs\/produkty\/produkty-pro-potravinarsky-prumysl\/aroma\/ovocna-aroma\/jahodove-aroma\/","name":"Jahodov\u00e9 aroma - Velkoobchodn\u00ed distributor","isPartOf":{"@id":"https:\/\/naturalpoland.com\/cs\/#website"},"primaryImageOfPage":{"@id":"https:\/\/naturalpoland.com\/cs\/produkty\/produkty-pro-potravinarsky-prumysl\/aroma\/ovocna-aroma\/jahodove-aroma\/#primaryimage"},"image":{"@id":"https:\/\/naturalpoland.com\/cs\/produkty\/produkty-pro-potravinarsky-prumysl\/aroma\/ovocna-aroma\/jahodove-aroma\/#primaryimage"},"thumbnailUrl":"https:\/\/naturalpoland.com\/wp-content\/uploads\/aromat-truskawkowy.webp","datePublished":"2025-02-07T12:34:05+00:00","dateModified":"2025-02-07T14:15:13+00:00","description":"Jahodov\u00e9 aroma je jednou z nejobl\u00edben\u011bj\u0161\u00edch a nejuniverz\u00e1ln\u011bj\u0161\u00edch v\u016fn\u00ed pou\u017e\u00edvan\u00fdch v potravin\u00e1\u0159sk\u00e9m a kosmetick\u00e9m pr\u016fmyslu.","breadcrumb":{"@id":"https:\/\/naturalpoland.com\/cs\/produkty\/produkty-pro-potravinarsky-prumysl\/aroma\/ovocna-aroma\/jahodove-aroma\/#breadcrumb"},"inLanguage":"cs","potentialAction":[{"@type":"ReadAction","target":["https:\/\/naturalpoland.com\/cs\/produkty\/produkty-pro-potravinarsky-prumysl\/aroma\/ovocna-aroma\/jahodove-aroma\/"]}]},{"@type":"ImageObject","inLanguage":"cs","@id":"https:\/\/naturalpoland.com\/cs\/produkty\/produkty-pro-potravinarsky-prumysl\/aroma\/ovocna-aroma\/jahodove-aroma\/#primaryimage","url":"https:\/\/naturalpoland.com\/wp-content\/uploads\/aromat-truskawkowy.webp","contentUrl":"https:\/\/naturalpoland.com\/wp-content\/uploads\/aromat-truskawkowy.webp","width":596,"height":596,"caption":"aromat truskawkowy"},{"@type":"BreadcrumbList","@id":"https:\/\/naturalpoland.com\/cs\/produkty\/produkty-pro-potravinarsky-prumysl\/aroma\/ovocna-aroma\/jahodove-aroma\/#breadcrumb","itemListElement":[{"@type":"ListItem","position":1,"name":"Dom\u016f","item":"https:\/\/naturalpoland.com\/cs\/"},{"@type":"ListItem","position":2,"name":"Produkty","item":"https:\/\/naturalpoland.com\/cs\/produkty\/"},{"@type":"ListItem","position":3,"name":"Jahodov\u00e9 aroma"}]},{"@type":"WebSite","@id":"https:\/\/naturalpoland.com\/cs\/#website","url":"https:\/\/naturalpoland.com\/cs\/","name":"NATURAL POLAND - Velkoobchodn\u00ed distributor surovin","description":"Surowce dla przemys\u0142u spo\u017cywczego, kosmetycznego i farmaceutycznego","publisher":{"@id":"https:\/\/naturalpoland.com\/cs\/#organization"},"potentialAction":[{"@type":"SearchAction","target":{"@type":"EntryPoint","urlTemplate":"https:\/\/naturalpoland.com\/cs\/?s={search_term_string}"},"query-input":{"@type":"PropertyValueSpecification","valueRequired":true,"valueName":"search_term_string"}}],"inLanguage":"cs"},{"@type":"Organization","@id":"https:\/\/naturalpoland.com\/cs\/#organization","name":"Natural Poland","url":"https:\/\/naturalpoland.com\/cs\/","logo":{"@type":"ImageObject","inLanguage":"cs","@id":"https:\/\/naturalpoland.com\/cs\/#\/schema\/logo\/image\/","url":"https:\/\/naturalpoland.com\/wp-content\/uploads\/2021\/05\/natural-poland-icon.png","contentUrl":"https:\/\/naturalpoland.com\/wp-content\/uploads\/2021\/05\/natural-poland-icon.png","width":512,"height":512,"caption":"Natural Poland"},"image":{"@id":"https:\/\/naturalpoland.com\/cs\/#\/schema\/logo\/image\/"},"sameAs":["https:\/\/www.facebook.com\/naturalpoland.b2b","https:\/\/pl.linkedin.com\/company\/natural-poland","https:\/\/www.youtube.com\/channel\/UCgeGGkvOMahZo-xu_MSEWxg"]}]}},"_links":{"self":[{"href":"https:\/\/naturalpoland.com\/cs\/wp-json\/wp\/v2\/product\/39389","targetHints":{"allow":["GET"]}}],"collection":[{"href":"https:\/\/naturalpoland.com\/cs\/wp-json\/wp\/v2\/product"}],"about":[{"href":"https:\/\/naturalpoland.com\/cs\/wp-json\/wp\/v2\/types\/product"}],"wp:featuredmedia":[{"embeddable":true,"href":"https:\/\/naturalpoland.com\/cs\/wp-json\/wp\/v2\/media\/39290"}],"wp:attachment":[{"href":"https:\/\/naturalpoland.com\/cs\/wp-json\/wp\/v2\/media?parent=39389"}],"wp:term":[{"taxonomy":"product_brand","embeddable":true,"href":"https:\/\/naturalpoland.com\/cs\/wp-json\/wp\/v2\/product_brand?post=39389"},{"taxonomy":"product_cat","embeddable":true,"href":"https:\/\/naturalpoland.com\/cs\/wp-json\/wp\/v2\/product_cat?post=39389"},{"taxonomy":"product_tag","embeddable":true,"href":"https:\/\/naturalpoland.com\/cs\/wp-json\/wp\/v2\/product_tag?post=39389"}],"curies":[{"name":"wp","href":"https:\/\/api.w.org\/{rel}","templated":true}]}}