{"id":39419,"date":"2025-02-07T15:39:14","date_gmt":"2025-02-07T14:42:28","guid":{"rendered":"https:\/\/naturalpoland.com\/produkty\/neza\u0159azen\u00e9\/bromelain\/"},"modified":"2025-02-07T15:42:28","modified_gmt":"2025-02-07T14:42:28","slug":"bromelain","status":"publish","type":"product","link":"https:\/\/naturalpoland.com\/cs\/produkty\/produkty-pro-farmaceuticky-a-zdravotnicky-prumysl\/pridavky-k-doplnkum-stravy\/bromelain\/","title":{"rendered":"Bromelain"},"content":{"rendered":"<h2>Charakteristika a vlastnosti bromelaninu:<\/h2>\n<p>Bromelain je b\u00edl\u00fd nebo m\u00edrn\u011b kr\u00e9mov\u00fd jemn\u00fd pr\u00e1\u0161ek charakteristick\u00e9 v\u016fn\u011b a chuti, dob\u0159e rozpustn\u00fd ve vod\u011b.<\/p>\n<p>Je to siln\u00fd proteolytick\u00fd enzym, co\u017e znamen\u00e1, \u017ee \u00fa\u010dinn\u011b rozkl\u00e1d\u00e1 b\u00edlkoviny na men\u0161\u00ed peptidy a aminokyseliny. Vykazuje siln\u00e9 protiz\u00e1n\u011btliv\u00e9 \u00fa\u010dinky, pom\u00e1h\u00e1 sni\u017eovat bolest a zlep\u0161uje regeneraci tk\u00e1n\u00ed. Svou schopnost\u00ed \u0161t\u011bpit b\u00edlkoviny napom\u00e1h\u00e1 tr\u00e1ven\u00ed. Nav\u00edc usnad\u0148uje vst\u0159eb\u00e1v\u00e1n\u00ed \u017eivin a sni\u017euje riziko za\u017e\u00edvac\u00edch pot\u00ed\u017e\u00ed. V\u00fdzkumy nav\u00edc nazna\u010duj\u00ed, \u017ee bromelain m\u016f\u017ee sv\u00fdmi protisr\u00e1\u017eliv\u00fdmi \u00fa\u010dinky p\u0159isp\u00edvat ke sn\u00ed\u017een\u00ed rizika vzniku krevn\u00edch sra\u017eenin.    <\/p>\n<p><span style=\"color: #333333; font-size: 14.4px;\">Tento enzym se \u010dasto pou\u017e\u00edv\u00e1 v dopl\u0148c\u00edch stravy pro sportovce, proto\u017ee podporuje sni\u017eov\u00e1n\u00ed z\u00e1n\u011btu, urychluje hojen\u00ed ran a napom\u00e1h\u00e1 regeneraci sval\u016f po intenzivn\u00edm cvi\u010den\u00ed.<\/span><\/p>\n<h2>Pou\u017eit\u00ed bromelaninu:<\/h2>\n<ul>\n<li><strong>Dopl\u0148ky stravy<\/strong> &#8211; kapsle, tablety na podporu tr\u00e1ven\u00ed a zdrav\u00ed kloub\u016f.<\/li>\n<li><strong>Potravin\u00e1\u0159sk\u00fd pr\u016fmysl<\/strong> &#8211; jako zm\u011bk\u010dovadlo masa a ke zlep\u0161en\u00ed stravitelnosti b\u00edlkovin.<\/li>\n<li><strong>Kosmetika<\/strong> &#8211; exfolia\u010dn\u00ed p\u0159\u00edpravky, enzymatick\u00e9 peelingy.<\/li>\n<li><strong>Farmaceutick\u00fd pr\u016fmysl<\/strong> &#8211; podpora l\u00e9\u010dby z\u00e1n\u011bt\u016f a terapie podporuj\u00edc\u00ed imunitn\u00ed syst\u00e9m.<\/li>\n<\/ul>\n","protected":false},"excerpt":{"rendered":"<p>Bromelain je proteolytick\u00fd enzym z\u00edsk\u00e1van\u00fd ze stonku a ko\u0159en\u016f<em>ananasu (Ananas comosus)<\/em>. Surovina se vyzna\u010duje \u010distotou, vysokou enzymatickou aktivitou a vynikaj\u00edc\u00ed kvalitou potvrzenou laboratorn\u00edmi testy. <\/p>\n","protected":false},"featured_media":39403,"template":"","meta":{"_acf_changed":false},"product_brand":[],"product_cat":[629],"product_tag":[],"class_list":{"0":"post-39419","1":"product","2":"type-product","3":"status-publish","4":"has-post-thumbnail","6":"product_cat-pridavky-k-doplnkum-stravy","7":"pa_czesc-rosliny-kmen","8":"pa_czesc-rosliny-root","10":"first","11":"instock","12":"shipping-taxable","13":"product-type-simple"},"acf":[],"yoast_head":"<!-- This site is optimized with the Yoast SEO plugin v27.5 - https:\/\/yoast.com\/product\/yoast-seo-wordpress\/ -->\n<title>Bromelain - Velkoobchodn\u00ed distributor<\/title>\n<meta name=\"description\" content=\"Bromelain je vysoce kvalitn\u00ed proteolytick\u00fd enzym s \u0161irok\u00fdm spektrem vyu\u017eit\u00ed, z\u00edsk\u00e1van\u00fd ze stonku a ko\u0159en\u016f ananasu (Ananas comosus).\" \/>\n<meta name=\"robots\" content=\"index, follow, max-snippet:-1, max-image-preview:large, max-video-preview:-1\" \/>\n<link rel=\"canonical\" href=\"https:\/\/naturalpoland.com\/cs\/produkty\/produkty-pro-farmaceuticky-a-zdravotnicky-prumysl\/pridavky-k-doplnkum-stravy\/bromelain\/\" \/>\n<meta property=\"og:locale\" content=\"cs_CZ\" \/>\n<meta property=\"og:type\" content=\"article\" \/>\n<meta property=\"og:title\" content=\"Bromelain - Velkoobchodn\u00ed distributor\" \/>\n<meta property=\"og:description\" content=\"Bromelain je vysoce kvalitn\u00ed proteolytick\u00fd enzym s \u0161irok\u00fdm spektrem vyu\u017eit\u00ed, z\u00edsk\u00e1van\u00fd ze stonku a ko\u0159en\u016f ananasu (Ananas comosus).\" \/>\n<meta property=\"og:url\" content=\"https:\/\/naturalpoland.com\/cs\/produkty\/produkty-pro-farmaceuticky-a-zdravotnicky-prumysl\/pridavky-k-doplnkum-stravy\/bromelain\/\" \/>\n<meta property=\"og:site_name\" content=\"NATURAL POLAND - Velkoobchodn\u00ed distributor surovin\" \/>\n<meta property=\"article:publisher\" content=\"https:\/\/www.facebook.com\/naturalpoland.b2b\" \/>\n<meta property=\"og:image\" content=\"https:\/\/naturalpoland.com\/wp-content\/uploads\/bromelanina.webp\" \/>\n\t<meta property=\"og:image:width\" content=\"592\" \/>\n\t<meta property=\"og:image:height\" content=\"592\" \/>\n\t<meta property=\"og:image:type\" content=\"image\/webp\" \/>\n<script type=\"application\/ld+json\" class=\"yoast-schema-graph\">{\"@context\":\"https:\\\/\\\/schema.org\",\"@graph\":[{\"@type\":\"WebPage\",\"@id\":\"https:\\\/\\\/naturalpoland.com\\\/cs\\\/produkty\\\/produkty-pro-farmaceuticky-a-zdravotnicky-prumysl\\\/pridavky-k-doplnkum-stravy\\\/bromelain\\\/\",\"url\":\"https:\\\/\\\/naturalpoland.com\\\/cs\\\/produkty\\\/produkty-pro-farmaceuticky-a-zdravotnicky-prumysl\\\/pridavky-k-doplnkum-stravy\\\/bromelain\\\/\",\"name\":\"Bromelain - Velkoobchodn\u00ed distributor\",\"isPartOf\":{\"@id\":\"https:\\\/\\\/naturalpoland.com\\\/cs\\\/#website\"},\"primaryImageOfPage\":{\"@id\":\"https:\\\/\\\/naturalpoland.com\\\/cs\\\/produkty\\\/produkty-pro-farmaceuticky-a-zdravotnicky-prumysl\\\/pridavky-k-doplnkum-stravy\\\/bromelain\\\/#primaryimage\"},\"image\":{\"@id\":\"https:\\\/\\\/naturalpoland.com\\\/cs\\\/produkty\\\/produkty-pro-farmaceuticky-a-zdravotnicky-prumysl\\\/pridavky-k-doplnkum-stravy\\\/bromelain\\\/#primaryimage\"},\"thumbnailUrl\":\"https:\\\/\\\/naturalpoland.com\\\/wp-content\\\/uploads\\\/bromelanina.webp\",\"datePublished\":\"2025-02-07T14:42:28+00:00\",\"description\":\"Bromelain je vysoce kvalitn\u00ed proteolytick\u00fd enzym s \u0161irok\u00fdm spektrem vyu\u017eit\u00ed, z\u00edsk\u00e1van\u00fd ze stonku a ko\u0159en\u016f ananasu (Ananas comosus).\",\"breadcrumb\":{\"@id\":\"https:\\\/\\\/naturalpoland.com\\\/cs\\\/produkty\\\/produkty-pro-farmaceuticky-a-zdravotnicky-prumysl\\\/pridavky-k-doplnkum-stravy\\\/bromelain\\\/#breadcrumb\"},\"inLanguage\":\"cs\",\"potentialAction\":[{\"@type\":\"ReadAction\",\"target\":[\"https:\\\/\\\/naturalpoland.com\\\/cs\\\/produkty\\\/produkty-pro-farmaceuticky-a-zdravotnicky-prumysl\\\/pridavky-k-doplnkum-stravy\\\/bromelain\\\/\"]}]},{\"@type\":\"ImageObject\",\"inLanguage\":\"cs\",\"@id\":\"https:\\\/\\\/naturalpoland.com\\\/cs\\\/produkty\\\/produkty-pro-farmaceuticky-a-zdravotnicky-prumysl\\\/pridavky-k-doplnkum-stravy\\\/bromelain\\\/#primaryimage\",\"url\":\"https:\\\/\\\/naturalpoland.com\\\/wp-content\\\/uploads\\\/bromelanina.webp\",\"contentUrl\":\"https:\\\/\\\/naturalpoland.com\\\/wp-content\\\/uploads\\\/bromelanina.webp\",\"width\":592,\"height\":592,\"caption\":\"bromelanina\"},{\"@type\":\"BreadcrumbList\",\"@id\":\"https:\\\/\\\/naturalpoland.com\\\/cs\\\/produkty\\\/produkty-pro-farmaceuticky-a-zdravotnicky-prumysl\\\/pridavky-k-doplnkum-stravy\\\/bromelain\\\/#breadcrumb\",\"itemListElement\":[{\"@type\":\"ListItem\",\"position\":1,\"name\":\"Dom\u016f\",\"item\":\"https:\\\/\\\/naturalpoland.com\\\/cs\\\/\"},{\"@type\":\"ListItem\",\"position\":2,\"name\":\"Produkty\",\"item\":\"https:\\\/\\\/naturalpoland.com\\\/cs\\\/produkty\\\/\"},{\"@type\":\"ListItem\",\"position\":3,\"name\":\"Bromelain\"}]},{\"@type\":\"WebSite\",\"@id\":\"https:\\\/\\\/naturalpoland.com\\\/cs\\\/#website\",\"url\":\"https:\\\/\\\/naturalpoland.com\\\/cs\\\/\",\"name\":\"NATURAL POLAND - Velkoobchodn\u00ed distributor surovin\",\"description\":\"Surowce dla przemys\u0142u spo\u017cywczego, kosmetycznego i farmaceutycznego\",\"publisher\":{\"@id\":\"https:\\\/\\\/naturalpoland.com\\\/cs\\\/#organization\"},\"potentialAction\":[{\"@type\":\"SearchAction\",\"target\":{\"@type\":\"EntryPoint\",\"urlTemplate\":\"https:\\\/\\\/naturalpoland.com\\\/cs\\\/?s={search_term_string}\"},\"query-input\":{\"@type\":\"PropertyValueSpecification\",\"valueRequired\":true,\"valueName\":\"search_term_string\"}}],\"inLanguage\":\"cs\"},{\"@type\":\"Organization\",\"@id\":\"https:\\\/\\\/naturalpoland.com\\\/cs\\\/#organization\",\"name\":\"Natural Poland\",\"url\":\"https:\\\/\\\/naturalpoland.com\\\/cs\\\/\",\"logo\":{\"@type\":\"ImageObject\",\"inLanguage\":\"cs\",\"@id\":\"https:\\\/\\\/naturalpoland.com\\\/cs\\\/#\\\/schema\\\/logo\\\/image\\\/\",\"url\":\"https:\\\/\\\/naturalpoland.com\\\/wp-content\\\/uploads\\\/2021\\\/05\\\/natural-poland-icon.png\",\"contentUrl\":\"https:\\\/\\\/naturalpoland.com\\\/wp-content\\\/uploads\\\/2021\\\/05\\\/natural-poland-icon.png\",\"width\":512,\"height\":512,\"caption\":\"Natural Poland\"},\"image\":{\"@id\":\"https:\\\/\\\/naturalpoland.com\\\/cs\\\/#\\\/schema\\\/logo\\\/image\\\/\"},\"sameAs\":[\"https:\\\/\\\/www.facebook.com\\\/naturalpoland.b2b\",\"https:\\\/\\\/pl.linkedin.com\\\/company\\\/natural-poland\",\"https:\\\/\\\/www.youtube.com\\\/channel\\\/UCgeGGkvOMahZo-xu_MSEWxg\"]}]}<\/script>\n<!-- \/ Yoast SEO plugin. -->","yoast_head_json":{"title":"Bromelain - Velkoobchodn\u00ed distributor","description":"Bromelain je vysoce kvalitn\u00ed proteolytick\u00fd enzym s \u0161irok\u00fdm spektrem vyu\u017eit\u00ed, z\u00edsk\u00e1van\u00fd ze stonku a ko\u0159en\u016f ananasu (Ananas comosus).","robots":{"index":"index","follow":"follow","max-snippet":"max-snippet:-1","max-image-preview":"max-image-preview:large","max-video-preview":"max-video-preview:-1"},"canonical":"https:\/\/naturalpoland.com\/cs\/produkty\/produkty-pro-farmaceuticky-a-zdravotnicky-prumysl\/pridavky-k-doplnkum-stravy\/bromelain\/","og_locale":"cs_CZ","og_type":"article","og_title":"Bromelain - Velkoobchodn\u00ed distributor","og_description":"Bromelain je vysoce kvalitn\u00ed proteolytick\u00fd enzym s \u0161irok\u00fdm spektrem vyu\u017eit\u00ed, z\u00edsk\u00e1van\u00fd ze stonku a ko\u0159en\u016f ananasu (Ananas comosus).","og_url":"https:\/\/naturalpoland.com\/cs\/produkty\/produkty-pro-farmaceuticky-a-zdravotnicky-prumysl\/pridavky-k-doplnkum-stravy\/bromelain\/","og_site_name":"NATURAL POLAND - Velkoobchodn\u00ed distributor surovin","article_publisher":"https:\/\/www.facebook.com\/naturalpoland.b2b","og_image":[{"width":592,"height":592,"url":"https:\/\/naturalpoland.com\/wp-content\/uploads\/bromelanina.webp","type":"image\/webp"}],"schema":{"@context":"https:\/\/schema.org","@graph":[{"@type":"WebPage","@id":"https:\/\/naturalpoland.com\/cs\/produkty\/produkty-pro-farmaceuticky-a-zdravotnicky-prumysl\/pridavky-k-doplnkum-stravy\/bromelain\/","url":"https:\/\/naturalpoland.com\/cs\/produkty\/produkty-pro-farmaceuticky-a-zdravotnicky-prumysl\/pridavky-k-doplnkum-stravy\/bromelain\/","name":"Bromelain - Velkoobchodn\u00ed distributor","isPartOf":{"@id":"https:\/\/naturalpoland.com\/cs\/#website"},"primaryImageOfPage":{"@id":"https:\/\/naturalpoland.com\/cs\/produkty\/produkty-pro-farmaceuticky-a-zdravotnicky-prumysl\/pridavky-k-doplnkum-stravy\/bromelain\/#primaryimage"},"image":{"@id":"https:\/\/naturalpoland.com\/cs\/produkty\/produkty-pro-farmaceuticky-a-zdravotnicky-prumysl\/pridavky-k-doplnkum-stravy\/bromelain\/#primaryimage"},"thumbnailUrl":"https:\/\/naturalpoland.com\/wp-content\/uploads\/bromelanina.webp","datePublished":"2025-02-07T14:42:28+00:00","description":"Bromelain je vysoce kvalitn\u00ed proteolytick\u00fd enzym s \u0161irok\u00fdm spektrem vyu\u017eit\u00ed, z\u00edsk\u00e1van\u00fd ze stonku a ko\u0159en\u016f ananasu (Ananas comosus).","breadcrumb":{"@id":"https:\/\/naturalpoland.com\/cs\/produkty\/produkty-pro-farmaceuticky-a-zdravotnicky-prumysl\/pridavky-k-doplnkum-stravy\/bromelain\/#breadcrumb"},"inLanguage":"cs","potentialAction":[{"@type":"ReadAction","target":["https:\/\/naturalpoland.com\/cs\/produkty\/produkty-pro-farmaceuticky-a-zdravotnicky-prumysl\/pridavky-k-doplnkum-stravy\/bromelain\/"]}]},{"@type":"ImageObject","inLanguage":"cs","@id":"https:\/\/naturalpoland.com\/cs\/produkty\/produkty-pro-farmaceuticky-a-zdravotnicky-prumysl\/pridavky-k-doplnkum-stravy\/bromelain\/#primaryimage","url":"https:\/\/naturalpoland.com\/wp-content\/uploads\/bromelanina.webp","contentUrl":"https:\/\/naturalpoland.com\/wp-content\/uploads\/bromelanina.webp","width":592,"height":592,"caption":"bromelanina"},{"@type":"BreadcrumbList","@id":"https:\/\/naturalpoland.com\/cs\/produkty\/produkty-pro-farmaceuticky-a-zdravotnicky-prumysl\/pridavky-k-doplnkum-stravy\/bromelain\/#breadcrumb","itemListElement":[{"@type":"ListItem","position":1,"name":"Dom\u016f","item":"https:\/\/naturalpoland.com\/cs\/"},{"@type":"ListItem","position":2,"name":"Produkty","item":"https:\/\/naturalpoland.com\/cs\/produkty\/"},{"@type":"ListItem","position":3,"name":"Bromelain"}]},{"@type":"WebSite","@id":"https:\/\/naturalpoland.com\/cs\/#website","url":"https:\/\/naturalpoland.com\/cs\/","name":"NATURAL POLAND - Velkoobchodn\u00ed distributor surovin","description":"Surowce dla przemys\u0142u spo\u017cywczego, kosmetycznego i farmaceutycznego","publisher":{"@id":"https:\/\/naturalpoland.com\/cs\/#organization"},"potentialAction":[{"@type":"SearchAction","target":{"@type":"EntryPoint","urlTemplate":"https:\/\/naturalpoland.com\/cs\/?s={search_term_string}"},"query-input":{"@type":"PropertyValueSpecification","valueRequired":true,"valueName":"search_term_string"}}],"inLanguage":"cs"},{"@type":"Organization","@id":"https:\/\/naturalpoland.com\/cs\/#organization","name":"Natural Poland","url":"https:\/\/naturalpoland.com\/cs\/","logo":{"@type":"ImageObject","inLanguage":"cs","@id":"https:\/\/naturalpoland.com\/cs\/#\/schema\/logo\/image\/","url":"https:\/\/naturalpoland.com\/wp-content\/uploads\/2021\/05\/natural-poland-icon.png","contentUrl":"https:\/\/naturalpoland.com\/wp-content\/uploads\/2021\/05\/natural-poland-icon.png","width":512,"height":512,"caption":"Natural Poland"},"image":{"@id":"https:\/\/naturalpoland.com\/cs\/#\/schema\/logo\/image\/"},"sameAs":["https:\/\/www.facebook.com\/naturalpoland.b2b","https:\/\/pl.linkedin.com\/company\/natural-poland","https:\/\/www.youtube.com\/channel\/UCgeGGkvOMahZo-xu_MSEWxg"]}]}},"_links":{"self":[{"href":"https:\/\/naturalpoland.com\/cs\/wp-json\/wp\/v2\/product\/39419","targetHints":{"allow":["GET"]}}],"collection":[{"href":"https:\/\/naturalpoland.com\/cs\/wp-json\/wp\/v2\/product"}],"about":[{"href":"https:\/\/naturalpoland.com\/cs\/wp-json\/wp\/v2\/types\/product"}],"wp:featuredmedia":[{"embeddable":true,"href":"https:\/\/naturalpoland.com\/cs\/wp-json\/wp\/v2\/media\/39403"}],"wp:attachment":[{"href":"https:\/\/naturalpoland.com\/cs\/wp-json\/wp\/v2\/media?parent=39419"}],"wp:term":[{"taxonomy":"product_brand","embeddable":true,"href":"https:\/\/naturalpoland.com\/cs\/wp-json\/wp\/v2\/product_brand?post=39419"},{"taxonomy":"product_cat","embeddable":true,"href":"https:\/\/naturalpoland.com\/cs\/wp-json\/wp\/v2\/product_cat?post=39419"},{"taxonomy":"product_tag","embeddable":true,"href":"https:\/\/naturalpoland.com\/cs\/wp-json\/wp\/v2\/product_tag?post=39419"}],"curies":[{"name":"wp","href":"https:\/\/api.w.org\/{rel}","templated":true}]}}