{"id":39778,"date":"2025-02-11T15:20:08","date_gmt":"2025-02-12T16:00:44","guid":{"rendered":"https:\/\/naturalpoland.com\/produkty\/neza\u0159azen\u00e9\/rumove-aroma\/"},"modified":"2025-02-12T17:00:44","modified_gmt":"2025-02-12T16:00:44","slug":"rumove-aroma","status":"publish","type":"product","link":"https:\/\/naturalpoland.com\/cs\/produkty\/produkty-pro-potravinarsky-prumysl\/aroma\/alkoholove-aroma\/rumove-aroma\/","title":{"rendered":"Rumov\u00e9 aroma"},"content":{"rendered":"<p data-start=\"2105\" data-end=\"2681\"><strong>Kvalitn\u00ed p\u0159\u00edrodn\u00ed rumov\u00e9 aroma WONF v tekut\u00e9m stavu<\/strong> se vyzna\u010duje such\u00fdm rumov\u00fdm charakterem obohacen\u00fdm o n\u00e1dech lan\u00fd\u017eov\u00e9 pralinky. Doporu\u010duje se pro pr\u00e9miov\u00e9 v\u00fdrobky, jako jsou \u010dokol\u00e1dy, dezerty nebo exkluzivn\u00ed pe\u010divo. <\/p>\n<p data-start=\"2105\" data-end=\"2681\"><strong>Kapaln\u00e9 varianty na b\u00e1zi glykolu<\/strong> pokr\u00fdvaj\u00ed \u0161irokou \u0161k\u00e1lu chu\u0165ov\u00fdch profil\u016f:<\/p>\n<ul>\n<li data-start=\"2105\" data-end=\"2681\">Klasick\u00e1 rumov\u00e1 v\u016fn\u011b s jemn\u00fdmi t\u00f3ny medu a pomeran\u010de,<\/li>\n<li data-start=\"2105\" data-end=\"2681\">slad\u0161\u00ed, cukr\u00e1\u0159sk\u00e9 verze rumov\u00e9 v\u016fn\u011b,<\/li>\n<li data-start=\"2105\" data-end=\"2681\">v\u016fn\u011b rumu obohacen\u00e1 o prvky v\u00edna,<\/li>\n<li data-start=\"2105\" data-end=\"2681\">koncentrovan\u00e1, intenzivn\u00ed esence ve stylu jamajsk\u00e9ho rumu s v\u00fdrazn\u00fdmi t\u00f3ny su\u0161en\u00fdch \u0161vestek a alkoholu.<\/li>\n<\/ul>\n<p data-start=\"2683\" data-end=\"2959\"><strong>Pr\u00e1\u0161kov\u00e9 p\u0159\u00edchut\u011b nap<\/strong> roti tomu p\u0159en\u00e1\u0161ej\u00ed esenci rumu do such\u00e9 formy, tak\u017ee je lze snadno pou\u017e\u00edt do sm\u011bs\u00ed na dorty, ml\u00e9\u010dn\u00fdch v\u00fdrobk\u016f nebo cukrovinek. Sladk\u00fd rum s prvky jamajsk\u00e9 odr\u016fdy tohoto slo\u017een\u00ed dod\u00e1v\u00e1 v\u00fdrobk\u016fm intenzivn\u00ed, hlubok\u00fd aromatick\u00fd profil. <\/p>\n","protected":false},"excerpt":{"rendered":"<p><strong>Rum Aroma<\/strong> je klasick\u00e1 vonn\u00e1 kompozice, kter\u00e1 zachycuje bohat\u00fd a komplexn\u00ed charakter rumu &#8211; od sladk\u00fdch, dezertn\u00edch variant a\u017e po such\u00e9, jamajsk\u00fdm rumem inspirovan\u00e9.<\/p>\n","protected":false},"featured_media":39732,"template":"","meta":{"_acf_changed":false},"product_brand":[],"product_cat":[7764],"product_tag":[],"class_list":{"0":"post-39778","1":"product","2":"type-product","3":"status-publish","4":"has-post-thumbnail","6":"product_cat-alkoholove-aroma","8":"first","9":"instock","10":"shipping-taxable","11":"product-type-simple"},"acf":[],"yoast_head":"<!-- This site is optimized with the Yoast SEO plugin v27.4 - https:\/\/yoast.com\/product\/yoast-seo-wordpress\/ -->\n<title>Rumov\u00e9 aroma - Velkoobchodn\u00ed distributor<\/title>\n<meta name=\"description\" content=\"Rumov\u00e9 aroma vystihuje bohat\u00fd a komplexn\u00ed charakter rumu - od sladk\u00fdch dezertn\u00edch variant a\u017e po such\u00e9 varianty inspirovan\u00e9 jamajsk\u00fdm rumem.\" \/>\n<meta name=\"robots\" content=\"index, follow, max-snippet:-1, max-image-preview:large, max-video-preview:-1\" \/>\n<link rel=\"canonical\" href=\"https:\/\/naturalpoland.com\/cs\/produkty\/produkty-pro-potravinarsky-prumysl\/aroma\/alkoholove-aroma\/rumove-aroma\/\" \/>\n<meta property=\"og:locale\" content=\"cs_CZ\" \/>\n<meta property=\"og:type\" content=\"article\" \/>\n<meta property=\"og:title\" content=\"Rumov\u00e9 aroma - Velkoobchodn\u00ed distributor\" \/>\n<meta property=\"og:description\" content=\"Rumov\u00e9 aroma vystihuje bohat\u00fd a komplexn\u00ed charakter rumu - od sladk\u00fdch dezertn\u00edch variant a\u017e po such\u00e9 varianty inspirovan\u00e9 jamajsk\u00fdm rumem.\" \/>\n<meta property=\"og:url\" content=\"https:\/\/naturalpoland.com\/cs\/produkty\/produkty-pro-potravinarsky-prumysl\/aroma\/alkoholove-aroma\/rumove-aroma\/\" \/>\n<meta property=\"og:site_name\" content=\"NATURAL POLAND - Velkoobchodn\u00ed distributor surovin\" \/>\n<meta property=\"article:publisher\" content=\"https:\/\/www.facebook.com\/naturalpoland.b2b\" \/>\n<meta property=\"og:image\" content=\"https:\/\/naturalpoland.com\/wp-content\/uploads\/aromat-rumowy.webp\" \/>\n\t<meta property=\"og:image:width\" content=\"592\" \/>\n\t<meta property=\"og:image:height\" content=\"592\" \/>\n\t<meta property=\"og:image:type\" content=\"image\/webp\" \/>\n<script type=\"application\/ld+json\" class=\"yoast-schema-graph\">{\"@context\":\"https:\\\/\\\/schema.org\",\"@graph\":[{\"@type\":\"WebPage\",\"@id\":\"https:\\\/\\\/naturalpoland.com\\\/cs\\\/produkty\\\/produkty-pro-potravinarsky-prumysl\\\/aroma\\\/alkoholove-aroma\\\/rumove-aroma\\\/\",\"url\":\"https:\\\/\\\/naturalpoland.com\\\/cs\\\/produkty\\\/produkty-pro-potravinarsky-prumysl\\\/aroma\\\/alkoholove-aroma\\\/rumove-aroma\\\/\",\"name\":\"Rumov\u00e9 aroma - Velkoobchodn\u00ed distributor\",\"isPartOf\":{\"@id\":\"https:\\\/\\\/naturalpoland.com\\\/cs\\\/#website\"},\"primaryImageOfPage\":{\"@id\":\"https:\\\/\\\/naturalpoland.com\\\/cs\\\/produkty\\\/produkty-pro-potravinarsky-prumysl\\\/aroma\\\/alkoholove-aroma\\\/rumove-aroma\\\/#primaryimage\"},\"image\":{\"@id\":\"https:\\\/\\\/naturalpoland.com\\\/cs\\\/produkty\\\/produkty-pro-potravinarsky-prumysl\\\/aroma\\\/alkoholove-aroma\\\/rumove-aroma\\\/#primaryimage\"},\"thumbnailUrl\":\"https:\\\/\\\/naturalpoland.com\\\/wp-content\\\/uploads\\\/aromat-rumowy.webp\",\"datePublished\":\"2025-02-12T16:00:44+00:00\",\"description\":\"Rumov\u00e9 aroma vystihuje bohat\u00fd a komplexn\u00ed charakter rumu - od sladk\u00fdch dezertn\u00edch variant a\u017e po such\u00e9 varianty inspirovan\u00e9 jamajsk\u00fdm rumem.\",\"breadcrumb\":{\"@id\":\"https:\\\/\\\/naturalpoland.com\\\/cs\\\/produkty\\\/produkty-pro-potravinarsky-prumysl\\\/aroma\\\/alkoholove-aroma\\\/rumove-aroma\\\/#breadcrumb\"},\"inLanguage\":\"cs\",\"potentialAction\":[{\"@type\":\"ReadAction\",\"target\":[\"https:\\\/\\\/naturalpoland.com\\\/cs\\\/produkty\\\/produkty-pro-potravinarsky-prumysl\\\/aroma\\\/alkoholove-aroma\\\/rumove-aroma\\\/\"]}]},{\"@type\":\"ImageObject\",\"inLanguage\":\"cs\",\"@id\":\"https:\\\/\\\/naturalpoland.com\\\/cs\\\/produkty\\\/produkty-pro-potravinarsky-prumysl\\\/aroma\\\/alkoholove-aroma\\\/rumove-aroma\\\/#primaryimage\",\"url\":\"https:\\\/\\\/naturalpoland.com\\\/wp-content\\\/uploads\\\/aromat-rumowy.webp\",\"contentUrl\":\"https:\\\/\\\/naturalpoland.com\\\/wp-content\\\/uploads\\\/aromat-rumowy.webp\",\"width\":592,\"height\":592,\"caption\":\"Aromat rumowy\"},{\"@type\":\"BreadcrumbList\",\"@id\":\"https:\\\/\\\/naturalpoland.com\\\/cs\\\/produkty\\\/produkty-pro-potravinarsky-prumysl\\\/aroma\\\/alkoholove-aroma\\\/rumove-aroma\\\/#breadcrumb\",\"itemListElement\":[{\"@type\":\"ListItem\",\"position\":1,\"name\":\"Dom\u016f\",\"item\":\"https:\\\/\\\/naturalpoland.com\\\/cs\\\/\"},{\"@type\":\"ListItem\",\"position\":2,\"name\":\"Produkty\",\"item\":\"https:\\\/\\\/naturalpoland.com\\\/cs\\\/produkty\\\/\"},{\"@type\":\"ListItem\",\"position\":3,\"name\":\"Rumov\u00e9 aroma\"}]},{\"@type\":\"WebSite\",\"@id\":\"https:\\\/\\\/naturalpoland.com\\\/cs\\\/#website\",\"url\":\"https:\\\/\\\/naturalpoland.com\\\/cs\\\/\",\"name\":\"NATURAL POLAND - Velkoobchodn\u00ed distributor surovin\",\"description\":\"Surowce dla przemys\u0142u spo\u017cywczego, kosmetycznego i farmaceutycznego\",\"publisher\":{\"@id\":\"https:\\\/\\\/naturalpoland.com\\\/cs\\\/#organization\"},\"potentialAction\":[{\"@type\":\"SearchAction\",\"target\":{\"@type\":\"EntryPoint\",\"urlTemplate\":\"https:\\\/\\\/naturalpoland.com\\\/cs\\\/?s={search_term_string}\"},\"query-input\":{\"@type\":\"PropertyValueSpecification\",\"valueRequired\":true,\"valueName\":\"search_term_string\"}}],\"inLanguage\":\"cs\"},{\"@type\":\"Organization\",\"@id\":\"https:\\\/\\\/naturalpoland.com\\\/cs\\\/#organization\",\"name\":\"Natural Poland\",\"url\":\"https:\\\/\\\/naturalpoland.com\\\/cs\\\/\",\"logo\":{\"@type\":\"ImageObject\",\"inLanguage\":\"cs\",\"@id\":\"https:\\\/\\\/naturalpoland.com\\\/cs\\\/#\\\/schema\\\/logo\\\/image\\\/\",\"url\":\"https:\\\/\\\/naturalpoland.com\\\/wp-content\\\/uploads\\\/2021\\\/05\\\/natural-poland-icon.png\",\"contentUrl\":\"https:\\\/\\\/naturalpoland.com\\\/wp-content\\\/uploads\\\/2021\\\/05\\\/natural-poland-icon.png\",\"width\":512,\"height\":512,\"caption\":\"Natural Poland\"},\"image\":{\"@id\":\"https:\\\/\\\/naturalpoland.com\\\/cs\\\/#\\\/schema\\\/logo\\\/image\\\/\"},\"sameAs\":[\"https:\\\/\\\/www.facebook.com\\\/naturalpoland.b2b\",\"https:\\\/\\\/pl.linkedin.com\\\/company\\\/natural-poland\",\"https:\\\/\\\/www.youtube.com\\\/channel\\\/UCgeGGkvOMahZo-xu_MSEWxg\"]}]}<\/script>\n<!-- \/ Yoast SEO plugin. -->","yoast_head_json":{"title":"Rumov\u00e9 aroma - Velkoobchodn\u00ed distributor","description":"Rumov\u00e9 aroma vystihuje bohat\u00fd a komplexn\u00ed charakter rumu - od sladk\u00fdch dezertn\u00edch variant a\u017e po such\u00e9 varianty inspirovan\u00e9 jamajsk\u00fdm rumem.","robots":{"index":"index","follow":"follow","max-snippet":"max-snippet:-1","max-image-preview":"max-image-preview:large","max-video-preview":"max-video-preview:-1"},"canonical":"https:\/\/naturalpoland.com\/cs\/produkty\/produkty-pro-potravinarsky-prumysl\/aroma\/alkoholove-aroma\/rumove-aroma\/","og_locale":"cs_CZ","og_type":"article","og_title":"Rumov\u00e9 aroma - Velkoobchodn\u00ed distributor","og_description":"Rumov\u00e9 aroma vystihuje bohat\u00fd a komplexn\u00ed charakter rumu - od sladk\u00fdch dezertn\u00edch variant a\u017e po such\u00e9 varianty inspirovan\u00e9 jamajsk\u00fdm rumem.","og_url":"https:\/\/naturalpoland.com\/cs\/produkty\/produkty-pro-potravinarsky-prumysl\/aroma\/alkoholove-aroma\/rumove-aroma\/","og_site_name":"NATURAL POLAND - Velkoobchodn\u00ed distributor surovin","article_publisher":"https:\/\/www.facebook.com\/naturalpoland.b2b","og_image":[{"width":592,"height":592,"url":"https:\/\/naturalpoland.com\/wp-content\/uploads\/aromat-rumowy.webp","type":"image\/webp"}],"schema":{"@context":"https:\/\/schema.org","@graph":[{"@type":"WebPage","@id":"https:\/\/naturalpoland.com\/cs\/produkty\/produkty-pro-potravinarsky-prumysl\/aroma\/alkoholove-aroma\/rumove-aroma\/","url":"https:\/\/naturalpoland.com\/cs\/produkty\/produkty-pro-potravinarsky-prumysl\/aroma\/alkoholove-aroma\/rumove-aroma\/","name":"Rumov\u00e9 aroma - Velkoobchodn\u00ed distributor","isPartOf":{"@id":"https:\/\/naturalpoland.com\/cs\/#website"},"primaryImageOfPage":{"@id":"https:\/\/naturalpoland.com\/cs\/produkty\/produkty-pro-potravinarsky-prumysl\/aroma\/alkoholove-aroma\/rumove-aroma\/#primaryimage"},"image":{"@id":"https:\/\/naturalpoland.com\/cs\/produkty\/produkty-pro-potravinarsky-prumysl\/aroma\/alkoholove-aroma\/rumove-aroma\/#primaryimage"},"thumbnailUrl":"https:\/\/naturalpoland.com\/wp-content\/uploads\/aromat-rumowy.webp","datePublished":"2025-02-12T16:00:44+00:00","description":"Rumov\u00e9 aroma vystihuje bohat\u00fd a komplexn\u00ed charakter rumu - od sladk\u00fdch dezertn\u00edch variant a\u017e po such\u00e9 varianty inspirovan\u00e9 jamajsk\u00fdm rumem.","breadcrumb":{"@id":"https:\/\/naturalpoland.com\/cs\/produkty\/produkty-pro-potravinarsky-prumysl\/aroma\/alkoholove-aroma\/rumove-aroma\/#breadcrumb"},"inLanguage":"cs","potentialAction":[{"@type":"ReadAction","target":["https:\/\/naturalpoland.com\/cs\/produkty\/produkty-pro-potravinarsky-prumysl\/aroma\/alkoholove-aroma\/rumove-aroma\/"]}]},{"@type":"ImageObject","inLanguage":"cs","@id":"https:\/\/naturalpoland.com\/cs\/produkty\/produkty-pro-potravinarsky-prumysl\/aroma\/alkoholove-aroma\/rumove-aroma\/#primaryimage","url":"https:\/\/naturalpoland.com\/wp-content\/uploads\/aromat-rumowy.webp","contentUrl":"https:\/\/naturalpoland.com\/wp-content\/uploads\/aromat-rumowy.webp","width":592,"height":592,"caption":"Aromat rumowy"},{"@type":"BreadcrumbList","@id":"https:\/\/naturalpoland.com\/cs\/produkty\/produkty-pro-potravinarsky-prumysl\/aroma\/alkoholove-aroma\/rumove-aroma\/#breadcrumb","itemListElement":[{"@type":"ListItem","position":1,"name":"Dom\u016f","item":"https:\/\/naturalpoland.com\/cs\/"},{"@type":"ListItem","position":2,"name":"Produkty","item":"https:\/\/naturalpoland.com\/cs\/produkty\/"},{"@type":"ListItem","position":3,"name":"Rumov\u00e9 aroma"}]},{"@type":"WebSite","@id":"https:\/\/naturalpoland.com\/cs\/#website","url":"https:\/\/naturalpoland.com\/cs\/","name":"NATURAL POLAND - Velkoobchodn\u00ed distributor surovin","description":"Surowce dla przemys\u0142u spo\u017cywczego, kosmetycznego i farmaceutycznego","publisher":{"@id":"https:\/\/naturalpoland.com\/cs\/#organization"},"potentialAction":[{"@type":"SearchAction","target":{"@type":"EntryPoint","urlTemplate":"https:\/\/naturalpoland.com\/cs\/?s={search_term_string}"},"query-input":{"@type":"PropertyValueSpecification","valueRequired":true,"valueName":"search_term_string"}}],"inLanguage":"cs"},{"@type":"Organization","@id":"https:\/\/naturalpoland.com\/cs\/#organization","name":"Natural Poland","url":"https:\/\/naturalpoland.com\/cs\/","logo":{"@type":"ImageObject","inLanguage":"cs","@id":"https:\/\/naturalpoland.com\/cs\/#\/schema\/logo\/image\/","url":"https:\/\/naturalpoland.com\/wp-content\/uploads\/2021\/05\/natural-poland-icon.png","contentUrl":"https:\/\/naturalpoland.com\/wp-content\/uploads\/2021\/05\/natural-poland-icon.png","width":512,"height":512,"caption":"Natural Poland"},"image":{"@id":"https:\/\/naturalpoland.com\/cs\/#\/schema\/logo\/image\/"},"sameAs":["https:\/\/www.facebook.com\/naturalpoland.b2b","https:\/\/pl.linkedin.com\/company\/natural-poland","https:\/\/www.youtube.com\/channel\/UCgeGGkvOMahZo-xu_MSEWxg"]}]}},"_links":{"self":[{"href":"https:\/\/naturalpoland.com\/cs\/wp-json\/wp\/v2\/product\/39778","targetHints":{"allow":["GET"]}}],"collection":[{"href":"https:\/\/naturalpoland.com\/cs\/wp-json\/wp\/v2\/product"}],"about":[{"href":"https:\/\/naturalpoland.com\/cs\/wp-json\/wp\/v2\/types\/product"}],"wp:featuredmedia":[{"embeddable":true,"href":"https:\/\/naturalpoland.com\/cs\/wp-json\/wp\/v2\/media\/39732"}],"wp:attachment":[{"href":"https:\/\/naturalpoland.com\/cs\/wp-json\/wp\/v2\/media?parent=39778"}],"wp:term":[{"taxonomy":"product_brand","embeddable":true,"href":"https:\/\/naturalpoland.com\/cs\/wp-json\/wp\/v2\/product_brand?post=39778"},{"taxonomy":"product_cat","embeddable":true,"href":"https:\/\/naturalpoland.com\/cs\/wp-json\/wp\/v2\/product_cat?post=39778"},{"taxonomy":"product_tag","embeddable":true,"href":"https:\/\/naturalpoland.com\/cs\/wp-json\/wp\/v2\/product_tag?post=39778"}],"curies":[{"name":"wp","href":"https:\/\/api.w.org\/{rel}","templated":true}]}}