{"id":39780,"date":"2025-02-11T15:40:37","date_gmt":"2025-02-12T16:00:47","guid":{"rendered":"https:\/\/naturalpoland.com\/produkty\/neza\u0159azen\u00e9\/kavove-aroma\/"},"modified":"2025-02-12T17:00:47","modified_gmt":"2025-02-12T16:00:47","slug":"kavove-aroma","status":"publish","type":"product","link":"https:\/\/naturalpoland.com\/cs\/produkty\/produkty-pro-potravinarsky-prumysl\/aroma\/jina-aroma\/kavove-aroma\/","title":{"rendered":"K\u00e1vov\u00e9 aroma"},"content":{"rendered":"<h2>Varianty s p\u0159\u00edchut\u00ed k\u00e1vy:<\/h2>\n<p data-start=\"3178\" data-end=\"3666\"><strong>Tekut\u00e9 p\u0159\u00edchut\u011b:<\/strong><\/p>\n<p data-start=\"3178\" data-end=\"3666\">Mezi mo\u017enosti tekutin pat\u0159\u00ed:<\/p>\n<ul>\n<li data-start=\"3178\" data-end=\"3666\">aroma sladk\u00e9 dezertn\u00ed k\u00e1vy s jemn\u00fdm kardamonov\u00fdm akcentem, ide\u00e1ln\u00ed pro dezerty a sladk\u00e9 pe\u010divo,<\/li>\n<li data-start=\"3178\" data-end=\"3666\">Varianta k\u00e1vy na triacetinov\u00e9m nosi\u010di v\u011brn\u011b reprodukuje aromatick\u00fd charakter \u010derstv\u011b namlet\u00e9 k\u00e1vy,<\/li>\n<li data-start=\"3178\" data-end=\"3666\">k\u00e1vov\u00e9 aroma espressa, kter\u00e9 zachycuje v\u016fni \u010derstv\u011b uva\u0159en\u00e9 k\u00e1vy,<\/li>\n<li data-start=\"3178\" data-end=\"3666\">Verze mocca kombinuje intenzitu k\u00e1vy s jemnou sladkost\u00ed \u010dokol\u00e1dy.<\/li>\n<\/ul>\n<p data-start=\"3668\" data-end=\"4053\"><strong>P\u0159\u00edchu\u0165 v pr\u00e1\u0161ku:<\/strong><\/p>\n<p data-start=\"3668\" data-end=\"4053\">K\u00e1vov\u00e9 p\u0159\u00edchut\u011b v pr\u00e1\u0161ku jsou ide\u00e1ln\u00ed pro such\u00e9 aplikace:<\/p>\n<ul>\n<li data-start=\"3668\" data-end=\"4053\">dezertn\u00ed k\u00e1va s kardamomem p\u0159in\u00e1\u0161\u00ed lehce pikantn\u00ed n\u00e1dech,<\/li>\n<li data-start=\"3668\" data-end=\"4053\">V\u016fn\u011b cappuccina pot\u011b\u0161\u00ed sladk\u00fdm, kr\u00e9mov\u00fdm profilem s ml\u00e9\u010dn\u00fdm n\u00e1dechem,<\/li>\n<li data-start=\"3668\" data-end=\"4053\">Aroma espressa v pr\u00e1\u0161ku zachycuje plnost hlubok\u00e9ho, esenci\u00e1ln\u00edho aroma \u010derstv\u011b uva\u0159en\u00e9 k\u00e1vy.<\/li>\n<\/ul>\n","protected":false},"excerpt":{"rendered":"<p><strong>K\u00e1vov\u00e9 aroma<\/strong> je skute\u010dnou hostinou pro milovn\u00edky intenzivn\u00edch, hlubok\u00fdch a bohat\u00fdch t\u00f3n\u016f k\u00e1vy &#8211; od sladk\u00fdch kompozic p\u0159ipom\u00ednaj\u00edc\u00edch dezert a\u017e po such\u00e9 espresso s v\u00fdrazn\u00fdm, osobit\u00fdm charakterem.<\/p>\n","protected":false},"featured_media":39746,"template":"","meta":{"_acf_changed":false},"product_brand":[],"product_cat":[7588],"product_tag":[],"class_list":{"0":"post-39780","1":"product","2":"type-product","3":"status-publish","4":"has-post-thumbnail","6":"product_cat-jina-aroma","8":"first","9":"instock","10":"shipping-taxable","11":"product-type-simple"},"acf":[],"yoast_head":"<!-- This site is optimized with the Yoast SEO plugin v27.4 - https:\/\/yoast.com\/product\/yoast-seo-wordpress\/ -->\n<title>K\u00e1vov\u00e9 aroma - Velkoobchodn\u00ed distributor<\/title>\n<meta name=\"description\" content=\"Aroma k\u00e1vy je pro milovn\u00edky k\u00e1vov\u00fdch v\u016fn\u00ed skute\u010dnou hostinou - od sladk\u00fdch kompozic p\u0159ipom\u00ednaj\u00edc\u00edch dezert a\u017e po such\u00e9 espresso s v\u00fdrazn\u00fdm, osobit\u00fdm charakterem.\" \/>\n<meta name=\"robots\" content=\"index, follow, max-snippet:-1, max-image-preview:large, max-video-preview:-1\" \/>\n<link rel=\"canonical\" href=\"https:\/\/naturalpoland.com\/cs\/produkty\/produkty-pro-potravinarsky-prumysl\/aroma\/jina-aroma\/kavove-aroma\/\" \/>\n<meta property=\"og:locale\" content=\"cs_CZ\" \/>\n<meta property=\"og:type\" content=\"article\" \/>\n<meta property=\"og:title\" content=\"K\u00e1vov\u00e9 aroma - Velkoobchodn\u00ed distributor\" \/>\n<meta property=\"og:description\" content=\"Aroma k\u00e1vy je pro milovn\u00edky k\u00e1vov\u00fdch v\u016fn\u00ed skute\u010dnou hostinou - od sladk\u00fdch kompozic p\u0159ipom\u00ednaj\u00edc\u00edch dezert a\u017e po such\u00e9 espresso s v\u00fdrazn\u00fdm, osobit\u00fdm charakterem.\" \/>\n<meta property=\"og:url\" content=\"https:\/\/naturalpoland.com\/cs\/produkty\/produkty-pro-potravinarsky-prumysl\/aroma\/jina-aroma\/kavove-aroma\/\" \/>\n<meta property=\"og:site_name\" content=\"NATURAL POLAND - Velkoobchodn\u00ed distributor surovin\" \/>\n<meta property=\"article:publisher\" content=\"https:\/\/www.facebook.com\/naturalpoland.b2b\" \/>\n<meta property=\"og:image\" content=\"https:\/\/naturalpoland.com\/wp-content\/uploads\/aromat-kawy.webp\" \/>\n\t<meta property=\"og:image:width\" content=\"592\" \/>\n\t<meta property=\"og:image:height\" content=\"592\" \/>\n\t<meta property=\"og:image:type\" content=\"image\/webp\" \/>\n<script type=\"application\/ld+json\" class=\"yoast-schema-graph\">{\"@context\":\"https:\\\/\\\/schema.org\",\"@graph\":[{\"@type\":\"WebPage\",\"@id\":\"https:\\\/\\\/naturalpoland.com\\\/cs\\\/produkty\\\/produkty-pro-potravinarsky-prumysl\\\/aroma\\\/jina-aroma\\\/kavove-aroma\\\/\",\"url\":\"https:\\\/\\\/naturalpoland.com\\\/cs\\\/produkty\\\/produkty-pro-potravinarsky-prumysl\\\/aroma\\\/jina-aroma\\\/kavove-aroma\\\/\",\"name\":\"K\u00e1vov\u00e9 aroma - Velkoobchodn\u00ed distributor\",\"isPartOf\":{\"@id\":\"https:\\\/\\\/naturalpoland.com\\\/cs\\\/#website\"},\"primaryImageOfPage\":{\"@id\":\"https:\\\/\\\/naturalpoland.com\\\/cs\\\/produkty\\\/produkty-pro-potravinarsky-prumysl\\\/aroma\\\/jina-aroma\\\/kavove-aroma\\\/#primaryimage\"},\"image\":{\"@id\":\"https:\\\/\\\/naturalpoland.com\\\/cs\\\/produkty\\\/produkty-pro-potravinarsky-prumysl\\\/aroma\\\/jina-aroma\\\/kavove-aroma\\\/#primaryimage\"},\"thumbnailUrl\":\"https:\\\/\\\/naturalpoland.com\\\/wp-content\\\/uploads\\\/aromat-kawy.webp\",\"datePublished\":\"2025-02-12T16:00:47+00:00\",\"description\":\"Aroma k\u00e1vy je pro milovn\u00edky k\u00e1vov\u00fdch v\u016fn\u00ed skute\u010dnou hostinou - od sladk\u00fdch kompozic p\u0159ipom\u00ednaj\u00edc\u00edch dezert a\u017e po such\u00e9 espresso s v\u00fdrazn\u00fdm, osobit\u00fdm charakterem.\",\"breadcrumb\":{\"@id\":\"https:\\\/\\\/naturalpoland.com\\\/cs\\\/produkty\\\/produkty-pro-potravinarsky-prumysl\\\/aroma\\\/jina-aroma\\\/kavove-aroma\\\/#breadcrumb\"},\"inLanguage\":\"cs\",\"potentialAction\":[{\"@type\":\"ReadAction\",\"target\":[\"https:\\\/\\\/naturalpoland.com\\\/cs\\\/produkty\\\/produkty-pro-potravinarsky-prumysl\\\/aroma\\\/jina-aroma\\\/kavove-aroma\\\/\"]}]},{\"@type\":\"ImageObject\",\"inLanguage\":\"cs\",\"@id\":\"https:\\\/\\\/naturalpoland.com\\\/cs\\\/produkty\\\/produkty-pro-potravinarsky-prumysl\\\/aroma\\\/jina-aroma\\\/kavove-aroma\\\/#primaryimage\",\"url\":\"https:\\\/\\\/naturalpoland.com\\\/wp-content\\\/uploads\\\/aromat-kawy.webp\",\"contentUrl\":\"https:\\\/\\\/naturalpoland.com\\\/wp-content\\\/uploads\\\/aromat-kawy.webp\",\"width\":592,\"height\":592,\"caption\":\"aromat kawowy\"},{\"@type\":\"BreadcrumbList\",\"@id\":\"https:\\\/\\\/naturalpoland.com\\\/cs\\\/produkty\\\/produkty-pro-potravinarsky-prumysl\\\/aroma\\\/jina-aroma\\\/kavove-aroma\\\/#breadcrumb\",\"itemListElement\":[{\"@type\":\"ListItem\",\"position\":1,\"name\":\"Dom\u016f\",\"item\":\"https:\\\/\\\/naturalpoland.com\\\/cs\\\/\"},{\"@type\":\"ListItem\",\"position\":2,\"name\":\"Produkty\",\"item\":\"https:\\\/\\\/naturalpoland.com\\\/cs\\\/produkty\\\/\"},{\"@type\":\"ListItem\",\"position\":3,\"name\":\"K\u00e1vov\u00e9 aroma\"}]},{\"@type\":\"WebSite\",\"@id\":\"https:\\\/\\\/naturalpoland.com\\\/cs\\\/#website\",\"url\":\"https:\\\/\\\/naturalpoland.com\\\/cs\\\/\",\"name\":\"NATURAL POLAND - Velkoobchodn\u00ed distributor surovin\",\"description\":\"Surowce dla przemys\u0142u spo\u017cywczego, kosmetycznego i farmaceutycznego\",\"publisher\":{\"@id\":\"https:\\\/\\\/naturalpoland.com\\\/cs\\\/#organization\"},\"potentialAction\":[{\"@type\":\"SearchAction\",\"target\":{\"@type\":\"EntryPoint\",\"urlTemplate\":\"https:\\\/\\\/naturalpoland.com\\\/cs\\\/?s={search_term_string}\"},\"query-input\":{\"@type\":\"PropertyValueSpecification\",\"valueRequired\":true,\"valueName\":\"search_term_string\"}}],\"inLanguage\":\"cs\"},{\"@type\":\"Organization\",\"@id\":\"https:\\\/\\\/naturalpoland.com\\\/cs\\\/#organization\",\"name\":\"Natural Poland\",\"url\":\"https:\\\/\\\/naturalpoland.com\\\/cs\\\/\",\"logo\":{\"@type\":\"ImageObject\",\"inLanguage\":\"cs\",\"@id\":\"https:\\\/\\\/naturalpoland.com\\\/cs\\\/#\\\/schema\\\/logo\\\/image\\\/\",\"url\":\"https:\\\/\\\/naturalpoland.com\\\/wp-content\\\/uploads\\\/2021\\\/05\\\/natural-poland-icon.png\",\"contentUrl\":\"https:\\\/\\\/naturalpoland.com\\\/wp-content\\\/uploads\\\/2021\\\/05\\\/natural-poland-icon.png\",\"width\":512,\"height\":512,\"caption\":\"Natural Poland\"},\"image\":{\"@id\":\"https:\\\/\\\/naturalpoland.com\\\/cs\\\/#\\\/schema\\\/logo\\\/image\\\/\"},\"sameAs\":[\"https:\\\/\\\/www.facebook.com\\\/naturalpoland.b2b\",\"https:\\\/\\\/pl.linkedin.com\\\/company\\\/natural-poland\",\"https:\\\/\\\/www.youtube.com\\\/channel\\\/UCgeGGkvOMahZo-xu_MSEWxg\"]}]}<\/script>\n<!-- \/ Yoast SEO plugin. -->","yoast_head_json":{"title":"K\u00e1vov\u00e9 aroma - Velkoobchodn\u00ed distributor","description":"Aroma k\u00e1vy je pro milovn\u00edky k\u00e1vov\u00fdch v\u016fn\u00ed skute\u010dnou hostinou - od sladk\u00fdch kompozic p\u0159ipom\u00ednaj\u00edc\u00edch dezert a\u017e po such\u00e9 espresso s v\u00fdrazn\u00fdm, osobit\u00fdm charakterem.","robots":{"index":"index","follow":"follow","max-snippet":"max-snippet:-1","max-image-preview":"max-image-preview:large","max-video-preview":"max-video-preview:-1"},"canonical":"https:\/\/naturalpoland.com\/cs\/produkty\/produkty-pro-potravinarsky-prumysl\/aroma\/jina-aroma\/kavove-aroma\/","og_locale":"cs_CZ","og_type":"article","og_title":"K\u00e1vov\u00e9 aroma - Velkoobchodn\u00ed distributor","og_description":"Aroma k\u00e1vy je pro milovn\u00edky k\u00e1vov\u00fdch v\u016fn\u00ed skute\u010dnou hostinou - od sladk\u00fdch kompozic p\u0159ipom\u00ednaj\u00edc\u00edch dezert a\u017e po such\u00e9 espresso s v\u00fdrazn\u00fdm, osobit\u00fdm charakterem.","og_url":"https:\/\/naturalpoland.com\/cs\/produkty\/produkty-pro-potravinarsky-prumysl\/aroma\/jina-aroma\/kavove-aroma\/","og_site_name":"NATURAL POLAND - Velkoobchodn\u00ed distributor surovin","article_publisher":"https:\/\/www.facebook.com\/naturalpoland.b2b","og_image":[{"width":592,"height":592,"url":"https:\/\/naturalpoland.com\/wp-content\/uploads\/aromat-kawy.webp","type":"image\/webp"}],"schema":{"@context":"https:\/\/schema.org","@graph":[{"@type":"WebPage","@id":"https:\/\/naturalpoland.com\/cs\/produkty\/produkty-pro-potravinarsky-prumysl\/aroma\/jina-aroma\/kavove-aroma\/","url":"https:\/\/naturalpoland.com\/cs\/produkty\/produkty-pro-potravinarsky-prumysl\/aroma\/jina-aroma\/kavove-aroma\/","name":"K\u00e1vov\u00e9 aroma - Velkoobchodn\u00ed distributor","isPartOf":{"@id":"https:\/\/naturalpoland.com\/cs\/#website"},"primaryImageOfPage":{"@id":"https:\/\/naturalpoland.com\/cs\/produkty\/produkty-pro-potravinarsky-prumysl\/aroma\/jina-aroma\/kavove-aroma\/#primaryimage"},"image":{"@id":"https:\/\/naturalpoland.com\/cs\/produkty\/produkty-pro-potravinarsky-prumysl\/aroma\/jina-aroma\/kavove-aroma\/#primaryimage"},"thumbnailUrl":"https:\/\/naturalpoland.com\/wp-content\/uploads\/aromat-kawy.webp","datePublished":"2025-02-12T16:00:47+00:00","description":"Aroma k\u00e1vy je pro milovn\u00edky k\u00e1vov\u00fdch v\u016fn\u00ed skute\u010dnou hostinou - od sladk\u00fdch kompozic p\u0159ipom\u00ednaj\u00edc\u00edch dezert a\u017e po such\u00e9 espresso s v\u00fdrazn\u00fdm, osobit\u00fdm charakterem.","breadcrumb":{"@id":"https:\/\/naturalpoland.com\/cs\/produkty\/produkty-pro-potravinarsky-prumysl\/aroma\/jina-aroma\/kavove-aroma\/#breadcrumb"},"inLanguage":"cs","potentialAction":[{"@type":"ReadAction","target":["https:\/\/naturalpoland.com\/cs\/produkty\/produkty-pro-potravinarsky-prumysl\/aroma\/jina-aroma\/kavove-aroma\/"]}]},{"@type":"ImageObject","inLanguage":"cs","@id":"https:\/\/naturalpoland.com\/cs\/produkty\/produkty-pro-potravinarsky-prumysl\/aroma\/jina-aroma\/kavove-aroma\/#primaryimage","url":"https:\/\/naturalpoland.com\/wp-content\/uploads\/aromat-kawy.webp","contentUrl":"https:\/\/naturalpoland.com\/wp-content\/uploads\/aromat-kawy.webp","width":592,"height":592,"caption":"aromat kawowy"},{"@type":"BreadcrumbList","@id":"https:\/\/naturalpoland.com\/cs\/produkty\/produkty-pro-potravinarsky-prumysl\/aroma\/jina-aroma\/kavove-aroma\/#breadcrumb","itemListElement":[{"@type":"ListItem","position":1,"name":"Dom\u016f","item":"https:\/\/naturalpoland.com\/cs\/"},{"@type":"ListItem","position":2,"name":"Produkty","item":"https:\/\/naturalpoland.com\/cs\/produkty\/"},{"@type":"ListItem","position":3,"name":"K\u00e1vov\u00e9 aroma"}]},{"@type":"WebSite","@id":"https:\/\/naturalpoland.com\/cs\/#website","url":"https:\/\/naturalpoland.com\/cs\/","name":"NATURAL POLAND - Velkoobchodn\u00ed distributor surovin","description":"Surowce dla przemys\u0142u spo\u017cywczego, kosmetycznego i farmaceutycznego","publisher":{"@id":"https:\/\/naturalpoland.com\/cs\/#organization"},"potentialAction":[{"@type":"SearchAction","target":{"@type":"EntryPoint","urlTemplate":"https:\/\/naturalpoland.com\/cs\/?s={search_term_string}"},"query-input":{"@type":"PropertyValueSpecification","valueRequired":true,"valueName":"search_term_string"}}],"inLanguage":"cs"},{"@type":"Organization","@id":"https:\/\/naturalpoland.com\/cs\/#organization","name":"Natural Poland","url":"https:\/\/naturalpoland.com\/cs\/","logo":{"@type":"ImageObject","inLanguage":"cs","@id":"https:\/\/naturalpoland.com\/cs\/#\/schema\/logo\/image\/","url":"https:\/\/naturalpoland.com\/wp-content\/uploads\/2021\/05\/natural-poland-icon.png","contentUrl":"https:\/\/naturalpoland.com\/wp-content\/uploads\/2021\/05\/natural-poland-icon.png","width":512,"height":512,"caption":"Natural Poland"},"image":{"@id":"https:\/\/naturalpoland.com\/cs\/#\/schema\/logo\/image\/"},"sameAs":["https:\/\/www.facebook.com\/naturalpoland.b2b","https:\/\/pl.linkedin.com\/company\/natural-poland","https:\/\/www.youtube.com\/channel\/UCgeGGkvOMahZo-xu_MSEWxg"]}]}},"_links":{"self":[{"href":"https:\/\/naturalpoland.com\/cs\/wp-json\/wp\/v2\/product\/39780","targetHints":{"allow":["GET"]}}],"collection":[{"href":"https:\/\/naturalpoland.com\/cs\/wp-json\/wp\/v2\/product"}],"about":[{"href":"https:\/\/naturalpoland.com\/cs\/wp-json\/wp\/v2\/types\/product"}],"wp:featuredmedia":[{"embeddable":true,"href":"https:\/\/naturalpoland.com\/cs\/wp-json\/wp\/v2\/media\/39746"}],"wp:attachment":[{"href":"https:\/\/naturalpoland.com\/cs\/wp-json\/wp\/v2\/media?parent=39780"}],"wp:term":[{"taxonomy":"product_brand","embeddable":true,"href":"https:\/\/naturalpoland.com\/cs\/wp-json\/wp\/v2\/product_brand?post=39780"},{"taxonomy":"product_cat","embeddable":true,"href":"https:\/\/naturalpoland.com\/cs\/wp-json\/wp\/v2\/product_cat?post=39780"},{"taxonomy":"product_tag","embeddable":true,"href":"https:\/\/naturalpoland.com\/cs\/wp-json\/wp\/v2\/product_tag?post=39780"}],"curies":[{"name":"wp","href":"https:\/\/api.w.org\/{rel}","templated":true}]}}