{"id":39912,"date":"2025-02-11T14:28:47","date_gmt":"2025-02-18T13:12:52","guid":{"rendered":"https:\/\/naturalpoland.com\/produkty\/neza\u0159azen\u00e9\/skoricove-aroma\/"},"modified":"2025-02-18T14:12:52","modified_gmt":"2025-02-18T13:12:52","slug":"skoricove-aroma","status":"publish","type":"product","link":"https:\/\/naturalpoland.com\/cs\/produkty\/produkty-pro-potravinarsky-prumysl\/aroma\/korenena-aroma\/skoricove-aroma\/","title":{"rendered":"Sko\u0159icov\u00e9 aroma"},"content":{"rendered":"<h2>Varianty sko\u0159icov\u00e9 p\u0159\u00edchuti:<\/h2>\n<p data-start=\"309\" data-end=\"704\"><strong>Kvalitn\u00ed p\u0159\u00edrodn\u00ed tekut\u00e1 sko\u0159icov\u00e1 v\u016fn\u011b WONF<\/strong> se vyzna\u010duje such\u00fdm charakterem sko\u0159icov\u00e9 k\u016fry, kter\u00fd nejl\u00e9pe ze v\u0161ech variant vyjad\u0159uje hloubku a autenti\u010dnost tohoto ko\u0159en\u00ed. Aroma v t\u00e9to variant\u011b je odoln\u00e9 v\u016f\u010di teplu. Jej\u00edm nosi\u010dem je triacetin, kter\u00fd zaji\u0161\u0165uje dostate\u010dnou stabilitu a rozpustnost v potravin\u00e1\u0159sk\u00fdch v\u00fdrobc\u00edch.  <\/p>\n<p data-start=\"706\" data-end=\"1050\"><strong>P\u0159\u00edrodn\u00ed sko\u0159icov\u00e9 aroma v pr\u00e1\u0161ku typu FTNF<\/strong> rovn\u011b\u017e zachycuje podstatu such\u00e9 sko\u0159ice, ale m\u00e1 koncentrovan\u011bj\u0161\u00ed chu\u0165ov\u00fd profil. Snadno se pou\u017e\u00edv\u00e1 do such\u00fdch ko\u0159en\u00edc\u00edch sm\u011bs\u00ed, instantn\u00edch pr\u00e1\u0161k\u016f a pe\u010diva. Umo\u017e\u0148uje p\u0159esn\u00e9 d\u00e1vkov\u00e1n\u00ed a je stabiln\u00ed ve v\u00fdrobc\u00edch s del\u0161\u00ed trvanlivost\u00ed.  <\/p>\n<p data-start=\"1052\" data-end=\"1537\"><strong>Klasick\u00e1 tekut\u00e1 sko\u0159icov\u00e1 p\u0159\u00edchu\u0165<\/strong> je k dispozici ve verzi s <strong>triacetinov\u00fdm<\/strong> i <strong>glykolov\u00fdm<\/strong> nosi\u010dem. <strong>Such\u00e1 verze<\/strong> t\u00e9to varianty zd\u016fraz\u0148uje charakteristickou ostrost a pikantnost tohoto ko\u0159en\u00ed a doporu\u010duje se pro n\u00e1poje, dezerty a pokrmy, kter\u00e9 vy\u017eaduj\u00ed siln\u011bj\u0161\u00ed ko\u0159en\u011bn\u00fd akcent. <strong>Sladk\u00e1 verze<\/strong> naopak kombinuje hloubku sko\u0159ice s jemn\u00fdm ko\u0159en\u011bn\u00fdm n\u00e1dechem a m\u00e1 jemn\u011bj\u0161\u00ed, harmoni\u010dt\u011bj\u0161\u00ed aroma. <\/p>\n<p data-start=\"1539\" data-end=\"1908\"><strong>Sko\u0159icov\u00fd pr\u00e1\u0161ek<\/strong> se sladk\u00fdm charakterem s jemn\u00fdm ko\u0159en\u011bn\u00fdm n\u00e1dechem se doporu\u010duje pro suchou formu: sm\u011bsi na dorty, ochucen\u00e9 \u010daje nebo instantn\u00ed ml\u00e9\u010dn\u00e9 n\u00e1poje.<\/p>\n","protected":false},"excerpt":{"rendered":"<p>Sko\u0159icov\u00e9 aroma dod\u00e1v\u00e1 potravin\u00e1m intenzivn\u00ed, charakteristick\u00e9 a h\u0159ejiv\u00e9 aroma. V z\u00e1vislosti na variant\u011b m\u016f\u017ee zd\u016fraznit jak sladkou, tak suchou str\u00e1nku sko\u0159ice. <\/p>\n","protected":false},"featured_media":39691,"template":"","meta":{"_acf_changed":false},"product_brand":[],"product_cat":[7584],"product_tag":[],"class_list":{"0":"post-39912","1":"product","2":"type-product","3":"status-publish","4":"has-post-thumbnail","6":"product_cat-korenena-aroma","8":"first","9":"instock","10":"shipping-taxable","11":"product-type-simple"},"acf":[],"yoast_head":"<!-- This site is optimized with the Yoast SEO plugin v27.4 - https:\/\/yoast.com\/product\/yoast-seo-wordpress\/ -->\n<title>Sko\u0159icov\u00e9 aroma - Velkoobchodn\u00ed distributor<\/title>\n<meta name=\"description\" content=\"Sko\u0159icov\u00e9 aroma je slo\u017eka pou\u017e\u00edvan\u00e1 v potravin\u00e1\u0159sk\u00e9m pr\u016fmyslu, kter\u00e1 dod\u00e1v\u00e1 v\u00fdrobk\u016fm intenzivn\u00ed, v\u00fdrazn\u00fd a h\u0159ejiv\u00fd chu\u0165ov\u00fd profil.\" \/>\n<meta name=\"robots\" content=\"index, follow, max-snippet:-1, max-image-preview:large, max-video-preview:-1\" \/>\n<link rel=\"canonical\" href=\"https:\/\/naturalpoland.com\/cs\/produkty\/produkty-pro-potravinarsky-prumysl\/aroma\/korenena-aroma\/skoricove-aroma\/\" \/>\n<meta property=\"og:locale\" content=\"cs_CZ\" \/>\n<meta property=\"og:type\" content=\"article\" \/>\n<meta property=\"og:title\" content=\"Sko\u0159icov\u00e9 aroma - Velkoobchodn\u00ed distributor\" \/>\n<meta property=\"og:description\" content=\"Sko\u0159icov\u00e9 aroma je slo\u017eka pou\u017e\u00edvan\u00e1 v potravin\u00e1\u0159sk\u00e9m pr\u016fmyslu, kter\u00e1 dod\u00e1v\u00e1 v\u00fdrobk\u016fm intenzivn\u00ed, v\u00fdrazn\u00fd a h\u0159ejiv\u00fd chu\u0165ov\u00fd profil.\" \/>\n<meta property=\"og:url\" content=\"https:\/\/naturalpoland.com\/cs\/produkty\/produkty-pro-potravinarsky-prumysl\/aroma\/korenena-aroma\/skoricove-aroma\/\" \/>\n<meta property=\"og:site_name\" content=\"NATURAL POLAND - Velkoobchodn\u00ed distributor surovin\" \/>\n<meta property=\"article:publisher\" content=\"https:\/\/www.facebook.com\/naturalpoland.b2b\" \/>\n<meta property=\"og:image\" content=\"https:\/\/naturalpoland.com\/wp-content\/uploads\/aromat-cynamonowy.webp\" \/>\n\t<meta property=\"og:image:width\" content=\"592\" \/>\n\t<meta property=\"og:image:height\" content=\"592\" \/>\n\t<meta property=\"og:image:type\" content=\"image\/webp\" \/>\n<script type=\"application\/ld+json\" class=\"yoast-schema-graph\">{\"@context\":\"https:\\\/\\\/schema.org\",\"@graph\":[{\"@type\":\"WebPage\",\"@id\":\"https:\\\/\\\/naturalpoland.com\\\/cs\\\/produkty\\\/produkty-pro-potravinarsky-prumysl\\\/aroma\\\/korenena-aroma\\\/skoricove-aroma\\\/\",\"url\":\"https:\\\/\\\/naturalpoland.com\\\/cs\\\/produkty\\\/produkty-pro-potravinarsky-prumysl\\\/aroma\\\/korenena-aroma\\\/skoricove-aroma\\\/\",\"name\":\"Sko\u0159icov\u00e9 aroma - Velkoobchodn\u00ed distributor\",\"isPartOf\":{\"@id\":\"https:\\\/\\\/naturalpoland.com\\\/cs\\\/#website\"},\"primaryImageOfPage\":{\"@id\":\"https:\\\/\\\/naturalpoland.com\\\/cs\\\/produkty\\\/produkty-pro-potravinarsky-prumysl\\\/aroma\\\/korenena-aroma\\\/skoricove-aroma\\\/#primaryimage\"},\"image\":{\"@id\":\"https:\\\/\\\/naturalpoland.com\\\/cs\\\/produkty\\\/produkty-pro-potravinarsky-prumysl\\\/aroma\\\/korenena-aroma\\\/skoricove-aroma\\\/#primaryimage\"},\"thumbnailUrl\":\"https:\\\/\\\/naturalpoland.com\\\/wp-content\\\/uploads\\\/aromat-cynamonowy.webp\",\"datePublished\":\"2025-02-18T13:12:52+00:00\",\"description\":\"Sko\u0159icov\u00e9 aroma je slo\u017eka pou\u017e\u00edvan\u00e1 v potravin\u00e1\u0159sk\u00e9m pr\u016fmyslu, kter\u00e1 dod\u00e1v\u00e1 v\u00fdrobk\u016fm intenzivn\u00ed, v\u00fdrazn\u00fd a h\u0159ejiv\u00fd chu\u0165ov\u00fd profil.\",\"breadcrumb\":{\"@id\":\"https:\\\/\\\/naturalpoland.com\\\/cs\\\/produkty\\\/produkty-pro-potravinarsky-prumysl\\\/aroma\\\/korenena-aroma\\\/skoricove-aroma\\\/#breadcrumb\"},\"inLanguage\":\"cs\",\"potentialAction\":[{\"@type\":\"ReadAction\",\"target\":[\"https:\\\/\\\/naturalpoland.com\\\/cs\\\/produkty\\\/produkty-pro-potravinarsky-prumysl\\\/aroma\\\/korenena-aroma\\\/skoricove-aroma\\\/\"]}]},{\"@type\":\"ImageObject\",\"inLanguage\":\"cs\",\"@id\":\"https:\\\/\\\/naturalpoland.com\\\/cs\\\/produkty\\\/produkty-pro-potravinarsky-prumysl\\\/aroma\\\/korenena-aroma\\\/skoricove-aroma\\\/#primaryimage\",\"url\":\"https:\\\/\\\/naturalpoland.com\\\/wp-content\\\/uploads\\\/aromat-cynamonowy.webp\",\"contentUrl\":\"https:\\\/\\\/naturalpoland.com\\\/wp-content\\\/uploads\\\/aromat-cynamonowy.webp\",\"width\":592,\"height\":592,\"caption\":\"aromat cynamonowy\"},{\"@type\":\"BreadcrumbList\",\"@id\":\"https:\\\/\\\/naturalpoland.com\\\/cs\\\/produkty\\\/produkty-pro-potravinarsky-prumysl\\\/aroma\\\/korenena-aroma\\\/skoricove-aroma\\\/#breadcrumb\",\"itemListElement\":[{\"@type\":\"ListItem\",\"position\":1,\"name\":\"Dom\u016f\",\"item\":\"https:\\\/\\\/naturalpoland.com\\\/cs\\\/\"},{\"@type\":\"ListItem\",\"position\":2,\"name\":\"Produkty\",\"item\":\"https:\\\/\\\/naturalpoland.com\\\/cs\\\/produkty\\\/\"},{\"@type\":\"ListItem\",\"position\":3,\"name\":\"Sko\u0159icov\u00e9 aroma\"}]},{\"@type\":\"WebSite\",\"@id\":\"https:\\\/\\\/naturalpoland.com\\\/cs\\\/#website\",\"url\":\"https:\\\/\\\/naturalpoland.com\\\/cs\\\/\",\"name\":\"NATURAL POLAND - Velkoobchodn\u00ed distributor surovin\",\"description\":\"Surowce dla przemys\u0142u spo\u017cywczego, kosmetycznego i farmaceutycznego\",\"publisher\":{\"@id\":\"https:\\\/\\\/naturalpoland.com\\\/cs\\\/#organization\"},\"potentialAction\":[{\"@type\":\"SearchAction\",\"target\":{\"@type\":\"EntryPoint\",\"urlTemplate\":\"https:\\\/\\\/naturalpoland.com\\\/cs\\\/?s={search_term_string}\"},\"query-input\":{\"@type\":\"PropertyValueSpecification\",\"valueRequired\":true,\"valueName\":\"search_term_string\"}}],\"inLanguage\":\"cs\"},{\"@type\":\"Organization\",\"@id\":\"https:\\\/\\\/naturalpoland.com\\\/cs\\\/#organization\",\"name\":\"Natural Poland\",\"url\":\"https:\\\/\\\/naturalpoland.com\\\/cs\\\/\",\"logo\":{\"@type\":\"ImageObject\",\"inLanguage\":\"cs\",\"@id\":\"https:\\\/\\\/naturalpoland.com\\\/cs\\\/#\\\/schema\\\/logo\\\/image\\\/\",\"url\":\"https:\\\/\\\/naturalpoland.com\\\/wp-content\\\/uploads\\\/2021\\\/05\\\/natural-poland-icon.png\",\"contentUrl\":\"https:\\\/\\\/naturalpoland.com\\\/wp-content\\\/uploads\\\/2021\\\/05\\\/natural-poland-icon.png\",\"width\":512,\"height\":512,\"caption\":\"Natural Poland\"},\"image\":{\"@id\":\"https:\\\/\\\/naturalpoland.com\\\/cs\\\/#\\\/schema\\\/logo\\\/image\\\/\"},\"sameAs\":[\"https:\\\/\\\/www.facebook.com\\\/naturalpoland.b2b\",\"https:\\\/\\\/pl.linkedin.com\\\/company\\\/natural-poland\",\"https:\\\/\\\/www.youtube.com\\\/channel\\\/UCgeGGkvOMahZo-xu_MSEWxg\"]}]}<\/script>\n<!-- \/ Yoast SEO plugin. -->","yoast_head_json":{"title":"Sko\u0159icov\u00e9 aroma - Velkoobchodn\u00ed distributor","description":"Sko\u0159icov\u00e9 aroma je slo\u017eka pou\u017e\u00edvan\u00e1 v potravin\u00e1\u0159sk\u00e9m pr\u016fmyslu, kter\u00e1 dod\u00e1v\u00e1 v\u00fdrobk\u016fm intenzivn\u00ed, v\u00fdrazn\u00fd a h\u0159ejiv\u00fd chu\u0165ov\u00fd profil.","robots":{"index":"index","follow":"follow","max-snippet":"max-snippet:-1","max-image-preview":"max-image-preview:large","max-video-preview":"max-video-preview:-1"},"canonical":"https:\/\/naturalpoland.com\/cs\/produkty\/produkty-pro-potravinarsky-prumysl\/aroma\/korenena-aroma\/skoricove-aroma\/","og_locale":"cs_CZ","og_type":"article","og_title":"Sko\u0159icov\u00e9 aroma - Velkoobchodn\u00ed distributor","og_description":"Sko\u0159icov\u00e9 aroma je slo\u017eka pou\u017e\u00edvan\u00e1 v potravin\u00e1\u0159sk\u00e9m pr\u016fmyslu, kter\u00e1 dod\u00e1v\u00e1 v\u00fdrobk\u016fm intenzivn\u00ed, v\u00fdrazn\u00fd a h\u0159ejiv\u00fd chu\u0165ov\u00fd profil.","og_url":"https:\/\/naturalpoland.com\/cs\/produkty\/produkty-pro-potravinarsky-prumysl\/aroma\/korenena-aroma\/skoricove-aroma\/","og_site_name":"NATURAL POLAND - Velkoobchodn\u00ed distributor surovin","article_publisher":"https:\/\/www.facebook.com\/naturalpoland.b2b","og_image":[{"width":592,"height":592,"url":"https:\/\/naturalpoland.com\/wp-content\/uploads\/aromat-cynamonowy.webp","type":"image\/webp"}],"schema":{"@context":"https:\/\/schema.org","@graph":[{"@type":"WebPage","@id":"https:\/\/naturalpoland.com\/cs\/produkty\/produkty-pro-potravinarsky-prumysl\/aroma\/korenena-aroma\/skoricove-aroma\/","url":"https:\/\/naturalpoland.com\/cs\/produkty\/produkty-pro-potravinarsky-prumysl\/aroma\/korenena-aroma\/skoricove-aroma\/","name":"Sko\u0159icov\u00e9 aroma - Velkoobchodn\u00ed distributor","isPartOf":{"@id":"https:\/\/naturalpoland.com\/cs\/#website"},"primaryImageOfPage":{"@id":"https:\/\/naturalpoland.com\/cs\/produkty\/produkty-pro-potravinarsky-prumysl\/aroma\/korenena-aroma\/skoricove-aroma\/#primaryimage"},"image":{"@id":"https:\/\/naturalpoland.com\/cs\/produkty\/produkty-pro-potravinarsky-prumysl\/aroma\/korenena-aroma\/skoricove-aroma\/#primaryimage"},"thumbnailUrl":"https:\/\/naturalpoland.com\/wp-content\/uploads\/aromat-cynamonowy.webp","datePublished":"2025-02-18T13:12:52+00:00","description":"Sko\u0159icov\u00e9 aroma je slo\u017eka pou\u017e\u00edvan\u00e1 v potravin\u00e1\u0159sk\u00e9m pr\u016fmyslu, kter\u00e1 dod\u00e1v\u00e1 v\u00fdrobk\u016fm intenzivn\u00ed, v\u00fdrazn\u00fd a h\u0159ejiv\u00fd chu\u0165ov\u00fd profil.","breadcrumb":{"@id":"https:\/\/naturalpoland.com\/cs\/produkty\/produkty-pro-potravinarsky-prumysl\/aroma\/korenena-aroma\/skoricove-aroma\/#breadcrumb"},"inLanguage":"cs","potentialAction":[{"@type":"ReadAction","target":["https:\/\/naturalpoland.com\/cs\/produkty\/produkty-pro-potravinarsky-prumysl\/aroma\/korenena-aroma\/skoricove-aroma\/"]}]},{"@type":"ImageObject","inLanguage":"cs","@id":"https:\/\/naturalpoland.com\/cs\/produkty\/produkty-pro-potravinarsky-prumysl\/aroma\/korenena-aroma\/skoricove-aroma\/#primaryimage","url":"https:\/\/naturalpoland.com\/wp-content\/uploads\/aromat-cynamonowy.webp","contentUrl":"https:\/\/naturalpoland.com\/wp-content\/uploads\/aromat-cynamonowy.webp","width":592,"height":592,"caption":"aromat cynamonowy"},{"@type":"BreadcrumbList","@id":"https:\/\/naturalpoland.com\/cs\/produkty\/produkty-pro-potravinarsky-prumysl\/aroma\/korenena-aroma\/skoricove-aroma\/#breadcrumb","itemListElement":[{"@type":"ListItem","position":1,"name":"Dom\u016f","item":"https:\/\/naturalpoland.com\/cs\/"},{"@type":"ListItem","position":2,"name":"Produkty","item":"https:\/\/naturalpoland.com\/cs\/produkty\/"},{"@type":"ListItem","position":3,"name":"Sko\u0159icov\u00e9 aroma"}]},{"@type":"WebSite","@id":"https:\/\/naturalpoland.com\/cs\/#website","url":"https:\/\/naturalpoland.com\/cs\/","name":"NATURAL POLAND - Velkoobchodn\u00ed distributor surovin","description":"Surowce dla przemys\u0142u spo\u017cywczego, kosmetycznego i farmaceutycznego","publisher":{"@id":"https:\/\/naturalpoland.com\/cs\/#organization"},"potentialAction":[{"@type":"SearchAction","target":{"@type":"EntryPoint","urlTemplate":"https:\/\/naturalpoland.com\/cs\/?s={search_term_string}"},"query-input":{"@type":"PropertyValueSpecification","valueRequired":true,"valueName":"search_term_string"}}],"inLanguage":"cs"},{"@type":"Organization","@id":"https:\/\/naturalpoland.com\/cs\/#organization","name":"Natural Poland","url":"https:\/\/naturalpoland.com\/cs\/","logo":{"@type":"ImageObject","inLanguage":"cs","@id":"https:\/\/naturalpoland.com\/cs\/#\/schema\/logo\/image\/","url":"https:\/\/naturalpoland.com\/wp-content\/uploads\/2021\/05\/natural-poland-icon.png","contentUrl":"https:\/\/naturalpoland.com\/wp-content\/uploads\/2021\/05\/natural-poland-icon.png","width":512,"height":512,"caption":"Natural Poland"},"image":{"@id":"https:\/\/naturalpoland.com\/cs\/#\/schema\/logo\/image\/"},"sameAs":["https:\/\/www.facebook.com\/naturalpoland.b2b","https:\/\/pl.linkedin.com\/company\/natural-poland","https:\/\/www.youtube.com\/channel\/UCgeGGkvOMahZo-xu_MSEWxg"]}]}},"_links":{"self":[{"href":"https:\/\/naturalpoland.com\/cs\/wp-json\/wp\/v2\/product\/39912","targetHints":{"allow":["GET"]}}],"collection":[{"href":"https:\/\/naturalpoland.com\/cs\/wp-json\/wp\/v2\/product"}],"about":[{"href":"https:\/\/naturalpoland.com\/cs\/wp-json\/wp\/v2\/types\/product"}],"wp:featuredmedia":[{"embeddable":true,"href":"https:\/\/naturalpoland.com\/cs\/wp-json\/wp\/v2\/media\/39691"}],"wp:attachment":[{"href":"https:\/\/naturalpoland.com\/cs\/wp-json\/wp\/v2\/media?parent=39912"}],"wp:term":[{"taxonomy":"product_brand","embeddable":true,"href":"https:\/\/naturalpoland.com\/cs\/wp-json\/wp\/v2\/product_brand?post=39912"},{"taxonomy":"product_cat","embeddable":true,"href":"https:\/\/naturalpoland.com\/cs\/wp-json\/wp\/v2\/product_cat?post=39912"},{"taxonomy":"product_tag","embeddable":true,"href":"https:\/\/naturalpoland.com\/cs\/wp-json\/wp\/v2\/product_tag?post=39912"}],"curies":[{"name":"wp","href":"https:\/\/api.w.org\/{rel}","templated":true}]}}