{"id":39919,"date":"2025-02-11T15:07:14","date_gmt":"2025-02-18T13:13:05","guid":{"rendered":"https:\/\/naturalpoland.com\/produkty\/neza\u0159azen\u00e9\/mandlove-aroma\/"},"modified":"2025-02-18T14:13:05","modified_gmt":"2025-02-18T13:13:05","slug":"mandlove-aroma","status":"publish","type":"product","link":"https:\/\/naturalpoland.com\/cs\/produkty\/produkty-pro-potravinarsky-prumysl\/aroma\/orechova-aroma\/mandlove-aroma\/","title":{"rendered":"Mandlov\u00e9 aroma"},"content":{"rendered":"<h2>Varianty s mandlovou p\u0159\u00edchut\u00ed:<\/h2>\n<ol>\n<li><strong>P\u0159\u00edrodn\u00ed mandlov\u00e1 p\u0159\u00edchu\u0165 v pr\u00e1\u0161ku<\/strong> vynik\u00e1 \u010dist\u00fdm, sladk\u00fdm a v\u00fdrazn\u00fdm mandlov\u00fdm charakterem, kter\u00fd se dokonale m\u00eds\u00ed s v\u00fdrobky vy\u017eaduj\u00edc\u00edmi stabiln\u00ed suchou formu.<\/li>\n<li><strong>Tekut\u00e1 verze<\/strong> je klasickou mandlovou v\u016fn\u00ed s intenzivn\u00edm a v\u00fdrazn\u00fdm profilem. Nosi\u010dem je glykol pro snadnou aplikaci a rozpustnost. <\/li>\n<li><strong>Mandlov\u00fd aroma pr\u00e1\u0161ek<\/strong> s vylep\u0161en\u00fdm chu\u0165ov\u00fdm profilem m\u00e1 dal\u0161\u00ed t\u00f3ny vanilky a jemn\u00e9ho marcip\u00e1nu. V\u00fdrobk\u016fm dod\u00e1v\u00e1 je\u0161t\u011b rafinovan\u011bj\u0161\u00ed, dezertn\u00ed charakter. <\/li>\n<\/ol>\n","protected":false},"excerpt":{"rendered":"<p><strong>Mandlov\u00e9 aroma<\/strong> m\u00e1 m\u00edrn\u011b sladk\u00fd a lehce marcip\u00e1nov\u00fd aromatick\u00fd profil. Jej\u00ed r\u016fzn\u00e9 varianty umo\u017e\u0148uj\u00ed \u0161irokou \u0161k\u00e1lu pou\u017eit\u00ed, a\u0165 u\u017e v pe\u010divu, ml\u00e9\u010dn\u00fdch v\u00fdrobc\u00edch, dezertech nebo n\u00e1poj\u00edch. <\/p>\n","protected":false},"featured_media":39705,"template":"","meta":{"_acf_changed":false},"product_brand":[],"product_cat":[7585],"product_tag":[],"class_list":{"0":"post-39919","1":"product","2":"type-product","3":"status-publish","4":"has-post-thumbnail","6":"product_cat-orechova-aroma","8":"first","9":"instock","10":"shipping-taxable","11":"product-type-simple"},"acf":[],"yoast_head":"<!-- This site is optimized with the Yoast SEO plugin v27.4 - https:\/\/yoast.com\/product\/yoast-seo-wordpress\/ -->\n<title>Mandlov\u00e9 aroma - Velkoobchodn\u00ed distributor<\/title>\n<meta name=\"description\" content=\"Mandlov\u00e9 aroma je esenc\u00ed v\u00fdrazn\u00e9ho, lehce sladk\u00e9ho a jemn\u011b marcip\u00e1nov\u00e9ho aromatick\u00e9ho profilu. K dispozici m\u00e1me r\u016fzn\u00e9 varianty.\" \/>\n<meta name=\"robots\" content=\"index, follow, max-snippet:-1, max-image-preview:large, max-video-preview:-1\" \/>\n<link rel=\"canonical\" href=\"https:\/\/naturalpoland.com\/cs\/produkty\/produkty-pro-potravinarsky-prumysl\/aroma\/orechova-aroma\/mandlove-aroma\/\" \/>\n<meta property=\"og:locale\" content=\"cs_CZ\" \/>\n<meta property=\"og:type\" content=\"article\" \/>\n<meta property=\"og:title\" content=\"Mandlov\u00e9 aroma - Velkoobchodn\u00ed distributor\" \/>\n<meta property=\"og:description\" content=\"Mandlov\u00e9 aroma je esenc\u00ed v\u00fdrazn\u00e9ho, lehce sladk\u00e9ho a jemn\u011b marcip\u00e1nov\u00e9ho aromatick\u00e9ho profilu. K dispozici m\u00e1me r\u016fzn\u00e9 varianty.\" \/>\n<meta property=\"og:url\" content=\"https:\/\/naturalpoland.com\/cs\/produkty\/produkty-pro-potravinarsky-prumysl\/aroma\/orechova-aroma\/mandlove-aroma\/\" \/>\n<meta property=\"og:site_name\" content=\"NATURAL POLAND - Velkoobchodn\u00ed distributor surovin\" \/>\n<meta property=\"article:publisher\" content=\"https:\/\/www.facebook.com\/naturalpoland.b2b\" \/>\n<meta property=\"og:image\" content=\"https:\/\/naturalpoland.com\/wp-content\/uploads\/aromat-migdalowy.webp\" \/>\n\t<meta property=\"og:image:width\" content=\"592\" \/>\n\t<meta property=\"og:image:height\" content=\"592\" \/>\n\t<meta property=\"og:image:type\" content=\"image\/webp\" \/>\n<script type=\"application\/ld+json\" class=\"yoast-schema-graph\">{\"@context\":\"https:\\\/\\\/schema.org\",\"@graph\":[{\"@type\":\"WebPage\",\"@id\":\"https:\\\/\\\/naturalpoland.com\\\/cs\\\/produkty\\\/produkty-pro-potravinarsky-prumysl\\\/aroma\\\/orechova-aroma\\\/mandlove-aroma\\\/\",\"url\":\"https:\\\/\\\/naturalpoland.com\\\/cs\\\/produkty\\\/produkty-pro-potravinarsky-prumysl\\\/aroma\\\/orechova-aroma\\\/mandlove-aroma\\\/\",\"name\":\"Mandlov\u00e9 aroma - Velkoobchodn\u00ed distributor\",\"isPartOf\":{\"@id\":\"https:\\\/\\\/naturalpoland.com\\\/cs\\\/#website\"},\"primaryImageOfPage\":{\"@id\":\"https:\\\/\\\/naturalpoland.com\\\/cs\\\/produkty\\\/produkty-pro-potravinarsky-prumysl\\\/aroma\\\/orechova-aroma\\\/mandlove-aroma\\\/#primaryimage\"},\"image\":{\"@id\":\"https:\\\/\\\/naturalpoland.com\\\/cs\\\/produkty\\\/produkty-pro-potravinarsky-prumysl\\\/aroma\\\/orechova-aroma\\\/mandlove-aroma\\\/#primaryimage\"},\"thumbnailUrl\":\"https:\\\/\\\/naturalpoland.com\\\/wp-content\\\/uploads\\\/aromat-migdalowy.webp\",\"datePublished\":\"2025-02-18T13:13:05+00:00\",\"description\":\"Mandlov\u00e9 aroma je esenc\u00ed v\u00fdrazn\u00e9ho, lehce sladk\u00e9ho a jemn\u011b marcip\u00e1nov\u00e9ho aromatick\u00e9ho profilu. K dispozici m\u00e1me r\u016fzn\u00e9 varianty.\",\"breadcrumb\":{\"@id\":\"https:\\\/\\\/naturalpoland.com\\\/cs\\\/produkty\\\/produkty-pro-potravinarsky-prumysl\\\/aroma\\\/orechova-aroma\\\/mandlove-aroma\\\/#breadcrumb\"},\"inLanguage\":\"cs\",\"potentialAction\":[{\"@type\":\"ReadAction\",\"target\":[\"https:\\\/\\\/naturalpoland.com\\\/cs\\\/produkty\\\/produkty-pro-potravinarsky-prumysl\\\/aroma\\\/orechova-aroma\\\/mandlove-aroma\\\/\"]}]},{\"@type\":\"ImageObject\",\"inLanguage\":\"cs\",\"@id\":\"https:\\\/\\\/naturalpoland.com\\\/cs\\\/produkty\\\/produkty-pro-potravinarsky-prumysl\\\/aroma\\\/orechova-aroma\\\/mandlove-aroma\\\/#primaryimage\",\"url\":\"https:\\\/\\\/naturalpoland.com\\\/wp-content\\\/uploads\\\/aromat-migdalowy.webp\",\"contentUrl\":\"https:\\\/\\\/naturalpoland.com\\\/wp-content\\\/uploads\\\/aromat-migdalowy.webp\",\"width\":592,\"height\":592,\"caption\":\"aromat migda\u0142owy\"},{\"@type\":\"BreadcrumbList\",\"@id\":\"https:\\\/\\\/naturalpoland.com\\\/cs\\\/produkty\\\/produkty-pro-potravinarsky-prumysl\\\/aroma\\\/orechova-aroma\\\/mandlove-aroma\\\/#breadcrumb\",\"itemListElement\":[{\"@type\":\"ListItem\",\"position\":1,\"name\":\"Dom\u016f\",\"item\":\"https:\\\/\\\/naturalpoland.com\\\/cs\\\/\"},{\"@type\":\"ListItem\",\"position\":2,\"name\":\"Produkty\",\"item\":\"https:\\\/\\\/naturalpoland.com\\\/cs\\\/produkty\\\/\"},{\"@type\":\"ListItem\",\"position\":3,\"name\":\"Mandlov\u00e9 aroma\"}]},{\"@type\":\"WebSite\",\"@id\":\"https:\\\/\\\/naturalpoland.com\\\/cs\\\/#website\",\"url\":\"https:\\\/\\\/naturalpoland.com\\\/cs\\\/\",\"name\":\"NATURAL POLAND - Velkoobchodn\u00ed distributor surovin\",\"description\":\"Surowce dla przemys\u0142u spo\u017cywczego, kosmetycznego i farmaceutycznego\",\"publisher\":{\"@id\":\"https:\\\/\\\/naturalpoland.com\\\/cs\\\/#organization\"},\"potentialAction\":[{\"@type\":\"SearchAction\",\"target\":{\"@type\":\"EntryPoint\",\"urlTemplate\":\"https:\\\/\\\/naturalpoland.com\\\/cs\\\/?s={search_term_string}\"},\"query-input\":{\"@type\":\"PropertyValueSpecification\",\"valueRequired\":true,\"valueName\":\"search_term_string\"}}],\"inLanguage\":\"cs\"},{\"@type\":\"Organization\",\"@id\":\"https:\\\/\\\/naturalpoland.com\\\/cs\\\/#organization\",\"name\":\"Natural Poland\",\"url\":\"https:\\\/\\\/naturalpoland.com\\\/cs\\\/\",\"logo\":{\"@type\":\"ImageObject\",\"inLanguage\":\"cs\",\"@id\":\"https:\\\/\\\/naturalpoland.com\\\/cs\\\/#\\\/schema\\\/logo\\\/image\\\/\",\"url\":\"https:\\\/\\\/naturalpoland.com\\\/wp-content\\\/uploads\\\/2021\\\/05\\\/natural-poland-icon.png\",\"contentUrl\":\"https:\\\/\\\/naturalpoland.com\\\/wp-content\\\/uploads\\\/2021\\\/05\\\/natural-poland-icon.png\",\"width\":512,\"height\":512,\"caption\":\"Natural Poland\"},\"image\":{\"@id\":\"https:\\\/\\\/naturalpoland.com\\\/cs\\\/#\\\/schema\\\/logo\\\/image\\\/\"},\"sameAs\":[\"https:\\\/\\\/www.facebook.com\\\/naturalpoland.b2b\",\"https:\\\/\\\/pl.linkedin.com\\\/company\\\/natural-poland\",\"https:\\\/\\\/www.youtube.com\\\/channel\\\/UCgeGGkvOMahZo-xu_MSEWxg\"]}]}<\/script>\n<!-- \/ Yoast SEO plugin. -->","yoast_head_json":{"title":"Mandlov\u00e9 aroma - Velkoobchodn\u00ed distributor","description":"Mandlov\u00e9 aroma je esenc\u00ed v\u00fdrazn\u00e9ho, lehce sladk\u00e9ho a jemn\u011b marcip\u00e1nov\u00e9ho aromatick\u00e9ho profilu. K dispozici m\u00e1me r\u016fzn\u00e9 varianty.","robots":{"index":"index","follow":"follow","max-snippet":"max-snippet:-1","max-image-preview":"max-image-preview:large","max-video-preview":"max-video-preview:-1"},"canonical":"https:\/\/naturalpoland.com\/cs\/produkty\/produkty-pro-potravinarsky-prumysl\/aroma\/orechova-aroma\/mandlove-aroma\/","og_locale":"cs_CZ","og_type":"article","og_title":"Mandlov\u00e9 aroma - Velkoobchodn\u00ed distributor","og_description":"Mandlov\u00e9 aroma je esenc\u00ed v\u00fdrazn\u00e9ho, lehce sladk\u00e9ho a jemn\u011b marcip\u00e1nov\u00e9ho aromatick\u00e9ho profilu. K dispozici m\u00e1me r\u016fzn\u00e9 varianty.","og_url":"https:\/\/naturalpoland.com\/cs\/produkty\/produkty-pro-potravinarsky-prumysl\/aroma\/orechova-aroma\/mandlove-aroma\/","og_site_name":"NATURAL POLAND - Velkoobchodn\u00ed distributor surovin","article_publisher":"https:\/\/www.facebook.com\/naturalpoland.b2b","og_image":[{"width":592,"height":592,"url":"https:\/\/naturalpoland.com\/wp-content\/uploads\/aromat-migdalowy.webp","type":"image\/webp"}],"schema":{"@context":"https:\/\/schema.org","@graph":[{"@type":"WebPage","@id":"https:\/\/naturalpoland.com\/cs\/produkty\/produkty-pro-potravinarsky-prumysl\/aroma\/orechova-aroma\/mandlove-aroma\/","url":"https:\/\/naturalpoland.com\/cs\/produkty\/produkty-pro-potravinarsky-prumysl\/aroma\/orechova-aroma\/mandlove-aroma\/","name":"Mandlov\u00e9 aroma - Velkoobchodn\u00ed distributor","isPartOf":{"@id":"https:\/\/naturalpoland.com\/cs\/#website"},"primaryImageOfPage":{"@id":"https:\/\/naturalpoland.com\/cs\/produkty\/produkty-pro-potravinarsky-prumysl\/aroma\/orechova-aroma\/mandlove-aroma\/#primaryimage"},"image":{"@id":"https:\/\/naturalpoland.com\/cs\/produkty\/produkty-pro-potravinarsky-prumysl\/aroma\/orechova-aroma\/mandlove-aroma\/#primaryimage"},"thumbnailUrl":"https:\/\/naturalpoland.com\/wp-content\/uploads\/aromat-migdalowy.webp","datePublished":"2025-02-18T13:13:05+00:00","description":"Mandlov\u00e9 aroma je esenc\u00ed v\u00fdrazn\u00e9ho, lehce sladk\u00e9ho a jemn\u011b marcip\u00e1nov\u00e9ho aromatick\u00e9ho profilu. K dispozici m\u00e1me r\u016fzn\u00e9 varianty.","breadcrumb":{"@id":"https:\/\/naturalpoland.com\/cs\/produkty\/produkty-pro-potravinarsky-prumysl\/aroma\/orechova-aroma\/mandlove-aroma\/#breadcrumb"},"inLanguage":"cs","potentialAction":[{"@type":"ReadAction","target":["https:\/\/naturalpoland.com\/cs\/produkty\/produkty-pro-potravinarsky-prumysl\/aroma\/orechova-aroma\/mandlove-aroma\/"]}]},{"@type":"ImageObject","inLanguage":"cs","@id":"https:\/\/naturalpoland.com\/cs\/produkty\/produkty-pro-potravinarsky-prumysl\/aroma\/orechova-aroma\/mandlove-aroma\/#primaryimage","url":"https:\/\/naturalpoland.com\/wp-content\/uploads\/aromat-migdalowy.webp","contentUrl":"https:\/\/naturalpoland.com\/wp-content\/uploads\/aromat-migdalowy.webp","width":592,"height":592,"caption":"aromat migda\u0142owy"},{"@type":"BreadcrumbList","@id":"https:\/\/naturalpoland.com\/cs\/produkty\/produkty-pro-potravinarsky-prumysl\/aroma\/orechova-aroma\/mandlove-aroma\/#breadcrumb","itemListElement":[{"@type":"ListItem","position":1,"name":"Dom\u016f","item":"https:\/\/naturalpoland.com\/cs\/"},{"@type":"ListItem","position":2,"name":"Produkty","item":"https:\/\/naturalpoland.com\/cs\/produkty\/"},{"@type":"ListItem","position":3,"name":"Mandlov\u00e9 aroma"}]},{"@type":"WebSite","@id":"https:\/\/naturalpoland.com\/cs\/#website","url":"https:\/\/naturalpoland.com\/cs\/","name":"NATURAL POLAND - Velkoobchodn\u00ed distributor surovin","description":"Surowce dla przemys\u0142u spo\u017cywczego, kosmetycznego i farmaceutycznego","publisher":{"@id":"https:\/\/naturalpoland.com\/cs\/#organization"},"potentialAction":[{"@type":"SearchAction","target":{"@type":"EntryPoint","urlTemplate":"https:\/\/naturalpoland.com\/cs\/?s={search_term_string}"},"query-input":{"@type":"PropertyValueSpecification","valueRequired":true,"valueName":"search_term_string"}}],"inLanguage":"cs"},{"@type":"Organization","@id":"https:\/\/naturalpoland.com\/cs\/#organization","name":"Natural Poland","url":"https:\/\/naturalpoland.com\/cs\/","logo":{"@type":"ImageObject","inLanguage":"cs","@id":"https:\/\/naturalpoland.com\/cs\/#\/schema\/logo\/image\/","url":"https:\/\/naturalpoland.com\/wp-content\/uploads\/2021\/05\/natural-poland-icon.png","contentUrl":"https:\/\/naturalpoland.com\/wp-content\/uploads\/2021\/05\/natural-poland-icon.png","width":512,"height":512,"caption":"Natural Poland"},"image":{"@id":"https:\/\/naturalpoland.com\/cs\/#\/schema\/logo\/image\/"},"sameAs":["https:\/\/www.facebook.com\/naturalpoland.b2b","https:\/\/pl.linkedin.com\/company\/natural-poland","https:\/\/www.youtube.com\/channel\/UCgeGGkvOMahZo-xu_MSEWxg"]}]}},"_links":{"self":[{"href":"https:\/\/naturalpoland.com\/cs\/wp-json\/wp\/v2\/product\/39919","targetHints":{"allow":["GET"]}}],"collection":[{"href":"https:\/\/naturalpoland.com\/cs\/wp-json\/wp\/v2\/product"}],"about":[{"href":"https:\/\/naturalpoland.com\/cs\/wp-json\/wp\/v2\/types\/product"}],"wp:featuredmedia":[{"embeddable":true,"href":"https:\/\/naturalpoland.com\/cs\/wp-json\/wp\/v2\/media\/39705"}],"wp:attachment":[{"href":"https:\/\/naturalpoland.com\/cs\/wp-json\/wp\/v2\/media?parent=39919"}],"wp:term":[{"taxonomy":"product_brand","embeddable":true,"href":"https:\/\/naturalpoland.com\/cs\/wp-json\/wp\/v2\/product_brand?post=39919"},{"taxonomy":"product_cat","embeddable":true,"href":"https:\/\/naturalpoland.com\/cs\/wp-json\/wp\/v2\/product_cat?post=39919"},{"taxonomy":"product_tag","embeddable":true,"href":"https:\/\/naturalpoland.com\/cs\/wp-json\/wp\/v2\/product_tag?post=39919"}],"curies":[{"name":"wp","href":"https:\/\/api.w.org\/{rel}","templated":true}]}}