{"id":40152,"date":"2025-03-03T15:53:03","date_gmt":"2025-03-03T14:55:31","guid":{"rendered":"https:\/\/naturalpoland.com\/produkty\/neza\u0159azen\u00e9\/gaba\/"},"modified":"2025-03-03T15:55:31","modified_gmt":"2025-03-03T14:55:31","slug":"gaba","status":"publish","type":"product","link":"https:\/\/naturalpoland.com\/cs\/produkty\/produkty-pro-farmaceuticky-a-zdravotnicky-prumysl\/aminokyseliny\/gaba\/","title":{"rendered":"GABA"},"content":{"rendered":"<p>GABA je ve form\u011b vysoce \u010dist\u00e9ho (99-101 %) b\u00edl\u00e9ho krystalick\u00e9ho nebo krystalick\u00e9ho pr\u00e1\u0161ku. Je zn\u00e1m\u00fd pro sv\u00e9 relaxa\u010dn\u00ed \u00fa\u010dinky, napom\u00e1h\u00e1 sni\u017eov\u00e1n\u00ed stresu, zlep\u0161uje kvalitu sp\u00e1nku a stabilizuje funkci nervov\u00e9ho syst\u00e9mu. <\/p>\n<h2>Kvalita surovin<\/h2>\n<p>GABA spl\u0148uje p\u0159\u00edsn\u00e9 kvalitativn\u00ed a mikrobiologick\u00e9 normy. Vykazuje vynikaj\u00edc\u00ed rozpustnost ve vod\u011b a vyhovuje identifika\u010dn\u00edm test\u016fm infra\u010dervenou spektroskopi\u00ed. Jej\u00ed vysokou kvalitu potvrzuj\u00ed laboratorn\u00ed testy, kter\u00e9 ukazuj\u00ed nep\u0159\u00edtomnost kontaminuj\u00edc\u00edch l\u00e1tek, jako jsou jin\u00e9 aminokyseliny, t\u011b\u017ek\u00e9 kovy a patogenn\u00ed mikroorganismy.  <\/p>\n<h2>Zdravotn\u00ed p\u0159\u00ednosy a pou\u017eit\u00ed GABA<\/h2>\n<p>GABA m\u00e1 uklid\u0148uj\u00edc\u00ed vlastnosti a regula\u010dn\u00ed \u00fa\u010dinek na funkci nervov\u00e9ho syst\u00e9mu. V dopl\u0148c\u00edch stravy se pou\u017e\u00edv\u00e1 ke sn\u00ed\u017een\u00ed hladiny kortizolu, sn\u00ed\u017een\u00ed \u00fazkosti a zlep\u0161en\u00ed kvality sp\u00e1nku. Mezi jej\u00ed \u00fa\u010dinky pat\u0159\u00ed tak\u00e9 zlep\u0161en\u00ed koncentrace, podpora kognitivn\u00edch funkc\u00ed a modulace svalov\u00e9ho tonu. V\u00fdzkum nazna\u010duje, \u017ee GABA se m\u016f\u017ee uplatnit p\u0159i zm\u00edr\u0148ov\u00e1n\u00ed p\u0159\u00edznak\u016f deprese, \u00fazkosti a podpo\u0159e regenerace po cvi\u010den\u00ed.   <\/p>\n<p><strong>V dopl\u0148c\u00edch stravy<\/strong> tato surovina p\u016fsob\u00ed jako slo\u017eka sni\u017euj\u00edc\u00ed stres a usnad\u0148uje sp\u00e1nek a du\u0161evn\u00ed regeneraci. <strong>Ve farmaceutick\u00e9m pr\u016fmyslu<\/strong> se pou\u017e\u00edv\u00e1 v nootropn\u00edch, neuroprotektivn\u00edch p\u0159\u00edpravc\u00edch a p\u0159\u00edpravc\u00edch na podporu funkce nervov\u00e9ho syst\u00e9mu. <strong>V kosmetice<\/strong> je cennou slo\u017ekou p\u0159\u00edpravk\u016f proti st\u00e1rnut\u00ed d\u00edky sv\u00fdm vlastnostem uvol\u0148ovat svalov\u00e9 nap\u011bt\u00ed a podporovat regeneraci poko\u017eky. <strong>V potravin\u00e1\u0159sk\u00e9m pr\u016fmyslu<\/strong> se pou\u017e\u00edv\u00e1 jako funk\u010dn\u00ed p\u0159\u00edsada do v\u00fdrobk\u016f zam\u011b\u0159en\u00fdch na zlep\u0161en\u00ed pohody a relaxaci.<\/p>\n<p>&nbsp;<\/p>\n","protected":false},"excerpt":{"rendered":"<p><strong>GABA<\/strong> (kyselina gama-aminom\u00e1seln\u00e1) je p\u0159irozen\u011b se vyskytuj\u00edc\u00ed aminokyselina, kter\u00e1 hraje kl\u00ed\u010dovou roli jako neurotransmiter v centr\u00e1ln\u00ed nervov\u00e9 soustav\u011b.<\/p>\n","protected":false},"featured_media":40137,"template":"","meta":{"_acf_changed":false},"product_brand":[],"product_cat":[628],"product_tag":[],"class_list":{"0":"post-40152","1":"product","2":"type-product","3":"status-publish","4":"has-post-thumbnail","6":"product_cat-aminokyseliny","8":"first","9":"instock","10":"shipping-taxable","11":"product-type-simple"},"acf":[],"yoast_head":"<!-- This site is optimized with the Yoast SEO plugin v27.4 - https:\/\/yoast.com\/product\/yoast-seo-wordpress\/ -->\n<title>GABA - Velkoobchodn\u00ed distributor<\/title>\n<meta name=\"description\" content=\"Kyselina gama-aminom\u00e1seln\u00e1 (GABA) je p\u0159irozen\u011b se vyskytuj\u00edc\u00ed aminokyselina, kter\u00e1 hraje kl\u00ed\u010dovou roli jako neurotransmiter v centr\u00e1ln\u00ed nervov\u00e9 soustav\u011b.\" \/>\n<meta name=\"robots\" content=\"index, follow, max-snippet:-1, max-image-preview:large, max-video-preview:-1\" \/>\n<link rel=\"canonical\" href=\"https:\/\/naturalpoland.com\/cs\/produkty\/produkty-pro-farmaceuticky-a-zdravotnicky-prumysl\/aminokyseliny\/gaba\/\" \/>\n<meta property=\"og:locale\" content=\"cs_CZ\" \/>\n<meta property=\"og:type\" content=\"article\" \/>\n<meta property=\"og:title\" content=\"GABA - Velkoobchodn\u00ed distributor\" \/>\n<meta property=\"og:description\" content=\"Kyselina gama-aminom\u00e1seln\u00e1 (GABA) je p\u0159irozen\u011b se vyskytuj\u00edc\u00ed aminokyselina, kter\u00e1 hraje kl\u00ed\u010dovou roli jako neurotransmiter v centr\u00e1ln\u00ed nervov\u00e9 soustav\u011b.\" \/>\n<meta property=\"og:url\" content=\"https:\/\/naturalpoland.com\/cs\/produkty\/produkty-pro-farmaceuticky-a-zdravotnicky-prumysl\/aminokyseliny\/gaba\/\" \/>\n<meta property=\"og:site_name\" content=\"NATURAL POLAND - Velkoobchodn\u00ed distributor surovin\" \/>\n<meta property=\"article:publisher\" content=\"https:\/\/www.facebook.com\/naturalpoland.b2b\" \/>\n<meta property=\"og:image\" content=\"https:\/\/naturalpoland.com\/wp-content\/uploads\/gaba.webp\" \/>\n\t<meta property=\"og:image:width\" content=\"821\" \/>\n\t<meta property=\"og:image:height\" content=\"821\" \/>\n\t<meta property=\"og:image:type\" content=\"image\/webp\" \/>\n<script type=\"application\/ld+json\" class=\"yoast-schema-graph\">{\"@context\":\"https:\\\/\\\/schema.org\",\"@graph\":[{\"@type\":\"WebPage\",\"@id\":\"https:\\\/\\\/naturalpoland.com\\\/cs\\\/produkty\\\/produkty-pro-farmaceuticky-a-zdravotnicky-prumysl\\\/aminokyseliny\\\/gaba\\\/\",\"url\":\"https:\\\/\\\/naturalpoland.com\\\/cs\\\/produkty\\\/produkty-pro-farmaceuticky-a-zdravotnicky-prumysl\\\/aminokyseliny\\\/gaba\\\/\",\"name\":\"GABA - Velkoobchodn\u00ed distributor\",\"isPartOf\":{\"@id\":\"https:\\\/\\\/naturalpoland.com\\\/cs\\\/#website\"},\"primaryImageOfPage\":{\"@id\":\"https:\\\/\\\/naturalpoland.com\\\/cs\\\/produkty\\\/produkty-pro-farmaceuticky-a-zdravotnicky-prumysl\\\/aminokyseliny\\\/gaba\\\/#primaryimage\"},\"image\":{\"@id\":\"https:\\\/\\\/naturalpoland.com\\\/cs\\\/produkty\\\/produkty-pro-farmaceuticky-a-zdravotnicky-prumysl\\\/aminokyseliny\\\/gaba\\\/#primaryimage\"},\"thumbnailUrl\":\"https:\\\/\\\/naturalpoland.com\\\/wp-content\\\/uploads\\\/gaba.webp\",\"datePublished\":\"2025-03-03T14:55:31+00:00\",\"description\":\"Kyselina gama-aminom\u00e1seln\u00e1 (GABA) je p\u0159irozen\u011b se vyskytuj\u00edc\u00ed aminokyselina, kter\u00e1 hraje kl\u00ed\u010dovou roli jako neurotransmiter v centr\u00e1ln\u00ed nervov\u00e9 soustav\u011b.\",\"breadcrumb\":{\"@id\":\"https:\\\/\\\/naturalpoland.com\\\/cs\\\/produkty\\\/produkty-pro-farmaceuticky-a-zdravotnicky-prumysl\\\/aminokyseliny\\\/gaba\\\/#breadcrumb\"},\"inLanguage\":\"cs\",\"potentialAction\":[{\"@type\":\"ReadAction\",\"target\":[\"https:\\\/\\\/naturalpoland.com\\\/cs\\\/produkty\\\/produkty-pro-farmaceuticky-a-zdravotnicky-prumysl\\\/aminokyseliny\\\/gaba\\\/\"]}]},{\"@type\":\"ImageObject\",\"inLanguage\":\"cs\",\"@id\":\"https:\\\/\\\/naturalpoland.com\\\/cs\\\/produkty\\\/produkty-pro-farmaceuticky-a-zdravotnicky-prumysl\\\/aminokyseliny\\\/gaba\\\/#primaryimage\",\"url\":\"https:\\\/\\\/naturalpoland.com\\\/wp-content\\\/uploads\\\/gaba.webp\",\"contentUrl\":\"https:\\\/\\\/naturalpoland.com\\\/wp-content\\\/uploads\\\/gaba.webp\",\"width\":821,\"height\":821,\"caption\":\"gaba\"},{\"@type\":\"BreadcrumbList\",\"@id\":\"https:\\\/\\\/naturalpoland.com\\\/cs\\\/produkty\\\/produkty-pro-farmaceuticky-a-zdravotnicky-prumysl\\\/aminokyseliny\\\/gaba\\\/#breadcrumb\",\"itemListElement\":[{\"@type\":\"ListItem\",\"position\":1,\"name\":\"Dom\u016f\",\"item\":\"https:\\\/\\\/naturalpoland.com\\\/cs\\\/\"},{\"@type\":\"ListItem\",\"position\":2,\"name\":\"Produkty\",\"item\":\"https:\\\/\\\/naturalpoland.com\\\/cs\\\/produkty\\\/\"},{\"@type\":\"ListItem\",\"position\":3,\"name\":\"GABA\"}]},{\"@type\":\"WebSite\",\"@id\":\"https:\\\/\\\/naturalpoland.com\\\/cs\\\/#website\",\"url\":\"https:\\\/\\\/naturalpoland.com\\\/cs\\\/\",\"name\":\"NATURAL POLAND - Velkoobchodn\u00ed distributor surovin\",\"description\":\"Surowce dla przemys\u0142u spo\u017cywczego, kosmetycznego i farmaceutycznego\",\"publisher\":{\"@id\":\"https:\\\/\\\/naturalpoland.com\\\/cs\\\/#organization\"},\"potentialAction\":[{\"@type\":\"SearchAction\",\"target\":{\"@type\":\"EntryPoint\",\"urlTemplate\":\"https:\\\/\\\/naturalpoland.com\\\/cs\\\/?s={search_term_string}\"},\"query-input\":{\"@type\":\"PropertyValueSpecification\",\"valueRequired\":true,\"valueName\":\"search_term_string\"}}],\"inLanguage\":\"cs\"},{\"@type\":\"Organization\",\"@id\":\"https:\\\/\\\/naturalpoland.com\\\/cs\\\/#organization\",\"name\":\"Natural Poland\",\"url\":\"https:\\\/\\\/naturalpoland.com\\\/cs\\\/\",\"logo\":{\"@type\":\"ImageObject\",\"inLanguage\":\"cs\",\"@id\":\"https:\\\/\\\/naturalpoland.com\\\/cs\\\/#\\\/schema\\\/logo\\\/image\\\/\",\"url\":\"https:\\\/\\\/naturalpoland.com\\\/wp-content\\\/uploads\\\/2021\\\/05\\\/natural-poland-icon.png\",\"contentUrl\":\"https:\\\/\\\/naturalpoland.com\\\/wp-content\\\/uploads\\\/2021\\\/05\\\/natural-poland-icon.png\",\"width\":512,\"height\":512,\"caption\":\"Natural Poland\"},\"image\":{\"@id\":\"https:\\\/\\\/naturalpoland.com\\\/cs\\\/#\\\/schema\\\/logo\\\/image\\\/\"},\"sameAs\":[\"https:\\\/\\\/www.facebook.com\\\/naturalpoland.b2b\",\"https:\\\/\\\/pl.linkedin.com\\\/company\\\/natural-poland\",\"https:\\\/\\\/www.youtube.com\\\/channel\\\/UCgeGGkvOMahZo-xu_MSEWxg\"]}]}<\/script>\n<!-- \/ Yoast SEO plugin. -->","yoast_head_json":{"title":"GABA - Velkoobchodn\u00ed distributor","description":"Kyselina gama-aminom\u00e1seln\u00e1 (GABA) je p\u0159irozen\u011b se vyskytuj\u00edc\u00ed aminokyselina, kter\u00e1 hraje kl\u00ed\u010dovou roli jako neurotransmiter v centr\u00e1ln\u00ed nervov\u00e9 soustav\u011b.","robots":{"index":"index","follow":"follow","max-snippet":"max-snippet:-1","max-image-preview":"max-image-preview:large","max-video-preview":"max-video-preview:-1"},"canonical":"https:\/\/naturalpoland.com\/cs\/produkty\/produkty-pro-farmaceuticky-a-zdravotnicky-prumysl\/aminokyseliny\/gaba\/","og_locale":"cs_CZ","og_type":"article","og_title":"GABA - Velkoobchodn\u00ed distributor","og_description":"Kyselina gama-aminom\u00e1seln\u00e1 (GABA) je p\u0159irozen\u011b se vyskytuj\u00edc\u00ed aminokyselina, kter\u00e1 hraje kl\u00ed\u010dovou roli jako neurotransmiter v centr\u00e1ln\u00ed nervov\u00e9 soustav\u011b.","og_url":"https:\/\/naturalpoland.com\/cs\/produkty\/produkty-pro-farmaceuticky-a-zdravotnicky-prumysl\/aminokyseliny\/gaba\/","og_site_name":"NATURAL POLAND - Velkoobchodn\u00ed distributor surovin","article_publisher":"https:\/\/www.facebook.com\/naturalpoland.b2b","og_image":[{"width":821,"height":821,"url":"https:\/\/naturalpoland.com\/wp-content\/uploads\/gaba.webp","type":"image\/webp"}],"schema":{"@context":"https:\/\/schema.org","@graph":[{"@type":"WebPage","@id":"https:\/\/naturalpoland.com\/cs\/produkty\/produkty-pro-farmaceuticky-a-zdravotnicky-prumysl\/aminokyseliny\/gaba\/","url":"https:\/\/naturalpoland.com\/cs\/produkty\/produkty-pro-farmaceuticky-a-zdravotnicky-prumysl\/aminokyseliny\/gaba\/","name":"GABA - Velkoobchodn\u00ed distributor","isPartOf":{"@id":"https:\/\/naturalpoland.com\/cs\/#website"},"primaryImageOfPage":{"@id":"https:\/\/naturalpoland.com\/cs\/produkty\/produkty-pro-farmaceuticky-a-zdravotnicky-prumysl\/aminokyseliny\/gaba\/#primaryimage"},"image":{"@id":"https:\/\/naturalpoland.com\/cs\/produkty\/produkty-pro-farmaceuticky-a-zdravotnicky-prumysl\/aminokyseliny\/gaba\/#primaryimage"},"thumbnailUrl":"https:\/\/naturalpoland.com\/wp-content\/uploads\/gaba.webp","datePublished":"2025-03-03T14:55:31+00:00","description":"Kyselina gama-aminom\u00e1seln\u00e1 (GABA) je p\u0159irozen\u011b se vyskytuj\u00edc\u00ed aminokyselina, kter\u00e1 hraje kl\u00ed\u010dovou roli jako neurotransmiter v centr\u00e1ln\u00ed nervov\u00e9 soustav\u011b.","breadcrumb":{"@id":"https:\/\/naturalpoland.com\/cs\/produkty\/produkty-pro-farmaceuticky-a-zdravotnicky-prumysl\/aminokyseliny\/gaba\/#breadcrumb"},"inLanguage":"cs","potentialAction":[{"@type":"ReadAction","target":["https:\/\/naturalpoland.com\/cs\/produkty\/produkty-pro-farmaceuticky-a-zdravotnicky-prumysl\/aminokyseliny\/gaba\/"]}]},{"@type":"ImageObject","inLanguage":"cs","@id":"https:\/\/naturalpoland.com\/cs\/produkty\/produkty-pro-farmaceuticky-a-zdravotnicky-prumysl\/aminokyseliny\/gaba\/#primaryimage","url":"https:\/\/naturalpoland.com\/wp-content\/uploads\/gaba.webp","contentUrl":"https:\/\/naturalpoland.com\/wp-content\/uploads\/gaba.webp","width":821,"height":821,"caption":"gaba"},{"@type":"BreadcrumbList","@id":"https:\/\/naturalpoland.com\/cs\/produkty\/produkty-pro-farmaceuticky-a-zdravotnicky-prumysl\/aminokyseliny\/gaba\/#breadcrumb","itemListElement":[{"@type":"ListItem","position":1,"name":"Dom\u016f","item":"https:\/\/naturalpoland.com\/cs\/"},{"@type":"ListItem","position":2,"name":"Produkty","item":"https:\/\/naturalpoland.com\/cs\/produkty\/"},{"@type":"ListItem","position":3,"name":"GABA"}]},{"@type":"WebSite","@id":"https:\/\/naturalpoland.com\/cs\/#website","url":"https:\/\/naturalpoland.com\/cs\/","name":"NATURAL POLAND - Velkoobchodn\u00ed distributor surovin","description":"Surowce dla przemys\u0142u spo\u017cywczego, kosmetycznego i farmaceutycznego","publisher":{"@id":"https:\/\/naturalpoland.com\/cs\/#organization"},"potentialAction":[{"@type":"SearchAction","target":{"@type":"EntryPoint","urlTemplate":"https:\/\/naturalpoland.com\/cs\/?s={search_term_string}"},"query-input":{"@type":"PropertyValueSpecification","valueRequired":true,"valueName":"search_term_string"}}],"inLanguage":"cs"},{"@type":"Organization","@id":"https:\/\/naturalpoland.com\/cs\/#organization","name":"Natural Poland","url":"https:\/\/naturalpoland.com\/cs\/","logo":{"@type":"ImageObject","inLanguage":"cs","@id":"https:\/\/naturalpoland.com\/cs\/#\/schema\/logo\/image\/","url":"https:\/\/naturalpoland.com\/wp-content\/uploads\/2021\/05\/natural-poland-icon.png","contentUrl":"https:\/\/naturalpoland.com\/wp-content\/uploads\/2021\/05\/natural-poland-icon.png","width":512,"height":512,"caption":"Natural Poland"},"image":{"@id":"https:\/\/naturalpoland.com\/cs\/#\/schema\/logo\/image\/"},"sameAs":["https:\/\/www.facebook.com\/naturalpoland.b2b","https:\/\/pl.linkedin.com\/company\/natural-poland","https:\/\/www.youtube.com\/channel\/UCgeGGkvOMahZo-xu_MSEWxg"]}]}},"_links":{"self":[{"href":"https:\/\/naturalpoland.com\/cs\/wp-json\/wp\/v2\/product\/40152","targetHints":{"allow":["GET"]}}],"collection":[{"href":"https:\/\/naturalpoland.com\/cs\/wp-json\/wp\/v2\/product"}],"about":[{"href":"https:\/\/naturalpoland.com\/cs\/wp-json\/wp\/v2\/types\/product"}],"wp:featuredmedia":[{"embeddable":true,"href":"https:\/\/naturalpoland.com\/cs\/wp-json\/wp\/v2\/media\/40137"}],"wp:attachment":[{"href":"https:\/\/naturalpoland.com\/cs\/wp-json\/wp\/v2\/media?parent=40152"}],"wp:term":[{"taxonomy":"product_brand","embeddable":true,"href":"https:\/\/naturalpoland.com\/cs\/wp-json\/wp\/v2\/product_brand?post=40152"},{"taxonomy":"product_cat","embeddable":true,"href":"https:\/\/naturalpoland.com\/cs\/wp-json\/wp\/v2\/product_cat?post=40152"},{"taxonomy":"product_tag","embeddable":true,"href":"https:\/\/naturalpoland.com\/cs\/wp-json\/wp\/v2\/product_tag?post=40152"}],"curies":[{"name":"wp","href":"https:\/\/api.w.org\/{rel}","templated":true}]}}