{"id":40360,"date":"2025-03-06T16:21:54","date_gmt":"2025-03-07T14:12:40","guid":{"rendered":"https:\/\/naturalpoland.com\/produkty\/neza\u0159azen\u00e9\/perletove-pigmenty\/"},"modified":"2025-03-07T15:12:40","modified_gmt":"2025-03-07T14:12:40","slug":"perletove-pigmenty","status":"publish","type":"product","link":"https:\/\/naturalpoland.com\/cs\/produkty\/produkty-pro-kosmeticky-prumysl\/kosmeticka-barviva\/perletove-pigmenty\/","title":{"rendered":"Perle\u0165ov\u00e9 pigmenty"},"content":{"rendered":"<p>Perle\u0165ov\u00e9 pigmenty se skl\u00e1daj\u00ed z jemn\u00fdch miner\u00e1ln\u00edch \u010d\u00e1stic, kter\u00e9 jsou pota\u017eeny vrstvami oxid\u016f kov\u016f, jako je oxid titani\u010dit\u00fd (C.I. 77891) nebo oxid \u017eelezit\u00fd (C.I. 77491). Pr\u00e1v\u011b tyto vrstvy jsou zodpov\u011bdn\u00e9 za jejich jedine\u010dn\u00e9 optick\u00e9 vlastnosti. Tyto pigmenty se hojn\u011b pou\u017e\u00edvaj\u00ed v barevn\u00e9 kosmetice, zejm\u00e9na v make-upech, lac\u00edch na nehty, p\u0159\u00edpravc\u00edch pro p\u00e9\u010di o vlasy a t\u011blo.  <\/p>\n<h2>Vlastnosti perle\u0165ov\u00fdch pigment\u016f:<\/h2>\n<ul>\n<li>maj\u00ed perle\u0165ov\u00fd a t\u0159pytiv\u00fd efekt, odr\u00e1\u017eej\u00ed sv\u011btlo a vytv\u00e1\u0159ej\u00ed t\u0159pytiv\u00e9, sat\u00e9nov\u00e9 a kovov\u00e9 efekty,<\/li>\n<li>v z\u00e1vislosti na \u00fahlu dopadu sv\u011btla mohou m\u011bnit sv\u016fj odst\u00edn,<\/li>\n<li>dob\u0159e se m\u00eds\u00ed s jin\u00fdmi pigmenty a kosmetick\u00fdmi b\u00e1zemi,<\/li>\n<li>jsou anorganick\u00e9ho p\u016fvodu, proto z\u0159\u00eddka zp\u016fsobuj\u00ed alergie a jsou stabiln\u00ed,<\/li>\n<li>jsou odoln\u00e9 v\u016f\u010di teplu a sv\u011btlu &#8211; nevyblednou p\u0159i vystaven\u00ed UV z\u00e1\u0159en\u00ed, jako je tomu u n\u011bkter\u00fdch organick\u00fdch pigment\u016f,<\/li>\n<li>jsou obl\u00edben\u00e9 v pr\u00e9miov\u00fdch produktech.<\/li>\n<\/ul>\n<h2>Typy perle\u0165ov\u00fdch pigment\u016f:<\/h2>\n<h3>1. KLASICK\u00c9 PERLE\u0164OV\u00c9 PIGMENTY<\/h3>\n<p>Nej\u010dast\u011bji jsou zalo\u017eeny na sl\u00edd\u011b (mica, C.I. 77019), kter\u00e1 je p\u0159\u00edrodn\u00edm miner\u00e1lem a je nositelem perle\u0165ov\u00e9ho efektu. Tyto pigmenty mohou m\u00edt r\u016fzn\u00e9 efekty v z\u00e1vislosti na pou\u017eit\u00fdch metalick\u00fdch povlac\u00edch. Nejobl\u00edben\u011bj\u0161\u00ed barvy klasick\u00fdch perle\u0165ov\u00fdch pigment\u016f jsou:  <\/p>\n<ul>\n<li>Zlat\u00e1 perle\u0165 (C.I. 77491, 77891, Mica) &#8211; pou\u017e\u00edv\u00e1 se v o\u010dn\u00edch st\u00ednech, rt\u011bnk\u00e1ch, lesk\u00e1ch, lac\u00edch na nehty a barv\u00e1ch se zlat\u00fdm reflexn\u00edm efektem.<\/li>\n<li>B\u00edl\u00e1 perle\u0165ov\u00e1 (C.I. 77891, sl\u00edda) &#8211; pou\u017e\u00edv\u00e1 se v rozjas\u0148ova\u010d\u00edch, rozjas\u0148uj\u00edc\u00edch pudrech, z\u00e1\u0159iv\u00fdch rt\u011bnk\u00e1ch, podkladech pod make-up s efektem z\u00e1\u0159e a opalovac\u00ed kosmetice.<\/li>\n<li>St\u0159\u00edbrn\u00e1 perle\u0165 (C.I. 77891, Mica) &#8211; pou\u017e\u00edv\u00e1 se v lac\u00edch na nehty s chromov\u00fdm efektem, o\u010dn\u00edch st\u00ednech a vlasov\u00e9 kosmetice s holografick\u00fdm efektem.<\/li>\n<\/ul>\n<h3>2. PERLE\u0164OV\u00c9 INTERFEREN\u010cN\u00cd PIGMENTY<\/h3>\n<p>Jedn\u00e1 se o pigmenty, kter\u00e9 m\u011bn\u00ed barvu v z\u00e1vislosti na \u00fahlu dopadu sv\u011btla. Je to proto, \u017ee sv\u011btlo se odr\u00e1\u017e\u00ed od mnoha vrstev oxid\u016f kov\u016f a vytv\u00e1\u0159\u00ed optick\u00fd efekt. N\u00e1\u0161 sortiment zahrnuje nap\u0159:  <\/p>\n<ul>\n<li>Interferen\u010dn\u00ed modr\u00e1 &#8211; pou\u017e\u00edv\u00e1 se do lesk\u016f, o\u010dn\u00edch st\u00edn\u016f a barev na vlasy s perle\u0165ov\u00fdm efektem.<\/li>\n<li>Interferen\u010dn\u00ed zelen\u00e1 &#8211; pou\u017e\u00edv\u00e1 se v produktech pro l\u00ed\u010den\u00ed o\u010d\u00ed a lac\u00edch na nehty s holografick\u00fdm efektem.<\/li>\n<li>Interferen\u010dn\u00ed r\u016f\u017eov\u00e1 &#8211; pou\u017e\u00edv\u00e1 se v rozjas\u0148ova\u010d\u00edch, pudrech, rt\u011bnk\u00e1ch a tv\u00e1\u0159enk\u00e1ch<\/li>\n<\/ul>\n<h3>3. PERLE\u0164OV\u00c9 METALICK\u00c9 PIGMENTY<\/h3>\n<p>Jedn\u00e1 se o perle\u0165ov\u00e9 pigmenty s intenzivn\u00edm kovov\u00fdm leskem. Jejich struktura se podob\u00e1 klasick\u00fdm perle\u0165ov\u00fdm pigment\u016fm, ale maj\u00ed siln\u011bj\u0161\u00ed sv\u011btlo odr\u00e1\u017eej\u00edc\u00ed \u00fa\u010dinek. Pou\u017e\u00edvaj\u00ed se v lac\u00edch na nehty se zrcadlov\u00fdm efektem, o\u010dn\u00edch link\u00e1ch, o\u010dn\u00edch st\u00ednech s f\u00f3liov\u00fdm efektem, metalick\u00fdch rt\u011bnk\u00e1ch a vlasov\u00e9 kosmetice.  <\/p>\n<h3>4. PERLE\u0164OV\u00c9 PIGMENTY S CHAMELEONSK\u00ddM EFEKTEM<\/h3>\n<p>Jedn\u00e1 se o technologicky nejvysp\u011blej\u0161\u00ed pigmenty, kter\u00e9 m\u011bn\u00ed barvu v z\u00e1vislosti na sv\u011btle a \u00fahlu pohledu. Jsou dra\u017e\u0161\u00ed, ale vytv\u00e1\u0159ej\u00ed mimo\u0159\u00e1dn\u00e9 vizu\u00e1ln\u00ed efekty. Pou\u017e\u00edvaj\u00ed se v o\u010dn\u00edch st\u00ednech s &#8222;duochromov\u00fdm&#8220; (dvoubarevn\u00fdm) efektem, lac\u00edch na nehty s holografick\u00fdm efektem a barv\u00e1ch na vlasy s perle\u0165ov\u00fdm leskem.  <\/p>\n<p>&nbsp;<\/p>\n","protected":false},"excerpt":{"rendered":"<p>Perle\u0165ov\u00e9 pigmenty dod\u00e1vaj\u00ed kosmetick\u00fdm v\u00fdrobk\u016fm perle\u0165ov\u00fd, kovov\u00fd nebo duhov\u00fd efekt. Maj\u00ed schopnost odr\u00e1\u017eet a rozptylovat sv\u011btlo, a vytv\u00e1\u0159ej\u00ed tak leskl\u00fd efekt a v\u00edcerozm\u011brnou hloubku barev. <\/p>\n","protected":false},"featured_media":40286,"template":"","meta":{"_acf_changed":false},"product_brand":[],"product_cat":[7790],"product_tag":[],"class_list":{"0":"post-40360","1":"product","2":"type-product","3":"status-publish","4":"has-post-thumbnail","6":"product_cat-kosmeticka-barviva","8":"first","9":"instock","10":"shipping-taxable","11":"product-type-simple"},"acf":[],"yoast_head":"<!-- This site is optimized with the Yoast SEO plugin v27.4 - https:\/\/yoast.com\/product\/yoast-seo-wordpress\/ -->\n<title>Perle\u0165ov\u00e9 pigmenty - Velkoobchodn\u00ed distributor<\/title>\n<meta name=\"description\" content=\"Perle\u0165ov\u00e9 pigmenty jsou speci\u00e1ln\u00ed kategori\u00ed kosmetick\u00fdch pigment\u016f, kter\u00e9 dod\u00e1vaj\u00ed v\u00fdrobk\u016fm perle\u0165ov\u00fd, metalick\u00fd nebo duhov\u00fd efekt.\" \/>\n<meta name=\"robots\" content=\"index, follow, max-snippet:-1, max-image-preview:large, max-video-preview:-1\" \/>\n<link rel=\"canonical\" href=\"https:\/\/naturalpoland.com\/cs\/produkty\/produkty-pro-kosmeticky-prumysl\/kosmeticka-barviva\/perletove-pigmenty\/\" \/>\n<meta property=\"og:locale\" content=\"cs_CZ\" \/>\n<meta property=\"og:type\" content=\"article\" \/>\n<meta property=\"og:title\" content=\"Perle\u0165ov\u00e9 pigmenty - Velkoobchodn\u00ed distributor\" \/>\n<meta property=\"og:description\" content=\"Perle\u0165ov\u00e9 pigmenty jsou speci\u00e1ln\u00ed kategori\u00ed kosmetick\u00fdch pigment\u016f, kter\u00e9 dod\u00e1vaj\u00ed v\u00fdrobk\u016fm perle\u0165ov\u00fd, metalick\u00fd nebo duhov\u00fd efekt.\" \/>\n<meta property=\"og:url\" content=\"https:\/\/naturalpoland.com\/cs\/produkty\/produkty-pro-kosmeticky-prumysl\/kosmeticka-barviva\/perletove-pigmenty\/\" \/>\n<meta property=\"og:site_name\" content=\"NATURAL POLAND - Velkoobchodn\u00ed distributor surovin\" \/>\n<meta property=\"article:publisher\" content=\"https:\/\/www.facebook.com\/naturalpoland.b2b\" \/>\n<meta property=\"og:image\" content=\"https:\/\/naturalpoland.com\/wp-content\/uploads\/pigmenty-perlowe.webp\" \/>\n\t<meta property=\"og:image:width\" content=\"821\" \/>\n\t<meta property=\"og:image:height\" content=\"821\" \/>\n\t<meta property=\"og:image:type\" content=\"image\/webp\" \/>\n<script type=\"application\/ld+json\" class=\"yoast-schema-graph\">{\"@context\":\"https:\\\/\\\/schema.org\",\"@graph\":[{\"@type\":\"WebPage\",\"@id\":\"https:\\\/\\\/naturalpoland.com\\\/cs\\\/produkty\\\/produkty-pro-kosmeticky-prumysl\\\/kosmeticka-barviva\\\/perletove-pigmenty\\\/\",\"url\":\"https:\\\/\\\/naturalpoland.com\\\/cs\\\/produkty\\\/produkty-pro-kosmeticky-prumysl\\\/kosmeticka-barviva\\\/perletove-pigmenty\\\/\",\"name\":\"Perle\u0165ov\u00e9 pigmenty - Velkoobchodn\u00ed distributor\",\"isPartOf\":{\"@id\":\"https:\\\/\\\/naturalpoland.com\\\/cs\\\/#website\"},\"primaryImageOfPage\":{\"@id\":\"https:\\\/\\\/naturalpoland.com\\\/cs\\\/produkty\\\/produkty-pro-kosmeticky-prumysl\\\/kosmeticka-barviva\\\/perletove-pigmenty\\\/#primaryimage\"},\"image\":{\"@id\":\"https:\\\/\\\/naturalpoland.com\\\/cs\\\/produkty\\\/produkty-pro-kosmeticky-prumysl\\\/kosmeticka-barviva\\\/perletove-pigmenty\\\/#primaryimage\"},\"thumbnailUrl\":\"https:\\\/\\\/naturalpoland.com\\\/wp-content\\\/uploads\\\/pigmenty-perlowe.webp\",\"datePublished\":\"2025-03-07T14:12:40+00:00\",\"description\":\"Perle\u0165ov\u00e9 pigmenty jsou speci\u00e1ln\u00ed kategori\u00ed kosmetick\u00fdch pigment\u016f, kter\u00e9 dod\u00e1vaj\u00ed v\u00fdrobk\u016fm perle\u0165ov\u00fd, metalick\u00fd nebo duhov\u00fd efekt.\",\"breadcrumb\":{\"@id\":\"https:\\\/\\\/naturalpoland.com\\\/cs\\\/produkty\\\/produkty-pro-kosmeticky-prumysl\\\/kosmeticka-barviva\\\/perletove-pigmenty\\\/#breadcrumb\"},\"inLanguage\":\"cs\",\"potentialAction\":[{\"@type\":\"ReadAction\",\"target\":[\"https:\\\/\\\/naturalpoland.com\\\/cs\\\/produkty\\\/produkty-pro-kosmeticky-prumysl\\\/kosmeticka-barviva\\\/perletove-pigmenty\\\/\"]}]},{\"@type\":\"ImageObject\",\"inLanguage\":\"cs\",\"@id\":\"https:\\\/\\\/naturalpoland.com\\\/cs\\\/produkty\\\/produkty-pro-kosmeticky-prumysl\\\/kosmeticka-barviva\\\/perletove-pigmenty\\\/#primaryimage\",\"url\":\"https:\\\/\\\/naturalpoland.com\\\/wp-content\\\/uploads\\\/pigmenty-perlowe.webp\",\"contentUrl\":\"https:\\\/\\\/naturalpoland.com\\\/wp-content\\\/uploads\\\/pigmenty-perlowe.webp\",\"width\":821,\"height\":821,\"caption\":\"pigmenty per\u0142owe\"},{\"@type\":\"BreadcrumbList\",\"@id\":\"https:\\\/\\\/naturalpoland.com\\\/cs\\\/produkty\\\/produkty-pro-kosmeticky-prumysl\\\/kosmeticka-barviva\\\/perletove-pigmenty\\\/#breadcrumb\",\"itemListElement\":[{\"@type\":\"ListItem\",\"position\":1,\"name\":\"Dom\u016f\",\"item\":\"https:\\\/\\\/naturalpoland.com\\\/cs\\\/\"},{\"@type\":\"ListItem\",\"position\":2,\"name\":\"Produkty\",\"item\":\"https:\\\/\\\/naturalpoland.com\\\/cs\\\/produkty\\\/\"},{\"@type\":\"ListItem\",\"position\":3,\"name\":\"Perle\u0165ov\u00e9 pigmenty\"}]},{\"@type\":\"WebSite\",\"@id\":\"https:\\\/\\\/naturalpoland.com\\\/cs\\\/#website\",\"url\":\"https:\\\/\\\/naturalpoland.com\\\/cs\\\/\",\"name\":\"NATURAL POLAND - Velkoobchodn\u00ed distributor surovin\",\"description\":\"Surowce dla przemys\u0142u spo\u017cywczego, kosmetycznego i farmaceutycznego\",\"publisher\":{\"@id\":\"https:\\\/\\\/naturalpoland.com\\\/cs\\\/#organization\"},\"potentialAction\":[{\"@type\":\"SearchAction\",\"target\":{\"@type\":\"EntryPoint\",\"urlTemplate\":\"https:\\\/\\\/naturalpoland.com\\\/cs\\\/?s={search_term_string}\"},\"query-input\":{\"@type\":\"PropertyValueSpecification\",\"valueRequired\":true,\"valueName\":\"search_term_string\"}}],\"inLanguage\":\"cs\"},{\"@type\":\"Organization\",\"@id\":\"https:\\\/\\\/naturalpoland.com\\\/cs\\\/#organization\",\"name\":\"Natural Poland\",\"url\":\"https:\\\/\\\/naturalpoland.com\\\/cs\\\/\",\"logo\":{\"@type\":\"ImageObject\",\"inLanguage\":\"cs\",\"@id\":\"https:\\\/\\\/naturalpoland.com\\\/cs\\\/#\\\/schema\\\/logo\\\/image\\\/\",\"url\":\"https:\\\/\\\/naturalpoland.com\\\/wp-content\\\/uploads\\\/2021\\\/05\\\/natural-poland-icon.png\",\"contentUrl\":\"https:\\\/\\\/naturalpoland.com\\\/wp-content\\\/uploads\\\/2021\\\/05\\\/natural-poland-icon.png\",\"width\":512,\"height\":512,\"caption\":\"Natural Poland\"},\"image\":{\"@id\":\"https:\\\/\\\/naturalpoland.com\\\/cs\\\/#\\\/schema\\\/logo\\\/image\\\/\"},\"sameAs\":[\"https:\\\/\\\/www.facebook.com\\\/naturalpoland.b2b\",\"https:\\\/\\\/pl.linkedin.com\\\/company\\\/natural-poland\",\"https:\\\/\\\/www.youtube.com\\\/channel\\\/UCgeGGkvOMahZo-xu_MSEWxg\"]}]}<\/script>\n<!-- \/ Yoast SEO plugin. -->","yoast_head_json":{"title":"Perle\u0165ov\u00e9 pigmenty - Velkoobchodn\u00ed distributor","description":"Perle\u0165ov\u00e9 pigmenty jsou speci\u00e1ln\u00ed kategori\u00ed kosmetick\u00fdch pigment\u016f, kter\u00e9 dod\u00e1vaj\u00ed v\u00fdrobk\u016fm perle\u0165ov\u00fd, metalick\u00fd nebo duhov\u00fd efekt.","robots":{"index":"index","follow":"follow","max-snippet":"max-snippet:-1","max-image-preview":"max-image-preview:large","max-video-preview":"max-video-preview:-1"},"canonical":"https:\/\/naturalpoland.com\/cs\/produkty\/produkty-pro-kosmeticky-prumysl\/kosmeticka-barviva\/perletove-pigmenty\/","og_locale":"cs_CZ","og_type":"article","og_title":"Perle\u0165ov\u00e9 pigmenty - Velkoobchodn\u00ed distributor","og_description":"Perle\u0165ov\u00e9 pigmenty jsou speci\u00e1ln\u00ed kategori\u00ed kosmetick\u00fdch pigment\u016f, kter\u00e9 dod\u00e1vaj\u00ed v\u00fdrobk\u016fm perle\u0165ov\u00fd, metalick\u00fd nebo duhov\u00fd efekt.","og_url":"https:\/\/naturalpoland.com\/cs\/produkty\/produkty-pro-kosmeticky-prumysl\/kosmeticka-barviva\/perletove-pigmenty\/","og_site_name":"NATURAL POLAND - Velkoobchodn\u00ed distributor surovin","article_publisher":"https:\/\/www.facebook.com\/naturalpoland.b2b","og_image":[{"width":821,"height":821,"url":"https:\/\/naturalpoland.com\/wp-content\/uploads\/pigmenty-perlowe.webp","type":"image\/webp"}],"schema":{"@context":"https:\/\/schema.org","@graph":[{"@type":"WebPage","@id":"https:\/\/naturalpoland.com\/cs\/produkty\/produkty-pro-kosmeticky-prumysl\/kosmeticka-barviva\/perletove-pigmenty\/","url":"https:\/\/naturalpoland.com\/cs\/produkty\/produkty-pro-kosmeticky-prumysl\/kosmeticka-barviva\/perletove-pigmenty\/","name":"Perle\u0165ov\u00e9 pigmenty - Velkoobchodn\u00ed distributor","isPartOf":{"@id":"https:\/\/naturalpoland.com\/cs\/#website"},"primaryImageOfPage":{"@id":"https:\/\/naturalpoland.com\/cs\/produkty\/produkty-pro-kosmeticky-prumysl\/kosmeticka-barviva\/perletove-pigmenty\/#primaryimage"},"image":{"@id":"https:\/\/naturalpoland.com\/cs\/produkty\/produkty-pro-kosmeticky-prumysl\/kosmeticka-barviva\/perletove-pigmenty\/#primaryimage"},"thumbnailUrl":"https:\/\/naturalpoland.com\/wp-content\/uploads\/pigmenty-perlowe.webp","datePublished":"2025-03-07T14:12:40+00:00","description":"Perle\u0165ov\u00e9 pigmenty jsou speci\u00e1ln\u00ed kategori\u00ed kosmetick\u00fdch pigment\u016f, kter\u00e9 dod\u00e1vaj\u00ed v\u00fdrobk\u016fm perle\u0165ov\u00fd, metalick\u00fd nebo duhov\u00fd efekt.","breadcrumb":{"@id":"https:\/\/naturalpoland.com\/cs\/produkty\/produkty-pro-kosmeticky-prumysl\/kosmeticka-barviva\/perletove-pigmenty\/#breadcrumb"},"inLanguage":"cs","potentialAction":[{"@type":"ReadAction","target":["https:\/\/naturalpoland.com\/cs\/produkty\/produkty-pro-kosmeticky-prumysl\/kosmeticka-barviva\/perletove-pigmenty\/"]}]},{"@type":"ImageObject","inLanguage":"cs","@id":"https:\/\/naturalpoland.com\/cs\/produkty\/produkty-pro-kosmeticky-prumysl\/kosmeticka-barviva\/perletove-pigmenty\/#primaryimage","url":"https:\/\/naturalpoland.com\/wp-content\/uploads\/pigmenty-perlowe.webp","contentUrl":"https:\/\/naturalpoland.com\/wp-content\/uploads\/pigmenty-perlowe.webp","width":821,"height":821,"caption":"pigmenty per\u0142owe"},{"@type":"BreadcrumbList","@id":"https:\/\/naturalpoland.com\/cs\/produkty\/produkty-pro-kosmeticky-prumysl\/kosmeticka-barviva\/perletove-pigmenty\/#breadcrumb","itemListElement":[{"@type":"ListItem","position":1,"name":"Dom\u016f","item":"https:\/\/naturalpoland.com\/cs\/"},{"@type":"ListItem","position":2,"name":"Produkty","item":"https:\/\/naturalpoland.com\/cs\/produkty\/"},{"@type":"ListItem","position":3,"name":"Perle\u0165ov\u00e9 pigmenty"}]},{"@type":"WebSite","@id":"https:\/\/naturalpoland.com\/cs\/#website","url":"https:\/\/naturalpoland.com\/cs\/","name":"NATURAL POLAND - Velkoobchodn\u00ed distributor surovin","description":"Surowce dla przemys\u0142u spo\u017cywczego, kosmetycznego i farmaceutycznego","publisher":{"@id":"https:\/\/naturalpoland.com\/cs\/#organization"},"potentialAction":[{"@type":"SearchAction","target":{"@type":"EntryPoint","urlTemplate":"https:\/\/naturalpoland.com\/cs\/?s={search_term_string}"},"query-input":{"@type":"PropertyValueSpecification","valueRequired":true,"valueName":"search_term_string"}}],"inLanguage":"cs"},{"@type":"Organization","@id":"https:\/\/naturalpoland.com\/cs\/#organization","name":"Natural Poland","url":"https:\/\/naturalpoland.com\/cs\/","logo":{"@type":"ImageObject","inLanguage":"cs","@id":"https:\/\/naturalpoland.com\/cs\/#\/schema\/logo\/image\/","url":"https:\/\/naturalpoland.com\/wp-content\/uploads\/2021\/05\/natural-poland-icon.png","contentUrl":"https:\/\/naturalpoland.com\/wp-content\/uploads\/2021\/05\/natural-poland-icon.png","width":512,"height":512,"caption":"Natural Poland"},"image":{"@id":"https:\/\/naturalpoland.com\/cs\/#\/schema\/logo\/image\/"},"sameAs":["https:\/\/www.facebook.com\/naturalpoland.b2b","https:\/\/pl.linkedin.com\/company\/natural-poland","https:\/\/www.youtube.com\/channel\/UCgeGGkvOMahZo-xu_MSEWxg"]}]}},"_links":{"self":[{"href":"https:\/\/naturalpoland.com\/cs\/wp-json\/wp\/v2\/product\/40360","targetHints":{"allow":["GET"]}}],"collection":[{"href":"https:\/\/naturalpoland.com\/cs\/wp-json\/wp\/v2\/product"}],"about":[{"href":"https:\/\/naturalpoland.com\/cs\/wp-json\/wp\/v2\/types\/product"}],"wp:featuredmedia":[{"embeddable":true,"href":"https:\/\/naturalpoland.com\/cs\/wp-json\/wp\/v2\/media\/40286"}],"wp:attachment":[{"href":"https:\/\/naturalpoland.com\/cs\/wp-json\/wp\/v2\/media?parent=40360"}],"wp:term":[{"taxonomy":"product_brand","embeddable":true,"href":"https:\/\/naturalpoland.com\/cs\/wp-json\/wp\/v2\/product_brand?post=40360"},{"taxonomy":"product_cat","embeddable":true,"href":"https:\/\/naturalpoland.com\/cs\/wp-json\/wp\/v2\/product_cat?post=40360"},{"taxonomy":"product_tag","embeddable":true,"href":"https:\/\/naturalpoland.com\/cs\/wp-json\/wp\/v2\/product_tag?post=40360"}],"curies":[{"name":"wp","href":"https:\/\/api.w.org\/{rel}","templated":true}]}}