{"id":40371,"date":"2025-03-07T15:10:30","date_gmt":"2025-03-07T14:12:54","guid":{"rendered":"https:\/\/naturalpoland.com\/produkty\/neza\u0159azen\u00e9\/organicka-barviva-a-jezera\/"},"modified":"2025-03-07T15:12:54","modified_gmt":"2025-03-07T14:12:54","slug":"organicka-barviva-a-jezera","status":"publish","type":"product","link":"https:\/\/naturalpoland.com\/cs\/produkty\/produkty-pro-kosmeticky-prumysl\/kosmeticka-barviva\/organicka-barviva-a-jezera\/","title":{"rendered":"Organick\u00e1 barviva a jezera"},"content":{"rendered":"<h2>V\u00fdhody organick\u00fdch barviv a lak\u016f:<\/h2>\n<ul>\n<li>Poskytuje intenzivn\u00ed a \u017eiv\u00e9 barvy<\/li>\n<li>K dispozici v \u0161irok\u00e9 \u0161k\u00e1le barev<\/li>\n<li>Lze je pou\u017e\u00edt v kosmetice na vodn\u00ed i olejov\u00e9 b\u00e1zi, s v\u00fdjimkou lak\u016f, kter\u00e9 jsou odoln\u00e9 proti rozpou\u0161t\u011bn\u00ed, a proto se pou\u017e\u00edvaj\u00ed ve vod\u011bodoln\u00fdch v\u00fdrobc\u00edch s prodlou\u017eenou trvanlivost\u00ed.<\/li>\n<\/ul>\n<h2>Typy organick\u00fdch barviv a jezer<\/h2>\n<p><strong>\u010cERVEN\u00c9 A R\u016e\u017dOV\u00c9 PIGMENTY<\/strong><\/p>\n<p>Pou\u017e\u00edv\u00e1 se v kosmetice na rty, tv\u00e1\u0159enk\u00e1ch a lac\u00edch na nehty. Pat\u0159\u00ed mezi n\u011b nap\u0159.: C.I. 12085 (Red PR), C.I. 15850 (Ruby CA, Ruby AL, Ruby BA), C.I. 45410 (Rosebay, Red 10B). <\/p>\n<p><strong>\u017dLUT\u00c9 A ORAN\u017dOV\u00c9 PIGMENTY<\/strong><\/p>\n<p>Dod\u00e1vaj\u00ed barevn\u00e9 kosmetice tepl\u00e9 t\u00f3ny. Pou\u017e\u00edvaj\u00ed se v o\u010dn\u00edch st\u00ednech, lac\u00edch na nehty a vlasov\u00e9 kosmetice. P\u0159\u00edklady: C.I. 19140 (\u017elut\u00e1, tartrazin), C.I. 15985 (mandar\u00ednov\u00e1, oran\u017eov\u00e1, vysoce siln\u00e1).  <\/p>\n<p><strong>MODR\u00c9, ZELEN\u00c9 A FIALOV\u00c9 PIGMENTY<\/strong><\/p>\n<p>Pou\u017e\u00edv\u00e1 se v o\u010dn\u00ed kosmetice, lac\u00edch na vlasy a stylingov\u00fdch p\u0159\u00edpravc\u00edch. Mezi nimi lze zm\u00ednit nap\u0159.: 42090 (tyrkysov\u00e1 mod\u0159, brilantn\u00ed mod\u0159 FCF), C.I. 77742 (purpurov\u00e1 fialov\u00e1, fialov\u00e1 RR), <\/p>\n<p>&nbsp;<\/p>\n","protected":false},"excerpt":{"rendered":"<p><strong>Organick\u00e1 barviva<\/strong> jsou intenzivn\u00ed syntetick\u00e1 barviva, kter\u00e1 mohou b\u00fdt rozpustn\u00e1 ve vod\u011b, olej\u00edch nebo mohou existovat jako nerozpustn\u00e1 jezera. <strong>Jez\u00edrka<\/strong> vznikaj\u00ed nanesen\u00edm barviva na nerozpustn\u00fd nosi\u010d, jako jsou oxidy hlin\u00edku, v\u00e1pn\u00edku nebo kov\u016f. T\u00edmto zp\u016fsobem si jez\u00edrka zachov\u00e1vaj\u00ed intenzitu barvy, ale nejsou rozpustn\u00e1 ve vod\u011b ani v olej\u00edch, <\/p>\n","protected":false},"featured_media":40347,"template":"","meta":{"_acf_changed":false},"product_brand":[],"product_cat":[7790],"product_tag":[],"class_list":{"0":"post-40371","1":"product","2":"type-product","3":"status-publish","4":"has-post-thumbnail","6":"product_cat-kosmeticka-barviva","8":"first","9":"instock","10":"shipping-taxable","11":"product-type-simple"},"acf":[],"yoast_head":"<!-- This site is optimized with the Yoast SEO plugin v27.4 - https:\/\/yoast.com\/product\/yoast-seo-wordpress\/ -->\n<title>Organick\u00e1 barviva a jezera - Velkoobchodn\u00ed distributor<\/title>\n<meta name=\"description\" content=\"Organick\u00e1 barviva a laky jsou kl\u00ed\u010dov\u00e9 pro barevn\u00fd make-up a v\u00fdrobky na nehty. Maj\u00ed intenzivn\u00ed odst\u00edny, dlouhou v\u00fddr\u017e a \u0161irokou \u0161k\u00e1lu barev.\" \/>\n<meta name=\"robots\" content=\"index, follow, max-snippet:-1, max-image-preview:large, max-video-preview:-1\" \/>\n<link rel=\"canonical\" href=\"https:\/\/naturalpoland.com\/cs\/produkty\/produkty-pro-kosmeticky-prumysl\/kosmeticka-barviva\/organicka-barviva-a-jezera\/\" \/>\n<meta property=\"og:locale\" content=\"cs_CZ\" \/>\n<meta property=\"og:type\" content=\"article\" \/>\n<meta property=\"og:title\" content=\"Organick\u00e1 barviva a jezera - Velkoobchodn\u00ed distributor\" \/>\n<meta property=\"og:description\" content=\"Organick\u00e1 barviva a laky jsou kl\u00ed\u010dov\u00e9 pro barevn\u00fd make-up a v\u00fdrobky na nehty. Maj\u00ed intenzivn\u00ed odst\u00edny, dlouhou v\u00fddr\u017e a \u0161irokou \u0161k\u00e1lu barev.\" \/>\n<meta property=\"og:url\" content=\"https:\/\/naturalpoland.com\/cs\/produkty\/produkty-pro-kosmeticky-prumysl\/kosmeticka-barviva\/organicka-barviva-a-jezera\/\" \/>\n<meta property=\"og:site_name\" content=\"NATURAL POLAND - Velkoobchodn\u00ed distributor surovin\" \/>\n<meta property=\"article:publisher\" content=\"https:\/\/www.facebook.com\/naturalpoland.b2b\" \/>\n<meta property=\"og:image\" content=\"https:\/\/naturalpoland.com\/wp-content\/uploads\/pigmenty-organiczne-i-laki.webp\" \/>\n\t<meta property=\"og:image:width\" content=\"821\" \/>\n\t<meta property=\"og:image:height\" content=\"821\" \/>\n\t<meta property=\"og:image:type\" content=\"image\/webp\" \/>\n<script type=\"application\/ld+json\" class=\"yoast-schema-graph\">{\"@context\":\"https:\\\/\\\/schema.org\",\"@graph\":[{\"@type\":\"WebPage\",\"@id\":\"https:\\\/\\\/naturalpoland.com\\\/cs\\\/produkty\\\/produkty-pro-kosmeticky-prumysl\\\/kosmeticka-barviva\\\/organicka-barviva-a-jezera\\\/\",\"url\":\"https:\\\/\\\/naturalpoland.com\\\/cs\\\/produkty\\\/produkty-pro-kosmeticky-prumysl\\\/kosmeticka-barviva\\\/organicka-barviva-a-jezera\\\/\",\"name\":\"Organick\u00e1 barviva a jezera - Velkoobchodn\u00ed distributor\",\"isPartOf\":{\"@id\":\"https:\\\/\\\/naturalpoland.com\\\/cs\\\/#website\"},\"primaryImageOfPage\":{\"@id\":\"https:\\\/\\\/naturalpoland.com\\\/cs\\\/produkty\\\/produkty-pro-kosmeticky-prumysl\\\/kosmeticka-barviva\\\/organicka-barviva-a-jezera\\\/#primaryimage\"},\"image\":{\"@id\":\"https:\\\/\\\/naturalpoland.com\\\/cs\\\/produkty\\\/produkty-pro-kosmeticky-prumysl\\\/kosmeticka-barviva\\\/organicka-barviva-a-jezera\\\/#primaryimage\"},\"thumbnailUrl\":\"https:\\\/\\\/naturalpoland.com\\\/wp-content\\\/uploads\\\/pigmenty-organiczne-i-laki.webp\",\"datePublished\":\"2025-03-07T14:12:54+00:00\",\"description\":\"Organick\u00e1 barviva a laky jsou kl\u00ed\u010dov\u00e9 pro barevn\u00fd make-up a v\u00fdrobky na nehty. Maj\u00ed intenzivn\u00ed odst\u00edny, dlouhou v\u00fddr\u017e a \u0161irokou \u0161k\u00e1lu barev.\",\"breadcrumb\":{\"@id\":\"https:\\\/\\\/naturalpoland.com\\\/cs\\\/produkty\\\/produkty-pro-kosmeticky-prumysl\\\/kosmeticka-barviva\\\/organicka-barviva-a-jezera\\\/#breadcrumb\"},\"inLanguage\":\"cs\",\"potentialAction\":[{\"@type\":\"ReadAction\",\"target\":[\"https:\\\/\\\/naturalpoland.com\\\/cs\\\/produkty\\\/produkty-pro-kosmeticky-prumysl\\\/kosmeticka-barviva\\\/organicka-barviva-a-jezera\\\/\"]}]},{\"@type\":\"ImageObject\",\"inLanguage\":\"cs\",\"@id\":\"https:\\\/\\\/naturalpoland.com\\\/cs\\\/produkty\\\/produkty-pro-kosmeticky-prumysl\\\/kosmeticka-barviva\\\/organicka-barviva-a-jezera\\\/#primaryimage\",\"url\":\"https:\\\/\\\/naturalpoland.com\\\/wp-content\\\/uploads\\\/pigmenty-organiczne-i-laki.webp\",\"contentUrl\":\"https:\\\/\\\/naturalpoland.com\\\/wp-content\\\/uploads\\\/pigmenty-organiczne-i-laki.webp\",\"width\":821,\"height\":821,\"caption\":\"Barwniki organiczne i laki\"},{\"@type\":\"BreadcrumbList\",\"@id\":\"https:\\\/\\\/naturalpoland.com\\\/cs\\\/produkty\\\/produkty-pro-kosmeticky-prumysl\\\/kosmeticka-barviva\\\/organicka-barviva-a-jezera\\\/#breadcrumb\",\"itemListElement\":[{\"@type\":\"ListItem\",\"position\":1,\"name\":\"Dom\u016f\",\"item\":\"https:\\\/\\\/naturalpoland.com\\\/cs\\\/\"},{\"@type\":\"ListItem\",\"position\":2,\"name\":\"Produkty\",\"item\":\"https:\\\/\\\/naturalpoland.com\\\/cs\\\/produkty\\\/\"},{\"@type\":\"ListItem\",\"position\":3,\"name\":\"Organick\u00e1 barviva a jezera\"}]},{\"@type\":\"WebSite\",\"@id\":\"https:\\\/\\\/naturalpoland.com\\\/cs\\\/#website\",\"url\":\"https:\\\/\\\/naturalpoland.com\\\/cs\\\/\",\"name\":\"NATURAL POLAND - Velkoobchodn\u00ed distributor surovin\",\"description\":\"Surowce dla przemys\u0142u spo\u017cywczego, kosmetycznego i farmaceutycznego\",\"publisher\":{\"@id\":\"https:\\\/\\\/naturalpoland.com\\\/cs\\\/#organization\"},\"potentialAction\":[{\"@type\":\"SearchAction\",\"target\":{\"@type\":\"EntryPoint\",\"urlTemplate\":\"https:\\\/\\\/naturalpoland.com\\\/cs\\\/?s={search_term_string}\"},\"query-input\":{\"@type\":\"PropertyValueSpecification\",\"valueRequired\":true,\"valueName\":\"search_term_string\"}}],\"inLanguage\":\"cs\"},{\"@type\":\"Organization\",\"@id\":\"https:\\\/\\\/naturalpoland.com\\\/cs\\\/#organization\",\"name\":\"Natural Poland\",\"url\":\"https:\\\/\\\/naturalpoland.com\\\/cs\\\/\",\"logo\":{\"@type\":\"ImageObject\",\"inLanguage\":\"cs\",\"@id\":\"https:\\\/\\\/naturalpoland.com\\\/cs\\\/#\\\/schema\\\/logo\\\/image\\\/\",\"url\":\"https:\\\/\\\/naturalpoland.com\\\/wp-content\\\/uploads\\\/2021\\\/05\\\/natural-poland-icon.png\",\"contentUrl\":\"https:\\\/\\\/naturalpoland.com\\\/wp-content\\\/uploads\\\/2021\\\/05\\\/natural-poland-icon.png\",\"width\":512,\"height\":512,\"caption\":\"Natural Poland\"},\"image\":{\"@id\":\"https:\\\/\\\/naturalpoland.com\\\/cs\\\/#\\\/schema\\\/logo\\\/image\\\/\"},\"sameAs\":[\"https:\\\/\\\/www.facebook.com\\\/naturalpoland.b2b\",\"https:\\\/\\\/pl.linkedin.com\\\/company\\\/natural-poland\",\"https:\\\/\\\/www.youtube.com\\\/channel\\\/UCgeGGkvOMahZo-xu_MSEWxg\"]}]}<\/script>\n<!-- \/ Yoast SEO plugin. -->","yoast_head_json":{"title":"Organick\u00e1 barviva a jezera - Velkoobchodn\u00ed distributor","description":"Organick\u00e1 barviva a laky jsou kl\u00ed\u010dov\u00e9 pro barevn\u00fd make-up a v\u00fdrobky na nehty. Maj\u00ed intenzivn\u00ed odst\u00edny, dlouhou v\u00fddr\u017e a \u0161irokou \u0161k\u00e1lu barev.","robots":{"index":"index","follow":"follow","max-snippet":"max-snippet:-1","max-image-preview":"max-image-preview:large","max-video-preview":"max-video-preview:-1"},"canonical":"https:\/\/naturalpoland.com\/cs\/produkty\/produkty-pro-kosmeticky-prumysl\/kosmeticka-barviva\/organicka-barviva-a-jezera\/","og_locale":"cs_CZ","og_type":"article","og_title":"Organick\u00e1 barviva a jezera - Velkoobchodn\u00ed distributor","og_description":"Organick\u00e1 barviva a laky jsou kl\u00ed\u010dov\u00e9 pro barevn\u00fd make-up a v\u00fdrobky na nehty. Maj\u00ed intenzivn\u00ed odst\u00edny, dlouhou v\u00fddr\u017e a \u0161irokou \u0161k\u00e1lu barev.","og_url":"https:\/\/naturalpoland.com\/cs\/produkty\/produkty-pro-kosmeticky-prumysl\/kosmeticka-barviva\/organicka-barviva-a-jezera\/","og_site_name":"NATURAL POLAND - Velkoobchodn\u00ed distributor surovin","article_publisher":"https:\/\/www.facebook.com\/naturalpoland.b2b","og_image":[{"width":821,"height":821,"url":"https:\/\/naturalpoland.com\/wp-content\/uploads\/pigmenty-organiczne-i-laki.webp","type":"image\/webp"}],"schema":{"@context":"https:\/\/schema.org","@graph":[{"@type":"WebPage","@id":"https:\/\/naturalpoland.com\/cs\/produkty\/produkty-pro-kosmeticky-prumysl\/kosmeticka-barviva\/organicka-barviva-a-jezera\/","url":"https:\/\/naturalpoland.com\/cs\/produkty\/produkty-pro-kosmeticky-prumysl\/kosmeticka-barviva\/organicka-barviva-a-jezera\/","name":"Organick\u00e1 barviva a jezera - Velkoobchodn\u00ed distributor","isPartOf":{"@id":"https:\/\/naturalpoland.com\/cs\/#website"},"primaryImageOfPage":{"@id":"https:\/\/naturalpoland.com\/cs\/produkty\/produkty-pro-kosmeticky-prumysl\/kosmeticka-barviva\/organicka-barviva-a-jezera\/#primaryimage"},"image":{"@id":"https:\/\/naturalpoland.com\/cs\/produkty\/produkty-pro-kosmeticky-prumysl\/kosmeticka-barviva\/organicka-barviva-a-jezera\/#primaryimage"},"thumbnailUrl":"https:\/\/naturalpoland.com\/wp-content\/uploads\/pigmenty-organiczne-i-laki.webp","datePublished":"2025-03-07T14:12:54+00:00","description":"Organick\u00e1 barviva a laky jsou kl\u00ed\u010dov\u00e9 pro barevn\u00fd make-up a v\u00fdrobky na nehty. Maj\u00ed intenzivn\u00ed odst\u00edny, dlouhou v\u00fddr\u017e a \u0161irokou \u0161k\u00e1lu barev.","breadcrumb":{"@id":"https:\/\/naturalpoland.com\/cs\/produkty\/produkty-pro-kosmeticky-prumysl\/kosmeticka-barviva\/organicka-barviva-a-jezera\/#breadcrumb"},"inLanguage":"cs","potentialAction":[{"@type":"ReadAction","target":["https:\/\/naturalpoland.com\/cs\/produkty\/produkty-pro-kosmeticky-prumysl\/kosmeticka-barviva\/organicka-barviva-a-jezera\/"]}]},{"@type":"ImageObject","inLanguage":"cs","@id":"https:\/\/naturalpoland.com\/cs\/produkty\/produkty-pro-kosmeticky-prumysl\/kosmeticka-barviva\/organicka-barviva-a-jezera\/#primaryimage","url":"https:\/\/naturalpoland.com\/wp-content\/uploads\/pigmenty-organiczne-i-laki.webp","contentUrl":"https:\/\/naturalpoland.com\/wp-content\/uploads\/pigmenty-organiczne-i-laki.webp","width":821,"height":821,"caption":"Barwniki organiczne i laki"},{"@type":"BreadcrumbList","@id":"https:\/\/naturalpoland.com\/cs\/produkty\/produkty-pro-kosmeticky-prumysl\/kosmeticka-barviva\/organicka-barviva-a-jezera\/#breadcrumb","itemListElement":[{"@type":"ListItem","position":1,"name":"Dom\u016f","item":"https:\/\/naturalpoland.com\/cs\/"},{"@type":"ListItem","position":2,"name":"Produkty","item":"https:\/\/naturalpoland.com\/cs\/produkty\/"},{"@type":"ListItem","position":3,"name":"Organick\u00e1 barviva a jezera"}]},{"@type":"WebSite","@id":"https:\/\/naturalpoland.com\/cs\/#website","url":"https:\/\/naturalpoland.com\/cs\/","name":"NATURAL POLAND - Velkoobchodn\u00ed distributor surovin","description":"Surowce dla przemys\u0142u spo\u017cywczego, kosmetycznego i farmaceutycznego","publisher":{"@id":"https:\/\/naturalpoland.com\/cs\/#organization"},"potentialAction":[{"@type":"SearchAction","target":{"@type":"EntryPoint","urlTemplate":"https:\/\/naturalpoland.com\/cs\/?s={search_term_string}"},"query-input":{"@type":"PropertyValueSpecification","valueRequired":true,"valueName":"search_term_string"}}],"inLanguage":"cs"},{"@type":"Organization","@id":"https:\/\/naturalpoland.com\/cs\/#organization","name":"Natural Poland","url":"https:\/\/naturalpoland.com\/cs\/","logo":{"@type":"ImageObject","inLanguage":"cs","@id":"https:\/\/naturalpoland.com\/cs\/#\/schema\/logo\/image\/","url":"https:\/\/naturalpoland.com\/wp-content\/uploads\/2021\/05\/natural-poland-icon.png","contentUrl":"https:\/\/naturalpoland.com\/wp-content\/uploads\/2021\/05\/natural-poland-icon.png","width":512,"height":512,"caption":"Natural Poland"},"image":{"@id":"https:\/\/naturalpoland.com\/cs\/#\/schema\/logo\/image\/"},"sameAs":["https:\/\/www.facebook.com\/naturalpoland.b2b","https:\/\/pl.linkedin.com\/company\/natural-poland","https:\/\/www.youtube.com\/channel\/UCgeGGkvOMahZo-xu_MSEWxg"]}]}},"_links":{"self":[{"href":"https:\/\/naturalpoland.com\/cs\/wp-json\/wp\/v2\/product\/40371","targetHints":{"allow":["GET"]}}],"collection":[{"href":"https:\/\/naturalpoland.com\/cs\/wp-json\/wp\/v2\/product"}],"about":[{"href":"https:\/\/naturalpoland.com\/cs\/wp-json\/wp\/v2\/types\/product"}],"wp:featuredmedia":[{"embeddable":true,"href":"https:\/\/naturalpoland.com\/cs\/wp-json\/wp\/v2\/media\/40347"}],"wp:attachment":[{"href":"https:\/\/naturalpoland.com\/cs\/wp-json\/wp\/v2\/media?parent=40371"}],"wp:term":[{"taxonomy":"product_brand","embeddable":true,"href":"https:\/\/naturalpoland.com\/cs\/wp-json\/wp\/v2\/product_brand?post=40371"},{"taxonomy":"product_cat","embeddable":true,"href":"https:\/\/naturalpoland.com\/cs\/wp-json\/wp\/v2\/product_cat?post=40371"},{"taxonomy":"product_tag","embeddable":true,"href":"https:\/\/naturalpoland.com\/cs\/wp-json\/wp\/v2\/product_tag?post=40371"}],"curies":[{"name":"wp","href":"https:\/\/api.w.org\/{rel}","templated":true}]}}