{"id":40412,"date":"2025-03-07T15:28:49","date_gmt":"2025-03-07T14:44:39","guid":{"rendered":"https:\/\/naturalpoland.com\/produkty\/neza\u0159azen\u00e9\/barviva-prirodniho-puvodu\/"},"modified":"2025-03-07T15:44:39","modified_gmt":"2025-03-07T14:44:39","slug":"barviva-prirodniho-puvodu","status":"publish","type":"product","link":"https:\/\/naturalpoland.com\/cs\/produkty\/produkty-pro-kosmeticky-prumysl\/kosmeticka-barviva\/barviva-prirodniho-puvodu\/","title":{"rendered":"Barviva p\u0159\u00edrodn\u00edho p\u016fvodu"},"content":{"rendered":"<h2>Vlastnosti p\u0159\u00edrodn\u00edch barev<\/h2>\n<ul>\n<li>jsou rostlinn\u00e9ho, miner\u00e1ln\u00edho nebo \u017eivo\u010di\u0161n\u00e9ho p\u016fvodu<\/li>\n<li>Jsou bezpe\u010dn\u00e9 pro poko\u017eku a \u010dasto hypoalergenn\u00ed.<\/li>\n<li>Ur\u010deno pro pou\u017eit\u00ed v p\u0159\u00edrodn\u00ed a organick\u00e9 kosmetice<\/li>\n<li>M\u016f\u017ee vy\u017eadovat stabilizaci, aby se zabr\u00e1nilo degradaci barvy<\/li>\n<li>Poskytuj\u00ed m\u00e9n\u011b intenzivn\u00ed, ale p\u0159irozen\u00e9 odst\u00edny<\/li>\n<\/ul>\n<h2>Typy p\u0159\u00edrodn\u00edch barviv:<\/h2>\n<p><strong>ZELENINOV\u00c9 BARVY<\/strong><\/p>\n<p>Obl\u00edben\u00fdm rostlinn\u00fdm pigmentem je kurkumin (C.I. 75300), kter\u00fd se pou\u017e\u00edv\u00e1 v ple\u0165ov\u00fdch kr\u00e9mech a kosmetice pro rozjasn\u011bn\u00ed pleti. Antokyany (\u010derven\u00e1 \u0159epa, C.I. 752) lze nal\u00e9zt ve rt\u011bnk\u00e1ch a lesk\u00e1ch na rty a tv\u00e1\u0159enk\u00e1ch. Naproti tomu <strong><a href=\"https:\/\/naturalpoland.com\/produkty\/produkty-dla-przemyslu-farmaceutycznego-i-medycznego\/dodatki-do-suplementow-diety\/kompleks-miedziowy-chlorofilu\/\">Chlorofyl<\/a><\/strong> (C.I. 75810) lze nal\u00e9zt v \u0161amponech, m\u00fddlech a p\u0159\u00edpravc\u00edch pro p\u00e9\u010di o ple\u0165.  <\/p>\n<p><strong>MINER\u00c1LN\u00cd BARVY<\/strong><\/p>\n<p>Mezi miner\u00e1ln\u00ed pigmenty pat\u0159\u00ed oxid titani\u010dit\u00fd (C.I. 77891) pou\u017e\u00edvan\u00fd v podkladech, BB kr\u00e9mech a opalovac\u00edch kr\u00e9mech a oxidy \u017eeleza (C.I. 77491, 77492, 77499) pou\u017e\u00edvan\u00e9 v ple\u0165ov\u00e9 kosmetice, o\u010dn\u00edch st\u00ednech a bronzeru.<\/p>\n<p><strong>ZV\u00cd\u0158EC\u00cd BARVY<\/strong><\/p>\n<p>Ko\u0161enilov\u00fd karm\u00edn (C.I. 75470) je barvivo \u017eivo\u010di\u0161n\u00e9ho p\u016fvodu pou\u017e\u00edvan\u00e9 ve rt\u011bnk\u00e1ch, leskl\u00fdch rt\u011bnk\u00e1ch a tv\u00e1\u0159enk\u00e1ch.<\/p>\n","protected":false},"excerpt":{"rendered":"<p>Barviva p\u0159\u00edrodn\u00edho p\u016fvodu poch\u00e1zej\u00ed z rostlin, miner\u00e1l\u016f nebo \u017eivo\u010di\u0161n\u00fdch organism\u016f. Jsou alternativou k syntetick\u00fdm barviv\u016fm, zejm\u00e9na v ekologick\u00fdch a organick\u00fdch v\u00fdrobc\u00edch. <\/p>\n","protected":false},"featured_media":40393,"template":"","meta":{"_acf_changed":false},"product_brand":[],"product_cat":[7790],"product_tag":[],"class_list":{"0":"post-40412","1":"product","2":"type-product","3":"status-publish","4":"has-post-thumbnail","6":"product_cat-kosmeticka-barviva","8":"first","9":"instock","10":"shipping-taxable","11":"product-type-simple"},"acf":[],"yoast_head":"<!-- This site is optimized with the Yoast SEO plugin v27.4 - https:\/\/yoast.com\/product\/yoast-seo-wordpress\/ -->\n<title>Barviva p\u0159\u00edrodn\u00edho p\u016fvodu - Velkoobchodn\u00ed distributor<\/title>\n<meta name=\"description\" content=\"Barviva p\u0159\u00edrodn\u00edho p\u016fvodu jsou obl\u00edben\u00e1 v organick\u00e9 kosmetice. Poskytuj\u00ed m\u00e9n\u011b intenzivn\u00ed, ale p\u0159irozen\u00e9 odst\u00edny.\" \/>\n<meta name=\"robots\" content=\"index, follow, max-snippet:-1, max-image-preview:large, max-video-preview:-1\" \/>\n<link rel=\"canonical\" href=\"https:\/\/naturalpoland.com\/cs\/produkty\/produkty-pro-kosmeticky-prumysl\/kosmeticka-barviva\/barviva-prirodniho-puvodu\/\" \/>\n<meta property=\"og:locale\" content=\"cs_CZ\" \/>\n<meta property=\"og:type\" content=\"article\" \/>\n<meta property=\"og:title\" content=\"Barviva p\u0159\u00edrodn\u00edho p\u016fvodu - Velkoobchodn\u00ed distributor\" \/>\n<meta property=\"og:description\" content=\"Barviva p\u0159\u00edrodn\u00edho p\u016fvodu jsou obl\u00edben\u00e1 v organick\u00e9 kosmetice. Poskytuj\u00ed m\u00e9n\u011b intenzivn\u00ed, ale p\u0159irozen\u00e9 odst\u00edny.\" \/>\n<meta property=\"og:url\" content=\"https:\/\/naturalpoland.com\/cs\/produkty\/produkty-pro-kosmeticky-prumysl\/kosmeticka-barviva\/barviva-prirodniho-puvodu\/\" \/>\n<meta property=\"og:site_name\" content=\"NATURAL POLAND - Velkoobchodn\u00ed distributor surovin\" \/>\n<meta property=\"article:publisher\" content=\"https:\/\/www.facebook.com\/naturalpoland.b2b\" \/>\n<meta property=\"og:image\" content=\"https:\/\/naturalpoland.com\/wp-content\/uploads\/barwniki-pochodzenia-naturalnego.webp\" \/>\n\t<meta property=\"og:image:width\" content=\"821\" \/>\n\t<meta property=\"og:image:height\" content=\"821\" \/>\n\t<meta property=\"og:image:type\" content=\"image\/webp\" \/>\n<script type=\"application\/ld+json\" class=\"yoast-schema-graph\">{\"@context\":\"https:\\\/\\\/schema.org\",\"@graph\":[{\"@type\":\"WebPage\",\"@id\":\"https:\\\/\\\/naturalpoland.com\\\/cs\\\/produkty\\\/produkty-pro-kosmeticky-prumysl\\\/kosmeticka-barviva\\\/barviva-prirodniho-puvodu\\\/\",\"url\":\"https:\\\/\\\/naturalpoland.com\\\/cs\\\/produkty\\\/produkty-pro-kosmeticky-prumysl\\\/kosmeticka-barviva\\\/barviva-prirodniho-puvodu\\\/\",\"name\":\"Barviva p\u0159\u00edrodn\u00edho p\u016fvodu - Velkoobchodn\u00ed distributor\",\"isPartOf\":{\"@id\":\"https:\\\/\\\/naturalpoland.com\\\/cs\\\/#website\"},\"primaryImageOfPage\":{\"@id\":\"https:\\\/\\\/naturalpoland.com\\\/cs\\\/produkty\\\/produkty-pro-kosmeticky-prumysl\\\/kosmeticka-barviva\\\/barviva-prirodniho-puvodu\\\/#primaryimage\"},\"image\":{\"@id\":\"https:\\\/\\\/naturalpoland.com\\\/cs\\\/produkty\\\/produkty-pro-kosmeticky-prumysl\\\/kosmeticka-barviva\\\/barviva-prirodniho-puvodu\\\/#primaryimage\"},\"thumbnailUrl\":\"https:\\\/\\\/naturalpoland.com\\\/wp-content\\\/uploads\\\/barwniki-pochodzenia-naturalnego.webp\",\"datePublished\":\"2025-03-07T14:44:39+00:00\",\"description\":\"Barviva p\u0159\u00edrodn\u00edho p\u016fvodu jsou obl\u00edben\u00e1 v organick\u00e9 kosmetice. Poskytuj\u00ed m\u00e9n\u011b intenzivn\u00ed, ale p\u0159irozen\u00e9 odst\u00edny.\",\"breadcrumb\":{\"@id\":\"https:\\\/\\\/naturalpoland.com\\\/cs\\\/produkty\\\/produkty-pro-kosmeticky-prumysl\\\/kosmeticka-barviva\\\/barviva-prirodniho-puvodu\\\/#breadcrumb\"},\"inLanguage\":\"cs\",\"potentialAction\":[{\"@type\":\"ReadAction\",\"target\":[\"https:\\\/\\\/naturalpoland.com\\\/cs\\\/produkty\\\/produkty-pro-kosmeticky-prumysl\\\/kosmeticka-barviva\\\/barviva-prirodniho-puvodu\\\/\"]}]},{\"@type\":\"ImageObject\",\"inLanguage\":\"cs\",\"@id\":\"https:\\\/\\\/naturalpoland.com\\\/cs\\\/produkty\\\/produkty-pro-kosmeticky-prumysl\\\/kosmeticka-barviva\\\/barviva-prirodniho-puvodu\\\/#primaryimage\",\"url\":\"https:\\\/\\\/naturalpoland.com\\\/wp-content\\\/uploads\\\/barwniki-pochodzenia-naturalnego.webp\",\"contentUrl\":\"https:\\\/\\\/naturalpoland.com\\\/wp-content\\\/uploads\\\/barwniki-pochodzenia-naturalnego.webp\",\"width\":821,\"height\":821,\"caption\":\"Barwniki pochodzenia naturalnego\"},{\"@type\":\"BreadcrumbList\",\"@id\":\"https:\\\/\\\/naturalpoland.com\\\/cs\\\/produkty\\\/produkty-pro-kosmeticky-prumysl\\\/kosmeticka-barviva\\\/barviva-prirodniho-puvodu\\\/#breadcrumb\",\"itemListElement\":[{\"@type\":\"ListItem\",\"position\":1,\"name\":\"Dom\u016f\",\"item\":\"https:\\\/\\\/naturalpoland.com\\\/cs\\\/\"},{\"@type\":\"ListItem\",\"position\":2,\"name\":\"Produkty\",\"item\":\"https:\\\/\\\/naturalpoland.com\\\/cs\\\/produkty\\\/\"},{\"@type\":\"ListItem\",\"position\":3,\"name\":\"Barviva p\u0159\u00edrodn\u00edho p\u016fvodu\"}]},{\"@type\":\"WebSite\",\"@id\":\"https:\\\/\\\/naturalpoland.com\\\/cs\\\/#website\",\"url\":\"https:\\\/\\\/naturalpoland.com\\\/cs\\\/\",\"name\":\"NATURAL POLAND - Velkoobchodn\u00ed distributor surovin\",\"description\":\"Surowce dla przemys\u0142u spo\u017cywczego, kosmetycznego i farmaceutycznego\",\"publisher\":{\"@id\":\"https:\\\/\\\/naturalpoland.com\\\/cs\\\/#organization\"},\"potentialAction\":[{\"@type\":\"SearchAction\",\"target\":{\"@type\":\"EntryPoint\",\"urlTemplate\":\"https:\\\/\\\/naturalpoland.com\\\/cs\\\/?s={search_term_string}\"},\"query-input\":{\"@type\":\"PropertyValueSpecification\",\"valueRequired\":true,\"valueName\":\"search_term_string\"}}],\"inLanguage\":\"cs\"},{\"@type\":\"Organization\",\"@id\":\"https:\\\/\\\/naturalpoland.com\\\/cs\\\/#organization\",\"name\":\"Natural Poland\",\"url\":\"https:\\\/\\\/naturalpoland.com\\\/cs\\\/\",\"logo\":{\"@type\":\"ImageObject\",\"inLanguage\":\"cs\",\"@id\":\"https:\\\/\\\/naturalpoland.com\\\/cs\\\/#\\\/schema\\\/logo\\\/image\\\/\",\"url\":\"https:\\\/\\\/naturalpoland.com\\\/wp-content\\\/uploads\\\/2021\\\/05\\\/natural-poland-icon.png\",\"contentUrl\":\"https:\\\/\\\/naturalpoland.com\\\/wp-content\\\/uploads\\\/2021\\\/05\\\/natural-poland-icon.png\",\"width\":512,\"height\":512,\"caption\":\"Natural Poland\"},\"image\":{\"@id\":\"https:\\\/\\\/naturalpoland.com\\\/cs\\\/#\\\/schema\\\/logo\\\/image\\\/\"},\"sameAs\":[\"https:\\\/\\\/www.facebook.com\\\/naturalpoland.b2b\",\"https:\\\/\\\/pl.linkedin.com\\\/company\\\/natural-poland\",\"https:\\\/\\\/www.youtube.com\\\/channel\\\/UCgeGGkvOMahZo-xu_MSEWxg\"]}]}<\/script>\n<!-- \/ Yoast SEO plugin. -->","yoast_head_json":{"title":"Barviva p\u0159\u00edrodn\u00edho p\u016fvodu - Velkoobchodn\u00ed distributor","description":"Barviva p\u0159\u00edrodn\u00edho p\u016fvodu jsou obl\u00edben\u00e1 v organick\u00e9 kosmetice. Poskytuj\u00ed m\u00e9n\u011b intenzivn\u00ed, ale p\u0159irozen\u00e9 odst\u00edny.","robots":{"index":"index","follow":"follow","max-snippet":"max-snippet:-1","max-image-preview":"max-image-preview:large","max-video-preview":"max-video-preview:-1"},"canonical":"https:\/\/naturalpoland.com\/cs\/produkty\/produkty-pro-kosmeticky-prumysl\/kosmeticka-barviva\/barviva-prirodniho-puvodu\/","og_locale":"cs_CZ","og_type":"article","og_title":"Barviva p\u0159\u00edrodn\u00edho p\u016fvodu - Velkoobchodn\u00ed distributor","og_description":"Barviva p\u0159\u00edrodn\u00edho p\u016fvodu jsou obl\u00edben\u00e1 v organick\u00e9 kosmetice. Poskytuj\u00ed m\u00e9n\u011b intenzivn\u00ed, ale p\u0159irozen\u00e9 odst\u00edny.","og_url":"https:\/\/naturalpoland.com\/cs\/produkty\/produkty-pro-kosmeticky-prumysl\/kosmeticka-barviva\/barviva-prirodniho-puvodu\/","og_site_name":"NATURAL POLAND - Velkoobchodn\u00ed distributor surovin","article_publisher":"https:\/\/www.facebook.com\/naturalpoland.b2b","og_image":[{"width":821,"height":821,"url":"https:\/\/naturalpoland.com\/wp-content\/uploads\/barwniki-pochodzenia-naturalnego.webp","type":"image\/webp"}],"schema":{"@context":"https:\/\/schema.org","@graph":[{"@type":"WebPage","@id":"https:\/\/naturalpoland.com\/cs\/produkty\/produkty-pro-kosmeticky-prumysl\/kosmeticka-barviva\/barviva-prirodniho-puvodu\/","url":"https:\/\/naturalpoland.com\/cs\/produkty\/produkty-pro-kosmeticky-prumysl\/kosmeticka-barviva\/barviva-prirodniho-puvodu\/","name":"Barviva p\u0159\u00edrodn\u00edho p\u016fvodu - Velkoobchodn\u00ed distributor","isPartOf":{"@id":"https:\/\/naturalpoland.com\/cs\/#website"},"primaryImageOfPage":{"@id":"https:\/\/naturalpoland.com\/cs\/produkty\/produkty-pro-kosmeticky-prumysl\/kosmeticka-barviva\/barviva-prirodniho-puvodu\/#primaryimage"},"image":{"@id":"https:\/\/naturalpoland.com\/cs\/produkty\/produkty-pro-kosmeticky-prumysl\/kosmeticka-barviva\/barviva-prirodniho-puvodu\/#primaryimage"},"thumbnailUrl":"https:\/\/naturalpoland.com\/wp-content\/uploads\/barwniki-pochodzenia-naturalnego.webp","datePublished":"2025-03-07T14:44:39+00:00","description":"Barviva p\u0159\u00edrodn\u00edho p\u016fvodu jsou obl\u00edben\u00e1 v organick\u00e9 kosmetice. Poskytuj\u00ed m\u00e9n\u011b intenzivn\u00ed, ale p\u0159irozen\u00e9 odst\u00edny.","breadcrumb":{"@id":"https:\/\/naturalpoland.com\/cs\/produkty\/produkty-pro-kosmeticky-prumysl\/kosmeticka-barviva\/barviva-prirodniho-puvodu\/#breadcrumb"},"inLanguage":"cs","potentialAction":[{"@type":"ReadAction","target":["https:\/\/naturalpoland.com\/cs\/produkty\/produkty-pro-kosmeticky-prumysl\/kosmeticka-barviva\/barviva-prirodniho-puvodu\/"]}]},{"@type":"ImageObject","inLanguage":"cs","@id":"https:\/\/naturalpoland.com\/cs\/produkty\/produkty-pro-kosmeticky-prumysl\/kosmeticka-barviva\/barviva-prirodniho-puvodu\/#primaryimage","url":"https:\/\/naturalpoland.com\/wp-content\/uploads\/barwniki-pochodzenia-naturalnego.webp","contentUrl":"https:\/\/naturalpoland.com\/wp-content\/uploads\/barwniki-pochodzenia-naturalnego.webp","width":821,"height":821,"caption":"Barwniki pochodzenia naturalnego"},{"@type":"BreadcrumbList","@id":"https:\/\/naturalpoland.com\/cs\/produkty\/produkty-pro-kosmeticky-prumysl\/kosmeticka-barviva\/barviva-prirodniho-puvodu\/#breadcrumb","itemListElement":[{"@type":"ListItem","position":1,"name":"Dom\u016f","item":"https:\/\/naturalpoland.com\/cs\/"},{"@type":"ListItem","position":2,"name":"Produkty","item":"https:\/\/naturalpoland.com\/cs\/produkty\/"},{"@type":"ListItem","position":3,"name":"Barviva p\u0159\u00edrodn\u00edho p\u016fvodu"}]},{"@type":"WebSite","@id":"https:\/\/naturalpoland.com\/cs\/#website","url":"https:\/\/naturalpoland.com\/cs\/","name":"NATURAL POLAND - Velkoobchodn\u00ed distributor surovin","description":"Surowce dla przemys\u0142u spo\u017cywczego, kosmetycznego i farmaceutycznego","publisher":{"@id":"https:\/\/naturalpoland.com\/cs\/#organization"},"potentialAction":[{"@type":"SearchAction","target":{"@type":"EntryPoint","urlTemplate":"https:\/\/naturalpoland.com\/cs\/?s={search_term_string}"},"query-input":{"@type":"PropertyValueSpecification","valueRequired":true,"valueName":"search_term_string"}}],"inLanguage":"cs"},{"@type":"Organization","@id":"https:\/\/naturalpoland.com\/cs\/#organization","name":"Natural Poland","url":"https:\/\/naturalpoland.com\/cs\/","logo":{"@type":"ImageObject","inLanguage":"cs","@id":"https:\/\/naturalpoland.com\/cs\/#\/schema\/logo\/image\/","url":"https:\/\/naturalpoland.com\/wp-content\/uploads\/2021\/05\/natural-poland-icon.png","contentUrl":"https:\/\/naturalpoland.com\/wp-content\/uploads\/2021\/05\/natural-poland-icon.png","width":512,"height":512,"caption":"Natural Poland"},"image":{"@id":"https:\/\/naturalpoland.com\/cs\/#\/schema\/logo\/image\/"},"sameAs":["https:\/\/www.facebook.com\/naturalpoland.b2b","https:\/\/pl.linkedin.com\/company\/natural-poland","https:\/\/www.youtube.com\/channel\/UCgeGGkvOMahZo-xu_MSEWxg"]}]}},"_links":{"self":[{"href":"https:\/\/naturalpoland.com\/cs\/wp-json\/wp\/v2\/product\/40412","targetHints":{"allow":["GET"]}}],"collection":[{"href":"https:\/\/naturalpoland.com\/cs\/wp-json\/wp\/v2\/product"}],"about":[{"href":"https:\/\/naturalpoland.com\/cs\/wp-json\/wp\/v2\/types\/product"}],"wp:featuredmedia":[{"embeddable":true,"href":"https:\/\/naturalpoland.com\/cs\/wp-json\/wp\/v2\/media\/40393"}],"wp:attachment":[{"href":"https:\/\/naturalpoland.com\/cs\/wp-json\/wp\/v2\/media?parent=40412"}],"wp:term":[{"taxonomy":"product_brand","embeddable":true,"href":"https:\/\/naturalpoland.com\/cs\/wp-json\/wp\/v2\/product_brand?post=40412"},{"taxonomy":"product_cat","embeddable":true,"href":"https:\/\/naturalpoland.com\/cs\/wp-json\/wp\/v2\/product_cat?post=40412"},{"taxonomy":"product_tag","embeddable":true,"href":"https:\/\/naturalpoland.com\/cs\/wp-json\/wp\/v2\/product_tag?post=40412"}],"curies":[{"name":"wp","href":"https:\/\/api.w.org\/{rel}","templated":true}]}}