{"id":40534,"date":"2025-03-21T16:02:56","date_gmt":"2025-03-26T09:28:29","guid":{"rendered":"https:\/\/naturalpoland.com\/produkty\/neza\u0159azen\u00e9\/vytazek-z-kozliku-lekarskeho\/"},"modified":"2025-03-26T10:28:29","modified_gmt":"2025-03-26T09:28:29","slug":"vytazek-z-kozliku-lekarskeho","status":"publish","type":"product","link":"https:\/\/naturalpoland.com\/cs\/produkty\/rostlinne-vytazky\/vytazek-z-kozliku-lekarskeho\/","title":{"rendered":"V\u00fdta\u017eek z kozl\u00edku l\u00e9ka\u0159sk\u00e9ho"},"content":{"rendered":"<h2>Vlastnosti a \u00fa\u010dinky<\/h2>\n<p data-start=\"918\" data-end=\"1454\">Bylo prok\u00e1z\u00e1no, \u017ee kyselina kozl\u00edkov\u00e1 m\u00e1 uklid\u0148uj\u00edc\u00ed \u00fa\u010dinky, uvol\u0148uje nervov\u00e9 nap\u011bt\u00ed a usnad\u0148uje sp\u00e1nek. Z tohoto d\u016fvodu je extrakt slo\u017ekou dopl\u0148k\u016f stravy s uklid\u0148uj\u00edc\u00edmi a sp\u00e1nek podporuj\u00edc\u00edmi \u00fa\u010dinky. Lze ji tak\u00e9 pou\u017e\u00edt v p\u0159\u00edpravc\u00edch na zm\u00edrn\u011bn\u00ed p\u0159\u00edznak\u016f stresu, podr\u00e1\u017ed\u011bnosti, emo\u010dn\u00edho nap\u011bt\u00ed nebo i k l\u00e9\u010db\u011b \u00fazkosti. St\u00e1le \u010dast\u011bji se v\u00fdta\u017eky z kozl\u00edku pou\u017e\u00edvaj\u00ed tak\u00e9 v kosmetick\u00fdch p\u0159\u00edpravc\u00edch proti st\u00e1rnut\u00ed a regenera\u010dn\u00edch p\u0159\u00edpravc\u00edch &#8211; d\u00edky sv\u00fdm antioxida\u010dn\u00edm a zklid\u0148uj\u00edc\u00edm vlastnostem.   <\/p>\n<h2 data-start=\"918\" data-end=\"1454\">Pou\u017eit\u00ed:<\/h2>\n<p data-start=\"918\" data-end=\"1454\">Extrakt z p\u00edskavice \u0159eck\u00e9 seno je vynikaj\u00edc\u00ed slo\u017ekou dopl\u0148k\u016f stravy &#8211; kapsl\u00ed, tablet, funk\u010dn\u00edch pr\u00e1\u0161k\u016f nebo relaxa\u010dn\u00edch n\u00e1poj\u016f. Lze jej pou\u017e\u00edt tak\u00e9 jako sou\u010d\u00e1st rostlinn\u00fdch l\u00e9\u010div, kosmetiky pro citlivou a nam\u00e1hanou ple\u0165 a tak\u00e9 v aromaterapii a wellness produktech. <\/p>\n<p data-start=\"1456\" data-end=\"1484\">\n","protected":false},"excerpt":{"rendered":"<p>Extrakt kozl\u00edku l\u00e9ka\u0159sk\u00e9ho je standardizov\u00e1n na obsah kyseliny kozl\u00edkov\u00e9. Z\u00edsk\u00e1v\u00e1 se z ko\u0159en\u016f rostliny <em data-start=\"217\" data-end=\"240\">kozl\u00edk l\u00e9ka\u0159sk\u00fd (Valeriana officinalis)<\/em>, jedn\u00e9 z nejoce\u0148ovan\u011bj\u0161\u00edch rostlin v bylinn\u00e9 medic\u00edn\u011b pro podporu nervov\u00e9ho syst\u00e9mu. <\/p>\n","protected":false},"featured_media":40493,"template":"","meta":[],"product_brand":[],"product_cat":[622],"product_tag":[],"class_list":{"0":"post-40534","1":"product","2":"type-product","3":"status-publish","4":"has-post-thumbnail","6":"product_cat-rostlinne-vytazky","7":"pa_czesc-rosliny-root","8":"pa_skladnik-aktywny-kyselina-kozlikova","10":"first","11":"instock","12":"shipping-taxable","13":"product-type-simple"},"yoast_head":"<!-- This site is optimized with the Yoast SEO plugin v27.3 - https:\/\/yoast.com\/product\/yoast-seo-wordpress\/ -->\n<title>V\u00fdta\u017eek z kozl\u00edku l\u00e9ka\u0159sk\u00e9ho - Velkoobchodn\u00ed distributor<\/title>\n<meta name=\"description\" content=\"Extrakt kozl\u00edku l\u00e9ka\u0159sk\u00e9ho je vysoce koncentrovan\u00fd rostlinn\u00fd materi\u00e1l z\u00edskan\u00fd z ko\u0159en\u016f rostliny Valeriana officinalis, kter\u00fd podporuje nervov\u00fd syst\u00e9m.\" \/>\n<meta name=\"robots\" content=\"index, follow, max-snippet:-1, max-image-preview:large, max-video-preview:-1\" \/>\n<link rel=\"canonical\" href=\"https:\/\/naturalpoland.com\/cs\/produkty\/rostlinne-vytazky\/vytazek-z-kozliku-lekarskeho\/\" \/>\n<meta property=\"og:locale\" content=\"cs_CZ\" \/>\n<meta property=\"og:type\" content=\"article\" \/>\n<meta property=\"og:title\" content=\"V\u00fdta\u017eek z kozl\u00edku l\u00e9ka\u0159sk\u00e9ho - Velkoobchodn\u00ed distributor\" \/>\n<meta property=\"og:description\" content=\"Extrakt kozl\u00edku l\u00e9ka\u0159sk\u00e9ho je vysoce koncentrovan\u00fd rostlinn\u00fd materi\u00e1l z\u00edskan\u00fd z ko\u0159en\u016f rostliny Valeriana officinalis, kter\u00fd podporuje nervov\u00fd syst\u00e9m.\" \/>\n<meta property=\"og:url\" content=\"https:\/\/naturalpoland.com\/cs\/produkty\/rostlinne-vytazky\/vytazek-z-kozliku-lekarskeho\/\" \/>\n<meta property=\"og:site_name\" content=\"NATURAL POLAND - Velkoobchodn\u00ed distributor surovin\" \/>\n<meta property=\"article:publisher\" content=\"https:\/\/www.facebook.com\/naturalpoland.b2b\" \/>\n<meta property=\"og:image\" content=\"https:\/\/naturalpoland.com\/wp-content\/uploads\/ekstrakt-z-kozlka-lekarskiego.webp\" \/>\n\t<meta property=\"og:image:width\" content=\"1024\" \/>\n\t<meta property=\"og:image:height\" content=\"1024\" \/>\n\t<meta property=\"og:image:type\" content=\"image\/webp\" \/>\n<script type=\"application\/ld+json\" class=\"yoast-schema-graph\">{\"@context\":\"https:\\\/\\\/schema.org\",\"@graph\":[{\"@type\":\"WebPage\",\"@id\":\"https:\\\/\\\/naturalpoland.com\\\/cs\\\/produkty\\\/rostlinne-vytazky\\\/vytazek-z-kozliku-lekarskeho\\\/\",\"url\":\"https:\\\/\\\/naturalpoland.com\\\/cs\\\/produkty\\\/rostlinne-vytazky\\\/vytazek-z-kozliku-lekarskeho\\\/\",\"name\":\"V\u00fdta\u017eek z kozl\u00edku l\u00e9ka\u0159sk\u00e9ho - Velkoobchodn\u00ed distributor\",\"isPartOf\":{\"@id\":\"https:\\\/\\\/naturalpoland.com\\\/cs\\\/#website\"},\"primaryImageOfPage\":{\"@id\":\"https:\\\/\\\/naturalpoland.com\\\/cs\\\/produkty\\\/rostlinne-vytazky\\\/vytazek-z-kozliku-lekarskeho\\\/#primaryimage\"},\"image\":{\"@id\":\"https:\\\/\\\/naturalpoland.com\\\/cs\\\/produkty\\\/rostlinne-vytazky\\\/vytazek-z-kozliku-lekarskeho\\\/#primaryimage\"},\"thumbnailUrl\":\"https:\\\/\\\/naturalpoland.com\\\/wp-content\\\/uploads\\\/ekstrakt-z-kozlka-lekarskiego.webp\",\"datePublished\":\"2025-03-26T09:28:29+00:00\",\"description\":\"Extrakt kozl\u00edku l\u00e9ka\u0159sk\u00e9ho je vysoce koncentrovan\u00fd rostlinn\u00fd materi\u00e1l z\u00edskan\u00fd z ko\u0159en\u016f rostliny Valeriana officinalis, kter\u00fd podporuje nervov\u00fd syst\u00e9m.\",\"breadcrumb\":{\"@id\":\"https:\\\/\\\/naturalpoland.com\\\/cs\\\/produkty\\\/rostlinne-vytazky\\\/vytazek-z-kozliku-lekarskeho\\\/#breadcrumb\"},\"inLanguage\":\"cs\",\"potentialAction\":[{\"@type\":\"ReadAction\",\"target\":[\"https:\\\/\\\/naturalpoland.com\\\/cs\\\/produkty\\\/rostlinne-vytazky\\\/vytazek-z-kozliku-lekarskeho\\\/\"]}]},{\"@type\":\"ImageObject\",\"inLanguage\":\"cs\",\"@id\":\"https:\\\/\\\/naturalpoland.com\\\/cs\\\/produkty\\\/rostlinne-vytazky\\\/vytazek-z-kozliku-lekarskeho\\\/#primaryimage\",\"url\":\"https:\\\/\\\/naturalpoland.com\\\/wp-content\\\/uploads\\\/ekstrakt-z-kozlka-lekarskiego.webp\",\"contentUrl\":\"https:\\\/\\\/naturalpoland.com\\\/wp-content\\\/uploads\\\/ekstrakt-z-kozlka-lekarskiego.webp\",\"width\":1024,\"height\":1024,\"caption\":\"Ekstrakt z koz\u0142ka lekarskiego\"},{\"@type\":\"BreadcrumbList\",\"@id\":\"https:\\\/\\\/naturalpoland.com\\\/cs\\\/produkty\\\/rostlinne-vytazky\\\/vytazek-z-kozliku-lekarskeho\\\/#breadcrumb\",\"itemListElement\":[{\"@type\":\"ListItem\",\"position\":1,\"name\":\"Dom\u016f\",\"item\":\"https:\\\/\\\/naturalpoland.com\\\/cs\\\/\"},{\"@type\":\"ListItem\",\"position\":2,\"name\":\"Produkty\",\"item\":\"https:\\\/\\\/naturalpoland.com\\\/cs\\\/produkty\\\/\"},{\"@type\":\"ListItem\",\"position\":3,\"name\":\"V\u00fdta\u017eek z kozl\u00edku l\u00e9ka\u0159sk\u00e9ho\"}]},{\"@type\":\"WebSite\",\"@id\":\"https:\\\/\\\/naturalpoland.com\\\/cs\\\/#website\",\"url\":\"https:\\\/\\\/naturalpoland.com\\\/cs\\\/\",\"name\":\"NATURAL POLAND - Velkoobchodn\u00ed distributor surovin\",\"description\":\"Surowce dla przemys\u0142u spo\u017cywczego, kosmetycznego i farmaceutycznego\",\"publisher\":{\"@id\":\"https:\\\/\\\/naturalpoland.com\\\/cs\\\/#organization\"},\"potentialAction\":[{\"@type\":\"SearchAction\",\"target\":{\"@type\":\"EntryPoint\",\"urlTemplate\":\"https:\\\/\\\/naturalpoland.com\\\/cs\\\/?s={search_term_string}\"},\"query-input\":{\"@type\":\"PropertyValueSpecification\",\"valueRequired\":true,\"valueName\":\"search_term_string\"}}],\"inLanguage\":\"cs\"},{\"@type\":\"Organization\",\"@id\":\"https:\\\/\\\/naturalpoland.com\\\/cs\\\/#organization\",\"name\":\"Natural Poland\",\"url\":\"https:\\\/\\\/naturalpoland.com\\\/cs\\\/\",\"logo\":{\"@type\":\"ImageObject\",\"inLanguage\":\"cs\",\"@id\":\"https:\\\/\\\/naturalpoland.com\\\/cs\\\/#\\\/schema\\\/logo\\\/image\\\/\",\"url\":\"https:\\\/\\\/naturalpoland.com\\\/wp-content\\\/uploads\\\/2021\\\/05\\\/natural-poland-icon.png\",\"contentUrl\":\"https:\\\/\\\/naturalpoland.com\\\/wp-content\\\/uploads\\\/2021\\\/05\\\/natural-poland-icon.png\",\"width\":512,\"height\":512,\"caption\":\"Natural Poland\"},\"image\":{\"@id\":\"https:\\\/\\\/naturalpoland.com\\\/cs\\\/#\\\/schema\\\/logo\\\/image\\\/\"},\"sameAs\":[\"https:\\\/\\\/www.facebook.com\\\/naturalpoland.b2b\",\"https:\\\/\\\/pl.linkedin.com\\\/company\\\/natural-poland\",\"https:\\\/\\\/www.youtube.com\\\/channel\\\/UCgeGGkvOMahZo-xu_MSEWxg\"]}]}<\/script>\n<!-- \/ Yoast SEO plugin. -->","yoast_head_json":{"title":"V\u00fdta\u017eek z kozl\u00edku l\u00e9ka\u0159sk\u00e9ho - Velkoobchodn\u00ed distributor","description":"Extrakt kozl\u00edku l\u00e9ka\u0159sk\u00e9ho je vysoce koncentrovan\u00fd rostlinn\u00fd materi\u00e1l z\u00edskan\u00fd z ko\u0159en\u016f rostliny Valeriana officinalis, kter\u00fd podporuje nervov\u00fd syst\u00e9m.","robots":{"index":"index","follow":"follow","max-snippet":"max-snippet:-1","max-image-preview":"max-image-preview:large","max-video-preview":"max-video-preview:-1"},"canonical":"https:\/\/naturalpoland.com\/cs\/produkty\/rostlinne-vytazky\/vytazek-z-kozliku-lekarskeho\/","og_locale":"cs_CZ","og_type":"article","og_title":"V\u00fdta\u017eek z kozl\u00edku l\u00e9ka\u0159sk\u00e9ho - Velkoobchodn\u00ed distributor","og_description":"Extrakt kozl\u00edku l\u00e9ka\u0159sk\u00e9ho je vysoce koncentrovan\u00fd rostlinn\u00fd materi\u00e1l z\u00edskan\u00fd z ko\u0159en\u016f rostliny Valeriana officinalis, kter\u00fd podporuje nervov\u00fd syst\u00e9m.","og_url":"https:\/\/naturalpoland.com\/cs\/produkty\/rostlinne-vytazky\/vytazek-z-kozliku-lekarskeho\/","og_site_name":"NATURAL POLAND - Velkoobchodn\u00ed distributor surovin","article_publisher":"https:\/\/www.facebook.com\/naturalpoland.b2b","og_image":[{"width":1024,"height":1024,"url":"https:\/\/naturalpoland.com\/wp-content\/uploads\/ekstrakt-z-kozlka-lekarskiego.webp","type":"image\/webp"}],"schema":{"@context":"https:\/\/schema.org","@graph":[{"@type":"WebPage","@id":"https:\/\/naturalpoland.com\/cs\/produkty\/rostlinne-vytazky\/vytazek-z-kozliku-lekarskeho\/","url":"https:\/\/naturalpoland.com\/cs\/produkty\/rostlinne-vytazky\/vytazek-z-kozliku-lekarskeho\/","name":"V\u00fdta\u017eek z kozl\u00edku l\u00e9ka\u0159sk\u00e9ho - Velkoobchodn\u00ed distributor","isPartOf":{"@id":"https:\/\/naturalpoland.com\/cs\/#website"},"primaryImageOfPage":{"@id":"https:\/\/naturalpoland.com\/cs\/produkty\/rostlinne-vytazky\/vytazek-z-kozliku-lekarskeho\/#primaryimage"},"image":{"@id":"https:\/\/naturalpoland.com\/cs\/produkty\/rostlinne-vytazky\/vytazek-z-kozliku-lekarskeho\/#primaryimage"},"thumbnailUrl":"https:\/\/naturalpoland.com\/wp-content\/uploads\/ekstrakt-z-kozlka-lekarskiego.webp","datePublished":"2025-03-26T09:28:29+00:00","description":"Extrakt kozl\u00edku l\u00e9ka\u0159sk\u00e9ho je vysoce koncentrovan\u00fd rostlinn\u00fd materi\u00e1l z\u00edskan\u00fd z ko\u0159en\u016f rostliny Valeriana officinalis, kter\u00fd podporuje nervov\u00fd syst\u00e9m.","breadcrumb":{"@id":"https:\/\/naturalpoland.com\/cs\/produkty\/rostlinne-vytazky\/vytazek-z-kozliku-lekarskeho\/#breadcrumb"},"inLanguage":"cs","potentialAction":[{"@type":"ReadAction","target":["https:\/\/naturalpoland.com\/cs\/produkty\/rostlinne-vytazky\/vytazek-z-kozliku-lekarskeho\/"]}]},{"@type":"ImageObject","inLanguage":"cs","@id":"https:\/\/naturalpoland.com\/cs\/produkty\/rostlinne-vytazky\/vytazek-z-kozliku-lekarskeho\/#primaryimage","url":"https:\/\/naturalpoland.com\/wp-content\/uploads\/ekstrakt-z-kozlka-lekarskiego.webp","contentUrl":"https:\/\/naturalpoland.com\/wp-content\/uploads\/ekstrakt-z-kozlka-lekarskiego.webp","width":1024,"height":1024,"caption":"Ekstrakt z koz\u0142ka lekarskiego"},{"@type":"BreadcrumbList","@id":"https:\/\/naturalpoland.com\/cs\/produkty\/rostlinne-vytazky\/vytazek-z-kozliku-lekarskeho\/#breadcrumb","itemListElement":[{"@type":"ListItem","position":1,"name":"Dom\u016f","item":"https:\/\/naturalpoland.com\/cs\/"},{"@type":"ListItem","position":2,"name":"Produkty","item":"https:\/\/naturalpoland.com\/cs\/produkty\/"},{"@type":"ListItem","position":3,"name":"V\u00fdta\u017eek z kozl\u00edku l\u00e9ka\u0159sk\u00e9ho"}]},{"@type":"WebSite","@id":"https:\/\/naturalpoland.com\/cs\/#website","url":"https:\/\/naturalpoland.com\/cs\/","name":"NATURAL POLAND - Velkoobchodn\u00ed distributor surovin","description":"Surowce dla przemys\u0142u spo\u017cywczego, kosmetycznego i farmaceutycznego","publisher":{"@id":"https:\/\/naturalpoland.com\/cs\/#organization"},"potentialAction":[{"@type":"SearchAction","target":{"@type":"EntryPoint","urlTemplate":"https:\/\/naturalpoland.com\/cs\/?s={search_term_string}"},"query-input":{"@type":"PropertyValueSpecification","valueRequired":true,"valueName":"search_term_string"}}],"inLanguage":"cs"},{"@type":"Organization","@id":"https:\/\/naturalpoland.com\/cs\/#organization","name":"Natural Poland","url":"https:\/\/naturalpoland.com\/cs\/","logo":{"@type":"ImageObject","inLanguage":"cs","@id":"https:\/\/naturalpoland.com\/cs\/#\/schema\/logo\/image\/","url":"https:\/\/naturalpoland.com\/wp-content\/uploads\/2021\/05\/natural-poland-icon.png","contentUrl":"https:\/\/naturalpoland.com\/wp-content\/uploads\/2021\/05\/natural-poland-icon.png","width":512,"height":512,"caption":"Natural Poland"},"image":{"@id":"https:\/\/naturalpoland.com\/cs\/#\/schema\/logo\/image\/"},"sameAs":["https:\/\/www.facebook.com\/naturalpoland.b2b","https:\/\/pl.linkedin.com\/company\/natural-poland","https:\/\/www.youtube.com\/channel\/UCgeGGkvOMahZo-xu_MSEWxg"]}]}},"_links":{"self":[{"href":"https:\/\/naturalpoland.com\/cs\/wp-json\/wp\/v2\/product\/40534","targetHints":{"allow":["GET"]}}],"collection":[{"href":"https:\/\/naturalpoland.com\/cs\/wp-json\/wp\/v2\/product"}],"about":[{"href":"https:\/\/naturalpoland.com\/cs\/wp-json\/wp\/v2\/types\/product"}],"wp:featuredmedia":[{"embeddable":true,"href":"https:\/\/naturalpoland.com\/cs\/wp-json\/wp\/v2\/media\/40493"}],"wp:attachment":[{"href":"https:\/\/naturalpoland.com\/cs\/wp-json\/wp\/v2\/media?parent=40534"}],"wp:term":[{"taxonomy":"product_brand","embeddable":true,"href":"https:\/\/naturalpoland.com\/cs\/wp-json\/wp\/v2\/product_brand?post=40534"},{"taxonomy":"product_cat","embeddable":true,"href":"https:\/\/naturalpoland.com\/cs\/wp-json\/wp\/v2\/product_cat?post=40534"},{"taxonomy":"product_tag","embeddable":true,"href":"https:\/\/naturalpoland.com\/cs\/wp-json\/wp\/v2\/product_tag?post=40534"}],"curies":[{"name":"wp","href":"https:\/\/api.w.org\/{rel}","templated":true}]}}