{"id":40551,"date":"2025-03-21T15:10:42","date_gmt":"2025-03-26T09:30:14","guid":{"rendered":"https:\/\/naturalpoland.com\/produkty\/neza\u0159azen\u00e9\/vytazek-z-kvetu-mesicku-lekarskeho\/"},"modified":"2025-03-26T10:30:14","modified_gmt":"2025-03-26T09:30:14","slug":"vytazek-z-kvetu-mesicku-lekarskeho","status":"publish","type":"product","link":"https:\/\/naturalpoland.com\/cs\/produkty\/rostlinne-vytazky\/vytazek-z-kvetu-mesicku-lekarskeho\/","title":{"rendered":"v\u00fdta\u017eek z kv\u011bt\u016f m\u011bs\u00ed\u010dku l\u00e9ka\u0159sk\u00e9ho"},"content":{"rendered":"<p>Extrakt z kv\u011bt\u016f m\u011bs\u00ed\u010dku l\u00e9ka\u0159sk\u00e9ho m\u00e1 protiz\u00e1n\u011btliv\u00e9, regenera\u010dn\u00ed a zklid\u0148uj\u00edc\u00ed \u00fa\u010dinky. B\u011b\u017en\u011b se pou\u017e\u00edv\u00e1 v kosmetick\u00fdch a farmaceutick\u00fdch p\u0159\u00edpravc\u00edch a p\u0159i p\u00e9\u010di o problematickou ple\u0165. <\/p>\n<p>V\u00fdrobek se pou\u017e\u00edv\u00e1 p\u0159i v\u00fdrob\u011b kr\u00e9m\u016f, mast\u00ed, emulz\u00ed, ple\u0165ov\u00fdch vod a p\u0159\u00edpravk\u016f na citlivou, podr\u00e1\u017ed\u011bnou poko\u017eku, ekz\u00e9my a AD. Extrakt zklid\u0148uje z\u00e1n\u011bty a p\u016fsob\u00ed proti bun\u011b\u010dn\u00e9 oxidaci. <\/p>\n<h2>Slo\u017een\u00ed extraktu:<\/h2>\n<p>Extrakt obsahuje:<\/p>\n<ul>\n<li>p\u0159ibli\u017en\u011b. 1,9 % esenci\u00e1ln\u00edch olej\u016f, <\/li>\n<li>1,0 % karotenoid\u016f (po\u010d\u00edt\u00e1no jako \u03b2-karoten),<\/li>\n<li>18,3 % ester\u016f faradiolu &#8211; slo\u017eky se siln\u00fdmi protiz\u00e1n\u011btliv\u00fdmi \u00fa\u010dinky,<\/li>\n<li>7,4 % triterpenov\u00fdch alkohol\u016f,<\/li>\n<li>1,6 % sterol\u016f, kter\u00e9 podporuj\u00ed regeneraci a obnovu poko\u017eky.<\/li>\n<\/ul>\n<p>Surovina spl\u0148uje normy pro rezidua pesticid\u016f podle na\u0159\u00edzen\u00ed (ES) \u010d. 396\/2005.<\/p>\n","protected":false},"excerpt":{"rendered":"<p>CO\u2082-to extrakt z kv\u011bt\u016f m\u011bs\u00ed\u010dku l\u00e9ka\u0159sk\u00e9ho se z\u00edsk\u00e1v\u00e1 superkritickou metodou (CO\u2082-to extrakt) ze su\u0161en\u00fdch kv\u011bt\u016f m\u011bs\u00ed\u010dku l\u00e9ka\u0159sk\u00e9ho bez pou\u017eit\u00ed nosi\u010d\u016f nebo pomocn\u00fdch l\u00e1tek. M\u00e1 tmav\u011b hn\u011bdou barvu, voskovitou strukturu a p\u0159i 40 \u00b0C je tekut\u00fd. <\/p>\n","protected":false},"featured_media":40454,"template":"","meta":[],"product_brand":[],"product_cat":[622],"product_tag":[],"class_list":{"0":"post-40551","1":"product","2":"type-product","3":"status-publish","4":"has-post-thumbnail","6":"product_cat-rostlinne-vytazky","7":"pa_czesc-rosliny-kvetiny","8":"pa_metoda-pozyskiwania-extrakce-co2","10":"first","11":"instock","12":"shipping-taxable","13":"product-type-simple"},"yoast_head":"<!-- This site is optimized with the Yoast SEO plugin v27.3 - https:\/\/yoast.com\/product\/yoast-seo-wordpress\/ -->\n<title>v\u00fdta\u017eek z kv\u011bt\u016f m\u011bs\u00ed\u010dku l\u00e9ka\u0159sk\u00e9ho - Velkoobchodn\u00ed distributor<\/title>\n<meta name=\"description\" content=\"CO\u2082 extrakt z kv\u011bt\u016f m\u011bs\u00ed\u010dku l\u00e9ka\u0159sk\u00e9ho je vysoce kvalitn\u00ed rostlinn\u00fd materi\u00e1l se siln\u00fdmi protiz\u00e1n\u011btliv\u00fdmi, regenera\u010dn\u00edmi a zklid\u0148uj\u00edc\u00edmi \u00fa\u010dinky.\" \/>\n<meta name=\"robots\" content=\"index, follow, max-snippet:-1, max-image-preview:large, max-video-preview:-1\" \/>\n<link rel=\"canonical\" href=\"https:\/\/naturalpoland.com\/cs\/produkty\/rostlinne-vytazky\/vytazek-z-kvetu-mesicku-lekarskeho\/\" \/>\n<meta property=\"og:locale\" content=\"cs_CZ\" \/>\n<meta property=\"og:type\" content=\"article\" \/>\n<meta property=\"og:title\" content=\"v\u00fdta\u017eek z kv\u011bt\u016f m\u011bs\u00ed\u010dku l\u00e9ka\u0159sk\u00e9ho - Velkoobchodn\u00ed distributor\" \/>\n<meta property=\"og:description\" content=\"CO\u2082 extrakt z kv\u011bt\u016f m\u011bs\u00ed\u010dku l\u00e9ka\u0159sk\u00e9ho je vysoce kvalitn\u00ed rostlinn\u00fd materi\u00e1l se siln\u00fdmi protiz\u00e1n\u011btliv\u00fdmi, regenera\u010dn\u00edmi a zklid\u0148uj\u00edc\u00edmi \u00fa\u010dinky.\" \/>\n<meta property=\"og:url\" content=\"https:\/\/naturalpoland.com\/cs\/produkty\/rostlinne-vytazky\/vytazek-z-kvetu-mesicku-lekarskeho\/\" \/>\n<meta property=\"og:site_name\" content=\"NATURAL POLAND - Velkoobchodn\u00ed distributor surovin\" \/>\n<meta property=\"article:publisher\" content=\"https:\/\/www.facebook.com\/naturalpoland.b2b\" \/>\n<meta property=\"og:image\" content=\"https:\/\/naturalpoland.com\/wp-content\/uploads\/ekstrakt-z-nagietka.webp\" \/>\n\t<meta property=\"og:image:width\" content=\"1024\" \/>\n\t<meta property=\"og:image:height\" content=\"1024\" \/>\n\t<meta property=\"og:image:type\" content=\"image\/webp\" \/>\n<script type=\"application\/ld+json\" class=\"yoast-schema-graph\">{\"@context\":\"https:\\\/\\\/schema.org\",\"@graph\":[{\"@type\":\"WebPage\",\"@id\":\"https:\\\/\\\/naturalpoland.com\\\/cs\\\/produkty\\\/rostlinne-vytazky\\\/vytazek-z-kvetu-mesicku-lekarskeho\\\/\",\"url\":\"https:\\\/\\\/naturalpoland.com\\\/cs\\\/produkty\\\/rostlinne-vytazky\\\/vytazek-z-kvetu-mesicku-lekarskeho\\\/\",\"name\":\"v\u00fdta\u017eek z kv\u011bt\u016f m\u011bs\u00ed\u010dku l\u00e9ka\u0159sk\u00e9ho - Velkoobchodn\u00ed distributor\",\"isPartOf\":{\"@id\":\"https:\\\/\\\/naturalpoland.com\\\/cs\\\/#website\"},\"primaryImageOfPage\":{\"@id\":\"https:\\\/\\\/naturalpoland.com\\\/cs\\\/produkty\\\/rostlinne-vytazky\\\/vytazek-z-kvetu-mesicku-lekarskeho\\\/#primaryimage\"},\"image\":{\"@id\":\"https:\\\/\\\/naturalpoland.com\\\/cs\\\/produkty\\\/rostlinne-vytazky\\\/vytazek-z-kvetu-mesicku-lekarskeho\\\/#primaryimage\"},\"thumbnailUrl\":\"https:\\\/\\\/naturalpoland.com\\\/wp-content\\\/uploads\\\/ekstrakt-z-nagietka.webp\",\"datePublished\":\"2025-03-26T09:30:14+00:00\",\"description\":\"CO\u2082 extrakt z kv\u011bt\u016f m\u011bs\u00ed\u010dku l\u00e9ka\u0159sk\u00e9ho je vysoce kvalitn\u00ed rostlinn\u00fd materi\u00e1l se siln\u00fdmi protiz\u00e1n\u011btliv\u00fdmi, regenera\u010dn\u00edmi a zklid\u0148uj\u00edc\u00edmi \u00fa\u010dinky.\",\"breadcrumb\":{\"@id\":\"https:\\\/\\\/naturalpoland.com\\\/cs\\\/produkty\\\/rostlinne-vytazky\\\/vytazek-z-kvetu-mesicku-lekarskeho\\\/#breadcrumb\"},\"inLanguage\":\"cs\",\"potentialAction\":[{\"@type\":\"ReadAction\",\"target\":[\"https:\\\/\\\/naturalpoland.com\\\/cs\\\/produkty\\\/rostlinne-vytazky\\\/vytazek-z-kvetu-mesicku-lekarskeho\\\/\"]}]},{\"@type\":\"ImageObject\",\"inLanguage\":\"cs\",\"@id\":\"https:\\\/\\\/naturalpoland.com\\\/cs\\\/produkty\\\/rostlinne-vytazky\\\/vytazek-z-kvetu-mesicku-lekarskeho\\\/#primaryimage\",\"url\":\"https:\\\/\\\/naturalpoland.com\\\/wp-content\\\/uploads\\\/ekstrakt-z-nagietka.webp\",\"contentUrl\":\"https:\\\/\\\/naturalpoland.com\\\/wp-content\\\/uploads\\\/ekstrakt-z-nagietka.webp\",\"width\":1024,\"height\":1024,\"caption\":\"Ekstrakt z kwiatu nagietka\"},{\"@type\":\"BreadcrumbList\",\"@id\":\"https:\\\/\\\/naturalpoland.com\\\/cs\\\/produkty\\\/rostlinne-vytazky\\\/vytazek-z-kvetu-mesicku-lekarskeho\\\/#breadcrumb\",\"itemListElement\":[{\"@type\":\"ListItem\",\"position\":1,\"name\":\"Dom\u016f\",\"item\":\"https:\\\/\\\/naturalpoland.com\\\/cs\\\/\"},{\"@type\":\"ListItem\",\"position\":2,\"name\":\"Produkty\",\"item\":\"https:\\\/\\\/naturalpoland.com\\\/cs\\\/produkty\\\/\"},{\"@type\":\"ListItem\",\"position\":3,\"name\":\"v\u00fdta\u017eek z kv\u011bt\u016f m\u011bs\u00ed\u010dku l\u00e9ka\u0159sk\u00e9ho\"}]},{\"@type\":\"WebSite\",\"@id\":\"https:\\\/\\\/naturalpoland.com\\\/cs\\\/#website\",\"url\":\"https:\\\/\\\/naturalpoland.com\\\/cs\\\/\",\"name\":\"NATURAL POLAND - Velkoobchodn\u00ed distributor surovin\",\"description\":\"Surowce dla przemys\u0142u spo\u017cywczego, kosmetycznego i farmaceutycznego\",\"publisher\":{\"@id\":\"https:\\\/\\\/naturalpoland.com\\\/cs\\\/#organization\"},\"potentialAction\":[{\"@type\":\"SearchAction\",\"target\":{\"@type\":\"EntryPoint\",\"urlTemplate\":\"https:\\\/\\\/naturalpoland.com\\\/cs\\\/?s={search_term_string}\"},\"query-input\":{\"@type\":\"PropertyValueSpecification\",\"valueRequired\":true,\"valueName\":\"search_term_string\"}}],\"inLanguage\":\"cs\"},{\"@type\":\"Organization\",\"@id\":\"https:\\\/\\\/naturalpoland.com\\\/cs\\\/#organization\",\"name\":\"Natural Poland\",\"url\":\"https:\\\/\\\/naturalpoland.com\\\/cs\\\/\",\"logo\":{\"@type\":\"ImageObject\",\"inLanguage\":\"cs\",\"@id\":\"https:\\\/\\\/naturalpoland.com\\\/cs\\\/#\\\/schema\\\/logo\\\/image\\\/\",\"url\":\"https:\\\/\\\/naturalpoland.com\\\/wp-content\\\/uploads\\\/2021\\\/05\\\/natural-poland-icon.png\",\"contentUrl\":\"https:\\\/\\\/naturalpoland.com\\\/wp-content\\\/uploads\\\/2021\\\/05\\\/natural-poland-icon.png\",\"width\":512,\"height\":512,\"caption\":\"Natural Poland\"},\"image\":{\"@id\":\"https:\\\/\\\/naturalpoland.com\\\/cs\\\/#\\\/schema\\\/logo\\\/image\\\/\"},\"sameAs\":[\"https:\\\/\\\/www.facebook.com\\\/naturalpoland.b2b\",\"https:\\\/\\\/pl.linkedin.com\\\/company\\\/natural-poland\",\"https:\\\/\\\/www.youtube.com\\\/channel\\\/UCgeGGkvOMahZo-xu_MSEWxg\"]}]}<\/script>\n<!-- \/ Yoast SEO plugin. -->","yoast_head_json":{"title":"v\u00fdta\u017eek z kv\u011bt\u016f m\u011bs\u00ed\u010dku l\u00e9ka\u0159sk\u00e9ho - Velkoobchodn\u00ed distributor","description":"CO\u2082 extrakt z kv\u011bt\u016f m\u011bs\u00ed\u010dku l\u00e9ka\u0159sk\u00e9ho je vysoce kvalitn\u00ed rostlinn\u00fd materi\u00e1l se siln\u00fdmi protiz\u00e1n\u011btliv\u00fdmi, regenera\u010dn\u00edmi a zklid\u0148uj\u00edc\u00edmi \u00fa\u010dinky.","robots":{"index":"index","follow":"follow","max-snippet":"max-snippet:-1","max-image-preview":"max-image-preview:large","max-video-preview":"max-video-preview:-1"},"canonical":"https:\/\/naturalpoland.com\/cs\/produkty\/rostlinne-vytazky\/vytazek-z-kvetu-mesicku-lekarskeho\/","og_locale":"cs_CZ","og_type":"article","og_title":"v\u00fdta\u017eek z kv\u011bt\u016f m\u011bs\u00ed\u010dku l\u00e9ka\u0159sk\u00e9ho - Velkoobchodn\u00ed distributor","og_description":"CO\u2082 extrakt z kv\u011bt\u016f m\u011bs\u00ed\u010dku l\u00e9ka\u0159sk\u00e9ho je vysoce kvalitn\u00ed rostlinn\u00fd materi\u00e1l se siln\u00fdmi protiz\u00e1n\u011btliv\u00fdmi, regenera\u010dn\u00edmi a zklid\u0148uj\u00edc\u00edmi \u00fa\u010dinky.","og_url":"https:\/\/naturalpoland.com\/cs\/produkty\/rostlinne-vytazky\/vytazek-z-kvetu-mesicku-lekarskeho\/","og_site_name":"NATURAL POLAND - Velkoobchodn\u00ed distributor surovin","article_publisher":"https:\/\/www.facebook.com\/naturalpoland.b2b","og_image":[{"width":1024,"height":1024,"url":"https:\/\/naturalpoland.com\/wp-content\/uploads\/ekstrakt-z-nagietka.webp","type":"image\/webp"}],"schema":{"@context":"https:\/\/schema.org","@graph":[{"@type":"WebPage","@id":"https:\/\/naturalpoland.com\/cs\/produkty\/rostlinne-vytazky\/vytazek-z-kvetu-mesicku-lekarskeho\/","url":"https:\/\/naturalpoland.com\/cs\/produkty\/rostlinne-vytazky\/vytazek-z-kvetu-mesicku-lekarskeho\/","name":"v\u00fdta\u017eek z kv\u011bt\u016f m\u011bs\u00ed\u010dku l\u00e9ka\u0159sk\u00e9ho - Velkoobchodn\u00ed distributor","isPartOf":{"@id":"https:\/\/naturalpoland.com\/cs\/#website"},"primaryImageOfPage":{"@id":"https:\/\/naturalpoland.com\/cs\/produkty\/rostlinne-vytazky\/vytazek-z-kvetu-mesicku-lekarskeho\/#primaryimage"},"image":{"@id":"https:\/\/naturalpoland.com\/cs\/produkty\/rostlinne-vytazky\/vytazek-z-kvetu-mesicku-lekarskeho\/#primaryimage"},"thumbnailUrl":"https:\/\/naturalpoland.com\/wp-content\/uploads\/ekstrakt-z-nagietka.webp","datePublished":"2025-03-26T09:30:14+00:00","description":"CO\u2082 extrakt z kv\u011bt\u016f m\u011bs\u00ed\u010dku l\u00e9ka\u0159sk\u00e9ho je vysoce kvalitn\u00ed rostlinn\u00fd materi\u00e1l se siln\u00fdmi protiz\u00e1n\u011btliv\u00fdmi, regenera\u010dn\u00edmi a zklid\u0148uj\u00edc\u00edmi \u00fa\u010dinky.","breadcrumb":{"@id":"https:\/\/naturalpoland.com\/cs\/produkty\/rostlinne-vytazky\/vytazek-z-kvetu-mesicku-lekarskeho\/#breadcrumb"},"inLanguage":"cs","potentialAction":[{"@type":"ReadAction","target":["https:\/\/naturalpoland.com\/cs\/produkty\/rostlinne-vytazky\/vytazek-z-kvetu-mesicku-lekarskeho\/"]}]},{"@type":"ImageObject","inLanguage":"cs","@id":"https:\/\/naturalpoland.com\/cs\/produkty\/rostlinne-vytazky\/vytazek-z-kvetu-mesicku-lekarskeho\/#primaryimage","url":"https:\/\/naturalpoland.com\/wp-content\/uploads\/ekstrakt-z-nagietka.webp","contentUrl":"https:\/\/naturalpoland.com\/wp-content\/uploads\/ekstrakt-z-nagietka.webp","width":1024,"height":1024,"caption":"Ekstrakt z kwiatu nagietka"},{"@type":"BreadcrumbList","@id":"https:\/\/naturalpoland.com\/cs\/produkty\/rostlinne-vytazky\/vytazek-z-kvetu-mesicku-lekarskeho\/#breadcrumb","itemListElement":[{"@type":"ListItem","position":1,"name":"Dom\u016f","item":"https:\/\/naturalpoland.com\/cs\/"},{"@type":"ListItem","position":2,"name":"Produkty","item":"https:\/\/naturalpoland.com\/cs\/produkty\/"},{"@type":"ListItem","position":3,"name":"v\u00fdta\u017eek z kv\u011bt\u016f m\u011bs\u00ed\u010dku l\u00e9ka\u0159sk\u00e9ho"}]},{"@type":"WebSite","@id":"https:\/\/naturalpoland.com\/cs\/#website","url":"https:\/\/naturalpoland.com\/cs\/","name":"NATURAL POLAND - Velkoobchodn\u00ed distributor surovin","description":"Surowce dla przemys\u0142u spo\u017cywczego, kosmetycznego i farmaceutycznego","publisher":{"@id":"https:\/\/naturalpoland.com\/cs\/#organization"},"potentialAction":[{"@type":"SearchAction","target":{"@type":"EntryPoint","urlTemplate":"https:\/\/naturalpoland.com\/cs\/?s={search_term_string}"},"query-input":{"@type":"PropertyValueSpecification","valueRequired":true,"valueName":"search_term_string"}}],"inLanguage":"cs"},{"@type":"Organization","@id":"https:\/\/naturalpoland.com\/cs\/#organization","name":"Natural Poland","url":"https:\/\/naturalpoland.com\/cs\/","logo":{"@type":"ImageObject","inLanguage":"cs","@id":"https:\/\/naturalpoland.com\/cs\/#\/schema\/logo\/image\/","url":"https:\/\/naturalpoland.com\/wp-content\/uploads\/2021\/05\/natural-poland-icon.png","contentUrl":"https:\/\/naturalpoland.com\/wp-content\/uploads\/2021\/05\/natural-poland-icon.png","width":512,"height":512,"caption":"Natural Poland"},"image":{"@id":"https:\/\/naturalpoland.com\/cs\/#\/schema\/logo\/image\/"},"sameAs":["https:\/\/www.facebook.com\/naturalpoland.b2b","https:\/\/pl.linkedin.com\/company\/natural-poland","https:\/\/www.youtube.com\/channel\/UCgeGGkvOMahZo-xu_MSEWxg"]}]}},"_links":{"self":[{"href":"https:\/\/naturalpoland.com\/cs\/wp-json\/wp\/v2\/product\/40551","targetHints":{"allow":["GET"]}}],"collection":[{"href":"https:\/\/naturalpoland.com\/cs\/wp-json\/wp\/v2\/product"}],"about":[{"href":"https:\/\/naturalpoland.com\/cs\/wp-json\/wp\/v2\/types\/product"}],"wp:featuredmedia":[{"embeddable":true,"href":"https:\/\/naturalpoland.com\/cs\/wp-json\/wp\/v2\/media\/40454"}],"wp:attachment":[{"href":"https:\/\/naturalpoland.com\/cs\/wp-json\/wp\/v2\/media?parent=40551"}],"wp:term":[{"taxonomy":"product_brand","embeddable":true,"href":"https:\/\/naturalpoland.com\/cs\/wp-json\/wp\/v2\/product_brand?post=40551"},{"taxonomy":"product_cat","embeddable":true,"href":"https:\/\/naturalpoland.com\/cs\/wp-json\/wp\/v2\/product_cat?post=40551"},{"taxonomy":"product_tag","embeddable":true,"href":"https:\/\/naturalpoland.com\/cs\/wp-json\/wp\/v2\/product_tag?post=40551"}],"curies":[{"name":"wp","href":"https:\/\/api.w.org\/{rel}","templated":true}]}}