{"id":40747,"date":"2025-04-15T11:06:47","date_gmt":"2025-04-16T13:21:09","guid":{"rendered":"https:\/\/naturalpoland.com\/produkty\/neza\u0159azen\u00e9\/hydroxid-horecnaty\/"},"modified":"2025-04-16T15:21:09","modified_gmt":"2025-04-16T13:21:09","slug":"hydroxid-horecnaty","status":"publish","type":"product","link":"https:\/\/naturalpoland.com\/cs\/produkty\/produkty-pro-farmaceuticky-a-zdravotnicky-prumysl\/pridavky-k-doplnkum-stravy\/hydroxid-horecnaty\/","title":{"rendered":"Hydroxid ho\u0159e\u010dnat\u00fd"},"content":{"rendered":"<p class=\"\" data-start=\"40\" data-end=\"842\">Hydroxid ho\u0159e\u010dnat\u00fd vykazuje siln\u00e9 kyselinotvorn\u00e9 vlastnosti, a proto se pou\u017e\u00edv\u00e1 jako p\u0159\u00edrodn\u00ed prost\u0159edek proti kyselosti, kter\u00fd<strong> zm\u00edr\u0148uje p\u0159\u00edznaky p\u00e1len\u00ed \u017e\u00e1hy a p\u0159ekyselen\u00ed \u017ealudku<\/strong>. D\u00edky sv\u00fdm osmotick\u00fdm vlastnostem vykazuje tak\u00e9<strong> proj\u00edmav\u00fd \u00fa\u010din<\/strong>ek a p\u0159i spr\u00e1vn\u00e9m d\u00e1vkov\u00e1n\u00ed podporuje regulaci pohybu st\u0159ev. <\/p>\n<p class=\"\" data-start=\"40\" data-end=\"842\">V kosmetice se pou\u017e\u00edv\u00e1 jako zklid\u0148uj\u00edc\u00ed, zmat\u0148uj\u00edc\u00ed a ko\u017en\u00ed maz pohlcuj\u00edc\u00ed l\u00e1tka, nap\u0159. v deodorantech, mask\u00e1ch nebo sol\u00edch. Krom\u011b toho se pou\u017e\u00edv\u00e1 p\u0159i v\u00fdrob\u011b miner\u00e1ln\u00edch opalovac\u00edch kr\u00e9m\u016f a zubn\u00edch past a tak\u00e9 ve zpracovatelsk\u00e9m pr\u016fmyslu jako p\u0159\u00edsada zpomaluj\u00edc\u00ed ho\u0159en\u00ed a neutraliz\u00e1tor kyselin. <\/p>\n","protected":false},"excerpt":{"rendered":"<p><strong>Hydroxid ho\u0159e\u010dnat\u00fd (hydroxid<\/strong> ho\u0159e\u010dnat\u00fd) je vysoce \u010dist\u00fd b\u00edl\u00fd pr\u00e1\u0161ek \u0161iroce pou\u017e\u00edvan\u00fd v dopl\u0148c\u00edch stravy, farmaceutick\u00e9m a kosmetick\u00e9m pr\u016fmyslu.<\/p>\n","protected":false},"featured_media":40694,"template":"","meta":{"_acf_changed":false},"product_brand":[],"product_cat":[629],"product_tag":[],"class_list":{"0":"post-40747","1":"product","2":"type-product","3":"status-publish","4":"has-post-thumbnail","6":"product_cat-pridavky-k-doplnkum-stravy","8":"first","9":"instock","10":"shipping-taxable","11":"product-type-simple"},"acf":[],"yoast_head":"<!-- This site is optimized with the Yoast SEO plugin v27.4 - https:\/\/yoast.com\/product\/yoast-seo-wordpress\/ -->\n<title>Hydroxid ho\u0159e\u010dnat\u00fd - Velkoobchodn\u00ed distributor<\/title>\n<meta name=\"description\" content=\"Hydroxid ho\u0159e\u010dnat\u00fd je vysoce \u010dist\u00fd b\u00edl\u00fd pr\u00e1\u0161ek \u0161iroce pou\u017e\u00edvan\u00fd v dopl\u0148c\u00edch stravy, farmaceutick\u00e9m a kosmetick\u00e9m pr\u016fmyslu.\" \/>\n<meta name=\"robots\" content=\"index, follow, max-snippet:-1, max-image-preview:large, max-video-preview:-1\" \/>\n<link rel=\"canonical\" href=\"https:\/\/naturalpoland.com\/cs\/produkty\/produkty-pro-farmaceuticky-a-zdravotnicky-prumysl\/pridavky-k-doplnkum-stravy\/hydroxid-horecnaty\/\" \/>\n<meta property=\"og:locale\" content=\"cs_CZ\" \/>\n<meta property=\"og:type\" content=\"article\" \/>\n<meta property=\"og:title\" content=\"Hydroxid ho\u0159e\u010dnat\u00fd - Velkoobchodn\u00ed distributor\" \/>\n<meta property=\"og:description\" content=\"Hydroxid ho\u0159e\u010dnat\u00fd je vysoce \u010dist\u00fd b\u00edl\u00fd pr\u00e1\u0161ek \u0161iroce pou\u017e\u00edvan\u00fd v dopl\u0148c\u00edch stravy, farmaceutick\u00e9m a kosmetick\u00e9m pr\u016fmyslu.\" \/>\n<meta property=\"og:url\" content=\"https:\/\/naturalpoland.com\/cs\/produkty\/produkty-pro-farmaceuticky-a-zdravotnicky-prumysl\/pridavky-k-doplnkum-stravy\/hydroxid-horecnaty\/\" \/>\n<meta property=\"og:site_name\" content=\"NATURAL POLAND - Velkoobchodn\u00ed distributor surovin\" \/>\n<meta property=\"article:publisher\" content=\"https:\/\/www.facebook.com\/naturalpoland.b2b\" \/>\n<meta property=\"og:image\" content=\"https:\/\/naturalpoland.com\/wp-content\/uploads\/wodorotlenek-magnezu.webp\" \/>\n\t<meta property=\"og:image:width\" content=\"350\" \/>\n\t<meta property=\"og:image:height\" content=\"350\" \/>\n\t<meta property=\"og:image:type\" content=\"image\/webp\" \/>\n<script type=\"application\/ld+json\" class=\"yoast-schema-graph\">{\"@context\":\"https:\\\/\\\/schema.org\",\"@graph\":[{\"@type\":\"WebPage\",\"@id\":\"https:\\\/\\\/naturalpoland.com\\\/cs\\\/produkty\\\/produkty-pro-farmaceuticky-a-zdravotnicky-prumysl\\\/pridavky-k-doplnkum-stravy\\\/hydroxid-horecnaty\\\/\",\"url\":\"https:\\\/\\\/naturalpoland.com\\\/cs\\\/produkty\\\/produkty-pro-farmaceuticky-a-zdravotnicky-prumysl\\\/pridavky-k-doplnkum-stravy\\\/hydroxid-horecnaty\\\/\",\"name\":\"Hydroxid ho\u0159e\u010dnat\u00fd - Velkoobchodn\u00ed distributor\",\"isPartOf\":{\"@id\":\"https:\\\/\\\/naturalpoland.com\\\/cs\\\/#website\"},\"primaryImageOfPage\":{\"@id\":\"https:\\\/\\\/naturalpoland.com\\\/cs\\\/produkty\\\/produkty-pro-farmaceuticky-a-zdravotnicky-prumysl\\\/pridavky-k-doplnkum-stravy\\\/hydroxid-horecnaty\\\/#primaryimage\"},\"image\":{\"@id\":\"https:\\\/\\\/naturalpoland.com\\\/cs\\\/produkty\\\/produkty-pro-farmaceuticky-a-zdravotnicky-prumysl\\\/pridavky-k-doplnkum-stravy\\\/hydroxid-horecnaty\\\/#primaryimage\"},\"thumbnailUrl\":\"https:\\\/\\\/naturalpoland.com\\\/wp-content\\\/uploads\\\/wodorotlenek-magnezu.webp\",\"datePublished\":\"2025-04-16T13:21:09+00:00\",\"description\":\"Hydroxid ho\u0159e\u010dnat\u00fd je vysoce \u010dist\u00fd b\u00edl\u00fd pr\u00e1\u0161ek \u0161iroce pou\u017e\u00edvan\u00fd v dopl\u0148c\u00edch stravy, farmaceutick\u00e9m a kosmetick\u00e9m pr\u016fmyslu.\",\"breadcrumb\":{\"@id\":\"https:\\\/\\\/naturalpoland.com\\\/cs\\\/produkty\\\/produkty-pro-farmaceuticky-a-zdravotnicky-prumysl\\\/pridavky-k-doplnkum-stravy\\\/hydroxid-horecnaty\\\/#breadcrumb\"},\"inLanguage\":\"cs\",\"potentialAction\":[{\"@type\":\"ReadAction\",\"target\":[\"https:\\\/\\\/naturalpoland.com\\\/cs\\\/produkty\\\/produkty-pro-farmaceuticky-a-zdravotnicky-prumysl\\\/pridavky-k-doplnkum-stravy\\\/hydroxid-horecnaty\\\/\"]}]},{\"@type\":\"ImageObject\",\"inLanguage\":\"cs\",\"@id\":\"https:\\\/\\\/naturalpoland.com\\\/cs\\\/produkty\\\/produkty-pro-farmaceuticky-a-zdravotnicky-prumysl\\\/pridavky-k-doplnkum-stravy\\\/hydroxid-horecnaty\\\/#primaryimage\",\"url\":\"https:\\\/\\\/naturalpoland.com\\\/wp-content\\\/uploads\\\/wodorotlenek-magnezu.webp\",\"contentUrl\":\"https:\\\/\\\/naturalpoland.com\\\/wp-content\\\/uploads\\\/wodorotlenek-magnezu.webp\",\"width\":350,\"height\":350,\"caption\":\"Wodorotlenek magnezu\"},{\"@type\":\"BreadcrumbList\",\"@id\":\"https:\\\/\\\/naturalpoland.com\\\/cs\\\/produkty\\\/produkty-pro-farmaceuticky-a-zdravotnicky-prumysl\\\/pridavky-k-doplnkum-stravy\\\/hydroxid-horecnaty\\\/#breadcrumb\",\"itemListElement\":[{\"@type\":\"ListItem\",\"position\":1,\"name\":\"Dom\u016f\",\"item\":\"https:\\\/\\\/naturalpoland.com\\\/cs\\\/\"},{\"@type\":\"ListItem\",\"position\":2,\"name\":\"Produkty\",\"item\":\"https:\\\/\\\/naturalpoland.com\\\/cs\\\/produkty\\\/\"},{\"@type\":\"ListItem\",\"position\":3,\"name\":\"Hydroxid ho\u0159e\u010dnat\u00fd\"}]},{\"@type\":\"WebSite\",\"@id\":\"https:\\\/\\\/naturalpoland.com\\\/cs\\\/#website\",\"url\":\"https:\\\/\\\/naturalpoland.com\\\/cs\\\/\",\"name\":\"NATURAL POLAND - Velkoobchodn\u00ed distributor surovin\",\"description\":\"Surowce dla przemys\u0142u spo\u017cywczego, kosmetycznego i farmaceutycznego\",\"publisher\":{\"@id\":\"https:\\\/\\\/naturalpoland.com\\\/cs\\\/#organization\"},\"potentialAction\":[{\"@type\":\"SearchAction\",\"target\":{\"@type\":\"EntryPoint\",\"urlTemplate\":\"https:\\\/\\\/naturalpoland.com\\\/cs\\\/?s={search_term_string}\"},\"query-input\":{\"@type\":\"PropertyValueSpecification\",\"valueRequired\":true,\"valueName\":\"search_term_string\"}}],\"inLanguage\":\"cs\"},{\"@type\":\"Organization\",\"@id\":\"https:\\\/\\\/naturalpoland.com\\\/cs\\\/#organization\",\"name\":\"Natural Poland\",\"url\":\"https:\\\/\\\/naturalpoland.com\\\/cs\\\/\",\"logo\":{\"@type\":\"ImageObject\",\"inLanguage\":\"cs\",\"@id\":\"https:\\\/\\\/naturalpoland.com\\\/cs\\\/#\\\/schema\\\/logo\\\/image\\\/\",\"url\":\"https:\\\/\\\/naturalpoland.com\\\/wp-content\\\/uploads\\\/2021\\\/05\\\/natural-poland-icon.png\",\"contentUrl\":\"https:\\\/\\\/naturalpoland.com\\\/wp-content\\\/uploads\\\/2021\\\/05\\\/natural-poland-icon.png\",\"width\":512,\"height\":512,\"caption\":\"Natural Poland\"},\"image\":{\"@id\":\"https:\\\/\\\/naturalpoland.com\\\/cs\\\/#\\\/schema\\\/logo\\\/image\\\/\"},\"sameAs\":[\"https:\\\/\\\/www.facebook.com\\\/naturalpoland.b2b\",\"https:\\\/\\\/pl.linkedin.com\\\/company\\\/natural-poland\",\"https:\\\/\\\/www.youtube.com\\\/channel\\\/UCgeGGkvOMahZo-xu_MSEWxg\"]}]}<\/script>\n<!-- \/ Yoast SEO plugin. -->","yoast_head_json":{"title":"Hydroxid ho\u0159e\u010dnat\u00fd - Velkoobchodn\u00ed distributor","description":"Hydroxid ho\u0159e\u010dnat\u00fd je vysoce \u010dist\u00fd b\u00edl\u00fd pr\u00e1\u0161ek \u0161iroce pou\u017e\u00edvan\u00fd v dopl\u0148c\u00edch stravy, farmaceutick\u00e9m a kosmetick\u00e9m pr\u016fmyslu.","robots":{"index":"index","follow":"follow","max-snippet":"max-snippet:-1","max-image-preview":"max-image-preview:large","max-video-preview":"max-video-preview:-1"},"canonical":"https:\/\/naturalpoland.com\/cs\/produkty\/produkty-pro-farmaceuticky-a-zdravotnicky-prumysl\/pridavky-k-doplnkum-stravy\/hydroxid-horecnaty\/","og_locale":"cs_CZ","og_type":"article","og_title":"Hydroxid ho\u0159e\u010dnat\u00fd - Velkoobchodn\u00ed distributor","og_description":"Hydroxid ho\u0159e\u010dnat\u00fd je vysoce \u010dist\u00fd b\u00edl\u00fd pr\u00e1\u0161ek \u0161iroce pou\u017e\u00edvan\u00fd v dopl\u0148c\u00edch stravy, farmaceutick\u00e9m a kosmetick\u00e9m pr\u016fmyslu.","og_url":"https:\/\/naturalpoland.com\/cs\/produkty\/produkty-pro-farmaceuticky-a-zdravotnicky-prumysl\/pridavky-k-doplnkum-stravy\/hydroxid-horecnaty\/","og_site_name":"NATURAL POLAND - Velkoobchodn\u00ed distributor surovin","article_publisher":"https:\/\/www.facebook.com\/naturalpoland.b2b","og_image":[{"width":350,"height":350,"url":"https:\/\/naturalpoland.com\/wp-content\/uploads\/wodorotlenek-magnezu.webp","type":"image\/webp"}],"schema":{"@context":"https:\/\/schema.org","@graph":[{"@type":"WebPage","@id":"https:\/\/naturalpoland.com\/cs\/produkty\/produkty-pro-farmaceuticky-a-zdravotnicky-prumysl\/pridavky-k-doplnkum-stravy\/hydroxid-horecnaty\/","url":"https:\/\/naturalpoland.com\/cs\/produkty\/produkty-pro-farmaceuticky-a-zdravotnicky-prumysl\/pridavky-k-doplnkum-stravy\/hydroxid-horecnaty\/","name":"Hydroxid ho\u0159e\u010dnat\u00fd - Velkoobchodn\u00ed distributor","isPartOf":{"@id":"https:\/\/naturalpoland.com\/cs\/#website"},"primaryImageOfPage":{"@id":"https:\/\/naturalpoland.com\/cs\/produkty\/produkty-pro-farmaceuticky-a-zdravotnicky-prumysl\/pridavky-k-doplnkum-stravy\/hydroxid-horecnaty\/#primaryimage"},"image":{"@id":"https:\/\/naturalpoland.com\/cs\/produkty\/produkty-pro-farmaceuticky-a-zdravotnicky-prumysl\/pridavky-k-doplnkum-stravy\/hydroxid-horecnaty\/#primaryimage"},"thumbnailUrl":"https:\/\/naturalpoland.com\/wp-content\/uploads\/wodorotlenek-magnezu.webp","datePublished":"2025-04-16T13:21:09+00:00","description":"Hydroxid ho\u0159e\u010dnat\u00fd je vysoce \u010dist\u00fd b\u00edl\u00fd pr\u00e1\u0161ek \u0161iroce pou\u017e\u00edvan\u00fd v dopl\u0148c\u00edch stravy, farmaceutick\u00e9m a kosmetick\u00e9m pr\u016fmyslu.","breadcrumb":{"@id":"https:\/\/naturalpoland.com\/cs\/produkty\/produkty-pro-farmaceuticky-a-zdravotnicky-prumysl\/pridavky-k-doplnkum-stravy\/hydroxid-horecnaty\/#breadcrumb"},"inLanguage":"cs","potentialAction":[{"@type":"ReadAction","target":["https:\/\/naturalpoland.com\/cs\/produkty\/produkty-pro-farmaceuticky-a-zdravotnicky-prumysl\/pridavky-k-doplnkum-stravy\/hydroxid-horecnaty\/"]}]},{"@type":"ImageObject","inLanguage":"cs","@id":"https:\/\/naturalpoland.com\/cs\/produkty\/produkty-pro-farmaceuticky-a-zdravotnicky-prumysl\/pridavky-k-doplnkum-stravy\/hydroxid-horecnaty\/#primaryimage","url":"https:\/\/naturalpoland.com\/wp-content\/uploads\/wodorotlenek-magnezu.webp","contentUrl":"https:\/\/naturalpoland.com\/wp-content\/uploads\/wodorotlenek-magnezu.webp","width":350,"height":350,"caption":"Wodorotlenek magnezu"},{"@type":"BreadcrumbList","@id":"https:\/\/naturalpoland.com\/cs\/produkty\/produkty-pro-farmaceuticky-a-zdravotnicky-prumysl\/pridavky-k-doplnkum-stravy\/hydroxid-horecnaty\/#breadcrumb","itemListElement":[{"@type":"ListItem","position":1,"name":"Dom\u016f","item":"https:\/\/naturalpoland.com\/cs\/"},{"@type":"ListItem","position":2,"name":"Produkty","item":"https:\/\/naturalpoland.com\/cs\/produkty\/"},{"@type":"ListItem","position":3,"name":"Hydroxid ho\u0159e\u010dnat\u00fd"}]},{"@type":"WebSite","@id":"https:\/\/naturalpoland.com\/cs\/#website","url":"https:\/\/naturalpoland.com\/cs\/","name":"NATURAL POLAND - Velkoobchodn\u00ed distributor surovin","description":"Surowce dla przemys\u0142u spo\u017cywczego, kosmetycznego i farmaceutycznego","publisher":{"@id":"https:\/\/naturalpoland.com\/cs\/#organization"},"potentialAction":[{"@type":"SearchAction","target":{"@type":"EntryPoint","urlTemplate":"https:\/\/naturalpoland.com\/cs\/?s={search_term_string}"},"query-input":{"@type":"PropertyValueSpecification","valueRequired":true,"valueName":"search_term_string"}}],"inLanguage":"cs"},{"@type":"Organization","@id":"https:\/\/naturalpoland.com\/cs\/#organization","name":"Natural Poland","url":"https:\/\/naturalpoland.com\/cs\/","logo":{"@type":"ImageObject","inLanguage":"cs","@id":"https:\/\/naturalpoland.com\/cs\/#\/schema\/logo\/image\/","url":"https:\/\/naturalpoland.com\/wp-content\/uploads\/2021\/05\/natural-poland-icon.png","contentUrl":"https:\/\/naturalpoland.com\/wp-content\/uploads\/2021\/05\/natural-poland-icon.png","width":512,"height":512,"caption":"Natural Poland"},"image":{"@id":"https:\/\/naturalpoland.com\/cs\/#\/schema\/logo\/image\/"},"sameAs":["https:\/\/www.facebook.com\/naturalpoland.b2b","https:\/\/pl.linkedin.com\/company\/natural-poland","https:\/\/www.youtube.com\/channel\/UCgeGGkvOMahZo-xu_MSEWxg"]}]}},"_links":{"self":[{"href":"https:\/\/naturalpoland.com\/cs\/wp-json\/wp\/v2\/product\/40747","targetHints":{"allow":["GET"]}}],"collection":[{"href":"https:\/\/naturalpoland.com\/cs\/wp-json\/wp\/v2\/product"}],"about":[{"href":"https:\/\/naturalpoland.com\/cs\/wp-json\/wp\/v2\/types\/product"}],"wp:featuredmedia":[{"embeddable":true,"href":"https:\/\/naturalpoland.com\/cs\/wp-json\/wp\/v2\/media\/40694"}],"wp:attachment":[{"href":"https:\/\/naturalpoland.com\/cs\/wp-json\/wp\/v2\/media?parent=40747"}],"wp:term":[{"taxonomy":"product_brand","embeddable":true,"href":"https:\/\/naturalpoland.com\/cs\/wp-json\/wp\/v2\/product_brand?post=40747"},{"taxonomy":"product_cat","embeddable":true,"href":"https:\/\/naturalpoland.com\/cs\/wp-json\/wp\/v2\/product_cat?post=40747"},{"taxonomy":"product_tag","embeddable":true,"href":"https:\/\/naturalpoland.com\/cs\/wp-json\/wp\/v2\/product_tag?post=40747"}],"curies":[{"name":"wp","href":"https:\/\/api.w.org\/{rel}","templated":true}]}}