{"id":40772,"date":"2025-04-15T09:51:27","date_gmt":"2025-04-16T13:22:44","guid":{"rendered":"https:\/\/naturalpoland.com\/produkty\/neza\u0159azen\u00e9\/prasek-z-gelu-aloe-vera\/"},"modified":"2025-04-16T15:22:44","modified_gmt":"2025-04-16T13:22:44","slug":"prasek-z-gelu-aloe-vera","status":"publish","type":"product","link":"https:\/\/naturalpoland.com\/cs\/produkty\/produkty-pro-farmaceuticky-a-zdravotnicky-prumysl\/pridavky-k-doplnkum-stravy\/prasek-z-gelu-aloe-vera\/","title":{"rendered":"Pr\u00e1\u0161ek z gelu aloe vera"},"content":{"rendered":"<p>Pomoc\u00ed <strong>lyofilizace<\/strong> &#8211; metody su\u0161en\u00ed zmrazen\u00edm &#8211; se z\u00edsk\u00e1 jemn\u00fd b\u00edl\u00fd nebo m\u00edrn\u011b kr\u00e9mov\u00fd pr\u00e1\u0161ek charakteristick\u00e9 v\u016fn\u011b a chuti, kter\u00fd si zachov\u00e1v\u00e1 maximum \u00fa\u010dinn\u00fdch rostlinn\u00fdch slo\u017eek. N\u00e1mi nab\u00edzen\u00fd extrakt m\u00e1 vysok\u00fd koncentra\u010dn\u00ed faktor a standardizaci pro <strong>polysacharidy<\/strong> a <strong>O-acetylov\u00e9 skupiny.<\/strong> <\/p>\n<h3>Vlastnosti<\/h3>\n<p>Vlastnosti pr\u00e1\u0161kov\u00e9ho gelu z aloe vera jsou d\u00e1ny vysok\u00fdm obsahem bioaktivn\u00edch polysacharid\u016f a O-acetylov\u00fdch skupin. D\u00edky nim p\u016fsob\u00ed tato surovina protiz\u00e1n\u011btliv\u011b, imunomodula\u010dn\u011b a detoxika\u010dn\u011b. Pom\u00e1h\u00e1 zklid\u0148ovat podr\u00e1\u017ed\u011bn\u00ed tr\u00e1vic\u00edho traktu, podporuje st\u0159evn\u00ed funkce a pom\u00e1h\u00e1 udr\u017eovat rovnov\u00e1hu st\u0159evn\u00ed mikrofl\u00f3ry.  <\/p>\n<h3>Aplikace<\/h3>\n<p>Surovina se pou\u017e\u00edv\u00e1 p\u0159i v\u00fdrob\u011b dopl\u0148k\u016f stravy ve form\u011b kapsl\u00ed, tablet, pr\u00e1\u0161k\u016f pro v\u00fdrobu n\u00e1poj\u016f a funk\u010dn\u00edch koktejl\u016f. V\u00fdrobky jsou ur\u010deny pro osoby se sn\u00ed\u017eenou imunitou, za\u017e\u00edvac\u00edmi probl\u00e9my, z\u00e1n\u011btliv\u00fdmi stavy a tak\u00e9 pro osoby s citliv\u00fdm za\u017e\u00edvac\u00edm traktem nebo n\u00e1ro\u010dn\u00fdm \u017eivotn\u00edm stylem. <\/p>\n","protected":false},"excerpt":{"rendered":"<p>Aloe Vera gel <strong data-start=\"0\" data-end=\"82\">su\u0161en\u00fd <\/strong> mrazem je vysoce koncentrovan\u00fd rostlinn\u00fd materi\u00e1l z\u00edskan\u00fd z vnit\u0159n\u00ed \u010d\u00e1sti list\u016f <em>Aloe barbadensis Miller<\/em>.<\/p>\n","protected":false},"featured_media":40642,"template":"","meta":{"_acf_changed":false},"product_brand":[],"product_cat":[629],"product_tag":[],"class_list":{"0":"post-40772","1":"product","2":"type-product","3":"status-publish","4":"has-post-thumbnail","6":"product_cat-pridavky-k-doplnkum-stravy","7":"pa_czesc-rosliny-vnitrni-cast-listu","9":"first","10":"instock","11":"shipping-taxable","12":"product-type-simple"},"acf":[],"yoast_head":"<!-- This site is optimized with the Yoast SEO plugin v27.4 - https:\/\/yoast.com\/product\/yoast-seo-wordpress\/ -->\n<title>Pr\u00e1\u0161ek z gelu aloe vera - Velkoobchodn\u00ed distributor<\/title>\n<meta name=\"description\" content=\"Pr\u00e1\u0161ek z gelu aloe vera je cen\u011bnou slo\u017ekou dopl\u0148k\u016f stravy a funk\u010dn\u00edch produkt\u016f na podporu tr\u00e1ven\u00ed a imunity.\" \/>\n<meta name=\"robots\" content=\"index, follow, max-snippet:-1, max-image-preview:large, max-video-preview:-1\" \/>\n<link rel=\"canonical\" href=\"https:\/\/naturalpoland.com\/cs\/produkty\/produkty-pro-farmaceuticky-a-zdravotnicky-prumysl\/pridavky-k-doplnkum-stravy\/prasek-z-gelu-aloe-vera\/\" \/>\n<meta property=\"og:locale\" content=\"cs_CZ\" \/>\n<meta property=\"og:type\" content=\"article\" \/>\n<meta property=\"og:title\" content=\"Pr\u00e1\u0161ek z gelu aloe vera - Velkoobchodn\u00ed distributor\" \/>\n<meta property=\"og:description\" content=\"Pr\u00e1\u0161ek z gelu aloe vera je cen\u011bnou slo\u017ekou dopl\u0148k\u016f stravy a funk\u010dn\u00edch produkt\u016f na podporu tr\u00e1ven\u00ed a imunity.\" \/>\n<meta property=\"og:url\" content=\"https:\/\/naturalpoland.com\/cs\/produkty\/produkty-pro-farmaceuticky-a-zdravotnicky-prumysl\/pridavky-k-doplnkum-stravy\/prasek-z-gelu-aloe-vera\/\" \/>\n<meta property=\"og:site_name\" content=\"NATURAL POLAND - Velkoobchodn\u00ed distributor surovin\" \/>\n<meta property=\"article:publisher\" content=\"https:\/\/www.facebook.com\/naturalpoland.b2b\" \/>\n<meta property=\"og:image\" content=\"https:\/\/naturalpoland.com\/wp-content\/uploads\/aloesowy-zel-w-proszku.webp\" \/>\n\t<meta property=\"og:image:width\" content=\"1024\" \/>\n\t<meta property=\"og:image:height\" content=\"1024\" \/>\n\t<meta property=\"og:image:type\" content=\"image\/webp\" \/>\n<script type=\"application\/ld+json\" class=\"yoast-schema-graph\">{\"@context\":\"https:\\\/\\\/schema.org\",\"@graph\":[{\"@type\":\"WebPage\",\"@id\":\"https:\\\/\\\/naturalpoland.com\\\/cs\\\/produkty\\\/produkty-pro-farmaceuticky-a-zdravotnicky-prumysl\\\/pridavky-k-doplnkum-stravy\\\/prasek-z-gelu-aloe-vera\\\/\",\"url\":\"https:\\\/\\\/naturalpoland.com\\\/cs\\\/produkty\\\/produkty-pro-farmaceuticky-a-zdravotnicky-prumysl\\\/pridavky-k-doplnkum-stravy\\\/prasek-z-gelu-aloe-vera\\\/\",\"name\":\"Pr\u00e1\u0161ek z gelu aloe vera - Velkoobchodn\u00ed distributor\",\"isPartOf\":{\"@id\":\"https:\\\/\\\/naturalpoland.com\\\/cs\\\/#website\"},\"primaryImageOfPage\":{\"@id\":\"https:\\\/\\\/naturalpoland.com\\\/cs\\\/produkty\\\/produkty-pro-farmaceuticky-a-zdravotnicky-prumysl\\\/pridavky-k-doplnkum-stravy\\\/prasek-z-gelu-aloe-vera\\\/#primaryimage\"},\"image\":{\"@id\":\"https:\\\/\\\/naturalpoland.com\\\/cs\\\/produkty\\\/produkty-pro-farmaceuticky-a-zdravotnicky-prumysl\\\/pridavky-k-doplnkum-stravy\\\/prasek-z-gelu-aloe-vera\\\/#primaryimage\"},\"thumbnailUrl\":\"https:\\\/\\\/naturalpoland.com\\\/wp-content\\\/uploads\\\/aloesowy-zel-w-proszku.webp\",\"datePublished\":\"2025-04-16T13:22:44+00:00\",\"description\":\"Pr\u00e1\u0161ek z gelu aloe vera je cen\u011bnou slo\u017ekou dopl\u0148k\u016f stravy a funk\u010dn\u00edch produkt\u016f na podporu tr\u00e1ven\u00ed a imunity.\",\"breadcrumb\":{\"@id\":\"https:\\\/\\\/naturalpoland.com\\\/cs\\\/produkty\\\/produkty-pro-farmaceuticky-a-zdravotnicky-prumysl\\\/pridavky-k-doplnkum-stravy\\\/prasek-z-gelu-aloe-vera\\\/#breadcrumb\"},\"inLanguage\":\"cs\",\"potentialAction\":[{\"@type\":\"ReadAction\",\"target\":[\"https:\\\/\\\/naturalpoland.com\\\/cs\\\/produkty\\\/produkty-pro-farmaceuticky-a-zdravotnicky-prumysl\\\/pridavky-k-doplnkum-stravy\\\/prasek-z-gelu-aloe-vera\\\/\"]}]},{\"@type\":\"ImageObject\",\"inLanguage\":\"cs\",\"@id\":\"https:\\\/\\\/naturalpoland.com\\\/cs\\\/produkty\\\/produkty-pro-farmaceuticky-a-zdravotnicky-prumysl\\\/pridavky-k-doplnkum-stravy\\\/prasek-z-gelu-aloe-vera\\\/#primaryimage\",\"url\":\"https:\\\/\\\/naturalpoland.com\\\/wp-content\\\/uploads\\\/aloesowy-zel-w-proszku.webp\",\"contentUrl\":\"https:\\\/\\\/naturalpoland.com\\\/wp-content\\\/uploads\\\/aloesowy-zel-w-proszku.webp\",\"width\":1024,\"height\":1024,\"caption\":\"\u017bel aloesowy w proszku\"},{\"@type\":\"BreadcrumbList\",\"@id\":\"https:\\\/\\\/naturalpoland.com\\\/cs\\\/produkty\\\/produkty-pro-farmaceuticky-a-zdravotnicky-prumysl\\\/pridavky-k-doplnkum-stravy\\\/prasek-z-gelu-aloe-vera\\\/#breadcrumb\",\"itemListElement\":[{\"@type\":\"ListItem\",\"position\":1,\"name\":\"Dom\u016f\",\"item\":\"https:\\\/\\\/naturalpoland.com\\\/cs\\\/\"},{\"@type\":\"ListItem\",\"position\":2,\"name\":\"Produkty\",\"item\":\"https:\\\/\\\/naturalpoland.com\\\/cs\\\/produkty\\\/\"},{\"@type\":\"ListItem\",\"position\":3,\"name\":\"Pr\u00e1\u0161ek z gelu aloe vera\"}]},{\"@type\":\"WebSite\",\"@id\":\"https:\\\/\\\/naturalpoland.com\\\/cs\\\/#website\",\"url\":\"https:\\\/\\\/naturalpoland.com\\\/cs\\\/\",\"name\":\"NATURAL POLAND - Velkoobchodn\u00ed distributor surovin\",\"description\":\"Surowce dla przemys\u0142u spo\u017cywczego, kosmetycznego i farmaceutycznego\",\"publisher\":{\"@id\":\"https:\\\/\\\/naturalpoland.com\\\/cs\\\/#organization\"},\"potentialAction\":[{\"@type\":\"SearchAction\",\"target\":{\"@type\":\"EntryPoint\",\"urlTemplate\":\"https:\\\/\\\/naturalpoland.com\\\/cs\\\/?s={search_term_string}\"},\"query-input\":{\"@type\":\"PropertyValueSpecification\",\"valueRequired\":true,\"valueName\":\"search_term_string\"}}],\"inLanguage\":\"cs\"},{\"@type\":\"Organization\",\"@id\":\"https:\\\/\\\/naturalpoland.com\\\/cs\\\/#organization\",\"name\":\"Natural Poland\",\"url\":\"https:\\\/\\\/naturalpoland.com\\\/cs\\\/\",\"logo\":{\"@type\":\"ImageObject\",\"inLanguage\":\"cs\",\"@id\":\"https:\\\/\\\/naturalpoland.com\\\/cs\\\/#\\\/schema\\\/logo\\\/image\\\/\",\"url\":\"https:\\\/\\\/naturalpoland.com\\\/wp-content\\\/uploads\\\/2021\\\/05\\\/natural-poland-icon.png\",\"contentUrl\":\"https:\\\/\\\/naturalpoland.com\\\/wp-content\\\/uploads\\\/2021\\\/05\\\/natural-poland-icon.png\",\"width\":512,\"height\":512,\"caption\":\"Natural Poland\"},\"image\":{\"@id\":\"https:\\\/\\\/naturalpoland.com\\\/cs\\\/#\\\/schema\\\/logo\\\/image\\\/\"},\"sameAs\":[\"https:\\\/\\\/www.facebook.com\\\/naturalpoland.b2b\",\"https:\\\/\\\/pl.linkedin.com\\\/company\\\/natural-poland\",\"https:\\\/\\\/www.youtube.com\\\/channel\\\/UCgeGGkvOMahZo-xu_MSEWxg\"]}]}<\/script>\n<!-- \/ Yoast SEO plugin. -->","yoast_head_json":{"title":"Pr\u00e1\u0161ek z gelu aloe vera - Velkoobchodn\u00ed distributor","description":"Pr\u00e1\u0161ek z gelu aloe vera je cen\u011bnou slo\u017ekou dopl\u0148k\u016f stravy a funk\u010dn\u00edch produkt\u016f na podporu tr\u00e1ven\u00ed a imunity.","robots":{"index":"index","follow":"follow","max-snippet":"max-snippet:-1","max-image-preview":"max-image-preview:large","max-video-preview":"max-video-preview:-1"},"canonical":"https:\/\/naturalpoland.com\/cs\/produkty\/produkty-pro-farmaceuticky-a-zdravotnicky-prumysl\/pridavky-k-doplnkum-stravy\/prasek-z-gelu-aloe-vera\/","og_locale":"cs_CZ","og_type":"article","og_title":"Pr\u00e1\u0161ek z gelu aloe vera - Velkoobchodn\u00ed distributor","og_description":"Pr\u00e1\u0161ek z gelu aloe vera je cen\u011bnou slo\u017ekou dopl\u0148k\u016f stravy a funk\u010dn\u00edch produkt\u016f na podporu tr\u00e1ven\u00ed a imunity.","og_url":"https:\/\/naturalpoland.com\/cs\/produkty\/produkty-pro-farmaceuticky-a-zdravotnicky-prumysl\/pridavky-k-doplnkum-stravy\/prasek-z-gelu-aloe-vera\/","og_site_name":"NATURAL POLAND - Velkoobchodn\u00ed distributor surovin","article_publisher":"https:\/\/www.facebook.com\/naturalpoland.b2b","og_image":[{"width":1024,"height":1024,"url":"https:\/\/naturalpoland.com\/wp-content\/uploads\/aloesowy-zel-w-proszku.webp","type":"image\/webp"}],"schema":{"@context":"https:\/\/schema.org","@graph":[{"@type":"WebPage","@id":"https:\/\/naturalpoland.com\/cs\/produkty\/produkty-pro-farmaceuticky-a-zdravotnicky-prumysl\/pridavky-k-doplnkum-stravy\/prasek-z-gelu-aloe-vera\/","url":"https:\/\/naturalpoland.com\/cs\/produkty\/produkty-pro-farmaceuticky-a-zdravotnicky-prumysl\/pridavky-k-doplnkum-stravy\/prasek-z-gelu-aloe-vera\/","name":"Pr\u00e1\u0161ek z gelu aloe vera - Velkoobchodn\u00ed distributor","isPartOf":{"@id":"https:\/\/naturalpoland.com\/cs\/#website"},"primaryImageOfPage":{"@id":"https:\/\/naturalpoland.com\/cs\/produkty\/produkty-pro-farmaceuticky-a-zdravotnicky-prumysl\/pridavky-k-doplnkum-stravy\/prasek-z-gelu-aloe-vera\/#primaryimage"},"image":{"@id":"https:\/\/naturalpoland.com\/cs\/produkty\/produkty-pro-farmaceuticky-a-zdravotnicky-prumysl\/pridavky-k-doplnkum-stravy\/prasek-z-gelu-aloe-vera\/#primaryimage"},"thumbnailUrl":"https:\/\/naturalpoland.com\/wp-content\/uploads\/aloesowy-zel-w-proszku.webp","datePublished":"2025-04-16T13:22:44+00:00","description":"Pr\u00e1\u0161ek z gelu aloe vera je cen\u011bnou slo\u017ekou dopl\u0148k\u016f stravy a funk\u010dn\u00edch produkt\u016f na podporu tr\u00e1ven\u00ed a imunity.","breadcrumb":{"@id":"https:\/\/naturalpoland.com\/cs\/produkty\/produkty-pro-farmaceuticky-a-zdravotnicky-prumysl\/pridavky-k-doplnkum-stravy\/prasek-z-gelu-aloe-vera\/#breadcrumb"},"inLanguage":"cs","potentialAction":[{"@type":"ReadAction","target":["https:\/\/naturalpoland.com\/cs\/produkty\/produkty-pro-farmaceuticky-a-zdravotnicky-prumysl\/pridavky-k-doplnkum-stravy\/prasek-z-gelu-aloe-vera\/"]}]},{"@type":"ImageObject","inLanguage":"cs","@id":"https:\/\/naturalpoland.com\/cs\/produkty\/produkty-pro-farmaceuticky-a-zdravotnicky-prumysl\/pridavky-k-doplnkum-stravy\/prasek-z-gelu-aloe-vera\/#primaryimage","url":"https:\/\/naturalpoland.com\/wp-content\/uploads\/aloesowy-zel-w-proszku.webp","contentUrl":"https:\/\/naturalpoland.com\/wp-content\/uploads\/aloesowy-zel-w-proszku.webp","width":1024,"height":1024,"caption":"\u017bel aloesowy w proszku"},{"@type":"BreadcrumbList","@id":"https:\/\/naturalpoland.com\/cs\/produkty\/produkty-pro-farmaceuticky-a-zdravotnicky-prumysl\/pridavky-k-doplnkum-stravy\/prasek-z-gelu-aloe-vera\/#breadcrumb","itemListElement":[{"@type":"ListItem","position":1,"name":"Dom\u016f","item":"https:\/\/naturalpoland.com\/cs\/"},{"@type":"ListItem","position":2,"name":"Produkty","item":"https:\/\/naturalpoland.com\/cs\/produkty\/"},{"@type":"ListItem","position":3,"name":"Pr\u00e1\u0161ek z gelu aloe vera"}]},{"@type":"WebSite","@id":"https:\/\/naturalpoland.com\/cs\/#website","url":"https:\/\/naturalpoland.com\/cs\/","name":"NATURAL POLAND - Velkoobchodn\u00ed distributor surovin","description":"Surowce dla przemys\u0142u spo\u017cywczego, kosmetycznego i farmaceutycznego","publisher":{"@id":"https:\/\/naturalpoland.com\/cs\/#organization"},"potentialAction":[{"@type":"SearchAction","target":{"@type":"EntryPoint","urlTemplate":"https:\/\/naturalpoland.com\/cs\/?s={search_term_string}"},"query-input":{"@type":"PropertyValueSpecification","valueRequired":true,"valueName":"search_term_string"}}],"inLanguage":"cs"},{"@type":"Organization","@id":"https:\/\/naturalpoland.com\/cs\/#organization","name":"Natural Poland","url":"https:\/\/naturalpoland.com\/cs\/","logo":{"@type":"ImageObject","inLanguage":"cs","@id":"https:\/\/naturalpoland.com\/cs\/#\/schema\/logo\/image\/","url":"https:\/\/naturalpoland.com\/wp-content\/uploads\/2021\/05\/natural-poland-icon.png","contentUrl":"https:\/\/naturalpoland.com\/wp-content\/uploads\/2021\/05\/natural-poland-icon.png","width":512,"height":512,"caption":"Natural Poland"},"image":{"@id":"https:\/\/naturalpoland.com\/cs\/#\/schema\/logo\/image\/"},"sameAs":["https:\/\/www.facebook.com\/naturalpoland.b2b","https:\/\/pl.linkedin.com\/company\/natural-poland","https:\/\/www.youtube.com\/channel\/UCgeGGkvOMahZo-xu_MSEWxg"]}]}},"_links":{"self":[{"href":"https:\/\/naturalpoland.com\/cs\/wp-json\/wp\/v2\/product\/40772","targetHints":{"allow":["GET"]}}],"collection":[{"href":"https:\/\/naturalpoland.com\/cs\/wp-json\/wp\/v2\/product"}],"about":[{"href":"https:\/\/naturalpoland.com\/cs\/wp-json\/wp\/v2\/types\/product"}],"wp:featuredmedia":[{"embeddable":true,"href":"https:\/\/naturalpoland.com\/cs\/wp-json\/wp\/v2\/media\/40642"}],"wp:attachment":[{"href":"https:\/\/naturalpoland.com\/cs\/wp-json\/wp\/v2\/media?parent=40772"}],"wp:term":[{"taxonomy":"product_brand","embeddable":true,"href":"https:\/\/naturalpoland.com\/cs\/wp-json\/wp\/v2\/product_brand?post=40772"},{"taxonomy":"product_cat","embeddable":true,"href":"https:\/\/naturalpoland.com\/cs\/wp-json\/wp\/v2\/product_cat?post=40772"},{"taxonomy":"product_tag","embeddable":true,"href":"https:\/\/naturalpoland.com\/cs\/wp-json\/wp\/v2\/product_tag?post=40772"}],"curies":[{"name":"wp","href":"https:\/\/api.w.org\/{rel}","templated":true}]}}