{"id":40777,"date":"2025-04-15T10:21:31","date_gmt":"2025-04-16T13:23:03","guid":{"rendered":"https:\/\/naturalpoland.com\/produkty\/neza\u0159azen\u00e9\/vitamin-b6\/"},"modified":"2025-04-16T15:23:03","modified_gmt":"2025-04-16T13:23:03","slug":"vitamin-b6","status":"publish","type":"product","link":"https:\/\/naturalpoland.com\/cs\/produkty\/produkty-pro-farmaceuticky-a-zdravotnicky-prumysl\/vitaminy\/vitamin-b6\/","title":{"rendered":"Vitamin B6"},"content":{"rendered":"<p>Vitamin B6 je ve form\u011b b\u00edl\u00e9ho nebo sv\u011btle \u017elut\u00e9ho krystalick\u00e9ho pr\u00e1\u0161ku charakteristick\u00e9 chuti a v\u016fn\u011b. Na\u0161e surovina obsahuje 99,77 % pyridoxin hydrochloridu, co\u017e ji \u0159ad\u00ed do nejvy\u0161\u0161\u00ed t\u0159\u00eddy kvality podle normy USP38. <\/p>\n<p>Vitamin B6 se pou\u017e\u00edv\u00e1 p\u0159edev\u0161\u00edm p\u0159i v\u00fdrob\u011b dopl\u0148k\u016f stravy &#8211; jednoslo\u017ekov\u00fdch i v\u00edceslo\u017ekov\u00fdch, zejm\u00e9na v p\u0159\u00edpravc\u00edch podporuj\u00edc\u00edch metabolismus, nervov\u00fd syst\u00e9m a psychick\u00e9 funkce. Lze jej tak\u00e9 pou\u017e\u00edt v p\u0159\u00edpravc\u00edch ur\u010den\u00fdch pro fyzicky aktivn\u00ed osoby, t\u011bhotn\u00e9 \u017eeny, seniory a v dopl\u0148c\u00edch podporuj\u00edc\u00edch hormon\u00e1ln\u00ed rovnov\u00e1hu a sn\u00ed\u017een\u00ed \u00fanavy. <\/p>\n<p>D\u00edky velmi n\u00edzk\u00e9mu obsahu vlhkosti (0,12 %) a vysok\u00e9 \u010distot\u011b je tento vitamin dokonale stabiln\u00ed a vhodn\u00fd pro pou\u017eit\u00ed v kapsl\u00edch, tablet\u00e1ch, s\u00e1\u010dc\u00edch a tekut\u00fdch form\u00e1ch.<\/p>\n","protected":false},"excerpt":{"rendered":"<p><strong data-start=\"0\" data-end=\"43\">Vitamin B6 (pyridoxin hydrochlorid<\/strong> ) je \u00fa\u010dinn\u00e1 l\u00e1tka, kter\u00e1 m\u00e1 d\u016fle\u017eitou \u00falohu v metabolismu b\u00edlkovin, tuk\u016f a sacharid\u016f a v \u010dinnosti nervov\u00e9ho a imunitn\u00edho syst\u00e9mu.<\/p>\n","protected":false},"featured_media":40668,"template":"","meta":{"_acf_changed":false},"product_brand":[],"product_cat":[631],"product_tag":[],"class_list":{"0":"post-40777","1":"product","2":"type-product","3":"status-publish","4":"has-post-thumbnail","6":"product_cat-vitaminy","8":"first","9":"instock","10":"shipping-taxable","11":"product-type-simple"},"acf":[],"yoast_head":"<!-- This site is optimized with the Yoast SEO plugin v27.4 - https:\/\/yoast.com\/product\/yoast-seo-wordpress\/ -->\n<title>Vitamin B6 - Velkoobchodn\u00ed distributor<\/title>\n<meta name=\"description\" content=\"Vitamin B6 (pyridoxin hydrochlorid) je \u00fa\u010dinn\u00e1 l\u00e1tka, kter\u00e1 je nezbytn\u00e1 pro spr\u00e1vn\u00e9 fungov\u00e1n\u00ed organismu.\" \/>\n<meta name=\"robots\" content=\"index, follow, max-snippet:-1, max-image-preview:large, max-video-preview:-1\" \/>\n<link rel=\"canonical\" href=\"https:\/\/naturalpoland.com\/cs\/produkty\/produkty-pro-farmaceuticky-a-zdravotnicky-prumysl\/vitaminy\/vitamin-b6\/\" \/>\n<meta property=\"og:locale\" content=\"cs_CZ\" \/>\n<meta property=\"og:type\" content=\"article\" \/>\n<meta property=\"og:title\" content=\"Vitamin B6 - Velkoobchodn\u00ed distributor\" \/>\n<meta property=\"og:description\" content=\"Vitamin B6 (pyridoxin hydrochlorid) je \u00fa\u010dinn\u00e1 l\u00e1tka, kter\u00e1 je nezbytn\u00e1 pro spr\u00e1vn\u00e9 fungov\u00e1n\u00ed organismu.\" \/>\n<meta property=\"og:url\" content=\"https:\/\/naturalpoland.com\/cs\/produkty\/produkty-pro-farmaceuticky-a-zdravotnicky-prumysl\/vitaminy\/vitamin-b6\/\" \/>\n<meta property=\"og:site_name\" content=\"NATURAL POLAND - Velkoobchodn\u00ed distributor surovin\" \/>\n<meta property=\"article:publisher\" content=\"https:\/\/www.facebook.com\/naturalpoland.b2b\" \/>\n<meta property=\"og:image\" content=\"https:\/\/naturalpoland.com\/wp-content\/uploads\/witamina-b6.webp\" \/>\n\t<meta property=\"og:image:width\" content=\"1024\" \/>\n\t<meta property=\"og:image:height\" content=\"1024\" \/>\n\t<meta property=\"og:image:type\" content=\"image\/webp\" \/>\n<script type=\"application\/ld+json\" class=\"yoast-schema-graph\">{\"@context\":\"https:\\\/\\\/schema.org\",\"@graph\":[{\"@type\":\"WebPage\",\"@id\":\"https:\\\/\\\/naturalpoland.com\\\/cs\\\/produkty\\\/produkty-pro-farmaceuticky-a-zdravotnicky-prumysl\\\/vitaminy\\\/vitamin-b6\\\/\",\"url\":\"https:\\\/\\\/naturalpoland.com\\\/cs\\\/produkty\\\/produkty-pro-farmaceuticky-a-zdravotnicky-prumysl\\\/vitaminy\\\/vitamin-b6\\\/\",\"name\":\"Vitamin B6 - Velkoobchodn\u00ed distributor\",\"isPartOf\":{\"@id\":\"https:\\\/\\\/naturalpoland.com\\\/cs\\\/#website\"},\"primaryImageOfPage\":{\"@id\":\"https:\\\/\\\/naturalpoland.com\\\/cs\\\/produkty\\\/produkty-pro-farmaceuticky-a-zdravotnicky-prumysl\\\/vitaminy\\\/vitamin-b6\\\/#primaryimage\"},\"image\":{\"@id\":\"https:\\\/\\\/naturalpoland.com\\\/cs\\\/produkty\\\/produkty-pro-farmaceuticky-a-zdravotnicky-prumysl\\\/vitaminy\\\/vitamin-b6\\\/#primaryimage\"},\"thumbnailUrl\":\"https:\\\/\\\/naturalpoland.com\\\/wp-content\\\/uploads\\\/witamina-b6.webp\",\"datePublished\":\"2025-04-16T13:23:03+00:00\",\"description\":\"Vitamin B6 (pyridoxin hydrochlorid) je \u00fa\u010dinn\u00e1 l\u00e1tka, kter\u00e1 je nezbytn\u00e1 pro spr\u00e1vn\u00e9 fungov\u00e1n\u00ed organismu.\",\"breadcrumb\":{\"@id\":\"https:\\\/\\\/naturalpoland.com\\\/cs\\\/produkty\\\/produkty-pro-farmaceuticky-a-zdravotnicky-prumysl\\\/vitaminy\\\/vitamin-b6\\\/#breadcrumb\"},\"inLanguage\":\"cs\",\"potentialAction\":[{\"@type\":\"ReadAction\",\"target\":[\"https:\\\/\\\/naturalpoland.com\\\/cs\\\/produkty\\\/produkty-pro-farmaceuticky-a-zdravotnicky-prumysl\\\/vitaminy\\\/vitamin-b6\\\/\"]}]},{\"@type\":\"ImageObject\",\"inLanguage\":\"cs\",\"@id\":\"https:\\\/\\\/naturalpoland.com\\\/cs\\\/produkty\\\/produkty-pro-farmaceuticky-a-zdravotnicky-prumysl\\\/vitaminy\\\/vitamin-b6\\\/#primaryimage\",\"url\":\"https:\\\/\\\/naturalpoland.com\\\/wp-content\\\/uploads\\\/witamina-b6.webp\",\"contentUrl\":\"https:\\\/\\\/naturalpoland.com\\\/wp-content\\\/uploads\\\/witamina-b6.webp\",\"width\":1024,\"height\":1024,\"caption\":\"Witamina B6\"},{\"@type\":\"BreadcrumbList\",\"@id\":\"https:\\\/\\\/naturalpoland.com\\\/cs\\\/produkty\\\/produkty-pro-farmaceuticky-a-zdravotnicky-prumysl\\\/vitaminy\\\/vitamin-b6\\\/#breadcrumb\",\"itemListElement\":[{\"@type\":\"ListItem\",\"position\":1,\"name\":\"Dom\u016f\",\"item\":\"https:\\\/\\\/naturalpoland.com\\\/cs\\\/\"},{\"@type\":\"ListItem\",\"position\":2,\"name\":\"Produkty\",\"item\":\"https:\\\/\\\/naturalpoland.com\\\/cs\\\/produkty\\\/\"},{\"@type\":\"ListItem\",\"position\":3,\"name\":\"Vitamin B6\"}]},{\"@type\":\"WebSite\",\"@id\":\"https:\\\/\\\/naturalpoland.com\\\/cs\\\/#website\",\"url\":\"https:\\\/\\\/naturalpoland.com\\\/cs\\\/\",\"name\":\"NATURAL POLAND - Velkoobchodn\u00ed distributor surovin\",\"description\":\"Surowce dla przemys\u0142u spo\u017cywczego, kosmetycznego i farmaceutycznego\",\"publisher\":{\"@id\":\"https:\\\/\\\/naturalpoland.com\\\/cs\\\/#organization\"},\"potentialAction\":[{\"@type\":\"SearchAction\",\"target\":{\"@type\":\"EntryPoint\",\"urlTemplate\":\"https:\\\/\\\/naturalpoland.com\\\/cs\\\/?s={search_term_string}\"},\"query-input\":{\"@type\":\"PropertyValueSpecification\",\"valueRequired\":true,\"valueName\":\"search_term_string\"}}],\"inLanguage\":\"cs\"},{\"@type\":\"Organization\",\"@id\":\"https:\\\/\\\/naturalpoland.com\\\/cs\\\/#organization\",\"name\":\"Natural Poland\",\"url\":\"https:\\\/\\\/naturalpoland.com\\\/cs\\\/\",\"logo\":{\"@type\":\"ImageObject\",\"inLanguage\":\"cs\",\"@id\":\"https:\\\/\\\/naturalpoland.com\\\/cs\\\/#\\\/schema\\\/logo\\\/image\\\/\",\"url\":\"https:\\\/\\\/naturalpoland.com\\\/wp-content\\\/uploads\\\/2021\\\/05\\\/natural-poland-icon.png\",\"contentUrl\":\"https:\\\/\\\/naturalpoland.com\\\/wp-content\\\/uploads\\\/2021\\\/05\\\/natural-poland-icon.png\",\"width\":512,\"height\":512,\"caption\":\"Natural Poland\"},\"image\":{\"@id\":\"https:\\\/\\\/naturalpoland.com\\\/cs\\\/#\\\/schema\\\/logo\\\/image\\\/\"},\"sameAs\":[\"https:\\\/\\\/www.facebook.com\\\/naturalpoland.b2b\",\"https:\\\/\\\/pl.linkedin.com\\\/company\\\/natural-poland\",\"https:\\\/\\\/www.youtube.com\\\/channel\\\/UCgeGGkvOMahZo-xu_MSEWxg\"]}]}<\/script>\n<!-- \/ Yoast SEO plugin. -->","yoast_head_json":{"title":"Vitamin B6 - Velkoobchodn\u00ed distributor","description":"Vitamin B6 (pyridoxin hydrochlorid) je \u00fa\u010dinn\u00e1 l\u00e1tka, kter\u00e1 je nezbytn\u00e1 pro spr\u00e1vn\u00e9 fungov\u00e1n\u00ed organismu.","robots":{"index":"index","follow":"follow","max-snippet":"max-snippet:-1","max-image-preview":"max-image-preview:large","max-video-preview":"max-video-preview:-1"},"canonical":"https:\/\/naturalpoland.com\/cs\/produkty\/produkty-pro-farmaceuticky-a-zdravotnicky-prumysl\/vitaminy\/vitamin-b6\/","og_locale":"cs_CZ","og_type":"article","og_title":"Vitamin B6 - Velkoobchodn\u00ed distributor","og_description":"Vitamin B6 (pyridoxin hydrochlorid) je \u00fa\u010dinn\u00e1 l\u00e1tka, kter\u00e1 je nezbytn\u00e1 pro spr\u00e1vn\u00e9 fungov\u00e1n\u00ed organismu.","og_url":"https:\/\/naturalpoland.com\/cs\/produkty\/produkty-pro-farmaceuticky-a-zdravotnicky-prumysl\/vitaminy\/vitamin-b6\/","og_site_name":"NATURAL POLAND - Velkoobchodn\u00ed distributor surovin","article_publisher":"https:\/\/www.facebook.com\/naturalpoland.b2b","og_image":[{"width":1024,"height":1024,"url":"https:\/\/naturalpoland.com\/wp-content\/uploads\/witamina-b6.webp","type":"image\/webp"}],"schema":{"@context":"https:\/\/schema.org","@graph":[{"@type":"WebPage","@id":"https:\/\/naturalpoland.com\/cs\/produkty\/produkty-pro-farmaceuticky-a-zdravotnicky-prumysl\/vitaminy\/vitamin-b6\/","url":"https:\/\/naturalpoland.com\/cs\/produkty\/produkty-pro-farmaceuticky-a-zdravotnicky-prumysl\/vitaminy\/vitamin-b6\/","name":"Vitamin B6 - Velkoobchodn\u00ed distributor","isPartOf":{"@id":"https:\/\/naturalpoland.com\/cs\/#website"},"primaryImageOfPage":{"@id":"https:\/\/naturalpoland.com\/cs\/produkty\/produkty-pro-farmaceuticky-a-zdravotnicky-prumysl\/vitaminy\/vitamin-b6\/#primaryimage"},"image":{"@id":"https:\/\/naturalpoland.com\/cs\/produkty\/produkty-pro-farmaceuticky-a-zdravotnicky-prumysl\/vitaminy\/vitamin-b6\/#primaryimage"},"thumbnailUrl":"https:\/\/naturalpoland.com\/wp-content\/uploads\/witamina-b6.webp","datePublished":"2025-04-16T13:23:03+00:00","description":"Vitamin B6 (pyridoxin hydrochlorid) je \u00fa\u010dinn\u00e1 l\u00e1tka, kter\u00e1 je nezbytn\u00e1 pro spr\u00e1vn\u00e9 fungov\u00e1n\u00ed organismu.","breadcrumb":{"@id":"https:\/\/naturalpoland.com\/cs\/produkty\/produkty-pro-farmaceuticky-a-zdravotnicky-prumysl\/vitaminy\/vitamin-b6\/#breadcrumb"},"inLanguage":"cs","potentialAction":[{"@type":"ReadAction","target":["https:\/\/naturalpoland.com\/cs\/produkty\/produkty-pro-farmaceuticky-a-zdravotnicky-prumysl\/vitaminy\/vitamin-b6\/"]}]},{"@type":"ImageObject","inLanguage":"cs","@id":"https:\/\/naturalpoland.com\/cs\/produkty\/produkty-pro-farmaceuticky-a-zdravotnicky-prumysl\/vitaminy\/vitamin-b6\/#primaryimage","url":"https:\/\/naturalpoland.com\/wp-content\/uploads\/witamina-b6.webp","contentUrl":"https:\/\/naturalpoland.com\/wp-content\/uploads\/witamina-b6.webp","width":1024,"height":1024,"caption":"Witamina B6"},{"@type":"BreadcrumbList","@id":"https:\/\/naturalpoland.com\/cs\/produkty\/produkty-pro-farmaceuticky-a-zdravotnicky-prumysl\/vitaminy\/vitamin-b6\/#breadcrumb","itemListElement":[{"@type":"ListItem","position":1,"name":"Dom\u016f","item":"https:\/\/naturalpoland.com\/cs\/"},{"@type":"ListItem","position":2,"name":"Produkty","item":"https:\/\/naturalpoland.com\/cs\/produkty\/"},{"@type":"ListItem","position":3,"name":"Vitamin B6"}]},{"@type":"WebSite","@id":"https:\/\/naturalpoland.com\/cs\/#website","url":"https:\/\/naturalpoland.com\/cs\/","name":"NATURAL POLAND - Velkoobchodn\u00ed distributor surovin","description":"Surowce dla przemys\u0142u spo\u017cywczego, kosmetycznego i farmaceutycznego","publisher":{"@id":"https:\/\/naturalpoland.com\/cs\/#organization"},"potentialAction":[{"@type":"SearchAction","target":{"@type":"EntryPoint","urlTemplate":"https:\/\/naturalpoland.com\/cs\/?s={search_term_string}"},"query-input":{"@type":"PropertyValueSpecification","valueRequired":true,"valueName":"search_term_string"}}],"inLanguage":"cs"},{"@type":"Organization","@id":"https:\/\/naturalpoland.com\/cs\/#organization","name":"Natural Poland","url":"https:\/\/naturalpoland.com\/cs\/","logo":{"@type":"ImageObject","inLanguage":"cs","@id":"https:\/\/naturalpoland.com\/cs\/#\/schema\/logo\/image\/","url":"https:\/\/naturalpoland.com\/wp-content\/uploads\/2021\/05\/natural-poland-icon.png","contentUrl":"https:\/\/naturalpoland.com\/wp-content\/uploads\/2021\/05\/natural-poland-icon.png","width":512,"height":512,"caption":"Natural Poland"},"image":{"@id":"https:\/\/naturalpoland.com\/cs\/#\/schema\/logo\/image\/"},"sameAs":["https:\/\/www.facebook.com\/naturalpoland.b2b","https:\/\/pl.linkedin.com\/company\/natural-poland","https:\/\/www.youtube.com\/channel\/UCgeGGkvOMahZo-xu_MSEWxg"]}]}},"_links":{"self":[{"href":"https:\/\/naturalpoland.com\/cs\/wp-json\/wp\/v2\/product\/40777","targetHints":{"allow":["GET"]}}],"collection":[{"href":"https:\/\/naturalpoland.com\/cs\/wp-json\/wp\/v2\/product"}],"about":[{"href":"https:\/\/naturalpoland.com\/cs\/wp-json\/wp\/v2\/types\/product"}],"wp:featuredmedia":[{"embeddable":true,"href":"https:\/\/naturalpoland.com\/cs\/wp-json\/wp\/v2\/media\/40668"}],"wp:attachment":[{"href":"https:\/\/naturalpoland.com\/cs\/wp-json\/wp\/v2\/media?parent=40777"}],"wp:term":[{"taxonomy":"product_brand","embeddable":true,"href":"https:\/\/naturalpoland.com\/cs\/wp-json\/wp\/v2\/product_brand?post=40777"},{"taxonomy":"product_cat","embeddable":true,"href":"https:\/\/naturalpoland.com\/cs\/wp-json\/wp\/v2\/product_cat?post=40777"},{"taxonomy":"product_tag","embeddable":true,"href":"https:\/\/naturalpoland.com\/cs\/wp-json\/wp\/v2\/product_tag?post=40777"}],"curies":[{"name":"wp","href":"https:\/\/api.w.org\/{rel}","templated":true}]}}