{"id":40874,"date":"2025-04-22T15:57:22","date_gmt":"2025-04-24T08:29:53","guid":{"rendered":"https:\/\/naturalpoland.com\/produkty\/neza\u0159azen\u00e9\/jablecne-aroma\/"},"modified":"2025-04-24T10:29:53","modified_gmt":"2025-04-24T08:29:53","slug":"jablecne-aroma","status":"publish","type":"product","link":"https:\/\/naturalpoland.com\/cs\/produkty\/produkty-pro-potravinarsky-prumysl\/aroma\/ovocna-aroma\/jablecne-aroma\/","title":{"rendered":"Jable\u010dn\u00e9 aroma"},"content":{"rendered":"<p>V nab\u00eddce jsou jak tekut\u00e9, tak pr\u00e1\u0161kov\u00e9 varianty, kter\u00e9 se li\u0161\u00ed senzorick\u00fdm profilem a nosi\u010dem:<\/p>\n<h2>Tekut\u00e9 jable\u010dn\u00e9 p\u0159\u00edchut\u011b:<\/h2>\n<p class=\"\" data-start=\"497\" data-end=\"1000\">Mezi <strong data-start=\"503\" data-end=\"557\">tekut\u00fdmi jable\u010dn\u00fdmi p\u0159\u00edchut\u011bmi na glykolov\u00e9m nosi\u010di<\/strong> vynik\u00e1 n\u011bkolik jedine\u010dn\u00fdch profil\u016f. Klasick\u00e9 <strong data-start=\"607\" data-end=\"626\">sladk\u00e9 jablko<\/strong> zachycuje p\u0159irozenou \u0161\u0165avnatou chu\u0165 zral\u00e9ho jablka a je ide\u00e1ln\u00ed pro pou\u017eit\u00ed v n\u00e1pln\u00edch, dortech, su\u0161enk\u00e1ch, \u017eel\u00e9 nebo ovocn\u00fdch ty\u010dink\u00e1ch. Verze <strong data-start=\"783\" data-end=\"803\">zelen\u00e9ho jablka<\/strong> nab\u00edz\u00ed v\u00fdrazn\u00fd, sladkokysel\u00fd, sv\u011b\u017e\u00ed profil s n\u00e1dechem k\u016fry a v\u00fdrazn\u00fdm &#8222;k\u0159upav\u00fdm&#8220; akcentem &#8211; vynikaj\u00edc\u00ed volba pro n\u00e1poje, \u017ev\u00fdka\u010dky, bonbony a osv\u011b\u017euj\u00edc\u00ed dezerty.  <\/p>\n<p class=\"\" data-start=\"1002\" data-end=\"1316\">Pro v\u00fdrobce dezert\u016f a pe\u010diva doporu\u010dujeme <strong data-start=\"1064\" data-end=\"1091\">p\u0159\u00edchu\u0165 pe\u010den\u00fdch jablek<\/strong>, kter\u00e1 dokonale vystihuje charakter ko\u0159en\u011bn\u00e9ho pe\u010den\u00e9ho jablka &#8211; s jemn\u00fdm n\u00e1dechem karamelizace a h\u0159ejiv\u00fdm t\u00f3nem p\u0159ipom\u00ednaj\u00edc\u00edm klasick\u00fd jable\u010dn\u00fd kol\u00e1\u010d. Tato p\u0159\u00edchu\u0165 je vynikaj\u00edc\u00ed pro kol\u00e1\u010de, k\u0159ehk\u00e9 pe\u010divo a ml\u00e9\u010dn\u00e9 dezerty. <\/p>\n<p class=\"\" data-start=\"1318\" data-end=\"1592\">K dispozici je tak\u00e9 <strong data-start=\"1345\" data-end=\"1370\">jable\u010dn\u00e1<\/strong> verze s <strong data-start=\"1345\" data-end=\"1370\">n\u00e1dechem hru\u0161ky<\/strong>, kter\u00e1 kombinuje jable\u010dnou \u0161\u0165avnatost s lehce medov\u00fdm, kr\u00e9mov\u00fdm hru\u0161kov\u00fdm pozad\u00edm. Tato varianta se dob\u0159e kombinuje s cukrovinkami, jogurty a ml\u00e9\u010dn\u00fdmi koktejly, kter\u00fdm dod\u00e1v\u00e1 jemn\u011bj\u0161\u00ed, dezertn\u00ed charakter. <\/p>\n<h2 data-start=\"1318\" data-end=\"1592\">Pr\u00e1\u0161kov\u00e9 jable\u010dn\u00e9 p\u0159\u00edchut\u011b:<\/h2>\n<p class=\"\" data-start=\"1594\" data-end=\"1994\">Mezi <strong data-start=\"1600\" data-end=\"1635\">p\u0159\u00edchut\u011bmi jablek v pr\u00e1\u0161ku<\/strong> najdete klasick\u00fd <strong data-start=\"1667\" data-end=\"1687\">sladk\u00fd jable\u010dn\u00fd<\/strong> profil pro instantn\u00ed v\u00fdrobky, n\u00e1pln\u011b, ka\u0161e, m\u00fcsli a dopl\u0148ky stravy. Verze s <strong data-start=\"1775\" data-end=\"1797\">jablky a sko\u0159ic\u00ed<\/strong> dokonale kop\u00edruje chu\u0165 dom\u00e1c\u00edho kompotu nebo jable\u010dn\u00e9ho pe\u010diva &#8211; s vyv\u00e1\u017een\u00fdmi, p\u0159\u00edrodn\u00edmi t\u00f3ny sko\u0159ice a jablek. Tato varianta se dob\u0159e hod\u00ed k sez\u00f3nn\u00edm potravin\u00e1m a n\u00e1poj\u016fm.  <\/p>\n<p class=\"\" data-start=\"1996\" data-end=\"2275\">K dispozici je tak\u00e9 <strong data-start=\"2016\" data-end=\"2053\">pr\u00e1\u0161ek s p\u0159\u00edchut\u00ed zelen\u00e9ho jablka<\/strong> s v\u00fdrazn\u011b kysel\u00fdm a sv\u011b\u017e\u00edm profilem, kter\u00fd lze pou\u017e\u00edt do pastilky, funk\u010dn\u00edch n\u00e1poj\u016f nebo \u0161umiv\u00fdch n\u00e1poj\u016f. Charakteristick\u00fd t\u00f3n &#8222;zelen\u00e9ho jablka&#8220; dod\u00e1v\u00e1 v\u00fdrobk\u016fm energick\u00fd a mladistv\u00fd charakter. <\/p>\n","protected":false},"excerpt":{"rendered":"<p><strong>Jable\u010dn\u00e1 p\u0159\u00edchu\u0165<\/strong> je jednou z nejrozmanit\u011bj\u0161\u00edch ovocn\u00fdch p\u0159\u00edchut\u00ed dostupn\u00fdch na trhu, tak\u017ee se snadno p\u0159izp\u016fsobuje charakteru v\u00fdrobku.<\/p>\n","protected":false},"featured_media":40830,"template":"","meta":{"_acf_changed":false},"product_brand":[],"product_cat":[7586],"product_tag":[],"class_list":{"0":"post-40874","1":"product","2":"type-product","3":"status-publish","4":"has-post-thumbnail","6":"product_cat-ovocna-aroma","8":"first","9":"instock","10":"shipping-taxable","11":"product-type-simple"},"acf":[],"yoast_head":"<!-- This site is optimized with the Yoast SEO plugin v27.5 - https:\/\/yoast.com\/product\/yoast-seo-wordpress\/ -->\n<title>Jable\u010dn\u00e9 aroma - Velkoobchodn\u00ed distributor<\/title>\n<meta name=\"description\" content=\"Jable\u010dn\u00e1 p\u0159\u00edchu\u0165 je jednou z nejrozmanit\u011bj\u0161\u00edch ovocn\u00fdch p\u0159\u00edchut\u00ed dostupn\u00fdch na trhu, tak\u017ee se snadno p\u0159izp\u016fsobuje povaze v\u00fdrobku.\" \/>\n<meta name=\"robots\" content=\"index, follow, max-snippet:-1, max-image-preview:large, max-video-preview:-1\" \/>\n<link rel=\"canonical\" href=\"https:\/\/naturalpoland.com\/cs\/produkty\/produkty-pro-potravinarsky-prumysl\/aroma\/ovocna-aroma\/jablecne-aroma\/\" \/>\n<meta property=\"og:locale\" content=\"cs_CZ\" \/>\n<meta property=\"og:type\" content=\"article\" \/>\n<meta property=\"og:title\" content=\"Jable\u010dn\u00e9 aroma - Velkoobchodn\u00ed distributor\" \/>\n<meta property=\"og:description\" content=\"Jable\u010dn\u00e1 p\u0159\u00edchu\u0165 je jednou z nejrozmanit\u011bj\u0161\u00edch ovocn\u00fdch p\u0159\u00edchut\u00ed dostupn\u00fdch na trhu, tak\u017ee se snadno p\u0159izp\u016fsobuje povaze v\u00fdrobku.\" \/>\n<meta property=\"og:url\" content=\"https:\/\/naturalpoland.com\/cs\/produkty\/produkty-pro-potravinarsky-prumysl\/aroma\/ovocna-aroma\/jablecne-aroma\/\" \/>\n<meta property=\"og:site_name\" content=\"NATURAL POLAND - Velkoobchodn\u00ed distributor surovin\" \/>\n<meta property=\"article:publisher\" content=\"https:\/\/www.facebook.com\/naturalpoland.b2b\" \/>\n<meta property=\"og:image\" content=\"https:\/\/naturalpoland.com\/wp-content\/uploads\/aromat-jablkowy.webp\" \/>\n\t<meta property=\"og:image:width\" content=\"1024\" \/>\n\t<meta property=\"og:image:height\" content=\"1024\" \/>\n\t<meta property=\"og:image:type\" content=\"image\/webp\" \/>\n<script type=\"application\/ld+json\" class=\"yoast-schema-graph\">{\"@context\":\"https:\\\/\\\/schema.org\",\"@graph\":[{\"@type\":\"WebPage\",\"@id\":\"https:\\\/\\\/naturalpoland.com\\\/cs\\\/produkty\\\/produkty-pro-potravinarsky-prumysl\\\/aroma\\\/ovocna-aroma\\\/jablecne-aroma\\\/\",\"url\":\"https:\\\/\\\/naturalpoland.com\\\/cs\\\/produkty\\\/produkty-pro-potravinarsky-prumysl\\\/aroma\\\/ovocna-aroma\\\/jablecne-aroma\\\/\",\"name\":\"Jable\u010dn\u00e9 aroma - Velkoobchodn\u00ed distributor\",\"isPartOf\":{\"@id\":\"https:\\\/\\\/naturalpoland.com\\\/cs\\\/#website\"},\"primaryImageOfPage\":{\"@id\":\"https:\\\/\\\/naturalpoland.com\\\/cs\\\/produkty\\\/produkty-pro-potravinarsky-prumysl\\\/aroma\\\/ovocna-aroma\\\/jablecne-aroma\\\/#primaryimage\"},\"image\":{\"@id\":\"https:\\\/\\\/naturalpoland.com\\\/cs\\\/produkty\\\/produkty-pro-potravinarsky-prumysl\\\/aroma\\\/ovocna-aroma\\\/jablecne-aroma\\\/#primaryimage\"},\"thumbnailUrl\":\"https:\\\/\\\/naturalpoland.com\\\/wp-content\\\/uploads\\\/aromat-jablkowy.webp\",\"datePublished\":\"2025-04-24T08:29:53+00:00\",\"description\":\"Jable\u010dn\u00e1 p\u0159\u00edchu\u0165 je jednou z nejrozmanit\u011bj\u0161\u00edch ovocn\u00fdch p\u0159\u00edchut\u00ed dostupn\u00fdch na trhu, tak\u017ee se snadno p\u0159izp\u016fsobuje povaze v\u00fdrobku.\",\"breadcrumb\":{\"@id\":\"https:\\\/\\\/naturalpoland.com\\\/cs\\\/produkty\\\/produkty-pro-potravinarsky-prumysl\\\/aroma\\\/ovocna-aroma\\\/jablecne-aroma\\\/#breadcrumb\"},\"inLanguage\":\"cs\",\"potentialAction\":[{\"@type\":\"ReadAction\",\"target\":[\"https:\\\/\\\/naturalpoland.com\\\/cs\\\/produkty\\\/produkty-pro-potravinarsky-prumysl\\\/aroma\\\/ovocna-aroma\\\/jablecne-aroma\\\/\"]}]},{\"@type\":\"ImageObject\",\"inLanguage\":\"cs\",\"@id\":\"https:\\\/\\\/naturalpoland.com\\\/cs\\\/produkty\\\/produkty-pro-potravinarsky-prumysl\\\/aroma\\\/ovocna-aroma\\\/jablecne-aroma\\\/#primaryimage\",\"url\":\"https:\\\/\\\/naturalpoland.com\\\/wp-content\\\/uploads\\\/aromat-jablkowy.webp\",\"contentUrl\":\"https:\\\/\\\/naturalpoland.com\\\/wp-content\\\/uploads\\\/aromat-jablkowy.webp\",\"width\":1024,\"height\":1024,\"caption\":\"aromat jab\u0142kowy\"},{\"@type\":\"BreadcrumbList\",\"@id\":\"https:\\\/\\\/naturalpoland.com\\\/cs\\\/produkty\\\/produkty-pro-potravinarsky-prumysl\\\/aroma\\\/ovocna-aroma\\\/jablecne-aroma\\\/#breadcrumb\",\"itemListElement\":[{\"@type\":\"ListItem\",\"position\":1,\"name\":\"Dom\u016f\",\"item\":\"https:\\\/\\\/naturalpoland.com\\\/cs\\\/\"},{\"@type\":\"ListItem\",\"position\":2,\"name\":\"Produkty\",\"item\":\"https:\\\/\\\/naturalpoland.com\\\/cs\\\/produkty\\\/\"},{\"@type\":\"ListItem\",\"position\":3,\"name\":\"Jable\u010dn\u00e9 aroma\"}]},{\"@type\":\"WebSite\",\"@id\":\"https:\\\/\\\/naturalpoland.com\\\/cs\\\/#website\",\"url\":\"https:\\\/\\\/naturalpoland.com\\\/cs\\\/\",\"name\":\"NATURAL POLAND - Velkoobchodn\u00ed distributor surovin\",\"description\":\"Surowce dla przemys\u0142u spo\u017cywczego, kosmetycznego i farmaceutycznego\",\"publisher\":{\"@id\":\"https:\\\/\\\/naturalpoland.com\\\/cs\\\/#organization\"},\"potentialAction\":[{\"@type\":\"SearchAction\",\"target\":{\"@type\":\"EntryPoint\",\"urlTemplate\":\"https:\\\/\\\/naturalpoland.com\\\/cs\\\/?s={search_term_string}\"},\"query-input\":{\"@type\":\"PropertyValueSpecification\",\"valueRequired\":true,\"valueName\":\"search_term_string\"}}],\"inLanguage\":\"cs\"},{\"@type\":\"Organization\",\"@id\":\"https:\\\/\\\/naturalpoland.com\\\/cs\\\/#organization\",\"name\":\"Natural Poland\",\"url\":\"https:\\\/\\\/naturalpoland.com\\\/cs\\\/\",\"logo\":{\"@type\":\"ImageObject\",\"inLanguage\":\"cs\",\"@id\":\"https:\\\/\\\/naturalpoland.com\\\/cs\\\/#\\\/schema\\\/logo\\\/image\\\/\",\"url\":\"https:\\\/\\\/naturalpoland.com\\\/wp-content\\\/uploads\\\/2021\\\/05\\\/natural-poland-icon.png\",\"contentUrl\":\"https:\\\/\\\/naturalpoland.com\\\/wp-content\\\/uploads\\\/2021\\\/05\\\/natural-poland-icon.png\",\"width\":512,\"height\":512,\"caption\":\"Natural Poland\"},\"image\":{\"@id\":\"https:\\\/\\\/naturalpoland.com\\\/cs\\\/#\\\/schema\\\/logo\\\/image\\\/\"},\"sameAs\":[\"https:\\\/\\\/www.facebook.com\\\/naturalpoland.b2b\",\"https:\\\/\\\/pl.linkedin.com\\\/company\\\/natural-poland\",\"https:\\\/\\\/www.youtube.com\\\/channel\\\/UCgeGGkvOMahZo-xu_MSEWxg\"]}]}<\/script>\n<!-- \/ Yoast SEO plugin. -->","yoast_head_json":{"title":"Jable\u010dn\u00e9 aroma - Velkoobchodn\u00ed distributor","description":"Jable\u010dn\u00e1 p\u0159\u00edchu\u0165 je jednou z nejrozmanit\u011bj\u0161\u00edch ovocn\u00fdch p\u0159\u00edchut\u00ed dostupn\u00fdch na trhu, tak\u017ee se snadno p\u0159izp\u016fsobuje povaze v\u00fdrobku.","robots":{"index":"index","follow":"follow","max-snippet":"max-snippet:-1","max-image-preview":"max-image-preview:large","max-video-preview":"max-video-preview:-1"},"canonical":"https:\/\/naturalpoland.com\/cs\/produkty\/produkty-pro-potravinarsky-prumysl\/aroma\/ovocna-aroma\/jablecne-aroma\/","og_locale":"cs_CZ","og_type":"article","og_title":"Jable\u010dn\u00e9 aroma - Velkoobchodn\u00ed distributor","og_description":"Jable\u010dn\u00e1 p\u0159\u00edchu\u0165 je jednou z nejrozmanit\u011bj\u0161\u00edch ovocn\u00fdch p\u0159\u00edchut\u00ed dostupn\u00fdch na trhu, tak\u017ee se snadno p\u0159izp\u016fsobuje povaze v\u00fdrobku.","og_url":"https:\/\/naturalpoland.com\/cs\/produkty\/produkty-pro-potravinarsky-prumysl\/aroma\/ovocna-aroma\/jablecne-aroma\/","og_site_name":"NATURAL POLAND - Velkoobchodn\u00ed distributor surovin","article_publisher":"https:\/\/www.facebook.com\/naturalpoland.b2b","og_image":[{"width":1024,"height":1024,"url":"https:\/\/naturalpoland.com\/wp-content\/uploads\/aromat-jablkowy.webp","type":"image\/webp"}],"schema":{"@context":"https:\/\/schema.org","@graph":[{"@type":"WebPage","@id":"https:\/\/naturalpoland.com\/cs\/produkty\/produkty-pro-potravinarsky-prumysl\/aroma\/ovocna-aroma\/jablecne-aroma\/","url":"https:\/\/naturalpoland.com\/cs\/produkty\/produkty-pro-potravinarsky-prumysl\/aroma\/ovocna-aroma\/jablecne-aroma\/","name":"Jable\u010dn\u00e9 aroma - Velkoobchodn\u00ed distributor","isPartOf":{"@id":"https:\/\/naturalpoland.com\/cs\/#website"},"primaryImageOfPage":{"@id":"https:\/\/naturalpoland.com\/cs\/produkty\/produkty-pro-potravinarsky-prumysl\/aroma\/ovocna-aroma\/jablecne-aroma\/#primaryimage"},"image":{"@id":"https:\/\/naturalpoland.com\/cs\/produkty\/produkty-pro-potravinarsky-prumysl\/aroma\/ovocna-aroma\/jablecne-aroma\/#primaryimage"},"thumbnailUrl":"https:\/\/naturalpoland.com\/wp-content\/uploads\/aromat-jablkowy.webp","datePublished":"2025-04-24T08:29:53+00:00","description":"Jable\u010dn\u00e1 p\u0159\u00edchu\u0165 je jednou z nejrozmanit\u011bj\u0161\u00edch ovocn\u00fdch p\u0159\u00edchut\u00ed dostupn\u00fdch na trhu, tak\u017ee se snadno p\u0159izp\u016fsobuje povaze v\u00fdrobku.","breadcrumb":{"@id":"https:\/\/naturalpoland.com\/cs\/produkty\/produkty-pro-potravinarsky-prumysl\/aroma\/ovocna-aroma\/jablecne-aroma\/#breadcrumb"},"inLanguage":"cs","potentialAction":[{"@type":"ReadAction","target":["https:\/\/naturalpoland.com\/cs\/produkty\/produkty-pro-potravinarsky-prumysl\/aroma\/ovocna-aroma\/jablecne-aroma\/"]}]},{"@type":"ImageObject","inLanguage":"cs","@id":"https:\/\/naturalpoland.com\/cs\/produkty\/produkty-pro-potravinarsky-prumysl\/aroma\/ovocna-aroma\/jablecne-aroma\/#primaryimage","url":"https:\/\/naturalpoland.com\/wp-content\/uploads\/aromat-jablkowy.webp","contentUrl":"https:\/\/naturalpoland.com\/wp-content\/uploads\/aromat-jablkowy.webp","width":1024,"height":1024,"caption":"aromat jab\u0142kowy"},{"@type":"BreadcrumbList","@id":"https:\/\/naturalpoland.com\/cs\/produkty\/produkty-pro-potravinarsky-prumysl\/aroma\/ovocna-aroma\/jablecne-aroma\/#breadcrumb","itemListElement":[{"@type":"ListItem","position":1,"name":"Dom\u016f","item":"https:\/\/naturalpoland.com\/cs\/"},{"@type":"ListItem","position":2,"name":"Produkty","item":"https:\/\/naturalpoland.com\/cs\/produkty\/"},{"@type":"ListItem","position":3,"name":"Jable\u010dn\u00e9 aroma"}]},{"@type":"WebSite","@id":"https:\/\/naturalpoland.com\/cs\/#website","url":"https:\/\/naturalpoland.com\/cs\/","name":"NATURAL POLAND - Velkoobchodn\u00ed distributor surovin","description":"Surowce dla przemys\u0142u spo\u017cywczego, kosmetycznego i farmaceutycznego","publisher":{"@id":"https:\/\/naturalpoland.com\/cs\/#organization"},"potentialAction":[{"@type":"SearchAction","target":{"@type":"EntryPoint","urlTemplate":"https:\/\/naturalpoland.com\/cs\/?s={search_term_string}"},"query-input":{"@type":"PropertyValueSpecification","valueRequired":true,"valueName":"search_term_string"}}],"inLanguage":"cs"},{"@type":"Organization","@id":"https:\/\/naturalpoland.com\/cs\/#organization","name":"Natural Poland","url":"https:\/\/naturalpoland.com\/cs\/","logo":{"@type":"ImageObject","inLanguage":"cs","@id":"https:\/\/naturalpoland.com\/cs\/#\/schema\/logo\/image\/","url":"https:\/\/naturalpoland.com\/wp-content\/uploads\/2021\/05\/natural-poland-icon.png","contentUrl":"https:\/\/naturalpoland.com\/wp-content\/uploads\/2021\/05\/natural-poland-icon.png","width":512,"height":512,"caption":"Natural Poland"},"image":{"@id":"https:\/\/naturalpoland.com\/cs\/#\/schema\/logo\/image\/"},"sameAs":["https:\/\/www.facebook.com\/naturalpoland.b2b","https:\/\/pl.linkedin.com\/company\/natural-poland","https:\/\/www.youtube.com\/channel\/UCgeGGkvOMahZo-xu_MSEWxg"]}]}},"_links":{"self":[{"href":"https:\/\/naturalpoland.com\/cs\/wp-json\/wp\/v2\/product\/40874","targetHints":{"allow":["GET"]}}],"collection":[{"href":"https:\/\/naturalpoland.com\/cs\/wp-json\/wp\/v2\/product"}],"about":[{"href":"https:\/\/naturalpoland.com\/cs\/wp-json\/wp\/v2\/types\/product"}],"wp:featuredmedia":[{"embeddable":true,"href":"https:\/\/naturalpoland.com\/cs\/wp-json\/wp\/v2\/media\/40830"}],"wp:attachment":[{"href":"https:\/\/naturalpoland.com\/cs\/wp-json\/wp\/v2\/media?parent=40874"}],"wp:term":[{"taxonomy":"product_brand","embeddable":true,"href":"https:\/\/naturalpoland.com\/cs\/wp-json\/wp\/v2\/product_brand?post=40874"},{"taxonomy":"product_cat","embeddable":true,"href":"https:\/\/naturalpoland.com\/cs\/wp-json\/wp\/v2\/product_cat?post=40874"},{"taxonomy":"product_tag","embeddable":true,"href":"https:\/\/naturalpoland.com\/cs\/wp-json\/wp\/v2\/product_tag?post=40874"}],"curies":[{"name":"wp","href":"https:\/\/api.w.org\/{rel}","templated":true}]}}