{"id":40883,"date":"2025-04-22T16:10:19","date_gmt":"2025-04-22T14:10:19","guid":{"rendered":"https:\/\/naturalpoland.com\/produkty\/neza\u0159azen\u00e9\/vune-piva\/"},"modified":"2025-04-24T10:30:03","modified_gmt":"2025-04-24T08:30:03","slug":"vune-piva","status":"publish","type":"product","link":"https:\/\/naturalpoland.com\/cs\/produkty\/produkty-pro-potravinarsky-prumysl\/aroma\/alkoholove-aroma\/vune-piva\/","title":{"rendered":"V\u016fn\u011b piva"},"content":{"rendered":"<p class=\"\" data-start=\"371\" data-end=\"970\">Toto aroma je obvykle v <strong data-start=\"406\" data-end=\"424\">kapaln\u00e9 form\u011b<\/strong> na glykolov\u00e9m nosi\u010di a m\u016f\u017ee se pou\u017e\u00edvat v potravin\u00e1\u0159sk\u00e9m i kosmetick\u00e9m pr\u016fmyslu. V potravin\u00e1\u0159stv\u00ed nach\u00e1z\u00ed uplatn\u011bn\u00ed nap\u0159\u00edklad p\u0159i v\u00fdrob\u011b sladov\u00fdch nealkoholick\u00fdch n\u00e1poj\u016f, cukrovinek s neobvykl\u00fdmi pivn\u00edmi t\u00f3ny, ale i v pochutin\u00e1ch a instantn\u00edch pokrmech, kter\u00fdm dod\u00e1v\u00e1 origin\u00e1ln\u00ed suchou chu\u0165.  <\/p>\n<p class=\"\" data-start=\"371\" data-end=\"970\"><strong>V kosmetick\u00e9m pr\u016fmyslu<\/strong> se pou\u017e\u00edv\u00e1 jako zaj\u00edmav\u00fd vonn\u00fd dopln\u011bk v p\u00e1nsk\u00fdch produktov\u00fdch \u0159ad\u00e1ch &#8211; sprchov\u00fdch gelech, \u0161amponech nebo ple\u0165ov\u00fdch vod\u00e1ch &#8211; kde bud\u00ed asociace s p\u0159irozenost\u00ed, \u0159emeslnou kvalitou a sv\u011b\u017eest\u00ed.<\/p>\n<p class=\"\" data-start=\"972\" data-end=\"1363\">Pivn\u00ed aroma je odoln\u00e9 v\u016f\u010di vysok\u00fdm teplot\u00e1m, a proto m\u016f\u017ee b\u00fdt pou\u017eito v procesech, kter\u00e9 vy\u017eaduj\u00ed tepeln\u00e9 zpracov\u00e1n\u00ed. Vynik\u00e1 dobrou stabilitou a vynikaj\u00edc\u00edm zastoupen\u00edm typick\u00fdch pivn\u00edch p\u0159\u00edzvuk\u016f &#8211; bez alkoholu a bez kva\u0161en\u00ed. Lze ji pou\u017e\u00edt i ve v\u00fdrobc\u00edch ur\u010den\u00fdch pro vegany a osoby vyh\u00fdbaj\u00edc\u00ed se alkoholu, kde pln\u00ed pouze funkci aroma a chuti.  <\/p>\n","protected":false},"excerpt":{"rendered":"<p><strong data-start=\"0\" data-end=\"16\">V\u016fn\u011b piva<\/strong> je inspirov\u00e1na smyslov\u00fdm profilem sv\u011btl\u00e9ho kva\u0161en\u00e9ho piva. V z\u00e1vislosti na variant\u011b m\u016f\u017ee obsahovat sladov\u00e9 t\u00f3ny, m\u00edrn\u011b chmelov\u00e9, m\u00edrn\u011b ho\u0159k\u00e9 nebo s v\u00fdrazn\u00fdm kvasnicov\u00fdm n\u00e1dechem. \u010casto se objevuje tak\u00e9 jemn\u00e1 sladkost je\u010dn\u00e9ho sladu, kter\u00e1 dod\u00e1v\u00e1 celkov\u00e9mu z\u00e1\u017eitku hloubku a p\u0159irozenost.  <\/p>\n","protected":false},"featured_media":40843,"template":"","meta":{"_acf_changed":false},"product_brand":[],"product_cat":[7764],"product_tag":[],"class_list":{"0":"post-40883","1":"product","2":"type-product","3":"status-publish","4":"has-post-thumbnail","6":"product_cat-alkoholove-aroma","8":"first","9":"instock","10":"shipping-taxable","11":"product-type-simple"},"acf":[],"yoast_head":"<!-- This site is optimized with the Yoast SEO plugin v27.4 - https:\/\/yoast.com\/product\/yoast-seo-wordpress\/ -->\n<title>V\u016fn\u011b piva - Velkoobchodn\u00ed distributor<\/title>\n<meta name=\"description\" content=\"Pivn\u00ed aroma je odoln\u00e9 v\u016f\u010di vysok\u00fdm teplot\u00e1m, a proto se m\u016f\u017ee pou\u017e\u00edvat v procesech, kter\u00e9 vy\u017eaduj\u00ed tepeln\u00e9 zpracov\u00e1n\u00ed. Vyzna\u010duje se dobrou stabilitou\" \/>\n<meta name=\"robots\" content=\"index, follow, max-snippet:-1, max-image-preview:large, max-video-preview:-1\" \/>\n<link rel=\"canonical\" href=\"https:\/\/naturalpoland.com\/cs\/produkty\/produkty-pro-potravinarsky-prumysl\/aroma\/alkoholove-aroma\/vune-piva\/\" \/>\n<meta property=\"og:locale\" content=\"cs_CZ\" \/>\n<meta property=\"og:type\" content=\"article\" \/>\n<meta property=\"og:title\" content=\"V\u016fn\u011b piva - Velkoobchodn\u00ed distributor\" \/>\n<meta property=\"og:description\" content=\"Pivn\u00ed aroma je odoln\u00e9 v\u016f\u010di vysok\u00fdm teplot\u00e1m, a proto se m\u016f\u017ee pou\u017e\u00edvat v procesech, kter\u00e9 vy\u017eaduj\u00ed tepeln\u00e9 zpracov\u00e1n\u00ed. Vyzna\u010duje se dobrou stabilitou\" \/>\n<meta property=\"og:url\" content=\"https:\/\/naturalpoland.com\/cs\/produkty\/produkty-pro-potravinarsky-prumysl\/aroma\/alkoholove-aroma\/vune-piva\/\" \/>\n<meta property=\"og:site_name\" content=\"NATURAL POLAND - Velkoobchodn\u00ed distributor surovin\" \/>\n<meta property=\"article:publisher\" content=\"https:\/\/www.facebook.com\/naturalpoland.b2b\" \/>\n<meta property=\"article:modified_time\" content=\"2025-04-24T08:30:03+00:00\" \/>\n<meta property=\"og:image\" content=\"https:\/\/naturalpoland.com\/wp-content\/uploads\/aromat-piwa.webp\" \/>\n\t<meta property=\"og:image:width\" content=\"1024\" \/>\n\t<meta property=\"og:image:height\" content=\"1024\" \/>\n\t<meta property=\"og:image:type\" content=\"image\/webp\" \/>\n<script type=\"application\/ld+json\" class=\"yoast-schema-graph\">{\"@context\":\"https:\\\/\\\/schema.org\",\"@graph\":[{\"@type\":\"WebPage\",\"@id\":\"https:\\\/\\\/naturalpoland.com\\\/cs\\\/produkty\\\/produkty-pro-potravinarsky-prumysl\\\/aroma\\\/alkoholove-aroma\\\/vune-piva\\\/\",\"url\":\"https:\\\/\\\/naturalpoland.com\\\/cs\\\/produkty\\\/produkty-pro-potravinarsky-prumysl\\\/aroma\\\/alkoholove-aroma\\\/vune-piva\\\/\",\"name\":\"V\u016fn\u011b piva - Velkoobchodn\u00ed distributor\",\"isPartOf\":{\"@id\":\"https:\\\/\\\/naturalpoland.com\\\/cs\\\/#website\"},\"primaryImageOfPage\":{\"@id\":\"https:\\\/\\\/naturalpoland.com\\\/cs\\\/produkty\\\/produkty-pro-potravinarsky-prumysl\\\/aroma\\\/alkoholove-aroma\\\/vune-piva\\\/#primaryimage\"},\"image\":{\"@id\":\"https:\\\/\\\/naturalpoland.com\\\/cs\\\/produkty\\\/produkty-pro-potravinarsky-prumysl\\\/aroma\\\/alkoholove-aroma\\\/vune-piva\\\/#primaryimage\"},\"thumbnailUrl\":\"https:\\\/\\\/naturalpoland.com\\\/wp-content\\\/uploads\\\/aromat-piwa.webp\",\"datePublished\":\"2025-04-22T14:10:19+00:00\",\"dateModified\":\"2025-04-24T08:30:03+00:00\",\"description\":\"Pivn\u00ed aroma je odoln\u00e9 v\u016f\u010di vysok\u00fdm teplot\u00e1m, a proto se m\u016f\u017ee pou\u017e\u00edvat v procesech, kter\u00e9 vy\u017eaduj\u00ed tepeln\u00e9 zpracov\u00e1n\u00ed. Vyzna\u010duje se dobrou stabilitou\",\"breadcrumb\":{\"@id\":\"https:\\\/\\\/naturalpoland.com\\\/cs\\\/produkty\\\/produkty-pro-potravinarsky-prumysl\\\/aroma\\\/alkoholove-aroma\\\/vune-piva\\\/#breadcrumb\"},\"inLanguage\":\"cs\",\"potentialAction\":[{\"@type\":\"ReadAction\",\"target\":[\"https:\\\/\\\/naturalpoland.com\\\/cs\\\/produkty\\\/produkty-pro-potravinarsky-prumysl\\\/aroma\\\/alkoholove-aroma\\\/vune-piva\\\/\"]}]},{\"@type\":\"ImageObject\",\"inLanguage\":\"cs\",\"@id\":\"https:\\\/\\\/naturalpoland.com\\\/cs\\\/produkty\\\/produkty-pro-potravinarsky-prumysl\\\/aroma\\\/alkoholove-aroma\\\/vune-piva\\\/#primaryimage\",\"url\":\"https:\\\/\\\/naturalpoland.com\\\/wp-content\\\/uploads\\\/aromat-piwa.webp\",\"contentUrl\":\"https:\\\/\\\/naturalpoland.com\\\/wp-content\\\/uploads\\\/aromat-piwa.webp\",\"width\":1024,\"height\":1024,\"caption\":\"aromat piwny\"},{\"@type\":\"BreadcrumbList\",\"@id\":\"https:\\\/\\\/naturalpoland.com\\\/cs\\\/produkty\\\/produkty-pro-potravinarsky-prumysl\\\/aroma\\\/alkoholove-aroma\\\/vune-piva\\\/#breadcrumb\",\"itemListElement\":[{\"@type\":\"ListItem\",\"position\":1,\"name\":\"Dom\u016f\",\"item\":\"https:\\\/\\\/naturalpoland.com\\\/cs\\\/\"},{\"@type\":\"ListItem\",\"position\":2,\"name\":\"Produkty\",\"item\":\"https:\\\/\\\/naturalpoland.com\\\/cs\\\/produkty\\\/\"},{\"@type\":\"ListItem\",\"position\":3,\"name\":\"V\u016fn\u011b piva\"}]},{\"@type\":\"WebSite\",\"@id\":\"https:\\\/\\\/naturalpoland.com\\\/cs\\\/#website\",\"url\":\"https:\\\/\\\/naturalpoland.com\\\/cs\\\/\",\"name\":\"NATURAL POLAND - Velkoobchodn\u00ed distributor surovin\",\"description\":\"Surowce dla przemys\u0142u spo\u017cywczego, kosmetycznego i farmaceutycznego\",\"publisher\":{\"@id\":\"https:\\\/\\\/naturalpoland.com\\\/cs\\\/#organization\"},\"potentialAction\":[{\"@type\":\"SearchAction\",\"target\":{\"@type\":\"EntryPoint\",\"urlTemplate\":\"https:\\\/\\\/naturalpoland.com\\\/cs\\\/?s={search_term_string}\"},\"query-input\":{\"@type\":\"PropertyValueSpecification\",\"valueRequired\":true,\"valueName\":\"search_term_string\"}}],\"inLanguage\":\"cs\"},{\"@type\":\"Organization\",\"@id\":\"https:\\\/\\\/naturalpoland.com\\\/cs\\\/#organization\",\"name\":\"Natural Poland\",\"url\":\"https:\\\/\\\/naturalpoland.com\\\/cs\\\/\",\"logo\":{\"@type\":\"ImageObject\",\"inLanguage\":\"cs\",\"@id\":\"https:\\\/\\\/naturalpoland.com\\\/cs\\\/#\\\/schema\\\/logo\\\/image\\\/\",\"url\":\"https:\\\/\\\/naturalpoland.com\\\/wp-content\\\/uploads\\\/2021\\\/05\\\/natural-poland-icon.png\",\"contentUrl\":\"https:\\\/\\\/naturalpoland.com\\\/wp-content\\\/uploads\\\/2021\\\/05\\\/natural-poland-icon.png\",\"width\":512,\"height\":512,\"caption\":\"Natural Poland\"},\"image\":{\"@id\":\"https:\\\/\\\/naturalpoland.com\\\/cs\\\/#\\\/schema\\\/logo\\\/image\\\/\"},\"sameAs\":[\"https:\\\/\\\/www.facebook.com\\\/naturalpoland.b2b\",\"https:\\\/\\\/pl.linkedin.com\\\/company\\\/natural-poland\",\"https:\\\/\\\/www.youtube.com\\\/channel\\\/UCgeGGkvOMahZo-xu_MSEWxg\"]}]}<\/script>\n<!-- \/ Yoast SEO plugin. -->","yoast_head_json":{"title":"V\u016fn\u011b piva - Velkoobchodn\u00ed distributor","description":"Pivn\u00ed aroma je odoln\u00e9 v\u016f\u010di vysok\u00fdm teplot\u00e1m, a proto se m\u016f\u017ee pou\u017e\u00edvat v procesech, kter\u00e9 vy\u017eaduj\u00ed tepeln\u00e9 zpracov\u00e1n\u00ed. Vyzna\u010duje se dobrou stabilitou","robots":{"index":"index","follow":"follow","max-snippet":"max-snippet:-1","max-image-preview":"max-image-preview:large","max-video-preview":"max-video-preview:-1"},"canonical":"https:\/\/naturalpoland.com\/cs\/produkty\/produkty-pro-potravinarsky-prumysl\/aroma\/alkoholove-aroma\/vune-piva\/","og_locale":"cs_CZ","og_type":"article","og_title":"V\u016fn\u011b piva - Velkoobchodn\u00ed distributor","og_description":"Pivn\u00ed aroma je odoln\u00e9 v\u016f\u010di vysok\u00fdm teplot\u00e1m, a proto se m\u016f\u017ee pou\u017e\u00edvat v procesech, kter\u00e9 vy\u017eaduj\u00ed tepeln\u00e9 zpracov\u00e1n\u00ed. Vyzna\u010duje se dobrou stabilitou","og_url":"https:\/\/naturalpoland.com\/cs\/produkty\/produkty-pro-potravinarsky-prumysl\/aroma\/alkoholove-aroma\/vune-piva\/","og_site_name":"NATURAL POLAND - Velkoobchodn\u00ed distributor surovin","article_publisher":"https:\/\/www.facebook.com\/naturalpoland.b2b","article_modified_time":"2025-04-24T08:30:03+00:00","og_image":[{"width":1024,"height":1024,"url":"https:\/\/naturalpoland.com\/wp-content\/uploads\/aromat-piwa.webp","type":"image\/webp"}],"schema":{"@context":"https:\/\/schema.org","@graph":[{"@type":"WebPage","@id":"https:\/\/naturalpoland.com\/cs\/produkty\/produkty-pro-potravinarsky-prumysl\/aroma\/alkoholove-aroma\/vune-piva\/","url":"https:\/\/naturalpoland.com\/cs\/produkty\/produkty-pro-potravinarsky-prumysl\/aroma\/alkoholove-aroma\/vune-piva\/","name":"V\u016fn\u011b piva - Velkoobchodn\u00ed distributor","isPartOf":{"@id":"https:\/\/naturalpoland.com\/cs\/#website"},"primaryImageOfPage":{"@id":"https:\/\/naturalpoland.com\/cs\/produkty\/produkty-pro-potravinarsky-prumysl\/aroma\/alkoholove-aroma\/vune-piva\/#primaryimage"},"image":{"@id":"https:\/\/naturalpoland.com\/cs\/produkty\/produkty-pro-potravinarsky-prumysl\/aroma\/alkoholove-aroma\/vune-piva\/#primaryimage"},"thumbnailUrl":"https:\/\/naturalpoland.com\/wp-content\/uploads\/aromat-piwa.webp","datePublished":"2025-04-22T14:10:19+00:00","dateModified":"2025-04-24T08:30:03+00:00","description":"Pivn\u00ed aroma je odoln\u00e9 v\u016f\u010di vysok\u00fdm teplot\u00e1m, a proto se m\u016f\u017ee pou\u017e\u00edvat v procesech, kter\u00e9 vy\u017eaduj\u00ed tepeln\u00e9 zpracov\u00e1n\u00ed. Vyzna\u010duje se dobrou stabilitou","breadcrumb":{"@id":"https:\/\/naturalpoland.com\/cs\/produkty\/produkty-pro-potravinarsky-prumysl\/aroma\/alkoholove-aroma\/vune-piva\/#breadcrumb"},"inLanguage":"cs","potentialAction":[{"@type":"ReadAction","target":["https:\/\/naturalpoland.com\/cs\/produkty\/produkty-pro-potravinarsky-prumysl\/aroma\/alkoholove-aroma\/vune-piva\/"]}]},{"@type":"ImageObject","inLanguage":"cs","@id":"https:\/\/naturalpoland.com\/cs\/produkty\/produkty-pro-potravinarsky-prumysl\/aroma\/alkoholove-aroma\/vune-piva\/#primaryimage","url":"https:\/\/naturalpoland.com\/wp-content\/uploads\/aromat-piwa.webp","contentUrl":"https:\/\/naturalpoland.com\/wp-content\/uploads\/aromat-piwa.webp","width":1024,"height":1024,"caption":"aromat piwny"},{"@type":"BreadcrumbList","@id":"https:\/\/naturalpoland.com\/cs\/produkty\/produkty-pro-potravinarsky-prumysl\/aroma\/alkoholove-aroma\/vune-piva\/#breadcrumb","itemListElement":[{"@type":"ListItem","position":1,"name":"Dom\u016f","item":"https:\/\/naturalpoland.com\/cs\/"},{"@type":"ListItem","position":2,"name":"Produkty","item":"https:\/\/naturalpoland.com\/cs\/produkty\/"},{"@type":"ListItem","position":3,"name":"V\u016fn\u011b piva"}]},{"@type":"WebSite","@id":"https:\/\/naturalpoland.com\/cs\/#website","url":"https:\/\/naturalpoland.com\/cs\/","name":"NATURAL POLAND - Velkoobchodn\u00ed distributor surovin","description":"Surowce dla przemys\u0142u spo\u017cywczego, kosmetycznego i farmaceutycznego","publisher":{"@id":"https:\/\/naturalpoland.com\/cs\/#organization"},"potentialAction":[{"@type":"SearchAction","target":{"@type":"EntryPoint","urlTemplate":"https:\/\/naturalpoland.com\/cs\/?s={search_term_string}"},"query-input":{"@type":"PropertyValueSpecification","valueRequired":true,"valueName":"search_term_string"}}],"inLanguage":"cs"},{"@type":"Organization","@id":"https:\/\/naturalpoland.com\/cs\/#organization","name":"Natural Poland","url":"https:\/\/naturalpoland.com\/cs\/","logo":{"@type":"ImageObject","inLanguage":"cs","@id":"https:\/\/naturalpoland.com\/cs\/#\/schema\/logo\/image\/","url":"https:\/\/naturalpoland.com\/wp-content\/uploads\/2021\/05\/natural-poland-icon.png","contentUrl":"https:\/\/naturalpoland.com\/wp-content\/uploads\/2021\/05\/natural-poland-icon.png","width":512,"height":512,"caption":"Natural Poland"},"image":{"@id":"https:\/\/naturalpoland.com\/cs\/#\/schema\/logo\/image\/"},"sameAs":["https:\/\/www.facebook.com\/naturalpoland.b2b","https:\/\/pl.linkedin.com\/company\/natural-poland","https:\/\/www.youtube.com\/channel\/UCgeGGkvOMahZo-xu_MSEWxg"]}]}},"_links":{"self":[{"href":"https:\/\/naturalpoland.com\/cs\/wp-json\/wp\/v2\/product\/40883","targetHints":{"allow":["GET"]}}],"collection":[{"href":"https:\/\/naturalpoland.com\/cs\/wp-json\/wp\/v2\/product"}],"about":[{"href":"https:\/\/naturalpoland.com\/cs\/wp-json\/wp\/v2\/types\/product"}],"wp:featuredmedia":[{"embeddable":true,"href":"https:\/\/naturalpoland.com\/cs\/wp-json\/wp\/v2\/media\/40843"}],"wp:attachment":[{"href":"https:\/\/naturalpoland.com\/cs\/wp-json\/wp\/v2\/media?parent=40883"}],"wp:term":[{"taxonomy":"product_brand","embeddable":true,"href":"https:\/\/naturalpoland.com\/cs\/wp-json\/wp\/v2\/product_brand?post=40883"},{"taxonomy":"product_cat","embeddable":true,"href":"https:\/\/naturalpoland.com\/cs\/wp-json\/wp\/v2\/product_cat?post=40883"},{"taxonomy":"product_tag","embeddable":true,"href":"https:\/\/naturalpoland.com\/cs\/wp-json\/wp\/v2\/product_tag?post=40883"}],"curies":[{"name":"wp","href":"https:\/\/api.w.org\/{rel}","templated":true}]}}