{"id":40904,"date":"2025-04-22T15:39:23","date_gmt":"2025-04-24T08:36:48","guid":{"rendered":"https:\/\/naturalpoland.com\/produkty\/neza\u0159azen\u00e9\/obhajce-prichute\/"},"modified":"2025-04-24T10:36:48","modified_gmt":"2025-04-24T08:36:48","slug":"obhajce-prichute","status":"publish","type":"product","link":"https:\/\/naturalpoland.com\/cs\/produkty\/produkty-pro-potravinarsky-prumysl\/aroma\/alkoholove-aroma\/obhajce-prichute\/","title":{"rendered":"Obh\u00e1jce p\u0159\u00edchut\u011b"},"content":{"rendered":"<p class=\"\" data-start=\"395\" data-end=\"732\"><strong data-start=\"402\" data-end=\"412\">Tekut\u00e1<\/strong> a <strong data-start=\"415\" data-end=\"433\">koncentrovan\u00e1<\/strong> verze na b\u00e1zi glykolu se vyzna\u010duje intenzivn\u00ed, sladkou v\u016fn\u00ed s v\u00fdrazn\u00fdmi t\u00f3ny vajec a vanilky zabalen\u00fdmi do jemn\u00e9, h\u0159ejiv\u00e9 v\u016fn\u011b alkoholu. Je ide\u00e1ln\u00ed pro pou\u017eit\u00ed v cukr\u00e1\u0159stv\u00ed, k ochucen\u00ed kr\u00e9m\u016f, n\u00e1pln\u00ed, zmrzliny nebo n\u00e1poj\u016f, jako jsou nealkoholick\u00e9 ml\u00e9\u010dn\u00e9 lik\u00e9ry. <\/p>\n<p class=\"\" data-start=\"734\" data-end=\"1010\">Na druhou stranu si <strong data-start=\"742\" data-end=\"761\">pr\u00e1\u0161kov\u00e1 forma<\/strong> zachov\u00e1v\u00e1 stejn\u011b vyv\u00e1\u017een\u00fd chu\u0165ov\u00fd profil &#8211; sladk\u00fd, alkoholick\u00fd s v\u00fdrazn\u00fdm n\u00e1dechem vajec a vanilky &#8211; a d\u00edky sv\u00e9 struktu\u0159e je vynikaj\u00edc\u00ed volbou pro such\u00e9 sm\u011bsi, jako jsou dorty, pudinkov\u00e9 sm\u011bsi a instantn\u00ed v\u00fdrobky.<\/p>\n<p class=\"\" data-start=\"1012\" data-end=\"1316\">Advok\u00e1tn\u00ed aroma vn\u00e1\u0161\u00ed do recept\u016f p\u0159\u00edjemn\u00fd dezertn\u00ed charakter a pocit luxusn\u00ed sladkosti, co\u017e vyvol\u00e1v\u00e1 asociace s dom\u00e1c\u00edm pe\u010den\u00edm a sv\u00e1te\u010dn\u00edmi dezerty. Skv\u011ble se hod\u00ed pro cukr\u00e1\u0159sk\u00fd, ml\u00e9k\u00e1rensk\u00fd a n\u00e1pojov\u00fd pr\u016fmysl. <\/p>\n","protected":false},"excerpt":{"rendered":"<p>P\u0159\u00edchu\u0165 Advocate je inspirov\u00e1na klasick\u00fdm vaje\u010dn\u00fdm lik\u00e9rem, kter\u00fd je spojen s dezertn\u00ed sladkost\u00ed a n\u00e1dechem elegantn\u00edho alkoholu. Je k dispozici v n\u011bkolika variant\u00e1ch &#8211; v tekut\u00e9, koncentrovan\u00e9 a pr\u00e1\u0161kov\u00e9 form\u011b. Spojuje v sob\u011b t\u00f3ny vaje\u010dn\u00e9 smetany, vanilky a jemn\u00e9ho alkoholu.  <\/p>\n","protected":false},"featured_media":40804,"template":"","meta":{"_acf_changed":false},"product_brand":[],"product_cat":[7764],"product_tag":[],"class_list":{"0":"post-40904","1":"product","2":"type-product","3":"status-publish","4":"has-post-thumbnail","6":"product_cat-alkoholove-aroma","8":"first","9":"instock","10":"shipping-taxable","11":"product-type-simple"},"acf":[],"yoast_head":"<!-- This site is optimized with the Yoast SEO plugin v27.4 - https:\/\/yoast.com\/product\/yoast-seo-wordpress\/ -->\n<title>Obh\u00e1jce p\u0159\u00edchut\u011b - Velkoobchodn\u00ed distributor<\/title>\n<meta name=\"description\" content=\"Advok\u00e1tn\u00ed v\u016fn\u011b vn\u00e1\u0161\u00ed do recept\u016f p\u0159\u00edjemn\u00fd dezertn\u00ed charakter a pocit luxusn\u00ed sladkosti, co\u017e vyvol\u00e1v\u00e1 asociace s dom\u00e1c\u00edm pe\u010den\u00edm.\" \/>\n<meta name=\"robots\" content=\"index, follow, max-snippet:-1, max-image-preview:large, max-video-preview:-1\" \/>\n<link rel=\"canonical\" href=\"https:\/\/naturalpoland.com\/cs\/produkty\/produkty-pro-potravinarsky-prumysl\/aroma\/alkoholove-aroma\/obhajce-prichute\/\" \/>\n<meta property=\"og:locale\" content=\"cs_CZ\" \/>\n<meta property=\"og:type\" content=\"article\" \/>\n<meta property=\"og:title\" content=\"Obh\u00e1jce p\u0159\u00edchut\u011b - Velkoobchodn\u00ed distributor\" \/>\n<meta property=\"og:description\" content=\"Advok\u00e1tn\u00ed v\u016fn\u011b vn\u00e1\u0161\u00ed do recept\u016f p\u0159\u00edjemn\u00fd dezertn\u00ed charakter a pocit luxusn\u00ed sladkosti, co\u017e vyvol\u00e1v\u00e1 asociace s dom\u00e1c\u00edm pe\u010den\u00edm.\" \/>\n<meta property=\"og:url\" content=\"https:\/\/naturalpoland.com\/cs\/produkty\/produkty-pro-potravinarsky-prumysl\/aroma\/alkoholove-aroma\/obhajce-prichute\/\" \/>\n<meta property=\"og:site_name\" content=\"NATURAL POLAND - Velkoobchodn\u00ed distributor surovin\" \/>\n<meta property=\"article:publisher\" content=\"https:\/\/www.facebook.com\/naturalpoland.b2b\" \/>\n<meta property=\"og:image\" content=\"https:\/\/naturalpoland.com\/wp-content\/uploads\/aromat-adwokat.webp\" \/>\n\t<meta property=\"og:image:width\" content=\"1024\" \/>\n\t<meta property=\"og:image:height\" content=\"1024\" \/>\n\t<meta property=\"og:image:type\" content=\"image\/webp\" \/>\n<script type=\"application\/ld+json\" class=\"yoast-schema-graph\">{\"@context\":\"https:\\\/\\\/schema.org\",\"@graph\":[{\"@type\":\"WebPage\",\"@id\":\"https:\\\/\\\/naturalpoland.com\\\/cs\\\/produkty\\\/produkty-pro-potravinarsky-prumysl\\\/aroma\\\/alkoholove-aroma\\\/obhajce-prichute\\\/\",\"url\":\"https:\\\/\\\/naturalpoland.com\\\/cs\\\/produkty\\\/produkty-pro-potravinarsky-prumysl\\\/aroma\\\/alkoholove-aroma\\\/obhajce-prichute\\\/\",\"name\":\"Obh\u00e1jce p\u0159\u00edchut\u011b - Velkoobchodn\u00ed distributor\",\"isPartOf\":{\"@id\":\"https:\\\/\\\/naturalpoland.com\\\/cs\\\/#website\"},\"primaryImageOfPage\":{\"@id\":\"https:\\\/\\\/naturalpoland.com\\\/cs\\\/produkty\\\/produkty-pro-potravinarsky-prumysl\\\/aroma\\\/alkoholove-aroma\\\/obhajce-prichute\\\/#primaryimage\"},\"image\":{\"@id\":\"https:\\\/\\\/naturalpoland.com\\\/cs\\\/produkty\\\/produkty-pro-potravinarsky-prumysl\\\/aroma\\\/alkoholove-aroma\\\/obhajce-prichute\\\/#primaryimage\"},\"thumbnailUrl\":\"https:\\\/\\\/naturalpoland.com\\\/wp-content\\\/uploads\\\/aromat-adwokat.webp\",\"datePublished\":\"2025-04-24T08:36:48+00:00\",\"description\":\"Advok\u00e1tn\u00ed v\u016fn\u011b vn\u00e1\u0161\u00ed do recept\u016f p\u0159\u00edjemn\u00fd dezertn\u00ed charakter a pocit luxusn\u00ed sladkosti, co\u017e vyvol\u00e1v\u00e1 asociace s dom\u00e1c\u00edm pe\u010den\u00edm.\",\"breadcrumb\":{\"@id\":\"https:\\\/\\\/naturalpoland.com\\\/cs\\\/produkty\\\/produkty-pro-potravinarsky-prumysl\\\/aroma\\\/alkoholove-aroma\\\/obhajce-prichute\\\/#breadcrumb\"},\"inLanguage\":\"cs\",\"potentialAction\":[{\"@type\":\"ReadAction\",\"target\":[\"https:\\\/\\\/naturalpoland.com\\\/cs\\\/produkty\\\/produkty-pro-potravinarsky-prumysl\\\/aroma\\\/alkoholove-aroma\\\/obhajce-prichute\\\/\"]}]},{\"@type\":\"ImageObject\",\"inLanguage\":\"cs\",\"@id\":\"https:\\\/\\\/naturalpoland.com\\\/cs\\\/produkty\\\/produkty-pro-potravinarsky-prumysl\\\/aroma\\\/alkoholove-aroma\\\/obhajce-prichute\\\/#primaryimage\",\"url\":\"https:\\\/\\\/naturalpoland.com\\\/wp-content\\\/uploads\\\/aromat-adwokat.webp\",\"contentUrl\":\"https:\\\/\\\/naturalpoland.com\\\/wp-content\\\/uploads\\\/aromat-adwokat.webp\",\"width\":1024,\"height\":1024,\"caption\":\"aromat adwokatowy\"},{\"@type\":\"BreadcrumbList\",\"@id\":\"https:\\\/\\\/naturalpoland.com\\\/cs\\\/produkty\\\/produkty-pro-potravinarsky-prumysl\\\/aroma\\\/alkoholove-aroma\\\/obhajce-prichute\\\/#breadcrumb\",\"itemListElement\":[{\"@type\":\"ListItem\",\"position\":1,\"name\":\"Dom\u016f\",\"item\":\"https:\\\/\\\/naturalpoland.com\\\/cs\\\/\"},{\"@type\":\"ListItem\",\"position\":2,\"name\":\"Produkty\",\"item\":\"https:\\\/\\\/naturalpoland.com\\\/cs\\\/produkty\\\/\"},{\"@type\":\"ListItem\",\"position\":3,\"name\":\"Obh\u00e1jce p\u0159\u00edchut\u011b\"}]},{\"@type\":\"WebSite\",\"@id\":\"https:\\\/\\\/naturalpoland.com\\\/cs\\\/#website\",\"url\":\"https:\\\/\\\/naturalpoland.com\\\/cs\\\/\",\"name\":\"NATURAL POLAND - Velkoobchodn\u00ed distributor surovin\",\"description\":\"Surowce dla przemys\u0142u spo\u017cywczego, kosmetycznego i farmaceutycznego\",\"publisher\":{\"@id\":\"https:\\\/\\\/naturalpoland.com\\\/cs\\\/#organization\"},\"potentialAction\":[{\"@type\":\"SearchAction\",\"target\":{\"@type\":\"EntryPoint\",\"urlTemplate\":\"https:\\\/\\\/naturalpoland.com\\\/cs\\\/?s={search_term_string}\"},\"query-input\":{\"@type\":\"PropertyValueSpecification\",\"valueRequired\":true,\"valueName\":\"search_term_string\"}}],\"inLanguage\":\"cs\"},{\"@type\":\"Organization\",\"@id\":\"https:\\\/\\\/naturalpoland.com\\\/cs\\\/#organization\",\"name\":\"Natural Poland\",\"url\":\"https:\\\/\\\/naturalpoland.com\\\/cs\\\/\",\"logo\":{\"@type\":\"ImageObject\",\"inLanguage\":\"cs\",\"@id\":\"https:\\\/\\\/naturalpoland.com\\\/cs\\\/#\\\/schema\\\/logo\\\/image\\\/\",\"url\":\"https:\\\/\\\/naturalpoland.com\\\/wp-content\\\/uploads\\\/2021\\\/05\\\/natural-poland-icon.png\",\"contentUrl\":\"https:\\\/\\\/naturalpoland.com\\\/wp-content\\\/uploads\\\/2021\\\/05\\\/natural-poland-icon.png\",\"width\":512,\"height\":512,\"caption\":\"Natural Poland\"},\"image\":{\"@id\":\"https:\\\/\\\/naturalpoland.com\\\/cs\\\/#\\\/schema\\\/logo\\\/image\\\/\"},\"sameAs\":[\"https:\\\/\\\/www.facebook.com\\\/naturalpoland.b2b\",\"https:\\\/\\\/pl.linkedin.com\\\/company\\\/natural-poland\",\"https:\\\/\\\/www.youtube.com\\\/channel\\\/UCgeGGkvOMahZo-xu_MSEWxg\"]}]}<\/script>\n<!-- \/ Yoast SEO plugin. -->","yoast_head_json":{"title":"Obh\u00e1jce p\u0159\u00edchut\u011b - Velkoobchodn\u00ed distributor","description":"Advok\u00e1tn\u00ed v\u016fn\u011b vn\u00e1\u0161\u00ed do recept\u016f p\u0159\u00edjemn\u00fd dezertn\u00ed charakter a pocit luxusn\u00ed sladkosti, co\u017e vyvol\u00e1v\u00e1 asociace s dom\u00e1c\u00edm pe\u010den\u00edm.","robots":{"index":"index","follow":"follow","max-snippet":"max-snippet:-1","max-image-preview":"max-image-preview:large","max-video-preview":"max-video-preview:-1"},"canonical":"https:\/\/naturalpoland.com\/cs\/produkty\/produkty-pro-potravinarsky-prumysl\/aroma\/alkoholove-aroma\/obhajce-prichute\/","og_locale":"cs_CZ","og_type":"article","og_title":"Obh\u00e1jce p\u0159\u00edchut\u011b - Velkoobchodn\u00ed distributor","og_description":"Advok\u00e1tn\u00ed v\u016fn\u011b vn\u00e1\u0161\u00ed do recept\u016f p\u0159\u00edjemn\u00fd dezertn\u00ed charakter a pocit luxusn\u00ed sladkosti, co\u017e vyvol\u00e1v\u00e1 asociace s dom\u00e1c\u00edm pe\u010den\u00edm.","og_url":"https:\/\/naturalpoland.com\/cs\/produkty\/produkty-pro-potravinarsky-prumysl\/aroma\/alkoholove-aroma\/obhajce-prichute\/","og_site_name":"NATURAL POLAND - Velkoobchodn\u00ed distributor surovin","article_publisher":"https:\/\/www.facebook.com\/naturalpoland.b2b","og_image":[{"width":1024,"height":1024,"url":"https:\/\/naturalpoland.com\/wp-content\/uploads\/aromat-adwokat.webp","type":"image\/webp"}],"schema":{"@context":"https:\/\/schema.org","@graph":[{"@type":"WebPage","@id":"https:\/\/naturalpoland.com\/cs\/produkty\/produkty-pro-potravinarsky-prumysl\/aroma\/alkoholove-aroma\/obhajce-prichute\/","url":"https:\/\/naturalpoland.com\/cs\/produkty\/produkty-pro-potravinarsky-prumysl\/aroma\/alkoholove-aroma\/obhajce-prichute\/","name":"Obh\u00e1jce p\u0159\u00edchut\u011b - Velkoobchodn\u00ed distributor","isPartOf":{"@id":"https:\/\/naturalpoland.com\/cs\/#website"},"primaryImageOfPage":{"@id":"https:\/\/naturalpoland.com\/cs\/produkty\/produkty-pro-potravinarsky-prumysl\/aroma\/alkoholove-aroma\/obhajce-prichute\/#primaryimage"},"image":{"@id":"https:\/\/naturalpoland.com\/cs\/produkty\/produkty-pro-potravinarsky-prumysl\/aroma\/alkoholove-aroma\/obhajce-prichute\/#primaryimage"},"thumbnailUrl":"https:\/\/naturalpoland.com\/wp-content\/uploads\/aromat-adwokat.webp","datePublished":"2025-04-24T08:36:48+00:00","description":"Advok\u00e1tn\u00ed v\u016fn\u011b vn\u00e1\u0161\u00ed do recept\u016f p\u0159\u00edjemn\u00fd dezertn\u00ed charakter a pocit luxusn\u00ed sladkosti, co\u017e vyvol\u00e1v\u00e1 asociace s dom\u00e1c\u00edm pe\u010den\u00edm.","breadcrumb":{"@id":"https:\/\/naturalpoland.com\/cs\/produkty\/produkty-pro-potravinarsky-prumysl\/aroma\/alkoholove-aroma\/obhajce-prichute\/#breadcrumb"},"inLanguage":"cs","potentialAction":[{"@type":"ReadAction","target":["https:\/\/naturalpoland.com\/cs\/produkty\/produkty-pro-potravinarsky-prumysl\/aroma\/alkoholove-aroma\/obhajce-prichute\/"]}]},{"@type":"ImageObject","inLanguage":"cs","@id":"https:\/\/naturalpoland.com\/cs\/produkty\/produkty-pro-potravinarsky-prumysl\/aroma\/alkoholove-aroma\/obhajce-prichute\/#primaryimage","url":"https:\/\/naturalpoland.com\/wp-content\/uploads\/aromat-adwokat.webp","contentUrl":"https:\/\/naturalpoland.com\/wp-content\/uploads\/aromat-adwokat.webp","width":1024,"height":1024,"caption":"aromat adwokatowy"},{"@type":"BreadcrumbList","@id":"https:\/\/naturalpoland.com\/cs\/produkty\/produkty-pro-potravinarsky-prumysl\/aroma\/alkoholove-aroma\/obhajce-prichute\/#breadcrumb","itemListElement":[{"@type":"ListItem","position":1,"name":"Dom\u016f","item":"https:\/\/naturalpoland.com\/cs\/"},{"@type":"ListItem","position":2,"name":"Produkty","item":"https:\/\/naturalpoland.com\/cs\/produkty\/"},{"@type":"ListItem","position":3,"name":"Obh\u00e1jce p\u0159\u00edchut\u011b"}]},{"@type":"WebSite","@id":"https:\/\/naturalpoland.com\/cs\/#website","url":"https:\/\/naturalpoland.com\/cs\/","name":"NATURAL POLAND - Velkoobchodn\u00ed distributor surovin","description":"Surowce dla przemys\u0142u spo\u017cywczego, kosmetycznego i farmaceutycznego","publisher":{"@id":"https:\/\/naturalpoland.com\/cs\/#organization"},"potentialAction":[{"@type":"SearchAction","target":{"@type":"EntryPoint","urlTemplate":"https:\/\/naturalpoland.com\/cs\/?s={search_term_string}"},"query-input":{"@type":"PropertyValueSpecification","valueRequired":true,"valueName":"search_term_string"}}],"inLanguage":"cs"},{"@type":"Organization","@id":"https:\/\/naturalpoland.com\/cs\/#organization","name":"Natural Poland","url":"https:\/\/naturalpoland.com\/cs\/","logo":{"@type":"ImageObject","inLanguage":"cs","@id":"https:\/\/naturalpoland.com\/cs\/#\/schema\/logo\/image\/","url":"https:\/\/naturalpoland.com\/wp-content\/uploads\/2021\/05\/natural-poland-icon.png","contentUrl":"https:\/\/naturalpoland.com\/wp-content\/uploads\/2021\/05\/natural-poland-icon.png","width":512,"height":512,"caption":"Natural Poland"},"image":{"@id":"https:\/\/naturalpoland.com\/cs\/#\/schema\/logo\/image\/"},"sameAs":["https:\/\/www.facebook.com\/naturalpoland.b2b","https:\/\/pl.linkedin.com\/company\/natural-poland","https:\/\/www.youtube.com\/channel\/UCgeGGkvOMahZo-xu_MSEWxg"]}]}},"_links":{"self":[{"href":"https:\/\/naturalpoland.com\/cs\/wp-json\/wp\/v2\/product\/40904","targetHints":{"allow":["GET"]}}],"collection":[{"href":"https:\/\/naturalpoland.com\/cs\/wp-json\/wp\/v2\/product"}],"about":[{"href":"https:\/\/naturalpoland.com\/cs\/wp-json\/wp\/v2\/types\/product"}],"wp:featuredmedia":[{"embeddable":true,"href":"https:\/\/naturalpoland.com\/cs\/wp-json\/wp\/v2\/media\/40804"}],"wp:attachment":[{"href":"https:\/\/naturalpoland.com\/cs\/wp-json\/wp\/v2\/media?parent=40904"}],"wp:term":[{"taxonomy":"product_brand","embeddable":true,"href":"https:\/\/naturalpoland.com\/cs\/wp-json\/wp\/v2\/product_brand?post=40904"},{"taxonomy":"product_cat","embeddable":true,"href":"https:\/\/naturalpoland.com\/cs\/wp-json\/wp\/v2\/product_cat?post=40904"},{"taxonomy":"product_tag","embeddable":true,"href":"https:\/\/naturalpoland.com\/cs\/wp-json\/wp\/v2\/product_tag?post=40904"}],"curies":[{"name":"wp","href":"https:\/\/api.w.org\/{rel}","templated":true}]}}