{"id":40915,"date":"2025-04-22T15:50:27","date_gmt":"2025-04-24T08:36:59","guid":{"rendered":"https:\/\/naturalpoland.com\/produkty\/neza\u0159azen\u00e9\/malinova-prichut\/"},"modified":"2025-04-24T10:36:59","modified_gmt":"2025-04-24T08:36:59","slug":"malinova-prichut","status":"publish","type":"product","link":"https:\/\/naturalpoland.com\/cs\/produkty\/produkty-pro-potravinarsky-prumysl\/aroma\/ovocna-aroma\/malinova-prichut\/","title":{"rendered":"Malinov\u00e1 p\u0159\u00edchu\u0165"},"content":{"rendered":"<p data-start=\"397\" data-end=\"893\">K dispozici je \u0159ada variant s malinovou p\u0159\u00edchut\u00ed, kter\u00e9 vyhovuj\u00ed r\u016fzn\u00fdm aplika\u010dn\u00edm pot\u0159eb\u00e1m.<\/p>\n<h2 data-start=\"397\" data-end=\"893\">Tekut\u00e9 malinov\u00e9 p\u0159\u00edchut\u011b:<\/h2>\n<p class=\"\" data-start=\"397\" data-end=\"893\">Tekut\u00e9 varianty na glykolov\u00e9m nosi\u010di zahrnuj\u00ed intenzivn\u00ed malinovou p\u0159\u00edchu\u0165<strong> se sirupovit\u00fdm charakterem<\/strong>, kter\u00e1 je ide\u00e1ln\u00ed pro pou\u017eit\u00ed do tukov\u00fdch hmot, kr\u00e9m\u016f, polev nebo zmrzlin. K dispozici je tak\u00e9 malinov\u00e1 varianta s <strong>v\u00fdrazn\u00fdm jahodov\u00fdm n\u00e1dechem<\/strong>, kter\u00e1 dod\u00e1v\u00e1 v\u00fdrobk\u016fm ovocn\u00fd, lesn\u00ed charakter. Ve variant\u011b malina <strong>a smetana<\/strong> se malinov\u00e1 \u0161\u0165avnatost prol\u00edn\u00e1 s jemn\u00fdm ml\u00e9\u010dn\u00fdm pozad\u00edm &#8211; ide\u00e1ln\u00ed pro ml\u00e9\u010dn\u00e9 dezerty, jogurty, ml\u00e9\u010dn\u00e9 n\u00e1poje a ml\u00e9\u010dn\u00e9 a ovocn\u00e9 ty\u010dinky.  <\/p>\n<h2 data-start=\"397\" data-end=\"893\">Pr\u00e1\u0161kov\u00e9 malinov\u00e9 aroma:<\/h2>\n<p class=\"\" data-start=\"895\" data-end=\"1252\">Pr\u00e1\u0161ek s malinovou p\u0159\u00edchut\u00ed se dod\u00e1v\u00e1 v <strong>klasick\u00e9 verzi<\/strong> &#8211; sladk\u00fd, \u0161\u0165avnat\u00fd a p\u0159irozen\u011b ovocn\u00fd, \u010dasto pou\u017e\u00edvan\u00fd do pe\u010diva, n\u00e1pln\u00ed, sm\u011bs\u00ed na dorty, n\u00e1poj\u016f v pr\u00e1\u0161ku a dopl\u0148k\u016f stravy.<\/p>\n<p class=\"\" data-start=\"895\" data-end=\"1252\">Verze s <strong>malinami a kokosem<\/strong> je jedine\u010dnou kombinac\u00ed exotick\u00fdch a ovocn\u00fdch t\u00f3n\u016f, kter\u00e1 se skv\u011ble hod\u00ed do inovativn\u00edch receptur dezert\u016f.<\/p>\n<p class=\"\" data-start=\"1254\" data-end=\"1608\">V\u0161echny tyto varianty z\u016fst\u00e1vaj\u00ed stabiln\u00ed p\u0159i vysok\u00fdch teplot\u00e1ch, tak\u017ee jsou univerz\u00e1ln\u00ed a vhodn\u00e9 k pou\u017eit\u00ed, a\u0165 u\u017e p\u0159i studen\u00fdch aplikac\u00edch, pe\u010den\u00ed nebo pasterizaci. D\u00edky \u0161irok\u00e9 \u0161k\u00e1le senzorick\u00fdch profil\u016f z\u016fst\u00e1v\u00e1 malinov\u00e9 aroma jednou z nejuniverz\u00e1ln\u011bj\u0161\u00edch a nejoce\u0148ovan\u011bj\u0161\u00edch chu\u0165ov\u00fdch slo\u017eek na trhu. <\/p>\n","protected":false},"excerpt":{"rendered":"<p>Malinov\u00e9 aroma je jednou z nejobl\u00edben\u011bj\u0161\u00edch v\u016fn\u00ed a p\u0159\u00edchut\u00ed v potravin\u00e1\u0159sk\u00e9m pr\u016fmyslu, spojenou se \u0161\u0165avnat\u00fdm, sladkokysel\u00fdm profilem a t\u00f3ny \u010derstv\u011b utr\u017een\u00e9ho ovoce.<\/p>\n","protected":false},"featured_media":40817,"template":"","meta":{"_acf_changed":false},"product_brand":[],"product_cat":[7586],"product_tag":[],"class_list":{"0":"post-40915","1":"product","2":"type-product","3":"status-publish","4":"has-post-thumbnail","6":"product_cat-ovocna-aroma","8":"first","9":"instock","10":"shipping-taxable","11":"product-type-simple"},"acf":[],"yoast_head":"<!-- This site is optimized with the Yoast SEO plugin v27.5 - https:\/\/yoast.com\/product\/yoast-seo-wordpress\/ -->\n<title>Malinov\u00e1 p\u0159\u00edchu\u0165 - Velkoobchodn\u00ed distributor<\/title>\n<meta name=\"description\" content=\"Tekut\u00e9 a pr\u00e1\u0161kov\u00e9 malinov\u00e9 aroma je jednou z nejuniverz\u00e1ln\u011bj\u0161\u00edch a nejoce\u0148ovan\u011bj\u0161\u00edch aromatick\u00fdch slo\u017eek na trhu.\" \/>\n<meta name=\"robots\" content=\"index, follow, max-snippet:-1, max-image-preview:large, max-video-preview:-1\" \/>\n<link rel=\"canonical\" href=\"https:\/\/naturalpoland.com\/cs\/produkty\/produkty-pro-potravinarsky-prumysl\/aroma\/ovocna-aroma\/malinova-prichut\/\" \/>\n<meta property=\"og:locale\" content=\"cs_CZ\" \/>\n<meta property=\"og:type\" content=\"article\" \/>\n<meta property=\"og:title\" content=\"Malinov\u00e1 p\u0159\u00edchu\u0165 - Velkoobchodn\u00ed distributor\" \/>\n<meta property=\"og:description\" content=\"Tekut\u00e9 a pr\u00e1\u0161kov\u00e9 malinov\u00e9 aroma je jednou z nejuniverz\u00e1ln\u011bj\u0161\u00edch a nejoce\u0148ovan\u011bj\u0161\u00edch aromatick\u00fdch slo\u017eek na trhu.\" \/>\n<meta property=\"og:url\" content=\"https:\/\/naturalpoland.com\/cs\/produkty\/produkty-pro-potravinarsky-prumysl\/aroma\/ovocna-aroma\/malinova-prichut\/\" \/>\n<meta property=\"og:site_name\" content=\"NATURAL POLAND - Velkoobchodn\u00ed distributor surovin\" \/>\n<meta property=\"article:publisher\" content=\"https:\/\/www.facebook.com\/naturalpoland.b2b\" \/>\n<meta property=\"og:image\" content=\"https:\/\/naturalpoland.com\/wp-content\/uploads\/aromat-malinowy.webp\" \/>\n\t<meta property=\"og:image:width\" content=\"1024\" \/>\n\t<meta property=\"og:image:height\" content=\"1024\" \/>\n\t<meta property=\"og:image:type\" content=\"image\/webp\" \/>\n<script type=\"application\/ld+json\" class=\"yoast-schema-graph\">{\"@context\":\"https:\\\/\\\/schema.org\",\"@graph\":[{\"@type\":\"WebPage\",\"@id\":\"https:\\\/\\\/naturalpoland.com\\\/cs\\\/produkty\\\/produkty-pro-potravinarsky-prumysl\\\/aroma\\\/ovocna-aroma\\\/malinova-prichut\\\/\",\"url\":\"https:\\\/\\\/naturalpoland.com\\\/cs\\\/produkty\\\/produkty-pro-potravinarsky-prumysl\\\/aroma\\\/ovocna-aroma\\\/malinova-prichut\\\/\",\"name\":\"Malinov\u00e1 p\u0159\u00edchu\u0165 - Velkoobchodn\u00ed distributor\",\"isPartOf\":{\"@id\":\"https:\\\/\\\/naturalpoland.com\\\/cs\\\/#website\"},\"primaryImageOfPage\":{\"@id\":\"https:\\\/\\\/naturalpoland.com\\\/cs\\\/produkty\\\/produkty-pro-potravinarsky-prumysl\\\/aroma\\\/ovocna-aroma\\\/malinova-prichut\\\/#primaryimage\"},\"image\":{\"@id\":\"https:\\\/\\\/naturalpoland.com\\\/cs\\\/produkty\\\/produkty-pro-potravinarsky-prumysl\\\/aroma\\\/ovocna-aroma\\\/malinova-prichut\\\/#primaryimage\"},\"thumbnailUrl\":\"https:\\\/\\\/naturalpoland.com\\\/wp-content\\\/uploads\\\/aromat-malinowy.webp\",\"datePublished\":\"2025-04-24T08:36:59+00:00\",\"description\":\"Tekut\u00e9 a pr\u00e1\u0161kov\u00e9 malinov\u00e9 aroma je jednou z nejuniverz\u00e1ln\u011bj\u0161\u00edch a nejoce\u0148ovan\u011bj\u0161\u00edch aromatick\u00fdch slo\u017eek na trhu.\",\"breadcrumb\":{\"@id\":\"https:\\\/\\\/naturalpoland.com\\\/cs\\\/produkty\\\/produkty-pro-potravinarsky-prumysl\\\/aroma\\\/ovocna-aroma\\\/malinova-prichut\\\/#breadcrumb\"},\"inLanguage\":\"cs\",\"potentialAction\":[{\"@type\":\"ReadAction\",\"target\":[\"https:\\\/\\\/naturalpoland.com\\\/cs\\\/produkty\\\/produkty-pro-potravinarsky-prumysl\\\/aroma\\\/ovocna-aroma\\\/malinova-prichut\\\/\"]}]},{\"@type\":\"ImageObject\",\"inLanguage\":\"cs\",\"@id\":\"https:\\\/\\\/naturalpoland.com\\\/cs\\\/produkty\\\/produkty-pro-potravinarsky-prumysl\\\/aroma\\\/ovocna-aroma\\\/malinova-prichut\\\/#primaryimage\",\"url\":\"https:\\\/\\\/naturalpoland.com\\\/wp-content\\\/uploads\\\/aromat-malinowy.webp\",\"contentUrl\":\"https:\\\/\\\/naturalpoland.com\\\/wp-content\\\/uploads\\\/aromat-malinowy.webp\",\"width\":1024,\"height\":1024,\"caption\":\"aromat malinowy\"},{\"@type\":\"BreadcrumbList\",\"@id\":\"https:\\\/\\\/naturalpoland.com\\\/cs\\\/produkty\\\/produkty-pro-potravinarsky-prumysl\\\/aroma\\\/ovocna-aroma\\\/malinova-prichut\\\/#breadcrumb\",\"itemListElement\":[{\"@type\":\"ListItem\",\"position\":1,\"name\":\"Dom\u016f\",\"item\":\"https:\\\/\\\/naturalpoland.com\\\/cs\\\/\"},{\"@type\":\"ListItem\",\"position\":2,\"name\":\"Produkty\",\"item\":\"https:\\\/\\\/naturalpoland.com\\\/cs\\\/produkty\\\/\"},{\"@type\":\"ListItem\",\"position\":3,\"name\":\"Malinov\u00e1 p\u0159\u00edchu\u0165\"}]},{\"@type\":\"WebSite\",\"@id\":\"https:\\\/\\\/naturalpoland.com\\\/cs\\\/#website\",\"url\":\"https:\\\/\\\/naturalpoland.com\\\/cs\\\/\",\"name\":\"NATURAL POLAND - Velkoobchodn\u00ed distributor surovin\",\"description\":\"Surowce dla przemys\u0142u spo\u017cywczego, kosmetycznego i farmaceutycznego\",\"publisher\":{\"@id\":\"https:\\\/\\\/naturalpoland.com\\\/cs\\\/#organization\"},\"potentialAction\":[{\"@type\":\"SearchAction\",\"target\":{\"@type\":\"EntryPoint\",\"urlTemplate\":\"https:\\\/\\\/naturalpoland.com\\\/cs\\\/?s={search_term_string}\"},\"query-input\":{\"@type\":\"PropertyValueSpecification\",\"valueRequired\":true,\"valueName\":\"search_term_string\"}}],\"inLanguage\":\"cs\"},{\"@type\":\"Organization\",\"@id\":\"https:\\\/\\\/naturalpoland.com\\\/cs\\\/#organization\",\"name\":\"Natural Poland\",\"url\":\"https:\\\/\\\/naturalpoland.com\\\/cs\\\/\",\"logo\":{\"@type\":\"ImageObject\",\"inLanguage\":\"cs\",\"@id\":\"https:\\\/\\\/naturalpoland.com\\\/cs\\\/#\\\/schema\\\/logo\\\/image\\\/\",\"url\":\"https:\\\/\\\/naturalpoland.com\\\/wp-content\\\/uploads\\\/2021\\\/05\\\/natural-poland-icon.png\",\"contentUrl\":\"https:\\\/\\\/naturalpoland.com\\\/wp-content\\\/uploads\\\/2021\\\/05\\\/natural-poland-icon.png\",\"width\":512,\"height\":512,\"caption\":\"Natural Poland\"},\"image\":{\"@id\":\"https:\\\/\\\/naturalpoland.com\\\/cs\\\/#\\\/schema\\\/logo\\\/image\\\/\"},\"sameAs\":[\"https:\\\/\\\/www.facebook.com\\\/naturalpoland.b2b\",\"https:\\\/\\\/pl.linkedin.com\\\/company\\\/natural-poland\",\"https:\\\/\\\/www.youtube.com\\\/channel\\\/UCgeGGkvOMahZo-xu_MSEWxg\"]}]}<\/script>\n<!-- \/ Yoast SEO plugin. -->","yoast_head_json":{"title":"Malinov\u00e1 p\u0159\u00edchu\u0165 - Velkoobchodn\u00ed distributor","description":"Tekut\u00e9 a pr\u00e1\u0161kov\u00e9 malinov\u00e9 aroma je jednou z nejuniverz\u00e1ln\u011bj\u0161\u00edch a nejoce\u0148ovan\u011bj\u0161\u00edch aromatick\u00fdch slo\u017eek na trhu.","robots":{"index":"index","follow":"follow","max-snippet":"max-snippet:-1","max-image-preview":"max-image-preview:large","max-video-preview":"max-video-preview:-1"},"canonical":"https:\/\/naturalpoland.com\/cs\/produkty\/produkty-pro-potravinarsky-prumysl\/aroma\/ovocna-aroma\/malinova-prichut\/","og_locale":"cs_CZ","og_type":"article","og_title":"Malinov\u00e1 p\u0159\u00edchu\u0165 - Velkoobchodn\u00ed distributor","og_description":"Tekut\u00e9 a pr\u00e1\u0161kov\u00e9 malinov\u00e9 aroma je jednou z nejuniverz\u00e1ln\u011bj\u0161\u00edch a nejoce\u0148ovan\u011bj\u0161\u00edch aromatick\u00fdch slo\u017eek na trhu.","og_url":"https:\/\/naturalpoland.com\/cs\/produkty\/produkty-pro-potravinarsky-prumysl\/aroma\/ovocna-aroma\/malinova-prichut\/","og_site_name":"NATURAL POLAND - Velkoobchodn\u00ed distributor surovin","article_publisher":"https:\/\/www.facebook.com\/naturalpoland.b2b","og_image":[{"width":1024,"height":1024,"url":"https:\/\/naturalpoland.com\/wp-content\/uploads\/aromat-malinowy.webp","type":"image\/webp"}],"schema":{"@context":"https:\/\/schema.org","@graph":[{"@type":"WebPage","@id":"https:\/\/naturalpoland.com\/cs\/produkty\/produkty-pro-potravinarsky-prumysl\/aroma\/ovocna-aroma\/malinova-prichut\/","url":"https:\/\/naturalpoland.com\/cs\/produkty\/produkty-pro-potravinarsky-prumysl\/aroma\/ovocna-aroma\/malinova-prichut\/","name":"Malinov\u00e1 p\u0159\u00edchu\u0165 - Velkoobchodn\u00ed distributor","isPartOf":{"@id":"https:\/\/naturalpoland.com\/cs\/#website"},"primaryImageOfPage":{"@id":"https:\/\/naturalpoland.com\/cs\/produkty\/produkty-pro-potravinarsky-prumysl\/aroma\/ovocna-aroma\/malinova-prichut\/#primaryimage"},"image":{"@id":"https:\/\/naturalpoland.com\/cs\/produkty\/produkty-pro-potravinarsky-prumysl\/aroma\/ovocna-aroma\/malinova-prichut\/#primaryimage"},"thumbnailUrl":"https:\/\/naturalpoland.com\/wp-content\/uploads\/aromat-malinowy.webp","datePublished":"2025-04-24T08:36:59+00:00","description":"Tekut\u00e9 a pr\u00e1\u0161kov\u00e9 malinov\u00e9 aroma je jednou z nejuniverz\u00e1ln\u011bj\u0161\u00edch a nejoce\u0148ovan\u011bj\u0161\u00edch aromatick\u00fdch slo\u017eek na trhu.","breadcrumb":{"@id":"https:\/\/naturalpoland.com\/cs\/produkty\/produkty-pro-potravinarsky-prumysl\/aroma\/ovocna-aroma\/malinova-prichut\/#breadcrumb"},"inLanguage":"cs","potentialAction":[{"@type":"ReadAction","target":["https:\/\/naturalpoland.com\/cs\/produkty\/produkty-pro-potravinarsky-prumysl\/aroma\/ovocna-aroma\/malinova-prichut\/"]}]},{"@type":"ImageObject","inLanguage":"cs","@id":"https:\/\/naturalpoland.com\/cs\/produkty\/produkty-pro-potravinarsky-prumysl\/aroma\/ovocna-aroma\/malinova-prichut\/#primaryimage","url":"https:\/\/naturalpoland.com\/wp-content\/uploads\/aromat-malinowy.webp","contentUrl":"https:\/\/naturalpoland.com\/wp-content\/uploads\/aromat-malinowy.webp","width":1024,"height":1024,"caption":"aromat malinowy"},{"@type":"BreadcrumbList","@id":"https:\/\/naturalpoland.com\/cs\/produkty\/produkty-pro-potravinarsky-prumysl\/aroma\/ovocna-aroma\/malinova-prichut\/#breadcrumb","itemListElement":[{"@type":"ListItem","position":1,"name":"Dom\u016f","item":"https:\/\/naturalpoland.com\/cs\/"},{"@type":"ListItem","position":2,"name":"Produkty","item":"https:\/\/naturalpoland.com\/cs\/produkty\/"},{"@type":"ListItem","position":3,"name":"Malinov\u00e1 p\u0159\u00edchu\u0165"}]},{"@type":"WebSite","@id":"https:\/\/naturalpoland.com\/cs\/#website","url":"https:\/\/naturalpoland.com\/cs\/","name":"NATURAL POLAND - Velkoobchodn\u00ed distributor surovin","description":"Surowce dla przemys\u0142u spo\u017cywczego, kosmetycznego i farmaceutycznego","publisher":{"@id":"https:\/\/naturalpoland.com\/cs\/#organization"},"potentialAction":[{"@type":"SearchAction","target":{"@type":"EntryPoint","urlTemplate":"https:\/\/naturalpoland.com\/cs\/?s={search_term_string}"},"query-input":{"@type":"PropertyValueSpecification","valueRequired":true,"valueName":"search_term_string"}}],"inLanguage":"cs"},{"@type":"Organization","@id":"https:\/\/naturalpoland.com\/cs\/#organization","name":"Natural Poland","url":"https:\/\/naturalpoland.com\/cs\/","logo":{"@type":"ImageObject","inLanguage":"cs","@id":"https:\/\/naturalpoland.com\/cs\/#\/schema\/logo\/image\/","url":"https:\/\/naturalpoland.com\/wp-content\/uploads\/2021\/05\/natural-poland-icon.png","contentUrl":"https:\/\/naturalpoland.com\/wp-content\/uploads\/2021\/05\/natural-poland-icon.png","width":512,"height":512,"caption":"Natural Poland"},"image":{"@id":"https:\/\/naturalpoland.com\/cs\/#\/schema\/logo\/image\/"},"sameAs":["https:\/\/www.facebook.com\/naturalpoland.b2b","https:\/\/pl.linkedin.com\/company\/natural-poland","https:\/\/www.youtube.com\/channel\/UCgeGGkvOMahZo-xu_MSEWxg"]}]}},"_links":{"self":[{"href":"https:\/\/naturalpoland.com\/cs\/wp-json\/wp\/v2\/product\/40915","targetHints":{"allow":["GET"]}}],"collection":[{"href":"https:\/\/naturalpoland.com\/cs\/wp-json\/wp\/v2\/product"}],"about":[{"href":"https:\/\/naturalpoland.com\/cs\/wp-json\/wp\/v2\/types\/product"}],"wp:featuredmedia":[{"embeddable":true,"href":"https:\/\/naturalpoland.com\/cs\/wp-json\/wp\/v2\/media\/40817"}],"wp:attachment":[{"href":"https:\/\/naturalpoland.com\/cs\/wp-json\/wp\/v2\/media?parent=40915"}],"wp:term":[{"taxonomy":"product_brand","embeddable":true,"href":"https:\/\/naturalpoland.com\/cs\/wp-json\/wp\/v2\/product_brand?post=40915"},{"taxonomy":"product_cat","embeddable":true,"href":"https:\/\/naturalpoland.com\/cs\/wp-json\/wp\/v2\/product_cat?post=40915"},{"taxonomy":"product_tag","embeddable":true,"href":"https:\/\/naturalpoland.com\/cs\/wp-json\/wp\/v2\/product_tag?post=40915"}],"curies":[{"name":"wp","href":"https:\/\/api.w.org\/{rel}","templated":true}]}}