{"id":41112,"date":"2025-05-19T10:07:43","date_gmt":"2025-05-19T08:30:09","guid":{"rendered":"https:\/\/naturalpoland.com\/produkty\/neza\u0159azen\u00e9\/extrakt-z-mesicku-lekarskeho\/"},"modified":"2025-05-19T10:30:09","modified_gmt":"2025-05-19T08:30:09","slug":"extrakt-z-mesicku-lekarskeho","status":"publish","type":"product","link":"https:\/\/naturalpoland.com\/cs\/produkty\/rostlinne-vytazky\/extrakt-z-mesicku-lekarskeho\/","title":{"rendered":"Extrakt z m\u011bs\u00ed\u010dku l\u00e9ka\u0159sk\u00e9ho"},"content":{"rendered":"<p>Marshmallow je rostlina s dlouhou tradic\u00ed pou\u017e\u00edv\u00e1n\u00ed v bylinn\u00e9 medic\u00edn\u011b. Je cen\u011bna zejm\u00e9na pro sv\u00e9 adstringentn\u00ed, protiz\u00e1n\u011btliv\u00e9 a regenera\u010dn\u00ed vlastnosti. <\/p>\n<p>Extrakt z m\u011bs\u00ed\u010dku l\u00e9ka\u0159sk\u00e9ho m\u00e1 podobu jemn\u00e9ho \u017elutohn\u011bd\u00e9ho pr\u00e1\u0161ku a vyzna\u010duje se jemnou bylinnou chut\u00ed a v\u016fn\u00ed. Surovina byla extrahov\u00e1na za pou\u017eit\u00ed vody jako extrak\u010dn\u00edho rozpou\u0161t\u011bdla a maltodextrinu jako nosi\u010de. V\u00fdrobek spl\u0148uje p\u0159\u00edsn\u00e9 normy mikrobiologick\u00e9 a chemick\u00e9 \u010distoty, v\u010detn\u011b obsahu t\u011b\u017ek\u00fdch kov\u016f a rezidu\u00ed pesticid\u016f.  <\/p>\n<h2>Vlastnosti a pou\u017eit\u00ed:<\/h2>\n<p>Pro sv\u00e9 <strong>adstringentn\u00ed a zklid\u0148uj\u00edc\u00ed vlastnosti<\/strong> se extrakt z aditiva pou\u017e\u00edv\u00e1 v kosmetice pro citlivou, c\u00e9vn\u00ed a akn\u00f3zn\u00ed ple\u0165. Dok\u00e1\u017ee podpo\u0159it regeneraci epidermis, zklidnit podr\u00e1\u017ed\u011bn\u00ed a pos\u00edlit hydrolipidovou bari\u00e9ru poko\u017eky. Je tak\u00e9 cen\u011bnou slo\u017ekou v p\u0159\u00edpravc\u00edch ur\u010den\u00fdch k p\u00e9\u010di o zralou ple\u0165 &#8211; d\u00edky p\u0159\u00edtomnosti t\u0159\u00edslovin a polyfenol\u016f pom\u00e1h\u00e1 zlep\u0161ovat pevnost a pru\u017enost.  <\/p>\n<p>Pou\u017e\u00edv\u00e1 se v dopl\u0148c\u00edch stravy pro sv\u00e9 <strong>protiz\u00e1n\u011btliv\u00e9, tr\u00e1vic\u00ed a menstrua\u010dn\u00ed \u00fa\u010dinky<\/strong>. Surovinu lze pou\u017e\u00edt v tablet\u00e1ch, kapsl\u00edch a s\u00e1\u010dc\u00edch a tak\u00e9 v tekut\u00fdch a polotekut\u00fdch v\u00fdrobc\u00edch. <\/p>\n","protected":false},"excerpt":{"rendered":"<p>V\u00fdta\u017eek ze st\u0159ev\u00ed\u010dn\u00edku obecn\u00e9ho je p\u0159\u00edrodn\u00ed rostlinn\u00e1 slo\u017eka z\u00edskan\u00e1 z nadzemn\u00edch \u010d\u00e1st\u00ed rostliny <em>Alchemilla vulgaris<\/em>, b\u011b\u017en\u011b zn\u00e1m\u00e9 jako st\u0159ev\u00ed\u010dn\u00edk obecn\u00fd.<\/p>\n","protected":false},"featured_media":41096,"template":"","meta":[],"product_brand":[],"product_cat":[622],"product_tag":[],"class_list":{"0":"post-41112","1":"product","2":"type-product","3":"status-publish","4":"has-post-thumbnail","6":"product_cat-rostlinne-vytazky","7":"pa_czesc-rosliny-nadzemni-casti","9":"first","10":"instock","11":"shipping-taxable","12":"product-type-simple"},"yoast_head":"<!-- This site is optimized with the Yoast SEO plugin v27.4 - https:\/\/yoast.com\/product\/yoast-seo-wordpress\/ -->\n<title>Extrakt z m\u011bs\u00ed\u010dku l\u00e9ka\u0159sk\u00e9ho - Velkoobchodn\u00ed distributor<\/title>\n<meta name=\"description\" content=\"V\u00fdta\u017eek z pupalky obecn\u00e9 je p\u0159\u00edrodn\u00ed rostlinn\u00e1 slo\u017eka z\u00edskan\u00e1 z nadzemn\u00edch \u010d\u00e1st\u00ed rostliny Alchemilla vulgaris.\" \/>\n<meta name=\"robots\" content=\"index, follow, max-snippet:-1, max-image-preview:large, max-video-preview:-1\" \/>\n<link rel=\"canonical\" href=\"https:\/\/naturalpoland.com\/cs\/produkty\/rostlinne-vytazky\/extrakt-z-mesicku-lekarskeho\/\" \/>\n<meta property=\"og:locale\" content=\"cs_CZ\" \/>\n<meta property=\"og:type\" content=\"article\" \/>\n<meta property=\"og:title\" content=\"Extrakt z m\u011bs\u00ed\u010dku l\u00e9ka\u0159sk\u00e9ho - Velkoobchodn\u00ed distributor\" \/>\n<meta property=\"og:description\" content=\"V\u00fdta\u017eek z pupalky obecn\u00e9 je p\u0159\u00edrodn\u00ed rostlinn\u00e1 slo\u017eka z\u00edskan\u00e1 z nadzemn\u00edch \u010d\u00e1st\u00ed rostliny Alchemilla vulgaris.\" \/>\n<meta property=\"og:url\" content=\"https:\/\/naturalpoland.com\/cs\/produkty\/rostlinne-vytazky\/extrakt-z-mesicku-lekarskeho\/\" \/>\n<meta property=\"og:site_name\" content=\"NATURAL POLAND - Velkoobchodn\u00ed distributor surovin\" \/>\n<meta property=\"article:publisher\" content=\"https:\/\/www.facebook.com\/naturalpoland.b2b\" \/>\n<meta property=\"og:image\" content=\"https:\/\/naturalpoland.com\/wp-content\/uploads\/ekstrakt-z-przywrotnika.webp\" \/>\n\t<meta property=\"og:image:width\" content=\"1024\" \/>\n\t<meta property=\"og:image:height\" content=\"1024\" \/>\n\t<meta property=\"og:image:type\" content=\"image\/webp\" \/>\n<script type=\"application\/ld+json\" class=\"yoast-schema-graph\">{\"@context\":\"https:\\\/\\\/schema.org\",\"@graph\":[{\"@type\":\"WebPage\",\"@id\":\"https:\\\/\\\/naturalpoland.com\\\/cs\\\/produkty\\\/rostlinne-vytazky\\\/extrakt-z-mesicku-lekarskeho\\\/\",\"url\":\"https:\\\/\\\/naturalpoland.com\\\/cs\\\/produkty\\\/rostlinne-vytazky\\\/extrakt-z-mesicku-lekarskeho\\\/\",\"name\":\"Extrakt z m\u011bs\u00ed\u010dku l\u00e9ka\u0159sk\u00e9ho - Velkoobchodn\u00ed distributor\",\"isPartOf\":{\"@id\":\"https:\\\/\\\/naturalpoland.com\\\/cs\\\/#website\"},\"primaryImageOfPage\":{\"@id\":\"https:\\\/\\\/naturalpoland.com\\\/cs\\\/produkty\\\/rostlinne-vytazky\\\/extrakt-z-mesicku-lekarskeho\\\/#primaryimage\"},\"image\":{\"@id\":\"https:\\\/\\\/naturalpoland.com\\\/cs\\\/produkty\\\/rostlinne-vytazky\\\/extrakt-z-mesicku-lekarskeho\\\/#primaryimage\"},\"thumbnailUrl\":\"https:\\\/\\\/naturalpoland.com\\\/wp-content\\\/uploads\\\/ekstrakt-z-przywrotnika.webp\",\"datePublished\":\"2025-05-19T08:30:09+00:00\",\"description\":\"V\u00fdta\u017eek z pupalky obecn\u00e9 je p\u0159\u00edrodn\u00ed rostlinn\u00e1 slo\u017eka z\u00edskan\u00e1 z nadzemn\u00edch \u010d\u00e1st\u00ed rostliny Alchemilla vulgaris.\",\"breadcrumb\":{\"@id\":\"https:\\\/\\\/naturalpoland.com\\\/cs\\\/produkty\\\/rostlinne-vytazky\\\/extrakt-z-mesicku-lekarskeho\\\/#breadcrumb\"},\"inLanguage\":\"cs\",\"potentialAction\":[{\"@type\":\"ReadAction\",\"target\":[\"https:\\\/\\\/naturalpoland.com\\\/cs\\\/produkty\\\/rostlinne-vytazky\\\/extrakt-z-mesicku-lekarskeho\\\/\"]}]},{\"@type\":\"ImageObject\",\"inLanguage\":\"cs\",\"@id\":\"https:\\\/\\\/naturalpoland.com\\\/cs\\\/produkty\\\/rostlinne-vytazky\\\/extrakt-z-mesicku-lekarskeho\\\/#primaryimage\",\"url\":\"https:\\\/\\\/naturalpoland.com\\\/wp-content\\\/uploads\\\/ekstrakt-z-przywrotnika.webp\",\"contentUrl\":\"https:\\\/\\\/naturalpoland.com\\\/wp-content\\\/uploads\\\/ekstrakt-z-przywrotnika.webp\",\"width\":1024,\"height\":1024,\"caption\":\"Ekstrakt z przywrotnika pospolitego\"},{\"@type\":\"BreadcrumbList\",\"@id\":\"https:\\\/\\\/naturalpoland.com\\\/cs\\\/produkty\\\/rostlinne-vytazky\\\/extrakt-z-mesicku-lekarskeho\\\/#breadcrumb\",\"itemListElement\":[{\"@type\":\"ListItem\",\"position\":1,\"name\":\"Dom\u016f\",\"item\":\"https:\\\/\\\/naturalpoland.com\\\/cs\\\/\"},{\"@type\":\"ListItem\",\"position\":2,\"name\":\"Produkty\",\"item\":\"https:\\\/\\\/naturalpoland.com\\\/cs\\\/produkty\\\/\"},{\"@type\":\"ListItem\",\"position\":3,\"name\":\"Extrakt z m\u011bs\u00ed\u010dku l\u00e9ka\u0159sk\u00e9ho\"}]},{\"@type\":\"WebSite\",\"@id\":\"https:\\\/\\\/naturalpoland.com\\\/cs\\\/#website\",\"url\":\"https:\\\/\\\/naturalpoland.com\\\/cs\\\/\",\"name\":\"NATURAL POLAND - Velkoobchodn\u00ed distributor surovin\",\"description\":\"Surowce dla przemys\u0142u spo\u017cywczego, kosmetycznego i farmaceutycznego\",\"publisher\":{\"@id\":\"https:\\\/\\\/naturalpoland.com\\\/cs\\\/#organization\"},\"potentialAction\":[{\"@type\":\"SearchAction\",\"target\":{\"@type\":\"EntryPoint\",\"urlTemplate\":\"https:\\\/\\\/naturalpoland.com\\\/cs\\\/?s={search_term_string}\"},\"query-input\":{\"@type\":\"PropertyValueSpecification\",\"valueRequired\":true,\"valueName\":\"search_term_string\"}}],\"inLanguage\":\"cs\"},{\"@type\":\"Organization\",\"@id\":\"https:\\\/\\\/naturalpoland.com\\\/cs\\\/#organization\",\"name\":\"Natural Poland\",\"url\":\"https:\\\/\\\/naturalpoland.com\\\/cs\\\/\",\"logo\":{\"@type\":\"ImageObject\",\"inLanguage\":\"cs\",\"@id\":\"https:\\\/\\\/naturalpoland.com\\\/cs\\\/#\\\/schema\\\/logo\\\/image\\\/\",\"url\":\"https:\\\/\\\/naturalpoland.com\\\/wp-content\\\/uploads\\\/2021\\\/05\\\/natural-poland-icon.png\",\"contentUrl\":\"https:\\\/\\\/naturalpoland.com\\\/wp-content\\\/uploads\\\/2021\\\/05\\\/natural-poland-icon.png\",\"width\":512,\"height\":512,\"caption\":\"Natural Poland\"},\"image\":{\"@id\":\"https:\\\/\\\/naturalpoland.com\\\/cs\\\/#\\\/schema\\\/logo\\\/image\\\/\"},\"sameAs\":[\"https:\\\/\\\/www.facebook.com\\\/naturalpoland.b2b\",\"https:\\\/\\\/pl.linkedin.com\\\/company\\\/natural-poland\",\"https:\\\/\\\/www.youtube.com\\\/channel\\\/UCgeGGkvOMahZo-xu_MSEWxg\"]}]}<\/script>\n<!-- \/ Yoast SEO plugin. -->","yoast_head_json":{"title":"Extrakt z m\u011bs\u00ed\u010dku l\u00e9ka\u0159sk\u00e9ho - Velkoobchodn\u00ed distributor","description":"V\u00fdta\u017eek z pupalky obecn\u00e9 je p\u0159\u00edrodn\u00ed rostlinn\u00e1 slo\u017eka z\u00edskan\u00e1 z nadzemn\u00edch \u010d\u00e1st\u00ed rostliny Alchemilla vulgaris.","robots":{"index":"index","follow":"follow","max-snippet":"max-snippet:-1","max-image-preview":"max-image-preview:large","max-video-preview":"max-video-preview:-1"},"canonical":"https:\/\/naturalpoland.com\/cs\/produkty\/rostlinne-vytazky\/extrakt-z-mesicku-lekarskeho\/","og_locale":"cs_CZ","og_type":"article","og_title":"Extrakt z m\u011bs\u00ed\u010dku l\u00e9ka\u0159sk\u00e9ho - Velkoobchodn\u00ed distributor","og_description":"V\u00fdta\u017eek z pupalky obecn\u00e9 je p\u0159\u00edrodn\u00ed rostlinn\u00e1 slo\u017eka z\u00edskan\u00e1 z nadzemn\u00edch \u010d\u00e1st\u00ed rostliny Alchemilla vulgaris.","og_url":"https:\/\/naturalpoland.com\/cs\/produkty\/rostlinne-vytazky\/extrakt-z-mesicku-lekarskeho\/","og_site_name":"NATURAL POLAND - Velkoobchodn\u00ed distributor surovin","article_publisher":"https:\/\/www.facebook.com\/naturalpoland.b2b","og_image":[{"width":1024,"height":1024,"url":"https:\/\/naturalpoland.com\/wp-content\/uploads\/ekstrakt-z-przywrotnika.webp","type":"image\/webp"}],"schema":{"@context":"https:\/\/schema.org","@graph":[{"@type":"WebPage","@id":"https:\/\/naturalpoland.com\/cs\/produkty\/rostlinne-vytazky\/extrakt-z-mesicku-lekarskeho\/","url":"https:\/\/naturalpoland.com\/cs\/produkty\/rostlinne-vytazky\/extrakt-z-mesicku-lekarskeho\/","name":"Extrakt z m\u011bs\u00ed\u010dku l\u00e9ka\u0159sk\u00e9ho - Velkoobchodn\u00ed distributor","isPartOf":{"@id":"https:\/\/naturalpoland.com\/cs\/#website"},"primaryImageOfPage":{"@id":"https:\/\/naturalpoland.com\/cs\/produkty\/rostlinne-vytazky\/extrakt-z-mesicku-lekarskeho\/#primaryimage"},"image":{"@id":"https:\/\/naturalpoland.com\/cs\/produkty\/rostlinne-vytazky\/extrakt-z-mesicku-lekarskeho\/#primaryimage"},"thumbnailUrl":"https:\/\/naturalpoland.com\/wp-content\/uploads\/ekstrakt-z-przywrotnika.webp","datePublished":"2025-05-19T08:30:09+00:00","description":"V\u00fdta\u017eek z pupalky obecn\u00e9 je p\u0159\u00edrodn\u00ed rostlinn\u00e1 slo\u017eka z\u00edskan\u00e1 z nadzemn\u00edch \u010d\u00e1st\u00ed rostliny Alchemilla vulgaris.","breadcrumb":{"@id":"https:\/\/naturalpoland.com\/cs\/produkty\/rostlinne-vytazky\/extrakt-z-mesicku-lekarskeho\/#breadcrumb"},"inLanguage":"cs","potentialAction":[{"@type":"ReadAction","target":["https:\/\/naturalpoland.com\/cs\/produkty\/rostlinne-vytazky\/extrakt-z-mesicku-lekarskeho\/"]}]},{"@type":"ImageObject","inLanguage":"cs","@id":"https:\/\/naturalpoland.com\/cs\/produkty\/rostlinne-vytazky\/extrakt-z-mesicku-lekarskeho\/#primaryimage","url":"https:\/\/naturalpoland.com\/wp-content\/uploads\/ekstrakt-z-przywrotnika.webp","contentUrl":"https:\/\/naturalpoland.com\/wp-content\/uploads\/ekstrakt-z-przywrotnika.webp","width":1024,"height":1024,"caption":"Ekstrakt z przywrotnika pospolitego"},{"@type":"BreadcrumbList","@id":"https:\/\/naturalpoland.com\/cs\/produkty\/rostlinne-vytazky\/extrakt-z-mesicku-lekarskeho\/#breadcrumb","itemListElement":[{"@type":"ListItem","position":1,"name":"Dom\u016f","item":"https:\/\/naturalpoland.com\/cs\/"},{"@type":"ListItem","position":2,"name":"Produkty","item":"https:\/\/naturalpoland.com\/cs\/produkty\/"},{"@type":"ListItem","position":3,"name":"Extrakt z m\u011bs\u00ed\u010dku l\u00e9ka\u0159sk\u00e9ho"}]},{"@type":"WebSite","@id":"https:\/\/naturalpoland.com\/cs\/#website","url":"https:\/\/naturalpoland.com\/cs\/","name":"NATURAL POLAND - Velkoobchodn\u00ed distributor surovin","description":"Surowce dla przemys\u0142u spo\u017cywczego, kosmetycznego i farmaceutycznego","publisher":{"@id":"https:\/\/naturalpoland.com\/cs\/#organization"},"potentialAction":[{"@type":"SearchAction","target":{"@type":"EntryPoint","urlTemplate":"https:\/\/naturalpoland.com\/cs\/?s={search_term_string}"},"query-input":{"@type":"PropertyValueSpecification","valueRequired":true,"valueName":"search_term_string"}}],"inLanguage":"cs"},{"@type":"Organization","@id":"https:\/\/naturalpoland.com\/cs\/#organization","name":"Natural Poland","url":"https:\/\/naturalpoland.com\/cs\/","logo":{"@type":"ImageObject","inLanguage":"cs","@id":"https:\/\/naturalpoland.com\/cs\/#\/schema\/logo\/image\/","url":"https:\/\/naturalpoland.com\/wp-content\/uploads\/2021\/05\/natural-poland-icon.png","contentUrl":"https:\/\/naturalpoland.com\/wp-content\/uploads\/2021\/05\/natural-poland-icon.png","width":512,"height":512,"caption":"Natural Poland"},"image":{"@id":"https:\/\/naturalpoland.com\/cs\/#\/schema\/logo\/image\/"},"sameAs":["https:\/\/www.facebook.com\/naturalpoland.b2b","https:\/\/pl.linkedin.com\/company\/natural-poland","https:\/\/www.youtube.com\/channel\/UCgeGGkvOMahZo-xu_MSEWxg"]}]}},"_links":{"self":[{"href":"https:\/\/naturalpoland.com\/cs\/wp-json\/wp\/v2\/product\/41112","targetHints":{"allow":["GET"]}}],"collection":[{"href":"https:\/\/naturalpoland.com\/cs\/wp-json\/wp\/v2\/product"}],"about":[{"href":"https:\/\/naturalpoland.com\/cs\/wp-json\/wp\/v2\/types\/product"}],"wp:featuredmedia":[{"embeddable":true,"href":"https:\/\/naturalpoland.com\/cs\/wp-json\/wp\/v2\/media\/41096"}],"wp:attachment":[{"href":"https:\/\/naturalpoland.com\/cs\/wp-json\/wp\/v2\/media?parent=41112"}],"wp:term":[{"taxonomy":"product_brand","embeddable":true,"href":"https:\/\/naturalpoland.com\/cs\/wp-json\/wp\/v2\/product_brand?post=41112"},{"taxonomy":"product_cat","embeddable":true,"href":"https:\/\/naturalpoland.com\/cs\/wp-json\/wp\/v2\/product_cat?post=41112"},{"taxonomy":"product_tag","embeddable":true,"href":"https:\/\/naturalpoland.com\/cs\/wp-json\/wp\/v2\/product_tag?post=41112"}],"curies":[{"name":"wp","href":"https:\/\/api.w.org\/{rel}","templated":true}]}}