{"id":41266,"date":"2025-05-29T14:10:51","date_gmt":"2025-05-29T13:51:39","guid":{"rendered":"https:\/\/naturalpoland.com\/produkty\/neza\u0159azen\u00e9\/vytazek-z-visni\/"},"modified":"2025-05-29T15:51:39","modified_gmt":"2025-05-29T13:51:39","slug":"vytazek-z-visni","status":"publish","type":"product","link":"https:\/\/naturalpoland.com\/cs\/produkty\/rostlinne-vytazky\/vytazek-z-visni\/","title":{"rendered":"V\u00fdta\u017eek z vi\u0161n\u00ed"},"content":{"rendered":"<h2>Vlastnosti vi\u0161\u0148ov\u00e9ho extraktu<\/h2>\n<p>Extrakt z vi\u0161n\u00ed obsahuje p\u0159\u00edrodn\u00ed polyfenoly, antokyany a dal\u0161\u00ed antioxidanty, kter\u00e9 maj\u00ed ochrann\u00fd \u00fa\u010dinek na bu\u0148ky t\u011bla, sni\u017euj\u00ed oxida\u010dn\u00ed stres a z\u00e1n\u011bty. Pravideln\u00e9 u\u017e\u00edv\u00e1n\u00ed extraktu <strong>p\u0159irozen\u011b zvy\u0161uje hladinu melatoninu,<\/strong> hormonu zodpov\u011bdn\u00e9ho za regulaci denn\u00edho rytmu. V\u00fdzkumy tak\u00e9 nazna\u010duj\u00ed jeho p\u0159\u00edzniv\u00e9 \u00fa\u010dinky na <strong>regeneraci sval\u016f po<\/strong> cvi\u010den\u00ed a tak\u00e9 na <strong>zm\u00edrn\u011bn\u00ed p\u0159\u00edznak\u016f dny.<\/strong> V\u00fdrobek se vyzna\u010duje r\u016f\u017eovofialovou barvou, v\u00fdraznou chut\u00ed a v\u016fn\u00ed a velmi jemnou konzistenc\u00ed.   <\/p>\n<h2>Pou\u017eit\u00ed:<\/h2>\n<p>Extrakt z vi\u0161n\u00ed se pou\u017e\u00edv\u00e1 p\u0159edev\u0161\u00edm v<strong> dopl\u0148c\u00edch stravy na podporu zdrav\u00e9ho sp\u00e1nku, regenerace po tr\u00e9ninku a antioxida\u010dn\u00ed ochrany.<\/strong> V potravin\u00e1\u0159sk\u00e9m pr\u016fmyslu m\u016f\u017ee b\u00fdt slo\u017ekou proteinov\u00fdch ty\u010dinek, funk\u010dn\u00edch n\u00e1poj\u016f, kapsl\u00ed a n\u00e1pojov\u00fdch pr\u00e1\u0161k\u016f. D\u00edky pou\u017eit\u00ed vody jako rozpou\u0161t\u011bdla a p\u0159\u00edtomnosti maltodextrinu jako nosi\u010de je v\u00fdrobek vhodn\u00fd pro r\u016fzn\u00e9 receptury. Neobsahuje GMO a spl\u0148uje evropsk\u00e9 a americk\u00e9 normy pro rezidua pesticid\u016f a t\u011b\u017ek\u00fdch kov\u016f.   <\/p>\n","protected":false},"excerpt":{"rendered":"<p><em>Extrakt z t\u0159e\u0161n\u00ed se<\/em><strong>z\u00edsk\u00e1v\u00e1 z<\/strong> plod\u016f <em>Prunus cerasus. <\/em>Pou\u017e\u00edv\u00e1 se v pr\u016fmyslu dopl\u0148k\u016f stravy a funk\u010dn\u00edch potravin.<\/p>\n","protected":false},"featured_media":41210,"template":"","meta":{"_acf_changed":false},"product_brand":[],"product_cat":[622],"product_tag":[],"class_list":{"0":"post-41266","1":"product","2":"type-product","3":"status-publish","4":"has-post-thumbnail","6":"product_cat-rostlinne-vytazky","7":"pa_czesc-rosliny-ovoce","9":"first","10":"instock","11":"shipping-taxable","12":"product-type-simple"},"acf":[],"yoast_head":"<!-- This site is optimized with the Yoast SEO plugin v27.4 - https:\/\/yoast.com\/product\/yoast-seo-wordpress\/ -->\n<title>V\u00fdta\u017eek z vi\u0161n\u00ed - Velkoobchodn\u00ed distributor<\/title>\n<meta name=\"description\" content=\"Extrakt z vi\u0161n\u00ed, z\u00edskan\u00fd z plod\u016f Prunus cerasus, je zaj\u00edmavou slo\u017ekou v pr\u016fmyslu dopl\u0148k\u016f stravy.\" \/>\n<meta name=\"robots\" content=\"index, follow, max-snippet:-1, max-image-preview:large, max-video-preview:-1\" \/>\n<link rel=\"canonical\" href=\"https:\/\/naturalpoland.com\/cs\/produkty\/rostlinne-vytazky\/vytazek-z-visni\/\" \/>\n<meta property=\"og:locale\" content=\"cs_CZ\" \/>\n<meta property=\"og:type\" content=\"article\" \/>\n<meta property=\"og:title\" content=\"V\u00fdta\u017eek z vi\u0161n\u00ed - Velkoobchodn\u00ed distributor\" \/>\n<meta property=\"og:description\" content=\"Extrakt z vi\u0161n\u00ed, z\u00edskan\u00fd z plod\u016f Prunus cerasus, je zaj\u00edmavou slo\u017ekou v pr\u016fmyslu dopl\u0148k\u016f stravy.\" \/>\n<meta property=\"og:url\" content=\"https:\/\/naturalpoland.com\/cs\/produkty\/rostlinne-vytazky\/vytazek-z-visni\/\" \/>\n<meta property=\"og:site_name\" content=\"NATURAL POLAND - Velkoobchodn\u00ed distributor surovin\" \/>\n<meta property=\"article:publisher\" content=\"https:\/\/www.facebook.com\/naturalpoland.b2b\" \/>\n<meta property=\"og:image\" content=\"https:\/\/naturalpoland.com\/wp-content\/uploads\/ekstrakt-z-wisni-kwasnej.webp\" \/>\n\t<meta property=\"og:image:width\" content=\"1024\" \/>\n\t<meta property=\"og:image:height\" content=\"1024\" \/>\n\t<meta property=\"og:image:type\" content=\"image\/webp\" \/>\n<script type=\"application\/ld+json\" class=\"yoast-schema-graph\">{\"@context\":\"https:\\\/\\\/schema.org\",\"@graph\":[{\"@type\":\"WebPage\",\"@id\":\"https:\\\/\\\/naturalpoland.com\\\/cs\\\/produkty\\\/rostlinne-vytazky\\\/vytazek-z-visni\\\/\",\"url\":\"https:\\\/\\\/naturalpoland.com\\\/cs\\\/produkty\\\/rostlinne-vytazky\\\/vytazek-z-visni\\\/\",\"name\":\"V\u00fdta\u017eek z vi\u0161n\u00ed - Velkoobchodn\u00ed distributor\",\"isPartOf\":{\"@id\":\"https:\\\/\\\/naturalpoland.com\\\/cs\\\/#website\"},\"primaryImageOfPage\":{\"@id\":\"https:\\\/\\\/naturalpoland.com\\\/cs\\\/produkty\\\/rostlinne-vytazky\\\/vytazek-z-visni\\\/#primaryimage\"},\"image\":{\"@id\":\"https:\\\/\\\/naturalpoland.com\\\/cs\\\/produkty\\\/rostlinne-vytazky\\\/vytazek-z-visni\\\/#primaryimage\"},\"thumbnailUrl\":\"https:\\\/\\\/naturalpoland.com\\\/wp-content\\\/uploads\\\/ekstrakt-z-wisni-kwasnej.webp\",\"datePublished\":\"2025-05-29T13:51:39+00:00\",\"description\":\"Extrakt z vi\u0161n\u00ed, z\u00edskan\u00fd z plod\u016f Prunus cerasus, je zaj\u00edmavou slo\u017ekou v pr\u016fmyslu dopl\u0148k\u016f stravy.\",\"breadcrumb\":{\"@id\":\"https:\\\/\\\/naturalpoland.com\\\/cs\\\/produkty\\\/rostlinne-vytazky\\\/vytazek-z-visni\\\/#breadcrumb\"},\"inLanguage\":\"cs\",\"potentialAction\":[{\"@type\":\"ReadAction\",\"target\":[\"https:\\\/\\\/naturalpoland.com\\\/cs\\\/produkty\\\/rostlinne-vytazky\\\/vytazek-z-visni\\\/\"]}]},{\"@type\":\"ImageObject\",\"inLanguage\":\"cs\",\"@id\":\"https:\\\/\\\/naturalpoland.com\\\/cs\\\/produkty\\\/rostlinne-vytazky\\\/vytazek-z-visni\\\/#primaryimage\",\"url\":\"https:\\\/\\\/naturalpoland.com\\\/wp-content\\\/uploads\\\/ekstrakt-z-wisni-kwasnej.webp\",\"contentUrl\":\"https:\\\/\\\/naturalpoland.com\\\/wp-content\\\/uploads\\\/ekstrakt-z-wisni-kwasnej.webp\",\"width\":1024,\"height\":1024,\"caption\":\"Ekstrakt z wi\u015bni kwa\u015bnej w proszku\"},{\"@type\":\"BreadcrumbList\",\"@id\":\"https:\\\/\\\/naturalpoland.com\\\/cs\\\/produkty\\\/rostlinne-vytazky\\\/vytazek-z-visni\\\/#breadcrumb\",\"itemListElement\":[{\"@type\":\"ListItem\",\"position\":1,\"name\":\"Dom\u016f\",\"item\":\"https:\\\/\\\/naturalpoland.com\\\/cs\\\/\"},{\"@type\":\"ListItem\",\"position\":2,\"name\":\"Produkty\",\"item\":\"https:\\\/\\\/naturalpoland.com\\\/cs\\\/produkty\\\/\"},{\"@type\":\"ListItem\",\"position\":3,\"name\":\"V\u00fdta\u017eek z vi\u0161n\u00ed\"}]},{\"@type\":\"WebSite\",\"@id\":\"https:\\\/\\\/naturalpoland.com\\\/cs\\\/#website\",\"url\":\"https:\\\/\\\/naturalpoland.com\\\/cs\\\/\",\"name\":\"NATURAL POLAND - Velkoobchodn\u00ed distributor surovin\",\"description\":\"Surowce dla przemys\u0142u spo\u017cywczego, kosmetycznego i farmaceutycznego\",\"publisher\":{\"@id\":\"https:\\\/\\\/naturalpoland.com\\\/cs\\\/#organization\"},\"potentialAction\":[{\"@type\":\"SearchAction\",\"target\":{\"@type\":\"EntryPoint\",\"urlTemplate\":\"https:\\\/\\\/naturalpoland.com\\\/cs\\\/?s={search_term_string}\"},\"query-input\":{\"@type\":\"PropertyValueSpecification\",\"valueRequired\":true,\"valueName\":\"search_term_string\"}}],\"inLanguage\":\"cs\"},{\"@type\":\"Organization\",\"@id\":\"https:\\\/\\\/naturalpoland.com\\\/cs\\\/#organization\",\"name\":\"Natural Poland\",\"url\":\"https:\\\/\\\/naturalpoland.com\\\/cs\\\/\",\"logo\":{\"@type\":\"ImageObject\",\"inLanguage\":\"cs\",\"@id\":\"https:\\\/\\\/naturalpoland.com\\\/cs\\\/#\\\/schema\\\/logo\\\/image\\\/\",\"url\":\"https:\\\/\\\/naturalpoland.com\\\/wp-content\\\/uploads\\\/2021\\\/05\\\/natural-poland-icon.png\",\"contentUrl\":\"https:\\\/\\\/naturalpoland.com\\\/wp-content\\\/uploads\\\/2021\\\/05\\\/natural-poland-icon.png\",\"width\":512,\"height\":512,\"caption\":\"Natural Poland\"},\"image\":{\"@id\":\"https:\\\/\\\/naturalpoland.com\\\/cs\\\/#\\\/schema\\\/logo\\\/image\\\/\"},\"sameAs\":[\"https:\\\/\\\/www.facebook.com\\\/naturalpoland.b2b\",\"https:\\\/\\\/pl.linkedin.com\\\/company\\\/natural-poland\",\"https:\\\/\\\/www.youtube.com\\\/channel\\\/UCgeGGkvOMahZo-xu_MSEWxg\"]}]}<\/script>\n<!-- \/ Yoast SEO plugin. -->","yoast_head_json":{"title":"V\u00fdta\u017eek z vi\u0161n\u00ed - Velkoobchodn\u00ed distributor","description":"Extrakt z vi\u0161n\u00ed, z\u00edskan\u00fd z plod\u016f Prunus cerasus, je zaj\u00edmavou slo\u017ekou v pr\u016fmyslu dopl\u0148k\u016f stravy.","robots":{"index":"index","follow":"follow","max-snippet":"max-snippet:-1","max-image-preview":"max-image-preview:large","max-video-preview":"max-video-preview:-1"},"canonical":"https:\/\/naturalpoland.com\/cs\/produkty\/rostlinne-vytazky\/vytazek-z-visni\/","og_locale":"cs_CZ","og_type":"article","og_title":"V\u00fdta\u017eek z vi\u0161n\u00ed - Velkoobchodn\u00ed distributor","og_description":"Extrakt z vi\u0161n\u00ed, z\u00edskan\u00fd z plod\u016f Prunus cerasus, je zaj\u00edmavou slo\u017ekou v pr\u016fmyslu dopl\u0148k\u016f stravy.","og_url":"https:\/\/naturalpoland.com\/cs\/produkty\/rostlinne-vytazky\/vytazek-z-visni\/","og_site_name":"NATURAL POLAND - Velkoobchodn\u00ed distributor surovin","article_publisher":"https:\/\/www.facebook.com\/naturalpoland.b2b","og_image":[{"width":1024,"height":1024,"url":"https:\/\/naturalpoland.com\/wp-content\/uploads\/ekstrakt-z-wisni-kwasnej.webp","type":"image\/webp"}],"schema":{"@context":"https:\/\/schema.org","@graph":[{"@type":"WebPage","@id":"https:\/\/naturalpoland.com\/cs\/produkty\/rostlinne-vytazky\/vytazek-z-visni\/","url":"https:\/\/naturalpoland.com\/cs\/produkty\/rostlinne-vytazky\/vytazek-z-visni\/","name":"V\u00fdta\u017eek z vi\u0161n\u00ed - Velkoobchodn\u00ed distributor","isPartOf":{"@id":"https:\/\/naturalpoland.com\/cs\/#website"},"primaryImageOfPage":{"@id":"https:\/\/naturalpoland.com\/cs\/produkty\/rostlinne-vytazky\/vytazek-z-visni\/#primaryimage"},"image":{"@id":"https:\/\/naturalpoland.com\/cs\/produkty\/rostlinne-vytazky\/vytazek-z-visni\/#primaryimage"},"thumbnailUrl":"https:\/\/naturalpoland.com\/wp-content\/uploads\/ekstrakt-z-wisni-kwasnej.webp","datePublished":"2025-05-29T13:51:39+00:00","description":"Extrakt z vi\u0161n\u00ed, z\u00edskan\u00fd z plod\u016f Prunus cerasus, je zaj\u00edmavou slo\u017ekou v pr\u016fmyslu dopl\u0148k\u016f stravy.","breadcrumb":{"@id":"https:\/\/naturalpoland.com\/cs\/produkty\/rostlinne-vytazky\/vytazek-z-visni\/#breadcrumb"},"inLanguage":"cs","potentialAction":[{"@type":"ReadAction","target":["https:\/\/naturalpoland.com\/cs\/produkty\/rostlinne-vytazky\/vytazek-z-visni\/"]}]},{"@type":"ImageObject","inLanguage":"cs","@id":"https:\/\/naturalpoland.com\/cs\/produkty\/rostlinne-vytazky\/vytazek-z-visni\/#primaryimage","url":"https:\/\/naturalpoland.com\/wp-content\/uploads\/ekstrakt-z-wisni-kwasnej.webp","contentUrl":"https:\/\/naturalpoland.com\/wp-content\/uploads\/ekstrakt-z-wisni-kwasnej.webp","width":1024,"height":1024,"caption":"Ekstrakt z wi\u015bni kwa\u015bnej w proszku"},{"@type":"BreadcrumbList","@id":"https:\/\/naturalpoland.com\/cs\/produkty\/rostlinne-vytazky\/vytazek-z-visni\/#breadcrumb","itemListElement":[{"@type":"ListItem","position":1,"name":"Dom\u016f","item":"https:\/\/naturalpoland.com\/cs\/"},{"@type":"ListItem","position":2,"name":"Produkty","item":"https:\/\/naturalpoland.com\/cs\/produkty\/"},{"@type":"ListItem","position":3,"name":"V\u00fdta\u017eek z vi\u0161n\u00ed"}]},{"@type":"WebSite","@id":"https:\/\/naturalpoland.com\/cs\/#website","url":"https:\/\/naturalpoland.com\/cs\/","name":"NATURAL POLAND - Velkoobchodn\u00ed distributor surovin","description":"Surowce dla przemys\u0142u spo\u017cywczego, kosmetycznego i farmaceutycznego","publisher":{"@id":"https:\/\/naturalpoland.com\/cs\/#organization"},"potentialAction":[{"@type":"SearchAction","target":{"@type":"EntryPoint","urlTemplate":"https:\/\/naturalpoland.com\/cs\/?s={search_term_string}"},"query-input":{"@type":"PropertyValueSpecification","valueRequired":true,"valueName":"search_term_string"}}],"inLanguage":"cs"},{"@type":"Organization","@id":"https:\/\/naturalpoland.com\/cs\/#organization","name":"Natural Poland","url":"https:\/\/naturalpoland.com\/cs\/","logo":{"@type":"ImageObject","inLanguage":"cs","@id":"https:\/\/naturalpoland.com\/cs\/#\/schema\/logo\/image\/","url":"https:\/\/naturalpoland.com\/wp-content\/uploads\/2021\/05\/natural-poland-icon.png","contentUrl":"https:\/\/naturalpoland.com\/wp-content\/uploads\/2021\/05\/natural-poland-icon.png","width":512,"height":512,"caption":"Natural Poland"},"image":{"@id":"https:\/\/naturalpoland.com\/cs\/#\/schema\/logo\/image\/"},"sameAs":["https:\/\/www.facebook.com\/naturalpoland.b2b","https:\/\/pl.linkedin.com\/company\/natural-poland","https:\/\/www.youtube.com\/channel\/UCgeGGkvOMahZo-xu_MSEWxg"]}]}},"_links":{"self":[{"href":"https:\/\/naturalpoland.com\/cs\/wp-json\/wp\/v2\/product\/41266","targetHints":{"allow":["GET"]}}],"collection":[{"href":"https:\/\/naturalpoland.com\/cs\/wp-json\/wp\/v2\/product"}],"about":[{"href":"https:\/\/naturalpoland.com\/cs\/wp-json\/wp\/v2\/types\/product"}],"wp:featuredmedia":[{"embeddable":true,"href":"https:\/\/naturalpoland.com\/cs\/wp-json\/wp\/v2\/media\/41210"}],"wp:attachment":[{"href":"https:\/\/naturalpoland.com\/cs\/wp-json\/wp\/v2\/media?parent=41266"}],"wp:term":[{"taxonomy":"product_brand","embeddable":true,"href":"https:\/\/naturalpoland.com\/cs\/wp-json\/wp\/v2\/product_brand?post=41266"},{"taxonomy":"product_cat","embeddable":true,"href":"https:\/\/naturalpoland.com\/cs\/wp-json\/wp\/v2\/product_cat?post=41266"},{"taxonomy":"product_tag","embeddable":true,"href":"https:\/\/naturalpoland.com\/cs\/wp-json\/wp\/v2\/product_tag?post=41266"}],"curies":[{"name":"wp","href":"https:\/\/api.w.org\/{rel}","templated":true}]}}