{"id":41295,"date":"2025-05-29T13:07:42","date_gmt":"2025-05-29T13:52:46","guid":{"rendered":"https:\/\/naturalpoland.com\/produkty\/neza\u0159azen\u00e9\/extrakt-z-cerneho-rybizu\/"},"modified":"2025-05-29T15:52:46","modified_gmt":"2025-05-29T13:52:46","slug":"extrakt-z-cerneho-rybizu","status":"publish","type":"product","link":"https:\/\/naturalpoland.com\/cs\/produkty\/rostlinne-vytazky\/extrakt-z-cerneho-rybizu\/","title":{"rendered":"Extrakt z \u010dern\u00e9ho ryb\u00edzu"},"content":{"rendered":"<h2>Vlastnosti extraktu z \u010dern\u00e9ho ryb\u00edzu<\/h2>\n<p>Extrakt z \u010dern\u00e9ho ryb\u00edzu se vyzna\u010duje intenzivn\u00ed purpurov\u011b \u010dervenou barvou a charakteristickou p\u0159\u00edrodn\u00ed chut\u00ed a v\u016fn\u00ed. Hlavn\u00edmi \u00fa\u010dinn\u00fdmi slo\u017ekami jsou <a href=\"https:\/\/naturalpoland.com\/artykuly\/dodatki-do-zywnosci\/czym-sa-antocyjany-i-jakie-maja-zastosowanie\/\"><strong>antokyany<\/strong><\/a> &#8211; siln\u00e9 antioxidanty s prok\u00e1zan\u00fdmi ochrann\u00fdmi \u00fa\u010dinky na t\u011blesn\u00e9 bu\u0148ky. D\u00edky tomu je extrakt:  <\/p>\n<ul>\n<li>pom\u00e1h\u00e1 neutralizovat voln\u00e9 radik\u00e1ly,<\/li>\n<li>zpomaluje proces st\u00e1rnut\u00ed,<\/li>\n<li>podporuje imunitn\u00ed syst\u00e9m,<\/li>\n<li>m\u016f\u017ee zlep\u0161it krevn\u00ed ob\u011bh.<\/li>\n<\/ul>\n<p>Listy \u010dern\u00e9ho ryb\u00edzu se <a href=\"https:\/\/naturalpoland.com\/artykuly\/produkty-naturalne\/ziololecznictwo-a-fitoterapia-czym-sie-roznia\/\">po stalet\u00ed pou\u017e\u00edvaj\u00ed ve fytoterapii<\/a> jako diuretikum, protiz\u00e1n\u011btliv\u00fd a c\u00e9vy roz\u0161i\u0159uj\u00edc\u00ed prost\u0159edek. P\u0159\u00edtomnost <a href=\"https:\/\/naturalpoland.com\/artykuly\/produkty-naturalne\/czym-sa-i-jak-dzialaja-flawonoidy\/\">flavonoid\u016f a<\/a> t\u0159\u00edslovin m\u00e1 p\u0159\u00edzniv\u00fd vliv na stav poko\u017eky a podporuje detoxika\u010dn\u00ed \u010dinnost organismu. <\/p>\n<h2 data-start=\"1225\" data-end=\"1241\">Aplikace<\/h2>\n<p data-start=\"1243\" data-end=\"1769\" data-is-last-node=\"\" data-is-only-node=\"\">Extrakt z \u010dern\u00e9ho ryb\u00edzu je obl\u00edbenou surovinou v <strong>dopl\u0148kov\u00e9m pr\u016fmyslu.<\/strong> Pou\u017e\u00edv\u00e1 se v p\u0159\u00edpravc\u00edch na podporu imunity, antioxidant\u016f a kardiovaskul\u00e1rn\u00edch syst\u00e9m\u016f. <\/p>\n<p data-start=\"1243\" data-end=\"1769\" data-is-last-node=\"\" data-is-only-node=\"\">V <strong>kosmetick\u00e9m pr\u016fmyslu<\/strong> se d\u00edky sv\u00fdm protiz\u00e1n\u011btliv\u00fdm, antioxida\u010dn\u00edm a mikrocirkulaci podporuj\u00edc\u00edm vlastnostem m\u016f\u017ee pou\u017e\u00edvat v p\u0159\u00edpravc\u00edch pro zralou a c\u00e9vn\u00ed ple\u0165.<\/p>\n<p data-start=\"1243\" data-end=\"1769\" data-is-last-node=\"\" data-is-only-node=\"\">Pou\u017e\u00edv\u00e1 se tak\u00e9 jako <strong>funk\u010dn\u00ed p\u0159\u00edsada do potravin podporuj\u00edc\u00edch zdrav\u00ed,<\/strong> bylinn\u00fdch \u010daj\u016f a p\u0159\u00edrodn\u00edch n\u00e1poj\u016f.<\/p>\n","protected":false},"excerpt":{"rendered":"<p><strong>Extrakt z \u010dern\u00e9ho ryb\u00edzu se<\/strong> z\u00edsk\u00e1v\u00e1 z list\u016f rostliny. <strong><em>Ribes nigrum L. <\/em><\/strong>metodou extrakce vodou a alkoholem s p\u0159\u00eddavkem maltodextrinu jako nosi\u010de. V\u00fdrobek si zachov\u00e1v\u00e1 vysokou mikrobiologickou a chemickou kvalitu. <\/p>\n","protected":false},"featured_media":41197,"template":"","meta":[],"product_brand":[],"product_cat":[622],"product_tag":[],"class_list":{"0":"post-41295","1":"product","2":"type-product","3":"status-publish","4":"has-post-thumbnail","6":"product_cat-rostlinne-vytazky","7":"pa_czesc-rosliny-listy","8":"pa_skladnik-aktywny-antokyany","10":"first","11":"instock","12":"shipping-taxable","13":"product-type-simple"},"yoast_head":"<!-- This site is optimized with the Yoast SEO plugin v27.4 - https:\/\/yoast.com\/product\/yoast-seo-wordpress\/ -->\n<title>Extrakt z \u010dern\u00e9ho ryb\u00edzu - Velkoobchodn\u00ed distributor<\/title>\n<meta name=\"description\" content=\"extrakt z \u010dern\u00e9ho ryb\u00edzu je p\u0159\u00edrodn\u00ed rostlinn\u00e1 slo\u017eka s v\u00fdjime\u010dn\u00fdmi zdrav\u00ed prosp\u011b\u0161n\u00fdmi vlastnostmi, z\u00edsk\u00e1van\u00e1 z list\u016f Ribes nigrum L.\" \/>\n<meta name=\"robots\" content=\"index, follow, max-snippet:-1, max-image-preview:large, max-video-preview:-1\" \/>\n<link rel=\"canonical\" href=\"https:\/\/naturalpoland.com\/cs\/produkty\/rostlinne-vytazky\/extrakt-z-cerneho-rybizu\/\" \/>\n<meta property=\"og:locale\" content=\"cs_CZ\" \/>\n<meta property=\"og:type\" content=\"article\" \/>\n<meta property=\"og:title\" content=\"Extrakt z \u010dern\u00e9ho ryb\u00edzu - Velkoobchodn\u00ed distributor\" \/>\n<meta property=\"og:description\" content=\"extrakt z \u010dern\u00e9ho ryb\u00edzu je p\u0159\u00edrodn\u00ed rostlinn\u00e1 slo\u017eka s v\u00fdjime\u010dn\u00fdmi zdrav\u00ed prosp\u011b\u0161n\u00fdmi vlastnostmi, z\u00edsk\u00e1van\u00e1 z list\u016f Ribes nigrum L.\" \/>\n<meta property=\"og:url\" content=\"https:\/\/naturalpoland.com\/cs\/produkty\/rostlinne-vytazky\/extrakt-z-cerneho-rybizu\/\" \/>\n<meta property=\"og:site_name\" content=\"NATURAL POLAND - Velkoobchodn\u00ed distributor surovin\" \/>\n<meta property=\"article:publisher\" content=\"https:\/\/www.facebook.com\/naturalpoland.b2b\" \/>\n<meta property=\"og:image\" content=\"https:\/\/naturalpoland.com\/wp-content\/uploads\/ekstrakt-z-czarnej-porzeczki.webp\" \/>\n\t<meta property=\"og:image:width\" content=\"1024\" \/>\n\t<meta property=\"og:image:height\" content=\"1024\" \/>\n\t<meta property=\"og:image:type\" content=\"image\/webp\" \/>\n<script type=\"application\/ld+json\" class=\"yoast-schema-graph\">{\"@context\":\"https:\\\/\\\/schema.org\",\"@graph\":[{\"@type\":\"WebPage\",\"@id\":\"https:\\\/\\\/naturalpoland.com\\\/cs\\\/produkty\\\/rostlinne-vytazky\\\/extrakt-z-cerneho-rybizu\\\/\",\"url\":\"https:\\\/\\\/naturalpoland.com\\\/cs\\\/produkty\\\/rostlinne-vytazky\\\/extrakt-z-cerneho-rybizu\\\/\",\"name\":\"Extrakt z \u010dern\u00e9ho ryb\u00edzu - Velkoobchodn\u00ed distributor\",\"isPartOf\":{\"@id\":\"https:\\\/\\\/naturalpoland.com\\\/cs\\\/#website\"},\"primaryImageOfPage\":{\"@id\":\"https:\\\/\\\/naturalpoland.com\\\/cs\\\/produkty\\\/rostlinne-vytazky\\\/extrakt-z-cerneho-rybizu\\\/#primaryimage\"},\"image\":{\"@id\":\"https:\\\/\\\/naturalpoland.com\\\/cs\\\/produkty\\\/rostlinne-vytazky\\\/extrakt-z-cerneho-rybizu\\\/#primaryimage\"},\"thumbnailUrl\":\"https:\\\/\\\/naturalpoland.com\\\/wp-content\\\/uploads\\\/ekstrakt-z-czarnej-porzeczki.webp\",\"datePublished\":\"2025-05-29T13:52:46+00:00\",\"description\":\"extrakt z \u010dern\u00e9ho ryb\u00edzu je p\u0159\u00edrodn\u00ed rostlinn\u00e1 slo\u017eka s v\u00fdjime\u010dn\u00fdmi zdrav\u00ed prosp\u011b\u0161n\u00fdmi vlastnostmi, z\u00edsk\u00e1van\u00e1 z list\u016f Ribes nigrum L.\",\"breadcrumb\":{\"@id\":\"https:\\\/\\\/naturalpoland.com\\\/cs\\\/produkty\\\/rostlinne-vytazky\\\/extrakt-z-cerneho-rybizu\\\/#breadcrumb\"},\"inLanguage\":\"cs\",\"potentialAction\":[{\"@type\":\"ReadAction\",\"target\":[\"https:\\\/\\\/naturalpoland.com\\\/cs\\\/produkty\\\/rostlinne-vytazky\\\/extrakt-z-cerneho-rybizu\\\/\"]}]},{\"@type\":\"ImageObject\",\"inLanguage\":\"cs\",\"@id\":\"https:\\\/\\\/naturalpoland.com\\\/cs\\\/produkty\\\/rostlinne-vytazky\\\/extrakt-z-cerneho-rybizu\\\/#primaryimage\",\"url\":\"https:\\\/\\\/naturalpoland.com\\\/wp-content\\\/uploads\\\/ekstrakt-z-czarnej-porzeczki.webp\",\"contentUrl\":\"https:\\\/\\\/naturalpoland.com\\\/wp-content\\\/uploads\\\/ekstrakt-z-czarnej-porzeczki.webp\",\"width\":1024,\"height\":1024,\"caption\":\"ekstrakt z czarnej porzeczki\"},{\"@type\":\"BreadcrumbList\",\"@id\":\"https:\\\/\\\/naturalpoland.com\\\/cs\\\/produkty\\\/rostlinne-vytazky\\\/extrakt-z-cerneho-rybizu\\\/#breadcrumb\",\"itemListElement\":[{\"@type\":\"ListItem\",\"position\":1,\"name\":\"Dom\u016f\",\"item\":\"https:\\\/\\\/naturalpoland.com\\\/cs\\\/\"},{\"@type\":\"ListItem\",\"position\":2,\"name\":\"Produkty\",\"item\":\"https:\\\/\\\/naturalpoland.com\\\/cs\\\/produkty\\\/\"},{\"@type\":\"ListItem\",\"position\":3,\"name\":\"Extrakt z \u010dern\u00e9ho ryb\u00edzu\"}]},{\"@type\":\"WebSite\",\"@id\":\"https:\\\/\\\/naturalpoland.com\\\/cs\\\/#website\",\"url\":\"https:\\\/\\\/naturalpoland.com\\\/cs\\\/\",\"name\":\"NATURAL POLAND - Velkoobchodn\u00ed distributor surovin\",\"description\":\"Surowce dla przemys\u0142u spo\u017cywczego, kosmetycznego i farmaceutycznego\",\"publisher\":{\"@id\":\"https:\\\/\\\/naturalpoland.com\\\/cs\\\/#organization\"},\"potentialAction\":[{\"@type\":\"SearchAction\",\"target\":{\"@type\":\"EntryPoint\",\"urlTemplate\":\"https:\\\/\\\/naturalpoland.com\\\/cs\\\/?s={search_term_string}\"},\"query-input\":{\"@type\":\"PropertyValueSpecification\",\"valueRequired\":true,\"valueName\":\"search_term_string\"}}],\"inLanguage\":\"cs\"},{\"@type\":\"Organization\",\"@id\":\"https:\\\/\\\/naturalpoland.com\\\/cs\\\/#organization\",\"name\":\"Natural Poland\",\"url\":\"https:\\\/\\\/naturalpoland.com\\\/cs\\\/\",\"logo\":{\"@type\":\"ImageObject\",\"inLanguage\":\"cs\",\"@id\":\"https:\\\/\\\/naturalpoland.com\\\/cs\\\/#\\\/schema\\\/logo\\\/image\\\/\",\"url\":\"https:\\\/\\\/naturalpoland.com\\\/wp-content\\\/uploads\\\/2021\\\/05\\\/natural-poland-icon.png\",\"contentUrl\":\"https:\\\/\\\/naturalpoland.com\\\/wp-content\\\/uploads\\\/2021\\\/05\\\/natural-poland-icon.png\",\"width\":512,\"height\":512,\"caption\":\"Natural Poland\"},\"image\":{\"@id\":\"https:\\\/\\\/naturalpoland.com\\\/cs\\\/#\\\/schema\\\/logo\\\/image\\\/\"},\"sameAs\":[\"https:\\\/\\\/www.facebook.com\\\/naturalpoland.b2b\",\"https:\\\/\\\/pl.linkedin.com\\\/company\\\/natural-poland\",\"https:\\\/\\\/www.youtube.com\\\/channel\\\/UCgeGGkvOMahZo-xu_MSEWxg\"]}]}<\/script>\n<!-- \/ Yoast SEO plugin. -->","yoast_head_json":{"title":"Extrakt z \u010dern\u00e9ho ryb\u00edzu - Velkoobchodn\u00ed distributor","description":"extrakt z \u010dern\u00e9ho ryb\u00edzu je p\u0159\u00edrodn\u00ed rostlinn\u00e1 slo\u017eka s v\u00fdjime\u010dn\u00fdmi zdrav\u00ed prosp\u011b\u0161n\u00fdmi vlastnostmi, z\u00edsk\u00e1van\u00e1 z list\u016f Ribes nigrum L.","robots":{"index":"index","follow":"follow","max-snippet":"max-snippet:-1","max-image-preview":"max-image-preview:large","max-video-preview":"max-video-preview:-1"},"canonical":"https:\/\/naturalpoland.com\/cs\/produkty\/rostlinne-vytazky\/extrakt-z-cerneho-rybizu\/","og_locale":"cs_CZ","og_type":"article","og_title":"Extrakt z \u010dern\u00e9ho ryb\u00edzu - Velkoobchodn\u00ed distributor","og_description":"extrakt z \u010dern\u00e9ho ryb\u00edzu je p\u0159\u00edrodn\u00ed rostlinn\u00e1 slo\u017eka s v\u00fdjime\u010dn\u00fdmi zdrav\u00ed prosp\u011b\u0161n\u00fdmi vlastnostmi, z\u00edsk\u00e1van\u00e1 z list\u016f Ribes nigrum L.","og_url":"https:\/\/naturalpoland.com\/cs\/produkty\/rostlinne-vytazky\/extrakt-z-cerneho-rybizu\/","og_site_name":"NATURAL POLAND - Velkoobchodn\u00ed distributor surovin","article_publisher":"https:\/\/www.facebook.com\/naturalpoland.b2b","og_image":[{"width":1024,"height":1024,"url":"https:\/\/naturalpoland.com\/wp-content\/uploads\/ekstrakt-z-czarnej-porzeczki.webp","type":"image\/webp"}],"schema":{"@context":"https:\/\/schema.org","@graph":[{"@type":"WebPage","@id":"https:\/\/naturalpoland.com\/cs\/produkty\/rostlinne-vytazky\/extrakt-z-cerneho-rybizu\/","url":"https:\/\/naturalpoland.com\/cs\/produkty\/rostlinne-vytazky\/extrakt-z-cerneho-rybizu\/","name":"Extrakt z \u010dern\u00e9ho ryb\u00edzu - Velkoobchodn\u00ed distributor","isPartOf":{"@id":"https:\/\/naturalpoland.com\/cs\/#website"},"primaryImageOfPage":{"@id":"https:\/\/naturalpoland.com\/cs\/produkty\/rostlinne-vytazky\/extrakt-z-cerneho-rybizu\/#primaryimage"},"image":{"@id":"https:\/\/naturalpoland.com\/cs\/produkty\/rostlinne-vytazky\/extrakt-z-cerneho-rybizu\/#primaryimage"},"thumbnailUrl":"https:\/\/naturalpoland.com\/wp-content\/uploads\/ekstrakt-z-czarnej-porzeczki.webp","datePublished":"2025-05-29T13:52:46+00:00","description":"extrakt z \u010dern\u00e9ho ryb\u00edzu je p\u0159\u00edrodn\u00ed rostlinn\u00e1 slo\u017eka s v\u00fdjime\u010dn\u00fdmi zdrav\u00ed prosp\u011b\u0161n\u00fdmi vlastnostmi, z\u00edsk\u00e1van\u00e1 z list\u016f Ribes nigrum L.","breadcrumb":{"@id":"https:\/\/naturalpoland.com\/cs\/produkty\/rostlinne-vytazky\/extrakt-z-cerneho-rybizu\/#breadcrumb"},"inLanguage":"cs","potentialAction":[{"@type":"ReadAction","target":["https:\/\/naturalpoland.com\/cs\/produkty\/rostlinne-vytazky\/extrakt-z-cerneho-rybizu\/"]}]},{"@type":"ImageObject","inLanguage":"cs","@id":"https:\/\/naturalpoland.com\/cs\/produkty\/rostlinne-vytazky\/extrakt-z-cerneho-rybizu\/#primaryimage","url":"https:\/\/naturalpoland.com\/wp-content\/uploads\/ekstrakt-z-czarnej-porzeczki.webp","contentUrl":"https:\/\/naturalpoland.com\/wp-content\/uploads\/ekstrakt-z-czarnej-porzeczki.webp","width":1024,"height":1024,"caption":"ekstrakt z czarnej porzeczki"},{"@type":"BreadcrumbList","@id":"https:\/\/naturalpoland.com\/cs\/produkty\/rostlinne-vytazky\/extrakt-z-cerneho-rybizu\/#breadcrumb","itemListElement":[{"@type":"ListItem","position":1,"name":"Dom\u016f","item":"https:\/\/naturalpoland.com\/cs\/"},{"@type":"ListItem","position":2,"name":"Produkty","item":"https:\/\/naturalpoland.com\/cs\/produkty\/"},{"@type":"ListItem","position":3,"name":"Extrakt z \u010dern\u00e9ho ryb\u00edzu"}]},{"@type":"WebSite","@id":"https:\/\/naturalpoland.com\/cs\/#website","url":"https:\/\/naturalpoland.com\/cs\/","name":"NATURAL POLAND - Velkoobchodn\u00ed distributor surovin","description":"Surowce dla przemys\u0142u spo\u017cywczego, kosmetycznego i farmaceutycznego","publisher":{"@id":"https:\/\/naturalpoland.com\/cs\/#organization"},"potentialAction":[{"@type":"SearchAction","target":{"@type":"EntryPoint","urlTemplate":"https:\/\/naturalpoland.com\/cs\/?s={search_term_string}"},"query-input":{"@type":"PropertyValueSpecification","valueRequired":true,"valueName":"search_term_string"}}],"inLanguage":"cs"},{"@type":"Organization","@id":"https:\/\/naturalpoland.com\/cs\/#organization","name":"Natural Poland","url":"https:\/\/naturalpoland.com\/cs\/","logo":{"@type":"ImageObject","inLanguage":"cs","@id":"https:\/\/naturalpoland.com\/cs\/#\/schema\/logo\/image\/","url":"https:\/\/naturalpoland.com\/wp-content\/uploads\/2021\/05\/natural-poland-icon.png","contentUrl":"https:\/\/naturalpoland.com\/wp-content\/uploads\/2021\/05\/natural-poland-icon.png","width":512,"height":512,"caption":"Natural Poland"},"image":{"@id":"https:\/\/naturalpoland.com\/cs\/#\/schema\/logo\/image\/"},"sameAs":["https:\/\/www.facebook.com\/naturalpoland.b2b","https:\/\/pl.linkedin.com\/company\/natural-poland","https:\/\/www.youtube.com\/channel\/UCgeGGkvOMahZo-xu_MSEWxg"]}]}},"_links":{"self":[{"href":"https:\/\/naturalpoland.com\/cs\/wp-json\/wp\/v2\/product\/41295","targetHints":{"allow":["GET"]}}],"collection":[{"href":"https:\/\/naturalpoland.com\/cs\/wp-json\/wp\/v2\/product"}],"about":[{"href":"https:\/\/naturalpoland.com\/cs\/wp-json\/wp\/v2\/types\/product"}],"wp:featuredmedia":[{"embeddable":true,"href":"https:\/\/naturalpoland.com\/cs\/wp-json\/wp\/v2\/media\/41197"}],"wp:attachment":[{"href":"https:\/\/naturalpoland.com\/cs\/wp-json\/wp\/v2\/media?parent=41295"}],"wp:term":[{"taxonomy":"product_brand","embeddable":true,"href":"https:\/\/naturalpoland.com\/cs\/wp-json\/wp\/v2\/product_brand?post=41295"},{"taxonomy":"product_cat","embeddable":true,"href":"https:\/\/naturalpoland.com\/cs\/wp-json\/wp\/v2\/product_cat?post=41295"},{"taxonomy":"product_tag","embeddable":true,"href":"https:\/\/naturalpoland.com\/cs\/wp-json\/wp\/v2\/product_tag?post=41295"}],"curies":[{"name":"wp","href":"https:\/\/api.w.org\/{rel}","templated":true}]}}