{"id":41301,"date":"2025-05-29T14:41:56","date_gmt":"2025-05-29T13:53:05","guid":{"rendered":"https:\/\/naturalpoland.com\/produkty\/neza\u0159azen\u00e9\/extrakt-z-pivonky\/"},"modified":"2025-05-29T15:53:05","modified_gmt":"2025-05-29T13:53:05","slug":"extrakt-z-pivonky","status":"publish","type":"product","link":"https:\/\/naturalpoland.com\/cs\/produkty\/rostlinne-vytazky\/extrakt-z-pivonky\/","title":{"rendered":"Extrakt z pivo\u0148ky"},"content":{"rendered":"<h2>Vlastnosti<\/h2>\n<p>Pivo\u0148kov\u00fd extrakt je ve form\u011b jemn\u011b mlet\u00e9ho pr\u00e1\u0161ku \u017elutohn\u011bd\u00e9 barvy a charakteristick\u00e9, m\u00edrn\u011b sv\u00edrav\u00e9 v\u016fn\u011b. Z\u00edsk\u00e1v\u00e1 se vodnou metodou s p\u0159\u00eddavkem maltodextrinu jako nosi\u010de. <\/p>\n<p data-start=\"766\" data-end=\"1438\">Surovina vykazuje \u0161irok\u00e9 spektrum biologick\u00e9 aktivity d\u00edky p\u0159\u00edtomnosti slou\u010denin, jako je <strong>paeoniflorin,<\/strong><a href=\"https:\/\/naturalpoland.com\/artykuly\/produkty-naturalne\/czym-sa-i-jak-dzialaja-flawonoidy\/\"><strong>flavonoidy<\/strong><\/a>, <strong>t\u0159\u00edsloviny a<\/strong> <strong>organick\u00e9 kyseliny.<\/strong> Tradi\u010dn\u011b se pou\u017e\u00edv\u00e1 jako <strong>p\u0159\u00edrodn\u00ed sedativum ke<\/strong> zm\u00edrn\u011bn\u00ed nervov\u00e9ho nap\u011bt\u00ed, \u00fazkosti a premenstrua\u010dn\u00edch p\u0159\u00edznak\u016f (PMS). Podporuje funkci imunitn\u00edho syst\u00e9mu a pom\u00e1h\u00e1 t\u011blu p\u0159i z\u00e1n\u011btech, bolestech a revmatick\u00fdch pot\u00ed\u017e\u00edch. Pivo\u0148ka m\u00e1 tak\u00e9 diastolick\u00fd <strong>a antiedemat\u00f3zn\u00ed \u00fa\u010dinek<\/strong>, tak\u017ee se n\u011bkdy pou\u017e\u00edv\u00e1 ke zm\u00edrn\u011bn\u00ed menstrua\u010dn\u00edch pot\u00ed\u017e\u00ed a probl\u00e9m\u016f s krevn\u00edm ob\u011bhem. N\u011bkter\u00e9 studie poukazuj\u00ed tak\u00e9 na jej\u00ed neuroprotektivn\u00ed a adaptogenn\u00ed potenci\u00e1l.    <\/p>\n<p data-start=\"1440\" data-end=\"1860\"><strong>V p\u0159\u00edrodn\u00ed kosmetice<\/strong> je v\u00fdta\u017eek z pivo\u0148ky cen\u011bn pro sv\u00e9 antioxida\u010dn\u00ed, rozjas\u0148uj\u00edc\u00ed a zklid\u0148uj\u00edc\u00ed vlastnosti. Pom\u00e1h\u00e1 zklid\u0148ovat z\u00e1n\u011bty pleti, sni\u017euje zarudnut\u00ed, podporuje epiderm\u00e1ln\u00ed bari\u00e9ru a zlep\u0161uje pru\u017enost poko\u017eky. D\u00edky t\u011bmto vlastnostem se pou\u017e\u00edv\u00e1 v p\u0159\u00edpravc\u00edch pro citlivou, c\u00e9vn\u00ed, podr\u00e1\u017ed\u011bnou a zralou ple\u0165 &#8211; zejm\u00e9na v p\u0159\u00edpravc\u00edch proti st\u00e1rnut\u00ed.  <\/p>\n<h2 data-start=\"1862\" data-end=\"1895\">Pou\u017eit\u00ed a bezpe\u010dnost<\/h2>\n<p data-start=\"1897\" data-end=\"1940\">Extrakt z pivo\u0148ky se pou\u017e\u00edv\u00e1 v:<\/p>\n<ul data-start=\"1941\" data-end=\"2253\">\n<li data-start=\"1941\" data-end=\"2019\">\n<p data-start=\"1943\" data-end=\"2019\"><strong>dopl\u0148ky stravy na<\/strong> podporu nervov\u00e9ho, endokrinn\u00edho a imunitn\u00edho syst\u00e9mu;<\/p>\n<\/li>\n<li data-start=\"2020\" data-end=\"2099\">\n<p data-start=\"2022\" data-end=\"2099\"><strong>p\u0159\u00edpravky pro zm\u00edrn\u011bn\u00ed bolesti sval\u016f,<\/strong> revmatick\u00e9 bolesti <strong>a menstrua\u010dn\u00edho<\/strong> nap\u011bt\u00ed;<\/p>\n<\/li>\n<li data-start=\"2100\" data-end=\"2185\">\n<p data-start=\"2102\" data-end=\"2185\">zklid\u0148uj\u00edc\u00ed, omlazuj\u00edc\u00ed a rozjas\u0148uj\u00edc\u00ed <strong>kosmetika pro obli\u010dej<\/strong> a t\u011blo;<\/p>\n<\/li>\n<li data-start=\"2186\" data-end=\"2253\">\n<p data-start=\"2188\" data-end=\"2253\">produkty na podporu emo\u010dn\u00ed rovnov\u00e1hy a sn\u00ed\u017een\u00ed stresu.<\/p>\n<\/li>\n<\/ul>\n<p data-start=\"2255\" data-end=\"2783\" data-is-last-node=\"\" data-is-only-node=\"\">A\u010dkoli je pivo\u0148ka pova\u017eov\u00e1na za vysoce bezpe\u010dnou, jako ka\u017ed\u00e1 rostlinn\u00e1 slo\u017eka m\u016f\u017ee u zvl\u00e1\u0161t\u011b citliv\u00fdch jedinc\u016f vyvolat alergickou reakci. P\u0159\u00edznaky jako sv\u011bd\u011bn\u00ed, vyr\u00e1\u017eka nebo podr\u00e1\u017ed\u011bn\u00ed jsou velmi vz\u00e1cn\u00e9, ale p\u0159i prvn\u00edm pou\u017eit\u00ed kosmetiky s jej\u00edm obsahem se doporu\u010duje prov\u00e9st ko\u017en\u00ed test. V p\u0159\u00edpad\u011b peror\u00e1ln\u00ed suplementace by se t\u011bhotn\u00e9 a koj\u00edc\u00ed \u017eeny a osoby u\u017e\u00edvaj\u00edc\u00ed antikoagulancia m\u011bly p\u0159ed zah\u00e1jen\u00edm u\u017e\u00edv\u00e1n\u00ed poradit s l\u00e9ka\u0159em.  <\/p>\n","protected":false},"excerpt":{"rendered":"<p><strong>Extrakt z pivo\u0148ky se z\u00edsk\u00e1v\u00e1 z<\/strong> ko\u0159ene <em data-start=\"132\" data-end=\"152\">rostliny Paeonia lactiflora <\/em>. Pou\u017e\u00edval se v tradi\u010dn\u00ed \u010d\u00ednsk\u00e9 medic\u00edn\u011b a nyn\u00ed se st\u00e1le v\u00edce pou\u017e\u00edv\u00e1 v modern\u00edch bylinn\u00fdch a kosmetick\u00fdch p\u0159\u00edpravc\u00edch a dopl\u0148c\u00edch stravy.<\/p>\n","protected":false},"featured_media":41236,"template":"","meta":[],"product_brand":[],"product_cat":[622],"product_tag":[],"class_list":{"0":"post-41301","1":"product","2":"type-product","3":"status-publish","4":"has-post-thumbnail","6":"product_cat-rostlinne-vytazky","7":"pa_czesc-rosliny-root","9":"first","10":"instock","11":"shipping-taxable","12":"product-type-simple"},"yoast_head":"<!-- This site is optimized with the Yoast SEO plugin v27.4 - https:\/\/yoast.com\/product\/yoast-seo-wordpress\/ -->\n<title>Extrakt z pivo\u0148ky - Velkoobchodn\u00ed distributor<\/title>\n<meta name=\"description\" content=\"Extrakt z pivo\u0148ky, z\u00edskan\u00fd z ko\u0159ene rostliny Paeonia lactiflora, je surovinou, kter\u00e1 se st\u00e1le \u010dast\u011bji pou\u017e\u00edv\u00e1 v modern\u00edch bylinn\u00fdch p\u0159\u00edpravc\u00edch.\" \/>\n<meta name=\"robots\" content=\"index, follow, max-snippet:-1, max-image-preview:large, max-video-preview:-1\" \/>\n<link rel=\"canonical\" href=\"https:\/\/naturalpoland.com\/cs\/produkty\/rostlinne-vytazky\/extrakt-z-pivonky\/\" \/>\n<meta property=\"og:locale\" content=\"cs_CZ\" \/>\n<meta property=\"og:type\" content=\"article\" \/>\n<meta property=\"og:title\" content=\"Extrakt z pivo\u0148ky - Velkoobchodn\u00ed distributor\" \/>\n<meta property=\"og:description\" content=\"Extrakt z pivo\u0148ky, z\u00edskan\u00fd z ko\u0159ene rostliny Paeonia lactiflora, je surovinou, kter\u00e1 se st\u00e1le \u010dast\u011bji pou\u017e\u00edv\u00e1 v modern\u00edch bylinn\u00fdch p\u0159\u00edpravc\u00edch.\" \/>\n<meta property=\"og:url\" content=\"https:\/\/naturalpoland.com\/cs\/produkty\/rostlinne-vytazky\/extrakt-z-pivonky\/\" \/>\n<meta property=\"og:site_name\" content=\"NATURAL POLAND - Velkoobchodn\u00ed distributor surovin\" \/>\n<meta property=\"article:publisher\" content=\"https:\/\/www.facebook.com\/naturalpoland.b2b\" \/>\n<meta property=\"og:image\" content=\"https:\/\/naturalpoland.com\/wp-content\/uploads\/ekstrakt-z-piwoni.webp\" \/>\n\t<meta property=\"og:image:width\" content=\"1024\" \/>\n\t<meta property=\"og:image:height\" content=\"1024\" \/>\n\t<meta property=\"og:image:type\" content=\"image\/webp\" \/>\n<script type=\"application\/ld+json\" class=\"yoast-schema-graph\">{\"@context\":\"https:\\\/\\\/schema.org\",\"@graph\":[{\"@type\":\"WebPage\",\"@id\":\"https:\\\/\\\/naturalpoland.com\\\/cs\\\/produkty\\\/rostlinne-vytazky\\\/extrakt-z-pivonky\\\/\",\"url\":\"https:\\\/\\\/naturalpoland.com\\\/cs\\\/produkty\\\/rostlinne-vytazky\\\/extrakt-z-pivonky\\\/\",\"name\":\"Extrakt z pivo\u0148ky - Velkoobchodn\u00ed distributor\",\"isPartOf\":{\"@id\":\"https:\\\/\\\/naturalpoland.com\\\/cs\\\/#website\"},\"primaryImageOfPage\":{\"@id\":\"https:\\\/\\\/naturalpoland.com\\\/cs\\\/produkty\\\/rostlinne-vytazky\\\/extrakt-z-pivonky\\\/#primaryimage\"},\"image\":{\"@id\":\"https:\\\/\\\/naturalpoland.com\\\/cs\\\/produkty\\\/rostlinne-vytazky\\\/extrakt-z-pivonky\\\/#primaryimage\"},\"thumbnailUrl\":\"https:\\\/\\\/naturalpoland.com\\\/wp-content\\\/uploads\\\/ekstrakt-z-piwoni.webp\",\"datePublished\":\"2025-05-29T13:53:05+00:00\",\"description\":\"Extrakt z pivo\u0148ky, z\u00edskan\u00fd z ko\u0159ene rostliny Paeonia lactiflora, je surovinou, kter\u00e1 se st\u00e1le \u010dast\u011bji pou\u017e\u00edv\u00e1 v modern\u00edch bylinn\u00fdch p\u0159\u00edpravc\u00edch.\",\"breadcrumb\":{\"@id\":\"https:\\\/\\\/naturalpoland.com\\\/cs\\\/produkty\\\/rostlinne-vytazky\\\/extrakt-z-pivonky\\\/#breadcrumb\"},\"inLanguage\":\"cs\",\"potentialAction\":[{\"@type\":\"ReadAction\",\"target\":[\"https:\\\/\\\/naturalpoland.com\\\/cs\\\/produkty\\\/rostlinne-vytazky\\\/extrakt-z-pivonky\\\/\"]}]},{\"@type\":\"ImageObject\",\"inLanguage\":\"cs\",\"@id\":\"https:\\\/\\\/naturalpoland.com\\\/cs\\\/produkty\\\/rostlinne-vytazky\\\/extrakt-z-pivonky\\\/#primaryimage\",\"url\":\"https:\\\/\\\/naturalpoland.com\\\/wp-content\\\/uploads\\\/ekstrakt-z-piwoni.webp\",\"contentUrl\":\"https:\\\/\\\/naturalpoland.com\\\/wp-content\\\/uploads\\\/ekstrakt-z-piwoni.webp\",\"width\":1024,\"height\":1024,\"caption\":\"Ekstrakt z korzenia piwonii w proszku\"},{\"@type\":\"BreadcrumbList\",\"@id\":\"https:\\\/\\\/naturalpoland.com\\\/cs\\\/produkty\\\/rostlinne-vytazky\\\/extrakt-z-pivonky\\\/#breadcrumb\",\"itemListElement\":[{\"@type\":\"ListItem\",\"position\":1,\"name\":\"Dom\u016f\",\"item\":\"https:\\\/\\\/naturalpoland.com\\\/cs\\\/\"},{\"@type\":\"ListItem\",\"position\":2,\"name\":\"Produkty\",\"item\":\"https:\\\/\\\/naturalpoland.com\\\/cs\\\/produkty\\\/\"},{\"@type\":\"ListItem\",\"position\":3,\"name\":\"Extrakt z pivo\u0148ky\"}]},{\"@type\":\"WebSite\",\"@id\":\"https:\\\/\\\/naturalpoland.com\\\/cs\\\/#website\",\"url\":\"https:\\\/\\\/naturalpoland.com\\\/cs\\\/\",\"name\":\"NATURAL POLAND - Velkoobchodn\u00ed distributor surovin\",\"description\":\"Surowce dla przemys\u0142u spo\u017cywczego, kosmetycznego i farmaceutycznego\",\"publisher\":{\"@id\":\"https:\\\/\\\/naturalpoland.com\\\/cs\\\/#organization\"},\"potentialAction\":[{\"@type\":\"SearchAction\",\"target\":{\"@type\":\"EntryPoint\",\"urlTemplate\":\"https:\\\/\\\/naturalpoland.com\\\/cs\\\/?s={search_term_string}\"},\"query-input\":{\"@type\":\"PropertyValueSpecification\",\"valueRequired\":true,\"valueName\":\"search_term_string\"}}],\"inLanguage\":\"cs\"},{\"@type\":\"Organization\",\"@id\":\"https:\\\/\\\/naturalpoland.com\\\/cs\\\/#organization\",\"name\":\"Natural Poland\",\"url\":\"https:\\\/\\\/naturalpoland.com\\\/cs\\\/\",\"logo\":{\"@type\":\"ImageObject\",\"inLanguage\":\"cs\",\"@id\":\"https:\\\/\\\/naturalpoland.com\\\/cs\\\/#\\\/schema\\\/logo\\\/image\\\/\",\"url\":\"https:\\\/\\\/naturalpoland.com\\\/wp-content\\\/uploads\\\/2021\\\/05\\\/natural-poland-icon.png\",\"contentUrl\":\"https:\\\/\\\/naturalpoland.com\\\/wp-content\\\/uploads\\\/2021\\\/05\\\/natural-poland-icon.png\",\"width\":512,\"height\":512,\"caption\":\"Natural Poland\"},\"image\":{\"@id\":\"https:\\\/\\\/naturalpoland.com\\\/cs\\\/#\\\/schema\\\/logo\\\/image\\\/\"},\"sameAs\":[\"https:\\\/\\\/www.facebook.com\\\/naturalpoland.b2b\",\"https:\\\/\\\/pl.linkedin.com\\\/company\\\/natural-poland\",\"https:\\\/\\\/www.youtube.com\\\/channel\\\/UCgeGGkvOMahZo-xu_MSEWxg\"]}]}<\/script>\n<!-- \/ Yoast SEO plugin. -->","yoast_head_json":{"title":"Extrakt z pivo\u0148ky - Velkoobchodn\u00ed distributor","description":"Extrakt z pivo\u0148ky, z\u00edskan\u00fd z ko\u0159ene rostliny Paeonia lactiflora, je surovinou, kter\u00e1 se st\u00e1le \u010dast\u011bji pou\u017e\u00edv\u00e1 v modern\u00edch bylinn\u00fdch p\u0159\u00edpravc\u00edch.","robots":{"index":"index","follow":"follow","max-snippet":"max-snippet:-1","max-image-preview":"max-image-preview:large","max-video-preview":"max-video-preview:-1"},"canonical":"https:\/\/naturalpoland.com\/cs\/produkty\/rostlinne-vytazky\/extrakt-z-pivonky\/","og_locale":"cs_CZ","og_type":"article","og_title":"Extrakt z pivo\u0148ky - Velkoobchodn\u00ed distributor","og_description":"Extrakt z pivo\u0148ky, z\u00edskan\u00fd z ko\u0159ene rostliny Paeonia lactiflora, je surovinou, kter\u00e1 se st\u00e1le \u010dast\u011bji pou\u017e\u00edv\u00e1 v modern\u00edch bylinn\u00fdch p\u0159\u00edpravc\u00edch.","og_url":"https:\/\/naturalpoland.com\/cs\/produkty\/rostlinne-vytazky\/extrakt-z-pivonky\/","og_site_name":"NATURAL POLAND - Velkoobchodn\u00ed distributor surovin","article_publisher":"https:\/\/www.facebook.com\/naturalpoland.b2b","og_image":[{"width":1024,"height":1024,"url":"https:\/\/naturalpoland.com\/wp-content\/uploads\/ekstrakt-z-piwoni.webp","type":"image\/webp"}],"schema":{"@context":"https:\/\/schema.org","@graph":[{"@type":"WebPage","@id":"https:\/\/naturalpoland.com\/cs\/produkty\/rostlinne-vytazky\/extrakt-z-pivonky\/","url":"https:\/\/naturalpoland.com\/cs\/produkty\/rostlinne-vytazky\/extrakt-z-pivonky\/","name":"Extrakt z pivo\u0148ky - Velkoobchodn\u00ed distributor","isPartOf":{"@id":"https:\/\/naturalpoland.com\/cs\/#website"},"primaryImageOfPage":{"@id":"https:\/\/naturalpoland.com\/cs\/produkty\/rostlinne-vytazky\/extrakt-z-pivonky\/#primaryimage"},"image":{"@id":"https:\/\/naturalpoland.com\/cs\/produkty\/rostlinne-vytazky\/extrakt-z-pivonky\/#primaryimage"},"thumbnailUrl":"https:\/\/naturalpoland.com\/wp-content\/uploads\/ekstrakt-z-piwoni.webp","datePublished":"2025-05-29T13:53:05+00:00","description":"Extrakt z pivo\u0148ky, z\u00edskan\u00fd z ko\u0159ene rostliny Paeonia lactiflora, je surovinou, kter\u00e1 se st\u00e1le \u010dast\u011bji pou\u017e\u00edv\u00e1 v modern\u00edch bylinn\u00fdch p\u0159\u00edpravc\u00edch.","breadcrumb":{"@id":"https:\/\/naturalpoland.com\/cs\/produkty\/rostlinne-vytazky\/extrakt-z-pivonky\/#breadcrumb"},"inLanguage":"cs","potentialAction":[{"@type":"ReadAction","target":["https:\/\/naturalpoland.com\/cs\/produkty\/rostlinne-vytazky\/extrakt-z-pivonky\/"]}]},{"@type":"ImageObject","inLanguage":"cs","@id":"https:\/\/naturalpoland.com\/cs\/produkty\/rostlinne-vytazky\/extrakt-z-pivonky\/#primaryimage","url":"https:\/\/naturalpoland.com\/wp-content\/uploads\/ekstrakt-z-piwoni.webp","contentUrl":"https:\/\/naturalpoland.com\/wp-content\/uploads\/ekstrakt-z-piwoni.webp","width":1024,"height":1024,"caption":"Ekstrakt z korzenia piwonii w proszku"},{"@type":"BreadcrumbList","@id":"https:\/\/naturalpoland.com\/cs\/produkty\/rostlinne-vytazky\/extrakt-z-pivonky\/#breadcrumb","itemListElement":[{"@type":"ListItem","position":1,"name":"Dom\u016f","item":"https:\/\/naturalpoland.com\/cs\/"},{"@type":"ListItem","position":2,"name":"Produkty","item":"https:\/\/naturalpoland.com\/cs\/produkty\/"},{"@type":"ListItem","position":3,"name":"Extrakt z pivo\u0148ky"}]},{"@type":"WebSite","@id":"https:\/\/naturalpoland.com\/cs\/#website","url":"https:\/\/naturalpoland.com\/cs\/","name":"NATURAL POLAND - Velkoobchodn\u00ed distributor surovin","description":"Surowce dla przemys\u0142u spo\u017cywczego, kosmetycznego i farmaceutycznego","publisher":{"@id":"https:\/\/naturalpoland.com\/cs\/#organization"},"potentialAction":[{"@type":"SearchAction","target":{"@type":"EntryPoint","urlTemplate":"https:\/\/naturalpoland.com\/cs\/?s={search_term_string}"},"query-input":{"@type":"PropertyValueSpecification","valueRequired":true,"valueName":"search_term_string"}}],"inLanguage":"cs"},{"@type":"Organization","@id":"https:\/\/naturalpoland.com\/cs\/#organization","name":"Natural Poland","url":"https:\/\/naturalpoland.com\/cs\/","logo":{"@type":"ImageObject","inLanguage":"cs","@id":"https:\/\/naturalpoland.com\/cs\/#\/schema\/logo\/image\/","url":"https:\/\/naturalpoland.com\/wp-content\/uploads\/2021\/05\/natural-poland-icon.png","contentUrl":"https:\/\/naturalpoland.com\/wp-content\/uploads\/2021\/05\/natural-poland-icon.png","width":512,"height":512,"caption":"Natural Poland"},"image":{"@id":"https:\/\/naturalpoland.com\/cs\/#\/schema\/logo\/image\/"},"sameAs":["https:\/\/www.facebook.com\/naturalpoland.b2b","https:\/\/pl.linkedin.com\/company\/natural-poland","https:\/\/www.youtube.com\/channel\/UCgeGGkvOMahZo-xu_MSEWxg"]}]}},"_links":{"self":[{"href":"https:\/\/naturalpoland.com\/cs\/wp-json\/wp\/v2\/product\/41301","targetHints":{"allow":["GET"]}}],"collection":[{"href":"https:\/\/naturalpoland.com\/cs\/wp-json\/wp\/v2\/product"}],"about":[{"href":"https:\/\/naturalpoland.com\/cs\/wp-json\/wp\/v2\/types\/product"}],"wp:featuredmedia":[{"embeddable":true,"href":"https:\/\/naturalpoland.com\/cs\/wp-json\/wp\/v2\/media\/41236"}],"wp:attachment":[{"href":"https:\/\/naturalpoland.com\/cs\/wp-json\/wp\/v2\/media?parent=41301"}],"wp:term":[{"taxonomy":"product_brand","embeddable":true,"href":"https:\/\/naturalpoland.com\/cs\/wp-json\/wp\/v2\/product_brand?post=41301"},{"taxonomy":"product_cat","embeddable":true,"href":"https:\/\/naturalpoland.com\/cs\/wp-json\/wp\/v2\/product_cat?post=41301"},{"taxonomy":"product_tag","embeddable":true,"href":"https:\/\/naturalpoland.com\/cs\/wp-json\/wp\/v2\/product_tag?post=41301"}],"curies":[{"name":"wp","href":"https:\/\/api.w.org\/{rel}","templated":true}]}}