{"id":41729,"date":"2025-06-12T14:38:24","date_gmt":"2025-06-12T12:38:24","guid":{"rendered":"https:\/\/naturalpoland.com\/produkty\/neza\u0159azen\u00e9\/ekstrakt-z-tarczycy-bajkalskiej\/"},"modified":"2025-07-01T13:40:50","modified_gmt":"2025-07-01T11:40:50","slug":"ekstrakt-z-tarczycy-bajkalskiej","status":"publish","type":"product","link":"https:\/\/naturalpoland.com\/cs\/produkty\/rostlinne-vytazky\/ekstrakt-z-tarczycy-bajkalskiej\/","title":{"rendered":"Extrakt ze \u0161t\u00edtn\u00e9 \u017el\u00e1zy Baikal"},"content":{"rendered":"<h2>Vlastnosti extraktu Scutellaria baicalensis<\/h2>\n<p>Extrakt je ve form\u011b sv\u011btle \u017elut\u00e9ho a\u017e hn\u011bdo\u017elut\u00e9ho pr\u00e1\u0161ku. Je rozpustn\u00fd ve vod\u011b a ethanolu a obsahuje tak\u00e9 maltodextrin jako nosi\u010d. <\/p>\n<p>Surovina vykazuje neuroprotektivn\u00ed, antivirov\u00e9, antimikrobi\u00e1ln\u00ed a antialergick\u00e9 \u00fa\u010dinky. <strong>Baicalein<\/strong>, hlavn\u00ed \u00fa\u010dinn\u00e1 l\u00e1tka, vykazuje schopnost neutralizovat voln\u00e9 radik\u00e1ly a chr\u00e1nit DNA p\u0159ed oxida\u010dn\u00edm stresem. L\u00e1tka rovn\u011b\u017e podporuje regulaci z\u00e1n\u011btliv\u00fdch proces\u016f, proto se pou\u017e\u00edv\u00e1 v dopl\u0148c\u00edch stravy ur\u010den\u00fdch pro imunitn\u00ed, nervov\u00fd a kardiovaskul\u00e1rn\u00ed syst\u00e9m. V\u00fdzkumy rovn\u011b\u017e nazna\u010duj\u00ed jej\u00ed potenci\u00e1l p\u0159i zm\u00edr\u0148ov\u00e1n\u00ed p\u0159\u00edznak\u016f alergi\u00ed, infekc\u00ed a jako dopl\u0148ku l\u00e9\u010dby chronick\u00fdch onemocn\u011bn\u00ed.  <\/p>\n<h2>Pou\u017eit\u00ed extraktu z bajkalsk\u00e9 \u0161t\u00edtn\u00e9 \u017el\u00e1zy<\/h2>\n<p>Extrakt se pou\u017e\u00edv\u00e1 p\u0159edev\u0161\u00edm v dopl\u0148c\u00edch stravy, p\u0159\u00edrodn\u00edch l\u00e9\u010div\u00fdch p\u0159\u00edpravc\u00edch a kosmetice proti st\u00e1rnut\u00ed. D\u00edky sv\u00fdm zklid\u0148uj\u00edc\u00edm a antioxida\u010dn\u00edm \u00fa\u010dink\u016fm se n\u011bkdy pou\u017e\u00edv\u00e1 v p\u0159\u00edpravc\u00edch na citlivou ple\u0165, podr\u00e1\u017ed\u011bnou ple\u0165 nebo ple\u0165 vystavenou stresu z prost\u0159ed\u00ed. D\u00edky sv\u00e9mu \u0161irok\u00e9mu spektru \u00fa\u010dinku a p\u0159\u00edrodn\u00edmu p\u016fvodu si extrakt z\u00edsk\u00e1v\u00e1 oblibu jako podp\u016frn\u00fd prost\u0159edek pro organismus ve stavech zv\u00fd\u0161en\u00e9 pot\u0159eby imunitn\u00ed ochrany a bun\u011b\u010dn\u00e9 regenerace.  <\/p>\n","protected":false},"excerpt":{"rendered":"<p><strong data-start=\"0\" data-end=\"61\">V\u00fdta\u017eek ze \u0161i\u0161\u00e1ku bajkalsk\u00e9ho (<em>Scutellaria baicalensis<\/em>)<\/strong> se z\u00edsk\u00e1v\u00e1 z ko\u0159ene t\u00e9to rostliny tradi\u010dn\u011b pou\u017e\u00edvan\u00e9 v \u010d\u00ednsk\u00e9 medic\u00edn\u011b. Extrakt je standardizov\u00e1n tak, aby obsahoval <strong>baicalin,<\/strong> kter\u00fd m\u00e1 siln\u00e9 protiz\u00e1n\u011btliv\u00e9, antioxida\u010dn\u00ed a imunitu podporuj\u00edc\u00ed \u00fa\u010dinky. <\/p>\n","protected":false},"featured_media":41484,"template":"","meta":[],"product_brand":[],"product_cat":[622],"product_tag":[],"class_list":{"0":"post-41729","1":"product","2":"type-product","3":"status-publish","4":"has-post-thumbnail","6":"product_cat-rostlinne-vytazky","7":"pa_czesc-rosliny-root","8":"pa_skladnik-aktywny-bykaline-cs","10":"first","11":"instock","12":"shipping-taxable","13":"product-type-simple"},"yoast_head":"<!-- This site is optimized with the Yoast SEO plugin v27.3 - https:\/\/yoast.com\/product\/yoast-seo-wordpress\/ -->\n<title>Extrakt ze \u0161t\u00edtn\u00e9 \u017el\u00e1zy Baikal - Velkoobchodn\u00ed distributor<\/title>\n<meta name=\"description\" content=\"V\u00fdta\u017eek ze \u0161t\u00edtnice bajkalsk\u00e9 (Scutellaria baicalensis) je surovina z\u00edskan\u00e1 z ko\u0159ene t\u00e9to rostliny tradi\u010dn\u011b pou\u017e\u00edvan\u00e9 v \u010d\u00ednsk\u00e9 medic\u00edn\u011b.\" \/>\n<meta name=\"robots\" content=\"index, follow, max-snippet:-1, max-image-preview:large, max-video-preview:-1\" \/>\n<link rel=\"canonical\" href=\"https:\/\/naturalpoland.com\/cs\/produkty\/rostlinne-vytazky\/ekstrakt-z-tarczycy-bajkalskiej\/\" \/>\n<meta property=\"og:locale\" content=\"cs_CZ\" \/>\n<meta property=\"og:type\" content=\"article\" \/>\n<meta property=\"og:title\" content=\"Extrakt ze \u0161t\u00edtn\u00e9 \u017el\u00e1zy Baikal - Velkoobchodn\u00ed distributor\" \/>\n<meta property=\"og:description\" content=\"V\u00fdta\u017eek ze \u0161t\u00edtnice bajkalsk\u00e9 (Scutellaria baicalensis) je surovina z\u00edskan\u00e1 z ko\u0159ene t\u00e9to rostliny tradi\u010dn\u011b pou\u017e\u00edvan\u00e9 v \u010d\u00ednsk\u00e9 medic\u00edn\u011b.\" \/>\n<meta property=\"og:url\" content=\"https:\/\/naturalpoland.com\/cs\/produkty\/rostlinne-vytazky\/ekstrakt-z-tarczycy-bajkalskiej\/\" \/>\n<meta property=\"og:site_name\" content=\"NATURAL POLAND - Velkoobchodn\u00ed distributor surovin\" \/>\n<meta property=\"article:publisher\" content=\"https:\/\/www.facebook.com\/naturalpoland.b2b\" \/>\n<meta property=\"article:modified_time\" content=\"2025-07-01T11:40:50+00:00\" \/>\n<meta property=\"og:image\" content=\"https:\/\/naturalpoland.com\/wp-content\/uploads\/ekstrakt-z-tarczycy-bajkalskiej.webp\" \/>\n\t<meta property=\"og:image:width\" content=\"1024\" \/>\n\t<meta property=\"og:image:height\" content=\"1024\" \/>\n\t<meta property=\"og:image:type\" content=\"image\/webp\" \/>\n<script type=\"application\/ld+json\" class=\"yoast-schema-graph\">{\"@context\":\"https:\\\/\\\/schema.org\",\"@graph\":[{\"@type\":\"WebPage\",\"@id\":\"https:\\\/\\\/naturalpoland.com\\\/cs\\\/produkty\\\/rostlinne-vytazky\\\/ekstrakt-z-tarczycy-bajkalskiej\\\/\",\"url\":\"https:\\\/\\\/naturalpoland.com\\\/cs\\\/produkty\\\/rostlinne-vytazky\\\/ekstrakt-z-tarczycy-bajkalskiej\\\/\",\"name\":\"Extrakt ze \u0161t\u00edtn\u00e9 \u017el\u00e1zy Baikal - Velkoobchodn\u00ed distributor\",\"isPartOf\":{\"@id\":\"https:\\\/\\\/naturalpoland.com\\\/cs\\\/#website\"},\"primaryImageOfPage\":{\"@id\":\"https:\\\/\\\/naturalpoland.com\\\/cs\\\/produkty\\\/rostlinne-vytazky\\\/ekstrakt-z-tarczycy-bajkalskiej\\\/#primaryimage\"},\"image\":{\"@id\":\"https:\\\/\\\/naturalpoland.com\\\/cs\\\/produkty\\\/rostlinne-vytazky\\\/ekstrakt-z-tarczycy-bajkalskiej\\\/#primaryimage\"},\"thumbnailUrl\":\"https:\\\/\\\/naturalpoland.com\\\/wp-content\\\/uploads\\\/ekstrakt-z-tarczycy-bajkalskiej.webp\",\"datePublished\":\"2025-06-12T12:38:24+00:00\",\"dateModified\":\"2025-07-01T11:40:50+00:00\",\"description\":\"V\u00fdta\u017eek ze \u0161t\u00edtnice bajkalsk\u00e9 (Scutellaria baicalensis) je surovina z\u00edskan\u00e1 z ko\u0159ene t\u00e9to rostliny tradi\u010dn\u011b pou\u017e\u00edvan\u00e9 v \u010d\u00ednsk\u00e9 medic\u00edn\u011b.\",\"breadcrumb\":{\"@id\":\"https:\\\/\\\/naturalpoland.com\\\/cs\\\/produkty\\\/rostlinne-vytazky\\\/ekstrakt-z-tarczycy-bajkalskiej\\\/#breadcrumb\"},\"inLanguage\":\"cs\",\"potentialAction\":[{\"@type\":\"ReadAction\",\"target\":[\"https:\\\/\\\/naturalpoland.com\\\/cs\\\/produkty\\\/rostlinne-vytazky\\\/ekstrakt-z-tarczycy-bajkalskiej\\\/\"]}]},{\"@type\":\"ImageObject\",\"inLanguage\":\"cs\",\"@id\":\"https:\\\/\\\/naturalpoland.com\\\/cs\\\/produkty\\\/rostlinne-vytazky\\\/ekstrakt-z-tarczycy-bajkalskiej\\\/#primaryimage\",\"url\":\"https:\\\/\\\/naturalpoland.com\\\/wp-content\\\/uploads\\\/ekstrakt-z-tarczycy-bajkalskiej.webp\",\"contentUrl\":\"https:\\\/\\\/naturalpoland.com\\\/wp-content\\\/uploads\\\/ekstrakt-z-tarczycy-bajkalskiej.webp\",\"width\":1024,\"height\":1024,\"caption\":\"Ekstrakt z tarczycy bajkalskiej\"},{\"@type\":\"BreadcrumbList\",\"@id\":\"https:\\\/\\\/naturalpoland.com\\\/cs\\\/produkty\\\/rostlinne-vytazky\\\/ekstrakt-z-tarczycy-bajkalskiej\\\/#breadcrumb\",\"itemListElement\":[{\"@type\":\"ListItem\",\"position\":1,\"name\":\"Dom\u016f\",\"item\":\"https:\\\/\\\/naturalpoland.com\\\/cs\\\/\"},{\"@type\":\"ListItem\",\"position\":2,\"name\":\"Produkty\",\"item\":\"https:\\\/\\\/naturalpoland.com\\\/cs\\\/produkty\\\/\"},{\"@type\":\"ListItem\",\"position\":3,\"name\":\"Extrakt ze \u0161t\u00edtn\u00e9 \u017el\u00e1zy Baikal\"}]},{\"@type\":\"WebSite\",\"@id\":\"https:\\\/\\\/naturalpoland.com\\\/cs\\\/#website\",\"url\":\"https:\\\/\\\/naturalpoland.com\\\/cs\\\/\",\"name\":\"NATURAL POLAND - Velkoobchodn\u00ed distributor surovin\",\"description\":\"Surowce dla przemys\u0142u spo\u017cywczego, kosmetycznego i farmaceutycznego\",\"publisher\":{\"@id\":\"https:\\\/\\\/naturalpoland.com\\\/cs\\\/#organization\"},\"potentialAction\":[{\"@type\":\"SearchAction\",\"target\":{\"@type\":\"EntryPoint\",\"urlTemplate\":\"https:\\\/\\\/naturalpoland.com\\\/cs\\\/?s={search_term_string}\"},\"query-input\":{\"@type\":\"PropertyValueSpecification\",\"valueRequired\":true,\"valueName\":\"search_term_string\"}}],\"inLanguage\":\"cs\"},{\"@type\":\"Organization\",\"@id\":\"https:\\\/\\\/naturalpoland.com\\\/cs\\\/#organization\",\"name\":\"Natural Poland\",\"url\":\"https:\\\/\\\/naturalpoland.com\\\/cs\\\/\",\"logo\":{\"@type\":\"ImageObject\",\"inLanguage\":\"cs\",\"@id\":\"https:\\\/\\\/naturalpoland.com\\\/cs\\\/#\\\/schema\\\/logo\\\/image\\\/\",\"url\":\"https:\\\/\\\/naturalpoland.com\\\/wp-content\\\/uploads\\\/2021\\\/05\\\/natural-poland-icon.png\",\"contentUrl\":\"https:\\\/\\\/naturalpoland.com\\\/wp-content\\\/uploads\\\/2021\\\/05\\\/natural-poland-icon.png\",\"width\":512,\"height\":512,\"caption\":\"Natural Poland\"},\"image\":{\"@id\":\"https:\\\/\\\/naturalpoland.com\\\/cs\\\/#\\\/schema\\\/logo\\\/image\\\/\"},\"sameAs\":[\"https:\\\/\\\/www.facebook.com\\\/naturalpoland.b2b\",\"https:\\\/\\\/pl.linkedin.com\\\/company\\\/natural-poland\",\"https:\\\/\\\/www.youtube.com\\\/channel\\\/UCgeGGkvOMahZo-xu_MSEWxg\"]}]}<\/script>\n<!-- \/ Yoast SEO plugin. -->","yoast_head_json":{"title":"Extrakt ze \u0161t\u00edtn\u00e9 \u017el\u00e1zy Baikal - Velkoobchodn\u00ed distributor","description":"V\u00fdta\u017eek ze \u0161t\u00edtnice bajkalsk\u00e9 (Scutellaria baicalensis) je surovina z\u00edskan\u00e1 z ko\u0159ene t\u00e9to rostliny tradi\u010dn\u011b pou\u017e\u00edvan\u00e9 v \u010d\u00ednsk\u00e9 medic\u00edn\u011b.","robots":{"index":"index","follow":"follow","max-snippet":"max-snippet:-1","max-image-preview":"max-image-preview:large","max-video-preview":"max-video-preview:-1"},"canonical":"https:\/\/naturalpoland.com\/cs\/produkty\/rostlinne-vytazky\/ekstrakt-z-tarczycy-bajkalskiej\/","og_locale":"cs_CZ","og_type":"article","og_title":"Extrakt ze \u0161t\u00edtn\u00e9 \u017el\u00e1zy Baikal - Velkoobchodn\u00ed distributor","og_description":"V\u00fdta\u017eek ze \u0161t\u00edtnice bajkalsk\u00e9 (Scutellaria baicalensis) je surovina z\u00edskan\u00e1 z ko\u0159ene t\u00e9to rostliny tradi\u010dn\u011b pou\u017e\u00edvan\u00e9 v \u010d\u00ednsk\u00e9 medic\u00edn\u011b.","og_url":"https:\/\/naturalpoland.com\/cs\/produkty\/rostlinne-vytazky\/ekstrakt-z-tarczycy-bajkalskiej\/","og_site_name":"NATURAL POLAND - Velkoobchodn\u00ed distributor surovin","article_publisher":"https:\/\/www.facebook.com\/naturalpoland.b2b","article_modified_time":"2025-07-01T11:40:50+00:00","og_image":[{"width":1024,"height":1024,"url":"https:\/\/naturalpoland.com\/wp-content\/uploads\/ekstrakt-z-tarczycy-bajkalskiej.webp","type":"image\/webp"}],"schema":{"@context":"https:\/\/schema.org","@graph":[{"@type":"WebPage","@id":"https:\/\/naturalpoland.com\/cs\/produkty\/rostlinne-vytazky\/ekstrakt-z-tarczycy-bajkalskiej\/","url":"https:\/\/naturalpoland.com\/cs\/produkty\/rostlinne-vytazky\/ekstrakt-z-tarczycy-bajkalskiej\/","name":"Extrakt ze \u0161t\u00edtn\u00e9 \u017el\u00e1zy Baikal - Velkoobchodn\u00ed distributor","isPartOf":{"@id":"https:\/\/naturalpoland.com\/cs\/#website"},"primaryImageOfPage":{"@id":"https:\/\/naturalpoland.com\/cs\/produkty\/rostlinne-vytazky\/ekstrakt-z-tarczycy-bajkalskiej\/#primaryimage"},"image":{"@id":"https:\/\/naturalpoland.com\/cs\/produkty\/rostlinne-vytazky\/ekstrakt-z-tarczycy-bajkalskiej\/#primaryimage"},"thumbnailUrl":"https:\/\/naturalpoland.com\/wp-content\/uploads\/ekstrakt-z-tarczycy-bajkalskiej.webp","datePublished":"2025-06-12T12:38:24+00:00","dateModified":"2025-07-01T11:40:50+00:00","description":"V\u00fdta\u017eek ze \u0161t\u00edtnice bajkalsk\u00e9 (Scutellaria baicalensis) je surovina z\u00edskan\u00e1 z ko\u0159ene t\u00e9to rostliny tradi\u010dn\u011b pou\u017e\u00edvan\u00e9 v \u010d\u00ednsk\u00e9 medic\u00edn\u011b.","breadcrumb":{"@id":"https:\/\/naturalpoland.com\/cs\/produkty\/rostlinne-vytazky\/ekstrakt-z-tarczycy-bajkalskiej\/#breadcrumb"},"inLanguage":"cs","potentialAction":[{"@type":"ReadAction","target":["https:\/\/naturalpoland.com\/cs\/produkty\/rostlinne-vytazky\/ekstrakt-z-tarczycy-bajkalskiej\/"]}]},{"@type":"ImageObject","inLanguage":"cs","@id":"https:\/\/naturalpoland.com\/cs\/produkty\/rostlinne-vytazky\/ekstrakt-z-tarczycy-bajkalskiej\/#primaryimage","url":"https:\/\/naturalpoland.com\/wp-content\/uploads\/ekstrakt-z-tarczycy-bajkalskiej.webp","contentUrl":"https:\/\/naturalpoland.com\/wp-content\/uploads\/ekstrakt-z-tarczycy-bajkalskiej.webp","width":1024,"height":1024,"caption":"Ekstrakt z tarczycy bajkalskiej"},{"@type":"BreadcrumbList","@id":"https:\/\/naturalpoland.com\/cs\/produkty\/rostlinne-vytazky\/ekstrakt-z-tarczycy-bajkalskiej\/#breadcrumb","itemListElement":[{"@type":"ListItem","position":1,"name":"Dom\u016f","item":"https:\/\/naturalpoland.com\/cs\/"},{"@type":"ListItem","position":2,"name":"Produkty","item":"https:\/\/naturalpoland.com\/cs\/produkty\/"},{"@type":"ListItem","position":3,"name":"Extrakt ze \u0161t\u00edtn\u00e9 \u017el\u00e1zy Baikal"}]},{"@type":"WebSite","@id":"https:\/\/naturalpoland.com\/cs\/#website","url":"https:\/\/naturalpoland.com\/cs\/","name":"NATURAL POLAND - Velkoobchodn\u00ed distributor surovin","description":"Surowce dla przemys\u0142u spo\u017cywczego, kosmetycznego i farmaceutycznego","publisher":{"@id":"https:\/\/naturalpoland.com\/cs\/#organization"},"potentialAction":[{"@type":"SearchAction","target":{"@type":"EntryPoint","urlTemplate":"https:\/\/naturalpoland.com\/cs\/?s={search_term_string}"},"query-input":{"@type":"PropertyValueSpecification","valueRequired":true,"valueName":"search_term_string"}}],"inLanguage":"cs"},{"@type":"Organization","@id":"https:\/\/naturalpoland.com\/cs\/#organization","name":"Natural Poland","url":"https:\/\/naturalpoland.com\/cs\/","logo":{"@type":"ImageObject","inLanguage":"cs","@id":"https:\/\/naturalpoland.com\/cs\/#\/schema\/logo\/image\/","url":"https:\/\/naturalpoland.com\/wp-content\/uploads\/2021\/05\/natural-poland-icon.png","contentUrl":"https:\/\/naturalpoland.com\/wp-content\/uploads\/2021\/05\/natural-poland-icon.png","width":512,"height":512,"caption":"Natural Poland"},"image":{"@id":"https:\/\/naturalpoland.com\/cs\/#\/schema\/logo\/image\/"},"sameAs":["https:\/\/www.facebook.com\/naturalpoland.b2b","https:\/\/pl.linkedin.com\/company\/natural-poland","https:\/\/www.youtube.com\/channel\/UCgeGGkvOMahZo-xu_MSEWxg"]}]}},"_links":{"self":[{"href":"https:\/\/naturalpoland.com\/cs\/wp-json\/wp\/v2\/product\/41729","targetHints":{"allow":["GET"]}}],"collection":[{"href":"https:\/\/naturalpoland.com\/cs\/wp-json\/wp\/v2\/product"}],"about":[{"href":"https:\/\/naturalpoland.com\/cs\/wp-json\/wp\/v2\/types\/product"}],"wp:featuredmedia":[{"embeddable":true,"href":"https:\/\/naturalpoland.com\/cs\/wp-json\/wp\/v2\/media\/41484"}],"wp:attachment":[{"href":"https:\/\/naturalpoland.com\/cs\/wp-json\/wp\/v2\/media?parent=41729"}],"wp:term":[{"taxonomy":"product_brand","embeddable":true,"href":"https:\/\/naturalpoland.com\/cs\/wp-json\/wp\/v2\/product_brand?post=41729"},{"taxonomy":"product_cat","embeddable":true,"href":"https:\/\/naturalpoland.com\/cs\/wp-json\/wp\/v2\/product_cat?post=41729"},{"taxonomy":"product_tag","embeddable":true,"href":"https:\/\/naturalpoland.com\/cs\/wp-json\/wp\/v2\/product_tag?post=41729"}],"curies":[{"name":"wp","href":"https:\/\/api.w.org\/{rel}","templated":true}]}}