{"id":41734,"date":"2025-06-13T10:14:19","date_gmt":"2025-06-13T08:14:19","guid":{"rendered":"https:\/\/naturalpoland.com\/produkty\/neza\u0159azen\u00e9\/macerat-z-cytrynca-chinskiego\/"},"modified":"2025-07-01T13:41:04","modified_gmt":"2025-07-01T11:41:04","slug":"macerat-z-cytrynca-chinskiego","status":"publish","type":"product","link":"https:\/\/naturalpoland.com\/cs\/produkty\/produkty-pro-kosmeticky-prumysl\/maceraty-cs\/macerat-z-cytrynca-chinskiego\/","title":{"rendered":"\u010c\u00ednsk\u00fd macer\u00e1t z citronely"},"content":{"rendered":"<p>Charakteristick\u00e1 ka\u0161tanov\u011b \u017elut\u00e1 barva, kaln\u00e1 konzistence a v\u00fdrazn\u00fd rostlinn\u00fd z\u00e1pach sv\u011bd\u010d\u00ed o vysok\u00e9m obsahu \u00fa\u010dinn\u00fdch l\u00e1tek rostlinn\u00e9ho p\u016fvodu. P\u0159\u00edtomnost mastn\u00fdch kyselin se st\u0159edn\u011b dlouh\u00fdm \u0159et\u011bzcem (p\u0159edev\u0161\u00edm kyseliny <strong>kaprylov\u00e9<\/strong> a <strong>kaprinov\u00e9<\/strong>) v MCT oleji d\u00e1le podporuje vst\u0159eb\u00e1v\u00e1n\u00ed \u00fa\u010dinn\u00fdch l\u00e1tek a zvy\u0161uje biologickou dostupnost l\u00e1tek obsa\u017een\u00fdch v citr\u00e1tu. <\/p>\n<h2>Pou\u017eit\u00ed:<\/h2>\n<p>\u010c\u00ednsk\u00fd macer\u00e1t z citronely se pou\u017e\u00edv\u00e1 p\u0159edev\u0161\u00edm v <strong>p\u0159\u00edrodn\u00ed kosmetice<\/strong>, kde p\u016fsob\u00ed jako posiluj\u00edc\u00ed, revitaliza\u010dn\u00ed a ochrann\u00e1 slo\u017eka pro zralou, unavenou a exponovanou poko\u017eku. D\u00edky sv\u00fdm antioxida\u010dn\u00edm a adaptogenn\u00edm vlastnostem se m\u016f\u017ee pou\u017e\u00edvat tak\u00e9 v kosmetice proti st\u00e1rnut\u00ed, v p\u0159\u00edpravc\u00edch, kter\u00e9 zm\u00edr\u0148uj\u00ed oxida\u010dn\u00ed stres a posiluj\u00ed epiderm\u00e1ln\u00ed lipidovou bari\u00e9ru. Je ide\u00e1ln\u00ed pro pou\u017eit\u00ed v s\u00e9rech, obli\u010dejov\u00fdch olej\u00edch, ple\u0165ov\u00fdch vod\u00e1ch a p\u0159\u00edpravc\u00edch pro p\u00e9\u010di o t\u011blo a vlasy.  <\/p>\n<h2 data-start=\"738\" data-end=\"1302\">V\u00fd\u017eivov\u00e1 hodnota ve 12 g (1 porce):<\/h2>\n<ul>\n<li data-start=\"738\" data-end=\"1302\">Energetick\u00e1 hodnota: 444 kJ \/ 108 kcal<\/li>\n<li data-start=\"738\" data-end=\"1302\">Tuk: 12 g (17 %)\n<ul>\n<li data-start=\"738\" data-end=\"1302\">z toho nasycen\u00e9 mastn\u00e9 kyseliny: 12 g (60%)<\/li>\n<li data-start=\"738\" data-end=\"1302\">C8:0 Kyselina kaprylov\u00e1: 6,6 6 &#8211; 7,8 g<\/li>\n<li data-start=\"738\" data-end=\"1302\">C10:0 kyselina kaprinov\u00e1: 4,2 g &#8211; 5,4 g<\/li>\n<\/ul>\n<\/li>\n<li data-start=\"738\" data-end=\"1302\">Sacharidy: 0 g<\/li>\n<li data-start=\"738\" data-end=\"1302\">B\u00edlkoviny: 0 g<\/li>\n<li data-start=\"738\" data-end=\"1302\">S\u016fl: 0 g<\/li>\n<\/ul>\n<h2>Profil mastn\u00fdch kyselin:<\/h2>\n<table>\n<tbody>\n<tr>\n<td><strong>N\u00c1ZEV KYSELINY<\/strong><\/td>\n<td><strong>C-CHAIN<\/strong><\/td>\n<td><strong>ROZSAH %<\/strong><\/td>\n<\/tr>\n<tr>\n<td>CAPROIC<\/td>\n<td>C6:0<\/td>\n<td>&lt;2.0<\/td>\n<\/tr>\n<tr>\n<td>CAPRYLIC<\/td>\n<td>C8:0<\/td>\n<td>50.0 &#8211; 80.0<\/td>\n<\/tr>\n<tr>\n<td>CAPRIC<\/td>\n<td>C10:0<\/td>\n<td>20.0 &#8211; 50.0<\/td>\n<\/tr>\n<tr>\n<td>LAURIC<\/td>\n<td>C12:0<\/td>\n<td>&lt;3.0<\/td>\n<\/tr>\n<\/tbody>\n<\/table>\n","protected":false},"excerpt":{"rendered":"<p><strong data-start=\"0\" data-end=\"46\">Citronella<\/strong> <em data-start=\"138\" data-end=\"160\">chinensis<\/em> <strong data-start=\"0\" data-end=\"46\">macer\u00e1t v MCT oleji<\/strong> se z\u00edsk\u00e1v\u00e1 macerac\u00ed plod\u016f <em data-start=\"138\" data-end=\"160\">Schisandra chinensis<\/em> ve frak\u010dn\u00edm kokosov\u00e9m oleji (MCT). Obsahuje extrakt z citronely, zn\u00e1m\u00fd sv\u00fdm bohatstv\u00edm na lignany, flavonoidy a organick\u00e9 kyseliny, kter\u00e9 vykazuj\u00ed adaptogenn\u00ed, antioxida\u010dn\u00ed a tonizuj\u00edc\u00ed \u00fa\u010dinky. <\/p>\n","protected":false},"featured_media":41515,"template":"","meta":[],"product_brand":[],"product_cat":[634],"product_tag":[],"class_list":{"0":"post-41734","1":"product","2":"type-product","3":"status-publish","4":"has-post-thumbnail","6":"product_cat-maceraty-cs","7":"pa_metoda-pozyskiwania-macerace","9":"first","10":"instock","11":"shipping-taxable","12":"product-type-simple"},"yoast_head":"<!-- This site is optimized with the Yoast SEO plugin v27.3 - https:\/\/yoast.com\/product\/yoast-seo-wordpress\/ -->\n<title>\u010c\u00ednsk\u00fd macer\u00e1t z citronely - Velkoobchodn\u00ed distributor<\/title>\n<meta name=\"description\" content=\"Citronella chinensis macer\u00e1t v MCT oleji je vysoce kvalitn\u00ed p\u0159\u00edrodn\u00ed rostlinn\u00e1 surovina z\u00edskan\u00e1 macerac\u00ed plod\u016f Schisandra chinensis.\" \/>\n<meta name=\"robots\" content=\"index, follow, max-snippet:-1, max-image-preview:large, max-video-preview:-1\" \/>\n<link rel=\"canonical\" href=\"https:\/\/naturalpoland.com\/cs\/produkty\/produkty-pro-kosmeticky-prumysl\/maceraty-cs\/macerat-z-cytrynca-chinskiego\/\" \/>\n<meta property=\"og:locale\" content=\"cs_CZ\" \/>\n<meta property=\"og:type\" content=\"article\" \/>\n<meta property=\"og:title\" content=\"\u010c\u00ednsk\u00fd macer\u00e1t z citronely - Velkoobchodn\u00ed distributor\" \/>\n<meta property=\"og:description\" content=\"Citronella chinensis macer\u00e1t v MCT oleji je vysoce kvalitn\u00ed p\u0159\u00edrodn\u00ed rostlinn\u00e1 surovina z\u00edskan\u00e1 macerac\u00ed plod\u016f Schisandra chinensis.\" \/>\n<meta property=\"og:url\" content=\"https:\/\/naturalpoland.com\/cs\/produkty\/produkty-pro-kosmeticky-prumysl\/maceraty-cs\/macerat-z-cytrynca-chinskiego\/\" \/>\n<meta property=\"og:site_name\" content=\"NATURAL POLAND - Velkoobchodn\u00ed distributor surovin\" \/>\n<meta property=\"article:publisher\" content=\"https:\/\/www.facebook.com\/naturalpoland.b2b\" \/>\n<meta property=\"article:modified_time\" content=\"2025-07-01T11:41:04+00:00\" \/>\n<meta property=\"og:image\" content=\"https:\/\/naturalpoland.com\/wp-content\/uploads\/macerat-z-cytrynca-chinskiego.webp\" \/>\n\t<meta property=\"og:image:width\" content=\"1024\" \/>\n\t<meta property=\"og:image:height\" content=\"1024\" \/>\n\t<meta property=\"og:image:type\" content=\"image\/webp\" \/>\n<script type=\"application\/ld+json\" class=\"yoast-schema-graph\">{\"@context\":\"https:\\\/\\\/schema.org\",\"@graph\":[{\"@type\":\"WebPage\",\"@id\":\"https:\\\/\\\/naturalpoland.com\\\/cs\\\/produkty\\\/produkty-pro-kosmeticky-prumysl\\\/maceraty-cs\\\/macerat-z-cytrynca-chinskiego\\\/\",\"url\":\"https:\\\/\\\/naturalpoland.com\\\/cs\\\/produkty\\\/produkty-pro-kosmeticky-prumysl\\\/maceraty-cs\\\/macerat-z-cytrynca-chinskiego\\\/\",\"name\":\"\u010c\u00ednsk\u00fd macer\u00e1t z citronely - Velkoobchodn\u00ed distributor\",\"isPartOf\":{\"@id\":\"https:\\\/\\\/naturalpoland.com\\\/cs\\\/#website\"},\"primaryImageOfPage\":{\"@id\":\"https:\\\/\\\/naturalpoland.com\\\/cs\\\/produkty\\\/produkty-pro-kosmeticky-prumysl\\\/maceraty-cs\\\/macerat-z-cytrynca-chinskiego\\\/#primaryimage\"},\"image\":{\"@id\":\"https:\\\/\\\/naturalpoland.com\\\/cs\\\/produkty\\\/produkty-pro-kosmeticky-prumysl\\\/maceraty-cs\\\/macerat-z-cytrynca-chinskiego\\\/#primaryimage\"},\"thumbnailUrl\":\"https:\\\/\\\/naturalpoland.com\\\/wp-content\\\/uploads\\\/macerat-z-cytrynca-chinskiego.webp\",\"datePublished\":\"2025-06-13T08:14:19+00:00\",\"dateModified\":\"2025-07-01T11:41:04+00:00\",\"description\":\"Citronella chinensis macer\u00e1t v MCT oleji je vysoce kvalitn\u00ed p\u0159\u00edrodn\u00ed rostlinn\u00e1 surovina z\u00edskan\u00e1 macerac\u00ed plod\u016f Schisandra chinensis.\",\"breadcrumb\":{\"@id\":\"https:\\\/\\\/naturalpoland.com\\\/cs\\\/produkty\\\/produkty-pro-kosmeticky-prumysl\\\/maceraty-cs\\\/macerat-z-cytrynca-chinskiego\\\/#breadcrumb\"},\"inLanguage\":\"cs\",\"potentialAction\":[{\"@type\":\"ReadAction\",\"target\":[\"https:\\\/\\\/naturalpoland.com\\\/cs\\\/produkty\\\/produkty-pro-kosmeticky-prumysl\\\/maceraty-cs\\\/macerat-z-cytrynca-chinskiego\\\/\"]}]},{\"@type\":\"ImageObject\",\"inLanguage\":\"cs\",\"@id\":\"https:\\\/\\\/naturalpoland.com\\\/cs\\\/produkty\\\/produkty-pro-kosmeticky-prumysl\\\/maceraty-cs\\\/macerat-z-cytrynca-chinskiego\\\/#primaryimage\",\"url\":\"https:\\\/\\\/naturalpoland.com\\\/wp-content\\\/uploads\\\/macerat-z-cytrynca-chinskiego.webp\",\"contentUrl\":\"https:\\\/\\\/naturalpoland.com\\\/wp-content\\\/uploads\\\/macerat-z-cytrynca-chinskiego.webp\",\"width\":1024,\"height\":1024,\"caption\":\"Macerat z Cytry\u0144ca Chi\u0144skiego\"},{\"@type\":\"BreadcrumbList\",\"@id\":\"https:\\\/\\\/naturalpoland.com\\\/cs\\\/produkty\\\/produkty-pro-kosmeticky-prumysl\\\/maceraty-cs\\\/macerat-z-cytrynca-chinskiego\\\/#breadcrumb\",\"itemListElement\":[{\"@type\":\"ListItem\",\"position\":1,\"name\":\"Dom\u016f\",\"item\":\"https:\\\/\\\/naturalpoland.com\\\/cs\\\/\"},{\"@type\":\"ListItem\",\"position\":2,\"name\":\"Produkty\",\"item\":\"https:\\\/\\\/naturalpoland.com\\\/cs\\\/produkty\\\/\"},{\"@type\":\"ListItem\",\"position\":3,\"name\":\"\u010c\u00ednsk\u00fd macer\u00e1t z citronely\"}]},{\"@type\":\"WebSite\",\"@id\":\"https:\\\/\\\/naturalpoland.com\\\/cs\\\/#website\",\"url\":\"https:\\\/\\\/naturalpoland.com\\\/cs\\\/\",\"name\":\"NATURAL POLAND - Velkoobchodn\u00ed distributor surovin\",\"description\":\"Surowce dla przemys\u0142u spo\u017cywczego, kosmetycznego i farmaceutycznego\",\"publisher\":{\"@id\":\"https:\\\/\\\/naturalpoland.com\\\/cs\\\/#organization\"},\"potentialAction\":[{\"@type\":\"SearchAction\",\"target\":{\"@type\":\"EntryPoint\",\"urlTemplate\":\"https:\\\/\\\/naturalpoland.com\\\/cs\\\/?s={search_term_string}\"},\"query-input\":{\"@type\":\"PropertyValueSpecification\",\"valueRequired\":true,\"valueName\":\"search_term_string\"}}],\"inLanguage\":\"cs\"},{\"@type\":\"Organization\",\"@id\":\"https:\\\/\\\/naturalpoland.com\\\/cs\\\/#organization\",\"name\":\"Natural Poland\",\"url\":\"https:\\\/\\\/naturalpoland.com\\\/cs\\\/\",\"logo\":{\"@type\":\"ImageObject\",\"inLanguage\":\"cs\",\"@id\":\"https:\\\/\\\/naturalpoland.com\\\/cs\\\/#\\\/schema\\\/logo\\\/image\\\/\",\"url\":\"https:\\\/\\\/naturalpoland.com\\\/wp-content\\\/uploads\\\/2021\\\/05\\\/natural-poland-icon.png\",\"contentUrl\":\"https:\\\/\\\/naturalpoland.com\\\/wp-content\\\/uploads\\\/2021\\\/05\\\/natural-poland-icon.png\",\"width\":512,\"height\":512,\"caption\":\"Natural Poland\"},\"image\":{\"@id\":\"https:\\\/\\\/naturalpoland.com\\\/cs\\\/#\\\/schema\\\/logo\\\/image\\\/\"},\"sameAs\":[\"https:\\\/\\\/www.facebook.com\\\/naturalpoland.b2b\",\"https:\\\/\\\/pl.linkedin.com\\\/company\\\/natural-poland\",\"https:\\\/\\\/www.youtube.com\\\/channel\\\/UCgeGGkvOMahZo-xu_MSEWxg\"]}]}<\/script>\n<!-- \/ Yoast SEO plugin. -->","yoast_head_json":{"title":"\u010c\u00ednsk\u00fd macer\u00e1t z citronely - Velkoobchodn\u00ed distributor","description":"Citronella chinensis macer\u00e1t v MCT oleji je vysoce kvalitn\u00ed p\u0159\u00edrodn\u00ed rostlinn\u00e1 surovina z\u00edskan\u00e1 macerac\u00ed plod\u016f Schisandra chinensis.","robots":{"index":"index","follow":"follow","max-snippet":"max-snippet:-1","max-image-preview":"max-image-preview:large","max-video-preview":"max-video-preview:-1"},"canonical":"https:\/\/naturalpoland.com\/cs\/produkty\/produkty-pro-kosmeticky-prumysl\/maceraty-cs\/macerat-z-cytrynca-chinskiego\/","og_locale":"cs_CZ","og_type":"article","og_title":"\u010c\u00ednsk\u00fd macer\u00e1t z citronely - Velkoobchodn\u00ed distributor","og_description":"Citronella chinensis macer\u00e1t v MCT oleji je vysoce kvalitn\u00ed p\u0159\u00edrodn\u00ed rostlinn\u00e1 surovina z\u00edskan\u00e1 macerac\u00ed plod\u016f Schisandra chinensis.","og_url":"https:\/\/naturalpoland.com\/cs\/produkty\/produkty-pro-kosmeticky-prumysl\/maceraty-cs\/macerat-z-cytrynca-chinskiego\/","og_site_name":"NATURAL POLAND - Velkoobchodn\u00ed distributor surovin","article_publisher":"https:\/\/www.facebook.com\/naturalpoland.b2b","article_modified_time":"2025-07-01T11:41:04+00:00","og_image":[{"width":1024,"height":1024,"url":"https:\/\/naturalpoland.com\/wp-content\/uploads\/macerat-z-cytrynca-chinskiego.webp","type":"image\/webp"}],"schema":{"@context":"https:\/\/schema.org","@graph":[{"@type":"WebPage","@id":"https:\/\/naturalpoland.com\/cs\/produkty\/produkty-pro-kosmeticky-prumysl\/maceraty-cs\/macerat-z-cytrynca-chinskiego\/","url":"https:\/\/naturalpoland.com\/cs\/produkty\/produkty-pro-kosmeticky-prumysl\/maceraty-cs\/macerat-z-cytrynca-chinskiego\/","name":"\u010c\u00ednsk\u00fd macer\u00e1t z citronely - Velkoobchodn\u00ed distributor","isPartOf":{"@id":"https:\/\/naturalpoland.com\/cs\/#website"},"primaryImageOfPage":{"@id":"https:\/\/naturalpoland.com\/cs\/produkty\/produkty-pro-kosmeticky-prumysl\/maceraty-cs\/macerat-z-cytrynca-chinskiego\/#primaryimage"},"image":{"@id":"https:\/\/naturalpoland.com\/cs\/produkty\/produkty-pro-kosmeticky-prumysl\/maceraty-cs\/macerat-z-cytrynca-chinskiego\/#primaryimage"},"thumbnailUrl":"https:\/\/naturalpoland.com\/wp-content\/uploads\/macerat-z-cytrynca-chinskiego.webp","datePublished":"2025-06-13T08:14:19+00:00","dateModified":"2025-07-01T11:41:04+00:00","description":"Citronella chinensis macer\u00e1t v MCT oleji je vysoce kvalitn\u00ed p\u0159\u00edrodn\u00ed rostlinn\u00e1 surovina z\u00edskan\u00e1 macerac\u00ed plod\u016f Schisandra chinensis.","breadcrumb":{"@id":"https:\/\/naturalpoland.com\/cs\/produkty\/produkty-pro-kosmeticky-prumysl\/maceraty-cs\/macerat-z-cytrynca-chinskiego\/#breadcrumb"},"inLanguage":"cs","potentialAction":[{"@type":"ReadAction","target":["https:\/\/naturalpoland.com\/cs\/produkty\/produkty-pro-kosmeticky-prumysl\/maceraty-cs\/macerat-z-cytrynca-chinskiego\/"]}]},{"@type":"ImageObject","inLanguage":"cs","@id":"https:\/\/naturalpoland.com\/cs\/produkty\/produkty-pro-kosmeticky-prumysl\/maceraty-cs\/macerat-z-cytrynca-chinskiego\/#primaryimage","url":"https:\/\/naturalpoland.com\/wp-content\/uploads\/macerat-z-cytrynca-chinskiego.webp","contentUrl":"https:\/\/naturalpoland.com\/wp-content\/uploads\/macerat-z-cytrynca-chinskiego.webp","width":1024,"height":1024,"caption":"Macerat z Cytry\u0144ca Chi\u0144skiego"},{"@type":"BreadcrumbList","@id":"https:\/\/naturalpoland.com\/cs\/produkty\/produkty-pro-kosmeticky-prumysl\/maceraty-cs\/macerat-z-cytrynca-chinskiego\/#breadcrumb","itemListElement":[{"@type":"ListItem","position":1,"name":"Dom\u016f","item":"https:\/\/naturalpoland.com\/cs\/"},{"@type":"ListItem","position":2,"name":"Produkty","item":"https:\/\/naturalpoland.com\/cs\/produkty\/"},{"@type":"ListItem","position":3,"name":"\u010c\u00ednsk\u00fd macer\u00e1t z citronely"}]},{"@type":"WebSite","@id":"https:\/\/naturalpoland.com\/cs\/#website","url":"https:\/\/naturalpoland.com\/cs\/","name":"NATURAL POLAND - Velkoobchodn\u00ed distributor surovin","description":"Surowce dla przemys\u0142u spo\u017cywczego, kosmetycznego i farmaceutycznego","publisher":{"@id":"https:\/\/naturalpoland.com\/cs\/#organization"},"potentialAction":[{"@type":"SearchAction","target":{"@type":"EntryPoint","urlTemplate":"https:\/\/naturalpoland.com\/cs\/?s={search_term_string}"},"query-input":{"@type":"PropertyValueSpecification","valueRequired":true,"valueName":"search_term_string"}}],"inLanguage":"cs"},{"@type":"Organization","@id":"https:\/\/naturalpoland.com\/cs\/#organization","name":"Natural Poland","url":"https:\/\/naturalpoland.com\/cs\/","logo":{"@type":"ImageObject","inLanguage":"cs","@id":"https:\/\/naturalpoland.com\/cs\/#\/schema\/logo\/image\/","url":"https:\/\/naturalpoland.com\/wp-content\/uploads\/2021\/05\/natural-poland-icon.png","contentUrl":"https:\/\/naturalpoland.com\/wp-content\/uploads\/2021\/05\/natural-poland-icon.png","width":512,"height":512,"caption":"Natural Poland"},"image":{"@id":"https:\/\/naturalpoland.com\/cs\/#\/schema\/logo\/image\/"},"sameAs":["https:\/\/www.facebook.com\/naturalpoland.b2b","https:\/\/pl.linkedin.com\/company\/natural-poland","https:\/\/www.youtube.com\/channel\/UCgeGGkvOMahZo-xu_MSEWxg"]}]}},"_links":{"self":[{"href":"https:\/\/naturalpoland.com\/cs\/wp-json\/wp\/v2\/product\/41734","targetHints":{"allow":["GET"]}}],"collection":[{"href":"https:\/\/naturalpoland.com\/cs\/wp-json\/wp\/v2\/product"}],"about":[{"href":"https:\/\/naturalpoland.com\/cs\/wp-json\/wp\/v2\/types\/product"}],"wp:featuredmedia":[{"embeddable":true,"href":"https:\/\/naturalpoland.com\/cs\/wp-json\/wp\/v2\/media\/41515"}],"wp:attachment":[{"href":"https:\/\/naturalpoland.com\/cs\/wp-json\/wp\/v2\/media?parent=41734"}],"wp:term":[{"taxonomy":"product_brand","embeddable":true,"href":"https:\/\/naturalpoland.com\/cs\/wp-json\/wp\/v2\/product_brand?post=41734"},{"taxonomy":"product_cat","embeddable":true,"href":"https:\/\/naturalpoland.com\/cs\/wp-json\/wp\/v2\/product_cat?post=41734"},{"taxonomy":"product_tag","embeddable":true,"href":"https:\/\/naturalpoland.com\/cs\/wp-json\/wp\/v2\/product_tag?post=41734"}],"curies":[{"name":"wp","href":"https:\/\/api.w.org\/{rel}","templated":true}]}}