{"id":41814,"date":"2025-07-03T12:25:51","date_gmt":"2025-07-03T10:25:51","guid":{"rendered":"https:\/\/naturalpoland.com\/produkty\/neza\u0159azen\u00e9\/proszek-jedwabny\/"},"modified":"2025-07-04T10:29:25","modified_gmt":"2025-07-04T08:29:25","slug":"proszek-jedwabny","status":"publish","type":"product","link":"https:\/\/naturalpoland.com\/cs\/produkty\/produkty-pro-kosmeticky-prumysl\/kosmeticke-suroviny\/proszek-jedwabny\/","title":{"rendered":"Hedv\u00e1bn\u00fd pr\u00e1\u0161ek"},"content":{"rendered":"<h2>Pou\u017eit\u00ed a \u00fa\u010dinky:<\/h2>\n<p>Hedv\u00e1bn\u00fd pr\u00e1\u0161ek se pou\u017e\u00edv\u00e1 v kosmetice pro p\u00e9\u010di o poko\u017eku a vlasy. M\u00e1 hydrata\u010dn\u00ed, vyhlazuj\u00edc\u00ed a ochrann\u00e9 vlastnosti. Hedv\u00e1bn\u00fd fibroin vytv\u00e1\u0159\u00ed jemn\u00fd ochrann\u00fd film na poko\u017ece a vlasech, kter\u00fd chr\u00e1n\u00ed p\u0159ed ztr\u00e1tou vlhkosti a z\u00e1rove\u0148 zlep\u0161uje jejich hladkost a m\u011bkkost.  <\/p>\n<p>V dekorativn\u00ed kosmetice pozitivn\u011b ovliv\u0148uje texturu produktu a zlep\u0161uje p\u0159ilnavost k poko\u017ece. D\u00edky biokompatibilit\u011b s lidskou poko\u017ekou m\u016f\u017ee b\u00fdt pou\u017e\u00edv\u00e1n tak\u00e9 v dermokosmetice a kosmetice pro citlivou poko\u017eku. Produkt je tak\u00e9 obl\u00edben\u00fd v asijsk\u00e9 kosmetice (mimo jin\u00e9 japonsk\u00e9 a korejsk\u00e9).  <\/p>\n<p><b>Hedv\u00e1bn\u00fd pr\u00e1\u0161ek je pokro\u010dilou<\/b> pr\u00e9miovou kosmetickou slo\u017ekou, kter\u00e1 kombinuje p\u0159\u00edrodn\u00ed p\u016fvod s vysokou pe\u010duj\u00edc\u00ed \u00fa\u010dinnost\u00ed. D\u00edky sv\u00e9mu \u010dist\u00e9mu slo\u017een\u00ed a v\u0161estrannosti pou\u017eit\u00ed je ide\u00e1ln\u00ed volbou pro v\u00fdrobce hledaj\u00edc\u00ed p\u0159\u00edrodn\u00ed, biokompatibiln\u00ed suroviny pro modern\u00ed pe\u010duj\u00edc\u00ed receptury. <\/p>\n","protected":false},"excerpt":{"rendered":"<p><strong>Hedv\u00e1bn\u00fd pr\u00e1\u0161ek<\/strong> se z\u00edsk\u00e1v\u00e1 z <strong>fibr\u00f3inu<\/strong> \u2013 b\u00edlkoviny p\u0159irozen\u011b se vyskytuj\u00edc\u00ed v hedv\u00e1b\u00ed z kokon\u016f <em data-start=\"211\" data-end=\"224\">Bombyx mori<\/em> (bourec moru\u0161ov\u00fd). Produkt je 100% \u010dist\u00fd hedv\u00e1b\u00ed bez p\u0159\u00edsad a pomocn\u00fdch l\u00e1tek. <\/p>\n","protected":false},"featured_media":41768,"template":"","meta":[],"product_brand":[],"product_cat":[638],"product_tag":[],"class_list":{"0":"post-41814","1":"product","2":"type-product","3":"status-publish","4":"has-post-thumbnail","6":"product_cat-kosmeticke-suroviny","8":"first","9":"instock","10":"shipping-taxable","11":"product-type-simple"},"yoast_head":"<!-- This site is optimized with the Yoast SEO plugin v27.3 - https:\/\/yoast.com\/product\/yoast-seo-wordpress\/ -->\n<title>Hedv\u00e1bn\u00fd pr\u00e1\u0161ek - Velkoobchodn\u00ed distributor<\/title>\n<meta name=\"description\" content=\"Hedv\u00e1bn\u00fd pr\u00e1\u0161ek je pokro\u010dil\u00e1 pr\u00e9miov\u00e1 kosmetick\u00e1 slo\u017eka, kter\u00e1 kombinuje p\u0159\u00edrodn\u00ed p\u016fvod s vysokou pe\u010duj\u00edc\u00ed \u00fa\u010dinnost\u00ed\" \/>\n<meta name=\"robots\" content=\"index, follow, max-snippet:-1, max-image-preview:large, max-video-preview:-1\" \/>\n<link rel=\"canonical\" href=\"https:\/\/naturalpoland.com\/cs\/produkty\/produkty-pro-kosmeticky-prumysl\/kosmeticke-suroviny\/proszek-jedwabny\/\" \/>\n<meta property=\"og:locale\" content=\"cs_CZ\" \/>\n<meta property=\"og:type\" content=\"article\" \/>\n<meta property=\"og:title\" content=\"Hedv\u00e1bn\u00fd pr\u00e1\u0161ek - Velkoobchodn\u00ed distributor\" \/>\n<meta property=\"og:description\" content=\"Hedv\u00e1bn\u00fd pr\u00e1\u0161ek je pokro\u010dil\u00e1 pr\u00e9miov\u00e1 kosmetick\u00e1 slo\u017eka, kter\u00e1 kombinuje p\u0159\u00edrodn\u00ed p\u016fvod s vysokou pe\u010duj\u00edc\u00ed \u00fa\u010dinnost\u00ed\" \/>\n<meta property=\"og:url\" content=\"https:\/\/naturalpoland.com\/cs\/produkty\/produkty-pro-kosmeticky-prumysl\/kosmeticke-suroviny\/proszek-jedwabny\/\" \/>\n<meta property=\"og:site_name\" content=\"NATURAL POLAND - Velkoobchodn\u00ed distributor surovin\" \/>\n<meta property=\"article:publisher\" content=\"https:\/\/www.facebook.com\/naturalpoland.b2b\" \/>\n<meta property=\"article:modified_time\" content=\"2025-07-04T08:29:25+00:00\" \/>\n<meta property=\"og:image\" content=\"https:\/\/naturalpoland.com\/wp-content\/uploads\/proszek-jedwabny.webp\" \/>\n\t<meta property=\"og:image:width\" content=\"1024\" \/>\n\t<meta property=\"og:image:height\" content=\"1024\" \/>\n\t<meta property=\"og:image:type\" content=\"image\/webp\" \/>\n<script type=\"application\/ld+json\" class=\"yoast-schema-graph\">{\"@context\":\"https:\\\/\\\/schema.org\",\"@graph\":[{\"@type\":\"WebPage\",\"@id\":\"https:\\\/\\\/naturalpoland.com\\\/cs\\\/produkty\\\/produkty-pro-kosmeticky-prumysl\\\/kosmeticke-suroviny\\\/proszek-jedwabny\\\/\",\"url\":\"https:\\\/\\\/naturalpoland.com\\\/cs\\\/produkty\\\/produkty-pro-kosmeticky-prumysl\\\/kosmeticke-suroviny\\\/proszek-jedwabny\\\/\",\"name\":\"Hedv\u00e1bn\u00fd pr\u00e1\u0161ek - Velkoobchodn\u00ed distributor\",\"isPartOf\":{\"@id\":\"https:\\\/\\\/naturalpoland.com\\\/cs\\\/#website\"},\"primaryImageOfPage\":{\"@id\":\"https:\\\/\\\/naturalpoland.com\\\/cs\\\/produkty\\\/produkty-pro-kosmeticky-prumysl\\\/kosmeticke-suroviny\\\/proszek-jedwabny\\\/#primaryimage\"},\"image\":{\"@id\":\"https:\\\/\\\/naturalpoland.com\\\/cs\\\/produkty\\\/produkty-pro-kosmeticky-prumysl\\\/kosmeticke-suroviny\\\/proszek-jedwabny\\\/#primaryimage\"},\"thumbnailUrl\":\"https:\\\/\\\/naturalpoland.com\\\/wp-content\\\/uploads\\\/proszek-jedwabny.webp\",\"datePublished\":\"2025-07-03T10:25:51+00:00\",\"dateModified\":\"2025-07-04T08:29:25+00:00\",\"description\":\"Hedv\u00e1bn\u00fd pr\u00e1\u0161ek je pokro\u010dil\u00e1 pr\u00e9miov\u00e1 kosmetick\u00e1 slo\u017eka, kter\u00e1 kombinuje p\u0159\u00edrodn\u00ed p\u016fvod s vysokou pe\u010duj\u00edc\u00ed \u00fa\u010dinnost\u00ed\",\"breadcrumb\":{\"@id\":\"https:\\\/\\\/naturalpoland.com\\\/cs\\\/produkty\\\/produkty-pro-kosmeticky-prumysl\\\/kosmeticke-suroviny\\\/proszek-jedwabny\\\/#breadcrumb\"},\"inLanguage\":\"cs\",\"potentialAction\":[{\"@type\":\"ReadAction\",\"target\":[\"https:\\\/\\\/naturalpoland.com\\\/cs\\\/produkty\\\/produkty-pro-kosmeticky-prumysl\\\/kosmeticke-suroviny\\\/proszek-jedwabny\\\/\"]}]},{\"@type\":\"ImageObject\",\"inLanguage\":\"cs\",\"@id\":\"https:\\\/\\\/naturalpoland.com\\\/cs\\\/produkty\\\/produkty-pro-kosmeticky-prumysl\\\/kosmeticke-suroviny\\\/proszek-jedwabny\\\/#primaryimage\",\"url\":\"https:\\\/\\\/naturalpoland.com\\\/wp-content\\\/uploads\\\/proszek-jedwabny.webp\",\"contentUrl\":\"https:\\\/\\\/naturalpoland.com\\\/wp-content\\\/uploads\\\/proszek-jedwabny.webp\",\"width\":1024,\"height\":1024,\"caption\":\"proszek jedwabny otrzymywany z fibroiny\"},{\"@type\":\"BreadcrumbList\",\"@id\":\"https:\\\/\\\/naturalpoland.com\\\/cs\\\/produkty\\\/produkty-pro-kosmeticky-prumysl\\\/kosmeticke-suroviny\\\/proszek-jedwabny\\\/#breadcrumb\",\"itemListElement\":[{\"@type\":\"ListItem\",\"position\":1,\"name\":\"Dom\u016f\",\"item\":\"https:\\\/\\\/naturalpoland.com\\\/cs\\\/\"},{\"@type\":\"ListItem\",\"position\":2,\"name\":\"Produkty\",\"item\":\"https:\\\/\\\/naturalpoland.com\\\/cs\\\/produkty\\\/\"},{\"@type\":\"ListItem\",\"position\":3,\"name\":\"Hedv\u00e1bn\u00fd pr\u00e1\u0161ek\"}]},{\"@type\":\"WebSite\",\"@id\":\"https:\\\/\\\/naturalpoland.com\\\/cs\\\/#website\",\"url\":\"https:\\\/\\\/naturalpoland.com\\\/cs\\\/\",\"name\":\"NATURAL POLAND - Velkoobchodn\u00ed distributor surovin\",\"description\":\"Surowce dla przemys\u0142u spo\u017cywczego, kosmetycznego i farmaceutycznego\",\"publisher\":{\"@id\":\"https:\\\/\\\/naturalpoland.com\\\/cs\\\/#organization\"},\"potentialAction\":[{\"@type\":\"SearchAction\",\"target\":{\"@type\":\"EntryPoint\",\"urlTemplate\":\"https:\\\/\\\/naturalpoland.com\\\/cs\\\/?s={search_term_string}\"},\"query-input\":{\"@type\":\"PropertyValueSpecification\",\"valueRequired\":true,\"valueName\":\"search_term_string\"}}],\"inLanguage\":\"cs\"},{\"@type\":\"Organization\",\"@id\":\"https:\\\/\\\/naturalpoland.com\\\/cs\\\/#organization\",\"name\":\"Natural Poland\",\"url\":\"https:\\\/\\\/naturalpoland.com\\\/cs\\\/\",\"logo\":{\"@type\":\"ImageObject\",\"inLanguage\":\"cs\",\"@id\":\"https:\\\/\\\/naturalpoland.com\\\/cs\\\/#\\\/schema\\\/logo\\\/image\\\/\",\"url\":\"https:\\\/\\\/naturalpoland.com\\\/wp-content\\\/uploads\\\/2021\\\/05\\\/natural-poland-icon.png\",\"contentUrl\":\"https:\\\/\\\/naturalpoland.com\\\/wp-content\\\/uploads\\\/2021\\\/05\\\/natural-poland-icon.png\",\"width\":512,\"height\":512,\"caption\":\"Natural Poland\"},\"image\":{\"@id\":\"https:\\\/\\\/naturalpoland.com\\\/cs\\\/#\\\/schema\\\/logo\\\/image\\\/\"},\"sameAs\":[\"https:\\\/\\\/www.facebook.com\\\/naturalpoland.b2b\",\"https:\\\/\\\/pl.linkedin.com\\\/company\\\/natural-poland\",\"https:\\\/\\\/www.youtube.com\\\/channel\\\/UCgeGGkvOMahZo-xu_MSEWxg\"]}]}<\/script>\n<!-- \/ Yoast SEO plugin. -->","yoast_head_json":{"title":"Hedv\u00e1bn\u00fd pr\u00e1\u0161ek - Velkoobchodn\u00ed distributor","description":"Hedv\u00e1bn\u00fd pr\u00e1\u0161ek je pokro\u010dil\u00e1 pr\u00e9miov\u00e1 kosmetick\u00e1 slo\u017eka, kter\u00e1 kombinuje p\u0159\u00edrodn\u00ed p\u016fvod s vysokou pe\u010duj\u00edc\u00ed \u00fa\u010dinnost\u00ed","robots":{"index":"index","follow":"follow","max-snippet":"max-snippet:-1","max-image-preview":"max-image-preview:large","max-video-preview":"max-video-preview:-1"},"canonical":"https:\/\/naturalpoland.com\/cs\/produkty\/produkty-pro-kosmeticky-prumysl\/kosmeticke-suroviny\/proszek-jedwabny\/","og_locale":"cs_CZ","og_type":"article","og_title":"Hedv\u00e1bn\u00fd pr\u00e1\u0161ek - Velkoobchodn\u00ed distributor","og_description":"Hedv\u00e1bn\u00fd pr\u00e1\u0161ek je pokro\u010dil\u00e1 pr\u00e9miov\u00e1 kosmetick\u00e1 slo\u017eka, kter\u00e1 kombinuje p\u0159\u00edrodn\u00ed p\u016fvod s vysokou pe\u010duj\u00edc\u00ed \u00fa\u010dinnost\u00ed","og_url":"https:\/\/naturalpoland.com\/cs\/produkty\/produkty-pro-kosmeticky-prumysl\/kosmeticke-suroviny\/proszek-jedwabny\/","og_site_name":"NATURAL POLAND - Velkoobchodn\u00ed distributor surovin","article_publisher":"https:\/\/www.facebook.com\/naturalpoland.b2b","article_modified_time":"2025-07-04T08:29:25+00:00","og_image":[{"width":1024,"height":1024,"url":"https:\/\/naturalpoland.com\/wp-content\/uploads\/proszek-jedwabny.webp","type":"image\/webp"}],"schema":{"@context":"https:\/\/schema.org","@graph":[{"@type":"WebPage","@id":"https:\/\/naturalpoland.com\/cs\/produkty\/produkty-pro-kosmeticky-prumysl\/kosmeticke-suroviny\/proszek-jedwabny\/","url":"https:\/\/naturalpoland.com\/cs\/produkty\/produkty-pro-kosmeticky-prumysl\/kosmeticke-suroviny\/proszek-jedwabny\/","name":"Hedv\u00e1bn\u00fd pr\u00e1\u0161ek - Velkoobchodn\u00ed distributor","isPartOf":{"@id":"https:\/\/naturalpoland.com\/cs\/#website"},"primaryImageOfPage":{"@id":"https:\/\/naturalpoland.com\/cs\/produkty\/produkty-pro-kosmeticky-prumysl\/kosmeticke-suroviny\/proszek-jedwabny\/#primaryimage"},"image":{"@id":"https:\/\/naturalpoland.com\/cs\/produkty\/produkty-pro-kosmeticky-prumysl\/kosmeticke-suroviny\/proszek-jedwabny\/#primaryimage"},"thumbnailUrl":"https:\/\/naturalpoland.com\/wp-content\/uploads\/proszek-jedwabny.webp","datePublished":"2025-07-03T10:25:51+00:00","dateModified":"2025-07-04T08:29:25+00:00","description":"Hedv\u00e1bn\u00fd pr\u00e1\u0161ek je pokro\u010dil\u00e1 pr\u00e9miov\u00e1 kosmetick\u00e1 slo\u017eka, kter\u00e1 kombinuje p\u0159\u00edrodn\u00ed p\u016fvod s vysokou pe\u010duj\u00edc\u00ed \u00fa\u010dinnost\u00ed","breadcrumb":{"@id":"https:\/\/naturalpoland.com\/cs\/produkty\/produkty-pro-kosmeticky-prumysl\/kosmeticke-suroviny\/proszek-jedwabny\/#breadcrumb"},"inLanguage":"cs","potentialAction":[{"@type":"ReadAction","target":["https:\/\/naturalpoland.com\/cs\/produkty\/produkty-pro-kosmeticky-prumysl\/kosmeticke-suroviny\/proszek-jedwabny\/"]}]},{"@type":"ImageObject","inLanguage":"cs","@id":"https:\/\/naturalpoland.com\/cs\/produkty\/produkty-pro-kosmeticky-prumysl\/kosmeticke-suroviny\/proszek-jedwabny\/#primaryimage","url":"https:\/\/naturalpoland.com\/wp-content\/uploads\/proszek-jedwabny.webp","contentUrl":"https:\/\/naturalpoland.com\/wp-content\/uploads\/proszek-jedwabny.webp","width":1024,"height":1024,"caption":"proszek jedwabny otrzymywany z fibroiny"},{"@type":"BreadcrumbList","@id":"https:\/\/naturalpoland.com\/cs\/produkty\/produkty-pro-kosmeticky-prumysl\/kosmeticke-suroviny\/proszek-jedwabny\/#breadcrumb","itemListElement":[{"@type":"ListItem","position":1,"name":"Dom\u016f","item":"https:\/\/naturalpoland.com\/cs\/"},{"@type":"ListItem","position":2,"name":"Produkty","item":"https:\/\/naturalpoland.com\/cs\/produkty\/"},{"@type":"ListItem","position":3,"name":"Hedv\u00e1bn\u00fd pr\u00e1\u0161ek"}]},{"@type":"WebSite","@id":"https:\/\/naturalpoland.com\/cs\/#website","url":"https:\/\/naturalpoland.com\/cs\/","name":"NATURAL POLAND - Velkoobchodn\u00ed distributor surovin","description":"Surowce dla przemys\u0142u spo\u017cywczego, kosmetycznego i farmaceutycznego","publisher":{"@id":"https:\/\/naturalpoland.com\/cs\/#organization"},"potentialAction":[{"@type":"SearchAction","target":{"@type":"EntryPoint","urlTemplate":"https:\/\/naturalpoland.com\/cs\/?s={search_term_string}"},"query-input":{"@type":"PropertyValueSpecification","valueRequired":true,"valueName":"search_term_string"}}],"inLanguage":"cs"},{"@type":"Organization","@id":"https:\/\/naturalpoland.com\/cs\/#organization","name":"Natural Poland","url":"https:\/\/naturalpoland.com\/cs\/","logo":{"@type":"ImageObject","inLanguage":"cs","@id":"https:\/\/naturalpoland.com\/cs\/#\/schema\/logo\/image\/","url":"https:\/\/naturalpoland.com\/wp-content\/uploads\/2021\/05\/natural-poland-icon.png","contentUrl":"https:\/\/naturalpoland.com\/wp-content\/uploads\/2021\/05\/natural-poland-icon.png","width":512,"height":512,"caption":"Natural Poland"},"image":{"@id":"https:\/\/naturalpoland.com\/cs\/#\/schema\/logo\/image\/"},"sameAs":["https:\/\/www.facebook.com\/naturalpoland.b2b","https:\/\/pl.linkedin.com\/company\/natural-poland","https:\/\/www.youtube.com\/channel\/UCgeGGkvOMahZo-xu_MSEWxg"]}]}},"_links":{"self":[{"href":"https:\/\/naturalpoland.com\/cs\/wp-json\/wp\/v2\/product\/41814","targetHints":{"allow":["GET"]}}],"collection":[{"href":"https:\/\/naturalpoland.com\/cs\/wp-json\/wp\/v2\/product"}],"about":[{"href":"https:\/\/naturalpoland.com\/cs\/wp-json\/wp\/v2\/types\/product"}],"wp:featuredmedia":[{"embeddable":true,"href":"https:\/\/naturalpoland.com\/cs\/wp-json\/wp\/v2\/media\/41768"}],"wp:attachment":[{"href":"https:\/\/naturalpoland.com\/cs\/wp-json\/wp\/v2\/media?parent=41814"}],"wp:term":[{"taxonomy":"product_brand","embeddable":true,"href":"https:\/\/naturalpoland.com\/cs\/wp-json\/wp\/v2\/product_brand?post=41814"},{"taxonomy":"product_cat","embeddable":true,"href":"https:\/\/naturalpoland.com\/cs\/wp-json\/wp\/v2\/product_cat?post=41814"},{"taxonomy":"product_tag","embeddable":true,"href":"https:\/\/naturalpoland.com\/cs\/wp-json\/wp\/v2\/product_tag?post=41814"}],"curies":[{"name":"wp","href":"https:\/\/api.w.org\/{rel}","templated":true}]}}