{"id":41878,"date":"2025-07-09T14:07:22","date_gmt":"2025-07-09T12:07:22","guid":{"rendered":"https:\/\/naturalpoland.com\/produkty\/neza\u0159azen\u00e9\/ekstrakt-z-nasion-prosa\/"},"modified":"2025-07-10T12:01:51","modified_gmt":"2025-07-10T10:01:51","slug":"ekstrakt-z-nasion-prosa","status":"publish","type":"product","link":"https:\/\/naturalpoland.com\/cs\/produkty\/rostlinne-vytazky\/ekstrakt-z-nasion-prosa\/","title":{"rendered":"Extrakt ze semen prosa"},"content":{"rendered":"<h2>Vlastnosti a potenci\u00e1ln\u00ed pou\u017eit\u00ed extraktu z prosa<\/h2>\n<p>Proso je obilnina s v\u00fdjime\u010dn\u011b p\u0159\u00edzniv\u00fdm nutri\u010dn\u00edm profilem, bohat\u00e1 na miner\u00e1ly (zejm\u00e9na \u017eelezo, ho\u0159\u010d\u00edk, fosfor) a antioxidanty, a tak\u00e9 dob\u0159e vst\u0159ebateln\u00e9 b\u00edlkoviny. Extrakt z jeho semen je cen\u011bn p\u0159edev\u0161\u00edm pro <strong>posiluj\u00edc\u00ed \u00fa\u010dinek na organismus<\/strong> a <strong>podporu tr\u00e1vic\u00edho a nervov\u00e9ho syst\u00e9mu<\/strong>. V tradi\u010dn\u00edm pou\u017eit\u00ed bylo proso pova\u017eov\u00e1no za surovinu <strong>podporuj\u00edc\u00ed kondici k\u016f\u017ee, vlas\u016f a neht\u016f<\/strong> a jeho extrakty se st\u00e1le \u010dast\u011bji dost\u00e1vaj\u00ed do dopl\u0148k\u016f stravy zam\u011b\u0159en\u00fdch na p\u0159irozen\u00e9 pos\u00edlen\u00ed a <strong>zlep\u0161en\u00ed metabolismu<\/strong>.  <\/p>\n<p>Extrakt ze semen prosa nach\u00e1z\u00ed uplatn\u011bn\u00ed p\u0159edev\u0161\u00edm v <strong>nutraceutick\u00e9m<\/strong> a <strong>suplementa\u010dn\u00edm<\/strong> pr\u016fmyslu \u2013 jako slo\u017eka kapsl\u00ed, tablet nebo pr\u00e1\u0161k\u016f podporuj\u00edc\u00edch organismus p\u0159i stavech nedostatku mikroelement\u016f nebo obecn\u00e9ho oslaben\u00ed. Vzhledem ke sv\u00e9mu p\u0159\u00edrodn\u00edmu slo\u017een\u00ed a jemn\u00e9mu p\u016fsoben\u00ed m\u016f\u017ee b\u00fdt produkt vyu\u017e\u00edv\u00e1n tak\u00e9 v <strong>p\u0159\u00edrodn\u00ed kosmetice<\/strong> \u2013 zejm\u00e9na v p\u00e9\u010di o vlasy a poko\u017eku hlavy. D\u00edky mikrobiologick\u00e9 \u010distot\u011b a jemn\u00e9mu senzorick\u00e9mu profilu (charakteristick\u00e1 chu\u0165 a v\u016fn\u011b) je extrakt dob\u0159e sn\u00e1\u0161en a m\u016f\u017ee b\u00fdt pou\u017e\u00edv\u00e1n tak\u00e9 ve funk\u010dn\u00edch sm\u011bs\u00edch, <strong>dietn\u00edch potravin\u00e1ch<\/strong> a potravin\u00e1\u0159sk\u00fdch p\u0159\u00edpravc\u00edch.  <\/p>\n","protected":false},"excerpt":{"rendered":"<p><strong>Extrakt ze semen prosa<\/strong> je z\u00edsk\u00e1v\u00e1n ze semen <em>Panicum miliaceum<\/em> \u2013 jedn\u00e9 z nejstar\u0161\u00edch p\u011bstovan\u00fdch obiln\u00fdch rostlin. Produkt je standardizov\u00e1n. Extrakt vznik\u00e1 procesem vodn\u00ed extrakce s p\u0159\u00eddavkem maltodextrinu jako nosi\u010d a neobsahuje lepek ani GMO.  <\/p>\n","protected":false},"featured_media":41862,"template":"","meta":[],"product_brand":[],"product_cat":[622],"product_tag":[],"class_list":{"0":"post-41878","1":"product","2":"type-product","3":"status-publish","4":"has-post-thumbnail","6":"product_cat-rostlinne-vytazky","7":"pa_czesc-rosliny-semena","8":"pa_metoda-pozyskiwania-odber-vody","10":"first","11":"instock","12":"shipping-taxable","13":"product-type-simple"},"yoast_head":"<!-- This site is optimized with the Yoast SEO plugin v27.3 - https:\/\/yoast.com\/product\/yoast-seo-wordpress\/ -->\n<title>Extrakt ze semen prosa - Velkoobchodn\u00ed distributor<\/title>\n<meta name=\"description\" content=\"Extrakt ze semen prosa je p\u0159\u00edrodn\u00ed rostlinn\u00e1 surovina z\u00edsk\u00e1van\u00e1 ze semen Panicum miliaceum \u2013 jedn\u00e9 z nejstar\u0161\u00edch p\u011bstovan\u00fdch obiln\u00fdch rostlin.\" \/>\n<meta name=\"robots\" content=\"index, follow, max-snippet:-1, max-image-preview:large, max-video-preview:-1\" \/>\n<link rel=\"canonical\" href=\"https:\/\/naturalpoland.com\/cs\/produkty\/rostlinne-vytazky\/ekstrakt-z-nasion-prosa\/\" \/>\n<meta property=\"og:locale\" content=\"cs_CZ\" \/>\n<meta property=\"og:type\" content=\"article\" \/>\n<meta property=\"og:title\" content=\"Extrakt ze semen prosa - Velkoobchodn\u00ed distributor\" \/>\n<meta property=\"og:description\" content=\"Extrakt ze semen prosa je p\u0159\u00edrodn\u00ed rostlinn\u00e1 surovina z\u00edsk\u00e1van\u00e1 ze semen Panicum miliaceum \u2013 jedn\u00e9 z nejstar\u0161\u00edch p\u011bstovan\u00fdch obiln\u00fdch rostlin.\" \/>\n<meta property=\"og:url\" content=\"https:\/\/naturalpoland.com\/cs\/produkty\/rostlinne-vytazky\/ekstrakt-z-nasion-prosa\/\" \/>\n<meta property=\"og:site_name\" content=\"NATURAL POLAND - Velkoobchodn\u00ed distributor surovin\" \/>\n<meta property=\"article:publisher\" content=\"https:\/\/www.facebook.com\/naturalpoland.b2b\" \/>\n<meta property=\"article:modified_time\" content=\"2025-07-10T10:01:51+00:00\" \/>\n<meta property=\"og:image\" content=\"https:\/\/naturalpoland.com\/wp-content\/uploads\/ekstrakt-z-nasion-prosa.webp\" \/>\n\t<meta property=\"og:image:width\" content=\"1024\" \/>\n\t<meta property=\"og:image:height\" content=\"1024\" \/>\n\t<meta property=\"og:image:type\" content=\"image\/webp\" \/>\n<script type=\"application\/ld+json\" class=\"yoast-schema-graph\">{\"@context\":\"https:\\\/\\\/schema.org\",\"@graph\":[{\"@type\":\"WebPage\",\"@id\":\"https:\\\/\\\/naturalpoland.com\\\/cs\\\/produkty\\\/rostlinne-vytazky\\\/ekstrakt-z-nasion-prosa\\\/\",\"url\":\"https:\\\/\\\/naturalpoland.com\\\/cs\\\/produkty\\\/rostlinne-vytazky\\\/ekstrakt-z-nasion-prosa\\\/\",\"name\":\"Extrakt ze semen prosa - Velkoobchodn\u00ed distributor\",\"isPartOf\":{\"@id\":\"https:\\\/\\\/naturalpoland.com\\\/cs\\\/#website\"},\"primaryImageOfPage\":{\"@id\":\"https:\\\/\\\/naturalpoland.com\\\/cs\\\/produkty\\\/rostlinne-vytazky\\\/ekstrakt-z-nasion-prosa\\\/#primaryimage\"},\"image\":{\"@id\":\"https:\\\/\\\/naturalpoland.com\\\/cs\\\/produkty\\\/rostlinne-vytazky\\\/ekstrakt-z-nasion-prosa\\\/#primaryimage\"},\"thumbnailUrl\":\"https:\\\/\\\/naturalpoland.com\\\/wp-content\\\/uploads\\\/ekstrakt-z-nasion-prosa.webp\",\"datePublished\":\"2025-07-09T12:07:22+00:00\",\"dateModified\":\"2025-07-10T10:01:51+00:00\",\"description\":\"Extrakt ze semen prosa je p\u0159\u00edrodn\u00ed rostlinn\u00e1 surovina z\u00edsk\u00e1van\u00e1 ze semen Panicum miliaceum \u2013 jedn\u00e9 z nejstar\u0161\u00edch p\u011bstovan\u00fdch obiln\u00fdch rostlin.\",\"breadcrumb\":{\"@id\":\"https:\\\/\\\/naturalpoland.com\\\/cs\\\/produkty\\\/rostlinne-vytazky\\\/ekstrakt-z-nasion-prosa\\\/#breadcrumb\"},\"inLanguage\":\"cs\",\"potentialAction\":[{\"@type\":\"ReadAction\",\"target\":[\"https:\\\/\\\/naturalpoland.com\\\/cs\\\/produkty\\\/rostlinne-vytazky\\\/ekstrakt-z-nasion-prosa\\\/\"]}]},{\"@type\":\"ImageObject\",\"inLanguage\":\"cs\",\"@id\":\"https:\\\/\\\/naturalpoland.com\\\/cs\\\/produkty\\\/rostlinne-vytazky\\\/ekstrakt-z-nasion-prosa\\\/#primaryimage\",\"url\":\"https:\\\/\\\/naturalpoland.com\\\/wp-content\\\/uploads\\\/ekstrakt-z-nasion-prosa.webp\",\"contentUrl\":\"https:\\\/\\\/naturalpoland.com\\\/wp-content\\\/uploads\\\/ekstrakt-z-nasion-prosa.webp\",\"width\":1024,\"height\":1024,\"caption\":\"ekstrakt z nasion prosa\"},{\"@type\":\"BreadcrumbList\",\"@id\":\"https:\\\/\\\/naturalpoland.com\\\/cs\\\/produkty\\\/rostlinne-vytazky\\\/ekstrakt-z-nasion-prosa\\\/#breadcrumb\",\"itemListElement\":[{\"@type\":\"ListItem\",\"position\":1,\"name\":\"Dom\u016f\",\"item\":\"https:\\\/\\\/naturalpoland.com\\\/cs\\\/\"},{\"@type\":\"ListItem\",\"position\":2,\"name\":\"Produkty\",\"item\":\"https:\\\/\\\/naturalpoland.com\\\/cs\\\/produkty\\\/\"},{\"@type\":\"ListItem\",\"position\":3,\"name\":\"Extrakt ze semen prosa\"}]},{\"@type\":\"WebSite\",\"@id\":\"https:\\\/\\\/naturalpoland.com\\\/cs\\\/#website\",\"url\":\"https:\\\/\\\/naturalpoland.com\\\/cs\\\/\",\"name\":\"NATURAL POLAND - Velkoobchodn\u00ed distributor surovin\",\"description\":\"Surowce dla przemys\u0142u spo\u017cywczego, kosmetycznego i farmaceutycznego\",\"publisher\":{\"@id\":\"https:\\\/\\\/naturalpoland.com\\\/cs\\\/#organization\"},\"potentialAction\":[{\"@type\":\"SearchAction\",\"target\":{\"@type\":\"EntryPoint\",\"urlTemplate\":\"https:\\\/\\\/naturalpoland.com\\\/cs\\\/?s={search_term_string}\"},\"query-input\":{\"@type\":\"PropertyValueSpecification\",\"valueRequired\":true,\"valueName\":\"search_term_string\"}}],\"inLanguage\":\"cs\"},{\"@type\":\"Organization\",\"@id\":\"https:\\\/\\\/naturalpoland.com\\\/cs\\\/#organization\",\"name\":\"Natural Poland\",\"url\":\"https:\\\/\\\/naturalpoland.com\\\/cs\\\/\",\"logo\":{\"@type\":\"ImageObject\",\"inLanguage\":\"cs\",\"@id\":\"https:\\\/\\\/naturalpoland.com\\\/cs\\\/#\\\/schema\\\/logo\\\/image\\\/\",\"url\":\"https:\\\/\\\/naturalpoland.com\\\/wp-content\\\/uploads\\\/2021\\\/05\\\/natural-poland-icon.png\",\"contentUrl\":\"https:\\\/\\\/naturalpoland.com\\\/wp-content\\\/uploads\\\/2021\\\/05\\\/natural-poland-icon.png\",\"width\":512,\"height\":512,\"caption\":\"Natural Poland\"},\"image\":{\"@id\":\"https:\\\/\\\/naturalpoland.com\\\/cs\\\/#\\\/schema\\\/logo\\\/image\\\/\"},\"sameAs\":[\"https:\\\/\\\/www.facebook.com\\\/naturalpoland.b2b\",\"https:\\\/\\\/pl.linkedin.com\\\/company\\\/natural-poland\",\"https:\\\/\\\/www.youtube.com\\\/channel\\\/UCgeGGkvOMahZo-xu_MSEWxg\"]}]}<\/script>\n<!-- \/ Yoast SEO plugin. -->","yoast_head_json":{"title":"Extrakt ze semen prosa - Velkoobchodn\u00ed distributor","description":"Extrakt ze semen prosa je p\u0159\u00edrodn\u00ed rostlinn\u00e1 surovina z\u00edsk\u00e1van\u00e1 ze semen Panicum miliaceum \u2013 jedn\u00e9 z nejstar\u0161\u00edch p\u011bstovan\u00fdch obiln\u00fdch rostlin.","robots":{"index":"index","follow":"follow","max-snippet":"max-snippet:-1","max-image-preview":"max-image-preview:large","max-video-preview":"max-video-preview:-1"},"canonical":"https:\/\/naturalpoland.com\/cs\/produkty\/rostlinne-vytazky\/ekstrakt-z-nasion-prosa\/","og_locale":"cs_CZ","og_type":"article","og_title":"Extrakt ze semen prosa - Velkoobchodn\u00ed distributor","og_description":"Extrakt ze semen prosa je p\u0159\u00edrodn\u00ed rostlinn\u00e1 surovina z\u00edsk\u00e1van\u00e1 ze semen Panicum miliaceum \u2013 jedn\u00e9 z nejstar\u0161\u00edch p\u011bstovan\u00fdch obiln\u00fdch rostlin.","og_url":"https:\/\/naturalpoland.com\/cs\/produkty\/rostlinne-vytazky\/ekstrakt-z-nasion-prosa\/","og_site_name":"NATURAL POLAND - Velkoobchodn\u00ed distributor surovin","article_publisher":"https:\/\/www.facebook.com\/naturalpoland.b2b","article_modified_time":"2025-07-10T10:01:51+00:00","og_image":[{"width":1024,"height":1024,"url":"https:\/\/naturalpoland.com\/wp-content\/uploads\/ekstrakt-z-nasion-prosa.webp","type":"image\/webp"}],"schema":{"@context":"https:\/\/schema.org","@graph":[{"@type":"WebPage","@id":"https:\/\/naturalpoland.com\/cs\/produkty\/rostlinne-vytazky\/ekstrakt-z-nasion-prosa\/","url":"https:\/\/naturalpoland.com\/cs\/produkty\/rostlinne-vytazky\/ekstrakt-z-nasion-prosa\/","name":"Extrakt ze semen prosa - Velkoobchodn\u00ed distributor","isPartOf":{"@id":"https:\/\/naturalpoland.com\/cs\/#website"},"primaryImageOfPage":{"@id":"https:\/\/naturalpoland.com\/cs\/produkty\/rostlinne-vytazky\/ekstrakt-z-nasion-prosa\/#primaryimage"},"image":{"@id":"https:\/\/naturalpoland.com\/cs\/produkty\/rostlinne-vytazky\/ekstrakt-z-nasion-prosa\/#primaryimage"},"thumbnailUrl":"https:\/\/naturalpoland.com\/wp-content\/uploads\/ekstrakt-z-nasion-prosa.webp","datePublished":"2025-07-09T12:07:22+00:00","dateModified":"2025-07-10T10:01:51+00:00","description":"Extrakt ze semen prosa je p\u0159\u00edrodn\u00ed rostlinn\u00e1 surovina z\u00edsk\u00e1van\u00e1 ze semen Panicum miliaceum \u2013 jedn\u00e9 z nejstar\u0161\u00edch p\u011bstovan\u00fdch obiln\u00fdch rostlin.","breadcrumb":{"@id":"https:\/\/naturalpoland.com\/cs\/produkty\/rostlinne-vytazky\/ekstrakt-z-nasion-prosa\/#breadcrumb"},"inLanguage":"cs","potentialAction":[{"@type":"ReadAction","target":["https:\/\/naturalpoland.com\/cs\/produkty\/rostlinne-vytazky\/ekstrakt-z-nasion-prosa\/"]}]},{"@type":"ImageObject","inLanguage":"cs","@id":"https:\/\/naturalpoland.com\/cs\/produkty\/rostlinne-vytazky\/ekstrakt-z-nasion-prosa\/#primaryimage","url":"https:\/\/naturalpoland.com\/wp-content\/uploads\/ekstrakt-z-nasion-prosa.webp","contentUrl":"https:\/\/naturalpoland.com\/wp-content\/uploads\/ekstrakt-z-nasion-prosa.webp","width":1024,"height":1024,"caption":"ekstrakt z nasion prosa"},{"@type":"BreadcrumbList","@id":"https:\/\/naturalpoland.com\/cs\/produkty\/rostlinne-vytazky\/ekstrakt-z-nasion-prosa\/#breadcrumb","itemListElement":[{"@type":"ListItem","position":1,"name":"Dom\u016f","item":"https:\/\/naturalpoland.com\/cs\/"},{"@type":"ListItem","position":2,"name":"Produkty","item":"https:\/\/naturalpoland.com\/cs\/produkty\/"},{"@type":"ListItem","position":3,"name":"Extrakt ze semen prosa"}]},{"@type":"WebSite","@id":"https:\/\/naturalpoland.com\/cs\/#website","url":"https:\/\/naturalpoland.com\/cs\/","name":"NATURAL POLAND - Velkoobchodn\u00ed distributor surovin","description":"Surowce dla przemys\u0142u spo\u017cywczego, kosmetycznego i farmaceutycznego","publisher":{"@id":"https:\/\/naturalpoland.com\/cs\/#organization"},"potentialAction":[{"@type":"SearchAction","target":{"@type":"EntryPoint","urlTemplate":"https:\/\/naturalpoland.com\/cs\/?s={search_term_string}"},"query-input":{"@type":"PropertyValueSpecification","valueRequired":true,"valueName":"search_term_string"}}],"inLanguage":"cs"},{"@type":"Organization","@id":"https:\/\/naturalpoland.com\/cs\/#organization","name":"Natural Poland","url":"https:\/\/naturalpoland.com\/cs\/","logo":{"@type":"ImageObject","inLanguage":"cs","@id":"https:\/\/naturalpoland.com\/cs\/#\/schema\/logo\/image\/","url":"https:\/\/naturalpoland.com\/wp-content\/uploads\/2021\/05\/natural-poland-icon.png","contentUrl":"https:\/\/naturalpoland.com\/wp-content\/uploads\/2021\/05\/natural-poland-icon.png","width":512,"height":512,"caption":"Natural Poland"},"image":{"@id":"https:\/\/naturalpoland.com\/cs\/#\/schema\/logo\/image\/"},"sameAs":["https:\/\/www.facebook.com\/naturalpoland.b2b","https:\/\/pl.linkedin.com\/company\/natural-poland","https:\/\/www.youtube.com\/channel\/UCgeGGkvOMahZo-xu_MSEWxg"]}]}},"_links":{"self":[{"href":"https:\/\/naturalpoland.com\/cs\/wp-json\/wp\/v2\/product\/41878","targetHints":{"allow":["GET"]}}],"collection":[{"href":"https:\/\/naturalpoland.com\/cs\/wp-json\/wp\/v2\/product"}],"about":[{"href":"https:\/\/naturalpoland.com\/cs\/wp-json\/wp\/v2\/types\/product"}],"wp:featuredmedia":[{"embeddable":true,"href":"https:\/\/naturalpoland.com\/cs\/wp-json\/wp\/v2\/media\/41862"}],"wp:attachment":[{"href":"https:\/\/naturalpoland.com\/cs\/wp-json\/wp\/v2\/media?parent=41878"}],"wp:term":[{"taxonomy":"product_brand","embeddable":true,"href":"https:\/\/naturalpoland.com\/cs\/wp-json\/wp\/v2\/product_brand?post=41878"},{"taxonomy":"product_cat","embeddable":true,"href":"https:\/\/naturalpoland.com\/cs\/wp-json\/wp\/v2\/product_cat?post=41878"},{"taxonomy":"product_tag","embeddable":true,"href":"https:\/\/naturalpoland.com\/cs\/wp-json\/wp\/v2\/product_tag?post=41878"}],"curies":[{"name":"wp","href":"https:\/\/api.w.org\/{rel}","templated":true}]}}