{"id":42543,"date":"2025-07-17T15:11:45","date_gmt":"2025-07-17T13:11:45","guid":{"rendered":"https:\/\/naturalpoland.com\/produkty\/nezarazene\/prasek-z-plodu-baobabu\/"},"modified":"2025-08-07T14:15:43","modified_gmt":"2025-08-07T12:15:43","slug":"prasek-z-plodu-baobabu","status":"publish","type":"product","link":"https:\/\/naturalpoland.com\/cs\/produkty\/produkty-pro-potravinarsky-prumysl\/suroviny-pro-vyrobu\/prasek-z-plodu-baobabu\/","title":{"rendered":"Pr\u00e1\u0161ek z plod\u016f baobabu"},"content":{"rendered":"<h2>Vlastnosti pr\u00e1\u0161ku z baobabu<\/h2>\n<p>Pr\u00e1\u0161ek z baobabu je cenn\u00fdm zdrojem vitamin\u016f (zejm\u00e9na vitaminu C), antioxidant\u016f, vl\u00e1kniny a miner\u00e1ln\u00edch l\u00e1tek, jako je v\u00e1pn\u00edk, drasl\u00edk, ho\u0159\u010d\u00edk a \u017eelezo. D\u00edky sv\u00fdm vlastnostem m\u016f\u017ee: <\/p>\n<ul>\n<li>podporovat imunitn\u00ed syst\u00e9m,<\/li>\n<li>zlep\u0161ovat tr\u00e1ven\u00ed,<\/li>\n<li>podporovat metabolismus,<\/li>\n<li>p\u0159irozen\u011b zvy\u0161ovat hladinu energie.<\/li>\n<\/ul>\n<p>Vzhledem k vysok\u00e9mu obsahu vl\u00e1kniny se tak\u00e9 \u010dasto pou\u017e\u00edv\u00e1 jako slo\u017eka podporuj\u00edc\u00ed st\u0159evn\u00ed peristaltiku a <strong>zdrav\u00ed st\u0159evn\u00ed mikrobioty<\/strong>.<\/p>\n<h2>Pou\u017eit\u00ed<\/h2>\n<p>Pr\u00e1\u0161ek z baobabu se pou\u017e\u00edv\u00e1 v potravin\u00e1\u0159sk\u00e9m, dopl\u0148kov\u00e9m a kosmetick\u00e9m pr\u016fmyslu. M\u016f\u017ee b\u00fdt pou\u017eit jako slo\u017eka funk\u010dn\u00edch n\u00e1poj\u016f, ty\u010dinek, v\u00fd\u017eivov\u00fdch pr\u00e1\u0161k\u016f, rostlinn\u00fdch jogurt\u016f nebo jako p\u0159\u00edrodn\u00ed zahu\u0161\u0165ovadlo a posilova\u010d v\u00fd\u017eivov\u00e9 hodnoty. V kosmetice \u2013 zejm\u00e9na p\u0159\u00edrodn\u00ed \u2013 se pou\u017e\u00edv\u00e1 jako slo\u017eka s hydrata\u010dn\u00edmi, rozjas\u0148uj\u00edc\u00edmi a antioxida\u010dn\u00edmi \u00fa\u010dinky.  <\/p>\n<p>D\u00edky sv\u00e9 jemn\u00e9 chuti a zdrav\u00ed prosp\u011b\u0161n\u00fdm vlastnostem je pr\u00e1\u0161ek z baobabu cennou a univerz\u00e1ln\u00ed p\u0159\u00edsadou do mnoha receptur, podporuj\u00edc\u00ed funk\u010dnost a hodnotu kone\u010dn\u00fdch produkt\u016f.<\/p>\n","protected":false},"excerpt":{"rendered":"<p>Organick\u00fd <strong>pr\u00e1\u0161ek z plod\u016f baobabu<\/strong> se z\u00edsk\u00e1v\u00e1 z du\u017einy plod\u016f stromu baobab (<em>Adansonia digitata<\/em>), zn\u00e1m\u00e9ho tak\u00e9 jako \u201estrom \u017eivota\u201c. Tato surovina se vyzna\u010duje charakteristickou v\u016fn\u00ed a chut\u00ed bez jak\u00fdchkoliv ciz\u00edch t\u00f3n\u016f. Jedn\u00e1 se o 100% p\u0159\u00edrodn\u00ed a organicky certifikovan\u00fd produkt.  <\/p>\n","protected":false},"featured_media":42055,"template":"","meta":{"_acf_changed":false},"product_brand":[],"product_cat":[629,641],"product_tag":[],"class_list":{"0":"post-42543","1":"product","2":"type-product","3":"status-publish","4":"has-post-thumbnail","6":"product_cat-pridavky-k-doplnkum-stravy","7":"product_cat-suroviny-pro-vyrobu","8":"pa_czesc-rosliny-ovoce","10":"first","11":"instock","12":"shipping-taxable","13":"product-type-simple"},"acf":[],"yoast_head":"<!-- This site is optimized with the Yoast SEO plugin v27.6 - https:\/\/yoast.com\/product\/yoast-seo-wordpress\/ -->\n<title>Pr\u00e1\u0161ek z plod\u016f baobabu - Velkoobchodn\u00ed distributor<\/title>\n<meta name=\"description\" content=\"Organick\u00fd pr\u00e1\u0161ek z plod\u016f baobabu je p\u0159\u00edrodn\u00ed surovina z\u00edsk\u00e1van\u00e1 z du\u017einy plod\u016f stromu baobab (Adansonia digitata).\" \/>\n<meta name=\"robots\" content=\"index, follow, max-snippet:-1, max-image-preview:large, max-video-preview:-1\" \/>\n<link rel=\"canonical\" href=\"https:\/\/naturalpoland.com\/cs\/produkty\/produkty-pro-potravinarsky-prumysl\/suroviny-pro-vyrobu\/prasek-z-plodu-baobabu\/\" \/>\n<meta property=\"og:locale\" content=\"cs_CZ\" \/>\n<meta property=\"og:type\" content=\"article\" \/>\n<meta property=\"og:title\" content=\"Pr\u00e1\u0161ek z plod\u016f baobabu - Velkoobchodn\u00ed distributor\" \/>\n<meta property=\"og:description\" content=\"Organick\u00fd pr\u00e1\u0161ek z plod\u016f baobabu je p\u0159\u00edrodn\u00ed surovina z\u00edsk\u00e1van\u00e1 z du\u017einy plod\u016f stromu baobab (Adansonia digitata).\" \/>\n<meta property=\"og:url\" content=\"https:\/\/naturalpoland.com\/cs\/produkty\/produkty-pro-potravinarsky-prumysl\/suroviny-pro-vyrobu\/prasek-z-plodu-baobabu\/\" \/>\n<meta property=\"og:site_name\" content=\"NATURAL POLAND - Velkoobchodn\u00ed distributor surovin\" \/>\n<meta property=\"article:publisher\" content=\"https:\/\/www.facebook.com\/naturalpoland.b2b\" \/>\n<meta property=\"article:modified_time\" content=\"2025-08-07T12:15:43+00:00\" \/>\n<meta property=\"og:image\" content=\"https:\/\/naturalpoland.com\/wp-content\/uploads\/proszek-z-owocu-baobabu.webp\" \/>\n\t<meta property=\"og:image:width\" content=\"1024\" \/>\n\t<meta property=\"og:image:height\" content=\"1024\" \/>\n\t<meta property=\"og:image:type\" content=\"image\/webp\" \/>\n<script type=\"application\/ld+json\" class=\"yoast-schema-graph\">{\"@context\":\"https:\\\/\\\/schema.org\",\"@graph\":[{\"@type\":\"WebPage\",\"@id\":\"https:\\\/\\\/naturalpoland.com\\\/cs\\\/produkty\\\/produkty-pro-potravinarsky-prumysl\\\/suroviny-pro-vyrobu\\\/prasek-z-plodu-baobabu\\\/\",\"url\":\"https:\\\/\\\/naturalpoland.com\\\/cs\\\/produkty\\\/produkty-pro-potravinarsky-prumysl\\\/suroviny-pro-vyrobu\\\/prasek-z-plodu-baobabu\\\/\",\"name\":\"Pr\u00e1\u0161ek z plod\u016f baobabu - Velkoobchodn\u00ed distributor\",\"isPartOf\":{\"@id\":\"https:\\\/\\\/naturalpoland.com\\\/cs\\\/#website\"},\"primaryImageOfPage\":{\"@id\":\"https:\\\/\\\/naturalpoland.com\\\/cs\\\/produkty\\\/produkty-pro-potravinarsky-prumysl\\\/suroviny-pro-vyrobu\\\/prasek-z-plodu-baobabu\\\/#primaryimage\"},\"image\":{\"@id\":\"https:\\\/\\\/naturalpoland.com\\\/cs\\\/produkty\\\/produkty-pro-potravinarsky-prumysl\\\/suroviny-pro-vyrobu\\\/prasek-z-plodu-baobabu\\\/#primaryimage\"},\"thumbnailUrl\":\"https:\\\/\\\/naturalpoland.com\\\/wp-content\\\/uploads\\\/proszek-z-owocu-baobabu.webp\",\"datePublished\":\"2025-07-17T13:11:45+00:00\",\"dateModified\":\"2025-08-07T12:15:43+00:00\",\"description\":\"Organick\u00fd pr\u00e1\u0161ek z plod\u016f baobabu je p\u0159\u00edrodn\u00ed surovina z\u00edsk\u00e1van\u00e1 z du\u017einy plod\u016f stromu baobab (Adansonia digitata).\",\"breadcrumb\":{\"@id\":\"https:\\\/\\\/naturalpoland.com\\\/cs\\\/produkty\\\/produkty-pro-potravinarsky-prumysl\\\/suroviny-pro-vyrobu\\\/prasek-z-plodu-baobabu\\\/#breadcrumb\"},\"inLanguage\":\"cs\",\"potentialAction\":[{\"@type\":\"ReadAction\",\"target\":[\"https:\\\/\\\/naturalpoland.com\\\/cs\\\/produkty\\\/produkty-pro-potravinarsky-prumysl\\\/suroviny-pro-vyrobu\\\/prasek-z-plodu-baobabu\\\/\"]}]},{\"@type\":\"ImageObject\",\"inLanguage\":\"cs\",\"@id\":\"https:\\\/\\\/naturalpoland.com\\\/cs\\\/produkty\\\/produkty-pro-potravinarsky-prumysl\\\/suroviny-pro-vyrobu\\\/prasek-z-plodu-baobabu\\\/#primaryimage\",\"url\":\"https:\\\/\\\/naturalpoland.com\\\/wp-content\\\/uploads\\\/proszek-z-owocu-baobabu.webp\",\"contentUrl\":\"https:\\\/\\\/naturalpoland.com\\\/wp-content\\\/uploads\\\/proszek-z-owocu-baobabu.webp\",\"width\":1024,\"height\":1024,\"caption\":\"proszek z owoc\u00f3w baobabu\"},{\"@type\":\"BreadcrumbList\",\"@id\":\"https:\\\/\\\/naturalpoland.com\\\/cs\\\/produkty\\\/produkty-pro-potravinarsky-prumysl\\\/suroviny-pro-vyrobu\\\/prasek-z-plodu-baobabu\\\/#breadcrumb\",\"itemListElement\":[{\"@type\":\"ListItem\",\"position\":1,\"name\":\"Dom\u016f\",\"item\":\"https:\\\/\\\/naturalpoland.com\\\/cs\\\/\"},{\"@type\":\"ListItem\",\"position\":2,\"name\":\"Produkty\",\"item\":\"https:\\\/\\\/naturalpoland.com\\\/cs\\\/produkty\\\/\"},{\"@type\":\"ListItem\",\"position\":3,\"name\":\"Pr\u00e1\u0161ek z plod\u016f baobabu\"}]},{\"@type\":\"WebSite\",\"@id\":\"https:\\\/\\\/naturalpoland.com\\\/cs\\\/#website\",\"url\":\"https:\\\/\\\/naturalpoland.com\\\/cs\\\/\",\"name\":\"NATURAL POLAND - Velkoobchodn\u00ed distributor surovin\",\"description\":\"Surowce dla przemys\u0142u spo\u017cywczego, kosmetycznego i farmaceutycznego\",\"publisher\":{\"@id\":\"https:\\\/\\\/naturalpoland.com\\\/cs\\\/#organization\"},\"potentialAction\":[{\"@type\":\"SearchAction\",\"target\":{\"@type\":\"EntryPoint\",\"urlTemplate\":\"https:\\\/\\\/naturalpoland.com\\\/cs\\\/?s={search_term_string}\"},\"query-input\":{\"@type\":\"PropertyValueSpecification\",\"valueRequired\":true,\"valueName\":\"search_term_string\"}}],\"inLanguage\":\"cs\"},{\"@type\":\"Organization\",\"@id\":\"https:\\\/\\\/naturalpoland.com\\\/cs\\\/#organization\",\"name\":\"Natural Poland\",\"url\":\"https:\\\/\\\/naturalpoland.com\\\/cs\\\/\",\"logo\":{\"@type\":\"ImageObject\",\"inLanguage\":\"cs\",\"@id\":\"https:\\\/\\\/naturalpoland.com\\\/cs\\\/#\\\/schema\\\/logo\\\/image\\\/\",\"url\":\"https:\\\/\\\/naturalpoland.com\\\/wp-content\\\/uploads\\\/2021\\\/05\\\/natural-poland-icon.png\",\"contentUrl\":\"https:\\\/\\\/naturalpoland.com\\\/wp-content\\\/uploads\\\/2021\\\/05\\\/natural-poland-icon.png\",\"width\":512,\"height\":512,\"caption\":\"Natural Poland\"},\"image\":{\"@id\":\"https:\\\/\\\/naturalpoland.com\\\/cs\\\/#\\\/schema\\\/logo\\\/image\\\/\"},\"sameAs\":[\"https:\\\/\\\/www.facebook.com\\\/naturalpoland.b2b\",\"https:\\\/\\\/pl.linkedin.com\\\/company\\\/natural-poland\",\"https:\\\/\\\/www.youtube.com\\\/channel\\\/UCgeGGkvOMahZo-xu_MSEWxg\"]}]}<\/script>\n<!-- \/ Yoast SEO plugin. -->","yoast_head_json":{"title":"Pr\u00e1\u0161ek z plod\u016f baobabu - Velkoobchodn\u00ed distributor","description":"Organick\u00fd pr\u00e1\u0161ek z plod\u016f baobabu je p\u0159\u00edrodn\u00ed surovina z\u00edsk\u00e1van\u00e1 z du\u017einy plod\u016f stromu baobab (Adansonia digitata).","robots":{"index":"index","follow":"follow","max-snippet":"max-snippet:-1","max-image-preview":"max-image-preview:large","max-video-preview":"max-video-preview:-1"},"canonical":"https:\/\/naturalpoland.com\/cs\/produkty\/produkty-pro-potravinarsky-prumysl\/suroviny-pro-vyrobu\/prasek-z-plodu-baobabu\/","og_locale":"cs_CZ","og_type":"article","og_title":"Pr\u00e1\u0161ek z plod\u016f baobabu - Velkoobchodn\u00ed distributor","og_description":"Organick\u00fd pr\u00e1\u0161ek z plod\u016f baobabu je p\u0159\u00edrodn\u00ed surovina z\u00edsk\u00e1van\u00e1 z du\u017einy plod\u016f stromu baobab (Adansonia digitata).","og_url":"https:\/\/naturalpoland.com\/cs\/produkty\/produkty-pro-potravinarsky-prumysl\/suroviny-pro-vyrobu\/prasek-z-plodu-baobabu\/","og_site_name":"NATURAL POLAND - Velkoobchodn\u00ed distributor surovin","article_publisher":"https:\/\/www.facebook.com\/naturalpoland.b2b","article_modified_time":"2025-08-07T12:15:43+00:00","og_image":[{"width":1024,"height":1024,"url":"https:\/\/naturalpoland.com\/wp-content\/uploads\/proszek-z-owocu-baobabu.webp","type":"image\/webp"}],"schema":{"@context":"https:\/\/schema.org","@graph":[{"@type":"WebPage","@id":"https:\/\/naturalpoland.com\/cs\/produkty\/produkty-pro-potravinarsky-prumysl\/suroviny-pro-vyrobu\/prasek-z-plodu-baobabu\/","url":"https:\/\/naturalpoland.com\/cs\/produkty\/produkty-pro-potravinarsky-prumysl\/suroviny-pro-vyrobu\/prasek-z-plodu-baobabu\/","name":"Pr\u00e1\u0161ek z plod\u016f baobabu - Velkoobchodn\u00ed distributor","isPartOf":{"@id":"https:\/\/naturalpoland.com\/cs\/#website"},"primaryImageOfPage":{"@id":"https:\/\/naturalpoland.com\/cs\/produkty\/produkty-pro-potravinarsky-prumysl\/suroviny-pro-vyrobu\/prasek-z-plodu-baobabu\/#primaryimage"},"image":{"@id":"https:\/\/naturalpoland.com\/cs\/produkty\/produkty-pro-potravinarsky-prumysl\/suroviny-pro-vyrobu\/prasek-z-plodu-baobabu\/#primaryimage"},"thumbnailUrl":"https:\/\/naturalpoland.com\/wp-content\/uploads\/proszek-z-owocu-baobabu.webp","datePublished":"2025-07-17T13:11:45+00:00","dateModified":"2025-08-07T12:15:43+00:00","description":"Organick\u00fd pr\u00e1\u0161ek z plod\u016f baobabu je p\u0159\u00edrodn\u00ed surovina z\u00edsk\u00e1van\u00e1 z du\u017einy plod\u016f stromu baobab (Adansonia digitata).","breadcrumb":{"@id":"https:\/\/naturalpoland.com\/cs\/produkty\/produkty-pro-potravinarsky-prumysl\/suroviny-pro-vyrobu\/prasek-z-plodu-baobabu\/#breadcrumb"},"inLanguage":"cs","potentialAction":[{"@type":"ReadAction","target":["https:\/\/naturalpoland.com\/cs\/produkty\/produkty-pro-potravinarsky-prumysl\/suroviny-pro-vyrobu\/prasek-z-plodu-baobabu\/"]}]},{"@type":"ImageObject","inLanguage":"cs","@id":"https:\/\/naturalpoland.com\/cs\/produkty\/produkty-pro-potravinarsky-prumysl\/suroviny-pro-vyrobu\/prasek-z-plodu-baobabu\/#primaryimage","url":"https:\/\/naturalpoland.com\/wp-content\/uploads\/proszek-z-owocu-baobabu.webp","contentUrl":"https:\/\/naturalpoland.com\/wp-content\/uploads\/proszek-z-owocu-baobabu.webp","width":1024,"height":1024,"caption":"proszek z owoc\u00f3w baobabu"},{"@type":"BreadcrumbList","@id":"https:\/\/naturalpoland.com\/cs\/produkty\/produkty-pro-potravinarsky-prumysl\/suroviny-pro-vyrobu\/prasek-z-plodu-baobabu\/#breadcrumb","itemListElement":[{"@type":"ListItem","position":1,"name":"Dom\u016f","item":"https:\/\/naturalpoland.com\/cs\/"},{"@type":"ListItem","position":2,"name":"Produkty","item":"https:\/\/naturalpoland.com\/cs\/produkty\/"},{"@type":"ListItem","position":3,"name":"Pr\u00e1\u0161ek z plod\u016f baobabu"}]},{"@type":"WebSite","@id":"https:\/\/naturalpoland.com\/cs\/#website","url":"https:\/\/naturalpoland.com\/cs\/","name":"NATURAL POLAND - Velkoobchodn\u00ed distributor surovin","description":"Surowce dla przemys\u0142u spo\u017cywczego, kosmetycznego i farmaceutycznego","publisher":{"@id":"https:\/\/naturalpoland.com\/cs\/#organization"},"potentialAction":[{"@type":"SearchAction","target":{"@type":"EntryPoint","urlTemplate":"https:\/\/naturalpoland.com\/cs\/?s={search_term_string}"},"query-input":{"@type":"PropertyValueSpecification","valueRequired":true,"valueName":"search_term_string"}}],"inLanguage":"cs"},{"@type":"Organization","@id":"https:\/\/naturalpoland.com\/cs\/#organization","name":"Natural Poland","url":"https:\/\/naturalpoland.com\/cs\/","logo":{"@type":"ImageObject","inLanguage":"cs","@id":"https:\/\/naturalpoland.com\/cs\/#\/schema\/logo\/image\/","url":"https:\/\/naturalpoland.com\/wp-content\/uploads\/2021\/05\/natural-poland-icon.png","contentUrl":"https:\/\/naturalpoland.com\/wp-content\/uploads\/2021\/05\/natural-poland-icon.png","width":512,"height":512,"caption":"Natural Poland"},"image":{"@id":"https:\/\/naturalpoland.com\/cs\/#\/schema\/logo\/image\/"},"sameAs":["https:\/\/www.facebook.com\/naturalpoland.b2b","https:\/\/pl.linkedin.com\/company\/natural-poland","https:\/\/www.youtube.com\/channel\/UCgeGGkvOMahZo-xu_MSEWxg"]}]}},"_links":{"self":[{"href":"https:\/\/naturalpoland.com\/cs\/wp-json\/wp\/v2\/product\/42543","targetHints":{"allow":["GET"]}}],"collection":[{"href":"https:\/\/naturalpoland.com\/cs\/wp-json\/wp\/v2\/product"}],"about":[{"href":"https:\/\/naturalpoland.com\/cs\/wp-json\/wp\/v2\/types\/product"}],"wp:featuredmedia":[{"embeddable":true,"href":"https:\/\/naturalpoland.com\/cs\/wp-json\/wp\/v2\/media\/42055"}],"wp:attachment":[{"href":"https:\/\/naturalpoland.com\/cs\/wp-json\/wp\/v2\/media?parent=42543"}],"wp:term":[{"taxonomy":"product_brand","embeddable":true,"href":"https:\/\/naturalpoland.com\/cs\/wp-json\/wp\/v2\/product_brand?post=42543"},{"taxonomy":"product_cat","embeddable":true,"href":"https:\/\/naturalpoland.com\/cs\/wp-json\/wp\/v2\/product_cat?post=42543"},{"taxonomy":"product_tag","embeddable":true,"href":"https:\/\/naturalpoland.com\/cs\/wp-json\/wp\/v2\/product_tag?post=42543"}],"curies":[{"name":"wp","href":"https:\/\/api.w.org\/{rel}","templated":true}]}}