{"id":42554,"date":"2025-07-17T16:36:08","date_gmt":"2025-07-17T14:36:08","guid":{"rendered":"https:\/\/naturalpoland.com\/produkty\/nezarazene\/ricinoleat-zinecnaty\/"},"modified":"2025-08-07T14:17:45","modified_gmt":"2025-08-07T12:17:45","slug":"ricinoleat-zinecnaty","status":"publish","type":"product","link":"https:\/\/naturalpoland.com\/cs\/produkty\/produkty-pro-kosmeticky-prumysl\/kosmeticke-suroviny\/ricinoleat-zinecnaty\/","title":{"rendered":"Ricinole\u00e1t zine\u010dnat\u00fd"},"content":{"rendered":"<h2>Vlastnosti a pou\u017eit\u00ed ricinole\u00e1tu zine\u010dnat\u00e9ho<\/h2>\n<p>Ricinole\u00e1t zine\u010dnat\u00fd je \u0161iroce vyu\u017e\u00edv\u00e1n v kosmetick\u00e9m pr\u016fmyslu, p\u0159edev\u0161\u00edm jako \u00fa\u010dinn\u00fd <strong>neutraliz\u00e1tor pach\u016f<\/strong>. D\u00edky sv\u00e9 jedine\u010dn\u00e9 schopnosti v\u00e1zat t\u011bkav\u00e9 vonn\u00e9 molekuly je nemaskuje jako b\u011b\u017en\u00e9 vonn\u00e9 l\u00e1tky, ale chemicky je v\u00e1\u017ee a t\u00edm je eliminuje. D\u00edky tomu je obzvl\u00e1\u0161t\u011b cen\u011bn v deodorantech a antiperspirantech, ale tak\u00e9 v p\u0159\u00edpravc\u00edch pro p\u00e9\u010di o nohy nebo problematickou poko\u017eku.  <\/p>\n<p>Produkt se vyzna\u010duje vysokou \u010distotou a stabilitou. M\u00e1 m\u00edrn\u011b kysel\u00e9 pH v rozmez\u00ed 3\u20135, proto je dob\u0159e sn\u00e1\u0161en poko\u017ekou. Vlhkost produktu z\u016fst\u00e1v\u00e1 na velmi n\u00edzk\u00e9 \u00farovni, co\u017e sv\u011bd\u010d\u00ed o jeho trvanlivosti a stabilit\u011b.  <\/p>\n<p>Ricinole\u00e1t zine\u010dnat\u00fd lze pou\u017e\u00edvat tak\u00e9 v kosmetice pro citlivou ple\u0165, p\u0159\u00edrodn\u00ed kosmetice a formul\u00edch \u201efree from\u201c \u2013 nap\u0159. bez alkoholu, bez hlin\u00edkov\u00fdch sol\u00ed nebo bez um\u011bl\u00fdch v\u016fn\u00ed.<\/p>\n","protected":false},"excerpt":{"rendered":"<p><strong>Ricinole\u00e1t zine\u010dnat\u00fd<\/strong> je chemick\u00e1 slou\u010denina vznikaj\u00edc\u00ed z kyseliny ricinoleov\u00e9 (p\u0159irozen\u011b se vyskytuj\u00edc\u00ed v ricinov\u00e9m oleji) a zinku.<\/p>\n","protected":false},"featured_media":42084,"template":"","meta":[],"product_brand":[],"product_cat":[638],"product_tag":[],"class_list":{"0":"post-42554","1":"product","2":"type-product","3":"status-publish","4":"has-post-thumbnail","6":"product_cat-kosmeticke-suroviny","8":"first","9":"instock","10":"shipping-taxable","11":"product-type-simple"},"yoast_head":"<!-- This site is optimized with the Yoast SEO plugin v27.3 - https:\/\/yoast.com\/product\/yoast-seo-wordpress\/ -->\n<title>Ricinole\u00e1t zine\u010dnat\u00fd - Velkoobchodn\u00ed distributor<\/title>\n<meta name=\"description\" content=\"Ricinole\u00e1t zine\u010dnat\u00fd je chemick\u00e1 slou\u010denina vznikaj\u00edc\u00ed z kyseliny ricinoleov\u00e9 (p\u0159irozen\u011b se vyskytuj\u00edc\u00ed v riciniov\u00e9m oleji) a zinku.\" \/>\n<meta name=\"robots\" content=\"index, follow, max-snippet:-1, max-image-preview:large, max-video-preview:-1\" \/>\n<link rel=\"canonical\" href=\"https:\/\/naturalpoland.com\/cs\/produkty\/produkty-pro-kosmeticky-prumysl\/kosmeticke-suroviny\/ricinoleat-zinecnaty\/\" \/>\n<meta property=\"og:locale\" content=\"cs_CZ\" \/>\n<meta property=\"og:type\" content=\"article\" \/>\n<meta property=\"og:title\" content=\"Ricinole\u00e1t zine\u010dnat\u00fd - Velkoobchodn\u00ed distributor\" \/>\n<meta property=\"og:description\" content=\"Ricinole\u00e1t zine\u010dnat\u00fd je chemick\u00e1 slou\u010denina vznikaj\u00edc\u00ed z kyseliny ricinoleov\u00e9 (p\u0159irozen\u011b se vyskytuj\u00edc\u00ed v riciniov\u00e9m oleji) a zinku.\" \/>\n<meta property=\"og:url\" content=\"https:\/\/naturalpoland.com\/cs\/produkty\/produkty-pro-kosmeticky-prumysl\/kosmeticke-suroviny\/ricinoleat-zinecnaty\/\" \/>\n<meta property=\"og:site_name\" content=\"NATURAL POLAND - Velkoobchodn\u00ed distributor surovin\" \/>\n<meta property=\"article:publisher\" content=\"https:\/\/www.facebook.com\/naturalpoland.b2b\" \/>\n<meta property=\"article:modified_time\" content=\"2025-08-07T12:17:45+00:00\" \/>\n<meta property=\"og:image\" content=\"https:\/\/naturalpoland.com\/wp-content\/uploads\/rycynooleinian-cynku.webp\" \/>\n\t<meta property=\"og:image:width\" content=\"1024\" \/>\n\t<meta property=\"og:image:height\" content=\"1024\" \/>\n\t<meta property=\"og:image:type\" content=\"image\/webp\" \/>\n<script type=\"application\/ld+json\" class=\"yoast-schema-graph\">{\"@context\":\"https:\\\/\\\/schema.org\",\"@graph\":[{\"@type\":\"WebPage\",\"@id\":\"https:\\\/\\\/naturalpoland.com\\\/cs\\\/produkty\\\/produkty-pro-kosmeticky-prumysl\\\/kosmeticke-suroviny\\\/ricinoleat-zinecnaty\\\/\",\"url\":\"https:\\\/\\\/naturalpoland.com\\\/cs\\\/produkty\\\/produkty-pro-kosmeticky-prumysl\\\/kosmeticke-suroviny\\\/ricinoleat-zinecnaty\\\/\",\"name\":\"Ricinole\u00e1t zine\u010dnat\u00fd - Velkoobchodn\u00ed distributor\",\"isPartOf\":{\"@id\":\"https:\\\/\\\/naturalpoland.com\\\/cs\\\/#website\"},\"primaryImageOfPage\":{\"@id\":\"https:\\\/\\\/naturalpoland.com\\\/cs\\\/produkty\\\/produkty-pro-kosmeticky-prumysl\\\/kosmeticke-suroviny\\\/ricinoleat-zinecnaty\\\/#primaryimage\"},\"image\":{\"@id\":\"https:\\\/\\\/naturalpoland.com\\\/cs\\\/produkty\\\/produkty-pro-kosmeticky-prumysl\\\/kosmeticke-suroviny\\\/ricinoleat-zinecnaty\\\/#primaryimage\"},\"thumbnailUrl\":\"https:\\\/\\\/naturalpoland.com\\\/wp-content\\\/uploads\\\/rycynooleinian-cynku.webp\",\"datePublished\":\"2025-07-17T14:36:08+00:00\",\"dateModified\":\"2025-08-07T12:17:45+00:00\",\"description\":\"Ricinole\u00e1t zine\u010dnat\u00fd je chemick\u00e1 slou\u010denina vznikaj\u00edc\u00ed z kyseliny ricinoleov\u00e9 (p\u0159irozen\u011b se vyskytuj\u00edc\u00ed v riciniov\u00e9m oleji) a zinku.\",\"breadcrumb\":{\"@id\":\"https:\\\/\\\/naturalpoland.com\\\/cs\\\/produkty\\\/produkty-pro-kosmeticky-prumysl\\\/kosmeticke-suroviny\\\/ricinoleat-zinecnaty\\\/#breadcrumb\"},\"inLanguage\":\"cs\",\"potentialAction\":[{\"@type\":\"ReadAction\",\"target\":[\"https:\\\/\\\/naturalpoland.com\\\/cs\\\/produkty\\\/produkty-pro-kosmeticky-prumysl\\\/kosmeticke-suroviny\\\/ricinoleat-zinecnaty\\\/\"]}]},{\"@type\":\"ImageObject\",\"inLanguage\":\"cs\",\"@id\":\"https:\\\/\\\/naturalpoland.com\\\/cs\\\/produkty\\\/produkty-pro-kosmeticky-prumysl\\\/kosmeticke-suroviny\\\/ricinoleat-zinecnaty\\\/#primaryimage\",\"url\":\"https:\\\/\\\/naturalpoland.com\\\/wp-content\\\/uploads\\\/rycynooleinian-cynku.webp\",\"contentUrl\":\"https:\\\/\\\/naturalpoland.com\\\/wp-content\\\/uploads\\\/rycynooleinian-cynku.webp\",\"width\":1024,\"height\":1024,\"caption\":\"rycynooleinian cynku\"},{\"@type\":\"BreadcrumbList\",\"@id\":\"https:\\\/\\\/naturalpoland.com\\\/cs\\\/produkty\\\/produkty-pro-kosmeticky-prumysl\\\/kosmeticke-suroviny\\\/ricinoleat-zinecnaty\\\/#breadcrumb\",\"itemListElement\":[{\"@type\":\"ListItem\",\"position\":1,\"name\":\"Dom\u016f\",\"item\":\"https:\\\/\\\/naturalpoland.com\\\/cs\\\/\"},{\"@type\":\"ListItem\",\"position\":2,\"name\":\"Produkty\",\"item\":\"https:\\\/\\\/naturalpoland.com\\\/cs\\\/produkty\\\/\"},{\"@type\":\"ListItem\",\"position\":3,\"name\":\"Ricinole\u00e1t zine\u010dnat\u00fd\"}]},{\"@type\":\"WebSite\",\"@id\":\"https:\\\/\\\/naturalpoland.com\\\/cs\\\/#website\",\"url\":\"https:\\\/\\\/naturalpoland.com\\\/cs\\\/\",\"name\":\"NATURAL POLAND - Velkoobchodn\u00ed distributor surovin\",\"description\":\"Surowce dla przemys\u0142u spo\u017cywczego, kosmetycznego i farmaceutycznego\",\"publisher\":{\"@id\":\"https:\\\/\\\/naturalpoland.com\\\/cs\\\/#organization\"},\"potentialAction\":[{\"@type\":\"SearchAction\",\"target\":{\"@type\":\"EntryPoint\",\"urlTemplate\":\"https:\\\/\\\/naturalpoland.com\\\/cs\\\/?s={search_term_string}\"},\"query-input\":{\"@type\":\"PropertyValueSpecification\",\"valueRequired\":true,\"valueName\":\"search_term_string\"}}],\"inLanguage\":\"cs\"},{\"@type\":\"Organization\",\"@id\":\"https:\\\/\\\/naturalpoland.com\\\/cs\\\/#organization\",\"name\":\"Natural Poland\",\"url\":\"https:\\\/\\\/naturalpoland.com\\\/cs\\\/\",\"logo\":{\"@type\":\"ImageObject\",\"inLanguage\":\"cs\",\"@id\":\"https:\\\/\\\/naturalpoland.com\\\/cs\\\/#\\\/schema\\\/logo\\\/image\\\/\",\"url\":\"https:\\\/\\\/naturalpoland.com\\\/wp-content\\\/uploads\\\/2021\\\/05\\\/natural-poland-icon.png\",\"contentUrl\":\"https:\\\/\\\/naturalpoland.com\\\/wp-content\\\/uploads\\\/2021\\\/05\\\/natural-poland-icon.png\",\"width\":512,\"height\":512,\"caption\":\"Natural Poland\"},\"image\":{\"@id\":\"https:\\\/\\\/naturalpoland.com\\\/cs\\\/#\\\/schema\\\/logo\\\/image\\\/\"},\"sameAs\":[\"https:\\\/\\\/www.facebook.com\\\/naturalpoland.b2b\",\"https:\\\/\\\/pl.linkedin.com\\\/company\\\/natural-poland\",\"https:\\\/\\\/www.youtube.com\\\/channel\\\/UCgeGGkvOMahZo-xu_MSEWxg\"]}]}<\/script>\n<!-- \/ Yoast SEO plugin. -->","yoast_head_json":{"title":"Ricinole\u00e1t zine\u010dnat\u00fd - Velkoobchodn\u00ed distributor","description":"Ricinole\u00e1t zine\u010dnat\u00fd je chemick\u00e1 slou\u010denina vznikaj\u00edc\u00ed z kyseliny ricinoleov\u00e9 (p\u0159irozen\u011b se vyskytuj\u00edc\u00ed v riciniov\u00e9m oleji) a zinku.","robots":{"index":"index","follow":"follow","max-snippet":"max-snippet:-1","max-image-preview":"max-image-preview:large","max-video-preview":"max-video-preview:-1"},"canonical":"https:\/\/naturalpoland.com\/cs\/produkty\/produkty-pro-kosmeticky-prumysl\/kosmeticke-suroviny\/ricinoleat-zinecnaty\/","og_locale":"cs_CZ","og_type":"article","og_title":"Ricinole\u00e1t zine\u010dnat\u00fd - Velkoobchodn\u00ed distributor","og_description":"Ricinole\u00e1t zine\u010dnat\u00fd je chemick\u00e1 slou\u010denina vznikaj\u00edc\u00ed z kyseliny ricinoleov\u00e9 (p\u0159irozen\u011b se vyskytuj\u00edc\u00ed v riciniov\u00e9m oleji) a zinku.","og_url":"https:\/\/naturalpoland.com\/cs\/produkty\/produkty-pro-kosmeticky-prumysl\/kosmeticke-suroviny\/ricinoleat-zinecnaty\/","og_site_name":"NATURAL POLAND - Velkoobchodn\u00ed distributor surovin","article_publisher":"https:\/\/www.facebook.com\/naturalpoland.b2b","article_modified_time":"2025-08-07T12:17:45+00:00","og_image":[{"width":1024,"height":1024,"url":"https:\/\/naturalpoland.com\/wp-content\/uploads\/rycynooleinian-cynku.webp","type":"image\/webp"}],"schema":{"@context":"https:\/\/schema.org","@graph":[{"@type":"WebPage","@id":"https:\/\/naturalpoland.com\/cs\/produkty\/produkty-pro-kosmeticky-prumysl\/kosmeticke-suroviny\/ricinoleat-zinecnaty\/","url":"https:\/\/naturalpoland.com\/cs\/produkty\/produkty-pro-kosmeticky-prumysl\/kosmeticke-suroviny\/ricinoleat-zinecnaty\/","name":"Ricinole\u00e1t zine\u010dnat\u00fd - Velkoobchodn\u00ed distributor","isPartOf":{"@id":"https:\/\/naturalpoland.com\/cs\/#website"},"primaryImageOfPage":{"@id":"https:\/\/naturalpoland.com\/cs\/produkty\/produkty-pro-kosmeticky-prumysl\/kosmeticke-suroviny\/ricinoleat-zinecnaty\/#primaryimage"},"image":{"@id":"https:\/\/naturalpoland.com\/cs\/produkty\/produkty-pro-kosmeticky-prumysl\/kosmeticke-suroviny\/ricinoleat-zinecnaty\/#primaryimage"},"thumbnailUrl":"https:\/\/naturalpoland.com\/wp-content\/uploads\/rycynooleinian-cynku.webp","datePublished":"2025-07-17T14:36:08+00:00","dateModified":"2025-08-07T12:17:45+00:00","description":"Ricinole\u00e1t zine\u010dnat\u00fd je chemick\u00e1 slou\u010denina vznikaj\u00edc\u00ed z kyseliny ricinoleov\u00e9 (p\u0159irozen\u011b se vyskytuj\u00edc\u00ed v riciniov\u00e9m oleji) a zinku.","breadcrumb":{"@id":"https:\/\/naturalpoland.com\/cs\/produkty\/produkty-pro-kosmeticky-prumysl\/kosmeticke-suroviny\/ricinoleat-zinecnaty\/#breadcrumb"},"inLanguage":"cs","potentialAction":[{"@type":"ReadAction","target":["https:\/\/naturalpoland.com\/cs\/produkty\/produkty-pro-kosmeticky-prumysl\/kosmeticke-suroviny\/ricinoleat-zinecnaty\/"]}]},{"@type":"ImageObject","inLanguage":"cs","@id":"https:\/\/naturalpoland.com\/cs\/produkty\/produkty-pro-kosmeticky-prumysl\/kosmeticke-suroviny\/ricinoleat-zinecnaty\/#primaryimage","url":"https:\/\/naturalpoland.com\/wp-content\/uploads\/rycynooleinian-cynku.webp","contentUrl":"https:\/\/naturalpoland.com\/wp-content\/uploads\/rycynooleinian-cynku.webp","width":1024,"height":1024,"caption":"rycynooleinian cynku"},{"@type":"BreadcrumbList","@id":"https:\/\/naturalpoland.com\/cs\/produkty\/produkty-pro-kosmeticky-prumysl\/kosmeticke-suroviny\/ricinoleat-zinecnaty\/#breadcrumb","itemListElement":[{"@type":"ListItem","position":1,"name":"Dom\u016f","item":"https:\/\/naturalpoland.com\/cs\/"},{"@type":"ListItem","position":2,"name":"Produkty","item":"https:\/\/naturalpoland.com\/cs\/produkty\/"},{"@type":"ListItem","position":3,"name":"Ricinole\u00e1t zine\u010dnat\u00fd"}]},{"@type":"WebSite","@id":"https:\/\/naturalpoland.com\/cs\/#website","url":"https:\/\/naturalpoland.com\/cs\/","name":"NATURAL POLAND - Velkoobchodn\u00ed distributor surovin","description":"Surowce dla przemys\u0142u spo\u017cywczego, kosmetycznego i farmaceutycznego","publisher":{"@id":"https:\/\/naturalpoland.com\/cs\/#organization"},"potentialAction":[{"@type":"SearchAction","target":{"@type":"EntryPoint","urlTemplate":"https:\/\/naturalpoland.com\/cs\/?s={search_term_string}"},"query-input":{"@type":"PropertyValueSpecification","valueRequired":true,"valueName":"search_term_string"}}],"inLanguage":"cs"},{"@type":"Organization","@id":"https:\/\/naturalpoland.com\/cs\/#organization","name":"Natural Poland","url":"https:\/\/naturalpoland.com\/cs\/","logo":{"@type":"ImageObject","inLanguage":"cs","@id":"https:\/\/naturalpoland.com\/cs\/#\/schema\/logo\/image\/","url":"https:\/\/naturalpoland.com\/wp-content\/uploads\/2021\/05\/natural-poland-icon.png","contentUrl":"https:\/\/naturalpoland.com\/wp-content\/uploads\/2021\/05\/natural-poland-icon.png","width":512,"height":512,"caption":"Natural Poland"},"image":{"@id":"https:\/\/naturalpoland.com\/cs\/#\/schema\/logo\/image\/"},"sameAs":["https:\/\/www.facebook.com\/naturalpoland.b2b","https:\/\/pl.linkedin.com\/company\/natural-poland","https:\/\/www.youtube.com\/channel\/UCgeGGkvOMahZo-xu_MSEWxg"]}]}},"_links":{"self":[{"href":"https:\/\/naturalpoland.com\/cs\/wp-json\/wp\/v2\/product\/42554","targetHints":{"allow":["GET"]}}],"collection":[{"href":"https:\/\/naturalpoland.com\/cs\/wp-json\/wp\/v2\/product"}],"about":[{"href":"https:\/\/naturalpoland.com\/cs\/wp-json\/wp\/v2\/types\/product"}],"wp:featuredmedia":[{"embeddable":true,"href":"https:\/\/naturalpoland.com\/cs\/wp-json\/wp\/v2\/media\/42084"}],"wp:attachment":[{"href":"https:\/\/naturalpoland.com\/cs\/wp-json\/wp\/v2\/media?parent=42554"}],"wp:term":[{"taxonomy":"product_brand","embeddable":true,"href":"https:\/\/naturalpoland.com\/cs\/wp-json\/wp\/v2\/product_brand?post=42554"},{"taxonomy":"product_cat","embeddable":true,"href":"https:\/\/naturalpoland.com\/cs\/wp-json\/wp\/v2\/product_cat?post=42554"},{"taxonomy":"product_tag","embeddable":true,"href":"https:\/\/naturalpoland.com\/cs\/wp-json\/wp\/v2\/product_tag?post=42554"}],"curies":[{"name":"wp","href":"https:\/\/api.w.org\/{rel}","templated":true}]}}